{"id":19696,"date":"2025-01-13T15:35:15","date_gmt":"2025-01-13T15:35:15","guid":{"rendered":"https:\/\/aivlisoft.com\/?post_type=product&#038;p=19696"},"modified":"2025-01-14T11:46:40","modified_gmt":"2025-01-14T11:46:40","slug":"tp-link-eap620-hd-wifi-ax1800-dual-poe-techo-omada","status":"publish","type":"product","link":"https:\/\/aivlisoft.net\/shop\/producto\/tp-link-eap620-hd-wifi-ax1800-dual-poe-techo-omada\/","title":{"rendered":"TP-Link EAP620 HD WiFi AX1800 Dual PoE Techo Omada"},"content":{"rendered":"<p>&#8211; <strong>Wi-Fi ultrarr&aacute;pido 6 velocidades<\/strong>: 574 Mbps simult&aacute;neos en 2.4 GHz y 1201 Mbps en 5 GHz sumando velocidades Wi-Fi de 1775 Mbps.<br \/>&#8211; <strong>Conectividad de alta densidad<\/strong>: 4 veces mayor capacidad para conectar m&aacute;s dispositivos simult&aacute;neamente.<br \/>&#8211; <strong>Integrado en Omada SDN<\/strong>: provisionmiento sin intervenci&oacute;n (ZTP), Administraci&oacute;n centralizada en la nube y Monitorizaci&oacute;n inteligente.<br \/>&#8211; <strong>Administraci&oacute;n centralizada<\/strong>: acceso v&iacute;a nube y aplicaci&oacute;n Omada para una comodidad y administraci&oacute;n f&aacute;ciles.<br \/>&#8211; <strong>Roaming sin interrupciones<\/strong>: incluso las transmisiones de video y las llamadas de voz no se ven afectadas a medida que los usuarios se mueven entre ubicaciones.<br \/>&#8211; <strong>Soporte PoE +<\/strong>: admite alimentaci&oacute;n por Ethernet (802.3at) para una implementaci&oacute;n e instalaci&oacute;n conveniente.<br \/>&#8211; <strong>Red de invitados segura<\/strong>: junto con m&uacute;ltiples opciones de autenticaci&oacute;n (SMS \/ Facebook Wi-Fi \/ Voucher, etc.) y abundantes tecnolog&iacute;as de seguridad inal&aacute;mbrica.<br \/>&nbsp;<\/p>\n<table class=\"tabla_caracteristicas k-table\" width=\"100%\">\n<tr>\n<td valign=\"top\"><strong>Marca<\/strong><\/td>\n<td>TP-Link<\/td>\n<\/tr>\n<tr>\n<td valign=\"top\"><strong>Modelo<\/strong><\/td>\n<td valign=\"top\"><strong>EAP620 HD<\/strong><\/td>\n<\/tr>\n<tr>\n<td valign=\"top\"><strong>Caracter&iacute;sticas de hardware<\/strong><\/td>\n<td>&#8211; Interfaz: 1 x Gigabit Ethernet (RJ-45) (soporta IEEE802.3at PoE)<br \/>\t\t\t&#8211; Botones: Reset<br \/>\t\t\t&#8211; Fuente de Alimentaci&oacute;n:<br \/>\t\t\t&nbsp; 802.3at PoE<br \/>\t\t\t&nbsp; 12 V DC<br \/>\t\t\t&#8211; Consumo de Potencia:<br \/>\t\t\t&nbsp; EU: 12 W<br \/>\t\t\t&nbsp; US: 13.5 W<br \/>\t\t\t&#8211; Dimensiones: 243 &times; 243 &times; 64 mm (9.6 &times; 9.6 &times; 2.5 in)<br \/>\t\t\t&#8211; Tipo de Antena:<br \/>\t\t\t&nbsp; Interna Omni<br \/>\t\t\t&nbsp; 2.4 GHz: 2 &times; 4 dBi<br \/>\t\t\t&nbsp; 5 GHz: 2 &times; 5 dBi<br \/>\t\t\t&#8211; Montaje: Montaje en techo \/ pared (kits incluidos)<\/td>\n<\/tr>\n<tr>\n<td valign=\"top\"><strong>Caracter&iacute;sticas inal&aacute;mbricas<\/strong><\/td>\n<td>&#8211; Est&aacute;ndares Inal&aacute;mbricos: IEEE 802.11ac\/n\/g\/b\/a<br \/>\t\t\t&#8211; Frecuencia: 2.4GHz y 5GHz<br \/>\t\t\t&#8211; Tasa de Se&ntilde;al:<br \/>\t\t\t&nbsp; 5GHz:Hasta 1300Mbps<br \/>\t\t\t&nbsp; 2.4GHz:Hasta 450Mbps<br \/>\t\t\t&#8211; Funciones Inal&aacute;mbricas:<br \/>\t\t\t&nbsp; 1024-QAM<br \/>\t\t\t&nbsp; 4 &times; s&iacute;mbolo OFDM m&aacute;s largo<br \/>\t\t\t&nbsp; OFDMA<br \/>\t\t\t&nbsp; M&uacute;ltiples SSID (hasta 16 SSID, 8 para cada banda)<br \/>\t\t\t&nbsp; Activar \/ Desactivar radio inal&aacute;mbrica<br \/>\t\t\t&nbsp; Asignaci&oacute;n autom&aacute;tica de canales<br \/>\t\t\t&nbsp; Control de potencia de transmisi&oacute;n (ajuste la potencia de transmisi&oacute;n en dBm)<br \/>\t\t\t&nbsp; QoS (WMM)<br \/>\t\t\t&nbsp; MU-MIMO<br \/>\t\t\t&nbsp; Roaming continuo<br \/>\t\t\t&nbsp; Direcci&oacute;n de banda<br \/>\t\t\t&nbsp; Equilibrio de carga<br \/>\t\t\t&nbsp; Equidad de tiempo aire<br \/>\t\t\t&nbsp; Beamforming<br \/>\t\t\t&nbsp; L&iacute;mite de tarifa<br \/>\t\t\t&nbsp; Programa de reinicio<br \/>\t\t\t&nbsp; Horario inal&aacute;mbrico<br \/>\t\t\t&nbsp; Estad&iacute;sticas inal&aacute;mbricas basadas en SSID \/ AP \/ Cliente<br \/>\t\t\t&#8211; Seguridad Inal&aacute;mbrica:<br \/>\t\t\t&nbsp; Autenticaci&oacute;n de portal cautivo<br \/>\t\t\t&nbsp; Control de acceso<br \/>\t\t\t&nbsp; Filtrado de Direcciones MAC Inal&aacute;mbricas<br \/>\t\t\t&nbsp; Aislamiento inal&aacute;mbrico entre clientes<br \/>\t\t\t&nbsp; Asignaci&oacute;n de SSID a VLAN<br \/>\t\t\t&nbsp; Detecci&oacute;n Rogue AP<br \/>\t\t\t&nbsp; Soporte 802.1X<br \/>\t\t\t&nbsp; WEP, WPA-Personal \/ Enterprise, WPA2-Personal \/ Enterprise, WPA3-Personal \/ Enterprise<br \/>\t\t\t&#8211; Potencia de Transmisi&oacute;n:<br \/>\t\t\t&nbsp; CE:<br \/>\t\t\t&nbsp;&nbsp;&nbsp; &lt;20 dBm(2.4 GHz, EIRP)<br \/>\t\t\t&nbsp;&nbsp;&nbsp; &lt;23 dBm(5 GHz, EIRP)<br \/>\t\t\t&nbsp; FCC:<br \/>\t\t\t&nbsp;&nbsp;&nbsp; &lt;25 dBm (2.4 GHz)<br \/>\t\t\t&nbsp;&nbsp;&nbsp; &lt;25 dBm (5 GHz)<\/td>\n<\/tr>\n<tr>\n<td valign=\"top\"><strong>Gesti&oacute;n<\/strong><\/td>\n<td>&#8211; Omada App: Si<br \/>\t\t\t&#8211; Gesti&oacute;n centralizada:<br \/>\t\t\t&nbsp; Omada Cloud-Based Controller<br \/>\t\t\t&nbsp; Omada Hardware Controller (OC300)<br \/>\t\t\t&nbsp; Omada Hardware Controller (OC200)<br \/>\t\t\t&nbsp; Omada Software Controller<br \/>\t\t\t&#8211; Cloud Access: S&iacute; (a trav&eacute;s de Omada Software Controller o OC200)<br \/>\t\t\t&#8211; Alertas por Correo Electr&oacute;nico: Si<br \/>\t\t\t&#8211; LED de control ON \/ OFF: Si<br \/>\t\t\t&#8211; Control de Gesti&oacute;n de Acceso MAC: Si<br \/>\t\t\t&#8211; SNMP: v1, v2c, v3<br \/>\t\t\t&#8211; Acceso al Registro de Sistema Local\/ Registro del Sistema Remoto: Syslog local \/ remoto<br \/>\t\t\t&#8211; SSH: Si<br \/>\t\t\t&#8211; Gesti&oacute;n basada en Web: HTTP\/HTTPS<br \/>\t\t\t&#8211; Gesti&oacute;n L3: Si<br \/>\t\t\t&#8211; Gesti&oacute;n Multi-sitio: Si<br \/>\t\t\t&#8211; VLAN de Gesti&oacute;n: Si<\/td>\n<\/tr>\n<tr>\n<td valign=\"top\"><strong>Contenido<\/strong><\/td>\n<td>&#8211; EAP620 HD<br \/>\t\t\t&#8211; Adaptador de corriente<br \/>\t\t\t&#8211; Kits de montaje en techo \/ pared<br \/>\t\t\t&#8211; Gu&iacute;a de instalaci&oacute;n<\/td>\n<\/tr>\n<tr>\n<td valign=\"top\"><strong>Fecha de revisi&oacute;n<\/strong><\/td>\n<td>04-02-2021 por MSB<\/td>\n<\/tr>\n<\/table>\n","protected":false},"excerpt":{"rendered":"<p>&#8211; Wi-Fi ultrarr&aacute;pido 6 velocidades: 574 Mbps simult&aacute;neos en 2.4 GHz y 1201 Mbps en 5 GHz sumando velocidades Wi-Fi de 1775 Mbps.&#8211; Conectividad de alta densidad: 4 veces mayor capacidad para conectar m&aacute;s dispositivos simult&aacute;neamente.&#8211; Integrado en Omada SDN: provisionmiento sin intervenci&oacute;n (ZTP), Administraci&oacute;n centralizada en la nube y Monitorizaci&oacute;n inteligente.&#8211; Administraci&oacute;n centralizada: acceso&hellip;&nbsp;<a href=\"https:\/\/aivlisoft.net\/shop\/producto\/tp-link-eap620-hd-wifi-ax1800-dual-poe-techo-omada\/\" rel=\"bookmark\"><span class=\"screen-reader-text\">TP-Link EAP620 HD WiFi AX1800 Dual PoE Techo Omada<\/span><\/a><\/p>\n","protected":false},"featured_media":19697,"template":"","meta":{"neve_meta_sidebar":"","neve_meta_container":"","neve_meta_enable_content_width":"","neve_meta_content_width":0,"neve_meta_title_alignment":"","neve_meta_author_avatar":"","neve_post_elements_order":"","neve_meta_disable_header":"","neve_meta_disable_footer":"","neve_meta_disable_title":""},"product_brand":[],"product_cat":[8770],"product_tag":[7097],"class_list":{"0":"post-19696","1":"product","2":"type-product","3":"status-publish","4":"has-post-thumbnail","6":"product_cat-puntos-de-acceso","7":"product_tag-eap620-hd","9":"first","10":"instock","11":"taxable","12":"shipping-taxable","13":"purchasable","14":"product-type-simple"},"yoast_head":"<!-- This site is optimized with the Yoast SEO plugin v26.0 - https:\/\/yoast.com\/wordpress\/plugins\/seo\/ -->\n<title>TP-Link EAP620 HD WiFi AX1800 Dual PoE Techo Omada - Aivlisoft Inform\u00e1tica<\/title>\n<meta name=\"robots\" content=\"index, follow, max-snippet:-1, max-image-preview:large, max-video-preview:-1\" \/>\n<link rel=\"canonical\" href=\"https:\/\/aivlisoft.net\/shop\/producto\/tp-link-eap620-hd-wifi-ax1800-dual-poe-techo-omada\/\" \/>\n<meta property=\"og:locale\" content=\"es_ES\" \/>\n<meta property=\"og:type\" content=\"article\" \/>\n<meta property=\"og:title\" content=\"TP-Link EAP620 HD WiFi AX1800 Dual PoE Techo Omada - Aivlisoft Inform\u00e1tica\" \/>\n<meta property=\"og:description\" content=\"&#8211; Wi-Fi ultrarr&aacute;pido 6 velocidades: 574 Mbps simult&aacute;neos en 2.4 GHz y 1201 Mbps en 5 GHz sumando velocidades Wi-Fi de 1775 Mbps.&#8211; Conectividad de alta densidad: 4 veces mayor capacidad para conectar m&aacute;s dispositivos simult&aacute;neamente.&#8211; Integrado en Omada SDN: provisionmiento sin intervenci&oacute;n (ZTP), Administraci&oacute;n centralizada en la nube y Monitorizaci&oacute;n inteligente.&#8211; Administraci&oacute;n centralizada: acceso&hellip;&nbsp;TP-Link EAP620 HD WiFi AX1800 Dual PoE Techo Omada\" \/>\n<meta property=\"og:url\" content=\"https:\/\/aivlisoft.net\/shop\/producto\/tp-link-eap620-hd-wifi-ax1800-dual-poe-techo-omada\/\" \/>\n<meta property=\"og:site_name\" content=\"Aivlisoft Inform\u00e1tica\" \/>\n<meta property=\"article:modified_time\" content=\"2025-01-14T11:46:40+00:00\" \/>\n<meta property=\"og:image\" content=\"https:\/\/aivlisoft.net\/shop\/wp-content\/uploads\/2025\/01\/NSWPAC0448_800.jpg\" \/>\n\t<meta property=\"og:image:width\" content=\"800\" \/>\n\t<meta property=\"og:image:height\" content=\"800\" \/>\n\t<meta property=\"og:image:type\" content=\"image\/jpeg\" \/>\n<meta name=\"twitter:card\" content=\"summary_large_image\" \/>\n<meta name=\"twitter:label1\" content=\"Tiempo de lectura\" \/>\n\t<meta name=\"twitter:data1\" content=\"3 minutos\" \/>\n<script type=\"application\/ld+json\" class=\"yoast-schema-graph\">{\"@context\":\"https:\/\/schema.org\",\"@graph\":[{\"@type\":\"WebPage\",\"@id\":\"https:\/\/aivlisoft.net\/shop\/producto\/tp-link-eap620-hd-wifi-ax1800-dual-poe-techo-omada\/\",\"url\":\"https:\/\/aivlisoft.net\/shop\/producto\/tp-link-eap620-hd-wifi-ax1800-dual-poe-techo-omada\/\",\"name\":\"TP-Link EAP620 HD WiFi AX1800 Dual PoE Techo Omada - Aivlisoft Inform\u00e1tica\",\"isPartOf\":{\"@id\":\"https:\/\/aivlisoft.net\/shop\/#website\"},\"primaryImageOfPage\":{\"@id\":\"https:\/\/aivlisoft.net\/shop\/producto\/tp-link-eap620-hd-wifi-ax1800-dual-poe-techo-omada\/#primaryimage\"},\"image\":{\"@id\":\"https:\/\/aivlisoft.net\/shop\/producto\/tp-link-eap620-hd-wifi-ax1800-dual-poe-techo-omada\/#primaryimage\"},\"thumbnailUrl\":\"https:\/\/aivlisoft.net\/shop\/wp-content\/uploads\/2025\/01\/NSWPAC0448_800.jpg\",\"datePublished\":\"2025-01-13T15:35:15+00:00\",\"dateModified\":\"2025-01-14T11:46:40+00:00\",\"breadcrumb\":{\"@id\":\"https:\/\/aivlisoft.net\/shop\/producto\/tp-link-eap620-hd-wifi-ax1800-dual-poe-techo-omada\/#breadcrumb\"},\"inLanguage\":\"es\",\"potentialAction\":[{\"@type\":\"ReadAction\",\"target\":[\"https:\/\/aivlisoft.net\/shop\/producto\/tp-link-eap620-hd-wifi-ax1800-dual-poe-techo-omada\/\"]}]},{\"@type\":\"ImageObject\",\"inLanguage\":\"es\",\"@id\":\"https:\/\/aivlisoft.net\/shop\/producto\/tp-link-eap620-hd-wifi-ax1800-dual-poe-techo-omada\/#primaryimage\",\"url\":\"https:\/\/aivlisoft.net\/shop\/wp-content\/uploads\/2025\/01\/NSWPAC0448_800.jpg\",\"contentUrl\":\"https:\/\/aivlisoft.net\/shop\/wp-content\/uploads\/2025\/01\/NSWPAC0448_800.jpg\",\"width\":800,\"height\":800},{\"@type\":\"BreadcrumbList\",\"@id\":\"https:\/\/aivlisoft.net\/shop\/producto\/tp-link-eap620-hd-wifi-ax1800-dual-poe-techo-omada\/#breadcrumb\",\"itemListElement\":[{\"@type\":\"ListItem\",\"position\":1,\"name\":\"Portada\",\"item\":\"https:\/\/aivlisoft.net\/shop\/\"},{\"@type\":\"ListItem\",\"position\":2,\"name\":\"Tienda\",\"item\":\"https:\/\/aivlisoft.net\/shop\/tienda\/\"},{\"@type\":\"ListItem\",\"position\":3,\"name\":\"TP-Link EAP620 HD WiFi AX1800 Dual PoE Techo Omada\"}]},{\"@type\":\"WebSite\",\"@id\":\"https:\/\/aivlisoft.net\/shop\/#website\",\"url\":\"https:\/\/aivlisoft.net\/shop\/\",\"name\":\"Aivlisoft Inform\u00e1tica\",\"description\":\"En Aivlisoft Inform\u00e1tica ofrecemos soluciones tecnol\u00f3gicas para empresas: venta de ordenadores, consumibles, perif\u00e9ricos y m\u00e1s. Calidad, atenci\u00f3n personalizada y los mejores precios para tu negocio.\",\"publisher\":{\"@id\":\"https:\/\/aivlisoft.net\/shop\/#organization\"},\"potentialAction\":[{\"@type\":\"SearchAction\",\"target\":{\"@type\":\"EntryPoint\",\"urlTemplate\":\"https:\/\/aivlisoft.net\/shop\/?s={search_term_string}\"},\"query-input\":{\"@type\":\"PropertyValueSpecification\",\"valueRequired\":true,\"valueName\":\"search_term_string\"}}],\"inLanguage\":\"es\"},{\"@type\":\"Organization\",\"@id\":\"https:\/\/aivlisoft.net\/shop\/#organization\",\"name\":\"Aivlisoft Inform\u00e1tica\",\"url\":\"https:\/\/aivlisoft.net\/shop\/\",\"logo\":{\"@type\":\"ImageObject\",\"inLanguage\":\"es\",\"@id\":\"https:\/\/aivlisoft.net\/shop\/#\/schema\/logo\/image\/\",\"url\":\"https:\/\/aivlisoft.net\/shop\/wp-content\/uploads\/2024\/12\/removal.ai_5b848c54-0cdf-4140-95c5-c5536bb7573b-logodef.png\",\"contentUrl\":\"https:\/\/aivlisoft.net\/shop\/wp-content\/uploads\/2024\/12\/removal.ai_5b848c54-0cdf-4140-95c5-c5536bb7573b-logodef.png\",\"width\":484,\"height\":182,\"caption\":\"Aivlisoft Inform\u00e1tica\"},\"image\":{\"@id\":\"https:\/\/aivlisoft.net\/shop\/#\/schema\/logo\/image\/\"}}]}<\/script>\n<!-- \/ Yoast SEO plugin. -->","yoast_head_json":{"title":"TP-Link EAP620 HD WiFi AX1800 Dual PoE Techo Omada - Aivlisoft Inform\u00e1tica","robots":{"index":"index","follow":"follow","max-snippet":"max-snippet:-1","max-image-preview":"max-image-preview:large","max-video-preview":"max-video-preview:-1"},"canonical":"https:\/\/aivlisoft.net\/shop\/producto\/tp-link-eap620-hd-wifi-ax1800-dual-poe-techo-omada\/","og_locale":"es_ES","og_type":"article","og_title":"TP-Link EAP620 HD WiFi AX1800 Dual PoE Techo Omada - Aivlisoft Inform\u00e1tica","og_description":"&#8211; Wi-Fi ultrarr&aacute;pido 6 velocidades: 574 Mbps simult&aacute;neos en 2.4 GHz y 1201 Mbps en 5 GHz sumando velocidades Wi-Fi de 1775 Mbps.&#8211; Conectividad de alta densidad: 4 veces mayor capacidad para conectar m&aacute;s dispositivos simult&aacute;neamente.&#8211; Integrado en Omada SDN: provisionmiento sin intervenci&oacute;n (ZTP), Administraci&oacute;n centralizada en la nube y Monitorizaci&oacute;n inteligente.&#8211; Administraci&oacute;n centralizada: acceso&hellip;&nbsp;TP-Link EAP620 HD WiFi AX1800 Dual PoE Techo Omada","og_url":"https:\/\/aivlisoft.net\/shop\/producto\/tp-link-eap620-hd-wifi-ax1800-dual-poe-techo-omada\/","og_site_name":"Aivlisoft Inform\u00e1tica","article_modified_time":"2025-01-14T11:46:40+00:00","og_image":[{"width":800,"height":800,"url":"https:\/\/aivlisoft.net\/shop\/wp-content\/uploads\/2025\/01\/NSWPAC0448_800.jpg","type":"image\/jpeg"}],"twitter_card":"summary_large_image","twitter_misc":{"Tiempo de lectura":"3 minutos"},"schema":{"@context":"https:\/\/schema.org","@graph":[{"@type":"WebPage","@id":"https:\/\/aivlisoft.net\/shop\/producto\/tp-link-eap620-hd-wifi-ax1800-dual-poe-techo-omada\/","url":"https:\/\/aivlisoft.net\/shop\/producto\/tp-link-eap620-hd-wifi-ax1800-dual-poe-techo-omada\/","name":"TP-Link EAP620 HD WiFi AX1800 Dual PoE Techo Omada - Aivlisoft Inform\u00e1tica","isPartOf":{"@id":"https:\/\/aivlisoft.net\/shop\/#website"},"primaryImageOfPage":{"@id":"https:\/\/aivlisoft.net\/shop\/producto\/tp-link-eap620-hd-wifi-ax1800-dual-poe-techo-omada\/#primaryimage"},"image":{"@id":"https:\/\/aivlisoft.net\/shop\/producto\/tp-link-eap620-hd-wifi-ax1800-dual-poe-techo-omada\/#primaryimage"},"thumbnailUrl":"https:\/\/aivlisoft.net\/shop\/wp-content\/uploads\/2025\/01\/NSWPAC0448_800.jpg","datePublished":"2025-01-13T15:35:15+00:00","dateModified":"2025-01-14T11:46:40+00:00","breadcrumb":{"@id":"https:\/\/aivlisoft.net\/shop\/producto\/tp-link-eap620-hd-wifi-ax1800-dual-poe-techo-omada\/#breadcrumb"},"inLanguage":"es","potentialAction":[{"@type":"ReadAction","target":["https:\/\/aivlisoft.net\/shop\/producto\/tp-link-eap620-hd-wifi-ax1800-dual-poe-techo-omada\/"]}]},{"@type":"ImageObject","inLanguage":"es","@id":"https:\/\/aivlisoft.net\/shop\/producto\/tp-link-eap620-hd-wifi-ax1800-dual-poe-techo-omada\/#primaryimage","url":"https:\/\/aivlisoft.net\/shop\/wp-content\/uploads\/2025\/01\/NSWPAC0448_800.jpg","contentUrl":"https:\/\/aivlisoft.net\/shop\/wp-content\/uploads\/2025\/01\/NSWPAC0448_800.jpg","width":800,"height":800},{"@type":"BreadcrumbList","@id":"https:\/\/aivlisoft.net\/shop\/producto\/tp-link-eap620-hd-wifi-ax1800-dual-poe-techo-omada\/#breadcrumb","itemListElement":[{"@type":"ListItem","position":1,"name":"Portada","item":"https:\/\/aivlisoft.net\/shop\/"},{"@type":"ListItem","position":2,"name":"Tienda","item":"https:\/\/aivlisoft.net\/shop\/tienda\/"},{"@type":"ListItem","position":3,"name":"TP-Link EAP620 HD WiFi AX1800 Dual PoE Techo Omada"}]},{"@type":"WebSite","@id":"https:\/\/aivlisoft.net\/shop\/#website","url":"https:\/\/aivlisoft.net\/shop\/","name":"Aivlisoft Inform\u00e1tica","description":"En Aivlisoft Inform\u00e1tica ofrecemos soluciones tecnol\u00f3gicas para empresas: venta de ordenadores, consumibles, perif\u00e9ricos y m\u00e1s. Calidad, atenci\u00f3n personalizada y los mejores precios para tu negocio.","publisher":{"@id":"https:\/\/aivlisoft.net\/shop\/#organization"},"potentialAction":[{"@type":"SearchAction","target":{"@type":"EntryPoint","urlTemplate":"https:\/\/aivlisoft.net\/shop\/?s={search_term_string}"},"query-input":{"@type":"PropertyValueSpecification","valueRequired":true,"valueName":"search_term_string"}}],"inLanguage":"es"},{"@type":"Organization","@id":"https:\/\/aivlisoft.net\/shop\/#organization","name":"Aivlisoft Inform\u00e1tica","url":"https:\/\/aivlisoft.net\/shop\/","logo":{"@type":"ImageObject","inLanguage":"es","@id":"https:\/\/aivlisoft.net\/shop\/#\/schema\/logo\/image\/","url":"https:\/\/aivlisoft.net\/shop\/wp-content\/uploads\/2024\/12\/removal.ai_5b848c54-0cdf-4140-95c5-c5536bb7573b-logodef.png","contentUrl":"https:\/\/aivlisoft.net\/shop\/wp-content\/uploads\/2024\/12\/removal.ai_5b848c54-0cdf-4140-95c5-c5536bb7573b-logodef.png","width":484,"height":182,"caption":"Aivlisoft Inform\u00e1tica"},"image":{"@id":"https:\/\/aivlisoft.net\/shop\/#\/schema\/logo\/image\/"}}]}},"_links":{"self":[{"href":"https:\/\/aivlisoft.net\/shop\/wp-json\/wp\/v2\/product\/19696","targetHints":{"allow":["GET"]}}],"collection":[{"href":"https:\/\/aivlisoft.net\/shop\/wp-json\/wp\/v2\/product"}],"about":[{"href":"https:\/\/aivlisoft.net\/shop\/wp-json\/wp\/v2\/types\/product"}],"wp:featuredmedia":[{"embeddable":true,"href":"https:\/\/aivlisoft.net\/shop\/wp-json\/wp\/v2\/media\/19697"}],"wp:attachment":[{"href":"https:\/\/aivlisoft.net\/shop\/wp-json\/wp\/v2\/media?parent=19696"}],"wp:term":[{"taxonomy":"product_brand","embeddable":true,"href":"https:\/\/aivlisoft.net\/shop\/wp-json\/wp\/v2\/product_brand?post=19696"},{"taxonomy":"product_cat","embeddable":true,"href":"https:\/\/aivlisoft.net\/shop\/wp-json\/wp\/v2\/product_cat?post=19696"},{"taxonomy":"product_tag","embeddable":true,"href":"https:\/\/aivlisoft.net\/shop\/wp-json\/wp\/v2\/product_tag?post=19696"}],"curies":[{"name":"wp","href":"https:\/\/api.w.org\/{rel}","templated":true}]}}