{"id":19688,"date":"2025-01-13T15:35:12","date_gmt":"2025-01-13T15:35:12","guid":{"rendered":"https:\/\/aivlisoft.com\/?post_type=product&#038;p=19688"},"modified":"2025-01-14T11:46:39","modified_gmt":"2025-01-14T11:46:39","slug":"d-link-dba-3620p-ap-wifi-ac1300-out-cloud-lic-1a","status":"publish","type":"product","link":"https:\/\/aivlisoft.net\/shop\/producto\/d-link-dba-3620p-ap-wifi-ac1300-out-cloud-lic-1a\/","title":{"rendered":"D-Link DBA-3620P AP WiFi AC1300 Out Cloud (lic 1a)"},"content":{"rendered":"<p>&nbsp;<\/p>\n<table class=\"tabla_caracteristicas k-table\" width=\"100%\">\n<tbody>\n<tr>\n<td valign=\"top\"><strong>Marca<\/strong><\/td>\n<td>D-Link<\/td>\n<\/tr>\n<tr>\n<td valign=\"top\"><strong>Modelo<\/strong><\/td>\n<td valign=\"top\"><strong>DBA-3620P<\/strong><\/td>\n<\/tr>\n<tr>\n<td valign=\"top\"><strong>Caracter&iacute;sticas<\/strong><\/td>\n<td><strong>General<br \/><\/strong>&#8211; Interfaces de dispositivos<br \/>&nbsp; 1 x 10\/100\/1000 Mbps Ethernet port<br \/>&nbsp; 1 x RJ45 Console port<br \/>&nbsp; IEEE 802.11a\/b\/g\/n\/ac Wave 2 wireless<br \/>&#8211; Normas<br \/>&nbsp; IEEE 802.11a\/b\/n\/g\/ac Wave 2<br \/>&nbsp; IEEE 802.3az Energy-Efficient Ethernet (EEE)<br \/>&nbsp; IEEE 802.3af Power over Ethernet (PoE)<br \/>&nbsp; IEEE 802.3i\/u\/ab<br \/>&nbsp; IEEE 802.3x Flow Contro<br \/>&#8211; Antenas<br \/>&nbsp; Built-in internal omnidirectional antenna&raquo; 2.4 GHz: 3.5 dBi&raquo; 5 GHz: 5 dBi<br \/>&nbsp; 2 x R-SMA connectors for external antennas<br \/>&#8211; Tasa de se&ntilde;al de datos<br \/>&nbsp; 2.4 GHz: Hasta 400 Mbps<br \/>&nbsp; 5 GHz: Hasta 867 Mbps<strong><br \/>Funcionalidad<\/strong><br \/>&#8211; Security <br \/>&nbsp; Lastest 128\/192-bit Personal\/Enterprise wireless encryption<br \/>&nbsp; MAC address filtering <br \/>&nbsp; SSID isolation<br \/>&nbsp; Guest isolation<br \/>&nbsp; Captive portal<br \/>&nbsp; Station isolation<br \/>&nbsp; SAE<br \/>&nbsp; AES<br \/><strong>Caracter&iacute;sticas f&iacute;sicas<br \/><\/strong>&#8211; Dimensiones<br \/>&nbsp; 291.9 x 115 x 65.5 mm<br \/>&#8211; Peso<br \/>&nbsp; 0.822 kg sin soporte<br \/>&nbsp; 0.853 kg con soporte<br \/>&#8211; Tensi&oacute;n de funcionamiento<br \/>&nbsp;&nbsp; PoE: 13.5 W<br \/>&#8211; MTBF<br \/>&nbsp; 1.142.136 horas<br \/>&#8211; Certificaciones<br \/>&nbsp; CE Class B<br \/>&nbsp; FCC Class B<br \/>&nbsp; U<br \/>&nbsp; IC Class B<strong><\/strong><\/td>\n<\/tr>\n<tr>\n<td valign=\"top\"><strong>Fecha de revisi&oacute;n<\/strong><\/td>\n<td>10-11-2020 por MPM<\/td>\n<\/tr>\n<\/tbody>\n<\/table>\n","protected":false},"excerpt":{"rendered":"<p>&nbsp; Marca D-Link Modelo DBA-3620P Caracter&iacute;sticas General&#8211; Interfaces de dispositivos&nbsp; 1 x 10\/100\/1000 Mbps Ethernet port&nbsp; 1 x RJ45 Console port&nbsp; IEEE 802.11a\/b\/g\/n\/ac Wave 2 wireless&#8211; Normas&nbsp; IEEE 802.11a\/b\/n\/g\/ac Wave 2&nbsp; IEEE 802.3az Energy-Efficient Ethernet (EEE)&nbsp; IEEE 802.3af Power over Ethernet (PoE)&nbsp; IEEE 802.3i\/u\/ab&nbsp; IEEE 802.3x Flow Contro&#8211; Antenas&nbsp; Built-in internal omnidirectional antenna&raquo; 2.4 GHz:&hellip;&nbsp;<a href=\"https:\/\/aivlisoft.net\/shop\/producto\/d-link-dba-3620p-ap-wifi-ac1300-out-cloud-lic-1a\/\" rel=\"bookmark\"><span class=\"screen-reader-text\">D-Link DBA-3620P AP WiFi AC1300 Out Cloud (lic 1a)<\/span><\/a><\/p>\n","protected":false},"featured_media":19689,"template":"","meta":{"neve_meta_sidebar":"","neve_meta_container":"","neve_meta_enable_content_width":"","neve_meta_content_width":0,"neve_meta_title_alignment":"","neve_meta_author_avatar":"","neve_post_elements_order":"","neve_meta_disable_header":"","neve_meta_disable_footer":"","neve_meta_disable_title":""},"product_brand":[],"product_cat":[8770],"product_tag":[7095],"class_list":{"0":"post-19688","1":"product","2":"type-product","3":"status-publish","4":"has-post-thumbnail","6":"product_cat-puntos-de-acceso","7":"product_tag-dba-3620p","9":"first","10":"instock","11":"taxable","12":"shipping-taxable","13":"purchasable","14":"product-type-simple"},"yoast_head":"<!-- This site is optimized with the Yoast SEO plugin v26.0 - https:\/\/yoast.com\/wordpress\/plugins\/seo\/ -->\n<title>D-Link DBA-3620P AP WiFi AC1300 Out Cloud (lic 1a) - Aivlisoft Inform\u00e1tica<\/title>\n<meta name=\"robots\" content=\"index, follow, max-snippet:-1, max-image-preview:large, max-video-preview:-1\" \/>\n<link rel=\"canonical\" href=\"https:\/\/aivlisoft.net\/shop\/producto\/d-link-dba-3620p-ap-wifi-ac1300-out-cloud-lic-1a\/\" \/>\n<meta property=\"og:locale\" content=\"es_ES\" \/>\n<meta property=\"og:type\" content=\"article\" \/>\n<meta property=\"og:title\" content=\"D-Link DBA-3620P AP WiFi AC1300 Out Cloud (lic 1a) - Aivlisoft Inform\u00e1tica\" \/>\n<meta property=\"og:description\" content=\"&nbsp; Marca D-Link Modelo DBA-3620P Caracter&iacute;sticas General&#8211; Interfaces de dispositivos&nbsp; 1 x 10\/100\/1000 Mbps Ethernet port&nbsp; 1 x RJ45 Console port&nbsp; IEEE 802.11a\/b\/g\/n\/ac Wave 2 wireless&#8211; Normas&nbsp; IEEE 802.11a\/b\/n\/g\/ac Wave 2&nbsp; IEEE 802.3az Energy-Efficient Ethernet (EEE)&nbsp; IEEE 802.3af Power over Ethernet (PoE)&nbsp; IEEE 802.3i\/u\/ab&nbsp; IEEE 802.3x Flow Contro&#8211; Antenas&nbsp; Built-in internal omnidirectional antenna&raquo; 2.4 GHz:&hellip;&nbsp;D-Link DBA-3620P AP WiFi AC1300 Out Cloud (lic 1a)\" \/>\n<meta property=\"og:url\" content=\"https:\/\/aivlisoft.net\/shop\/producto\/d-link-dba-3620p-ap-wifi-ac1300-out-cloud-lic-1a\/\" \/>\n<meta property=\"og:site_name\" content=\"Aivlisoft Inform\u00e1tica\" \/>\n<meta property=\"article:modified_time\" content=\"2025-01-14T11:46:39+00:00\" \/>\n<meta property=\"og:image\" content=\"https:\/\/aivlisoft.net\/shop\/wp-content\/uploads\/2025\/01\/NSWPAC0440_800.jpg\" \/>\n\t<meta property=\"og:image:width\" content=\"800\" \/>\n\t<meta property=\"og:image:height\" content=\"800\" \/>\n\t<meta property=\"og:image:type\" content=\"image\/jpeg\" \/>\n<meta name=\"twitter:card\" content=\"summary_large_image\" \/>\n<meta name=\"twitter:label1\" content=\"Tiempo de lectura\" \/>\n\t<meta name=\"twitter:data1\" content=\"1 minuto\" \/>\n<script type=\"application\/ld+json\" class=\"yoast-schema-graph\">{\"@context\":\"https:\/\/schema.org\",\"@graph\":[{\"@type\":\"WebPage\",\"@id\":\"https:\/\/aivlisoft.net\/shop\/producto\/d-link-dba-3620p-ap-wifi-ac1300-out-cloud-lic-1a\/\",\"url\":\"https:\/\/aivlisoft.net\/shop\/producto\/d-link-dba-3620p-ap-wifi-ac1300-out-cloud-lic-1a\/\",\"name\":\"D-Link DBA-3620P AP WiFi AC1300 Out Cloud (lic 1a) - Aivlisoft Inform\u00e1tica\",\"isPartOf\":{\"@id\":\"https:\/\/aivlisoft.net\/shop\/#website\"},\"primaryImageOfPage\":{\"@id\":\"https:\/\/aivlisoft.net\/shop\/producto\/d-link-dba-3620p-ap-wifi-ac1300-out-cloud-lic-1a\/#primaryimage\"},\"image\":{\"@id\":\"https:\/\/aivlisoft.net\/shop\/producto\/d-link-dba-3620p-ap-wifi-ac1300-out-cloud-lic-1a\/#primaryimage\"},\"thumbnailUrl\":\"https:\/\/aivlisoft.net\/shop\/wp-content\/uploads\/2025\/01\/NSWPAC0440_800.jpg\",\"datePublished\":\"2025-01-13T15:35:12+00:00\",\"dateModified\":\"2025-01-14T11:46:39+00:00\",\"breadcrumb\":{\"@id\":\"https:\/\/aivlisoft.net\/shop\/producto\/d-link-dba-3620p-ap-wifi-ac1300-out-cloud-lic-1a\/#breadcrumb\"},\"inLanguage\":\"es\",\"potentialAction\":[{\"@type\":\"ReadAction\",\"target\":[\"https:\/\/aivlisoft.net\/shop\/producto\/d-link-dba-3620p-ap-wifi-ac1300-out-cloud-lic-1a\/\"]}]},{\"@type\":\"ImageObject\",\"inLanguage\":\"es\",\"@id\":\"https:\/\/aivlisoft.net\/shop\/producto\/d-link-dba-3620p-ap-wifi-ac1300-out-cloud-lic-1a\/#primaryimage\",\"url\":\"https:\/\/aivlisoft.net\/shop\/wp-content\/uploads\/2025\/01\/NSWPAC0440_800.jpg\",\"contentUrl\":\"https:\/\/aivlisoft.net\/shop\/wp-content\/uploads\/2025\/01\/NSWPAC0440_800.jpg\",\"width\":800,\"height\":800},{\"@type\":\"BreadcrumbList\",\"@id\":\"https:\/\/aivlisoft.net\/shop\/producto\/d-link-dba-3620p-ap-wifi-ac1300-out-cloud-lic-1a\/#breadcrumb\",\"itemListElement\":[{\"@type\":\"ListItem\",\"position\":1,\"name\":\"Portada\",\"item\":\"https:\/\/aivlisoft.net\/shop\/\"},{\"@type\":\"ListItem\",\"position\":2,\"name\":\"Tienda\",\"item\":\"https:\/\/aivlisoft.net\/shop\/tienda\/\"},{\"@type\":\"ListItem\",\"position\":3,\"name\":\"D-Link DBA-3620P AP WiFi AC1300 Out Cloud (lic 1a)\"}]},{\"@type\":\"WebSite\",\"@id\":\"https:\/\/aivlisoft.net\/shop\/#website\",\"url\":\"https:\/\/aivlisoft.net\/shop\/\",\"name\":\"Aivlisoft Inform\u00e1tica\",\"description\":\"En Aivlisoft Inform\u00e1tica ofrecemos soluciones tecnol\u00f3gicas para empresas: venta de ordenadores, consumibles, perif\u00e9ricos y m\u00e1s. Calidad, atenci\u00f3n personalizada y los mejores precios para tu negocio.\",\"publisher\":{\"@id\":\"https:\/\/aivlisoft.net\/shop\/#organization\"},\"potentialAction\":[{\"@type\":\"SearchAction\",\"target\":{\"@type\":\"EntryPoint\",\"urlTemplate\":\"https:\/\/aivlisoft.net\/shop\/?s={search_term_string}\"},\"query-input\":{\"@type\":\"PropertyValueSpecification\",\"valueRequired\":true,\"valueName\":\"search_term_string\"}}],\"inLanguage\":\"es\"},{\"@type\":\"Organization\",\"@id\":\"https:\/\/aivlisoft.net\/shop\/#organization\",\"name\":\"Aivlisoft Inform\u00e1tica\",\"url\":\"https:\/\/aivlisoft.net\/shop\/\",\"logo\":{\"@type\":\"ImageObject\",\"inLanguage\":\"es\",\"@id\":\"https:\/\/aivlisoft.net\/shop\/#\/schema\/logo\/image\/\",\"url\":\"https:\/\/aivlisoft.net\/shop\/wp-content\/uploads\/2024\/12\/removal.ai_5b848c54-0cdf-4140-95c5-c5536bb7573b-logodef.png\",\"contentUrl\":\"https:\/\/aivlisoft.net\/shop\/wp-content\/uploads\/2024\/12\/removal.ai_5b848c54-0cdf-4140-95c5-c5536bb7573b-logodef.png\",\"width\":484,\"height\":182,\"caption\":\"Aivlisoft Inform\u00e1tica\"},\"image\":{\"@id\":\"https:\/\/aivlisoft.net\/shop\/#\/schema\/logo\/image\/\"}}]}<\/script>\n<!-- \/ Yoast SEO plugin. -->","yoast_head_json":{"title":"D-Link DBA-3620P AP WiFi AC1300 Out Cloud (lic 1a) - Aivlisoft Inform\u00e1tica","robots":{"index":"index","follow":"follow","max-snippet":"max-snippet:-1","max-image-preview":"max-image-preview:large","max-video-preview":"max-video-preview:-1"},"canonical":"https:\/\/aivlisoft.net\/shop\/producto\/d-link-dba-3620p-ap-wifi-ac1300-out-cloud-lic-1a\/","og_locale":"es_ES","og_type":"article","og_title":"D-Link DBA-3620P AP WiFi AC1300 Out Cloud (lic 1a) - Aivlisoft Inform\u00e1tica","og_description":"&nbsp; Marca D-Link Modelo DBA-3620P Caracter&iacute;sticas General&#8211; Interfaces de dispositivos&nbsp; 1 x 10\/100\/1000 Mbps Ethernet port&nbsp; 1 x RJ45 Console port&nbsp; IEEE 802.11a\/b\/g\/n\/ac Wave 2 wireless&#8211; Normas&nbsp; IEEE 802.11a\/b\/n\/g\/ac Wave 2&nbsp; IEEE 802.3az Energy-Efficient Ethernet (EEE)&nbsp; IEEE 802.3af Power over Ethernet (PoE)&nbsp; IEEE 802.3i\/u\/ab&nbsp; IEEE 802.3x Flow Contro&#8211; Antenas&nbsp; Built-in internal omnidirectional antenna&raquo; 2.4 GHz:&hellip;&nbsp;D-Link DBA-3620P AP WiFi AC1300 Out Cloud (lic 1a)","og_url":"https:\/\/aivlisoft.net\/shop\/producto\/d-link-dba-3620p-ap-wifi-ac1300-out-cloud-lic-1a\/","og_site_name":"Aivlisoft Inform\u00e1tica","article_modified_time":"2025-01-14T11:46:39+00:00","og_image":[{"width":800,"height":800,"url":"https:\/\/aivlisoft.net\/shop\/wp-content\/uploads\/2025\/01\/NSWPAC0440_800.jpg","type":"image\/jpeg"}],"twitter_card":"summary_large_image","twitter_misc":{"Tiempo de lectura":"1 minuto"},"schema":{"@context":"https:\/\/schema.org","@graph":[{"@type":"WebPage","@id":"https:\/\/aivlisoft.net\/shop\/producto\/d-link-dba-3620p-ap-wifi-ac1300-out-cloud-lic-1a\/","url":"https:\/\/aivlisoft.net\/shop\/producto\/d-link-dba-3620p-ap-wifi-ac1300-out-cloud-lic-1a\/","name":"D-Link DBA-3620P AP WiFi AC1300 Out Cloud (lic 1a) - Aivlisoft Inform\u00e1tica","isPartOf":{"@id":"https:\/\/aivlisoft.net\/shop\/#website"},"primaryImageOfPage":{"@id":"https:\/\/aivlisoft.net\/shop\/producto\/d-link-dba-3620p-ap-wifi-ac1300-out-cloud-lic-1a\/#primaryimage"},"image":{"@id":"https:\/\/aivlisoft.net\/shop\/producto\/d-link-dba-3620p-ap-wifi-ac1300-out-cloud-lic-1a\/#primaryimage"},"thumbnailUrl":"https:\/\/aivlisoft.net\/shop\/wp-content\/uploads\/2025\/01\/NSWPAC0440_800.jpg","datePublished":"2025-01-13T15:35:12+00:00","dateModified":"2025-01-14T11:46:39+00:00","breadcrumb":{"@id":"https:\/\/aivlisoft.net\/shop\/producto\/d-link-dba-3620p-ap-wifi-ac1300-out-cloud-lic-1a\/#breadcrumb"},"inLanguage":"es","potentialAction":[{"@type":"ReadAction","target":["https:\/\/aivlisoft.net\/shop\/producto\/d-link-dba-3620p-ap-wifi-ac1300-out-cloud-lic-1a\/"]}]},{"@type":"ImageObject","inLanguage":"es","@id":"https:\/\/aivlisoft.net\/shop\/producto\/d-link-dba-3620p-ap-wifi-ac1300-out-cloud-lic-1a\/#primaryimage","url":"https:\/\/aivlisoft.net\/shop\/wp-content\/uploads\/2025\/01\/NSWPAC0440_800.jpg","contentUrl":"https:\/\/aivlisoft.net\/shop\/wp-content\/uploads\/2025\/01\/NSWPAC0440_800.jpg","width":800,"height":800},{"@type":"BreadcrumbList","@id":"https:\/\/aivlisoft.net\/shop\/producto\/d-link-dba-3620p-ap-wifi-ac1300-out-cloud-lic-1a\/#breadcrumb","itemListElement":[{"@type":"ListItem","position":1,"name":"Portada","item":"https:\/\/aivlisoft.net\/shop\/"},{"@type":"ListItem","position":2,"name":"Tienda","item":"https:\/\/aivlisoft.net\/shop\/tienda\/"},{"@type":"ListItem","position":3,"name":"D-Link DBA-3620P AP WiFi AC1300 Out Cloud (lic 1a)"}]},{"@type":"WebSite","@id":"https:\/\/aivlisoft.net\/shop\/#website","url":"https:\/\/aivlisoft.net\/shop\/","name":"Aivlisoft Inform\u00e1tica","description":"En Aivlisoft Inform\u00e1tica ofrecemos soluciones tecnol\u00f3gicas para empresas: venta de ordenadores, consumibles, perif\u00e9ricos y m\u00e1s. Calidad, atenci\u00f3n personalizada y los mejores precios para tu negocio.","publisher":{"@id":"https:\/\/aivlisoft.net\/shop\/#organization"},"potentialAction":[{"@type":"SearchAction","target":{"@type":"EntryPoint","urlTemplate":"https:\/\/aivlisoft.net\/shop\/?s={search_term_string}"},"query-input":{"@type":"PropertyValueSpecification","valueRequired":true,"valueName":"search_term_string"}}],"inLanguage":"es"},{"@type":"Organization","@id":"https:\/\/aivlisoft.net\/shop\/#organization","name":"Aivlisoft Inform\u00e1tica","url":"https:\/\/aivlisoft.net\/shop\/","logo":{"@type":"ImageObject","inLanguage":"es","@id":"https:\/\/aivlisoft.net\/shop\/#\/schema\/logo\/image\/","url":"https:\/\/aivlisoft.net\/shop\/wp-content\/uploads\/2024\/12\/removal.ai_5b848c54-0cdf-4140-95c5-c5536bb7573b-logodef.png","contentUrl":"https:\/\/aivlisoft.net\/shop\/wp-content\/uploads\/2024\/12\/removal.ai_5b848c54-0cdf-4140-95c5-c5536bb7573b-logodef.png","width":484,"height":182,"caption":"Aivlisoft Inform\u00e1tica"},"image":{"@id":"https:\/\/aivlisoft.net\/shop\/#\/schema\/logo\/image\/"}}]}},"_links":{"self":[{"href":"https:\/\/aivlisoft.net\/shop\/wp-json\/wp\/v2\/product\/19688","targetHints":{"allow":["GET"]}}],"collection":[{"href":"https:\/\/aivlisoft.net\/shop\/wp-json\/wp\/v2\/product"}],"about":[{"href":"https:\/\/aivlisoft.net\/shop\/wp-json\/wp\/v2\/types\/product"}],"wp:featuredmedia":[{"embeddable":true,"href":"https:\/\/aivlisoft.net\/shop\/wp-json\/wp\/v2\/media\/19689"}],"wp:attachment":[{"href":"https:\/\/aivlisoft.net\/shop\/wp-json\/wp\/v2\/media?parent=19688"}],"wp:term":[{"taxonomy":"product_brand","embeddable":true,"href":"https:\/\/aivlisoft.net\/shop\/wp-json\/wp\/v2\/product_brand?post=19688"},{"taxonomy":"product_cat","embeddable":true,"href":"https:\/\/aivlisoft.net\/shop\/wp-json\/wp\/v2\/product_cat?post=19688"},{"taxonomy":"product_tag","embeddable":true,"href":"https:\/\/aivlisoft.net\/shop\/wp-json\/wp\/v2\/product_tag?post=19688"}],"curies":[{"name":"wp","href":"https:\/\/api.w.org\/{rel}","templated":true}]}}