{"id":19680,"date":"2025-01-13T15:35:08","date_gmt":"2025-01-13T15:35:08","guid":{"rendered":"https:\/\/aivlisoft.com\/?post_type=product&#038;p=19680"},"modified":"2025-01-14T11:46:37","modified_gmt":"2025-01-14T11:46:37","slug":"tp-link-eap230-wall-omada-ac1200-wifi-poe","status":"publish","type":"product","link":"https:\/\/aivlisoft.net\/shop\/producto\/tp-link-eap230-wall-omada-ac1200-wifi-poe\/","title":{"rendered":"TP-LINK EAP230-Wall Omada AC1200 WiFi PoE"},"content":{"rendered":"<p><\/p>\n<table>\n<tbody>\n<tr>\n<td><strong>Marca<\/strong><\/td>\n<td>TP-Link<\/td>\n<\/tr>\n<tr>\n<td><strong>Modelo<\/strong><\/td>\n<td><strong>EAP230-Wall<\/strong><\/td>\n<\/tr>\n<tr>\n<td><strong>Caracteristicas de Hardware<\/strong><\/td>\n<td>&#8211; Interfaz:<br \/>&nbsp; Enlace ascendente: 1 &times; 10\/100\/1000 Mbps Puerto Ethernet<br \/>&nbsp; Enlace descendente: 1 &times; 10\/100\/1000 Mbps  puerto Ethernet<br \/>&#8211; Bloqueo de Seguridad F&iacute;sico: No<br \/>&#8211; Botones: LED\/Wi-Fi Button, RESET<br \/>&#8211; Fuente de Alimentaci&oacute;n: 802.3af\/802.3at PoE<br \/>&#8211; Consumo de Potencia: 7 W<br \/>&#8211; Dimensions: 86.8 &times; 86.8 &times; 30.2 mm (3.4 &times; 3.4 &times; 1.2 in)<br \/>&#8211; Antenas: 2 Antenas Banda Dual<br \/>&nbsp; 2.4 GHz: 2&times; 4 dBi<br \/>&nbsp; 5 GHz: 2&times; 3.6 dBi<br \/>&#8211; Montaje: Montaje en placa de pared<br \/>&#8211; Hardware Watch Dog: Si<\/td>\n<\/tr>\n<tr>\n<td><strong>Caracteristicas Inal&aacute;mbricas<\/strong><\/td>\n<td>&#8211; Est&aacute;ndares Inal&aacute;mbricos: IEEE 802.11n\/g\/b\/ac<br \/>&#8211; Frecuencia: 2.4 GHz y 5 GHz<br \/>&#8211; Tasa de Se&ntilde;al:<br \/>&nbsp; 5 GHz: Hasta 867 Mbps<br \/>&nbsp; 2.4 GHz: Hasta 300 Mbps<br \/>&#8211; Funciones Inal&aacute;mbricas:<br \/>&nbsp; 16 SSID (hasta 8 SSID en cada banda)<br \/>&nbsp; Activar \/ Desactivar radio inal&aacute;mbrica<br \/>&nbsp; Asignaci&oacute;n autom&aacute;tica de canales<br \/>&nbsp; Control de potencia de transmisi&oacute;n (ajuste la potencia de transmisi&oacute;n en dBm)<br \/>&nbsp; QoS (WMM)<br \/>&nbsp; Equilibrio de carga<br \/>&nbsp; L&iacute;mite de tarifa<br \/>&nbsp; Programa de reinicio<br \/>&nbsp; Horario inal&aacute;mbrico<br \/>&nbsp; Estad&iacute;sticas inal&aacute;mbricas basadas en SSID \/ AP \/ Cliente<br \/>&nbsp; MU-MIMO<br \/>&nbsp; Direcci&oacute;n de banda<br \/>&nbsp; Beamforming<br \/>&#8211; Seguridad Inal&aacute;mbrica:<br \/>&nbsp; Autenticaci&oacute;n de portal cautivo<br \/>&nbsp; Control de acceso<br \/>&nbsp; Filtrado de Direcciones MAC Inal&aacute;mbricas<br \/>&nbsp; Aislamiento inal&aacute;mbrico entre clientes<br \/>&nbsp; Asignaci&oacute;n de SSID a VLAN<br \/>&nbsp; Puerto LAN local basado en VLAN<br \/>&nbsp; Detecci&oacute;n Rogue AP<br \/>&nbsp; Soporte 802.1X<br \/>&nbsp; 64\/128\/152-bit WEP \/ WPA \/ WPA2-Enterprise, WPA-PSK \/ WPA2-PSK<br \/>&#8211; Potencia de Transmisi&oacute;n:<br \/>&nbsp; CE:<br \/>&nbsp; &le;20 dBm (2.4 GHz, EIRP)<br \/>&nbsp; &le;23 dBm (5 GHz, EIRP)<\/td>\n<\/tr>\n<tr>\n<td><strong>Gesti&oacute;n<\/strong><\/td>\n<td>&#8211; Omada App: Si<br \/>&#8211; Centralized Management:<br \/>&nbsp; Omada Cloud-Based Controller<br \/>&nbsp; Omada Hardware Controller (OC300)<br \/>&nbsp; Omada Hardware Controller (OC200)<br \/>&nbsp; Omada Software Controller<br \/>&#8211; Cloud Access: S&iacute; (a trav&eacute;s de OC300, OC200, Omada Cloud-Based Controller o Omada Software Controller)<br \/>&#8211; Alertas por Correo Electr&oacute;nico: Si<br \/>&#8211; LED de control ON \/ OFF: Si<br \/>&#8211; Control de Gesti&oacute;n de Acceso MAC: Si<br \/>&#8211; SNMP: v1,v2c<br \/>&#8211; Acceso al Registro de Sistema Local\/ Registro del Sistema Remoto: Local\/Remote Syslog<br \/>&#8211; SSH: Si<br \/>&#8211; Gesti&oacute;n basada en Web: HTTP\/HTTPS<br \/>&#8211; Gesti&oacute;n L3: Si<br \/>&#8211; Gesti&oacute;n Multi-sitio: Si<br \/>&#8211; VLAN de Gesti&oacute;n: Si<\/td>\n<\/tr>\n<tr>\n<td><strong>Otros<\/strong><\/td>\n<td>&#8211; Certificaciones: CE, RoHS<br \/>&#8211; Requisitos del sistema: Microsoft Windows XP, Vista, Windows 7, Windows 8, Windows10 <br \/>&#8211; Contenido:<br \/>&nbsp; Punto de acceso inal&aacute;mbrico de placa de pared Gigabit inal&aacute;mbrico MU-MIMO Omada AC1200 EAP230-Wall<br \/>&nbsp; Gu&iacute;a de instalaci&oacute;n<br \/>&nbsp; Tornillo de fijaci&oacute;n<\/td>\n<\/tr>\n<tr>\n<td><strong>Fecha de revisi&oacute;n<\/strong><\/td>\n<td>18-11-2020 por MSB<\/td>\n<\/tr>\n<\/tbody>\n<\/table>\n","protected":false},"excerpt":{"rendered":"<p>Marca TP-Link Modelo EAP230-Wall Caracteristicas de Hardware &#8211; Interfaz:&nbsp; Enlace ascendente: 1 &times; 10\/100\/1000 Mbps Puerto Ethernet&nbsp; Enlace descendente: 1 &times; 10\/100\/1000 Mbps puerto Ethernet&#8211; Bloqueo de Seguridad F&iacute;sico: No&#8211; Botones: LED\/Wi-Fi Button, RESET&#8211; Fuente de Alimentaci&oacute;n: 802.3af\/802.3at PoE&#8211; Consumo de Potencia: 7 W&#8211; Dimensions: 86.8 &times; 86.8 &times; 30.2 mm (3.4 &times; 3.4 &times;&hellip;&nbsp;<a href=\"https:\/\/aivlisoft.net\/shop\/producto\/tp-link-eap230-wall-omada-ac1200-wifi-poe\/\" rel=\"bookmark\"><span class=\"screen-reader-text\">TP-LINK EAP230-Wall Omada AC1200 WiFi PoE<\/span><\/a><\/p>\n","protected":false},"featured_media":19681,"template":"","meta":{"neve_meta_sidebar":"","neve_meta_container":"","neve_meta_enable_content_width":"","neve_meta_content_width":0,"neve_meta_title_alignment":"","neve_meta_author_avatar":"","neve_post_elements_order":"","neve_meta_disable_header":"","neve_meta_disable_footer":"","neve_meta_disable_title":""},"product_brand":[],"product_cat":[8770],"product_tag":[7093],"class_list":{"0":"post-19680","1":"product","2":"type-product","3":"status-publish","4":"has-post-thumbnail","6":"product_cat-puntos-de-acceso","7":"product_tag-eap230-wall","9":"first","10":"instock","11":"taxable","12":"shipping-taxable","13":"purchasable","14":"product-type-simple"},"yoast_head":"<!-- This site is optimized with the Yoast SEO plugin v26.0 - https:\/\/yoast.com\/wordpress\/plugins\/seo\/ -->\n<title>TP-LINK EAP230-Wall Omada AC1200 WiFi PoE - Aivlisoft Inform\u00e1tica<\/title>\n<meta name=\"robots\" content=\"index, follow, max-snippet:-1, max-image-preview:large, max-video-preview:-1\" \/>\n<link rel=\"canonical\" href=\"https:\/\/aivlisoft.net\/shop\/producto\/tp-link-eap230-wall-omada-ac1200-wifi-poe\/\" \/>\n<meta property=\"og:locale\" content=\"es_ES\" \/>\n<meta property=\"og:type\" content=\"article\" \/>\n<meta property=\"og:title\" content=\"TP-LINK EAP230-Wall Omada AC1200 WiFi PoE - Aivlisoft Inform\u00e1tica\" \/>\n<meta property=\"og:description\" content=\"Marca TP-Link Modelo EAP230-Wall Caracteristicas de Hardware &#8211; Interfaz:&nbsp; Enlace ascendente: 1 &times; 10\/100\/1000 Mbps Puerto Ethernet&nbsp; Enlace descendente: 1 &times; 10\/100\/1000 Mbps puerto Ethernet&#8211; Bloqueo de Seguridad F&iacute;sico: No&#8211; Botones: LED\/Wi-Fi Button, RESET&#8211; Fuente de Alimentaci&oacute;n: 802.3af\/802.3at PoE&#8211; Consumo de Potencia: 7 W&#8211; Dimensions: 86.8 &times; 86.8 &times; 30.2 mm (3.4 &times; 3.4 &times;&hellip;&nbsp;TP-LINK EAP230-Wall Omada AC1200 WiFi PoE\" \/>\n<meta property=\"og:url\" content=\"https:\/\/aivlisoft.net\/shop\/producto\/tp-link-eap230-wall-omada-ac1200-wifi-poe\/\" \/>\n<meta property=\"og:site_name\" content=\"Aivlisoft Inform\u00e1tica\" \/>\n<meta property=\"article:modified_time\" content=\"2025-01-14T11:46:37+00:00\" \/>\n<meta property=\"og:image\" content=\"https:\/\/aivlisoft.net\/shop\/wp-content\/uploads\/2025\/01\/NSWPAC0438_800.jpg\" \/>\n\t<meta property=\"og:image:width\" content=\"800\" \/>\n\t<meta property=\"og:image:height\" content=\"800\" \/>\n\t<meta property=\"og:image:type\" content=\"image\/jpeg\" \/>\n<meta name=\"twitter:card\" content=\"summary_large_image\" \/>\n<meta name=\"twitter:label1\" content=\"Tiempo de lectura\" \/>\n\t<meta name=\"twitter:data1\" content=\"2 minutos\" \/>\n<script type=\"application\/ld+json\" class=\"yoast-schema-graph\">{\"@context\":\"https:\/\/schema.org\",\"@graph\":[{\"@type\":\"WebPage\",\"@id\":\"https:\/\/aivlisoft.net\/shop\/producto\/tp-link-eap230-wall-omada-ac1200-wifi-poe\/\",\"url\":\"https:\/\/aivlisoft.net\/shop\/producto\/tp-link-eap230-wall-omada-ac1200-wifi-poe\/\",\"name\":\"TP-LINK EAP230-Wall Omada AC1200 WiFi PoE - Aivlisoft Inform\u00e1tica\",\"isPartOf\":{\"@id\":\"https:\/\/aivlisoft.net\/shop\/#website\"},\"primaryImageOfPage\":{\"@id\":\"https:\/\/aivlisoft.net\/shop\/producto\/tp-link-eap230-wall-omada-ac1200-wifi-poe\/#primaryimage\"},\"image\":{\"@id\":\"https:\/\/aivlisoft.net\/shop\/producto\/tp-link-eap230-wall-omada-ac1200-wifi-poe\/#primaryimage\"},\"thumbnailUrl\":\"https:\/\/aivlisoft.net\/shop\/wp-content\/uploads\/2025\/01\/NSWPAC0438_800.jpg\",\"datePublished\":\"2025-01-13T15:35:08+00:00\",\"dateModified\":\"2025-01-14T11:46:37+00:00\",\"breadcrumb\":{\"@id\":\"https:\/\/aivlisoft.net\/shop\/producto\/tp-link-eap230-wall-omada-ac1200-wifi-poe\/#breadcrumb\"},\"inLanguage\":\"es\",\"potentialAction\":[{\"@type\":\"ReadAction\",\"target\":[\"https:\/\/aivlisoft.net\/shop\/producto\/tp-link-eap230-wall-omada-ac1200-wifi-poe\/\"]}]},{\"@type\":\"ImageObject\",\"inLanguage\":\"es\",\"@id\":\"https:\/\/aivlisoft.net\/shop\/producto\/tp-link-eap230-wall-omada-ac1200-wifi-poe\/#primaryimage\",\"url\":\"https:\/\/aivlisoft.net\/shop\/wp-content\/uploads\/2025\/01\/NSWPAC0438_800.jpg\",\"contentUrl\":\"https:\/\/aivlisoft.net\/shop\/wp-content\/uploads\/2025\/01\/NSWPAC0438_800.jpg\",\"width\":800,\"height\":800},{\"@type\":\"BreadcrumbList\",\"@id\":\"https:\/\/aivlisoft.net\/shop\/producto\/tp-link-eap230-wall-omada-ac1200-wifi-poe\/#breadcrumb\",\"itemListElement\":[{\"@type\":\"ListItem\",\"position\":1,\"name\":\"Portada\",\"item\":\"https:\/\/aivlisoft.net\/shop\/\"},{\"@type\":\"ListItem\",\"position\":2,\"name\":\"Tienda\",\"item\":\"https:\/\/aivlisoft.net\/shop\/tienda\/\"},{\"@type\":\"ListItem\",\"position\":3,\"name\":\"TP-LINK EAP230-Wall Omada AC1200 WiFi PoE\"}]},{\"@type\":\"WebSite\",\"@id\":\"https:\/\/aivlisoft.net\/shop\/#website\",\"url\":\"https:\/\/aivlisoft.net\/shop\/\",\"name\":\"Aivlisoft Inform\u00e1tica\",\"description\":\"En Aivlisoft Inform\u00e1tica ofrecemos soluciones tecnol\u00f3gicas para empresas: venta de ordenadores, consumibles, perif\u00e9ricos y m\u00e1s. Calidad, atenci\u00f3n personalizada y los mejores precios para tu negocio.\",\"publisher\":{\"@id\":\"https:\/\/aivlisoft.net\/shop\/#organization\"},\"potentialAction\":[{\"@type\":\"SearchAction\",\"target\":{\"@type\":\"EntryPoint\",\"urlTemplate\":\"https:\/\/aivlisoft.net\/shop\/?s={search_term_string}\"},\"query-input\":{\"@type\":\"PropertyValueSpecification\",\"valueRequired\":true,\"valueName\":\"search_term_string\"}}],\"inLanguage\":\"es\"},{\"@type\":\"Organization\",\"@id\":\"https:\/\/aivlisoft.net\/shop\/#organization\",\"name\":\"Aivlisoft Inform\u00e1tica\",\"url\":\"https:\/\/aivlisoft.net\/shop\/\",\"logo\":{\"@type\":\"ImageObject\",\"inLanguage\":\"es\",\"@id\":\"https:\/\/aivlisoft.net\/shop\/#\/schema\/logo\/image\/\",\"url\":\"https:\/\/aivlisoft.net\/shop\/wp-content\/uploads\/2024\/12\/removal.ai_5b848c54-0cdf-4140-95c5-c5536bb7573b-logodef.png\",\"contentUrl\":\"https:\/\/aivlisoft.net\/shop\/wp-content\/uploads\/2024\/12\/removal.ai_5b848c54-0cdf-4140-95c5-c5536bb7573b-logodef.png\",\"width\":484,\"height\":182,\"caption\":\"Aivlisoft Inform\u00e1tica\"},\"image\":{\"@id\":\"https:\/\/aivlisoft.net\/shop\/#\/schema\/logo\/image\/\"}}]}<\/script>\n<!-- \/ Yoast SEO plugin. -->","yoast_head_json":{"title":"TP-LINK EAP230-Wall Omada AC1200 WiFi PoE - Aivlisoft Inform\u00e1tica","robots":{"index":"index","follow":"follow","max-snippet":"max-snippet:-1","max-image-preview":"max-image-preview:large","max-video-preview":"max-video-preview:-1"},"canonical":"https:\/\/aivlisoft.net\/shop\/producto\/tp-link-eap230-wall-omada-ac1200-wifi-poe\/","og_locale":"es_ES","og_type":"article","og_title":"TP-LINK EAP230-Wall Omada AC1200 WiFi PoE - Aivlisoft Inform\u00e1tica","og_description":"Marca TP-Link Modelo EAP230-Wall Caracteristicas de Hardware &#8211; Interfaz:&nbsp; Enlace ascendente: 1 &times; 10\/100\/1000 Mbps Puerto Ethernet&nbsp; Enlace descendente: 1 &times; 10\/100\/1000 Mbps puerto Ethernet&#8211; Bloqueo de Seguridad F&iacute;sico: No&#8211; Botones: LED\/Wi-Fi Button, RESET&#8211; Fuente de Alimentaci&oacute;n: 802.3af\/802.3at PoE&#8211; Consumo de Potencia: 7 W&#8211; Dimensions: 86.8 &times; 86.8 &times; 30.2 mm (3.4 &times; 3.4 &times;&hellip;&nbsp;TP-LINK EAP230-Wall Omada AC1200 WiFi PoE","og_url":"https:\/\/aivlisoft.net\/shop\/producto\/tp-link-eap230-wall-omada-ac1200-wifi-poe\/","og_site_name":"Aivlisoft Inform\u00e1tica","article_modified_time":"2025-01-14T11:46:37+00:00","og_image":[{"width":800,"height":800,"url":"https:\/\/aivlisoft.net\/shop\/wp-content\/uploads\/2025\/01\/NSWPAC0438_800.jpg","type":"image\/jpeg"}],"twitter_card":"summary_large_image","twitter_misc":{"Tiempo de lectura":"2 minutos"},"schema":{"@context":"https:\/\/schema.org","@graph":[{"@type":"WebPage","@id":"https:\/\/aivlisoft.net\/shop\/producto\/tp-link-eap230-wall-omada-ac1200-wifi-poe\/","url":"https:\/\/aivlisoft.net\/shop\/producto\/tp-link-eap230-wall-omada-ac1200-wifi-poe\/","name":"TP-LINK EAP230-Wall Omada AC1200 WiFi PoE - Aivlisoft Inform\u00e1tica","isPartOf":{"@id":"https:\/\/aivlisoft.net\/shop\/#website"},"primaryImageOfPage":{"@id":"https:\/\/aivlisoft.net\/shop\/producto\/tp-link-eap230-wall-omada-ac1200-wifi-poe\/#primaryimage"},"image":{"@id":"https:\/\/aivlisoft.net\/shop\/producto\/tp-link-eap230-wall-omada-ac1200-wifi-poe\/#primaryimage"},"thumbnailUrl":"https:\/\/aivlisoft.net\/shop\/wp-content\/uploads\/2025\/01\/NSWPAC0438_800.jpg","datePublished":"2025-01-13T15:35:08+00:00","dateModified":"2025-01-14T11:46:37+00:00","breadcrumb":{"@id":"https:\/\/aivlisoft.net\/shop\/producto\/tp-link-eap230-wall-omada-ac1200-wifi-poe\/#breadcrumb"},"inLanguage":"es","potentialAction":[{"@type":"ReadAction","target":["https:\/\/aivlisoft.net\/shop\/producto\/tp-link-eap230-wall-omada-ac1200-wifi-poe\/"]}]},{"@type":"ImageObject","inLanguage":"es","@id":"https:\/\/aivlisoft.net\/shop\/producto\/tp-link-eap230-wall-omada-ac1200-wifi-poe\/#primaryimage","url":"https:\/\/aivlisoft.net\/shop\/wp-content\/uploads\/2025\/01\/NSWPAC0438_800.jpg","contentUrl":"https:\/\/aivlisoft.net\/shop\/wp-content\/uploads\/2025\/01\/NSWPAC0438_800.jpg","width":800,"height":800},{"@type":"BreadcrumbList","@id":"https:\/\/aivlisoft.net\/shop\/producto\/tp-link-eap230-wall-omada-ac1200-wifi-poe\/#breadcrumb","itemListElement":[{"@type":"ListItem","position":1,"name":"Portada","item":"https:\/\/aivlisoft.net\/shop\/"},{"@type":"ListItem","position":2,"name":"Tienda","item":"https:\/\/aivlisoft.net\/shop\/tienda\/"},{"@type":"ListItem","position":3,"name":"TP-LINK EAP230-Wall Omada AC1200 WiFi PoE"}]},{"@type":"WebSite","@id":"https:\/\/aivlisoft.net\/shop\/#website","url":"https:\/\/aivlisoft.net\/shop\/","name":"Aivlisoft Inform\u00e1tica","description":"En Aivlisoft Inform\u00e1tica ofrecemos soluciones tecnol\u00f3gicas para empresas: venta de ordenadores, consumibles, perif\u00e9ricos y m\u00e1s. Calidad, atenci\u00f3n personalizada y los mejores precios para tu negocio.","publisher":{"@id":"https:\/\/aivlisoft.net\/shop\/#organization"},"potentialAction":[{"@type":"SearchAction","target":{"@type":"EntryPoint","urlTemplate":"https:\/\/aivlisoft.net\/shop\/?s={search_term_string}"},"query-input":{"@type":"PropertyValueSpecification","valueRequired":true,"valueName":"search_term_string"}}],"inLanguage":"es"},{"@type":"Organization","@id":"https:\/\/aivlisoft.net\/shop\/#organization","name":"Aivlisoft Inform\u00e1tica","url":"https:\/\/aivlisoft.net\/shop\/","logo":{"@type":"ImageObject","inLanguage":"es","@id":"https:\/\/aivlisoft.net\/shop\/#\/schema\/logo\/image\/","url":"https:\/\/aivlisoft.net\/shop\/wp-content\/uploads\/2024\/12\/removal.ai_5b848c54-0cdf-4140-95c5-c5536bb7573b-logodef.png","contentUrl":"https:\/\/aivlisoft.net\/shop\/wp-content\/uploads\/2024\/12\/removal.ai_5b848c54-0cdf-4140-95c5-c5536bb7573b-logodef.png","width":484,"height":182,"caption":"Aivlisoft Inform\u00e1tica"},"image":{"@id":"https:\/\/aivlisoft.net\/shop\/#\/schema\/logo\/image\/"}}]}},"_links":{"self":[{"href":"https:\/\/aivlisoft.net\/shop\/wp-json\/wp\/v2\/product\/19680","targetHints":{"allow":["GET"]}}],"collection":[{"href":"https:\/\/aivlisoft.net\/shop\/wp-json\/wp\/v2\/product"}],"about":[{"href":"https:\/\/aivlisoft.net\/shop\/wp-json\/wp\/v2\/types\/product"}],"wp:featuredmedia":[{"embeddable":true,"href":"https:\/\/aivlisoft.net\/shop\/wp-json\/wp\/v2\/media\/19681"}],"wp:attachment":[{"href":"https:\/\/aivlisoft.net\/shop\/wp-json\/wp\/v2\/media?parent=19680"}],"wp:term":[{"taxonomy":"product_brand","embeddable":true,"href":"https:\/\/aivlisoft.net\/shop\/wp-json\/wp\/v2\/product_brand?post=19680"},{"taxonomy":"product_cat","embeddable":true,"href":"https:\/\/aivlisoft.net\/shop\/wp-json\/wp\/v2\/product_cat?post=19680"},{"taxonomy":"product_tag","embeddable":true,"href":"https:\/\/aivlisoft.net\/shop\/wp-json\/wp\/v2\/product_tag?post=19680"}],"curies":[{"name":"wp","href":"https:\/\/api.w.org\/{rel}","templated":true}]}}