{"id":19669,"date":"2025-01-13T15:34:58","date_gmt":"2025-01-13T15:34:58","guid":{"rendered":"https:\/\/aivlisoft.com\/?post_type=product&#038;p=19669"},"modified":"2025-01-14T11:46:32","modified_gmt":"2025-01-14T11:46:32","slug":"d-link-dap-2682-punto-acceso-ac2300-poe-dual-band","status":"publish","type":"product","link":"https:\/\/aivlisoft.net\/shop\/producto\/d-link-dap-2682-punto-acceso-ac2300-poe-dual-band\/","title":{"rendered":"D-Link DAP-2682 Punto Acceso AC2300 PoE Dual-Band"},"content":{"rendered":"<p>&nbsp;<\/p>\n<table class=\"tabla_caracteristicas k-table\" width=\"100%\">\n<tbody>\n<tr>\n<td valign=\"top\"><strong>Marca<\/strong><\/td>\n<td>D-Link<\/td>\n<\/tr>\n<tr>\n<td valign=\"top\"><strong>Modelo<\/strong><\/td>\n<td valign=\"top\"><strong>DAP-2682<\/strong><\/td>\n<\/tr>\n<tr>\n<td valign=\"top\"><strong>Caracter&iacute;sticas<\/strong><\/td>\n<td><strong>General<br \/><\/strong>&#8211; Interfaces de dispositivos<br \/>&nbsp; 802.11a \/ b \/ g \/ n \/ ac&nbsp; 2 inal&aacute;mbrico<br \/>&nbsp; 2 puertos LAN Gigabit (compatible con PoE)<br \/>&#8211; Normas<br \/>&nbsp; IEEE 802.11a \/ b \/ g \/ n \/ ac<br \/>&nbsp; IEEE 802.3u \/ ab<br \/>&nbsp; Ethernet de bajo consumo energ&eacute;tico IEEE 802.3az<br \/>&nbsp; Alimentaci&oacute;n por Ethernet IEEE 802.3at<br \/>&#8211; Rango de frecuencia inal&aacute;mbrica<br \/>&nbsp; Banda de 2,4 GHz: 2,4 GHz a 2,4835 GHz<br \/>&nbsp; Banda de 5 GHz: 5,15 a 5,35 GHz, 5,47 a 5,85 GHz<br \/>&#8211; Antenas<br \/>&nbsp; 4 antenas internas de doble banda<br \/>&#8211; Ganancia de antenas<br \/>&nbsp; 3,7 dBi para 2,4 GHz<br \/>&nbsp; 4,8 dBi para 5 GHz<br \/>&#8211; Potencia m&aacute;xima de salida<br \/>&nbsp; ETSI: 16 dbm para 2,4 GHz<br \/>&nbsp; ETSI: 24 dbm para 5 GHz<br \/>&#8211; Tasa de se&ntilde;al de datos<br \/>&nbsp; 2,4 GHz<br \/>&nbsp; Hasta 600 Mbps<br \/>&nbsp; 5 GHz<br \/>&nbsp; Hasta 1700 Mbps<strong><\/strong><strong><br \/>Funcionalidad<\/strong><br \/>&#8211; Security <br \/>&nbsp; The latest 128-bit personal\/enterprise wireless encryption<br \/>&nbsp; WEP 64\/128-bit encryption<br \/>&nbsp; SSID broadcast disable<br \/>&nbsp; MAC address access control<br \/>&nbsp; Internal RADIUS server<br \/>&#8211; Network Management <br \/>&nbsp; Telnet<br \/>&nbsp; Secure Telnet (SSH)<br \/>&nbsp; Web (HTTP)<br \/>&nbsp; Secure Socket Layer (SSL)<br \/>&nbsp; Traffic control<br \/>&nbsp; Nuclias Connect Software<br \/>&nbsp; Nuclias Connect Hub4<br \/>&#8211; LEDs <br \/>&nbsp; Power\/status<br \/><strong>Caracter&iacute;sticas f&iacute;sicas<br \/><\/strong>&#8211; Dimensiones<br \/>&nbsp;&nbsp; 190 x 190 x 43,7 mm<br \/>&#8211; Peso<br \/>&nbsp;&nbsp; 551,6 g sin soporte de montaje<br \/>&nbsp;&nbsp; 605,2 g con soporte de montaje<br \/>&#8211; Tensi&oacute;n de funcionamiento<br \/>&nbsp;&nbsp; 12 V \/ 2.5 A (adaptador de corriente no incluido)<br \/>&nbsp;&nbsp; 802.3 PoE<br \/>&#8211; Consumo m&aacute;ximo de energ&iacute;a<br \/>&nbsp;&nbsp; 15,5 vatios<br \/>&#8211; Mientras tanto entre fallas (MTBF)<br \/>&nbsp;&nbsp; 341,897 horas<br \/>&#8211; Certificaciones<br \/>&nbsp;&nbsp; FCC<br \/>&nbsp;&nbsp; CE<br \/>&nbsp;&nbsp; UL<strong><\/strong><\/td>\n<\/tr>\n<tr>\n<td valign=\"top\"><strong>Fecha de revisi&oacute;n<\/strong><\/td>\n<td>22-10-2020 por MPM<\/td>\n<\/tr>\n<\/tbody>\n<\/table>\n","protected":false},"excerpt":{"rendered":"<p>&nbsp; Marca D-Link Modelo DAP-2682 Caracter&iacute;sticas General&#8211; Interfaces de dispositivos&nbsp; 802.11a \/ b \/ g \/ n \/ ac&nbsp; 2 inal&aacute;mbrico&nbsp; 2 puertos LAN Gigabit (compatible con PoE)&#8211; Normas&nbsp; IEEE 802.11a \/ b \/ g \/ n \/ ac&nbsp; IEEE 802.3u \/ ab&nbsp; Ethernet de bajo consumo energ&eacute;tico IEEE 802.3az&nbsp; Alimentaci&oacute;n por Ethernet IEEE 802.3at&#8211;&hellip;&nbsp;<a href=\"https:\/\/aivlisoft.net\/shop\/producto\/d-link-dap-2682-punto-acceso-ac2300-poe-dual-band\/\" rel=\"bookmark\"><span class=\"screen-reader-text\">D-Link DAP-2682 Punto Acceso AC2300 PoE Dual-Band<\/span><\/a><\/p>\n","protected":false},"featured_media":19670,"template":"","meta":{"neve_meta_sidebar":"","neve_meta_container":"","neve_meta_enable_content_width":"","neve_meta_content_width":0,"neve_meta_title_alignment":"","neve_meta_author_avatar":"","neve_post_elements_order":"","neve_meta_disable_header":"","neve_meta_disable_footer":"","neve_meta_disable_title":""},"product_brand":[],"product_cat":[8770],"product_tag":[7090],"class_list":{"0":"post-19669","1":"product","2":"type-product","3":"status-publish","4":"has-post-thumbnail","6":"product_cat-puntos-de-acceso","7":"product_tag-dap-2682","9":"first","10":"instock","11":"taxable","12":"shipping-taxable","13":"purchasable","14":"product-type-simple"},"yoast_head":"<!-- This site is optimized with the Yoast SEO plugin v26.0 - https:\/\/yoast.com\/wordpress\/plugins\/seo\/ -->\n<title>D-Link DAP-2682 Punto Acceso AC2300 PoE Dual-Band - Aivlisoft Inform\u00e1tica<\/title>\n<meta name=\"robots\" content=\"index, follow, max-snippet:-1, max-image-preview:large, max-video-preview:-1\" \/>\n<link rel=\"canonical\" href=\"https:\/\/aivlisoft.net\/shop\/producto\/d-link-dap-2682-punto-acceso-ac2300-poe-dual-band\/\" \/>\n<meta property=\"og:locale\" content=\"es_ES\" \/>\n<meta property=\"og:type\" content=\"article\" \/>\n<meta property=\"og:title\" content=\"D-Link DAP-2682 Punto Acceso AC2300 PoE Dual-Band - Aivlisoft Inform\u00e1tica\" \/>\n<meta property=\"og:description\" content=\"&nbsp; Marca D-Link Modelo DAP-2682 Caracter&iacute;sticas General&#8211; Interfaces de dispositivos&nbsp; 802.11a \/ b \/ g \/ n \/ ac&nbsp; 2 inal&aacute;mbrico&nbsp; 2 puertos LAN Gigabit (compatible con PoE)&#8211; Normas&nbsp; IEEE 802.11a \/ b \/ g \/ n \/ ac&nbsp; IEEE 802.3u \/ ab&nbsp; Ethernet de bajo consumo energ&eacute;tico IEEE 802.3az&nbsp; Alimentaci&oacute;n por Ethernet IEEE 802.3at&#8211;&hellip;&nbsp;D-Link DAP-2682 Punto Acceso AC2300 PoE Dual-Band\" \/>\n<meta property=\"og:url\" content=\"https:\/\/aivlisoft.net\/shop\/producto\/d-link-dap-2682-punto-acceso-ac2300-poe-dual-band\/\" \/>\n<meta property=\"og:site_name\" content=\"Aivlisoft Inform\u00e1tica\" \/>\n<meta property=\"article:modified_time\" content=\"2025-01-14T11:46:32+00:00\" \/>\n<meta property=\"og:image\" content=\"https:\/\/aivlisoft.net\/shop\/wp-content\/uploads\/2025\/01\/NSWPAC0434_800.jpg\" \/>\n\t<meta property=\"og:image:width\" content=\"800\" \/>\n\t<meta property=\"og:image:height\" content=\"800\" \/>\n\t<meta property=\"og:image:type\" content=\"image\/jpeg\" \/>\n<meta name=\"twitter:card\" content=\"summary_large_image\" \/>\n<meta name=\"twitter:label1\" content=\"Tiempo de lectura\" \/>\n\t<meta name=\"twitter:data1\" content=\"1 minuto\" \/>\n<script type=\"application\/ld+json\" class=\"yoast-schema-graph\">{\"@context\":\"https:\/\/schema.org\",\"@graph\":[{\"@type\":\"WebPage\",\"@id\":\"https:\/\/aivlisoft.net\/shop\/producto\/d-link-dap-2682-punto-acceso-ac2300-poe-dual-band\/\",\"url\":\"https:\/\/aivlisoft.net\/shop\/producto\/d-link-dap-2682-punto-acceso-ac2300-poe-dual-band\/\",\"name\":\"D-Link DAP-2682 Punto Acceso AC2300 PoE Dual-Band - Aivlisoft Inform\u00e1tica\",\"isPartOf\":{\"@id\":\"https:\/\/aivlisoft.net\/shop\/#website\"},\"primaryImageOfPage\":{\"@id\":\"https:\/\/aivlisoft.net\/shop\/producto\/d-link-dap-2682-punto-acceso-ac2300-poe-dual-band\/#primaryimage\"},\"image\":{\"@id\":\"https:\/\/aivlisoft.net\/shop\/producto\/d-link-dap-2682-punto-acceso-ac2300-poe-dual-band\/#primaryimage\"},\"thumbnailUrl\":\"https:\/\/aivlisoft.net\/shop\/wp-content\/uploads\/2025\/01\/NSWPAC0434_800.jpg\",\"datePublished\":\"2025-01-13T15:34:58+00:00\",\"dateModified\":\"2025-01-14T11:46:32+00:00\",\"breadcrumb\":{\"@id\":\"https:\/\/aivlisoft.net\/shop\/producto\/d-link-dap-2682-punto-acceso-ac2300-poe-dual-band\/#breadcrumb\"},\"inLanguage\":\"es\",\"potentialAction\":[{\"@type\":\"ReadAction\",\"target\":[\"https:\/\/aivlisoft.net\/shop\/producto\/d-link-dap-2682-punto-acceso-ac2300-poe-dual-band\/\"]}]},{\"@type\":\"ImageObject\",\"inLanguage\":\"es\",\"@id\":\"https:\/\/aivlisoft.net\/shop\/producto\/d-link-dap-2682-punto-acceso-ac2300-poe-dual-band\/#primaryimage\",\"url\":\"https:\/\/aivlisoft.net\/shop\/wp-content\/uploads\/2025\/01\/NSWPAC0434_800.jpg\",\"contentUrl\":\"https:\/\/aivlisoft.net\/shop\/wp-content\/uploads\/2025\/01\/NSWPAC0434_800.jpg\",\"width\":800,\"height\":800},{\"@type\":\"BreadcrumbList\",\"@id\":\"https:\/\/aivlisoft.net\/shop\/producto\/d-link-dap-2682-punto-acceso-ac2300-poe-dual-band\/#breadcrumb\",\"itemListElement\":[{\"@type\":\"ListItem\",\"position\":1,\"name\":\"Portada\",\"item\":\"https:\/\/aivlisoft.net\/shop\/\"},{\"@type\":\"ListItem\",\"position\":2,\"name\":\"Tienda\",\"item\":\"https:\/\/aivlisoft.net\/shop\/tienda\/\"},{\"@type\":\"ListItem\",\"position\":3,\"name\":\"D-Link DAP-2682 Punto Acceso AC2300 PoE Dual-Band\"}]},{\"@type\":\"WebSite\",\"@id\":\"https:\/\/aivlisoft.net\/shop\/#website\",\"url\":\"https:\/\/aivlisoft.net\/shop\/\",\"name\":\"Aivlisoft Inform\u00e1tica\",\"description\":\"En Aivlisoft Inform\u00e1tica ofrecemos soluciones tecnol\u00f3gicas para empresas: venta de ordenadores, consumibles, perif\u00e9ricos y m\u00e1s. Calidad, atenci\u00f3n personalizada y los mejores precios para tu negocio.\",\"publisher\":{\"@id\":\"https:\/\/aivlisoft.net\/shop\/#organization\"},\"potentialAction\":[{\"@type\":\"SearchAction\",\"target\":{\"@type\":\"EntryPoint\",\"urlTemplate\":\"https:\/\/aivlisoft.net\/shop\/?s={search_term_string}\"},\"query-input\":{\"@type\":\"PropertyValueSpecification\",\"valueRequired\":true,\"valueName\":\"search_term_string\"}}],\"inLanguage\":\"es\"},{\"@type\":\"Organization\",\"@id\":\"https:\/\/aivlisoft.net\/shop\/#organization\",\"name\":\"Aivlisoft Inform\u00e1tica\",\"url\":\"https:\/\/aivlisoft.net\/shop\/\",\"logo\":{\"@type\":\"ImageObject\",\"inLanguage\":\"es\",\"@id\":\"https:\/\/aivlisoft.net\/shop\/#\/schema\/logo\/image\/\",\"url\":\"https:\/\/aivlisoft.net\/shop\/wp-content\/uploads\/2024\/12\/removal.ai_5b848c54-0cdf-4140-95c5-c5536bb7573b-logodef.png\",\"contentUrl\":\"https:\/\/aivlisoft.net\/shop\/wp-content\/uploads\/2024\/12\/removal.ai_5b848c54-0cdf-4140-95c5-c5536bb7573b-logodef.png\",\"width\":484,\"height\":182,\"caption\":\"Aivlisoft Inform\u00e1tica\"},\"image\":{\"@id\":\"https:\/\/aivlisoft.net\/shop\/#\/schema\/logo\/image\/\"}}]}<\/script>\n<!-- \/ Yoast SEO plugin. -->","yoast_head_json":{"title":"D-Link DAP-2682 Punto Acceso AC2300 PoE Dual-Band - Aivlisoft Inform\u00e1tica","robots":{"index":"index","follow":"follow","max-snippet":"max-snippet:-1","max-image-preview":"max-image-preview:large","max-video-preview":"max-video-preview:-1"},"canonical":"https:\/\/aivlisoft.net\/shop\/producto\/d-link-dap-2682-punto-acceso-ac2300-poe-dual-band\/","og_locale":"es_ES","og_type":"article","og_title":"D-Link DAP-2682 Punto Acceso AC2300 PoE Dual-Band - Aivlisoft Inform\u00e1tica","og_description":"&nbsp; Marca D-Link Modelo DAP-2682 Caracter&iacute;sticas General&#8211; Interfaces de dispositivos&nbsp; 802.11a \/ b \/ g \/ n \/ ac&nbsp; 2 inal&aacute;mbrico&nbsp; 2 puertos LAN Gigabit (compatible con PoE)&#8211; Normas&nbsp; IEEE 802.11a \/ b \/ g \/ n \/ ac&nbsp; IEEE 802.3u \/ ab&nbsp; Ethernet de bajo consumo energ&eacute;tico IEEE 802.3az&nbsp; Alimentaci&oacute;n por Ethernet IEEE 802.3at&#8211;&hellip;&nbsp;D-Link DAP-2682 Punto Acceso AC2300 PoE Dual-Band","og_url":"https:\/\/aivlisoft.net\/shop\/producto\/d-link-dap-2682-punto-acceso-ac2300-poe-dual-band\/","og_site_name":"Aivlisoft Inform\u00e1tica","article_modified_time":"2025-01-14T11:46:32+00:00","og_image":[{"width":800,"height":800,"url":"https:\/\/aivlisoft.net\/shop\/wp-content\/uploads\/2025\/01\/NSWPAC0434_800.jpg","type":"image\/jpeg"}],"twitter_card":"summary_large_image","twitter_misc":{"Tiempo de lectura":"1 minuto"},"schema":{"@context":"https:\/\/schema.org","@graph":[{"@type":"WebPage","@id":"https:\/\/aivlisoft.net\/shop\/producto\/d-link-dap-2682-punto-acceso-ac2300-poe-dual-band\/","url":"https:\/\/aivlisoft.net\/shop\/producto\/d-link-dap-2682-punto-acceso-ac2300-poe-dual-band\/","name":"D-Link DAP-2682 Punto Acceso AC2300 PoE Dual-Band - Aivlisoft Inform\u00e1tica","isPartOf":{"@id":"https:\/\/aivlisoft.net\/shop\/#website"},"primaryImageOfPage":{"@id":"https:\/\/aivlisoft.net\/shop\/producto\/d-link-dap-2682-punto-acceso-ac2300-poe-dual-band\/#primaryimage"},"image":{"@id":"https:\/\/aivlisoft.net\/shop\/producto\/d-link-dap-2682-punto-acceso-ac2300-poe-dual-band\/#primaryimage"},"thumbnailUrl":"https:\/\/aivlisoft.net\/shop\/wp-content\/uploads\/2025\/01\/NSWPAC0434_800.jpg","datePublished":"2025-01-13T15:34:58+00:00","dateModified":"2025-01-14T11:46:32+00:00","breadcrumb":{"@id":"https:\/\/aivlisoft.net\/shop\/producto\/d-link-dap-2682-punto-acceso-ac2300-poe-dual-band\/#breadcrumb"},"inLanguage":"es","potentialAction":[{"@type":"ReadAction","target":["https:\/\/aivlisoft.net\/shop\/producto\/d-link-dap-2682-punto-acceso-ac2300-poe-dual-band\/"]}]},{"@type":"ImageObject","inLanguage":"es","@id":"https:\/\/aivlisoft.net\/shop\/producto\/d-link-dap-2682-punto-acceso-ac2300-poe-dual-band\/#primaryimage","url":"https:\/\/aivlisoft.net\/shop\/wp-content\/uploads\/2025\/01\/NSWPAC0434_800.jpg","contentUrl":"https:\/\/aivlisoft.net\/shop\/wp-content\/uploads\/2025\/01\/NSWPAC0434_800.jpg","width":800,"height":800},{"@type":"BreadcrumbList","@id":"https:\/\/aivlisoft.net\/shop\/producto\/d-link-dap-2682-punto-acceso-ac2300-poe-dual-band\/#breadcrumb","itemListElement":[{"@type":"ListItem","position":1,"name":"Portada","item":"https:\/\/aivlisoft.net\/shop\/"},{"@type":"ListItem","position":2,"name":"Tienda","item":"https:\/\/aivlisoft.net\/shop\/tienda\/"},{"@type":"ListItem","position":3,"name":"D-Link DAP-2682 Punto Acceso AC2300 PoE Dual-Band"}]},{"@type":"WebSite","@id":"https:\/\/aivlisoft.net\/shop\/#website","url":"https:\/\/aivlisoft.net\/shop\/","name":"Aivlisoft Inform\u00e1tica","description":"En Aivlisoft Inform\u00e1tica ofrecemos soluciones tecnol\u00f3gicas para empresas: venta de ordenadores, consumibles, perif\u00e9ricos y m\u00e1s. Calidad, atenci\u00f3n personalizada y los mejores precios para tu negocio.","publisher":{"@id":"https:\/\/aivlisoft.net\/shop\/#organization"},"potentialAction":[{"@type":"SearchAction","target":{"@type":"EntryPoint","urlTemplate":"https:\/\/aivlisoft.net\/shop\/?s={search_term_string}"},"query-input":{"@type":"PropertyValueSpecification","valueRequired":true,"valueName":"search_term_string"}}],"inLanguage":"es"},{"@type":"Organization","@id":"https:\/\/aivlisoft.net\/shop\/#organization","name":"Aivlisoft Inform\u00e1tica","url":"https:\/\/aivlisoft.net\/shop\/","logo":{"@type":"ImageObject","inLanguage":"es","@id":"https:\/\/aivlisoft.net\/shop\/#\/schema\/logo\/image\/","url":"https:\/\/aivlisoft.net\/shop\/wp-content\/uploads\/2024\/12\/removal.ai_5b848c54-0cdf-4140-95c5-c5536bb7573b-logodef.png","contentUrl":"https:\/\/aivlisoft.net\/shop\/wp-content\/uploads\/2024\/12\/removal.ai_5b848c54-0cdf-4140-95c5-c5536bb7573b-logodef.png","width":484,"height":182,"caption":"Aivlisoft Inform\u00e1tica"},"image":{"@id":"https:\/\/aivlisoft.net\/shop\/#\/schema\/logo\/image\/"}}]}},"_links":{"self":[{"href":"https:\/\/aivlisoft.net\/shop\/wp-json\/wp\/v2\/product\/19669","targetHints":{"allow":["GET"]}}],"collection":[{"href":"https:\/\/aivlisoft.net\/shop\/wp-json\/wp\/v2\/product"}],"about":[{"href":"https:\/\/aivlisoft.net\/shop\/wp-json\/wp\/v2\/types\/product"}],"wp:featuredmedia":[{"embeddable":true,"href":"https:\/\/aivlisoft.net\/shop\/wp-json\/wp\/v2\/media\/19670"}],"wp:attachment":[{"href":"https:\/\/aivlisoft.net\/shop\/wp-json\/wp\/v2\/media?parent=19669"}],"wp:term":[{"taxonomy":"product_brand","embeddable":true,"href":"https:\/\/aivlisoft.net\/shop\/wp-json\/wp\/v2\/product_brand?post=19669"},{"taxonomy":"product_cat","embeddable":true,"href":"https:\/\/aivlisoft.net\/shop\/wp-json\/wp\/v2\/product_cat?post=19669"},{"taxonomy":"product_tag","embeddable":true,"href":"https:\/\/aivlisoft.net\/shop\/wp-json\/wp\/v2\/product_tag?post=19669"}],"curies":[{"name":"wp","href":"https:\/\/api.w.org\/{rel}","templated":true}]}}