{"id":19667,"date":"2025-01-13T15:34:57","date_gmt":"2025-01-13T15:34:57","guid":{"rendered":"https:\/\/aivlisoft.com\/?post_type=product&#038;p=19667"},"modified":"2025-01-14T11:46:31","modified_gmt":"2025-01-14T11:46:31","slug":"tp-link-deco-m43-pack-p-acceso-ac1200-wifi-mesh","status":"publish","type":"product","link":"https:\/\/aivlisoft.net\/shop\/producto\/tp-link-deco-m43-pack-p-acceso-ac1200-wifi-mesh\/","title":{"rendered":"TP-LINK Deco M4(3-Pack) P Acceso AC1200 WiFi Mesh"},"content":{"rendered":"<p>&#8211; Deco usa un sistema de unidades para lograr una cobertura Wi-Fi perfecta para el hogar &mdash; &iexcl;Elimina las zonas de baja se&ntilde;al de una vez por todas!<br \/>&#8211; Con la avanzada tecnolog&iacute;a Deco Mesh, los dispositivos Deco trabajan juntos para formar una red unificada en tu hogar, con el mismo nombre de red. Los dispositivos cambian autom&aacute;ticamente entre Decos a medida que te desplazas por tu hogar para obtener las velocidades m&aacute;s r&aacute;pidas posibles.<br \/>&#8211; Un pack de 2 Deco M4 proporciona Wi-Fi en un &aacute;rea de hasta 260 metros cuadrados. Si necesita cubrir un &aacute;rea mayor, simplemente a&ntilde;ade en cualquier momento m&aacute;s Decos a tu red para aumentar la cobertura.<br \/>&#8211; Deco M4 proporciona conexiones r&aacute;pidas y estables con velocidades de hasta 1167 Mbps y funciona con los routers de los principales operadores del mercado.<br \/>&#8211; Deco puede gestionar el tr&aacute;fico incluso en redes muy saturadas, proporcionando conexiones sin retardo a m&aacute;s de 100 dispositivos.<br \/>&#8211; El Control Parental limita el tiempo en l&iacute;nea y bloquea sitios webs inapropiados, de acuerdo con los perfiles &uacute;nicos creados para cada miembro de la familia.<br \/>&#8211; La configuraci&oacute;n es muy sencilla. La app Deco te gu&iacute;a paso a paso.<\/p>\n<table class=\"tabla_caracteristicas k-table\" width=\"100%\">\n<tbody>\n<tr>\n<td valign=\"top\"><strong>Marca<\/strong><\/td>\n<td>TP-Link<\/td>\n<\/tr>\n<tr>\n<td valign=\"top\"><strong>Modelo<\/strong><\/td>\n<td><strong>Deco M4(3-Pack)<\/strong><\/td>\n<\/tr>\n<tr>\n<td valign=\"top\"><strong>Caracter&iacute;sticas Hardware<\/strong><\/td>\n<td>&#8211; Procesador: Qualcomm CPU<br \/>&#8211; Interfaz: 2 Puertos Gigabit Ethernet Ports (WAN\/LAN auto-detecci&oacute;n) por Unidad de Deco<br \/>&#8211; Botones: 1 bot&oacute;n de reset en la parte inferior<br \/>&#8211; Fuente de Alimentaci&oacute;n Externa: 12 V\/1.2 A<br \/>&#8211; Dimensions: 90.7 mm x 190 mm (3.6 in. x 7.5 in)<br \/>&#8211; Tipo de Antena: 2 antenas internas de doble banda por unidad Deco<br \/>&#8211; Certificaciones: CE, FCC, IC, NCC, BSMI, IDA, RCM, JPA, JRF, VCCI, KC, RoHS<\/td>\n<\/tr>\n<tr>\n<td><strong>Caracter&iacute;sticas Inal&aacute;mbricas<\/strong><\/td>\n<td>&#8211; Est&aacute;ndares Inal&aacute;mbricos: IEEE 802.11 ac\/n\/a 5 GHz, IEEE 802.11 b\/g\/n 2.4 GHz<br \/>&#8211; Frecuencia: 2.4 GHz y 5 GHz<br \/>&#8211; Tasa de Se&ntilde;al: 300 Mbps en 2.4 GHz<br \/>&nbsp; 867 Mbps en 5 GHz<br \/>&#8211; Potencia de Transmisi&oacute;n: FCC: &lt;30 dBm<br \/>&nbsp; CE: &lt;20 dBm (2.4 GHz)<br \/>&nbsp; &lt;23 dBm (5 GHz)<br \/>&#8211; Seguridad Inal&aacute;mbrica: WPA-PSK\/WPA2-PSK<br \/>&#8211; Funciones Avanzadas:<br \/>&nbsp; Modo Router\/ Punto de Acceso<br \/>&nbsp; Respaldo Ethernet Opcional<br \/>&nbsp; Red de Invitados<br \/>&nbsp; Tecnolog&iacute;a TP-Link:<br \/>&nbsp;&nbsp;&nbsp; MU-MIMO<br \/>&nbsp;&nbsp;&nbsp; Auto Path Selection<br \/>&nbsp;&nbsp;&nbsp; Self-Healing<br \/>&nbsp;&nbsp;&nbsp; AP Steering<br \/>&nbsp;&nbsp;&nbsp; Band Steering<br \/>&nbsp;&nbsp;&nbsp; Beamforming<\/td>\n<\/tr>\n<tr>\n<td><strong>Caracter&iacute;sticas Software<\/strong><\/td>\n<td>&#8211; Calidad de Servicio: WMM<br \/>&#8211; IPv6: Soportado<br \/>&#8211; Tipo de WAN: Dynamic IP\/Static IP\/PPPoE\/L2TP\/PPTP<br \/>&#8211; Gesti&oacute;n: Gesti&oacute;n Local y Remota<br \/>&#8211; DHCP: Servidor, Cliente<br \/>&#8211; Reenv&iacute;o de Puertos: Soportado<br \/>&#8211; Control de Acceso: Blacklist<br \/>&#8211; Seguridad Firewall: SPI Firewall<br \/>&#8211; Protocolos: Soporta IPv4 y IPv6<br \/>&#8211; Caracter&iacute;sticas Avanzadas: Control Parental<br \/>&nbsp; Calidad de Servicio (QoS)<br \/>&#8211; Funciones Avanzadas: Reportes Mensuales<br \/>&nbsp; Actualizaci&oacute;n autom&aacute;tica de FW<br \/>&nbsp; Expande el Wi-Fi agregando m&aacute;s unidades Deco<br \/>&#8211; Red de Invitados: 1 x red de Invitados 2.4GHz<br \/>&nbsp; 1 x red de Invitados 5GHz<br \/>&#8211; Beamforming: Soportado<br \/>&#8211; Aplicaci&oacute;n: F&aacute;cil Configuraci&oacute;n v&iacute;a Deco App<\/td>\n<\/tr>\n<tr>\n<td><strong>Contenido<\/strong><\/td>\n<td>&#8211; 3 x Unidades Deco<br \/>&#8211; 1 x RJ45 Cable Ethernet<br \/>&#8211; 3 x Adaptadores de corriente<br \/>&#8211; 1 x Gu&iacute;a de instalaci&oacute;n r&aacute;pida<\/td>\n<\/tr>\n<tr>\n<td><strong>Fecha de revisi&oacute;n<\/strong><\/td>\n<td>30-09-2020 por MSB<\/td>\n<\/tr>\n<\/tbody>\n<\/table>\n","protected":false},"excerpt":{"rendered":"<p>&#8211; Deco usa un sistema de unidades para lograr una cobertura Wi-Fi perfecta para el hogar &mdash; &iexcl;Elimina las zonas de baja se&ntilde;al de una vez por todas!&#8211; Con la avanzada tecnolog&iacute;a Deco Mesh, los dispositivos Deco trabajan juntos para formar una red unificada en tu hogar, con el mismo nombre de red. Los dispositivos&hellip;&nbsp;<a href=\"https:\/\/aivlisoft.net\/shop\/producto\/tp-link-deco-m43-pack-p-acceso-ac1200-wifi-mesh\/\" rel=\"bookmark\"><span class=\"screen-reader-text\">TP-LINK Deco M4(3-Pack) P Acceso AC1200 WiFi Mesh<\/span><\/a><\/p>\n","protected":false},"featured_media":19668,"template":"","meta":{"neve_meta_sidebar":"","neve_meta_container":"","neve_meta_enable_content_width":"","neve_meta_content_width":0,"neve_meta_title_alignment":"","neve_meta_author_avatar":"","neve_post_elements_order":"","neve_meta_disable_header":"","neve_meta_disable_footer":"","neve_meta_disable_title":""},"product_brand":[],"product_cat":[8770],"product_tag":[7089],"class_list":{"0":"post-19667","1":"product","2":"type-product","3":"status-publish","4":"has-post-thumbnail","6":"product_cat-puntos-de-acceso","7":"product_tag-deco-m43-pack","9":"first","10":"instock","11":"taxable","12":"shipping-taxable","13":"purchasable","14":"product-type-simple"},"yoast_head":"<!-- This site is optimized with the Yoast SEO plugin v26.0 - https:\/\/yoast.com\/wordpress\/plugins\/seo\/ -->\n<title>TP-LINK Deco M4(3-Pack) P Acceso AC1200 WiFi Mesh - Aivlisoft Inform\u00e1tica<\/title>\n<meta name=\"robots\" content=\"index, follow, max-snippet:-1, max-image-preview:large, max-video-preview:-1\" \/>\n<link rel=\"canonical\" href=\"https:\/\/aivlisoft.net\/shop\/producto\/tp-link-deco-m43-pack-p-acceso-ac1200-wifi-mesh\/\" \/>\n<meta property=\"og:locale\" content=\"es_ES\" \/>\n<meta property=\"og:type\" content=\"article\" \/>\n<meta property=\"og:title\" content=\"TP-LINK Deco M4(3-Pack) P Acceso AC1200 WiFi Mesh - Aivlisoft Inform\u00e1tica\" \/>\n<meta property=\"og:description\" content=\"&#8211; Deco usa un sistema de unidades para lograr una cobertura Wi-Fi perfecta para el hogar &mdash; &iexcl;Elimina las zonas de baja se&ntilde;al de una vez por todas!&#8211; Con la avanzada tecnolog&iacute;a Deco Mesh, los dispositivos Deco trabajan juntos para formar una red unificada en tu hogar, con el mismo nombre de red. Los dispositivos&hellip;&nbsp;TP-LINK Deco M4(3-Pack) P Acceso AC1200 WiFi Mesh\" \/>\n<meta property=\"og:url\" content=\"https:\/\/aivlisoft.net\/shop\/producto\/tp-link-deco-m43-pack-p-acceso-ac1200-wifi-mesh\/\" \/>\n<meta property=\"og:site_name\" content=\"Aivlisoft Inform\u00e1tica\" \/>\n<meta property=\"article:modified_time\" content=\"2025-01-14T11:46:31+00:00\" \/>\n<meta property=\"og:image\" content=\"https:\/\/aivlisoft.net\/shop\/wp-content\/uploads\/2025\/01\/NSWPAC0430_800.jpg\" \/>\n\t<meta property=\"og:image:width\" content=\"800\" \/>\n\t<meta property=\"og:image:height\" content=\"800\" \/>\n\t<meta property=\"og:image:type\" content=\"image\/jpeg\" \/>\n<meta name=\"twitter:card\" content=\"summary_large_image\" \/>\n<meta name=\"twitter:label1\" content=\"Tiempo de lectura\" \/>\n\t<meta name=\"twitter:data1\" content=\"3 minutos\" \/>\n<script type=\"application\/ld+json\" class=\"yoast-schema-graph\">{\"@context\":\"https:\/\/schema.org\",\"@graph\":[{\"@type\":\"WebPage\",\"@id\":\"https:\/\/aivlisoft.net\/shop\/producto\/tp-link-deco-m43-pack-p-acceso-ac1200-wifi-mesh\/\",\"url\":\"https:\/\/aivlisoft.net\/shop\/producto\/tp-link-deco-m43-pack-p-acceso-ac1200-wifi-mesh\/\",\"name\":\"TP-LINK Deco M4(3-Pack) P Acceso AC1200 WiFi Mesh - Aivlisoft Inform\u00e1tica\",\"isPartOf\":{\"@id\":\"https:\/\/aivlisoft.net\/shop\/#website\"},\"primaryImageOfPage\":{\"@id\":\"https:\/\/aivlisoft.net\/shop\/producto\/tp-link-deco-m43-pack-p-acceso-ac1200-wifi-mesh\/#primaryimage\"},\"image\":{\"@id\":\"https:\/\/aivlisoft.net\/shop\/producto\/tp-link-deco-m43-pack-p-acceso-ac1200-wifi-mesh\/#primaryimage\"},\"thumbnailUrl\":\"https:\/\/aivlisoft.net\/shop\/wp-content\/uploads\/2025\/01\/NSWPAC0430_800.jpg\",\"datePublished\":\"2025-01-13T15:34:57+00:00\",\"dateModified\":\"2025-01-14T11:46:31+00:00\",\"breadcrumb\":{\"@id\":\"https:\/\/aivlisoft.net\/shop\/producto\/tp-link-deco-m43-pack-p-acceso-ac1200-wifi-mesh\/#breadcrumb\"},\"inLanguage\":\"es\",\"potentialAction\":[{\"@type\":\"ReadAction\",\"target\":[\"https:\/\/aivlisoft.net\/shop\/producto\/tp-link-deco-m43-pack-p-acceso-ac1200-wifi-mesh\/\"]}]},{\"@type\":\"ImageObject\",\"inLanguage\":\"es\",\"@id\":\"https:\/\/aivlisoft.net\/shop\/producto\/tp-link-deco-m43-pack-p-acceso-ac1200-wifi-mesh\/#primaryimage\",\"url\":\"https:\/\/aivlisoft.net\/shop\/wp-content\/uploads\/2025\/01\/NSWPAC0430_800.jpg\",\"contentUrl\":\"https:\/\/aivlisoft.net\/shop\/wp-content\/uploads\/2025\/01\/NSWPAC0430_800.jpg\",\"width\":800,\"height\":800},{\"@type\":\"BreadcrumbList\",\"@id\":\"https:\/\/aivlisoft.net\/shop\/producto\/tp-link-deco-m43-pack-p-acceso-ac1200-wifi-mesh\/#breadcrumb\",\"itemListElement\":[{\"@type\":\"ListItem\",\"position\":1,\"name\":\"Portada\",\"item\":\"https:\/\/aivlisoft.net\/shop\/\"},{\"@type\":\"ListItem\",\"position\":2,\"name\":\"Tienda\",\"item\":\"https:\/\/aivlisoft.net\/shop\/tienda\/\"},{\"@type\":\"ListItem\",\"position\":3,\"name\":\"TP-LINK Deco M4(3-Pack) P Acceso AC1200 WiFi Mesh\"}]},{\"@type\":\"WebSite\",\"@id\":\"https:\/\/aivlisoft.net\/shop\/#website\",\"url\":\"https:\/\/aivlisoft.net\/shop\/\",\"name\":\"Aivlisoft Inform\u00e1tica\",\"description\":\"En Aivlisoft Inform\u00e1tica ofrecemos soluciones tecnol\u00f3gicas para empresas: venta de ordenadores, consumibles, perif\u00e9ricos y m\u00e1s. Calidad, atenci\u00f3n personalizada y los mejores precios para tu negocio.\",\"publisher\":{\"@id\":\"https:\/\/aivlisoft.net\/shop\/#organization\"},\"potentialAction\":[{\"@type\":\"SearchAction\",\"target\":{\"@type\":\"EntryPoint\",\"urlTemplate\":\"https:\/\/aivlisoft.net\/shop\/?s={search_term_string}\"},\"query-input\":{\"@type\":\"PropertyValueSpecification\",\"valueRequired\":true,\"valueName\":\"search_term_string\"}}],\"inLanguage\":\"es\"},{\"@type\":\"Organization\",\"@id\":\"https:\/\/aivlisoft.net\/shop\/#organization\",\"name\":\"Aivlisoft Inform\u00e1tica\",\"url\":\"https:\/\/aivlisoft.net\/shop\/\",\"logo\":{\"@type\":\"ImageObject\",\"inLanguage\":\"es\",\"@id\":\"https:\/\/aivlisoft.net\/shop\/#\/schema\/logo\/image\/\",\"url\":\"https:\/\/aivlisoft.net\/shop\/wp-content\/uploads\/2024\/12\/removal.ai_5b848c54-0cdf-4140-95c5-c5536bb7573b-logodef.png\",\"contentUrl\":\"https:\/\/aivlisoft.net\/shop\/wp-content\/uploads\/2024\/12\/removal.ai_5b848c54-0cdf-4140-95c5-c5536bb7573b-logodef.png\",\"width\":484,\"height\":182,\"caption\":\"Aivlisoft Inform\u00e1tica\"},\"image\":{\"@id\":\"https:\/\/aivlisoft.net\/shop\/#\/schema\/logo\/image\/\"}}]}<\/script>\n<!-- \/ Yoast SEO plugin. -->","yoast_head_json":{"title":"TP-LINK Deco M4(3-Pack) P Acceso AC1200 WiFi Mesh - Aivlisoft Inform\u00e1tica","robots":{"index":"index","follow":"follow","max-snippet":"max-snippet:-1","max-image-preview":"max-image-preview:large","max-video-preview":"max-video-preview:-1"},"canonical":"https:\/\/aivlisoft.net\/shop\/producto\/tp-link-deco-m43-pack-p-acceso-ac1200-wifi-mesh\/","og_locale":"es_ES","og_type":"article","og_title":"TP-LINK Deco M4(3-Pack) P Acceso AC1200 WiFi Mesh - Aivlisoft Inform\u00e1tica","og_description":"&#8211; Deco usa un sistema de unidades para lograr una cobertura Wi-Fi perfecta para el hogar &mdash; &iexcl;Elimina las zonas de baja se&ntilde;al de una vez por todas!&#8211; Con la avanzada tecnolog&iacute;a Deco Mesh, los dispositivos Deco trabajan juntos para formar una red unificada en tu hogar, con el mismo nombre de red. Los dispositivos&hellip;&nbsp;TP-LINK Deco M4(3-Pack) P Acceso AC1200 WiFi Mesh","og_url":"https:\/\/aivlisoft.net\/shop\/producto\/tp-link-deco-m43-pack-p-acceso-ac1200-wifi-mesh\/","og_site_name":"Aivlisoft Inform\u00e1tica","article_modified_time":"2025-01-14T11:46:31+00:00","og_image":[{"width":800,"height":800,"url":"https:\/\/aivlisoft.net\/shop\/wp-content\/uploads\/2025\/01\/NSWPAC0430_800.jpg","type":"image\/jpeg"}],"twitter_card":"summary_large_image","twitter_misc":{"Tiempo de lectura":"3 minutos"},"schema":{"@context":"https:\/\/schema.org","@graph":[{"@type":"WebPage","@id":"https:\/\/aivlisoft.net\/shop\/producto\/tp-link-deco-m43-pack-p-acceso-ac1200-wifi-mesh\/","url":"https:\/\/aivlisoft.net\/shop\/producto\/tp-link-deco-m43-pack-p-acceso-ac1200-wifi-mesh\/","name":"TP-LINK Deco M4(3-Pack) P Acceso AC1200 WiFi Mesh - Aivlisoft Inform\u00e1tica","isPartOf":{"@id":"https:\/\/aivlisoft.net\/shop\/#website"},"primaryImageOfPage":{"@id":"https:\/\/aivlisoft.net\/shop\/producto\/tp-link-deco-m43-pack-p-acceso-ac1200-wifi-mesh\/#primaryimage"},"image":{"@id":"https:\/\/aivlisoft.net\/shop\/producto\/tp-link-deco-m43-pack-p-acceso-ac1200-wifi-mesh\/#primaryimage"},"thumbnailUrl":"https:\/\/aivlisoft.net\/shop\/wp-content\/uploads\/2025\/01\/NSWPAC0430_800.jpg","datePublished":"2025-01-13T15:34:57+00:00","dateModified":"2025-01-14T11:46:31+00:00","breadcrumb":{"@id":"https:\/\/aivlisoft.net\/shop\/producto\/tp-link-deco-m43-pack-p-acceso-ac1200-wifi-mesh\/#breadcrumb"},"inLanguage":"es","potentialAction":[{"@type":"ReadAction","target":["https:\/\/aivlisoft.net\/shop\/producto\/tp-link-deco-m43-pack-p-acceso-ac1200-wifi-mesh\/"]}]},{"@type":"ImageObject","inLanguage":"es","@id":"https:\/\/aivlisoft.net\/shop\/producto\/tp-link-deco-m43-pack-p-acceso-ac1200-wifi-mesh\/#primaryimage","url":"https:\/\/aivlisoft.net\/shop\/wp-content\/uploads\/2025\/01\/NSWPAC0430_800.jpg","contentUrl":"https:\/\/aivlisoft.net\/shop\/wp-content\/uploads\/2025\/01\/NSWPAC0430_800.jpg","width":800,"height":800},{"@type":"BreadcrumbList","@id":"https:\/\/aivlisoft.net\/shop\/producto\/tp-link-deco-m43-pack-p-acceso-ac1200-wifi-mesh\/#breadcrumb","itemListElement":[{"@type":"ListItem","position":1,"name":"Portada","item":"https:\/\/aivlisoft.net\/shop\/"},{"@type":"ListItem","position":2,"name":"Tienda","item":"https:\/\/aivlisoft.net\/shop\/tienda\/"},{"@type":"ListItem","position":3,"name":"TP-LINK Deco M4(3-Pack) P Acceso AC1200 WiFi Mesh"}]},{"@type":"WebSite","@id":"https:\/\/aivlisoft.net\/shop\/#website","url":"https:\/\/aivlisoft.net\/shop\/","name":"Aivlisoft Inform\u00e1tica","description":"En Aivlisoft Inform\u00e1tica ofrecemos soluciones tecnol\u00f3gicas para empresas: venta de ordenadores, consumibles, perif\u00e9ricos y m\u00e1s. Calidad, atenci\u00f3n personalizada y los mejores precios para tu negocio.","publisher":{"@id":"https:\/\/aivlisoft.net\/shop\/#organization"},"potentialAction":[{"@type":"SearchAction","target":{"@type":"EntryPoint","urlTemplate":"https:\/\/aivlisoft.net\/shop\/?s={search_term_string}"},"query-input":{"@type":"PropertyValueSpecification","valueRequired":true,"valueName":"search_term_string"}}],"inLanguage":"es"},{"@type":"Organization","@id":"https:\/\/aivlisoft.net\/shop\/#organization","name":"Aivlisoft Inform\u00e1tica","url":"https:\/\/aivlisoft.net\/shop\/","logo":{"@type":"ImageObject","inLanguage":"es","@id":"https:\/\/aivlisoft.net\/shop\/#\/schema\/logo\/image\/","url":"https:\/\/aivlisoft.net\/shop\/wp-content\/uploads\/2024\/12\/removal.ai_5b848c54-0cdf-4140-95c5-c5536bb7573b-logodef.png","contentUrl":"https:\/\/aivlisoft.net\/shop\/wp-content\/uploads\/2024\/12\/removal.ai_5b848c54-0cdf-4140-95c5-c5536bb7573b-logodef.png","width":484,"height":182,"caption":"Aivlisoft Inform\u00e1tica"},"image":{"@id":"https:\/\/aivlisoft.net\/shop\/#\/schema\/logo\/image\/"}}]}},"_links":{"self":[{"href":"https:\/\/aivlisoft.net\/shop\/wp-json\/wp\/v2\/product\/19667","targetHints":{"allow":["GET"]}}],"collection":[{"href":"https:\/\/aivlisoft.net\/shop\/wp-json\/wp\/v2\/product"}],"about":[{"href":"https:\/\/aivlisoft.net\/shop\/wp-json\/wp\/v2\/types\/product"}],"wp:featuredmedia":[{"embeddable":true,"href":"https:\/\/aivlisoft.net\/shop\/wp-json\/wp\/v2\/media\/19668"}],"wp:attachment":[{"href":"https:\/\/aivlisoft.net\/shop\/wp-json\/wp\/v2\/media?parent=19667"}],"wp:term":[{"taxonomy":"product_brand","embeddable":true,"href":"https:\/\/aivlisoft.net\/shop\/wp-json\/wp\/v2\/product_brand?post=19667"},{"taxonomy":"product_cat","embeddable":true,"href":"https:\/\/aivlisoft.net\/shop\/wp-json\/wp\/v2\/product_cat?post=19667"},{"taxonomy":"product_tag","embeddable":true,"href":"https:\/\/aivlisoft.net\/shop\/wp-json\/wp\/v2\/product_tag?post=19667"}],"curies":[{"name":"wp","href":"https:\/\/api.w.org\/{rel}","templated":true}]}}