{"id":19662,"date":"2025-01-13T15:34:55","date_gmt":"2025-01-13T15:34:55","guid":{"rendered":"https:\/\/aivlisoft.com\/?post_type=product&#038;p=19662"},"modified":"2025-01-14T11:46:31","modified_gmt":"2025-01-14T11:46:31","slug":"d-link-dap-2662-punto-acceso-poe-wifi-ac1200-dual","status":"publish","type":"product","link":"https:\/\/aivlisoft.net\/shop\/producto\/d-link-dap-2662-punto-acceso-poe-wifi-ac1200-dual\/","title":{"rendered":"D-Link DAP-2662 Punto Acceso PoE WiFi AC1200 Dual"},"content":{"rendered":"<p><strong>WiFi4EU Ready<\/strong><br \/>Cumple o supera todos los requisitos de WiFi4EU. Compatible con todas las normas IEEE requeridas. Cumple con Hotspot 2.0 (Wi-Fi CERTIFIED Passpoint&reg;).<\/p>\n<p><strong>Wave 2 WiFi con Band Steering<\/strong><br \/>Velocidades inal&aacute;mbricas combinadas de hasta 1200 Mbps1. Dirige autom&aacute;ticamente el tr&aacute;fico a la banda m&aacute;s r&aacute;pida, menos congestionada.<\/p>\n<p><strong>MU-MIMO y Beamforming<\/strong><br \/>Permite conectar varios dispositivos simult&aacute;neamente, lo que mejora la eficiencia de la red en entornos de alta densidad de usuarios. Beamforming enfoca la se&ntilde;al Wi-Fi hacia cada cliente para mejorar el alcance y la calidad de la conexi&oacute;n.<\/p>\n<p><strong>Varios modos de funcionamiento<\/strong><br \/>Funciona como un punto de acceso, un Sistema de Distribuci&oacute;n Inal&aacute;mbrica (WDS), un WDS con punto de acceso o un cliente inal&aacute;mbrico.<\/p>\n<p><strong>Strong security with centralised network management<\/strong><br \/>Use as a standalone AP or manage centrally via free Nuclias Connect software. Supports WPA34\/WPA2\/WPA, wireless LAN segmentation and VLAN.<\/p>\n<p><strong>Seguridad de la red y privacidad de los datos<\/strong><br \/>Todas las comunicaciones del sistema est&aacute;n cifradas. Los datos del usuario siempre est&aacute;n protegidos.<\/p>\n<p><strong>Despliegue sencillo con PoE<\/strong><br \/>La alimentaci&oacute;n a trav&eacute;s del cable de datos Ethernet (PoE) 802.3at permite instalar el dispositivo f&aacute;cilmente y en m&aacute;s &aacute;reas donde las tomas de corriente no est&aacute;n f&aacute;cilmente disponibles.<\/p>\n<p>&#8211; 802.11ac Wave 2 wireless, hasta 1,2 Gbps1 con band steering<br \/>&#8211; WiFi4EU ready, 2&#215;2 MU-MIMO con beamforming<br \/>&#8211; Gigabit, puerto LAN con capacidad PoE<br \/>&#8211; Software gratuito de gesti&oacute;n unificada Nuclias Connect<\/p>\n<table class=\"tabla_caracteristicas k-table\" width=\"100%\">\n<tbody>\n<tr>\n<td valign=\"top\"><strong>Marca<\/strong><\/td>\n<td>D-Link<\/td>\n<\/tr>\n<tr>\n<td valign=\"top\"><strong>Modelo<\/strong><\/td>\n<td valign=\"top\"><strong>DAP-2662<\/strong><\/td>\n<\/tr>\n<tr>\n<td valign=\"top\"><strong>Caracter&iacute;sticas<\/strong><\/td>\n<td>&#8211; Tipo: AP administrado por software<br \/>&#8211; Est&aacute;ndar inal&aacute;mbrico: Wireless AC Wave 2<br \/>&#8211; Modo de banda de frecuencia: doble banda simult&aacute;nea<br \/>&#8211; Velocidad inal&aacute;mbrica: 300 Mbps 2,4 GHz<br \/>&nbsp; 867 Mbps 5 GHz<br \/>&#8211; Tipo de antena: antenas omnidireccionales integradas<br \/>&#8211; Ganancia de la antena: 3 dBi para 2,4 GHz<br \/>&nbsp; 4 dBi para 5 GHz<br \/>&#8211; Alimentaci&oacute;n a trav&eacute;s de Ethernet: s&iacute;<br \/>&#8211; Interfaz cableada: 1 x LAN Gigabit Ethernet<br \/>&#8211; Interior \/ exterior: Interior<br \/>&#8211; Tipo de carcasa: Pl&aacute;stico<br \/>&#8211; Modos inal&aacute;mbricos: Punto de acceso (AP)<br \/>&nbsp; Puente WDS<br \/>&nbsp; WDS con AP<br \/>&nbsp; Cliente inal&aacute;mbrico<br \/>&#8211; Funciones avanzadas: MU-MIMO<br \/>&nbsp; SmartBeam<br \/>&#8211; N&uacute;mero m&aacute;ximo de SSID: 16<br \/>&#8211; Selecci&oacute;n autom&aacute;tica de canales<br \/>&#8211; WMM-PS \/ 802.11e (U-APSD)<br \/>&#8211; Programador de Wi-Fi<br \/>&#8211; Equilibrio de carga de tr&aacute;fico AP<br \/>&#8211; Roaming L2<br \/>&#8211; WEP 64\/128 bits<br \/>&#8211; WPA \/ WPA2-Personal \/ Enterprise<br \/>&#8211; Cifrado TKIP \/ AES<br \/>&#8211; partici&oacute;n WLAN<br \/>&#8211; Desactivaci&oacute;n de transmisi&oacute;n SSID<br \/>&#8211; Aislamiento de la estaci&oacute;n<br \/>&#8211; filtrado de direcciones MAC<br \/>&#8211; Autenticaci&oacute;n 802.1X<br \/>&#8211; Servidor DHCP<br \/>&#8211; 802.1D STP<br \/>&#8211; Espionaje IGMP<br \/>&#8211; Suplantaci&oacute;n de ARP<br \/>&#8211; IPv6<br \/>&#8211; Plataforma de gesti&oacute;n: Nuclias Connect<br \/>&#8211; WEB<br \/>&#8211; CLI<br \/>&#8211; Telnet<br \/>&#8211; SSH<br \/>&#8211; Syslog<\/td>\n<\/tr>\n<tr>\n<td valign=\"top\"><strong>Fecha de revisi&oacute;n<\/strong><\/td>\n<td>14-08-2020 por MSB<\/td>\n<\/tr>\n<\/tbody>\n<\/table>\n","protected":false},"excerpt":{"rendered":"<p>WiFi4EU ReadyCumple o supera todos los requisitos de WiFi4EU. Compatible con todas las normas IEEE requeridas. Cumple con Hotspot 2.0 (Wi-Fi CERTIFIED Passpoint&reg;). Wave 2 WiFi con Band SteeringVelocidades inal&aacute;mbricas combinadas de hasta 1200 Mbps1. Dirige autom&aacute;ticamente el tr&aacute;fico a la banda m&aacute;s r&aacute;pida, menos congestionada. MU-MIMO y BeamformingPermite conectar varios dispositivos simult&aacute;neamente, lo que&hellip;&nbsp;<a href=\"https:\/\/aivlisoft.net\/shop\/producto\/d-link-dap-2662-punto-acceso-poe-wifi-ac1200-dual\/\" rel=\"bookmark\"><span class=\"screen-reader-text\">D-Link DAP-2662 Punto Acceso PoE WiFi AC1200 Dual<\/span><\/a><\/p>\n","protected":false},"featured_media":19663,"template":"","meta":{"neve_meta_sidebar":"","neve_meta_container":"","neve_meta_enable_content_width":"","neve_meta_content_width":0,"neve_meta_title_alignment":"","neve_meta_author_avatar":"","neve_post_elements_order":"","neve_meta_disable_header":"","neve_meta_disable_footer":"","neve_meta_disable_title":""},"product_brand":[],"product_cat":[8770],"product_tag":[7088],"class_list":{"0":"post-19662","1":"product","2":"type-product","3":"status-publish","4":"has-post-thumbnail","6":"product_cat-puntos-de-acceso","7":"product_tag-dap-2662","9":"first","10":"instock","11":"taxable","12":"shipping-taxable","13":"purchasable","14":"product-type-simple"},"yoast_head":"<!-- This site is optimized with the Yoast SEO plugin v26.0 - https:\/\/yoast.com\/wordpress\/plugins\/seo\/ -->\n<title>D-Link DAP-2662 Punto Acceso PoE WiFi AC1200 Dual - Aivlisoft Inform\u00e1tica<\/title>\n<meta name=\"robots\" content=\"index, follow, max-snippet:-1, max-image-preview:large, max-video-preview:-1\" \/>\n<link rel=\"canonical\" href=\"https:\/\/aivlisoft.net\/shop\/producto\/d-link-dap-2662-punto-acceso-poe-wifi-ac1200-dual\/\" \/>\n<meta property=\"og:locale\" content=\"es_ES\" \/>\n<meta property=\"og:type\" content=\"article\" \/>\n<meta property=\"og:title\" content=\"D-Link DAP-2662 Punto Acceso PoE WiFi AC1200 Dual - Aivlisoft Inform\u00e1tica\" \/>\n<meta property=\"og:description\" content=\"WiFi4EU ReadyCumple o supera todos los requisitos de WiFi4EU. Compatible con todas las normas IEEE requeridas. Cumple con Hotspot 2.0 (Wi-Fi CERTIFIED Passpoint&reg;). Wave 2 WiFi con Band SteeringVelocidades inal&aacute;mbricas combinadas de hasta 1200 Mbps1. Dirige autom&aacute;ticamente el tr&aacute;fico a la banda m&aacute;s r&aacute;pida, menos congestionada. MU-MIMO y BeamformingPermite conectar varios dispositivos simult&aacute;neamente, lo que&hellip;&nbsp;D-Link DAP-2662 Punto Acceso PoE WiFi AC1200 Dual\" \/>\n<meta property=\"og:url\" content=\"https:\/\/aivlisoft.net\/shop\/producto\/d-link-dap-2662-punto-acceso-poe-wifi-ac1200-dual\/\" \/>\n<meta property=\"og:site_name\" content=\"Aivlisoft Inform\u00e1tica\" \/>\n<meta property=\"article:modified_time\" content=\"2025-01-14T11:46:31+00:00\" \/>\n<meta property=\"og:image\" content=\"https:\/\/aivlisoft.net\/shop\/wp-content\/uploads\/2025\/01\/NSWPAC0429_800.jpg\" \/>\n\t<meta property=\"og:image:width\" content=\"800\" \/>\n\t<meta property=\"og:image:height\" content=\"800\" \/>\n\t<meta property=\"og:image:type\" content=\"image\/jpeg\" \/>\n<meta name=\"twitter:card\" content=\"summary_large_image\" \/>\n<meta name=\"twitter:label1\" content=\"Tiempo de lectura\" \/>\n\t<meta name=\"twitter:data1\" content=\"2 minutos\" \/>\n<script type=\"application\/ld+json\" class=\"yoast-schema-graph\">{\"@context\":\"https:\/\/schema.org\",\"@graph\":[{\"@type\":\"WebPage\",\"@id\":\"https:\/\/aivlisoft.net\/shop\/producto\/d-link-dap-2662-punto-acceso-poe-wifi-ac1200-dual\/\",\"url\":\"https:\/\/aivlisoft.net\/shop\/producto\/d-link-dap-2662-punto-acceso-poe-wifi-ac1200-dual\/\",\"name\":\"D-Link DAP-2662 Punto Acceso PoE WiFi AC1200 Dual - Aivlisoft Inform\u00e1tica\",\"isPartOf\":{\"@id\":\"https:\/\/aivlisoft.net\/shop\/#website\"},\"primaryImageOfPage\":{\"@id\":\"https:\/\/aivlisoft.net\/shop\/producto\/d-link-dap-2662-punto-acceso-poe-wifi-ac1200-dual\/#primaryimage\"},\"image\":{\"@id\":\"https:\/\/aivlisoft.net\/shop\/producto\/d-link-dap-2662-punto-acceso-poe-wifi-ac1200-dual\/#primaryimage\"},\"thumbnailUrl\":\"https:\/\/aivlisoft.net\/shop\/wp-content\/uploads\/2025\/01\/NSWPAC0429_800.jpg\",\"datePublished\":\"2025-01-13T15:34:55+00:00\",\"dateModified\":\"2025-01-14T11:46:31+00:00\",\"breadcrumb\":{\"@id\":\"https:\/\/aivlisoft.net\/shop\/producto\/d-link-dap-2662-punto-acceso-poe-wifi-ac1200-dual\/#breadcrumb\"},\"inLanguage\":\"es\",\"potentialAction\":[{\"@type\":\"ReadAction\",\"target\":[\"https:\/\/aivlisoft.net\/shop\/producto\/d-link-dap-2662-punto-acceso-poe-wifi-ac1200-dual\/\"]}]},{\"@type\":\"ImageObject\",\"inLanguage\":\"es\",\"@id\":\"https:\/\/aivlisoft.net\/shop\/producto\/d-link-dap-2662-punto-acceso-poe-wifi-ac1200-dual\/#primaryimage\",\"url\":\"https:\/\/aivlisoft.net\/shop\/wp-content\/uploads\/2025\/01\/NSWPAC0429_800.jpg\",\"contentUrl\":\"https:\/\/aivlisoft.net\/shop\/wp-content\/uploads\/2025\/01\/NSWPAC0429_800.jpg\",\"width\":800,\"height\":800},{\"@type\":\"BreadcrumbList\",\"@id\":\"https:\/\/aivlisoft.net\/shop\/producto\/d-link-dap-2662-punto-acceso-poe-wifi-ac1200-dual\/#breadcrumb\",\"itemListElement\":[{\"@type\":\"ListItem\",\"position\":1,\"name\":\"Portada\",\"item\":\"https:\/\/aivlisoft.net\/shop\/\"},{\"@type\":\"ListItem\",\"position\":2,\"name\":\"Tienda\",\"item\":\"https:\/\/aivlisoft.net\/shop\/tienda\/\"},{\"@type\":\"ListItem\",\"position\":3,\"name\":\"D-Link DAP-2662 Punto Acceso PoE WiFi AC1200 Dual\"}]},{\"@type\":\"WebSite\",\"@id\":\"https:\/\/aivlisoft.net\/shop\/#website\",\"url\":\"https:\/\/aivlisoft.net\/shop\/\",\"name\":\"Aivlisoft Inform\u00e1tica\",\"description\":\"En Aivlisoft Inform\u00e1tica ofrecemos soluciones tecnol\u00f3gicas para empresas: venta de ordenadores, consumibles, perif\u00e9ricos y m\u00e1s. Calidad, atenci\u00f3n personalizada y los mejores precios para tu negocio.\",\"publisher\":{\"@id\":\"https:\/\/aivlisoft.net\/shop\/#organization\"},\"potentialAction\":[{\"@type\":\"SearchAction\",\"target\":{\"@type\":\"EntryPoint\",\"urlTemplate\":\"https:\/\/aivlisoft.net\/shop\/?s={search_term_string}\"},\"query-input\":{\"@type\":\"PropertyValueSpecification\",\"valueRequired\":true,\"valueName\":\"search_term_string\"}}],\"inLanguage\":\"es\"},{\"@type\":\"Organization\",\"@id\":\"https:\/\/aivlisoft.net\/shop\/#organization\",\"name\":\"Aivlisoft Inform\u00e1tica\",\"url\":\"https:\/\/aivlisoft.net\/shop\/\",\"logo\":{\"@type\":\"ImageObject\",\"inLanguage\":\"es\",\"@id\":\"https:\/\/aivlisoft.net\/shop\/#\/schema\/logo\/image\/\",\"url\":\"https:\/\/aivlisoft.net\/shop\/wp-content\/uploads\/2024\/12\/removal.ai_5b848c54-0cdf-4140-95c5-c5536bb7573b-logodef.png\",\"contentUrl\":\"https:\/\/aivlisoft.net\/shop\/wp-content\/uploads\/2024\/12\/removal.ai_5b848c54-0cdf-4140-95c5-c5536bb7573b-logodef.png\",\"width\":484,\"height\":182,\"caption\":\"Aivlisoft Inform\u00e1tica\"},\"image\":{\"@id\":\"https:\/\/aivlisoft.net\/shop\/#\/schema\/logo\/image\/\"}}]}<\/script>\n<!-- \/ Yoast SEO plugin. -->","yoast_head_json":{"title":"D-Link DAP-2662 Punto Acceso PoE WiFi AC1200 Dual - Aivlisoft Inform\u00e1tica","robots":{"index":"index","follow":"follow","max-snippet":"max-snippet:-1","max-image-preview":"max-image-preview:large","max-video-preview":"max-video-preview:-1"},"canonical":"https:\/\/aivlisoft.net\/shop\/producto\/d-link-dap-2662-punto-acceso-poe-wifi-ac1200-dual\/","og_locale":"es_ES","og_type":"article","og_title":"D-Link DAP-2662 Punto Acceso PoE WiFi AC1200 Dual - Aivlisoft Inform\u00e1tica","og_description":"WiFi4EU ReadyCumple o supera todos los requisitos de WiFi4EU. Compatible con todas las normas IEEE requeridas. Cumple con Hotspot 2.0 (Wi-Fi CERTIFIED Passpoint&reg;). Wave 2 WiFi con Band SteeringVelocidades inal&aacute;mbricas combinadas de hasta 1200 Mbps1. Dirige autom&aacute;ticamente el tr&aacute;fico a la banda m&aacute;s r&aacute;pida, menos congestionada. MU-MIMO y BeamformingPermite conectar varios dispositivos simult&aacute;neamente, lo que&hellip;&nbsp;D-Link DAP-2662 Punto Acceso PoE WiFi AC1200 Dual","og_url":"https:\/\/aivlisoft.net\/shop\/producto\/d-link-dap-2662-punto-acceso-poe-wifi-ac1200-dual\/","og_site_name":"Aivlisoft Inform\u00e1tica","article_modified_time":"2025-01-14T11:46:31+00:00","og_image":[{"width":800,"height":800,"url":"https:\/\/aivlisoft.net\/shop\/wp-content\/uploads\/2025\/01\/NSWPAC0429_800.jpg","type":"image\/jpeg"}],"twitter_card":"summary_large_image","twitter_misc":{"Tiempo de lectura":"2 minutos"},"schema":{"@context":"https:\/\/schema.org","@graph":[{"@type":"WebPage","@id":"https:\/\/aivlisoft.net\/shop\/producto\/d-link-dap-2662-punto-acceso-poe-wifi-ac1200-dual\/","url":"https:\/\/aivlisoft.net\/shop\/producto\/d-link-dap-2662-punto-acceso-poe-wifi-ac1200-dual\/","name":"D-Link DAP-2662 Punto Acceso PoE WiFi AC1200 Dual - Aivlisoft Inform\u00e1tica","isPartOf":{"@id":"https:\/\/aivlisoft.net\/shop\/#website"},"primaryImageOfPage":{"@id":"https:\/\/aivlisoft.net\/shop\/producto\/d-link-dap-2662-punto-acceso-poe-wifi-ac1200-dual\/#primaryimage"},"image":{"@id":"https:\/\/aivlisoft.net\/shop\/producto\/d-link-dap-2662-punto-acceso-poe-wifi-ac1200-dual\/#primaryimage"},"thumbnailUrl":"https:\/\/aivlisoft.net\/shop\/wp-content\/uploads\/2025\/01\/NSWPAC0429_800.jpg","datePublished":"2025-01-13T15:34:55+00:00","dateModified":"2025-01-14T11:46:31+00:00","breadcrumb":{"@id":"https:\/\/aivlisoft.net\/shop\/producto\/d-link-dap-2662-punto-acceso-poe-wifi-ac1200-dual\/#breadcrumb"},"inLanguage":"es","potentialAction":[{"@type":"ReadAction","target":["https:\/\/aivlisoft.net\/shop\/producto\/d-link-dap-2662-punto-acceso-poe-wifi-ac1200-dual\/"]}]},{"@type":"ImageObject","inLanguage":"es","@id":"https:\/\/aivlisoft.net\/shop\/producto\/d-link-dap-2662-punto-acceso-poe-wifi-ac1200-dual\/#primaryimage","url":"https:\/\/aivlisoft.net\/shop\/wp-content\/uploads\/2025\/01\/NSWPAC0429_800.jpg","contentUrl":"https:\/\/aivlisoft.net\/shop\/wp-content\/uploads\/2025\/01\/NSWPAC0429_800.jpg","width":800,"height":800},{"@type":"BreadcrumbList","@id":"https:\/\/aivlisoft.net\/shop\/producto\/d-link-dap-2662-punto-acceso-poe-wifi-ac1200-dual\/#breadcrumb","itemListElement":[{"@type":"ListItem","position":1,"name":"Portada","item":"https:\/\/aivlisoft.net\/shop\/"},{"@type":"ListItem","position":2,"name":"Tienda","item":"https:\/\/aivlisoft.net\/shop\/tienda\/"},{"@type":"ListItem","position":3,"name":"D-Link DAP-2662 Punto Acceso PoE WiFi AC1200 Dual"}]},{"@type":"WebSite","@id":"https:\/\/aivlisoft.net\/shop\/#website","url":"https:\/\/aivlisoft.net\/shop\/","name":"Aivlisoft Inform\u00e1tica","description":"En Aivlisoft Inform\u00e1tica ofrecemos soluciones tecnol\u00f3gicas para empresas: venta de ordenadores, consumibles, perif\u00e9ricos y m\u00e1s. Calidad, atenci\u00f3n personalizada y los mejores precios para tu negocio.","publisher":{"@id":"https:\/\/aivlisoft.net\/shop\/#organization"},"potentialAction":[{"@type":"SearchAction","target":{"@type":"EntryPoint","urlTemplate":"https:\/\/aivlisoft.net\/shop\/?s={search_term_string}"},"query-input":{"@type":"PropertyValueSpecification","valueRequired":true,"valueName":"search_term_string"}}],"inLanguage":"es"},{"@type":"Organization","@id":"https:\/\/aivlisoft.net\/shop\/#organization","name":"Aivlisoft Inform\u00e1tica","url":"https:\/\/aivlisoft.net\/shop\/","logo":{"@type":"ImageObject","inLanguage":"es","@id":"https:\/\/aivlisoft.net\/shop\/#\/schema\/logo\/image\/","url":"https:\/\/aivlisoft.net\/shop\/wp-content\/uploads\/2024\/12\/removal.ai_5b848c54-0cdf-4140-95c5-c5536bb7573b-logodef.png","contentUrl":"https:\/\/aivlisoft.net\/shop\/wp-content\/uploads\/2024\/12\/removal.ai_5b848c54-0cdf-4140-95c5-c5536bb7573b-logodef.png","width":484,"height":182,"caption":"Aivlisoft Inform\u00e1tica"},"image":{"@id":"https:\/\/aivlisoft.net\/shop\/#\/schema\/logo\/image\/"}}]}},"_links":{"self":[{"href":"https:\/\/aivlisoft.net\/shop\/wp-json\/wp\/v2\/product\/19662","targetHints":{"allow":["GET"]}}],"collection":[{"href":"https:\/\/aivlisoft.net\/shop\/wp-json\/wp\/v2\/product"}],"about":[{"href":"https:\/\/aivlisoft.net\/shop\/wp-json\/wp\/v2\/types\/product"}],"wp:featuredmedia":[{"embeddable":true,"href":"https:\/\/aivlisoft.net\/shop\/wp-json\/wp\/v2\/media\/19663"}],"wp:attachment":[{"href":"https:\/\/aivlisoft.net\/shop\/wp-json\/wp\/v2\/media?parent=19662"}],"wp:term":[{"taxonomy":"product_brand","embeddable":true,"href":"https:\/\/aivlisoft.net\/shop\/wp-json\/wp\/v2\/product_brand?post=19662"},{"taxonomy":"product_cat","embeddable":true,"href":"https:\/\/aivlisoft.net\/shop\/wp-json\/wp\/v2\/product_cat?post=19662"},{"taxonomy":"product_tag","embeddable":true,"href":"https:\/\/aivlisoft.net\/shop\/wp-json\/wp\/v2\/product_tag?post=19662"}],"curies":[{"name":"wp","href":"https:\/\/api.w.org\/{rel}","templated":true}]}}