{"id":19657,"date":"2025-01-13T15:34:52","date_gmt":"2025-01-13T15:34:52","guid":{"rendered":"https:\/\/aivlisoft.com\/?post_type=product&#038;p=19657"},"modified":"2025-01-14T11:46:30","modified_gmt":"2025-01-14T11:46:30","slug":"tp-link-tl-wa801n-punto-acceso-2-4ghz-n300-wi-fi","status":"publish","type":"product","link":"https:\/\/aivlisoft.net\/shop\/producto\/tp-link-tl-wa801n-punto-acceso-2-4ghz-n300-wi-fi\/","title":{"rendered":"TP-LINK TL-WA801N Punto Acceso 2.4GHz N300 Wi-Fi"},"content":{"rendered":"<p>&#8211; Velocidad de transmisi&oacute;n inal&aacute;mbrica de 300 Mbps, provee una experiencia inal&aacute;mbrica N fluida<br \/>&#8211; Es compatible con m&uacute;ltiples modos de operaci&oacute;n: Punto de acceso, Cliente, Universal \/ Repetidor WDS, Puente Inal&aacute;mbrico<br \/>&#8211; F&aacute;cil configuraci&oacute;n de una conexi&oacute;n segura encriptada WPA al presionar el bot&oacute;n QSS<br \/>&#8211; Instalaci&oacute;n flexible: hasta 30 metros (100 pies) de distancia utilizando el inyector Power over Ethernet suministrado<br \/>&nbsp;<\/p>\n<table class=\"tabla_caracteristicas k-table\" width=\"100%\">\n<tr>\n<td valign=\"top\"><strong>Marca<\/strong><\/td>\n<td>TP-Link<\/td>\n<\/tr>\n<tr>\n<td valign=\"top\"><strong>Modelo<\/strong><\/td>\n<td><strong>TL-WA801N<\/strong><\/td>\n<\/tr>\n<tr>\n<td valign=\"top\"><strong>Caracter&iacute;sticas Hardware<\/strong><\/td>\n<td>&#8211; Fuente de Alimentaci&oacute;n Externa: 9VDC \/ 0.6A<br \/>\t\t\t&#8211; Est&aacute;ndares Inal&aacute;mbricos: IEEE 802.11n, IEEE 802.11g, IEEE 802.11b<br \/>\t\t\t&#8211; Dimensiones: 181 &times;125 &times;36mm (7.1 &times;4.9&times; 1.4 in.)<br \/>\t\t\t&#8211; Tipo de Antena: 2 * Antenas 5dBi Omnidireccional Fijas<br \/>\t\t\t<strong>Interfaz<\/strong><br \/>\t\t\t&#8211; Ethernet 10\/100 Mbps (RJ45)<br \/>\t\t\t&#8211; Soporte para PoE pasivo<br \/>\t\t\t<strong>Botones&nbsp;&nbsp; &nbsp;<\/strong><br \/>\t\t\t&#8211; Bot&oacute;n On\/Off<br \/>\t\t\t&#8211; Bot&oacute;n WPS<br \/>\t\t\t&#8211; Bot&oacute;n Reset<\/td>\n<\/tr>\n<tr>\n<td><strong>Caracter&iacute;sticas Inal&aacute;mbricas<\/strong><\/td>\n<td>&#8211; Frecuencia: 2.4-2.4835GHz<br \/>\t\t\t&#8211; Tasa de Se&ntilde;al: 300 Mbps en 2.4 GHz<br \/>\t\t\t&#8211; Seguridad Inal&aacute;mbrica: 64\/128\/152-bit WEP \/ WPA \/ WPA2,WPA-PSK \/ WPA2-PSK<br \/>\t\t\t&#8211; Calidad de Servicio: WMM<br \/>\t\t\t&#8211; Gesti&oacute;n: SNMP<br \/>\t\t\t&#8211; Funciones Avanzadas: Soporte PoE hasta 30 metros<br \/>\t\t\t<strong>Sensibilidad de Recepci&oacute;n<\/strong><br \/>\t\t\t&#8211; 11g 6Mbps: -90dBm<br \/>\t\t\t&#8211; 11g 54Mbps: -77dBm<br \/>\t\t\t&#8211; 11n HT20 MC7: -73dBm<br \/>\t\t\t&#8211; 11n HT40 MC7: -70dBm<br \/>\t\t\t&#8211; Potencia de Transmisi&oacute;n: &lt;20dBm(EIRP)<br \/>\t\t\t<strong>Modos Inal&aacute;mbricos&nbsp;&nbsp; &nbsp;<\/strong><br \/>\t\t\t&#8211; Punto de acceso<br \/>\t\t\t&#8211; M&uacute;ltiples SSID<br \/>\t\t\t&#8211; Modo cliente<br \/>\t\t\t&#8211; Modo extensor Wi-Fi<br \/>\t\t\t<strong>Funciones Inal&aacute;mbricas&nbsp;&nbsp; &nbsp;<\/strong><br \/>\t\t\t&#8211; Enable\/Disable Wireless Radio<br \/>\t\t\t&#8211; MAC Address Filter<\/td>\n<\/tr>\n<tr>\n<td><strong>Otras Caracter&iacute;sticas<\/strong><\/td>\n<td>&#8211; Certificaciones: CE, FCC, RoHS<br \/>\t\t\t<strong>Contenido del Paquete<\/strong><br \/>\t\t\t&#8211; Punto de acceso inal&aacute;mbrico TL-WA801ND<br \/>\t\t\t&#8211; Fuente de alimentaci&oacute;n<br \/>\t\t\t&#8211; Inyector de alimentaci&oacute;n PoE<br \/>\t\t\t&#8211; Gu&iacute;a de instalaci&oacute;n r&aacute;pida<br \/>\t\t\t&#8211; Cable Ethernet RJ45<br \/>\t\t\t<strong>Requisitos del sistema&nbsp;&nbsp; &nbsp;<\/strong><br \/>\t\t\t&#8211; Microsoft Windows 98SE, NT, 2000, XP, Vista&trade; o Windows 7, 10,<br \/>\t\t\t&#8211; MAC OS, NetWare, UNIX o Linux.<br \/>\t\t\t&#8211; Internet Explorer 11, Firefox 12.0, Chrome 20.0, Safari 4.0, o superior, otros navegadores con Java habilitado<br \/>\t\t\t&#8211; Cable o DSL Modem<br \/>\t\t\t&#8211; Para el acceso a internet, necesita una suscripci&oacute;n a un ISP<br \/>\t\t\t<strong>Factores Ambientales&nbsp;&nbsp; &nbsp;<\/strong><br \/>\t\t\t&#8211; Temperatura de funcionamiento: 0? ~ 40? (32? ~ 104?)<br \/>\t\t\t&#8211; Temperatura de almacenamiento: -40? ~ 70? (-40? ~ 158?)<br \/>\t\t\t&#8211; Humedad de funcionamiento: 10% ~ 90% sin condensaci&oacute;n<br \/>\t\t\t&#8211; Humedad de almacenamiento: 5% ~ 90% sin condensaci&oacute;n<\/td>\n<\/tr>\n<tr>\n<td><strong>Fecha de revisi&oacute;n<\/strong><\/td>\n<td>08-06-2021 por YMC<\/td>\n<\/tr>\n<\/table>\n","protected":false},"excerpt":{"rendered":"<p>&#8211; Velocidad de transmisi&oacute;n inal&aacute;mbrica de 300 Mbps, provee una experiencia inal&aacute;mbrica N fluida&#8211; Es compatible con m&uacute;ltiples modos de operaci&oacute;n: Punto de acceso, Cliente, Universal \/ Repetidor WDS, Puente Inal&aacute;mbrico&#8211; F&aacute;cil configuraci&oacute;n de una conexi&oacute;n segura encriptada WPA al presionar el bot&oacute;n QSS&#8211; Instalaci&oacute;n flexible: hasta 30 metros (100 pies) de distancia utilizando el&hellip;&nbsp;<a href=\"https:\/\/aivlisoft.net\/shop\/producto\/tp-link-tl-wa801n-punto-acceso-2-4ghz-n300-wi-fi\/\" rel=\"bookmark\"><span class=\"screen-reader-text\">TP-LINK TL-WA801N Punto Acceso 2.4GHz N300 Wi-Fi<\/span><\/a><\/p>\n","protected":false},"featured_media":19658,"template":"","meta":{"neve_meta_sidebar":"","neve_meta_container":"","neve_meta_enable_content_width":"","neve_meta_content_width":0,"neve_meta_title_alignment":"","neve_meta_author_avatar":"","neve_post_elements_order":"","neve_meta_disable_header":"","neve_meta_disable_footer":"","neve_meta_disable_title":""},"product_brand":[],"product_cat":[8770],"product_tag":[7087],"class_list":{"0":"post-19657","1":"product","2":"type-product","3":"status-publish","4":"has-post-thumbnail","6":"product_cat-puntos-de-acceso","7":"product_tag-tl-wa801n","9":"first","10":"instock","11":"taxable","12":"shipping-taxable","13":"purchasable","14":"product-type-simple"},"yoast_head":"<!-- This site is optimized with the Yoast SEO plugin v26.0 - https:\/\/yoast.com\/wordpress\/plugins\/seo\/ -->\n<title>TP-LINK TL-WA801N Punto Acceso 2.4GHz N300 Wi-Fi - Aivlisoft Inform\u00e1tica<\/title>\n<meta name=\"robots\" content=\"index, follow, max-snippet:-1, max-image-preview:large, max-video-preview:-1\" \/>\n<link rel=\"canonical\" href=\"https:\/\/aivlisoft.net\/shop\/producto\/tp-link-tl-wa801n-punto-acceso-2-4ghz-n300-wi-fi\/\" \/>\n<meta property=\"og:locale\" content=\"es_ES\" \/>\n<meta property=\"og:type\" content=\"article\" \/>\n<meta property=\"og:title\" content=\"TP-LINK TL-WA801N Punto Acceso 2.4GHz N300 Wi-Fi - Aivlisoft Inform\u00e1tica\" \/>\n<meta property=\"og:description\" content=\"&#8211; Velocidad de transmisi&oacute;n inal&aacute;mbrica de 300 Mbps, provee una experiencia inal&aacute;mbrica N fluida&#8211; Es compatible con m&uacute;ltiples modos de operaci&oacute;n: Punto de acceso, Cliente, Universal \/ Repetidor WDS, Puente Inal&aacute;mbrico&#8211; F&aacute;cil configuraci&oacute;n de una conexi&oacute;n segura encriptada WPA al presionar el bot&oacute;n QSS&#8211; Instalaci&oacute;n flexible: hasta 30 metros (100 pies) de distancia utilizando el&hellip;&nbsp;TP-LINK TL-WA801N Punto Acceso 2.4GHz N300 Wi-Fi\" \/>\n<meta property=\"og:url\" content=\"https:\/\/aivlisoft.net\/shop\/producto\/tp-link-tl-wa801n-punto-acceso-2-4ghz-n300-wi-fi\/\" \/>\n<meta property=\"og:site_name\" content=\"Aivlisoft Inform\u00e1tica\" \/>\n<meta property=\"article:modified_time\" content=\"2025-01-14T11:46:30+00:00\" \/>\n<meta property=\"og:image\" content=\"https:\/\/aivlisoft.net\/shop\/wp-content\/uploads\/2025\/01\/NSWPAC0427_800.jpg\" \/>\n\t<meta property=\"og:image:width\" content=\"800\" \/>\n\t<meta property=\"og:image:height\" content=\"800\" \/>\n\t<meta property=\"og:image:type\" content=\"image\/jpeg\" \/>\n<meta name=\"twitter:card\" content=\"summary_large_image\" \/>\n<meta name=\"twitter:label1\" content=\"Tiempo de lectura\" \/>\n\t<meta name=\"twitter:data1\" content=\"2 minutos\" \/>\n<script type=\"application\/ld+json\" class=\"yoast-schema-graph\">{\"@context\":\"https:\/\/schema.org\",\"@graph\":[{\"@type\":\"WebPage\",\"@id\":\"https:\/\/aivlisoft.net\/shop\/producto\/tp-link-tl-wa801n-punto-acceso-2-4ghz-n300-wi-fi\/\",\"url\":\"https:\/\/aivlisoft.net\/shop\/producto\/tp-link-tl-wa801n-punto-acceso-2-4ghz-n300-wi-fi\/\",\"name\":\"TP-LINK TL-WA801N Punto Acceso 2.4GHz N300 Wi-Fi - Aivlisoft Inform\u00e1tica\",\"isPartOf\":{\"@id\":\"https:\/\/aivlisoft.net\/shop\/#website\"},\"primaryImageOfPage\":{\"@id\":\"https:\/\/aivlisoft.net\/shop\/producto\/tp-link-tl-wa801n-punto-acceso-2-4ghz-n300-wi-fi\/#primaryimage\"},\"image\":{\"@id\":\"https:\/\/aivlisoft.net\/shop\/producto\/tp-link-tl-wa801n-punto-acceso-2-4ghz-n300-wi-fi\/#primaryimage\"},\"thumbnailUrl\":\"https:\/\/aivlisoft.net\/shop\/wp-content\/uploads\/2025\/01\/NSWPAC0427_800.jpg\",\"datePublished\":\"2025-01-13T15:34:52+00:00\",\"dateModified\":\"2025-01-14T11:46:30+00:00\",\"breadcrumb\":{\"@id\":\"https:\/\/aivlisoft.net\/shop\/producto\/tp-link-tl-wa801n-punto-acceso-2-4ghz-n300-wi-fi\/#breadcrumb\"},\"inLanguage\":\"es\",\"potentialAction\":[{\"@type\":\"ReadAction\",\"target\":[\"https:\/\/aivlisoft.net\/shop\/producto\/tp-link-tl-wa801n-punto-acceso-2-4ghz-n300-wi-fi\/\"]}]},{\"@type\":\"ImageObject\",\"inLanguage\":\"es\",\"@id\":\"https:\/\/aivlisoft.net\/shop\/producto\/tp-link-tl-wa801n-punto-acceso-2-4ghz-n300-wi-fi\/#primaryimage\",\"url\":\"https:\/\/aivlisoft.net\/shop\/wp-content\/uploads\/2025\/01\/NSWPAC0427_800.jpg\",\"contentUrl\":\"https:\/\/aivlisoft.net\/shop\/wp-content\/uploads\/2025\/01\/NSWPAC0427_800.jpg\",\"width\":800,\"height\":800},{\"@type\":\"BreadcrumbList\",\"@id\":\"https:\/\/aivlisoft.net\/shop\/producto\/tp-link-tl-wa801n-punto-acceso-2-4ghz-n300-wi-fi\/#breadcrumb\",\"itemListElement\":[{\"@type\":\"ListItem\",\"position\":1,\"name\":\"Portada\",\"item\":\"https:\/\/aivlisoft.net\/shop\/\"},{\"@type\":\"ListItem\",\"position\":2,\"name\":\"Tienda\",\"item\":\"https:\/\/aivlisoft.net\/shop\/tienda\/\"},{\"@type\":\"ListItem\",\"position\":3,\"name\":\"TP-LINK TL-WA801N Punto Acceso 2.4GHz N300 Wi-Fi\"}]},{\"@type\":\"WebSite\",\"@id\":\"https:\/\/aivlisoft.net\/shop\/#website\",\"url\":\"https:\/\/aivlisoft.net\/shop\/\",\"name\":\"Aivlisoft Inform\u00e1tica\",\"description\":\"En Aivlisoft Inform\u00e1tica ofrecemos soluciones tecnol\u00f3gicas para empresas: venta de ordenadores, consumibles, perif\u00e9ricos y m\u00e1s. Calidad, atenci\u00f3n personalizada y los mejores precios para tu negocio.\",\"publisher\":{\"@id\":\"https:\/\/aivlisoft.net\/shop\/#organization\"},\"potentialAction\":[{\"@type\":\"SearchAction\",\"target\":{\"@type\":\"EntryPoint\",\"urlTemplate\":\"https:\/\/aivlisoft.net\/shop\/?s={search_term_string}\"},\"query-input\":{\"@type\":\"PropertyValueSpecification\",\"valueRequired\":true,\"valueName\":\"search_term_string\"}}],\"inLanguage\":\"es\"},{\"@type\":\"Organization\",\"@id\":\"https:\/\/aivlisoft.net\/shop\/#organization\",\"name\":\"Aivlisoft Inform\u00e1tica\",\"url\":\"https:\/\/aivlisoft.net\/shop\/\",\"logo\":{\"@type\":\"ImageObject\",\"inLanguage\":\"es\",\"@id\":\"https:\/\/aivlisoft.net\/shop\/#\/schema\/logo\/image\/\",\"url\":\"https:\/\/aivlisoft.net\/shop\/wp-content\/uploads\/2024\/12\/removal.ai_5b848c54-0cdf-4140-95c5-c5536bb7573b-logodef.png\",\"contentUrl\":\"https:\/\/aivlisoft.net\/shop\/wp-content\/uploads\/2024\/12\/removal.ai_5b848c54-0cdf-4140-95c5-c5536bb7573b-logodef.png\",\"width\":484,\"height\":182,\"caption\":\"Aivlisoft Inform\u00e1tica\"},\"image\":{\"@id\":\"https:\/\/aivlisoft.net\/shop\/#\/schema\/logo\/image\/\"}}]}<\/script>\n<!-- \/ Yoast SEO plugin. -->","yoast_head_json":{"title":"TP-LINK TL-WA801N Punto Acceso 2.4GHz N300 Wi-Fi - Aivlisoft Inform\u00e1tica","robots":{"index":"index","follow":"follow","max-snippet":"max-snippet:-1","max-image-preview":"max-image-preview:large","max-video-preview":"max-video-preview:-1"},"canonical":"https:\/\/aivlisoft.net\/shop\/producto\/tp-link-tl-wa801n-punto-acceso-2-4ghz-n300-wi-fi\/","og_locale":"es_ES","og_type":"article","og_title":"TP-LINK TL-WA801N Punto Acceso 2.4GHz N300 Wi-Fi - Aivlisoft Inform\u00e1tica","og_description":"&#8211; Velocidad de transmisi&oacute;n inal&aacute;mbrica de 300 Mbps, provee una experiencia inal&aacute;mbrica N fluida&#8211; Es compatible con m&uacute;ltiples modos de operaci&oacute;n: Punto de acceso, Cliente, Universal \/ Repetidor WDS, Puente Inal&aacute;mbrico&#8211; F&aacute;cil configuraci&oacute;n de una conexi&oacute;n segura encriptada WPA al presionar el bot&oacute;n QSS&#8211; Instalaci&oacute;n flexible: hasta 30 metros (100 pies) de distancia utilizando el&hellip;&nbsp;TP-LINK TL-WA801N Punto Acceso 2.4GHz N300 Wi-Fi","og_url":"https:\/\/aivlisoft.net\/shop\/producto\/tp-link-tl-wa801n-punto-acceso-2-4ghz-n300-wi-fi\/","og_site_name":"Aivlisoft Inform\u00e1tica","article_modified_time":"2025-01-14T11:46:30+00:00","og_image":[{"width":800,"height":800,"url":"https:\/\/aivlisoft.net\/shop\/wp-content\/uploads\/2025\/01\/NSWPAC0427_800.jpg","type":"image\/jpeg"}],"twitter_card":"summary_large_image","twitter_misc":{"Tiempo de lectura":"2 minutos"},"schema":{"@context":"https:\/\/schema.org","@graph":[{"@type":"WebPage","@id":"https:\/\/aivlisoft.net\/shop\/producto\/tp-link-tl-wa801n-punto-acceso-2-4ghz-n300-wi-fi\/","url":"https:\/\/aivlisoft.net\/shop\/producto\/tp-link-tl-wa801n-punto-acceso-2-4ghz-n300-wi-fi\/","name":"TP-LINK TL-WA801N Punto Acceso 2.4GHz N300 Wi-Fi - Aivlisoft Inform\u00e1tica","isPartOf":{"@id":"https:\/\/aivlisoft.net\/shop\/#website"},"primaryImageOfPage":{"@id":"https:\/\/aivlisoft.net\/shop\/producto\/tp-link-tl-wa801n-punto-acceso-2-4ghz-n300-wi-fi\/#primaryimage"},"image":{"@id":"https:\/\/aivlisoft.net\/shop\/producto\/tp-link-tl-wa801n-punto-acceso-2-4ghz-n300-wi-fi\/#primaryimage"},"thumbnailUrl":"https:\/\/aivlisoft.net\/shop\/wp-content\/uploads\/2025\/01\/NSWPAC0427_800.jpg","datePublished":"2025-01-13T15:34:52+00:00","dateModified":"2025-01-14T11:46:30+00:00","breadcrumb":{"@id":"https:\/\/aivlisoft.net\/shop\/producto\/tp-link-tl-wa801n-punto-acceso-2-4ghz-n300-wi-fi\/#breadcrumb"},"inLanguage":"es","potentialAction":[{"@type":"ReadAction","target":["https:\/\/aivlisoft.net\/shop\/producto\/tp-link-tl-wa801n-punto-acceso-2-4ghz-n300-wi-fi\/"]}]},{"@type":"ImageObject","inLanguage":"es","@id":"https:\/\/aivlisoft.net\/shop\/producto\/tp-link-tl-wa801n-punto-acceso-2-4ghz-n300-wi-fi\/#primaryimage","url":"https:\/\/aivlisoft.net\/shop\/wp-content\/uploads\/2025\/01\/NSWPAC0427_800.jpg","contentUrl":"https:\/\/aivlisoft.net\/shop\/wp-content\/uploads\/2025\/01\/NSWPAC0427_800.jpg","width":800,"height":800},{"@type":"BreadcrumbList","@id":"https:\/\/aivlisoft.net\/shop\/producto\/tp-link-tl-wa801n-punto-acceso-2-4ghz-n300-wi-fi\/#breadcrumb","itemListElement":[{"@type":"ListItem","position":1,"name":"Portada","item":"https:\/\/aivlisoft.net\/shop\/"},{"@type":"ListItem","position":2,"name":"Tienda","item":"https:\/\/aivlisoft.net\/shop\/tienda\/"},{"@type":"ListItem","position":3,"name":"TP-LINK TL-WA801N Punto Acceso 2.4GHz N300 Wi-Fi"}]},{"@type":"WebSite","@id":"https:\/\/aivlisoft.net\/shop\/#website","url":"https:\/\/aivlisoft.net\/shop\/","name":"Aivlisoft Inform\u00e1tica","description":"En Aivlisoft Inform\u00e1tica ofrecemos soluciones tecnol\u00f3gicas para empresas: venta de ordenadores, consumibles, perif\u00e9ricos y m\u00e1s. Calidad, atenci\u00f3n personalizada y los mejores precios para tu negocio.","publisher":{"@id":"https:\/\/aivlisoft.net\/shop\/#organization"},"potentialAction":[{"@type":"SearchAction","target":{"@type":"EntryPoint","urlTemplate":"https:\/\/aivlisoft.net\/shop\/?s={search_term_string}"},"query-input":{"@type":"PropertyValueSpecification","valueRequired":true,"valueName":"search_term_string"}}],"inLanguage":"es"},{"@type":"Organization","@id":"https:\/\/aivlisoft.net\/shop\/#organization","name":"Aivlisoft Inform\u00e1tica","url":"https:\/\/aivlisoft.net\/shop\/","logo":{"@type":"ImageObject","inLanguage":"es","@id":"https:\/\/aivlisoft.net\/shop\/#\/schema\/logo\/image\/","url":"https:\/\/aivlisoft.net\/shop\/wp-content\/uploads\/2024\/12\/removal.ai_5b848c54-0cdf-4140-95c5-c5536bb7573b-logodef.png","contentUrl":"https:\/\/aivlisoft.net\/shop\/wp-content\/uploads\/2024\/12\/removal.ai_5b848c54-0cdf-4140-95c5-c5536bb7573b-logodef.png","width":484,"height":182,"caption":"Aivlisoft Inform\u00e1tica"},"image":{"@id":"https:\/\/aivlisoft.net\/shop\/#\/schema\/logo\/image\/"}}]}},"_links":{"self":[{"href":"https:\/\/aivlisoft.net\/shop\/wp-json\/wp\/v2\/product\/19657","targetHints":{"allow":["GET"]}}],"collection":[{"href":"https:\/\/aivlisoft.net\/shop\/wp-json\/wp\/v2\/product"}],"about":[{"href":"https:\/\/aivlisoft.net\/shop\/wp-json\/wp\/v2\/types\/product"}],"wp:featuredmedia":[{"embeddable":true,"href":"https:\/\/aivlisoft.net\/shop\/wp-json\/wp\/v2\/media\/19658"}],"wp:attachment":[{"href":"https:\/\/aivlisoft.net\/shop\/wp-json\/wp\/v2\/media?parent=19657"}],"wp:term":[{"taxonomy":"product_brand","embeddable":true,"href":"https:\/\/aivlisoft.net\/shop\/wp-json\/wp\/v2\/product_brand?post=19657"},{"taxonomy":"product_cat","embeddable":true,"href":"https:\/\/aivlisoft.net\/shop\/wp-json\/wp\/v2\/product_cat?post=19657"},{"taxonomy":"product_tag","embeddable":true,"href":"https:\/\/aivlisoft.net\/shop\/wp-json\/wp\/v2\/product_tag?post=19657"}],"curies":[{"name":"wp","href":"https:\/\/api.w.org\/{rel}","templated":true}]}}