{"id":19648,"date":"2025-01-13T15:34:47","date_gmt":"2025-01-13T15:34:47","guid":{"rendered":"https:\/\/aivlisoft.com\/?post_type=product&#038;p=19648"},"modified":"2025-01-14T11:46:28","modified_gmt":"2025-01-14T11:46:28","slug":"edimax-pro-punto-acceso-cap1300-dualband-poe-techo","status":"publish","type":"product","link":"https:\/\/aivlisoft.net\/shop\/producto\/edimax-pro-punto-acceso-cap1300-dualband-poe-techo\/","title":{"rendered":"Edimax PRO Punto Acceso CAP1300 DualBand PoE Techo"},"content":{"rendered":"<p>&nbsp;<\/p>\n<table class=\"tabla_caracteristicas k-table\" width=\"100%\">\n<tbody>\n<tr>\n<td valign=\"top\"><strong>Marca<\/strong><\/td>\n<td>Edimax Pro<\/td>\n<\/tr>\n<tr>\n<td valign=\"top\"><strong>Modelo<\/strong><\/td>\n<td valign=\"top\"><strong>CAP1300<\/strong><\/td>\n<\/tr>\n<tr>\n<td valign=\"top\"><strong>Caracter&iacute;sticas de hardware<\/strong><\/td>\n<td>&#8211; Interfaz LAN: 2 Giga<br \/>&#8211; PoE: LAN: entrada PoE<br \/>&#8211; Antena: 4 integradas PIFA<br \/>&nbsp; (2 x 2.4 GHz, 2 x 5 GHz)<br \/>&#8211; Ganancia: 4dBi (2.4 GHz), 5dBi (5 GHz) m&aacute;x.<br \/>&#8211; Alimentaci&oacute;n: CC: 12 V\/1 A. 802.3af (inyector PoE opcional)<br \/>&#8211; Dimensiones: 17.6 (D) x 3.2 (H) cm<br \/>&#8211; Peso: 342g<br \/>&#8211; Consumo de energ&iacute;a: 11W<br \/>&#8211; Montaje: Ceiling<br \/>&#8211; Restablecer<br \/>&#8211; Indicador LED: <br \/>&nbsp; LED de alimentaci&oacute;n<br \/>&nbsp; LED de diagn&oacute;stico<br \/>&#8211; Ahorro de energ&iacute;a: 802.3az<br \/>&#8211; Zumbador interno<br \/>&#8211; Carcasa: Clasificaci&oacute;n de inflamabilidad UL94-5VB<br \/>&#8211; Otros: Ranura de seguridad Kensington<\/td>\n<\/tr>\n<tr>\n<td valign=\"top\"><strong>Caracter&iacute;sticas de software<\/strong><\/td>\n<td>&#8211; Modo inal&aacute;mbrico: AP \/ AP WDS \/ Puente WDS \/ Cliente<br \/>&#8211; 802.1q VLAN:&nbsp; (VID = 1-4095)<br \/>&#8211; &Aacute;rbol de expansi&oacute;n: RSTP<br \/>&#8211; QoS: WMM (802.11e)<br \/>&#8211; N.&ordm; m&aacute;x. de estaciones asociadas<br \/>&#8211; Paso a trav&eacute;s: IPv6 and VPN (PPTP, L2TP\/IPsec)<br \/>&#8211; DSCP (802.1p)<br \/>&#8211; Velocidad multidifusi&oacute;n hasta 54 Mbps<br \/><strong>Seguridad<\/strong><br \/>&#8211; Cifrado: WEP \/ WPA \/ WPA2<br \/>&#8211; Aislamiento inal&aacute;mbrico L2<br \/>&#8211; Aislamiento de estaci&oacute;n<br \/>&#8211; Autenticador IEEE 802.1x<br \/>&#8211; Autenticaci&oacute;n EAP: PEAP<br \/>&#8211; SSID oculto<br \/>&#8211; Filtro direcci&oacute;n MAC<br \/>&#8211; STA inal&aacute;mbrico<br \/>&#8211; Detecci&oacute;n AP oculta (con NMS)<\/td>\n<\/tr>\n<tr>\n<td valign=\"top\"><strong>Caracter&iacute;sticas inal&aacute;mbricas<\/strong><\/td>\n<td>&#8211; Est&aacute;ndar: Doble banda simult&aacute;nea 802.11 a\/b\/g\/n\/ac<br \/>&#8211; N.&ordm; de radios: 2<br \/>&#8211; Sensibilidad del receptor: &le; -93Bm<br \/>&#8211; Certificaci&oacute;n: CE \/ FCC<br \/>&#8211; Itinerancia de datos r&aacute;pida 802.11 r\/k<br \/>&#8211; Direcci&oacute;n de banda<br \/>&#8211; Equidad de conexi&oacute;n<br \/>&#8211; Conformaci&oacute;n de haces<br \/>&#8211; N&uacute;mero de SSID: 16 (2.4GHz) + 16 (5GHz)<br \/><strong>Rendimiento<\/strong><br \/>&#8211; M&aacute;xima velocidad de datos: 400 + 867Mbps<br \/>&#8211; Clientes simult&aacute;neos: Hasta 100 por radio<\/td>\n<\/tr>\n<tr>\n<td valign=\"top\"><strong>Gesti&oacute;n<\/strong><\/td>\n<td>&#8211; Implementaci&oacute;n: Independiente<br \/>&#8211; Gestionado por Edimax Pro NMS<br \/>&#8211; Configuraci&oacute;n: HTTP \/ HTTPS<br \/>&#8211; SNMP v1, v2c, v3<br \/>&#8211; CLI (Telnet, SSH)<br \/>&#8211; Servidor RADIUS: Integrada<br \/>&#8211; Canal autom&aacute;tico<br \/>&#8211; MIB privado<\/td>\n<\/tr>\n<tr>\n<td valign=\"top\"><strong>Contenido<\/strong><\/td>\n<td>&#8211; Punto de acceso: Punto de acceso PoE para montaje de techo AC1300<br \/>&#8211; Soporte para montaje: techo y kit con soporte de montaje con riel en T<br \/>&#8211; Adaptador de corriente: Adaptador de corriente de 12 V \/ 1 A<br \/>&#8211; Cable: Cable Ethernet<br \/>&#8211; CD \/ Gu&iacute;a de instalaci&oacute;n r&aacute;pida: CD (Manual de usuario y Gu&iacute;a de instalaci&oacute;n r&aacute;pida multiling&uuml;e) \/ Gu&iacute;a de instalaci&oacute;n r&aacute;pida impresa en ingl&eacute;s<\/td>\n<\/tr>\n<tr>\n<td valign=\"top\"><strong>Fecha de revisi&oacute;n<\/strong><\/td>\n<td>22-10-2020 por MPM<\/td>\n<\/tr>\n<\/tbody>\n<\/table>\n","protected":false},"excerpt":{"rendered":"<p>&nbsp; Marca Edimax Pro Modelo CAP1300 Caracter&iacute;sticas de hardware &#8211; Interfaz LAN: 2 Giga&#8211; PoE: LAN: entrada PoE&#8211; Antena: 4 integradas PIFA&nbsp; (2 x 2.4 GHz, 2 x 5 GHz)&#8211; Ganancia: 4dBi (2.4 GHz), 5dBi (5 GHz) m&aacute;x.&#8211; Alimentaci&oacute;n: CC: 12 V\/1 A. 802.3af (inyector PoE opcional)&#8211; Dimensiones: 17.6 (D) x 3.2 (H) cm&#8211; Peso:&hellip;&nbsp;<a href=\"https:\/\/aivlisoft.net\/shop\/producto\/edimax-pro-punto-acceso-cap1300-dualband-poe-techo\/\" rel=\"bookmark\"><span class=\"screen-reader-text\">Edimax PRO Punto Acceso CAP1300 DualBand PoE Techo<\/span><\/a><\/p>\n","protected":false},"featured_media":19649,"template":"","meta":{"neve_meta_sidebar":"","neve_meta_container":"","neve_meta_enable_content_width":"","neve_meta_content_width":0,"neve_meta_title_alignment":"","neve_meta_author_avatar":"","neve_post_elements_order":"","neve_meta_disable_header":"","neve_meta_disable_footer":"","neve_meta_disable_title":""},"product_brand":[],"product_cat":[8770],"product_tag":[7085],"class_list":{"0":"post-19648","1":"product","2":"type-product","3":"status-publish","4":"has-post-thumbnail","6":"product_cat-puntos-de-acceso","7":"product_tag-cap1300","9":"first","10":"instock","11":"taxable","12":"shipping-taxable","13":"purchasable","14":"product-type-simple"},"yoast_head":"<!-- This site is optimized with the Yoast SEO plugin v26.0 - https:\/\/yoast.com\/wordpress\/plugins\/seo\/ -->\n<title>Edimax PRO Punto Acceso CAP1300 DualBand PoE Techo - Aivlisoft Inform\u00e1tica<\/title>\n<meta name=\"robots\" content=\"index, follow, max-snippet:-1, max-image-preview:large, max-video-preview:-1\" \/>\n<link rel=\"canonical\" href=\"https:\/\/aivlisoft.net\/shop\/producto\/edimax-pro-punto-acceso-cap1300-dualband-poe-techo\/\" \/>\n<meta property=\"og:locale\" content=\"es_ES\" \/>\n<meta property=\"og:type\" content=\"article\" \/>\n<meta property=\"og:title\" content=\"Edimax PRO Punto Acceso CAP1300 DualBand PoE Techo - Aivlisoft Inform\u00e1tica\" \/>\n<meta property=\"og:description\" content=\"&nbsp; Marca Edimax Pro Modelo CAP1300 Caracter&iacute;sticas de hardware &#8211; Interfaz LAN: 2 Giga&#8211; PoE: LAN: entrada PoE&#8211; Antena: 4 integradas PIFA&nbsp; (2 x 2.4 GHz, 2 x 5 GHz)&#8211; Ganancia: 4dBi (2.4 GHz), 5dBi (5 GHz) m&aacute;x.&#8211; Alimentaci&oacute;n: CC: 12 V\/1 A. 802.3af (inyector PoE opcional)&#8211; Dimensiones: 17.6 (D) x 3.2 (H) cm&#8211; Peso:&hellip;&nbsp;Edimax PRO Punto Acceso CAP1300 DualBand PoE Techo\" \/>\n<meta property=\"og:url\" content=\"https:\/\/aivlisoft.net\/shop\/producto\/edimax-pro-punto-acceso-cap1300-dualband-poe-techo\/\" \/>\n<meta property=\"og:site_name\" content=\"Aivlisoft Inform\u00e1tica\" \/>\n<meta property=\"article:modified_time\" content=\"2025-01-14T11:46:28+00:00\" \/>\n<meta property=\"og:image\" content=\"https:\/\/aivlisoft.net\/shop\/wp-content\/uploads\/2025\/01\/NSWPAC0425_800.jpg\" \/>\n\t<meta property=\"og:image:width\" content=\"800\" \/>\n\t<meta property=\"og:image:height\" content=\"800\" \/>\n\t<meta property=\"og:image:type\" content=\"image\/jpeg\" \/>\n<meta name=\"twitter:card\" content=\"summary_large_image\" \/>\n<meta name=\"twitter:label1\" content=\"Tiempo de lectura\" \/>\n\t<meta name=\"twitter:data1\" content=\"2 minutos\" \/>\n<script type=\"application\/ld+json\" class=\"yoast-schema-graph\">{\"@context\":\"https:\/\/schema.org\",\"@graph\":[{\"@type\":\"WebPage\",\"@id\":\"https:\/\/aivlisoft.net\/shop\/producto\/edimax-pro-punto-acceso-cap1300-dualband-poe-techo\/\",\"url\":\"https:\/\/aivlisoft.net\/shop\/producto\/edimax-pro-punto-acceso-cap1300-dualband-poe-techo\/\",\"name\":\"Edimax PRO Punto Acceso CAP1300 DualBand PoE Techo - Aivlisoft Inform\u00e1tica\",\"isPartOf\":{\"@id\":\"https:\/\/aivlisoft.net\/shop\/#website\"},\"primaryImageOfPage\":{\"@id\":\"https:\/\/aivlisoft.net\/shop\/producto\/edimax-pro-punto-acceso-cap1300-dualband-poe-techo\/#primaryimage\"},\"image\":{\"@id\":\"https:\/\/aivlisoft.net\/shop\/producto\/edimax-pro-punto-acceso-cap1300-dualband-poe-techo\/#primaryimage\"},\"thumbnailUrl\":\"https:\/\/aivlisoft.net\/shop\/wp-content\/uploads\/2025\/01\/NSWPAC0425_800.jpg\",\"datePublished\":\"2025-01-13T15:34:47+00:00\",\"dateModified\":\"2025-01-14T11:46:28+00:00\",\"breadcrumb\":{\"@id\":\"https:\/\/aivlisoft.net\/shop\/producto\/edimax-pro-punto-acceso-cap1300-dualband-poe-techo\/#breadcrumb\"},\"inLanguage\":\"es\",\"potentialAction\":[{\"@type\":\"ReadAction\",\"target\":[\"https:\/\/aivlisoft.net\/shop\/producto\/edimax-pro-punto-acceso-cap1300-dualband-poe-techo\/\"]}]},{\"@type\":\"ImageObject\",\"inLanguage\":\"es\",\"@id\":\"https:\/\/aivlisoft.net\/shop\/producto\/edimax-pro-punto-acceso-cap1300-dualband-poe-techo\/#primaryimage\",\"url\":\"https:\/\/aivlisoft.net\/shop\/wp-content\/uploads\/2025\/01\/NSWPAC0425_800.jpg\",\"contentUrl\":\"https:\/\/aivlisoft.net\/shop\/wp-content\/uploads\/2025\/01\/NSWPAC0425_800.jpg\",\"width\":800,\"height\":800},{\"@type\":\"BreadcrumbList\",\"@id\":\"https:\/\/aivlisoft.net\/shop\/producto\/edimax-pro-punto-acceso-cap1300-dualband-poe-techo\/#breadcrumb\",\"itemListElement\":[{\"@type\":\"ListItem\",\"position\":1,\"name\":\"Portada\",\"item\":\"https:\/\/aivlisoft.net\/shop\/\"},{\"@type\":\"ListItem\",\"position\":2,\"name\":\"Tienda\",\"item\":\"https:\/\/aivlisoft.net\/shop\/tienda\/\"},{\"@type\":\"ListItem\",\"position\":3,\"name\":\"Edimax PRO Punto Acceso CAP1300 DualBand PoE Techo\"}]},{\"@type\":\"WebSite\",\"@id\":\"https:\/\/aivlisoft.net\/shop\/#website\",\"url\":\"https:\/\/aivlisoft.net\/shop\/\",\"name\":\"Aivlisoft Inform\u00e1tica\",\"description\":\"En Aivlisoft Inform\u00e1tica ofrecemos soluciones tecnol\u00f3gicas para empresas: venta de ordenadores, consumibles, perif\u00e9ricos y m\u00e1s. Calidad, atenci\u00f3n personalizada y los mejores precios para tu negocio.\",\"publisher\":{\"@id\":\"https:\/\/aivlisoft.net\/shop\/#organization\"},\"potentialAction\":[{\"@type\":\"SearchAction\",\"target\":{\"@type\":\"EntryPoint\",\"urlTemplate\":\"https:\/\/aivlisoft.net\/shop\/?s={search_term_string}\"},\"query-input\":{\"@type\":\"PropertyValueSpecification\",\"valueRequired\":true,\"valueName\":\"search_term_string\"}}],\"inLanguage\":\"es\"},{\"@type\":\"Organization\",\"@id\":\"https:\/\/aivlisoft.net\/shop\/#organization\",\"name\":\"Aivlisoft Inform\u00e1tica\",\"url\":\"https:\/\/aivlisoft.net\/shop\/\",\"logo\":{\"@type\":\"ImageObject\",\"inLanguage\":\"es\",\"@id\":\"https:\/\/aivlisoft.net\/shop\/#\/schema\/logo\/image\/\",\"url\":\"https:\/\/aivlisoft.net\/shop\/wp-content\/uploads\/2024\/12\/removal.ai_5b848c54-0cdf-4140-95c5-c5536bb7573b-logodef.png\",\"contentUrl\":\"https:\/\/aivlisoft.net\/shop\/wp-content\/uploads\/2024\/12\/removal.ai_5b848c54-0cdf-4140-95c5-c5536bb7573b-logodef.png\",\"width\":484,\"height\":182,\"caption\":\"Aivlisoft Inform\u00e1tica\"},\"image\":{\"@id\":\"https:\/\/aivlisoft.net\/shop\/#\/schema\/logo\/image\/\"}}]}<\/script>\n<!-- \/ Yoast SEO plugin. -->","yoast_head_json":{"title":"Edimax PRO Punto Acceso CAP1300 DualBand PoE Techo - Aivlisoft Inform\u00e1tica","robots":{"index":"index","follow":"follow","max-snippet":"max-snippet:-1","max-image-preview":"max-image-preview:large","max-video-preview":"max-video-preview:-1"},"canonical":"https:\/\/aivlisoft.net\/shop\/producto\/edimax-pro-punto-acceso-cap1300-dualband-poe-techo\/","og_locale":"es_ES","og_type":"article","og_title":"Edimax PRO Punto Acceso CAP1300 DualBand PoE Techo - Aivlisoft Inform\u00e1tica","og_description":"&nbsp; Marca Edimax Pro Modelo CAP1300 Caracter&iacute;sticas de hardware &#8211; Interfaz LAN: 2 Giga&#8211; PoE: LAN: entrada PoE&#8211; Antena: 4 integradas PIFA&nbsp; (2 x 2.4 GHz, 2 x 5 GHz)&#8211; Ganancia: 4dBi (2.4 GHz), 5dBi (5 GHz) m&aacute;x.&#8211; Alimentaci&oacute;n: CC: 12 V\/1 A. 802.3af (inyector PoE opcional)&#8211; Dimensiones: 17.6 (D) x 3.2 (H) cm&#8211; Peso:&hellip;&nbsp;Edimax PRO Punto Acceso CAP1300 DualBand PoE Techo","og_url":"https:\/\/aivlisoft.net\/shop\/producto\/edimax-pro-punto-acceso-cap1300-dualband-poe-techo\/","og_site_name":"Aivlisoft Inform\u00e1tica","article_modified_time":"2025-01-14T11:46:28+00:00","og_image":[{"width":800,"height":800,"url":"https:\/\/aivlisoft.net\/shop\/wp-content\/uploads\/2025\/01\/NSWPAC0425_800.jpg","type":"image\/jpeg"}],"twitter_card":"summary_large_image","twitter_misc":{"Tiempo de lectura":"2 minutos"},"schema":{"@context":"https:\/\/schema.org","@graph":[{"@type":"WebPage","@id":"https:\/\/aivlisoft.net\/shop\/producto\/edimax-pro-punto-acceso-cap1300-dualband-poe-techo\/","url":"https:\/\/aivlisoft.net\/shop\/producto\/edimax-pro-punto-acceso-cap1300-dualband-poe-techo\/","name":"Edimax PRO Punto Acceso CAP1300 DualBand PoE Techo - Aivlisoft Inform\u00e1tica","isPartOf":{"@id":"https:\/\/aivlisoft.net\/shop\/#website"},"primaryImageOfPage":{"@id":"https:\/\/aivlisoft.net\/shop\/producto\/edimax-pro-punto-acceso-cap1300-dualband-poe-techo\/#primaryimage"},"image":{"@id":"https:\/\/aivlisoft.net\/shop\/producto\/edimax-pro-punto-acceso-cap1300-dualband-poe-techo\/#primaryimage"},"thumbnailUrl":"https:\/\/aivlisoft.net\/shop\/wp-content\/uploads\/2025\/01\/NSWPAC0425_800.jpg","datePublished":"2025-01-13T15:34:47+00:00","dateModified":"2025-01-14T11:46:28+00:00","breadcrumb":{"@id":"https:\/\/aivlisoft.net\/shop\/producto\/edimax-pro-punto-acceso-cap1300-dualband-poe-techo\/#breadcrumb"},"inLanguage":"es","potentialAction":[{"@type":"ReadAction","target":["https:\/\/aivlisoft.net\/shop\/producto\/edimax-pro-punto-acceso-cap1300-dualband-poe-techo\/"]}]},{"@type":"ImageObject","inLanguage":"es","@id":"https:\/\/aivlisoft.net\/shop\/producto\/edimax-pro-punto-acceso-cap1300-dualband-poe-techo\/#primaryimage","url":"https:\/\/aivlisoft.net\/shop\/wp-content\/uploads\/2025\/01\/NSWPAC0425_800.jpg","contentUrl":"https:\/\/aivlisoft.net\/shop\/wp-content\/uploads\/2025\/01\/NSWPAC0425_800.jpg","width":800,"height":800},{"@type":"BreadcrumbList","@id":"https:\/\/aivlisoft.net\/shop\/producto\/edimax-pro-punto-acceso-cap1300-dualband-poe-techo\/#breadcrumb","itemListElement":[{"@type":"ListItem","position":1,"name":"Portada","item":"https:\/\/aivlisoft.net\/shop\/"},{"@type":"ListItem","position":2,"name":"Tienda","item":"https:\/\/aivlisoft.net\/shop\/tienda\/"},{"@type":"ListItem","position":3,"name":"Edimax PRO Punto Acceso CAP1300 DualBand PoE Techo"}]},{"@type":"WebSite","@id":"https:\/\/aivlisoft.net\/shop\/#website","url":"https:\/\/aivlisoft.net\/shop\/","name":"Aivlisoft Inform\u00e1tica","description":"En Aivlisoft Inform\u00e1tica ofrecemos soluciones tecnol\u00f3gicas para empresas: venta de ordenadores, consumibles, perif\u00e9ricos y m\u00e1s. Calidad, atenci\u00f3n personalizada y los mejores precios para tu negocio.","publisher":{"@id":"https:\/\/aivlisoft.net\/shop\/#organization"},"potentialAction":[{"@type":"SearchAction","target":{"@type":"EntryPoint","urlTemplate":"https:\/\/aivlisoft.net\/shop\/?s={search_term_string}"},"query-input":{"@type":"PropertyValueSpecification","valueRequired":true,"valueName":"search_term_string"}}],"inLanguage":"es"},{"@type":"Organization","@id":"https:\/\/aivlisoft.net\/shop\/#organization","name":"Aivlisoft Inform\u00e1tica","url":"https:\/\/aivlisoft.net\/shop\/","logo":{"@type":"ImageObject","inLanguage":"es","@id":"https:\/\/aivlisoft.net\/shop\/#\/schema\/logo\/image\/","url":"https:\/\/aivlisoft.net\/shop\/wp-content\/uploads\/2024\/12\/removal.ai_5b848c54-0cdf-4140-95c5-c5536bb7573b-logodef.png","contentUrl":"https:\/\/aivlisoft.net\/shop\/wp-content\/uploads\/2024\/12\/removal.ai_5b848c54-0cdf-4140-95c5-c5536bb7573b-logodef.png","width":484,"height":182,"caption":"Aivlisoft Inform\u00e1tica"},"image":{"@id":"https:\/\/aivlisoft.net\/shop\/#\/schema\/logo\/image\/"}}]}},"_links":{"self":[{"href":"https:\/\/aivlisoft.net\/shop\/wp-json\/wp\/v2\/product\/19648","targetHints":{"allow":["GET"]}}],"collection":[{"href":"https:\/\/aivlisoft.net\/shop\/wp-json\/wp\/v2\/product"}],"about":[{"href":"https:\/\/aivlisoft.net\/shop\/wp-json\/wp\/v2\/types\/product"}],"wp:featuredmedia":[{"embeddable":true,"href":"https:\/\/aivlisoft.net\/shop\/wp-json\/wp\/v2\/media\/19649"}],"wp:attachment":[{"href":"https:\/\/aivlisoft.net\/shop\/wp-json\/wp\/v2\/media?parent=19648"}],"wp:term":[{"taxonomy":"product_brand","embeddable":true,"href":"https:\/\/aivlisoft.net\/shop\/wp-json\/wp\/v2\/product_brand?post=19648"},{"taxonomy":"product_cat","embeddable":true,"href":"https:\/\/aivlisoft.net\/shop\/wp-json\/wp\/v2\/product_cat?post=19648"},{"taxonomy":"product_tag","embeddable":true,"href":"https:\/\/aivlisoft.net\/shop\/wp-json\/wp\/v2\/product_tag?post=19648"}],"curies":[{"name":"wp","href":"https:\/\/api.w.org\/{rel}","templated":true}]}}