{"id":19624,"date":"2025-01-13T15:34:31","date_gmt":"2025-01-13T15:34:31","guid":{"rendered":"https:\/\/aivlisoft.com\/?post_type=product&#038;p=19624"},"modified":"2025-01-14T11:46:19","modified_gmt":"2025-01-14T11:46:19","slug":"fritz-repeater-2400-extensor-repetidor-ac1733","status":"publish","type":"product","link":"https:\/\/aivlisoft.net\/shop\/producto\/fritz-repeater-2400-extensor-repetidor-ac1733\/","title":{"rendered":"FRITZ! Repeater 2400 Extensor Repetidor AC1733"},"content":{"rendered":"<p><strong>WiFi Mesh con FRITZ!<\/strong><br \/>Con FRITZ! podr&aacute; ampliar su red inal&aacute;mbrica tanto como necesite con tan solo presionar un bot&oacute;n. Combine su FRITZ!Box con cualquier modelo de repetidor FRITZ!WLAN y un PLC de la gama FRITZ!Powerline con WiFi. Con ello, su red dom&eacute;stica podr&aacute; adaptarse a sus necesidades individuales y usted podr&aacute; disfrutar de toda la comodidad del WiFi Mesh con FRITZ!.<\/p>\n<p><strong>Aumentar r&aacute;pidamente el alcance de la red inal&aacute;mbrica<\/strong><br \/>FRITZ!WLAN Repeater aumenta de forma f&aacute;cil y eficiente el alcance de las redes inal&aacute;mbricas existentes. Se trata de la soluci&oacute;n ideal para disponer de mayor cobertura WiFi en toda la casa.<\/p>\n<p><strong>WiFi Dual AC+N con hasta 1.733 Mbps<\/strong><br \/>FRITZ!Repeater proporciona las mejores conexiones con hasta 1.733 Mbps en la banda de 5 GHz y 600 Mbps en la banda de 2,4 GHz. La selecci&oacute;n inteligente de banda (Cross Band Repeting din&aacute;mico) permite a FRITZ!Repeater elegir siempre el camino m&aacute;s eficiente entre el router WiFi y los dispositivos WiFi en el &aacute;mbito dom&eacute;stico.<\/p>\n<p><strong>Compatible con todos los routers convencionales<\/strong><br \/>FRITZ!WLAN Repeater est&aacute;n perfectamente ajustados a FRITZ!Box pero tambi&eacute;n puede utilizarse con muchos routers WiFi convencionales. En cualquiera de los casos, el registro resulta muy sencillo.<\/p>\n<p><strong>Posicionamiento r&aacute;pido y &oacute;ptimo<\/strong><br \/>Los ledes situados en la parte frontal del repetidor ayudan a determinar su ubicaci&oacute;n ideal. La aplicaci&oacute;n FRITZ!App WLAN le ofrece informaci&oacute;n a&uacute;n m&aacute;s precisa y le ayuda a encontrar la ubicaci&oacute;n ideal.<\/p>\n<p><strong>Futuro asegurado con IPv6<\/strong><br \/>FRITZ!WLAN Repeater es compatible, adem&aacute;s de con IPv4, con el protocolo de Internet IPv6. Dicha compatibilidad har&aacute; que los servicios existentes sean m&aacute;s c&oacute;modos y &ndash;con IPv6&ndash; la utilizaci&oacute;n de una variedad de nuevas aplicaciones m&aacute;s sencilla.<\/p>\n<p><strong>Uso alternativo como puente WiFi<\/strong><br \/>El repetidor tambi&eacute;n puede conectarse al m&oacute;dem o al router con un cable de red. De esta forma, la red inal&aacute;mbrica se equipa de forma rentable, segura y r&aacute;pida.<\/p>\n<table class=\"tabla_caracteristicas k-table\" width=\"100%\">\n<tr>\n<td valign=\"top\"><strong>Marca<\/strong><\/td>\n<td>FRITZ!<\/td>\n<\/tr>\n<tr>\n<td valign=\"top\"><strong>Modelo<\/strong><\/td>\n<td><strong>20002886<\/strong><\/td>\n<\/tr>\n<tr>\n<td valign=\"top\"><strong>Caracter&iacute;sticas<\/strong><\/td>\n<td><strong>Funciones especiales<\/strong><br \/>\t\t\t&#8211; Repetidor WiFi Mesh de alto rendimiento para un gran alcance y elevada transferencia de datos en la red WiFi.<br \/>\t\t\t&#8211; Con WiFi Mesh se pueden combinar f&aacute;cilmente varios puntos de acceso WiFi en un solo sistema inteligente (a partir de FRITZ!OS 6.90).<br \/>\t\t\t&#8211; 2 unidades de radio WiFi: 1.733 Mbps (5 GHz) + 600 Mbps (2,4 GHz) para extender la red de forma &oacute;ptima a varios dispositivos WiFi.<br \/>\t\t\t&#8211; 1 puerto LAN Gigabit: la funci&oacute;n WiFi estar&aacute; a disposici&oacute;n de los dispositivos conectados (ordenadores, impresora, reproductores de audio y de v&iacute;deo, etc.).<br \/>\t\t\t&#8211; Podr&aacute; conectarse alternativamente a un router a trav&eacute;s de un cable (puente LAN).<br \/>\t\t\t&#8211; Cifrado con WPA2 (802.11i)<br \/>\t\t\t&#8211; Compatible con todos los enrutadores WiFi comerciales.<br \/>\t\t\t&#8211; Configuraci&oacute;n sencilla y segura con solo pulsar un bot&oacute;n (est&aacute;ndar WPS).<br \/>\t\t\t&#8211; Visualizaci&oacute;n de la calidad de conexi&oacute;n y del estado.<br \/>\t\t\t&#8211; Soporta el protocolo de Internet IPv6.<br \/>\t\t\t<strong>F&aacute;cil de instalar<\/strong><br \/>\t\t\t&#8211; Se adapta perfectamente a todos los modelos FRITZ!Box.<br \/>\t\t\t&#8211; Se instala con solo pulsar un bot&oacute;n, a trav&eacute;s de WPS (Wi-Fi Protected Setup).<br \/>\t\t\t&#8211; Manejo con toda comodidad a trav&eacute;s de la interfaz de usuario.<br \/>\t\t\t<strong>Puertos e interfaces<\/strong><br \/>\t\t\t&#8211; Conexi&oacute;n a la corriente el&eacute;ctrica de 230 voltios, 50 Hz.<br \/>\t\t\t&#8211; Punto de acceso WiFi: 802.11ac (1.733 Mbps), 802.11n (600 Mbps).<br \/>\t\t\t&#8211; WiFi: 5 GHz, 2,4 GHz.<br \/>\t\t\t&#8211; 1 puerto de red Gigabit (10\/100\/1000 Mbps).<br \/>\t\t\t<strong>Contenido<\/strong><br \/>\t\t\t&#8211; FRITZ!Repeater 2400.<br \/>\t\t\t&#8211; Adaptador schuko.<br \/>\t\t\t&#8211; Cable de red.<br \/>\t\t\t&#8211; Gu&iacute;a r&aacute;pida de instalaci&oacute;n.<br \/>\t\t\t<strong>Propiedades del dispositivo<\/strong><br \/>\t\t\t&#8211; Dimensiones (A x A x P): aprox. 76,5 x 155 x 62,6 mm<br \/>\t\t\t&#8211; Peso: aprox. 160 gramos.<br \/>\t\t\t&#8211; Consumo de energ&iacute;a total: 8,5 vatios m&aacute;ximo y 4,1 vatios de media.<\/td>\n<\/tr>\n<tr>\n<td valign=\"top\"><strong>Fecha de revisi&oacute;n<\/strong><\/td>\n<td>25-05-2022 por MPM<\/td>\n<\/tr>\n<\/table>\n","protected":false},"excerpt":{"rendered":"<p>WiFi Mesh con FRITZ!Con FRITZ! podr&aacute; ampliar su red inal&aacute;mbrica tanto como necesite con tan solo presionar un bot&oacute;n. Combine su FRITZ!Box con cualquier modelo de repetidor FRITZ!WLAN y un PLC de la gama FRITZ!Powerline con WiFi. Con ello, su red dom&eacute;stica podr&aacute; adaptarse a sus necesidades individuales y usted podr&aacute; disfrutar de toda la&hellip;&nbsp;<a href=\"https:\/\/aivlisoft.net\/shop\/producto\/fritz-repeater-2400-extensor-repetidor-ac1733\/\" rel=\"bookmark\"><span class=\"screen-reader-text\">FRITZ! Repeater 2400 Extensor Repetidor AC1733<\/span><\/a><\/p>\n","protected":false},"featured_media":19625,"template":"","meta":{"neve_meta_sidebar":"","neve_meta_container":"","neve_meta_enable_content_width":"","neve_meta_content_width":0,"neve_meta_title_alignment":"","neve_meta_author_avatar":"","neve_post_elements_order":"","neve_meta_disable_header":"","neve_meta_disable_footer":"","neve_meta_disable_title":""},"product_brand":[],"product_cat":[8770],"product_tag":[7079],"class_list":{"0":"post-19624","1":"product","2":"type-product","3":"status-publish","4":"has-post-thumbnail","6":"product_cat-puntos-de-acceso","7":"product_tag-7079","9":"first","10":"instock","11":"taxable","12":"shipping-taxable","13":"purchasable","14":"product-type-simple"},"yoast_head":"<!-- This site is optimized with the Yoast SEO plugin v26.0 - https:\/\/yoast.com\/wordpress\/plugins\/seo\/ -->\n<title>FRITZ! Repeater 2400 Extensor Repetidor AC1733 - Aivlisoft Inform\u00e1tica<\/title>\n<meta name=\"robots\" content=\"index, follow, max-snippet:-1, max-image-preview:large, max-video-preview:-1\" \/>\n<link rel=\"canonical\" href=\"https:\/\/aivlisoft.net\/shop\/producto\/fritz-repeater-2400-extensor-repetidor-ac1733\/\" \/>\n<meta property=\"og:locale\" content=\"es_ES\" \/>\n<meta property=\"og:type\" content=\"article\" \/>\n<meta property=\"og:title\" content=\"FRITZ! Repeater 2400 Extensor Repetidor AC1733 - Aivlisoft Inform\u00e1tica\" \/>\n<meta property=\"og:description\" content=\"WiFi Mesh con FRITZ!Con FRITZ! podr&aacute; ampliar su red inal&aacute;mbrica tanto como necesite con tan solo presionar un bot&oacute;n. Combine su FRITZ!Box con cualquier modelo de repetidor FRITZ!WLAN y un PLC de la gama FRITZ!Powerline con WiFi. Con ello, su red dom&eacute;stica podr&aacute; adaptarse a sus necesidades individuales y usted podr&aacute; disfrutar de toda la&hellip;&nbsp;FRITZ! Repeater 2400 Extensor Repetidor AC1733\" \/>\n<meta property=\"og:url\" content=\"https:\/\/aivlisoft.net\/shop\/producto\/fritz-repeater-2400-extensor-repetidor-ac1733\/\" \/>\n<meta property=\"og:site_name\" content=\"Aivlisoft Inform\u00e1tica\" \/>\n<meta property=\"article:modified_time\" content=\"2025-01-14T11:46:19+00:00\" \/>\n<meta property=\"og:image\" content=\"https:\/\/aivlisoft.net\/shop\/wp-content\/uploads\/2025\/01\/NSWPAC0418_800.jpg\" \/>\n\t<meta property=\"og:image:width\" content=\"800\" \/>\n\t<meta property=\"og:image:height\" content=\"800\" \/>\n\t<meta property=\"og:image:type\" content=\"image\/jpeg\" \/>\n<meta name=\"twitter:card\" content=\"summary_large_image\" \/>\n<meta name=\"twitter:label1\" content=\"Tiempo de lectura\" \/>\n\t<meta name=\"twitter:data1\" content=\"3 minutos\" \/>\n<script type=\"application\/ld+json\" class=\"yoast-schema-graph\">{\"@context\":\"https:\/\/schema.org\",\"@graph\":[{\"@type\":\"WebPage\",\"@id\":\"https:\/\/aivlisoft.net\/shop\/producto\/fritz-repeater-2400-extensor-repetidor-ac1733\/\",\"url\":\"https:\/\/aivlisoft.net\/shop\/producto\/fritz-repeater-2400-extensor-repetidor-ac1733\/\",\"name\":\"FRITZ! Repeater 2400 Extensor Repetidor AC1733 - Aivlisoft Inform\u00e1tica\",\"isPartOf\":{\"@id\":\"https:\/\/aivlisoft.net\/shop\/#website\"},\"primaryImageOfPage\":{\"@id\":\"https:\/\/aivlisoft.net\/shop\/producto\/fritz-repeater-2400-extensor-repetidor-ac1733\/#primaryimage\"},\"image\":{\"@id\":\"https:\/\/aivlisoft.net\/shop\/producto\/fritz-repeater-2400-extensor-repetidor-ac1733\/#primaryimage\"},\"thumbnailUrl\":\"https:\/\/aivlisoft.net\/shop\/wp-content\/uploads\/2025\/01\/NSWPAC0418_800.jpg\",\"datePublished\":\"2025-01-13T15:34:31+00:00\",\"dateModified\":\"2025-01-14T11:46:19+00:00\",\"breadcrumb\":{\"@id\":\"https:\/\/aivlisoft.net\/shop\/producto\/fritz-repeater-2400-extensor-repetidor-ac1733\/#breadcrumb\"},\"inLanguage\":\"es\",\"potentialAction\":[{\"@type\":\"ReadAction\",\"target\":[\"https:\/\/aivlisoft.net\/shop\/producto\/fritz-repeater-2400-extensor-repetidor-ac1733\/\"]}]},{\"@type\":\"ImageObject\",\"inLanguage\":\"es\",\"@id\":\"https:\/\/aivlisoft.net\/shop\/producto\/fritz-repeater-2400-extensor-repetidor-ac1733\/#primaryimage\",\"url\":\"https:\/\/aivlisoft.net\/shop\/wp-content\/uploads\/2025\/01\/NSWPAC0418_800.jpg\",\"contentUrl\":\"https:\/\/aivlisoft.net\/shop\/wp-content\/uploads\/2025\/01\/NSWPAC0418_800.jpg\",\"width\":800,\"height\":800},{\"@type\":\"BreadcrumbList\",\"@id\":\"https:\/\/aivlisoft.net\/shop\/producto\/fritz-repeater-2400-extensor-repetidor-ac1733\/#breadcrumb\",\"itemListElement\":[{\"@type\":\"ListItem\",\"position\":1,\"name\":\"Portada\",\"item\":\"https:\/\/aivlisoft.net\/shop\/\"},{\"@type\":\"ListItem\",\"position\":2,\"name\":\"Tienda\",\"item\":\"https:\/\/aivlisoft.net\/shop\/tienda\/\"},{\"@type\":\"ListItem\",\"position\":3,\"name\":\"FRITZ! Repeater 2400 Extensor Repetidor AC1733\"}]},{\"@type\":\"WebSite\",\"@id\":\"https:\/\/aivlisoft.net\/shop\/#website\",\"url\":\"https:\/\/aivlisoft.net\/shop\/\",\"name\":\"Aivlisoft Inform\u00e1tica\",\"description\":\"En Aivlisoft Inform\u00e1tica ofrecemos soluciones tecnol\u00f3gicas para empresas: venta de ordenadores, consumibles, perif\u00e9ricos y m\u00e1s. Calidad, atenci\u00f3n personalizada y los mejores precios para tu negocio.\",\"publisher\":{\"@id\":\"https:\/\/aivlisoft.net\/shop\/#organization\"},\"potentialAction\":[{\"@type\":\"SearchAction\",\"target\":{\"@type\":\"EntryPoint\",\"urlTemplate\":\"https:\/\/aivlisoft.net\/shop\/?s={search_term_string}\"},\"query-input\":{\"@type\":\"PropertyValueSpecification\",\"valueRequired\":true,\"valueName\":\"search_term_string\"}}],\"inLanguage\":\"es\"},{\"@type\":\"Organization\",\"@id\":\"https:\/\/aivlisoft.net\/shop\/#organization\",\"name\":\"Aivlisoft Inform\u00e1tica\",\"url\":\"https:\/\/aivlisoft.net\/shop\/\",\"logo\":{\"@type\":\"ImageObject\",\"inLanguage\":\"es\",\"@id\":\"https:\/\/aivlisoft.net\/shop\/#\/schema\/logo\/image\/\",\"url\":\"https:\/\/aivlisoft.net\/shop\/wp-content\/uploads\/2024\/12\/removal.ai_5b848c54-0cdf-4140-95c5-c5536bb7573b-logodef.png\",\"contentUrl\":\"https:\/\/aivlisoft.net\/shop\/wp-content\/uploads\/2024\/12\/removal.ai_5b848c54-0cdf-4140-95c5-c5536bb7573b-logodef.png\",\"width\":484,\"height\":182,\"caption\":\"Aivlisoft Inform\u00e1tica\"},\"image\":{\"@id\":\"https:\/\/aivlisoft.net\/shop\/#\/schema\/logo\/image\/\"}}]}<\/script>\n<!-- \/ Yoast SEO plugin. -->","yoast_head_json":{"title":"FRITZ! Repeater 2400 Extensor Repetidor AC1733 - Aivlisoft Inform\u00e1tica","robots":{"index":"index","follow":"follow","max-snippet":"max-snippet:-1","max-image-preview":"max-image-preview:large","max-video-preview":"max-video-preview:-1"},"canonical":"https:\/\/aivlisoft.net\/shop\/producto\/fritz-repeater-2400-extensor-repetidor-ac1733\/","og_locale":"es_ES","og_type":"article","og_title":"FRITZ! Repeater 2400 Extensor Repetidor AC1733 - Aivlisoft Inform\u00e1tica","og_description":"WiFi Mesh con FRITZ!Con FRITZ! podr&aacute; ampliar su red inal&aacute;mbrica tanto como necesite con tan solo presionar un bot&oacute;n. Combine su FRITZ!Box con cualquier modelo de repetidor FRITZ!WLAN y un PLC de la gama FRITZ!Powerline con WiFi. Con ello, su red dom&eacute;stica podr&aacute; adaptarse a sus necesidades individuales y usted podr&aacute; disfrutar de toda la&hellip;&nbsp;FRITZ! Repeater 2400 Extensor Repetidor AC1733","og_url":"https:\/\/aivlisoft.net\/shop\/producto\/fritz-repeater-2400-extensor-repetidor-ac1733\/","og_site_name":"Aivlisoft Inform\u00e1tica","article_modified_time":"2025-01-14T11:46:19+00:00","og_image":[{"width":800,"height":800,"url":"https:\/\/aivlisoft.net\/shop\/wp-content\/uploads\/2025\/01\/NSWPAC0418_800.jpg","type":"image\/jpeg"}],"twitter_card":"summary_large_image","twitter_misc":{"Tiempo de lectura":"3 minutos"},"schema":{"@context":"https:\/\/schema.org","@graph":[{"@type":"WebPage","@id":"https:\/\/aivlisoft.net\/shop\/producto\/fritz-repeater-2400-extensor-repetidor-ac1733\/","url":"https:\/\/aivlisoft.net\/shop\/producto\/fritz-repeater-2400-extensor-repetidor-ac1733\/","name":"FRITZ! Repeater 2400 Extensor Repetidor AC1733 - Aivlisoft Inform\u00e1tica","isPartOf":{"@id":"https:\/\/aivlisoft.net\/shop\/#website"},"primaryImageOfPage":{"@id":"https:\/\/aivlisoft.net\/shop\/producto\/fritz-repeater-2400-extensor-repetidor-ac1733\/#primaryimage"},"image":{"@id":"https:\/\/aivlisoft.net\/shop\/producto\/fritz-repeater-2400-extensor-repetidor-ac1733\/#primaryimage"},"thumbnailUrl":"https:\/\/aivlisoft.net\/shop\/wp-content\/uploads\/2025\/01\/NSWPAC0418_800.jpg","datePublished":"2025-01-13T15:34:31+00:00","dateModified":"2025-01-14T11:46:19+00:00","breadcrumb":{"@id":"https:\/\/aivlisoft.net\/shop\/producto\/fritz-repeater-2400-extensor-repetidor-ac1733\/#breadcrumb"},"inLanguage":"es","potentialAction":[{"@type":"ReadAction","target":["https:\/\/aivlisoft.net\/shop\/producto\/fritz-repeater-2400-extensor-repetidor-ac1733\/"]}]},{"@type":"ImageObject","inLanguage":"es","@id":"https:\/\/aivlisoft.net\/shop\/producto\/fritz-repeater-2400-extensor-repetidor-ac1733\/#primaryimage","url":"https:\/\/aivlisoft.net\/shop\/wp-content\/uploads\/2025\/01\/NSWPAC0418_800.jpg","contentUrl":"https:\/\/aivlisoft.net\/shop\/wp-content\/uploads\/2025\/01\/NSWPAC0418_800.jpg","width":800,"height":800},{"@type":"BreadcrumbList","@id":"https:\/\/aivlisoft.net\/shop\/producto\/fritz-repeater-2400-extensor-repetidor-ac1733\/#breadcrumb","itemListElement":[{"@type":"ListItem","position":1,"name":"Portada","item":"https:\/\/aivlisoft.net\/shop\/"},{"@type":"ListItem","position":2,"name":"Tienda","item":"https:\/\/aivlisoft.net\/shop\/tienda\/"},{"@type":"ListItem","position":3,"name":"FRITZ! Repeater 2400 Extensor Repetidor AC1733"}]},{"@type":"WebSite","@id":"https:\/\/aivlisoft.net\/shop\/#website","url":"https:\/\/aivlisoft.net\/shop\/","name":"Aivlisoft Inform\u00e1tica","description":"En Aivlisoft Inform\u00e1tica ofrecemos soluciones tecnol\u00f3gicas para empresas: venta de ordenadores, consumibles, perif\u00e9ricos y m\u00e1s. Calidad, atenci\u00f3n personalizada y los mejores precios para tu negocio.","publisher":{"@id":"https:\/\/aivlisoft.net\/shop\/#organization"},"potentialAction":[{"@type":"SearchAction","target":{"@type":"EntryPoint","urlTemplate":"https:\/\/aivlisoft.net\/shop\/?s={search_term_string}"},"query-input":{"@type":"PropertyValueSpecification","valueRequired":true,"valueName":"search_term_string"}}],"inLanguage":"es"},{"@type":"Organization","@id":"https:\/\/aivlisoft.net\/shop\/#organization","name":"Aivlisoft Inform\u00e1tica","url":"https:\/\/aivlisoft.net\/shop\/","logo":{"@type":"ImageObject","inLanguage":"es","@id":"https:\/\/aivlisoft.net\/shop\/#\/schema\/logo\/image\/","url":"https:\/\/aivlisoft.net\/shop\/wp-content\/uploads\/2024\/12\/removal.ai_5b848c54-0cdf-4140-95c5-c5536bb7573b-logodef.png","contentUrl":"https:\/\/aivlisoft.net\/shop\/wp-content\/uploads\/2024\/12\/removal.ai_5b848c54-0cdf-4140-95c5-c5536bb7573b-logodef.png","width":484,"height":182,"caption":"Aivlisoft Inform\u00e1tica"},"image":{"@id":"https:\/\/aivlisoft.net\/shop\/#\/schema\/logo\/image\/"}}]}},"_links":{"self":[{"href":"https:\/\/aivlisoft.net\/shop\/wp-json\/wp\/v2\/product\/19624","targetHints":{"allow":["GET"]}}],"collection":[{"href":"https:\/\/aivlisoft.net\/shop\/wp-json\/wp\/v2\/product"}],"about":[{"href":"https:\/\/aivlisoft.net\/shop\/wp-json\/wp\/v2\/types\/product"}],"wp:featuredmedia":[{"embeddable":true,"href":"https:\/\/aivlisoft.net\/shop\/wp-json\/wp\/v2\/media\/19625"}],"wp:attachment":[{"href":"https:\/\/aivlisoft.net\/shop\/wp-json\/wp\/v2\/media?parent=19624"}],"wp:term":[{"taxonomy":"product_brand","embeddable":true,"href":"https:\/\/aivlisoft.net\/shop\/wp-json\/wp\/v2\/product_brand?post=19624"},{"taxonomy":"product_cat","embeddable":true,"href":"https:\/\/aivlisoft.net\/shop\/wp-json\/wp\/v2\/product_cat?post=19624"},{"taxonomy":"product_tag","embeddable":true,"href":"https:\/\/aivlisoft.net\/shop\/wp-json\/wp\/v2\/product_tag?post=19624"}],"curies":[{"name":"wp","href":"https:\/\/api.w.org\/{rel}","templated":true}]}}