{"id":19609,"date":"2025-01-13T15:34:24","date_gmt":"2025-01-13T15:34:24","guid":{"rendered":"https:\/\/aivlisoft.com\/?post_type=product&#038;p=19609"},"modified":"2025-01-14T11:46:15","modified_gmt":"2025-01-14T11:46:15","slug":"d-link-dwl-8620ape-punto-acceso-ac2600-dual-band","status":"publish","type":"product","link":"https:\/\/aivlisoft.net\/shop\/producto\/d-link-dwl-8620ape-punto-acceso-ac2600-dual-band\/","title":{"rendered":"D-Link DWL-8620APE Punto Acceso AC2600 Dual Band"},"content":{"rendered":"<p><\/p>\n<table class=\"tabla_caracteristicas k-table\" width=\"100%\">\n<tbody>\n<tr>\n<td valign=\"top\"><strong>Marca<\/strong><\/td>\n<td>D-Link<\/td>\n<\/tr>\n<tr>\n<td valign=\"top\"><strong>Modelo<\/strong><\/td>\n<td><strong>DWL-8620APE<\/strong><\/td>\n<\/tr>\n<tr>\n<td valign=\"top\"><strong>Caracter&iacute;sticas<\/strong><\/td>\n<td><strong>Versi&oacute;n del hardware<\/strong><br \/>&#8211; A1<br \/><strong>Interfaz Inal&aacute;mbrica<\/strong><br \/>&#8211; IEEE 802.11b\/g\/n 2.4 GHz wireless<br \/>&#8211; IEEE 802.11\/a\/n\/ac Wave 2 5 GHz wireless<br \/><strong>MIMO<\/strong><br \/>&#8211; 4&#215;4<br \/><strong>Velocidad de datos<\/strong><br \/>&#8211; 2.4GHz hasta 800 Mbps<br \/>&#8211; 5GHz hasta 1733 Mbps<br \/><strong>Antenas<\/strong><br \/>&#8211; Antenas externas omnidireccionales<br \/>&#8211; 2.4GHz: 3 dBi<br \/>&#8211; 5GHz: 4 dBi<br \/><strong>Frecuencia de operaci&oacute;n<\/strong><br \/>&#8211; 2400 a 2483.5 MHz<br \/>&#8211; 5150 a 5850 MHz<br \/><strong>Canales de operaci&oacute;n<\/strong><br \/>&#8211; 1 a 13 canales para 2.4GHz<br \/>&#8211; 36 a 165 canales para 5GHz<br \/><strong>Interfaz de ethernet<\/strong><br \/>&#8211; 2 x puertos 10\/100\/1000BASE-T LAN<br \/><strong>Puerto de consola<\/strong><br \/>&#8211; RJ-45<br \/><strong>Caracter&iacute;sticas avanzadas<\/strong><br \/>&#8211; Selecci&oacute;n autom&aacute;tica de canales<br \/>&#8211; Calidad de Servicio (QoS) 802.1p<br \/>&#8211; Multimedia inal&aacute;mbrico (WMM)<br \/>&#8211; Sistema de distribuci&oacute;n inal&aacute;mbrica (WDS)<br \/>&#8211; Band Steering<br \/>&#8211; Airtime Fairness<br \/>&#8211; Adici&oacute;n de enlaces<br \/>&#8211; Itinerancia r&aacute;pida IEEE 802.11k<br \/><strong>Gesti&oacute;n de Red<\/strong><br \/>&#8211; Modo Aut&oacute;nomo<br \/>&#8211; Modo gestionado &#8211; Administado centralmente por D-Link Wireless Controller<br \/>&#8211; Interfaz de usuario basada en web (WebUI)<br \/>&#8211; Interfaz de l&iacute;nea de comandos (CLI)<br \/>&#8211; Telnet \/ SSH<br \/>&#8211; SNMP v1\/v2c\/v3<br \/><strong>Seguridad<\/strong><br \/>&#8211; Hasta 32 SSIDs, 16 por radio<br \/>&#8211; 802.1Q VLAN<br \/>&#8211; Aislamiento de estaci&oacute;n<br \/>&#8211; WPA\/WPA2 Personal\/Enterprise<br \/>&#8211; AES<br \/>&#8211; TKIP<br \/>&#8211; Clasificaci&oacute;n AP<br \/>&#8211; Filtrado de direcciones MAC<br \/><strong>Dimensiones<\/strong><br \/>&#8211; 220mm di&aacute;metro x 47mm<br \/><strong>Peso<\/strong><br \/>&#8211; 0.92 Kg<br \/><strong>Adaptador de corriente<\/strong><br \/>&#8211; Admite 802.3at PoE PD en el puerto LAN 1<br \/>&#8211; 12 V CC, 2.5 A (adaptador de corriente no incluido)<br \/><strong>Alimentaci&oacute;n a trav&eacute;s de Ethernet<\/strong><br \/>&#8211; 802.3at<br \/><strong>M&aacute;ximo consumo<\/strong><br \/>&#8211; 24.24W<br \/><strong><\/strong><strong>Carcasa<\/strong><br \/>&#8211; Tapa inferior: Pl&aacute;stico<br \/>&#8211; Tapa superior: Pl&aacute;stico<br \/><strong>Temperatura y humedad<\/strong><br \/>&#8211; Funcionamiento: 0 a 40&ordm;C con 10% a 90% de humedad sin condensaci&oacute;n<br \/>&#8211; Almacenamiento: -20 a 65&ordm;C con 5% a 95% de humedad sin condensaci&oacute;n<br \/><strong>Tiempo Medio de Fallo (MTBF)<\/strong><br \/>&#8211; 460.185 horas<br \/><strong>Certificaciones<\/strong><br \/>&#8211; CE<br \/>&#8211; EN55032, EN55024, EN61000-3-2, EN61000-3-3, EN60601-1-2 (Equipos electrom&eacute;dicos), EN301489-1, EN301489-17, EN300328,<br \/>EN301893<br \/>&#8211; FCC<br \/>&#8211; IC<br \/>&#8211; cUL+UL<br \/>&#8211; CB<br \/>&#8211; RCM<br \/>&#8211; NCC<br \/>&#8211; BSMI<\/td>\n<\/tr>\n<tr>\n<td><strong>Fecha de revisi&oacute;n<\/strong><\/td>\n<td>01-08-2019 por MRS<\/td>\n<\/tr>\n<\/tbody>\n<\/table>\n","protected":false},"excerpt":{"rendered":"<p>Marca D-Link Modelo DWL-8620APE Caracter&iacute;sticas Versi&oacute;n del hardware&#8211; A1Interfaz Inal&aacute;mbrica&#8211; IEEE 802.11b\/g\/n 2.4 GHz wireless&#8211; IEEE 802.11\/a\/n\/ac Wave 2 5 GHz wirelessMIMO&#8211; 4&#215;4Velocidad de datos&#8211; 2.4GHz hasta 800 Mbps&#8211; 5GHz hasta 1733 MbpsAntenas&#8211; Antenas externas omnidireccionales&#8211; 2.4GHz: 3 dBi&#8211; 5GHz: 4 dBiFrecuencia de operaci&oacute;n&#8211; 2400 a 2483.5 MHz&#8211; 5150 a 5850 MHzCanales de operaci&oacute;n&#8211; 1&hellip;&nbsp;<a href=\"https:\/\/aivlisoft.net\/shop\/producto\/d-link-dwl-8620ape-punto-acceso-ac2600-dual-band\/\" rel=\"bookmark\"><span class=\"screen-reader-text\">D-Link DWL-8620APE Punto Acceso AC2600 Dual Band<\/span><\/a><\/p>\n","protected":false},"featured_media":19610,"template":"","meta":{"neve_meta_sidebar":"","neve_meta_container":"","neve_meta_enable_content_width":"","neve_meta_content_width":0,"neve_meta_title_alignment":"","neve_meta_author_avatar":"","neve_post_elements_order":"","neve_meta_disable_header":"","neve_meta_disable_footer":"","neve_meta_disable_title":""},"product_brand":[],"product_cat":[8770],"product_tag":[7075],"class_list":{"0":"post-19609","1":"product","2":"type-product","3":"status-publish","4":"has-post-thumbnail","6":"product_cat-puntos-de-acceso","7":"product_tag-dwl-8620ape","9":"first","10":"instock","11":"taxable","12":"shipping-taxable","13":"purchasable","14":"product-type-simple"},"yoast_head":"<!-- This site is optimized with the Yoast SEO plugin v26.0 - https:\/\/yoast.com\/wordpress\/plugins\/seo\/ -->\n<title>D-Link DWL-8620APE Punto Acceso AC2600 Dual Band - Aivlisoft Inform\u00e1tica<\/title>\n<meta name=\"robots\" content=\"index, follow, max-snippet:-1, max-image-preview:large, max-video-preview:-1\" \/>\n<link rel=\"canonical\" href=\"https:\/\/aivlisoft.net\/shop\/producto\/d-link-dwl-8620ape-punto-acceso-ac2600-dual-band\/\" \/>\n<meta property=\"og:locale\" content=\"es_ES\" \/>\n<meta property=\"og:type\" content=\"article\" \/>\n<meta property=\"og:title\" content=\"D-Link DWL-8620APE Punto Acceso AC2600 Dual Band - Aivlisoft Inform\u00e1tica\" \/>\n<meta property=\"og:description\" content=\"Marca D-Link Modelo DWL-8620APE Caracter&iacute;sticas Versi&oacute;n del hardware&#8211; A1Interfaz Inal&aacute;mbrica&#8211; IEEE 802.11b\/g\/n 2.4 GHz wireless&#8211; IEEE 802.11\/a\/n\/ac Wave 2 5 GHz wirelessMIMO&#8211; 4&#215;4Velocidad de datos&#8211; 2.4GHz hasta 800 Mbps&#8211; 5GHz hasta 1733 MbpsAntenas&#8211; Antenas externas omnidireccionales&#8211; 2.4GHz: 3 dBi&#8211; 5GHz: 4 dBiFrecuencia de operaci&oacute;n&#8211; 2400 a 2483.5 MHz&#8211; 5150 a 5850 MHzCanales de operaci&oacute;n&#8211; 1&hellip;&nbsp;D-Link DWL-8620APE Punto Acceso AC2600 Dual Band\" \/>\n<meta property=\"og:url\" content=\"https:\/\/aivlisoft.net\/shop\/producto\/d-link-dwl-8620ape-punto-acceso-ac2600-dual-band\/\" \/>\n<meta property=\"og:site_name\" content=\"Aivlisoft Inform\u00e1tica\" \/>\n<meta property=\"article:modified_time\" content=\"2025-01-14T11:46:15+00:00\" \/>\n<meta property=\"og:image\" content=\"https:\/\/aivlisoft.net\/shop\/wp-content\/uploads\/2025\/01\/NSWPAC0403_800.jpg\" \/>\n\t<meta property=\"og:image:width\" content=\"800\" \/>\n\t<meta property=\"og:image:height\" content=\"800\" \/>\n\t<meta property=\"og:image:type\" content=\"image\/jpeg\" \/>\n<meta name=\"twitter:card\" content=\"summary_large_image\" \/>\n<meta name=\"twitter:label1\" content=\"Tiempo de lectura\" \/>\n\t<meta name=\"twitter:data1\" content=\"2 minutos\" \/>\n<script type=\"application\/ld+json\" class=\"yoast-schema-graph\">{\"@context\":\"https:\/\/schema.org\",\"@graph\":[{\"@type\":\"WebPage\",\"@id\":\"https:\/\/aivlisoft.net\/shop\/producto\/d-link-dwl-8620ape-punto-acceso-ac2600-dual-band\/\",\"url\":\"https:\/\/aivlisoft.net\/shop\/producto\/d-link-dwl-8620ape-punto-acceso-ac2600-dual-band\/\",\"name\":\"D-Link DWL-8620APE Punto Acceso AC2600 Dual Band - Aivlisoft Inform\u00e1tica\",\"isPartOf\":{\"@id\":\"https:\/\/aivlisoft.net\/shop\/#website\"},\"primaryImageOfPage\":{\"@id\":\"https:\/\/aivlisoft.net\/shop\/producto\/d-link-dwl-8620ape-punto-acceso-ac2600-dual-band\/#primaryimage\"},\"image\":{\"@id\":\"https:\/\/aivlisoft.net\/shop\/producto\/d-link-dwl-8620ape-punto-acceso-ac2600-dual-band\/#primaryimage\"},\"thumbnailUrl\":\"https:\/\/aivlisoft.net\/shop\/wp-content\/uploads\/2025\/01\/NSWPAC0403_800.jpg\",\"datePublished\":\"2025-01-13T15:34:24+00:00\",\"dateModified\":\"2025-01-14T11:46:15+00:00\",\"breadcrumb\":{\"@id\":\"https:\/\/aivlisoft.net\/shop\/producto\/d-link-dwl-8620ape-punto-acceso-ac2600-dual-band\/#breadcrumb\"},\"inLanguage\":\"es\",\"potentialAction\":[{\"@type\":\"ReadAction\",\"target\":[\"https:\/\/aivlisoft.net\/shop\/producto\/d-link-dwl-8620ape-punto-acceso-ac2600-dual-band\/\"]}]},{\"@type\":\"ImageObject\",\"inLanguage\":\"es\",\"@id\":\"https:\/\/aivlisoft.net\/shop\/producto\/d-link-dwl-8620ape-punto-acceso-ac2600-dual-band\/#primaryimage\",\"url\":\"https:\/\/aivlisoft.net\/shop\/wp-content\/uploads\/2025\/01\/NSWPAC0403_800.jpg\",\"contentUrl\":\"https:\/\/aivlisoft.net\/shop\/wp-content\/uploads\/2025\/01\/NSWPAC0403_800.jpg\",\"width\":800,\"height\":800},{\"@type\":\"BreadcrumbList\",\"@id\":\"https:\/\/aivlisoft.net\/shop\/producto\/d-link-dwl-8620ape-punto-acceso-ac2600-dual-band\/#breadcrumb\",\"itemListElement\":[{\"@type\":\"ListItem\",\"position\":1,\"name\":\"Portada\",\"item\":\"https:\/\/aivlisoft.net\/shop\/\"},{\"@type\":\"ListItem\",\"position\":2,\"name\":\"Tienda\",\"item\":\"https:\/\/aivlisoft.net\/shop\/tienda\/\"},{\"@type\":\"ListItem\",\"position\":3,\"name\":\"D-Link DWL-8620APE Punto Acceso AC2600 Dual Band\"}]},{\"@type\":\"WebSite\",\"@id\":\"https:\/\/aivlisoft.net\/shop\/#website\",\"url\":\"https:\/\/aivlisoft.net\/shop\/\",\"name\":\"Aivlisoft Inform\u00e1tica\",\"description\":\"En Aivlisoft Inform\u00e1tica ofrecemos soluciones tecnol\u00f3gicas para empresas: venta de ordenadores, consumibles, perif\u00e9ricos y m\u00e1s. Calidad, atenci\u00f3n personalizada y los mejores precios para tu negocio.\",\"publisher\":{\"@id\":\"https:\/\/aivlisoft.net\/shop\/#organization\"},\"potentialAction\":[{\"@type\":\"SearchAction\",\"target\":{\"@type\":\"EntryPoint\",\"urlTemplate\":\"https:\/\/aivlisoft.net\/shop\/?s={search_term_string}\"},\"query-input\":{\"@type\":\"PropertyValueSpecification\",\"valueRequired\":true,\"valueName\":\"search_term_string\"}}],\"inLanguage\":\"es\"},{\"@type\":\"Organization\",\"@id\":\"https:\/\/aivlisoft.net\/shop\/#organization\",\"name\":\"Aivlisoft Inform\u00e1tica\",\"url\":\"https:\/\/aivlisoft.net\/shop\/\",\"logo\":{\"@type\":\"ImageObject\",\"inLanguage\":\"es\",\"@id\":\"https:\/\/aivlisoft.net\/shop\/#\/schema\/logo\/image\/\",\"url\":\"https:\/\/aivlisoft.net\/shop\/wp-content\/uploads\/2024\/12\/removal.ai_5b848c54-0cdf-4140-95c5-c5536bb7573b-logodef.png\",\"contentUrl\":\"https:\/\/aivlisoft.net\/shop\/wp-content\/uploads\/2024\/12\/removal.ai_5b848c54-0cdf-4140-95c5-c5536bb7573b-logodef.png\",\"width\":484,\"height\":182,\"caption\":\"Aivlisoft Inform\u00e1tica\"},\"image\":{\"@id\":\"https:\/\/aivlisoft.net\/shop\/#\/schema\/logo\/image\/\"}}]}<\/script>\n<!-- \/ Yoast SEO plugin. -->","yoast_head_json":{"title":"D-Link DWL-8620APE Punto Acceso AC2600 Dual Band - Aivlisoft Inform\u00e1tica","robots":{"index":"index","follow":"follow","max-snippet":"max-snippet:-1","max-image-preview":"max-image-preview:large","max-video-preview":"max-video-preview:-1"},"canonical":"https:\/\/aivlisoft.net\/shop\/producto\/d-link-dwl-8620ape-punto-acceso-ac2600-dual-band\/","og_locale":"es_ES","og_type":"article","og_title":"D-Link DWL-8620APE Punto Acceso AC2600 Dual Band - Aivlisoft Inform\u00e1tica","og_description":"Marca D-Link Modelo DWL-8620APE Caracter&iacute;sticas Versi&oacute;n del hardware&#8211; A1Interfaz Inal&aacute;mbrica&#8211; IEEE 802.11b\/g\/n 2.4 GHz wireless&#8211; IEEE 802.11\/a\/n\/ac Wave 2 5 GHz wirelessMIMO&#8211; 4&#215;4Velocidad de datos&#8211; 2.4GHz hasta 800 Mbps&#8211; 5GHz hasta 1733 MbpsAntenas&#8211; Antenas externas omnidireccionales&#8211; 2.4GHz: 3 dBi&#8211; 5GHz: 4 dBiFrecuencia de operaci&oacute;n&#8211; 2400 a 2483.5 MHz&#8211; 5150 a 5850 MHzCanales de operaci&oacute;n&#8211; 1&hellip;&nbsp;D-Link DWL-8620APE Punto Acceso AC2600 Dual Band","og_url":"https:\/\/aivlisoft.net\/shop\/producto\/d-link-dwl-8620ape-punto-acceso-ac2600-dual-band\/","og_site_name":"Aivlisoft Inform\u00e1tica","article_modified_time":"2025-01-14T11:46:15+00:00","og_image":[{"width":800,"height":800,"url":"https:\/\/aivlisoft.net\/shop\/wp-content\/uploads\/2025\/01\/NSWPAC0403_800.jpg","type":"image\/jpeg"}],"twitter_card":"summary_large_image","twitter_misc":{"Tiempo de lectura":"2 minutos"},"schema":{"@context":"https:\/\/schema.org","@graph":[{"@type":"WebPage","@id":"https:\/\/aivlisoft.net\/shop\/producto\/d-link-dwl-8620ape-punto-acceso-ac2600-dual-band\/","url":"https:\/\/aivlisoft.net\/shop\/producto\/d-link-dwl-8620ape-punto-acceso-ac2600-dual-band\/","name":"D-Link DWL-8620APE Punto Acceso AC2600 Dual Band - Aivlisoft Inform\u00e1tica","isPartOf":{"@id":"https:\/\/aivlisoft.net\/shop\/#website"},"primaryImageOfPage":{"@id":"https:\/\/aivlisoft.net\/shop\/producto\/d-link-dwl-8620ape-punto-acceso-ac2600-dual-band\/#primaryimage"},"image":{"@id":"https:\/\/aivlisoft.net\/shop\/producto\/d-link-dwl-8620ape-punto-acceso-ac2600-dual-band\/#primaryimage"},"thumbnailUrl":"https:\/\/aivlisoft.net\/shop\/wp-content\/uploads\/2025\/01\/NSWPAC0403_800.jpg","datePublished":"2025-01-13T15:34:24+00:00","dateModified":"2025-01-14T11:46:15+00:00","breadcrumb":{"@id":"https:\/\/aivlisoft.net\/shop\/producto\/d-link-dwl-8620ape-punto-acceso-ac2600-dual-band\/#breadcrumb"},"inLanguage":"es","potentialAction":[{"@type":"ReadAction","target":["https:\/\/aivlisoft.net\/shop\/producto\/d-link-dwl-8620ape-punto-acceso-ac2600-dual-band\/"]}]},{"@type":"ImageObject","inLanguage":"es","@id":"https:\/\/aivlisoft.net\/shop\/producto\/d-link-dwl-8620ape-punto-acceso-ac2600-dual-band\/#primaryimage","url":"https:\/\/aivlisoft.net\/shop\/wp-content\/uploads\/2025\/01\/NSWPAC0403_800.jpg","contentUrl":"https:\/\/aivlisoft.net\/shop\/wp-content\/uploads\/2025\/01\/NSWPAC0403_800.jpg","width":800,"height":800},{"@type":"BreadcrumbList","@id":"https:\/\/aivlisoft.net\/shop\/producto\/d-link-dwl-8620ape-punto-acceso-ac2600-dual-band\/#breadcrumb","itemListElement":[{"@type":"ListItem","position":1,"name":"Portada","item":"https:\/\/aivlisoft.net\/shop\/"},{"@type":"ListItem","position":2,"name":"Tienda","item":"https:\/\/aivlisoft.net\/shop\/tienda\/"},{"@type":"ListItem","position":3,"name":"D-Link DWL-8620APE Punto Acceso AC2600 Dual Band"}]},{"@type":"WebSite","@id":"https:\/\/aivlisoft.net\/shop\/#website","url":"https:\/\/aivlisoft.net\/shop\/","name":"Aivlisoft Inform\u00e1tica","description":"En Aivlisoft Inform\u00e1tica ofrecemos soluciones tecnol\u00f3gicas para empresas: venta de ordenadores, consumibles, perif\u00e9ricos y m\u00e1s. Calidad, atenci\u00f3n personalizada y los mejores precios para tu negocio.","publisher":{"@id":"https:\/\/aivlisoft.net\/shop\/#organization"},"potentialAction":[{"@type":"SearchAction","target":{"@type":"EntryPoint","urlTemplate":"https:\/\/aivlisoft.net\/shop\/?s={search_term_string}"},"query-input":{"@type":"PropertyValueSpecification","valueRequired":true,"valueName":"search_term_string"}}],"inLanguage":"es"},{"@type":"Organization","@id":"https:\/\/aivlisoft.net\/shop\/#organization","name":"Aivlisoft Inform\u00e1tica","url":"https:\/\/aivlisoft.net\/shop\/","logo":{"@type":"ImageObject","inLanguage":"es","@id":"https:\/\/aivlisoft.net\/shop\/#\/schema\/logo\/image\/","url":"https:\/\/aivlisoft.net\/shop\/wp-content\/uploads\/2024\/12\/removal.ai_5b848c54-0cdf-4140-95c5-c5536bb7573b-logodef.png","contentUrl":"https:\/\/aivlisoft.net\/shop\/wp-content\/uploads\/2024\/12\/removal.ai_5b848c54-0cdf-4140-95c5-c5536bb7573b-logodef.png","width":484,"height":182,"caption":"Aivlisoft Inform\u00e1tica"},"image":{"@id":"https:\/\/aivlisoft.net\/shop\/#\/schema\/logo\/image\/"}}]}},"_links":{"self":[{"href":"https:\/\/aivlisoft.net\/shop\/wp-json\/wp\/v2\/product\/19609","targetHints":{"allow":["GET"]}}],"collection":[{"href":"https:\/\/aivlisoft.net\/shop\/wp-json\/wp\/v2\/product"}],"about":[{"href":"https:\/\/aivlisoft.net\/shop\/wp-json\/wp\/v2\/types\/product"}],"wp:featuredmedia":[{"embeddable":true,"href":"https:\/\/aivlisoft.net\/shop\/wp-json\/wp\/v2\/media\/19610"}],"wp:attachment":[{"href":"https:\/\/aivlisoft.net\/shop\/wp-json\/wp\/v2\/media?parent=19609"}],"wp:term":[{"taxonomy":"product_brand","embeddable":true,"href":"https:\/\/aivlisoft.net\/shop\/wp-json\/wp\/v2\/product_brand?post=19609"},{"taxonomy":"product_cat","embeddable":true,"href":"https:\/\/aivlisoft.net\/shop\/wp-json\/wp\/v2\/product_cat?post=19609"},{"taxonomy":"product_tag","embeddable":true,"href":"https:\/\/aivlisoft.net\/shop\/wp-json\/wp\/v2\/product_tag?post=19609"}],"curies":[{"name":"wp","href":"https:\/\/api.w.org\/{rel}","templated":true}]}}