{"id":19604,"date":"2025-01-13T15:34:22","date_gmt":"2025-01-13T15:34:22","guid":{"rendered":"https:\/\/aivlisoft.com\/?post_type=product&#038;p=19604"},"modified":"2025-01-14T11:46:14","modified_gmt":"2025-01-14T11:46:14","slug":"ubiquiti-nanostation-ac-loco-5-5ghz-13dbi-pack-5","status":"publish","type":"product","link":"https:\/\/aivlisoft.net\/shop\/producto\/ubiquiti-nanostation-ac-loco-5-5ghz-13dbi-pack-5\/","title":{"rendered":"Ubiquiti NanoStation AC Loco 5 5GHz 13dBi Pack 5"},"content":{"rendered":"<p>&nbsp;<\/p>\n<table class=\"tabla_caracteristicas k-table\" width=\"100%\">\n<tbody>\n<tr>\n<td><strong>Marca<\/strong><\/td>\n<td>Ubiquiti<\/td>\n<\/tr>\n<tr>\n<td><strong>Modelo<\/strong><\/td>\n<td><strong>loco5AC<\/strong><\/td>\n<\/tr>\n<tr>\n<td><strong>Caracter&iacute;sticas<\/strong><\/td>\n<td>&#8211; Dimensiones: 179 x 77.5 x 59.1 mm<br \/>&#8211; Peso: 180 g<br \/>&#8211; Fuente de alimentaci&oacute;n: fuente PoE Gigabit de 24 V, 0,3A (no incluida)<br \/>&#8211; Max. Consumo de energ&iacute;a: 7 W<br \/>&#8211; M&eacute;todo de alimentaci&oacute;n: PoE pasivo de 2 pares (pares 4, 5+; 7, 8 de retorno)<br \/>&#8211; Ganancia: 13 dBi<br \/>&#8211; Interfaz de red: 1 x Ethernet de 10\/100\/1000 Mbps<br \/>&#8211; Anchos de banda de canal: 10\/20\/30\/40\/50\/60\/80 MHz<br \/>&#8211; Especificaciones del procesador: Atheros MIPS 74Kc, 560 MHz<br \/>&#8211; Memoria: 64 MB DDR2<br \/>&#8211; Aislamiento de polos cruzados: 20 dB m&iacute;nimo<br \/>&#8211; Max. VSWR: 1,8: 1<br \/>&#8211; Ancho de haz: 45 &deg; (H-pol) \/ 45 &deg; (V-pol) \/ 45 &deg; (Elevaci&oacute;n)<br \/>&#8211; Polarizaci&oacute;n: Dual Lineal<br \/>&#8211; Caja: Pl&aacute;stico estabilizado UV al aire libre<br \/>&#8211; LED: (1) Energ&iacute;a<br \/>&#8211; Montaje: montaje en poste (kit incluido)<br \/>&#8211; Temperatura de funcionamiento: -40 a 70 &deg; C (-40 a 158 &deg; F)<br \/>&#8211; Humedad de funcionamiento: 5 a 95% sin condensaci&oacute;n<br \/>&#8211; Conformidad con la RoHS<br \/>&#8211; Protecci&oacute;n ESD \/ EMP: &plusmn; 24kV Contacto \/ Aire<br \/>&#8211; Choque y vibraci&oacute;n: ETSI300-019-1.4<br \/>&#8211; Certificaciones: CE, FCC, IC<br \/><strong>Potencia de salida: 25 dBm<\/strong><br \/>&#8211; 5 GHz TX &#8211; airMAX ac:<br \/>&nbsp; Velocidad de datos \/ Potencia promedio \/ Tolerancia<br \/>&nbsp;&nbsp;&nbsp; 1x BPSK (&frac12;) -25 dBm &plusmn; 2 dB<br \/>&nbsp;&nbsp;&nbsp; 2x QPSK (&frac12;) 25 dBm &plusmn; 2 dB<br \/>&nbsp;&nbsp;&nbsp; 2x QPSK (&frac34;) 25 dBm &plusmn; 2 dB<br \/>&nbsp;&nbsp;&nbsp; 4x 16QAM (&frac12;) 25 dBm &plusmn; 2 dB<br \/>&nbsp;&nbsp;&nbsp; 4x 16QAM (&frac34;) 25 dBm &plusmn; 2 dB<br \/>&nbsp;&nbsp;&nbsp; 6x 64QAM (2\/3) 25 dBm &plusmn; 2 dB<br \/>&nbsp;&nbsp;&nbsp; 6x 64QAM (&frac34;) 24 dBm &plusmn; 2 dB<br \/>&nbsp;&nbsp;&nbsp; 6x 64QAM (5\/6) 23 dBm &plusmn; 2 dB<br \/>&nbsp;&nbsp;&nbsp; 8x 256QAM (&frac34;) 21 dBm &plusmn; 2 dB<br \/>&nbsp;&nbsp;&nbsp; 8x 256QAM (5\/6) 21 dBm &plusmn; 2 dB<br \/>&#8211; 5 GHz RX &#8211; airMAX ac:<br \/>&nbsp; Velocidad de datos \/ Sensibilidad \/ Tolerancia<br \/>&nbsp;&nbsp;&nbsp; 1x BPSK (&frac12;) -96 dBm &plusmn; 2 dB<br \/>&nbsp;&nbsp;&nbsp; 2x QPSK (&frac34;) -95 dBm &plusmn; 2 dB<br \/>&nbsp;&nbsp;&nbsp; 4x 16QAM (&frac12;) -92 dBm &plusmn; 2 dB<br \/>&nbsp;&nbsp;&nbsp; 4x 16QAM (&frac34;) -90 dBm &plusmn; 2 dB<br \/>&nbsp;&nbsp;&nbsp; 6x 64QAM (2\/3) -86 dBm &plusmn; 2 dB<br \/>&nbsp;&nbsp;&nbsp; 6x 64QAM (&frac34;) -77 dBm &plusmn; 2 dB<br \/>&nbsp;&nbsp;&nbsp; 6x 64QAM (5\/6) -74 dBm &plusmn; 2 dB<br \/>&nbsp;&nbsp;&nbsp; 8x 256QAM (&frac34;) -69 dBm &plusmn; 2 dB<br \/>&nbsp;&nbsp;&nbsp; 8x 256QAM (5\/6) -65 dBm &plusmn; 2 dB<\/td>\n<\/tr>\n<tr>\n<td><strong>Fecha de revisi&oacute;n<\/strong><\/td>\n<td>30-10-2020 por MSB<\/td>\n<\/tr>\n<\/tbody>\n<\/table>\n","protected":false},"excerpt":{"rendered":"<p>&nbsp; Marca Ubiquiti Modelo loco5AC Caracter&iacute;sticas &#8211; Dimensiones: 179 x 77.5 x 59.1 mm&#8211; Peso: 180 g&#8211; Fuente de alimentaci&oacute;n: fuente PoE Gigabit de 24 V, 0,3A (no incluida)&#8211; Max. Consumo de energ&iacute;a: 7 W&#8211; M&eacute;todo de alimentaci&oacute;n: PoE pasivo de 2 pares (pares 4, 5+; 7, 8 de retorno)&#8211; Ganancia: 13 dBi&#8211; Interfaz de&hellip;&nbsp;<a href=\"https:\/\/aivlisoft.net\/shop\/producto\/ubiquiti-nanostation-ac-loco-5-5ghz-13dbi-pack-5\/\" rel=\"bookmark\"><span class=\"screen-reader-text\">Ubiquiti NanoStation AC Loco 5 5GHz 13dBi Pack 5<\/span><\/a><\/p>\n","protected":false},"featured_media":19605,"template":"","meta":{"neve_meta_sidebar":"","neve_meta_container":"","neve_meta_enable_content_width":"","neve_meta_content_width":0,"neve_meta_title_alignment":"","neve_meta_author_avatar":"","neve_post_elements_order":"","neve_meta_disable_header":"","neve_meta_disable_footer":"","neve_meta_disable_title":""},"product_brand":[],"product_cat":[8770],"product_tag":[7074],"class_list":{"0":"post-19604","1":"product","2":"type-product","3":"status-publish","4":"has-post-thumbnail","6":"product_cat-puntos-de-acceso","7":"product_tag-loco5ac-5","9":"first","10":"instock","11":"taxable","12":"shipping-taxable","13":"purchasable","14":"product-type-simple"},"yoast_head":"<!-- This site is optimized with the Yoast SEO plugin v26.0 - https:\/\/yoast.com\/wordpress\/plugins\/seo\/ -->\n<title>Ubiquiti NanoStation AC Loco 5 5GHz 13dBi Pack 5 - Aivlisoft Inform\u00e1tica<\/title>\n<meta name=\"robots\" content=\"index, follow, max-snippet:-1, max-image-preview:large, max-video-preview:-1\" \/>\n<link rel=\"canonical\" href=\"https:\/\/aivlisoft.net\/shop\/producto\/ubiquiti-nanostation-ac-loco-5-5ghz-13dbi-pack-5\/\" \/>\n<meta property=\"og:locale\" content=\"es_ES\" \/>\n<meta property=\"og:type\" content=\"article\" \/>\n<meta property=\"og:title\" content=\"Ubiquiti NanoStation AC Loco 5 5GHz 13dBi Pack 5 - Aivlisoft Inform\u00e1tica\" \/>\n<meta property=\"og:description\" content=\"&nbsp; Marca Ubiquiti Modelo loco5AC Caracter&iacute;sticas &#8211; Dimensiones: 179 x 77.5 x 59.1 mm&#8211; Peso: 180 g&#8211; Fuente de alimentaci&oacute;n: fuente PoE Gigabit de 24 V, 0,3A (no incluida)&#8211; Max. Consumo de energ&iacute;a: 7 W&#8211; M&eacute;todo de alimentaci&oacute;n: PoE pasivo de 2 pares (pares 4, 5+; 7, 8 de retorno)&#8211; Ganancia: 13 dBi&#8211; Interfaz de&hellip;&nbsp;Ubiquiti NanoStation AC Loco 5 5GHz 13dBi Pack 5\" \/>\n<meta property=\"og:url\" content=\"https:\/\/aivlisoft.net\/shop\/producto\/ubiquiti-nanostation-ac-loco-5-5ghz-13dbi-pack-5\/\" \/>\n<meta property=\"og:site_name\" content=\"Aivlisoft Inform\u00e1tica\" \/>\n<meta property=\"article:modified_time\" content=\"2025-01-14T11:46:14+00:00\" \/>\n<meta property=\"og:image\" content=\"https:\/\/aivlisoft.net\/shop\/wp-content\/uploads\/2025\/01\/NSWPAC0402_800.jpg\" \/>\n\t<meta property=\"og:image:width\" content=\"800\" \/>\n\t<meta property=\"og:image:height\" content=\"800\" \/>\n\t<meta property=\"og:image:type\" content=\"image\/jpeg\" \/>\n<meta name=\"twitter:card\" content=\"summary_large_image\" \/>\n<meta name=\"twitter:label1\" content=\"Tiempo de lectura\" \/>\n\t<meta name=\"twitter:data1\" content=\"2 minutos\" \/>\n<script type=\"application\/ld+json\" class=\"yoast-schema-graph\">{\"@context\":\"https:\/\/schema.org\",\"@graph\":[{\"@type\":\"WebPage\",\"@id\":\"https:\/\/aivlisoft.net\/shop\/producto\/ubiquiti-nanostation-ac-loco-5-5ghz-13dbi-pack-5\/\",\"url\":\"https:\/\/aivlisoft.net\/shop\/producto\/ubiquiti-nanostation-ac-loco-5-5ghz-13dbi-pack-5\/\",\"name\":\"Ubiquiti NanoStation AC Loco 5 5GHz 13dBi Pack 5 - Aivlisoft Inform\u00e1tica\",\"isPartOf\":{\"@id\":\"https:\/\/aivlisoft.net\/shop\/#website\"},\"primaryImageOfPage\":{\"@id\":\"https:\/\/aivlisoft.net\/shop\/producto\/ubiquiti-nanostation-ac-loco-5-5ghz-13dbi-pack-5\/#primaryimage\"},\"image\":{\"@id\":\"https:\/\/aivlisoft.net\/shop\/producto\/ubiquiti-nanostation-ac-loco-5-5ghz-13dbi-pack-5\/#primaryimage\"},\"thumbnailUrl\":\"https:\/\/aivlisoft.net\/shop\/wp-content\/uploads\/2025\/01\/NSWPAC0402_800.jpg\",\"datePublished\":\"2025-01-13T15:34:22+00:00\",\"dateModified\":\"2025-01-14T11:46:14+00:00\",\"breadcrumb\":{\"@id\":\"https:\/\/aivlisoft.net\/shop\/producto\/ubiquiti-nanostation-ac-loco-5-5ghz-13dbi-pack-5\/#breadcrumb\"},\"inLanguage\":\"es\",\"potentialAction\":[{\"@type\":\"ReadAction\",\"target\":[\"https:\/\/aivlisoft.net\/shop\/producto\/ubiquiti-nanostation-ac-loco-5-5ghz-13dbi-pack-5\/\"]}]},{\"@type\":\"ImageObject\",\"inLanguage\":\"es\",\"@id\":\"https:\/\/aivlisoft.net\/shop\/producto\/ubiquiti-nanostation-ac-loco-5-5ghz-13dbi-pack-5\/#primaryimage\",\"url\":\"https:\/\/aivlisoft.net\/shop\/wp-content\/uploads\/2025\/01\/NSWPAC0402_800.jpg\",\"contentUrl\":\"https:\/\/aivlisoft.net\/shop\/wp-content\/uploads\/2025\/01\/NSWPAC0402_800.jpg\",\"width\":800,\"height\":800},{\"@type\":\"BreadcrumbList\",\"@id\":\"https:\/\/aivlisoft.net\/shop\/producto\/ubiquiti-nanostation-ac-loco-5-5ghz-13dbi-pack-5\/#breadcrumb\",\"itemListElement\":[{\"@type\":\"ListItem\",\"position\":1,\"name\":\"Portada\",\"item\":\"https:\/\/aivlisoft.net\/shop\/\"},{\"@type\":\"ListItem\",\"position\":2,\"name\":\"Tienda\",\"item\":\"https:\/\/aivlisoft.net\/shop\/tienda\/\"},{\"@type\":\"ListItem\",\"position\":3,\"name\":\"Ubiquiti NanoStation AC Loco 5 5GHz 13dBi Pack 5\"}]},{\"@type\":\"WebSite\",\"@id\":\"https:\/\/aivlisoft.net\/shop\/#website\",\"url\":\"https:\/\/aivlisoft.net\/shop\/\",\"name\":\"Aivlisoft Inform\u00e1tica\",\"description\":\"En Aivlisoft Inform\u00e1tica ofrecemos soluciones tecnol\u00f3gicas para empresas: venta de ordenadores, consumibles, perif\u00e9ricos y m\u00e1s. Calidad, atenci\u00f3n personalizada y los mejores precios para tu negocio.\",\"publisher\":{\"@id\":\"https:\/\/aivlisoft.net\/shop\/#organization\"},\"potentialAction\":[{\"@type\":\"SearchAction\",\"target\":{\"@type\":\"EntryPoint\",\"urlTemplate\":\"https:\/\/aivlisoft.net\/shop\/?s={search_term_string}\"},\"query-input\":{\"@type\":\"PropertyValueSpecification\",\"valueRequired\":true,\"valueName\":\"search_term_string\"}}],\"inLanguage\":\"es\"},{\"@type\":\"Organization\",\"@id\":\"https:\/\/aivlisoft.net\/shop\/#organization\",\"name\":\"Aivlisoft Inform\u00e1tica\",\"url\":\"https:\/\/aivlisoft.net\/shop\/\",\"logo\":{\"@type\":\"ImageObject\",\"inLanguage\":\"es\",\"@id\":\"https:\/\/aivlisoft.net\/shop\/#\/schema\/logo\/image\/\",\"url\":\"https:\/\/aivlisoft.net\/shop\/wp-content\/uploads\/2024\/12\/removal.ai_5b848c54-0cdf-4140-95c5-c5536bb7573b-logodef.png\",\"contentUrl\":\"https:\/\/aivlisoft.net\/shop\/wp-content\/uploads\/2024\/12\/removal.ai_5b848c54-0cdf-4140-95c5-c5536bb7573b-logodef.png\",\"width\":484,\"height\":182,\"caption\":\"Aivlisoft Inform\u00e1tica\"},\"image\":{\"@id\":\"https:\/\/aivlisoft.net\/shop\/#\/schema\/logo\/image\/\"}}]}<\/script>\n<!-- \/ Yoast SEO plugin. -->","yoast_head_json":{"title":"Ubiquiti NanoStation AC Loco 5 5GHz 13dBi Pack 5 - Aivlisoft Inform\u00e1tica","robots":{"index":"index","follow":"follow","max-snippet":"max-snippet:-1","max-image-preview":"max-image-preview:large","max-video-preview":"max-video-preview:-1"},"canonical":"https:\/\/aivlisoft.net\/shop\/producto\/ubiquiti-nanostation-ac-loco-5-5ghz-13dbi-pack-5\/","og_locale":"es_ES","og_type":"article","og_title":"Ubiquiti NanoStation AC Loco 5 5GHz 13dBi Pack 5 - Aivlisoft Inform\u00e1tica","og_description":"&nbsp; Marca Ubiquiti Modelo loco5AC Caracter&iacute;sticas &#8211; Dimensiones: 179 x 77.5 x 59.1 mm&#8211; Peso: 180 g&#8211; Fuente de alimentaci&oacute;n: fuente PoE Gigabit de 24 V, 0,3A (no incluida)&#8211; Max. Consumo de energ&iacute;a: 7 W&#8211; M&eacute;todo de alimentaci&oacute;n: PoE pasivo de 2 pares (pares 4, 5+; 7, 8 de retorno)&#8211; Ganancia: 13 dBi&#8211; Interfaz de&hellip;&nbsp;Ubiquiti NanoStation AC Loco 5 5GHz 13dBi Pack 5","og_url":"https:\/\/aivlisoft.net\/shop\/producto\/ubiquiti-nanostation-ac-loco-5-5ghz-13dbi-pack-5\/","og_site_name":"Aivlisoft Inform\u00e1tica","article_modified_time":"2025-01-14T11:46:14+00:00","og_image":[{"width":800,"height":800,"url":"https:\/\/aivlisoft.net\/shop\/wp-content\/uploads\/2025\/01\/NSWPAC0402_800.jpg","type":"image\/jpeg"}],"twitter_card":"summary_large_image","twitter_misc":{"Tiempo de lectura":"2 minutos"},"schema":{"@context":"https:\/\/schema.org","@graph":[{"@type":"WebPage","@id":"https:\/\/aivlisoft.net\/shop\/producto\/ubiquiti-nanostation-ac-loco-5-5ghz-13dbi-pack-5\/","url":"https:\/\/aivlisoft.net\/shop\/producto\/ubiquiti-nanostation-ac-loco-5-5ghz-13dbi-pack-5\/","name":"Ubiquiti NanoStation AC Loco 5 5GHz 13dBi Pack 5 - Aivlisoft Inform\u00e1tica","isPartOf":{"@id":"https:\/\/aivlisoft.net\/shop\/#website"},"primaryImageOfPage":{"@id":"https:\/\/aivlisoft.net\/shop\/producto\/ubiquiti-nanostation-ac-loco-5-5ghz-13dbi-pack-5\/#primaryimage"},"image":{"@id":"https:\/\/aivlisoft.net\/shop\/producto\/ubiquiti-nanostation-ac-loco-5-5ghz-13dbi-pack-5\/#primaryimage"},"thumbnailUrl":"https:\/\/aivlisoft.net\/shop\/wp-content\/uploads\/2025\/01\/NSWPAC0402_800.jpg","datePublished":"2025-01-13T15:34:22+00:00","dateModified":"2025-01-14T11:46:14+00:00","breadcrumb":{"@id":"https:\/\/aivlisoft.net\/shop\/producto\/ubiquiti-nanostation-ac-loco-5-5ghz-13dbi-pack-5\/#breadcrumb"},"inLanguage":"es","potentialAction":[{"@type":"ReadAction","target":["https:\/\/aivlisoft.net\/shop\/producto\/ubiquiti-nanostation-ac-loco-5-5ghz-13dbi-pack-5\/"]}]},{"@type":"ImageObject","inLanguage":"es","@id":"https:\/\/aivlisoft.net\/shop\/producto\/ubiquiti-nanostation-ac-loco-5-5ghz-13dbi-pack-5\/#primaryimage","url":"https:\/\/aivlisoft.net\/shop\/wp-content\/uploads\/2025\/01\/NSWPAC0402_800.jpg","contentUrl":"https:\/\/aivlisoft.net\/shop\/wp-content\/uploads\/2025\/01\/NSWPAC0402_800.jpg","width":800,"height":800},{"@type":"BreadcrumbList","@id":"https:\/\/aivlisoft.net\/shop\/producto\/ubiquiti-nanostation-ac-loco-5-5ghz-13dbi-pack-5\/#breadcrumb","itemListElement":[{"@type":"ListItem","position":1,"name":"Portada","item":"https:\/\/aivlisoft.net\/shop\/"},{"@type":"ListItem","position":2,"name":"Tienda","item":"https:\/\/aivlisoft.net\/shop\/tienda\/"},{"@type":"ListItem","position":3,"name":"Ubiquiti NanoStation AC Loco 5 5GHz 13dBi Pack 5"}]},{"@type":"WebSite","@id":"https:\/\/aivlisoft.net\/shop\/#website","url":"https:\/\/aivlisoft.net\/shop\/","name":"Aivlisoft Inform\u00e1tica","description":"En Aivlisoft Inform\u00e1tica ofrecemos soluciones tecnol\u00f3gicas para empresas: venta de ordenadores, consumibles, perif\u00e9ricos y m\u00e1s. Calidad, atenci\u00f3n personalizada y los mejores precios para tu negocio.","publisher":{"@id":"https:\/\/aivlisoft.net\/shop\/#organization"},"potentialAction":[{"@type":"SearchAction","target":{"@type":"EntryPoint","urlTemplate":"https:\/\/aivlisoft.net\/shop\/?s={search_term_string}"},"query-input":{"@type":"PropertyValueSpecification","valueRequired":true,"valueName":"search_term_string"}}],"inLanguage":"es"},{"@type":"Organization","@id":"https:\/\/aivlisoft.net\/shop\/#organization","name":"Aivlisoft Inform\u00e1tica","url":"https:\/\/aivlisoft.net\/shop\/","logo":{"@type":"ImageObject","inLanguage":"es","@id":"https:\/\/aivlisoft.net\/shop\/#\/schema\/logo\/image\/","url":"https:\/\/aivlisoft.net\/shop\/wp-content\/uploads\/2024\/12\/removal.ai_5b848c54-0cdf-4140-95c5-c5536bb7573b-logodef.png","contentUrl":"https:\/\/aivlisoft.net\/shop\/wp-content\/uploads\/2024\/12\/removal.ai_5b848c54-0cdf-4140-95c5-c5536bb7573b-logodef.png","width":484,"height":182,"caption":"Aivlisoft Inform\u00e1tica"},"image":{"@id":"https:\/\/aivlisoft.net\/shop\/#\/schema\/logo\/image\/"}}]}},"_links":{"self":[{"href":"https:\/\/aivlisoft.net\/shop\/wp-json\/wp\/v2\/product\/19604","targetHints":{"allow":["GET"]}}],"collection":[{"href":"https:\/\/aivlisoft.net\/shop\/wp-json\/wp\/v2\/product"}],"about":[{"href":"https:\/\/aivlisoft.net\/shop\/wp-json\/wp\/v2\/types\/product"}],"wp:featuredmedia":[{"embeddable":true,"href":"https:\/\/aivlisoft.net\/shop\/wp-json\/wp\/v2\/media\/19605"}],"wp:attachment":[{"href":"https:\/\/aivlisoft.net\/shop\/wp-json\/wp\/v2\/media?parent=19604"}],"wp:term":[{"taxonomy":"product_brand","embeddable":true,"href":"https:\/\/aivlisoft.net\/shop\/wp-json\/wp\/v2\/product_brand?post=19604"},{"taxonomy":"product_cat","embeddable":true,"href":"https:\/\/aivlisoft.net\/shop\/wp-json\/wp\/v2\/product_cat?post=19604"},{"taxonomy":"product_tag","embeddable":true,"href":"https:\/\/aivlisoft.net\/shop\/wp-json\/wp\/v2\/product_tag?post=19604"}],"curies":[{"name":"wp","href":"https:\/\/api.w.org\/{rel}","templated":true}]}}