{"id":19589,"date":"2025-01-13T15:34:10","date_gmt":"2025-01-13T15:34:10","guid":{"rendered":"https:\/\/aivlisoft.com\/?post_type=product&#038;p=19589"},"modified":"2025-01-14T11:46:07","modified_gmt":"2025-01-14T11:46:07","slug":"d-link-dwl-6610ape-punto-acceso-ac1200-poe","status":"publish","type":"product","link":"https:\/\/aivlisoft.net\/shop\/producto\/d-link-dwl-6610ape-punto-acceso-ac1200-poe\/","title":{"rendered":"D-Link DWL-6610APE Punto Acceso AC1200 PoE"},"content":{"rendered":"<p><strong>Dise&ntilde;o Inteligente<\/strong><br \/>Un punto de accesso facil de montar en techos o predes, sin necesidad de esconderlo en falsos techos o paneles, lo que podria afectar su rendimiento. Su chasis \u00abplenum rated\u00bb cumple estrictas normativas anti-incedios.<\/p>\n<p><strong>Band Steering, asignaci&oacute;n autom&aacute;tica de banda<\/strong><br \/>DWL-6610APE detecta si el dispositivo cliente Wi-Fi admite doble banda y, si es el caso, lo conecta autom&aacute;ticamente a la banda de 5 GHz, menos congestionada y con mejor rendimiento. De esta forma se asegura el m&aacute;ximo rendimiento tanto en los dispositivos Wi-Fi AC (nativos para la banda de 5 GHz) como en los Wireless N compatibles con dual band.<\/p>\n<p><strong>Standalone o Unificado<\/strong><br \/>El DWL-6610APE puede funcionar como AP standalone o como AP unificado dentro de una red con gesti&oacute;n centralizada mediante una controladora Wireless o un Wireless Switch unificado de D-Link. Adem&aacute;s, la compatibilidad con Power Over Ethernet para alimentarlo por el cable de red LAN aumenta la flexibilidad de instalaci&oacute;n.<\/p>\n<p><strong>Dise&ntilde;o seguro y ecol&oacute;gico<\/strong><br \/>DWL-6610APE dispone de una funci&oacute;n de programaci&oacute;n Wi-Fi que apaga la transmisi&oacute;n inal&aacute;mbrica cuando no es necesaria, lo que ahorra energ&iacute;a y aumenta la seguridad de la red.<\/p>\n<p><strong>Itinerancia r&aacute;pida y sin interrupciones<\/strong><br \/>La gesti&oacute;n centralizada medianteWireless Switch o controladora Wireless le permiten asegurar que los dispositivos cliente pueden desplazarse por el edificio sin perder conectividad o rendimiento<\/p>\n<p><strong>Gesti&oacute;n centralizada por hardware<\/strong><br \/>Todos los AP Unified Wireless de D-Link como el DWL-6610APE pueden gestionarse de forma unificada con un Wireless Controller o un Wireless Switch Unified de D-Link.<\/p>\n<p><strong>Doble banda 2.4\/5 GHz simult&aacute;nea<\/strong><br \/>Configuraci&oacute;n 2&#215;2 MIMO en la banda de 5 Ghz (antenas de 6.5 dBi) y 2&#215;2 MIMO en la banda de 2,4 Ghz (antenas de 5 dBi), con hasta 867 Mbps en la banda de 5 GHz y 300 Mbps en la banda de 2.4 GHz.<\/p>\n<table class=\"tabla_caracteristicas k-table\" width=\"100%\">\n<tbody>\n<tr>\n<td valign=\"top\"><strong>Marca<\/strong><\/td>\n<td>D-Link<\/td>\n<\/tr>\n<tr>\n<td valign=\"top\"><strong>Modelo<\/strong><\/td>\n<td><strong>DWL-6610APE<\/strong><\/td>\n<\/tr>\n<tr>\n<td valign=\"top\"><strong>General<\/strong><\/td>\n<td><strong>Interfaces <\/strong><br \/>&#8211; Conexi&oacute;n inal&aacute;mbrica 802.11b \/ g \/ n 2.4 GHz <br \/>&#8211; Conexi&oacute;n inal&aacute;mbrica 802.11ac \/ a \/ n 5 GHz <br \/>&#8211; Puerto LAN (PoE) 10\/100 \/ 1000BASE-T (PoE)<br \/><strong>Antena <\/strong><br \/>&#8211; 4 x antenas omnidireccionales externas de banda dual desmontables <br \/>&#8211; 4 dBi para 5 GHz, 3 dBi para 2.4 GHz<\/td>\n<\/tr>\n<tr>\n<td valign=\"top\"><strong>Funcionalidad<\/strong><\/td>\n<td><strong>Frecuencia de operaci&oacute;n <\/strong><br \/>&#8211; 2400 a 2483.5 MHz <br \/>&#8211; 5150 a 5850 MHz<br \/><strong>Canales operativos <\/strong><br \/>&#8211; 1 a 13 canales para la banda de 2,4 GHz (por c&oacute;digo de pa&iacute;s) <br \/>&#8211; 36 a 165 canales para la banda de 5 GHz (por c&oacute;digo de pa&iacute;s)<br \/><strong>Administraci&oacute;n del sistema <\/strong><br \/>&#8211; Interfaz de usuario basada en la web (HTTP \/ HTTPs) <br \/>&#8211; Consola serie (RJ-45) <br \/>&#8211; SNMP (v1 \/ v2c \/ v3) <br \/>&#8211; Telnet \/ SSH<\/td>\n<\/tr>\n<tr>\n<td valign=\"top\"><strong>Seguridad<\/strong><\/td>\n<td><strong>Seguridad de SSID <\/strong><br \/>&#8211; Hasta 32 SSID, 16 por radio <br \/>&#8211; 802.1Q VLAN <br \/>&#8211; Aislamiento de la estaci&oacute;n<br \/><strong>Seguridad inal&aacute;mbrica <\/strong><br \/>&#8211; WPA Personal \/ Enterprise <br \/>&#8211; AES y TKIP<br \/><strong>Detecci&oacute;n y Prevenci&oacute;n<\/strong><br \/>&#8211; Rogue and valid AP classification<\/td>\n<\/tr>\n<tr>\n<td valign=\"top\"><strong>Caracter&iacute;sticas f&iacute;sicas<\/strong><\/td>\n<td><strong>Dimensiones<\/strong><br \/>&#8211; 205 x 39 mm<br \/><strong>Peso<\/strong><br \/>&#8211; 476 g <br \/><strong>Fuente de alimentaci&oacute;n <\/strong><br \/>&#8211; Adaptador de alimentaci&oacute;n externa de 12V \/ 1.5A <br \/>&#8211; 802.3af PoE<br \/><strong>Consumo m&aacute;ximo de energ&iacute;a <\/strong><br \/>&#8211; 10.2 vatios<br \/><strong>Caja<\/strong><br \/>&#8211; Cubierta inferior &#8211; pl&aacute;stico<br \/>&#8211; Cubierta superior &#8211; pl&aacute;stico<br \/>&#8211; Chasis con certificaci&oacute;n UL2043<br \/><strong>Temperatura <\/strong><br \/>&#8211; Funcionamiento: 0 a 40&deg;C (32 a 104&deg;F) <br \/>&#8211; Almacenamiento: -20 a 65&deg;C (-4 a 149&deg;F)<br \/><strong>Humedad <\/strong><br \/>&#8211; Funcionamiento: 10% a 90% sin condensaci&oacute;n <br \/>&#8211; Almacenamiento: 5% a 95% sin condensaci&oacute;n<br \/><strong>Certificaciones <\/strong><br \/>&#8211; CE <br \/>&#8211; FCC <br \/>&#8211; IC <br \/>&#8211; cUL + UL <br \/>&#8211; LVD <br \/>&#8211; RCM <br \/>&#8211; NCC <br \/>&#8211; BSMI <br \/>&#8211; UL2043<\/td>\n<\/tr>\n<tr>\n<td valign=\"top\"><strong>Fecha de revisi&oacute;n<\/strong><\/td>\n<td>17-04-2019 por AVN<\/td>\n<\/tr>\n<\/tbody>\n<\/table>\n","protected":false},"excerpt":{"rendered":"<p>Dise&ntilde;o InteligenteUn punto de accesso facil de montar en techos o predes, sin necesidad de esconderlo en falsos techos o paneles, lo que podria afectar su rendimiento. Su chasis \u00abplenum rated\u00bb cumple estrictas normativas anti-incedios. Band Steering, asignaci&oacute;n autom&aacute;tica de bandaDWL-6610APE detecta si el dispositivo cliente Wi-Fi admite doble banda y, si es el caso,&hellip;&nbsp;<a href=\"https:\/\/aivlisoft.net\/shop\/producto\/d-link-dwl-6610ape-punto-acceso-ac1200-poe\/\" rel=\"bookmark\"><span class=\"screen-reader-text\">D-Link DWL-6610APE Punto Acceso AC1200 PoE<\/span><\/a><\/p>\n","protected":false},"featured_media":19590,"template":"","meta":{"neve_meta_sidebar":"","neve_meta_container":"","neve_meta_enable_content_width":"","neve_meta_content_width":0,"neve_meta_title_alignment":"","neve_meta_author_avatar":"","neve_post_elements_order":"","neve_meta_disable_header":"","neve_meta_disable_footer":"","neve_meta_disable_title":""},"product_brand":[],"product_cat":[8770],"product_tag":[7070],"class_list":{"0":"post-19589","1":"product","2":"type-product","3":"status-publish","4":"has-post-thumbnail","6":"product_cat-puntos-de-acceso","7":"product_tag-dwl-6610ape","9":"first","10":"instock","11":"taxable","12":"shipping-taxable","13":"purchasable","14":"product-type-simple"},"yoast_head":"<!-- This site is optimized with the Yoast SEO plugin v26.0 - https:\/\/yoast.com\/wordpress\/plugins\/seo\/ -->\n<title>D-Link DWL-6610APE Punto Acceso AC1200 PoE - Aivlisoft Inform\u00e1tica<\/title>\n<meta name=\"robots\" content=\"index, follow, max-snippet:-1, max-image-preview:large, max-video-preview:-1\" \/>\n<link rel=\"canonical\" href=\"https:\/\/aivlisoft.net\/shop\/producto\/d-link-dwl-6610ape-punto-acceso-ac1200-poe\/\" \/>\n<meta property=\"og:locale\" content=\"es_ES\" \/>\n<meta property=\"og:type\" content=\"article\" \/>\n<meta property=\"og:title\" content=\"D-Link DWL-6610APE Punto Acceso AC1200 PoE - Aivlisoft Inform\u00e1tica\" \/>\n<meta property=\"og:description\" content=\"Dise&ntilde;o InteligenteUn punto de accesso facil de montar en techos o predes, sin necesidad de esconderlo en falsos techos o paneles, lo que podria afectar su rendimiento. Su chasis \u00abplenum rated\u00bb cumple estrictas normativas anti-incedios. Band Steering, asignaci&oacute;n autom&aacute;tica de bandaDWL-6610APE detecta si el dispositivo cliente Wi-Fi admite doble banda y, si es el caso,&hellip;&nbsp;D-Link DWL-6610APE Punto Acceso AC1200 PoE\" \/>\n<meta property=\"og:url\" content=\"https:\/\/aivlisoft.net\/shop\/producto\/d-link-dwl-6610ape-punto-acceso-ac1200-poe\/\" \/>\n<meta property=\"og:site_name\" content=\"Aivlisoft Inform\u00e1tica\" \/>\n<meta property=\"article:modified_time\" content=\"2025-01-14T11:46:07+00:00\" \/>\n<meta property=\"og:image\" content=\"https:\/\/aivlisoft.net\/shop\/wp-content\/uploads\/2025\/01\/NSWPAC0388_800.jpg\" \/>\n\t<meta property=\"og:image:width\" content=\"800\" \/>\n\t<meta property=\"og:image:height\" content=\"800\" \/>\n\t<meta property=\"og:image:type\" content=\"image\/jpeg\" \/>\n<meta name=\"twitter:card\" content=\"summary_large_image\" \/>\n<meta name=\"twitter:label1\" content=\"Tiempo de lectura\" \/>\n\t<meta name=\"twitter:data1\" content=\"3 minutos\" \/>\n<script type=\"application\/ld+json\" class=\"yoast-schema-graph\">{\"@context\":\"https:\/\/schema.org\",\"@graph\":[{\"@type\":\"WebPage\",\"@id\":\"https:\/\/aivlisoft.net\/shop\/producto\/d-link-dwl-6610ape-punto-acceso-ac1200-poe\/\",\"url\":\"https:\/\/aivlisoft.net\/shop\/producto\/d-link-dwl-6610ape-punto-acceso-ac1200-poe\/\",\"name\":\"D-Link DWL-6610APE Punto Acceso AC1200 PoE - Aivlisoft Inform\u00e1tica\",\"isPartOf\":{\"@id\":\"https:\/\/aivlisoft.net\/shop\/#website\"},\"primaryImageOfPage\":{\"@id\":\"https:\/\/aivlisoft.net\/shop\/producto\/d-link-dwl-6610ape-punto-acceso-ac1200-poe\/#primaryimage\"},\"image\":{\"@id\":\"https:\/\/aivlisoft.net\/shop\/producto\/d-link-dwl-6610ape-punto-acceso-ac1200-poe\/#primaryimage\"},\"thumbnailUrl\":\"https:\/\/aivlisoft.net\/shop\/wp-content\/uploads\/2025\/01\/NSWPAC0388_800.jpg\",\"datePublished\":\"2025-01-13T15:34:10+00:00\",\"dateModified\":\"2025-01-14T11:46:07+00:00\",\"breadcrumb\":{\"@id\":\"https:\/\/aivlisoft.net\/shop\/producto\/d-link-dwl-6610ape-punto-acceso-ac1200-poe\/#breadcrumb\"},\"inLanguage\":\"es\",\"potentialAction\":[{\"@type\":\"ReadAction\",\"target\":[\"https:\/\/aivlisoft.net\/shop\/producto\/d-link-dwl-6610ape-punto-acceso-ac1200-poe\/\"]}]},{\"@type\":\"ImageObject\",\"inLanguage\":\"es\",\"@id\":\"https:\/\/aivlisoft.net\/shop\/producto\/d-link-dwl-6610ape-punto-acceso-ac1200-poe\/#primaryimage\",\"url\":\"https:\/\/aivlisoft.net\/shop\/wp-content\/uploads\/2025\/01\/NSWPAC0388_800.jpg\",\"contentUrl\":\"https:\/\/aivlisoft.net\/shop\/wp-content\/uploads\/2025\/01\/NSWPAC0388_800.jpg\",\"width\":800,\"height\":800},{\"@type\":\"BreadcrumbList\",\"@id\":\"https:\/\/aivlisoft.net\/shop\/producto\/d-link-dwl-6610ape-punto-acceso-ac1200-poe\/#breadcrumb\",\"itemListElement\":[{\"@type\":\"ListItem\",\"position\":1,\"name\":\"Portada\",\"item\":\"https:\/\/aivlisoft.net\/shop\/\"},{\"@type\":\"ListItem\",\"position\":2,\"name\":\"Tienda\",\"item\":\"https:\/\/aivlisoft.net\/shop\/tienda\/\"},{\"@type\":\"ListItem\",\"position\":3,\"name\":\"D-Link DWL-6610APE Punto Acceso AC1200 PoE\"}]},{\"@type\":\"WebSite\",\"@id\":\"https:\/\/aivlisoft.net\/shop\/#website\",\"url\":\"https:\/\/aivlisoft.net\/shop\/\",\"name\":\"Aivlisoft Inform\u00e1tica\",\"description\":\"En Aivlisoft Inform\u00e1tica ofrecemos soluciones tecnol\u00f3gicas para empresas: venta de ordenadores, consumibles, perif\u00e9ricos y m\u00e1s. Calidad, atenci\u00f3n personalizada y los mejores precios para tu negocio.\",\"publisher\":{\"@id\":\"https:\/\/aivlisoft.net\/shop\/#organization\"},\"potentialAction\":[{\"@type\":\"SearchAction\",\"target\":{\"@type\":\"EntryPoint\",\"urlTemplate\":\"https:\/\/aivlisoft.net\/shop\/?s={search_term_string}\"},\"query-input\":{\"@type\":\"PropertyValueSpecification\",\"valueRequired\":true,\"valueName\":\"search_term_string\"}}],\"inLanguage\":\"es\"},{\"@type\":\"Organization\",\"@id\":\"https:\/\/aivlisoft.net\/shop\/#organization\",\"name\":\"Aivlisoft Inform\u00e1tica\",\"url\":\"https:\/\/aivlisoft.net\/shop\/\",\"logo\":{\"@type\":\"ImageObject\",\"inLanguage\":\"es\",\"@id\":\"https:\/\/aivlisoft.net\/shop\/#\/schema\/logo\/image\/\",\"url\":\"https:\/\/aivlisoft.net\/shop\/wp-content\/uploads\/2024\/12\/removal.ai_5b848c54-0cdf-4140-95c5-c5536bb7573b-logodef.png\",\"contentUrl\":\"https:\/\/aivlisoft.net\/shop\/wp-content\/uploads\/2024\/12\/removal.ai_5b848c54-0cdf-4140-95c5-c5536bb7573b-logodef.png\",\"width\":484,\"height\":182,\"caption\":\"Aivlisoft Inform\u00e1tica\"},\"image\":{\"@id\":\"https:\/\/aivlisoft.net\/shop\/#\/schema\/logo\/image\/\"}}]}<\/script>\n<!-- \/ Yoast SEO plugin. -->","yoast_head_json":{"title":"D-Link DWL-6610APE Punto Acceso AC1200 PoE - Aivlisoft Inform\u00e1tica","robots":{"index":"index","follow":"follow","max-snippet":"max-snippet:-1","max-image-preview":"max-image-preview:large","max-video-preview":"max-video-preview:-1"},"canonical":"https:\/\/aivlisoft.net\/shop\/producto\/d-link-dwl-6610ape-punto-acceso-ac1200-poe\/","og_locale":"es_ES","og_type":"article","og_title":"D-Link DWL-6610APE Punto Acceso AC1200 PoE - Aivlisoft Inform\u00e1tica","og_description":"Dise&ntilde;o InteligenteUn punto de accesso facil de montar en techos o predes, sin necesidad de esconderlo en falsos techos o paneles, lo que podria afectar su rendimiento. Su chasis \u00abplenum rated\u00bb cumple estrictas normativas anti-incedios. Band Steering, asignaci&oacute;n autom&aacute;tica de bandaDWL-6610APE detecta si el dispositivo cliente Wi-Fi admite doble banda y, si es el caso,&hellip;&nbsp;D-Link DWL-6610APE Punto Acceso AC1200 PoE","og_url":"https:\/\/aivlisoft.net\/shop\/producto\/d-link-dwl-6610ape-punto-acceso-ac1200-poe\/","og_site_name":"Aivlisoft Inform\u00e1tica","article_modified_time":"2025-01-14T11:46:07+00:00","og_image":[{"width":800,"height":800,"url":"https:\/\/aivlisoft.net\/shop\/wp-content\/uploads\/2025\/01\/NSWPAC0388_800.jpg","type":"image\/jpeg"}],"twitter_card":"summary_large_image","twitter_misc":{"Tiempo de lectura":"3 minutos"},"schema":{"@context":"https:\/\/schema.org","@graph":[{"@type":"WebPage","@id":"https:\/\/aivlisoft.net\/shop\/producto\/d-link-dwl-6610ape-punto-acceso-ac1200-poe\/","url":"https:\/\/aivlisoft.net\/shop\/producto\/d-link-dwl-6610ape-punto-acceso-ac1200-poe\/","name":"D-Link DWL-6610APE Punto Acceso AC1200 PoE - Aivlisoft Inform\u00e1tica","isPartOf":{"@id":"https:\/\/aivlisoft.net\/shop\/#website"},"primaryImageOfPage":{"@id":"https:\/\/aivlisoft.net\/shop\/producto\/d-link-dwl-6610ape-punto-acceso-ac1200-poe\/#primaryimage"},"image":{"@id":"https:\/\/aivlisoft.net\/shop\/producto\/d-link-dwl-6610ape-punto-acceso-ac1200-poe\/#primaryimage"},"thumbnailUrl":"https:\/\/aivlisoft.net\/shop\/wp-content\/uploads\/2025\/01\/NSWPAC0388_800.jpg","datePublished":"2025-01-13T15:34:10+00:00","dateModified":"2025-01-14T11:46:07+00:00","breadcrumb":{"@id":"https:\/\/aivlisoft.net\/shop\/producto\/d-link-dwl-6610ape-punto-acceso-ac1200-poe\/#breadcrumb"},"inLanguage":"es","potentialAction":[{"@type":"ReadAction","target":["https:\/\/aivlisoft.net\/shop\/producto\/d-link-dwl-6610ape-punto-acceso-ac1200-poe\/"]}]},{"@type":"ImageObject","inLanguage":"es","@id":"https:\/\/aivlisoft.net\/shop\/producto\/d-link-dwl-6610ape-punto-acceso-ac1200-poe\/#primaryimage","url":"https:\/\/aivlisoft.net\/shop\/wp-content\/uploads\/2025\/01\/NSWPAC0388_800.jpg","contentUrl":"https:\/\/aivlisoft.net\/shop\/wp-content\/uploads\/2025\/01\/NSWPAC0388_800.jpg","width":800,"height":800},{"@type":"BreadcrumbList","@id":"https:\/\/aivlisoft.net\/shop\/producto\/d-link-dwl-6610ape-punto-acceso-ac1200-poe\/#breadcrumb","itemListElement":[{"@type":"ListItem","position":1,"name":"Portada","item":"https:\/\/aivlisoft.net\/shop\/"},{"@type":"ListItem","position":2,"name":"Tienda","item":"https:\/\/aivlisoft.net\/shop\/tienda\/"},{"@type":"ListItem","position":3,"name":"D-Link DWL-6610APE Punto Acceso AC1200 PoE"}]},{"@type":"WebSite","@id":"https:\/\/aivlisoft.net\/shop\/#website","url":"https:\/\/aivlisoft.net\/shop\/","name":"Aivlisoft Inform\u00e1tica","description":"En Aivlisoft Inform\u00e1tica ofrecemos soluciones tecnol\u00f3gicas para empresas: venta de ordenadores, consumibles, perif\u00e9ricos y m\u00e1s. Calidad, atenci\u00f3n personalizada y los mejores precios para tu negocio.","publisher":{"@id":"https:\/\/aivlisoft.net\/shop\/#organization"},"potentialAction":[{"@type":"SearchAction","target":{"@type":"EntryPoint","urlTemplate":"https:\/\/aivlisoft.net\/shop\/?s={search_term_string}"},"query-input":{"@type":"PropertyValueSpecification","valueRequired":true,"valueName":"search_term_string"}}],"inLanguage":"es"},{"@type":"Organization","@id":"https:\/\/aivlisoft.net\/shop\/#organization","name":"Aivlisoft Inform\u00e1tica","url":"https:\/\/aivlisoft.net\/shop\/","logo":{"@type":"ImageObject","inLanguage":"es","@id":"https:\/\/aivlisoft.net\/shop\/#\/schema\/logo\/image\/","url":"https:\/\/aivlisoft.net\/shop\/wp-content\/uploads\/2024\/12\/removal.ai_5b848c54-0cdf-4140-95c5-c5536bb7573b-logodef.png","contentUrl":"https:\/\/aivlisoft.net\/shop\/wp-content\/uploads\/2024\/12\/removal.ai_5b848c54-0cdf-4140-95c5-c5536bb7573b-logodef.png","width":484,"height":182,"caption":"Aivlisoft Inform\u00e1tica"},"image":{"@id":"https:\/\/aivlisoft.net\/shop\/#\/schema\/logo\/image\/"}}]}},"_links":{"self":[{"href":"https:\/\/aivlisoft.net\/shop\/wp-json\/wp\/v2\/product\/19589","targetHints":{"allow":["GET"]}}],"collection":[{"href":"https:\/\/aivlisoft.net\/shop\/wp-json\/wp\/v2\/product"}],"about":[{"href":"https:\/\/aivlisoft.net\/shop\/wp-json\/wp\/v2\/types\/product"}],"wp:featuredmedia":[{"embeddable":true,"href":"https:\/\/aivlisoft.net\/shop\/wp-json\/wp\/v2\/media\/19590"}],"wp:attachment":[{"href":"https:\/\/aivlisoft.net\/shop\/wp-json\/wp\/v2\/media?parent=19589"}],"wp:term":[{"taxonomy":"product_brand","embeddable":true,"href":"https:\/\/aivlisoft.net\/shop\/wp-json\/wp\/v2\/product_brand?post=19589"},{"taxonomy":"product_cat","embeddable":true,"href":"https:\/\/aivlisoft.net\/shop\/wp-json\/wp\/v2\/product_cat?post=19589"},{"taxonomy":"product_tag","embeddable":true,"href":"https:\/\/aivlisoft.net\/shop\/wp-json\/wp\/v2\/product_tag?post=19589"}],"curies":[{"name":"wp","href":"https:\/\/api.w.org\/{rel}","templated":true}]}}