{"id":19569,"date":"2025-01-13T15:34:00","date_gmt":"2025-01-13T15:34:00","guid":{"rendered":"https:\/\/aivlisoft.com\/?post_type=product&#038;p=19569"},"modified":"2025-01-14T11:46:03","modified_gmt":"2025-01-14T11:46:03","slug":"ubiquiti-unifi-uap-ac-shd-dual-band-poe","status":"publish","type":"product","link":"https:\/\/aivlisoft.net\/shop\/producto\/ubiquiti-unifi-uap-ac-shd-dual-band-poe\/","title":{"rendered":"Ubiquiti UniFi UAP-AC-SHD Dual Band PoE"},"content":{"rendered":"<p><strong>UBIQUITI-UAP-AC-SHD UniFi AP 802.11AC MU-MIMO Seguridad Avanzada sin POE<\/strong><br \/>(no incluye inyector PoE, El UAP-AC-SHD puede alimentarse mediante cualquier switch POE de la gama Unifi (excepto el US-8-60W) o un switch PoE gen&eacute;rico 802.3at (PoE+))<br \/>El UNIFI UAP AC SHD es un AP perfecto para un despliegue seguro de alta densidad. Con sus radios integradas y dedicadas de seguridad y monitoreo, el AC-SHD ofrece visibilidad en el rendimiento del sitio, permite la planificaci&oacute;n de canales y el control las interferencias locales, lo que permite una respuesta r&aacute;pida y f&aacute;cil.<\/p>\n<p>No hay necesidad de sacrificar la buena conectividad por el bien de la seguridad. Este es el punto de acceso perfecto para entornos de alta densidad donde la informaci&oacute;n sensible se est&aacute; transfiriendo a trav&eacute;s de la red. Bancos, hospitales, universidades, entornos corporativos: cualquier despliegue en el que la seguridad de los datos de los usuarios no s&oacute;lo es crucial, sino que debe supervisarse activamente.<\/p>\n<p><strong>El SHD tiene cuatro caracter&iacute;sticas clave que lo hacen perfecto para el trabajo:<\/strong><\/p>\n<p>&#8211; Funci&oacute;n airTime ofrece visibilidad en tiempo real de la utilizaci&oacute;n del canal a nivel de paquete<br \/>&#8211; Funcionalidad airView ofrece visibilidad en tiempo real del entorno RF en todos los canales disponibles<br \/>&#8211; La radio de banda dual dedicada es monitorizada constantemente y protege contra amenazas.<br \/>&#8211; Sistema inal&aacute;mbrico dedicado de prevenci&oacute;n de intrusiones (WIPS) + sistema inal&aacute;mbrico de detecci&oacute;n de intrusiones (WIDS)<\/p>\n<p><strong>Aplicaciones de alta densidad con tecnolog&iacute;a MU-MIMO 802.11ac Wave 2<\/strong><br \/>La tecnolog&iacute;a MU-MIMO permite que un AP Wave 2 se comunique con varios clientes al mismo tiempo, aumentando significativamente el rendimiento de m&uacute;ltiples usuarios y la experiencia general del usuario.<\/p>\n<p><strong>Aceleraci&oacute;n de Hardware de Radio<\/strong><br \/>Hardware independiente de 2,4 GHz y 5 GHz para maximizar el rendimiento de m&uacute;ltiples usuarios y reducir la latencia.<\/p>\n<p><strong>Aceleraci&oacute;n del hardware de la CPU<\/strong><br \/>Hardware dedicado para QoS, control de invitados y administraci&oacute;n de clientes.<\/p>\n<p><strong>Optimizado para MU-MIMO<\/strong><br \/>Sistema de antena optimizado para onda 802.11ac Wave 2 MU-MIMO beamforming.<\/p>\n<p><strong>Formaci&oacute;n de haces<\/strong><br \/>Datos enviados y recibidos usando m&uacute;ltiples antenas para aumentar el rendimiento y el rango.<\/p>\n<p><strong>An&aacute;lisis espectral en tiempo real<\/strong><br \/>Recopilaci&oacute;n y an&aacute;lisis en tiempo real de interferencias de banda completa de 5 GHz y 2.4 GHz.<\/p>\n<p><strong>Hardware WIPS\/WIDS<\/strong><br \/>Sistema inal&aacute;mbrico dedicado de prevenci&oacute;n de intrusiones (WIPS) + sistema inal&aacute;mbrico de detecci&oacute;n de intrusiones (WIDS), radio y procesador de seguridad para la m&aacute;xima seguridad, protecci&oacute;n y conciencia de la red. Gracias a su monitorizaci&oacute;n constatante el UAP AC SHD dispone de herramientas para monitorizar el tr&aacute;fico en tiempo real con airView ayudando a detectar y prevenir intrusiones sin afectar la eficiencia del dispositivo.<\/p>\n<table class=\"tabla_caracteristicas k-table\" width=\"100%\">\n<tbody>\n<tr>\n<td valign=\"top\"><strong>Marca<\/strong><\/td>\n<td>UBIQUITI<\/td>\n<\/tr>\n<tr>\n<td valign=\"top\"><strong>Modelo<\/strong><\/td>\n<td><strong>UAP-AC-SHD<\/strong><\/td>\n<\/tr>\n<tr>\n<td valign=\"top\"><strong>Caracter&iacute;sticas<\/strong><\/td>\n<td><strong>Desempe&ntilde;o<\/strong><br \/>&#8211; Ethernet LAN, velocidad de transferencia de datos: 10,100,1000 Mbit\/s<br \/>&#8211; Wi-Fi velocidad de transferencia de datos (max): 1733 Mbit\/s<br \/>&#8211; Tasa de transferencia (m&aacute;x): 1000 Mbit\/s<br \/>&#8211; 2,4 GHz: Si &nbsp;<br \/>&#8211; 5 GHz: Si &nbsp;<br \/>&#8211; Est&aacute;ndares de red: IEEE 802.11a,IEEE 802.11ac,IEEE 802.11b,IEEE 802.11g,IEEE 802.11n,IEEE 802.3,IEEE 802.3ab,IEEE 802.3u &nbsp;<br \/>&#8211; Soporte VLAN: Si &nbsp;<br \/>&#8211; Calidad de servicio (QoS) soporte: Si &nbsp;<br \/>&#8211; Limitar tasa: Si &nbsp;<br \/>&#8211; Bot&oacute;n de restaurar: Si &nbsp;<br \/>&#8211; Certificaci&oacute;n: CE, FCC, IC &nbsp;<br \/><strong>Puertos e Interfaces<\/strong><br \/>&#8211; Ethernet LAN (RJ-45) cantidad de puertos: 2 &nbsp;<br \/><strong>Seguridad<\/strong><br \/>&#8211; Algoritmos de seguridad soportados: WEP,WPA-Enterprise,WPA-PSK &nbsp;<br \/><strong>Antena<\/strong><br \/>&#8211; Ganancia de la antena (max): 6 dBi<br \/>&#8211; Cantidad de antenas: 2 &nbsp;<br \/><strong>Control de energ&iacute;a<\/strong><br \/>&#8211; Consumo de energ&iacute;a (max): 20&nbsp; W<br \/>&#8211; Energ&iacute;a sobre Ethernet (PoE): Si &nbsp;<br \/><strong>Dise&ntilde;o<\/strong><br \/>&#8211; Interno: No &nbsp;<br \/>&#8211; Color del producto: Blanco &nbsp;<br \/><strong>Condiciones ambientales<\/strong><br \/>&#8211; Intervalo de humedad relativa para funcionamiento: 5 &#8211; 95%<br \/>&#8211; Intervalo de temperatura operativa: -10 &#8211; 70&deg;C<br \/><strong>Peso y dimensiones<\/strong><br \/>&#8211; Ancho: 220 mm<br \/>&#8211; Profundidad: 48.1 mm<br \/>&#8211; Altura: 220 mm<br \/>&#8211; Peso: 700 g <\/td>\n<\/tr>\n<tr>\n<td><strong>Fecha de revisi&oacute;n<\/strong><\/td>\n<td>02-04-2019 por AVN<\/td>\n<\/tr>\n<\/tbody>\n<\/table>\n","protected":false},"excerpt":{"rendered":"<p>UBIQUITI-UAP-AC-SHD UniFi AP 802.11AC MU-MIMO Seguridad Avanzada sin POE(no incluye inyector PoE, El UAP-AC-SHD puede alimentarse mediante cualquier switch POE de la gama Unifi (excepto el US-8-60W) o un switch PoE gen&eacute;rico 802.3at (PoE+))El UNIFI UAP AC SHD es un AP perfecto para un despliegue seguro de alta densidad. Con sus radios integradas y dedicadas&hellip;&nbsp;<a href=\"https:\/\/aivlisoft.net\/shop\/producto\/ubiquiti-unifi-uap-ac-shd-dual-band-poe\/\" rel=\"bookmark\"><span class=\"screen-reader-text\">Ubiquiti UniFi UAP-AC-SHD Dual Band PoE<\/span><\/a><\/p>\n","protected":false},"featured_media":19570,"template":"","meta":{"neve_meta_sidebar":"","neve_meta_container":"","neve_meta_enable_content_width":"","neve_meta_content_width":0,"neve_meta_title_alignment":"","neve_meta_author_avatar":"","neve_post_elements_order":"","neve_meta_disable_header":"","neve_meta_disable_footer":"","neve_meta_disable_title":""},"product_brand":[],"product_cat":[8770],"product_tag":[7066],"class_list":{"0":"post-19569","1":"product","2":"type-product","3":"status-publish","4":"has-post-thumbnail","6":"product_cat-puntos-de-acceso","7":"product_tag-uap-ac-shd","9":"first","10":"instock","11":"taxable","12":"shipping-taxable","13":"purchasable","14":"product-type-simple"},"yoast_head":"<!-- This site is optimized with the Yoast SEO plugin v26.0 - https:\/\/yoast.com\/wordpress\/plugins\/seo\/ -->\n<title>Ubiquiti UniFi UAP-AC-SHD Dual Band PoE - Aivlisoft Inform\u00e1tica<\/title>\n<meta name=\"robots\" content=\"index, follow, max-snippet:-1, max-image-preview:large, max-video-preview:-1\" \/>\n<link rel=\"canonical\" href=\"https:\/\/aivlisoft.net\/shop\/producto\/ubiquiti-unifi-uap-ac-shd-dual-band-poe\/\" \/>\n<meta property=\"og:locale\" content=\"es_ES\" \/>\n<meta property=\"og:type\" content=\"article\" \/>\n<meta property=\"og:title\" content=\"Ubiquiti UniFi UAP-AC-SHD Dual Band PoE - Aivlisoft Inform\u00e1tica\" \/>\n<meta property=\"og:description\" content=\"UBIQUITI-UAP-AC-SHD UniFi AP 802.11AC MU-MIMO Seguridad Avanzada sin POE(no incluye inyector PoE, El UAP-AC-SHD puede alimentarse mediante cualquier switch POE de la gama Unifi (excepto el US-8-60W) o un switch PoE gen&eacute;rico 802.3at (PoE+))El UNIFI UAP AC SHD es un AP perfecto para un despliegue seguro de alta densidad. Con sus radios integradas y dedicadas&hellip;&nbsp;Ubiquiti UniFi UAP-AC-SHD Dual Band PoE\" \/>\n<meta property=\"og:url\" content=\"https:\/\/aivlisoft.net\/shop\/producto\/ubiquiti-unifi-uap-ac-shd-dual-band-poe\/\" \/>\n<meta property=\"og:site_name\" content=\"Aivlisoft Inform\u00e1tica\" \/>\n<meta property=\"article:modified_time\" content=\"2025-01-14T11:46:03+00:00\" \/>\n<meta property=\"og:image\" content=\"https:\/\/aivlisoft.net\/shop\/wp-content\/uploads\/2025\/01\/NSWPAC0384_800.jpg\" \/>\n\t<meta property=\"og:image:width\" content=\"800\" \/>\n\t<meta property=\"og:image:height\" content=\"800\" \/>\n\t<meta property=\"og:image:type\" content=\"image\/jpeg\" \/>\n<meta name=\"twitter:card\" content=\"summary_large_image\" \/>\n<meta name=\"twitter:label1\" content=\"Tiempo de lectura\" \/>\n\t<meta name=\"twitter:data1\" content=\"3 minutos\" \/>\n<script type=\"application\/ld+json\" class=\"yoast-schema-graph\">{\"@context\":\"https:\/\/schema.org\",\"@graph\":[{\"@type\":\"WebPage\",\"@id\":\"https:\/\/aivlisoft.net\/shop\/producto\/ubiquiti-unifi-uap-ac-shd-dual-band-poe\/\",\"url\":\"https:\/\/aivlisoft.net\/shop\/producto\/ubiquiti-unifi-uap-ac-shd-dual-band-poe\/\",\"name\":\"Ubiquiti UniFi UAP-AC-SHD Dual Band PoE - Aivlisoft Inform\u00e1tica\",\"isPartOf\":{\"@id\":\"https:\/\/aivlisoft.net\/shop\/#website\"},\"primaryImageOfPage\":{\"@id\":\"https:\/\/aivlisoft.net\/shop\/producto\/ubiquiti-unifi-uap-ac-shd-dual-band-poe\/#primaryimage\"},\"image\":{\"@id\":\"https:\/\/aivlisoft.net\/shop\/producto\/ubiquiti-unifi-uap-ac-shd-dual-band-poe\/#primaryimage\"},\"thumbnailUrl\":\"https:\/\/aivlisoft.net\/shop\/wp-content\/uploads\/2025\/01\/NSWPAC0384_800.jpg\",\"datePublished\":\"2025-01-13T15:34:00+00:00\",\"dateModified\":\"2025-01-14T11:46:03+00:00\",\"breadcrumb\":{\"@id\":\"https:\/\/aivlisoft.net\/shop\/producto\/ubiquiti-unifi-uap-ac-shd-dual-band-poe\/#breadcrumb\"},\"inLanguage\":\"es\",\"potentialAction\":[{\"@type\":\"ReadAction\",\"target\":[\"https:\/\/aivlisoft.net\/shop\/producto\/ubiquiti-unifi-uap-ac-shd-dual-band-poe\/\"]}]},{\"@type\":\"ImageObject\",\"inLanguage\":\"es\",\"@id\":\"https:\/\/aivlisoft.net\/shop\/producto\/ubiquiti-unifi-uap-ac-shd-dual-band-poe\/#primaryimage\",\"url\":\"https:\/\/aivlisoft.net\/shop\/wp-content\/uploads\/2025\/01\/NSWPAC0384_800.jpg\",\"contentUrl\":\"https:\/\/aivlisoft.net\/shop\/wp-content\/uploads\/2025\/01\/NSWPAC0384_800.jpg\",\"width\":800,\"height\":800},{\"@type\":\"BreadcrumbList\",\"@id\":\"https:\/\/aivlisoft.net\/shop\/producto\/ubiquiti-unifi-uap-ac-shd-dual-band-poe\/#breadcrumb\",\"itemListElement\":[{\"@type\":\"ListItem\",\"position\":1,\"name\":\"Portada\",\"item\":\"https:\/\/aivlisoft.net\/shop\/\"},{\"@type\":\"ListItem\",\"position\":2,\"name\":\"Tienda\",\"item\":\"https:\/\/aivlisoft.net\/shop\/tienda\/\"},{\"@type\":\"ListItem\",\"position\":3,\"name\":\"Ubiquiti UniFi UAP-AC-SHD Dual Band PoE\"}]},{\"@type\":\"WebSite\",\"@id\":\"https:\/\/aivlisoft.net\/shop\/#website\",\"url\":\"https:\/\/aivlisoft.net\/shop\/\",\"name\":\"Aivlisoft Inform\u00e1tica\",\"description\":\"En Aivlisoft Inform\u00e1tica ofrecemos soluciones tecnol\u00f3gicas para empresas: venta de ordenadores, consumibles, perif\u00e9ricos y m\u00e1s. Calidad, atenci\u00f3n personalizada y los mejores precios para tu negocio.\",\"publisher\":{\"@id\":\"https:\/\/aivlisoft.net\/shop\/#organization\"},\"potentialAction\":[{\"@type\":\"SearchAction\",\"target\":{\"@type\":\"EntryPoint\",\"urlTemplate\":\"https:\/\/aivlisoft.net\/shop\/?s={search_term_string}\"},\"query-input\":{\"@type\":\"PropertyValueSpecification\",\"valueRequired\":true,\"valueName\":\"search_term_string\"}}],\"inLanguage\":\"es\"},{\"@type\":\"Organization\",\"@id\":\"https:\/\/aivlisoft.net\/shop\/#organization\",\"name\":\"Aivlisoft Inform\u00e1tica\",\"url\":\"https:\/\/aivlisoft.net\/shop\/\",\"logo\":{\"@type\":\"ImageObject\",\"inLanguage\":\"es\",\"@id\":\"https:\/\/aivlisoft.net\/shop\/#\/schema\/logo\/image\/\",\"url\":\"https:\/\/aivlisoft.net\/shop\/wp-content\/uploads\/2024\/12\/removal.ai_5b848c54-0cdf-4140-95c5-c5536bb7573b-logodef.png\",\"contentUrl\":\"https:\/\/aivlisoft.net\/shop\/wp-content\/uploads\/2024\/12\/removal.ai_5b848c54-0cdf-4140-95c5-c5536bb7573b-logodef.png\",\"width\":484,\"height\":182,\"caption\":\"Aivlisoft Inform\u00e1tica\"},\"image\":{\"@id\":\"https:\/\/aivlisoft.net\/shop\/#\/schema\/logo\/image\/\"}}]}<\/script>\n<!-- \/ Yoast SEO plugin. -->","yoast_head_json":{"title":"Ubiquiti UniFi UAP-AC-SHD Dual Band PoE - Aivlisoft Inform\u00e1tica","robots":{"index":"index","follow":"follow","max-snippet":"max-snippet:-1","max-image-preview":"max-image-preview:large","max-video-preview":"max-video-preview:-1"},"canonical":"https:\/\/aivlisoft.net\/shop\/producto\/ubiquiti-unifi-uap-ac-shd-dual-band-poe\/","og_locale":"es_ES","og_type":"article","og_title":"Ubiquiti UniFi UAP-AC-SHD Dual Band PoE - Aivlisoft Inform\u00e1tica","og_description":"UBIQUITI-UAP-AC-SHD UniFi AP 802.11AC MU-MIMO Seguridad Avanzada sin POE(no incluye inyector PoE, El UAP-AC-SHD puede alimentarse mediante cualquier switch POE de la gama Unifi (excepto el US-8-60W) o un switch PoE gen&eacute;rico 802.3at (PoE+))El UNIFI UAP AC SHD es un AP perfecto para un despliegue seguro de alta densidad. Con sus radios integradas y dedicadas&hellip;&nbsp;Ubiquiti UniFi UAP-AC-SHD Dual Band PoE","og_url":"https:\/\/aivlisoft.net\/shop\/producto\/ubiquiti-unifi-uap-ac-shd-dual-band-poe\/","og_site_name":"Aivlisoft Inform\u00e1tica","article_modified_time":"2025-01-14T11:46:03+00:00","og_image":[{"width":800,"height":800,"url":"https:\/\/aivlisoft.net\/shop\/wp-content\/uploads\/2025\/01\/NSWPAC0384_800.jpg","type":"image\/jpeg"}],"twitter_card":"summary_large_image","twitter_misc":{"Tiempo de lectura":"3 minutos"},"schema":{"@context":"https:\/\/schema.org","@graph":[{"@type":"WebPage","@id":"https:\/\/aivlisoft.net\/shop\/producto\/ubiquiti-unifi-uap-ac-shd-dual-band-poe\/","url":"https:\/\/aivlisoft.net\/shop\/producto\/ubiquiti-unifi-uap-ac-shd-dual-band-poe\/","name":"Ubiquiti UniFi UAP-AC-SHD Dual Band PoE - Aivlisoft Inform\u00e1tica","isPartOf":{"@id":"https:\/\/aivlisoft.net\/shop\/#website"},"primaryImageOfPage":{"@id":"https:\/\/aivlisoft.net\/shop\/producto\/ubiquiti-unifi-uap-ac-shd-dual-band-poe\/#primaryimage"},"image":{"@id":"https:\/\/aivlisoft.net\/shop\/producto\/ubiquiti-unifi-uap-ac-shd-dual-band-poe\/#primaryimage"},"thumbnailUrl":"https:\/\/aivlisoft.net\/shop\/wp-content\/uploads\/2025\/01\/NSWPAC0384_800.jpg","datePublished":"2025-01-13T15:34:00+00:00","dateModified":"2025-01-14T11:46:03+00:00","breadcrumb":{"@id":"https:\/\/aivlisoft.net\/shop\/producto\/ubiquiti-unifi-uap-ac-shd-dual-band-poe\/#breadcrumb"},"inLanguage":"es","potentialAction":[{"@type":"ReadAction","target":["https:\/\/aivlisoft.net\/shop\/producto\/ubiquiti-unifi-uap-ac-shd-dual-band-poe\/"]}]},{"@type":"ImageObject","inLanguage":"es","@id":"https:\/\/aivlisoft.net\/shop\/producto\/ubiquiti-unifi-uap-ac-shd-dual-band-poe\/#primaryimage","url":"https:\/\/aivlisoft.net\/shop\/wp-content\/uploads\/2025\/01\/NSWPAC0384_800.jpg","contentUrl":"https:\/\/aivlisoft.net\/shop\/wp-content\/uploads\/2025\/01\/NSWPAC0384_800.jpg","width":800,"height":800},{"@type":"BreadcrumbList","@id":"https:\/\/aivlisoft.net\/shop\/producto\/ubiquiti-unifi-uap-ac-shd-dual-band-poe\/#breadcrumb","itemListElement":[{"@type":"ListItem","position":1,"name":"Portada","item":"https:\/\/aivlisoft.net\/shop\/"},{"@type":"ListItem","position":2,"name":"Tienda","item":"https:\/\/aivlisoft.net\/shop\/tienda\/"},{"@type":"ListItem","position":3,"name":"Ubiquiti UniFi UAP-AC-SHD Dual Band PoE"}]},{"@type":"WebSite","@id":"https:\/\/aivlisoft.net\/shop\/#website","url":"https:\/\/aivlisoft.net\/shop\/","name":"Aivlisoft Inform\u00e1tica","description":"En Aivlisoft Inform\u00e1tica ofrecemos soluciones tecnol\u00f3gicas para empresas: venta de ordenadores, consumibles, perif\u00e9ricos y m\u00e1s. Calidad, atenci\u00f3n personalizada y los mejores precios para tu negocio.","publisher":{"@id":"https:\/\/aivlisoft.net\/shop\/#organization"},"potentialAction":[{"@type":"SearchAction","target":{"@type":"EntryPoint","urlTemplate":"https:\/\/aivlisoft.net\/shop\/?s={search_term_string}"},"query-input":{"@type":"PropertyValueSpecification","valueRequired":true,"valueName":"search_term_string"}}],"inLanguage":"es"},{"@type":"Organization","@id":"https:\/\/aivlisoft.net\/shop\/#organization","name":"Aivlisoft Inform\u00e1tica","url":"https:\/\/aivlisoft.net\/shop\/","logo":{"@type":"ImageObject","inLanguage":"es","@id":"https:\/\/aivlisoft.net\/shop\/#\/schema\/logo\/image\/","url":"https:\/\/aivlisoft.net\/shop\/wp-content\/uploads\/2024\/12\/removal.ai_5b848c54-0cdf-4140-95c5-c5536bb7573b-logodef.png","contentUrl":"https:\/\/aivlisoft.net\/shop\/wp-content\/uploads\/2024\/12\/removal.ai_5b848c54-0cdf-4140-95c5-c5536bb7573b-logodef.png","width":484,"height":182,"caption":"Aivlisoft Inform\u00e1tica"},"image":{"@id":"https:\/\/aivlisoft.net\/shop\/#\/schema\/logo\/image\/"}}]}},"_links":{"self":[{"href":"https:\/\/aivlisoft.net\/shop\/wp-json\/wp\/v2\/product\/19569","targetHints":{"allow":["GET"]}}],"collection":[{"href":"https:\/\/aivlisoft.net\/shop\/wp-json\/wp\/v2\/product"}],"about":[{"href":"https:\/\/aivlisoft.net\/shop\/wp-json\/wp\/v2\/types\/product"}],"wp:featuredmedia":[{"embeddable":true,"href":"https:\/\/aivlisoft.net\/shop\/wp-json\/wp\/v2\/media\/19570"}],"wp:attachment":[{"href":"https:\/\/aivlisoft.net\/shop\/wp-json\/wp\/v2\/media?parent=19569"}],"wp:term":[{"taxonomy":"product_brand","embeddable":true,"href":"https:\/\/aivlisoft.net\/shop\/wp-json\/wp\/v2\/product_brand?post=19569"},{"taxonomy":"product_cat","embeddable":true,"href":"https:\/\/aivlisoft.net\/shop\/wp-json\/wp\/v2\/product_cat?post=19569"},{"taxonomy":"product_tag","embeddable":true,"href":"https:\/\/aivlisoft.net\/shop\/wp-json\/wp\/v2\/product_tag?post=19569"}],"curies":[{"name":"wp","href":"https:\/\/api.w.org\/{rel}","templated":true}]}}