{"id":19566,"date":"2025-01-13T15:33:59","date_gmt":"2025-01-13T15:33:59","guid":{"rendered":"https:\/\/aivlisoft.com\/?post_type=product&#038;p=19566"},"modified":"2025-01-14T11:46:01","modified_gmt":"2025-01-14T11:46:01","slug":"d-link-dap-2680-punto-acceso-ac1750","status":"publish","type":"product","link":"https:\/\/aivlisoft.net\/shop\/producto\/d-link-dap-2680-punto-acceso-ac1750\/","title":{"rendered":"D-Link DAP-2680 Punto Acceso AC1750"},"content":{"rendered":"<p>&nbsp;<\/p>\n<table class=\"tabla_caracteristicas k-table\" width=\"100%\">\n<tr>\n<td valign=\"top\"><strong>Marca<\/strong><\/td>\n<td>D-Link<\/td>\n<\/tr>\n<tr>\n<td valign=\"top\"><strong>Modelo<\/strong><\/td>\n<td><strong>DAP-2680<\/strong><\/td>\n<\/tr>\n<tr>\n<td valign=\"top\">\n<div><strong>Caracter&iacute;sticas <\/strong><\/div>\n<div>&nbsp;<\/div>\n<\/td>\n<td><strong>General<\/strong><br \/>\t\t\t&#8211; Interfaces de dispositivo:<br \/>\t\t\t&nbsp; Interfaz IEEE 802.11a\/b\/g\/n\/ac Wave 2 wireless<br \/>\t\t\t&nbsp; 1 x Puerto LAN compatible con Gigabit PoE<br \/>\t\t\t&#8211; Est&aacute;ndares:<br \/>\t\t\t&nbsp; IEEE 802.11a\/b\/g\/n\/ac<br \/>\t\t\t&nbsp; IEEE 802.3i\/u\/ab<br \/>\t\t\t&nbsp; IEEE 802.3az Ethernet de bajo consumo (EEE)<br \/>\t\t\t&nbsp; IEEE 802.3at Alimentaci&oacute;n a trav&eacute;s de Ethernet<br \/>\t\t\t&#8211; Antenas:<br \/>\t\t\t&nbsp; 3 x antenas internas de doble banda<br \/>\t\t\t&nbsp; 3,6 dBi a 2,4 GHz, 4,2 dBi a 5 GHz<br \/>\t\t\t&#8211; Frecuencia operativa:<br \/>\t\t\t&nbsp; Banda de 2,4 GHz: 2,4 a 2,4835 GHz<br \/>\t\t\t&nbsp; Banda de 5 GHz: 5,15 a 5,35 GHz, 5,47 a 5,85 GHz<br \/>\t\t\t&#8211; Potencia m&aacute;xima de salida:<br \/>\t\t\t&nbsp; 26,5 dBm para 2,4 GHz<br \/>\t\t\t&nbsp; 26,5 dBm para 5 GHz<br \/>\t\t\t&#8211; Velocidad de la se&ntilde;al de datos:<br \/>\t\t\t&nbsp; 2,4 GHz: Hasta 450 Mbps<br \/>\t\t\t&nbsp; 5 GHz: Hasta 1300 Mbps<br \/>\t\t\t<strong>Funcionamiento<\/strong><br \/>\t\t\t&#8211; Seguridad:<br \/>\t\t\t&nbsp; WPA-Personal<br \/>\t\t\t&nbsp; WPA-Enterprise<br \/>\t\t\t&nbsp; WPA2-Personal<br \/>\t\t\t&nbsp; WPA2-Enterprise<br \/>\t\t\t&nbsp; Cifrado WEP de 64\/128 bits<br \/>\t\t\t&nbsp; Desactivaci&oacute;n de transmisi&oacute;n SSID<br \/>\t\t\t&nbsp; Control de acceso de direcciones MAC<br \/>\t\t\t&nbsp; Protecci&oacute;n de acceso a la red (NAP)<br \/>\t\t\t&nbsp; Servidor RADIUS interno<br \/>\t\t\t&#8211; Modos de funcionamiento:<br \/>\t\t\t&nbsp; Punto de acceso<br \/>\t\t\t&nbsp; WDS con PA<br \/>\t\t\t&nbsp; WDS\/Puente (sin transmisi&oacute;n AP)<br \/>\t\t\t&nbsp; Cliente inal&aacute;mbrico<br \/>\t\t\t&#8211; Administraci&oacute;n de redes Wireless:<br \/>\t\t\t&nbsp; Telnet<br \/>\t\t\t&nbsp; Telnet seguro (SSH)<br \/>\t\t\t&nbsp; Web (HTTP)<br \/>\t\t\t&nbsp; Capa de conexi&oacute;n segura (SSL)<br \/>\t\t\t&nbsp; Control del tr&aacute;fico<br \/>\t\t\t&nbsp; SNMP v1\/v2c\/v3<br \/>\t\t\t&nbsp; Software Nuclias Connect<br \/>\t\t\t&nbsp; Nuclias Connect Hub<br \/>\t\t\t&#8211; LED: Alimentaci&oacute;n\/Estado<br \/>\t\t\t<strong>Caracter&iacute;sticas f&iacute;sicas<\/strong><br \/>\t\t\t&#8211; Dimensiones: 190 x 190 x 44,8 mm<br \/>\t\t\t&#8211; Peso: 580 g sin soporte de instalaci&oacute;n<br \/>\t\t\t&nbsp; 636,5 g sin soporte de instalaci&oacute;n<br \/>\t\t\t&#8211; Alimentaci&oacute;n:<br \/>\t\t\t&nbsp; Adaptador de alimentaci&oacute;n externa: 12 V\/2 A (no incluido)<br \/>\t\t\t&nbsp; IEEE 802.3at PoE<br \/>\t\t\t&#8211; Consumo m&aacute;ximo de energ&iacute;a: 17,53 W<br \/>\t\t\t<strong>Certificaciones<\/strong><br \/>\t\t\t&#8211; FCC<br \/>\t\t\t&#8211; CE<br \/>\t\t\t&#8211; UL<\/td>\n<\/tr>\n<tr>\n<td valign=\"top\"><strong>Fecha de revisi&oacute;n<\/strong><\/td>\n<td>19-04-2021 por MSB<\/td>\n<\/tr>\n<\/table>\n","protected":false},"excerpt":{"rendered":"<p>&nbsp; Marca D-Link Modelo DAP-2680 Caracter&iacute;sticas &nbsp; General &#8211; Interfaces de dispositivo: &nbsp; Interfaz IEEE 802.11a\/b\/g\/n\/ac Wave 2 wireless &nbsp; 1 x Puerto LAN compatible con Gigabit PoE &#8211; Est&aacute;ndares: &nbsp; IEEE 802.11a\/b\/g\/n\/ac &nbsp; IEEE 802.3i\/u\/ab &nbsp; IEEE 802.3az Ethernet de bajo consumo (EEE) &nbsp; IEEE 802.3at Alimentaci&oacute;n a trav&eacute;s de Ethernet &#8211; Antenas: &nbsp;&hellip;&nbsp;<a href=\"https:\/\/aivlisoft.net\/shop\/producto\/d-link-dap-2680-punto-acceso-ac1750\/\" rel=\"bookmark\"><span class=\"screen-reader-text\">D-Link DAP-2680 Punto Acceso AC1750<\/span><\/a><\/p>\n","protected":false},"featured_media":19567,"template":"","meta":{"neve_meta_sidebar":"","neve_meta_container":"","neve_meta_enable_content_width":"","neve_meta_content_width":0,"neve_meta_title_alignment":"","neve_meta_author_avatar":"","neve_post_elements_order":"","neve_meta_disable_header":"","neve_meta_disable_footer":"","neve_meta_disable_title":""},"product_brand":[],"product_cat":[8770],"product_tag":[7065],"class_list":{"0":"post-19566","1":"product","2":"type-product","3":"status-publish","4":"has-post-thumbnail","6":"product_cat-puntos-de-acceso","7":"product_tag-dap-2680","9":"first","10":"instock","11":"taxable","12":"shipping-taxable","13":"purchasable","14":"product-type-simple"},"yoast_head":"<!-- This site is optimized with the Yoast SEO plugin v26.0 - https:\/\/yoast.com\/wordpress\/plugins\/seo\/ -->\n<title>D-Link DAP-2680 Punto Acceso AC1750 - Aivlisoft Inform\u00e1tica<\/title>\n<meta name=\"robots\" content=\"index, follow, max-snippet:-1, max-image-preview:large, max-video-preview:-1\" \/>\n<link rel=\"canonical\" href=\"https:\/\/aivlisoft.net\/shop\/producto\/d-link-dap-2680-punto-acceso-ac1750\/\" \/>\n<meta property=\"og:locale\" content=\"es_ES\" \/>\n<meta property=\"og:type\" content=\"article\" \/>\n<meta property=\"og:title\" content=\"D-Link DAP-2680 Punto Acceso AC1750 - Aivlisoft Inform\u00e1tica\" \/>\n<meta property=\"og:description\" content=\"&nbsp; Marca D-Link Modelo DAP-2680 Caracter&iacute;sticas &nbsp; General &#8211; Interfaces de dispositivo: &nbsp; Interfaz IEEE 802.11a\/b\/g\/n\/ac Wave 2 wireless &nbsp; 1 x Puerto LAN compatible con Gigabit PoE &#8211; Est&aacute;ndares: &nbsp; IEEE 802.11a\/b\/g\/n\/ac &nbsp; IEEE 802.3i\/u\/ab &nbsp; IEEE 802.3az Ethernet de bajo consumo (EEE) &nbsp; IEEE 802.3at Alimentaci&oacute;n a trav&eacute;s de Ethernet &#8211; Antenas: &nbsp;&hellip;&nbsp;D-Link DAP-2680 Punto Acceso AC1750\" \/>\n<meta property=\"og:url\" content=\"https:\/\/aivlisoft.net\/shop\/producto\/d-link-dap-2680-punto-acceso-ac1750\/\" \/>\n<meta property=\"og:site_name\" content=\"Aivlisoft Inform\u00e1tica\" \/>\n<meta property=\"article:modified_time\" content=\"2025-01-14T11:46:01+00:00\" \/>\n<meta property=\"og:image\" content=\"https:\/\/aivlisoft.net\/shop\/wp-content\/uploads\/2025\/01\/NSWPAC0354_800.jpg\" \/>\n\t<meta property=\"og:image:width\" content=\"800\" \/>\n\t<meta property=\"og:image:height\" content=\"800\" \/>\n\t<meta property=\"og:image:type\" content=\"image\/jpeg\" \/>\n<meta name=\"twitter:card\" content=\"summary_large_image\" \/>\n<meta name=\"twitter:label1\" content=\"Tiempo de lectura\" \/>\n\t<meta name=\"twitter:data1\" content=\"2 minutos\" \/>\n<script type=\"application\/ld+json\" class=\"yoast-schema-graph\">{\"@context\":\"https:\/\/schema.org\",\"@graph\":[{\"@type\":\"WebPage\",\"@id\":\"https:\/\/aivlisoft.net\/shop\/producto\/d-link-dap-2680-punto-acceso-ac1750\/\",\"url\":\"https:\/\/aivlisoft.net\/shop\/producto\/d-link-dap-2680-punto-acceso-ac1750\/\",\"name\":\"D-Link DAP-2680 Punto Acceso AC1750 - Aivlisoft Inform\u00e1tica\",\"isPartOf\":{\"@id\":\"https:\/\/aivlisoft.net\/shop\/#website\"},\"primaryImageOfPage\":{\"@id\":\"https:\/\/aivlisoft.net\/shop\/producto\/d-link-dap-2680-punto-acceso-ac1750\/#primaryimage\"},\"image\":{\"@id\":\"https:\/\/aivlisoft.net\/shop\/producto\/d-link-dap-2680-punto-acceso-ac1750\/#primaryimage\"},\"thumbnailUrl\":\"https:\/\/aivlisoft.net\/shop\/wp-content\/uploads\/2025\/01\/NSWPAC0354_800.jpg\",\"datePublished\":\"2025-01-13T15:33:59+00:00\",\"dateModified\":\"2025-01-14T11:46:01+00:00\",\"breadcrumb\":{\"@id\":\"https:\/\/aivlisoft.net\/shop\/producto\/d-link-dap-2680-punto-acceso-ac1750\/#breadcrumb\"},\"inLanguage\":\"es\",\"potentialAction\":[{\"@type\":\"ReadAction\",\"target\":[\"https:\/\/aivlisoft.net\/shop\/producto\/d-link-dap-2680-punto-acceso-ac1750\/\"]}]},{\"@type\":\"ImageObject\",\"inLanguage\":\"es\",\"@id\":\"https:\/\/aivlisoft.net\/shop\/producto\/d-link-dap-2680-punto-acceso-ac1750\/#primaryimage\",\"url\":\"https:\/\/aivlisoft.net\/shop\/wp-content\/uploads\/2025\/01\/NSWPAC0354_800.jpg\",\"contentUrl\":\"https:\/\/aivlisoft.net\/shop\/wp-content\/uploads\/2025\/01\/NSWPAC0354_800.jpg\",\"width\":800,\"height\":800},{\"@type\":\"BreadcrumbList\",\"@id\":\"https:\/\/aivlisoft.net\/shop\/producto\/d-link-dap-2680-punto-acceso-ac1750\/#breadcrumb\",\"itemListElement\":[{\"@type\":\"ListItem\",\"position\":1,\"name\":\"Portada\",\"item\":\"https:\/\/aivlisoft.net\/shop\/\"},{\"@type\":\"ListItem\",\"position\":2,\"name\":\"Tienda\",\"item\":\"https:\/\/aivlisoft.net\/shop\/tienda\/\"},{\"@type\":\"ListItem\",\"position\":3,\"name\":\"D-Link DAP-2680 Punto Acceso AC1750\"}]},{\"@type\":\"WebSite\",\"@id\":\"https:\/\/aivlisoft.net\/shop\/#website\",\"url\":\"https:\/\/aivlisoft.net\/shop\/\",\"name\":\"Aivlisoft Inform\u00e1tica\",\"description\":\"En Aivlisoft Inform\u00e1tica ofrecemos soluciones tecnol\u00f3gicas para empresas: venta de ordenadores, consumibles, perif\u00e9ricos y m\u00e1s. Calidad, atenci\u00f3n personalizada y los mejores precios para tu negocio.\",\"publisher\":{\"@id\":\"https:\/\/aivlisoft.net\/shop\/#organization\"},\"potentialAction\":[{\"@type\":\"SearchAction\",\"target\":{\"@type\":\"EntryPoint\",\"urlTemplate\":\"https:\/\/aivlisoft.net\/shop\/?s={search_term_string}\"},\"query-input\":{\"@type\":\"PropertyValueSpecification\",\"valueRequired\":true,\"valueName\":\"search_term_string\"}}],\"inLanguage\":\"es\"},{\"@type\":\"Organization\",\"@id\":\"https:\/\/aivlisoft.net\/shop\/#organization\",\"name\":\"Aivlisoft Inform\u00e1tica\",\"url\":\"https:\/\/aivlisoft.net\/shop\/\",\"logo\":{\"@type\":\"ImageObject\",\"inLanguage\":\"es\",\"@id\":\"https:\/\/aivlisoft.net\/shop\/#\/schema\/logo\/image\/\",\"url\":\"https:\/\/aivlisoft.net\/shop\/wp-content\/uploads\/2024\/12\/removal.ai_5b848c54-0cdf-4140-95c5-c5536bb7573b-logodef.png\",\"contentUrl\":\"https:\/\/aivlisoft.net\/shop\/wp-content\/uploads\/2024\/12\/removal.ai_5b848c54-0cdf-4140-95c5-c5536bb7573b-logodef.png\",\"width\":484,\"height\":182,\"caption\":\"Aivlisoft Inform\u00e1tica\"},\"image\":{\"@id\":\"https:\/\/aivlisoft.net\/shop\/#\/schema\/logo\/image\/\"}}]}<\/script>\n<!-- \/ Yoast SEO plugin. -->","yoast_head_json":{"title":"D-Link DAP-2680 Punto Acceso AC1750 - Aivlisoft Inform\u00e1tica","robots":{"index":"index","follow":"follow","max-snippet":"max-snippet:-1","max-image-preview":"max-image-preview:large","max-video-preview":"max-video-preview:-1"},"canonical":"https:\/\/aivlisoft.net\/shop\/producto\/d-link-dap-2680-punto-acceso-ac1750\/","og_locale":"es_ES","og_type":"article","og_title":"D-Link DAP-2680 Punto Acceso AC1750 - Aivlisoft Inform\u00e1tica","og_description":"&nbsp; Marca D-Link Modelo DAP-2680 Caracter&iacute;sticas &nbsp; General &#8211; Interfaces de dispositivo: &nbsp; Interfaz IEEE 802.11a\/b\/g\/n\/ac Wave 2 wireless &nbsp; 1 x Puerto LAN compatible con Gigabit PoE &#8211; Est&aacute;ndares: &nbsp; IEEE 802.11a\/b\/g\/n\/ac &nbsp; IEEE 802.3i\/u\/ab &nbsp; IEEE 802.3az Ethernet de bajo consumo (EEE) &nbsp; IEEE 802.3at Alimentaci&oacute;n a trav&eacute;s de Ethernet &#8211; Antenas: &nbsp;&hellip;&nbsp;D-Link DAP-2680 Punto Acceso AC1750","og_url":"https:\/\/aivlisoft.net\/shop\/producto\/d-link-dap-2680-punto-acceso-ac1750\/","og_site_name":"Aivlisoft Inform\u00e1tica","article_modified_time":"2025-01-14T11:46:01+00:00","og_image":[{"width":800,"height":800,"url":"https:\/\/aivlisoft.net\/shop\/wp-content\/uploads\/2025\/01\/NSWPAC0354_800.jpg","type":"image\/jpeg"}],"twitter_card":"summary_large_image","twitter_misc":{"Tiempo de lectura":"2 minutos"},"schema":{"@context":"https:\/\/schema.org","@graph":[{"@type":"WebPage","@id":"https:\/\/aivlisoft.net\/shop\/producto\/d-link-dap-2680-punto-acceso-ac1750\/","url":"https:\/\/aivlisoft.net\/shop\/producto\/d-link-dap-2680-punto-acceso-ac1750\/","name":"D-Link DAP-2680 Punto Acceso AC1750 - Aivlisoft Inform\u00e1tica","isPartOf":{"@id":"https:\/\/aivlisoft.net\/shop\/#website"},"primaryImageOfPage":{"@id":"https:\/\/aivlisoft.net\/shop\/producto\/d-link-dap-2680-punto-acceso-ac1750\/#primaryimage"},"image":{"@id":"https:\/\/aivlisoft.net\/shop\/producto\/d-link-dap-2680-punto-acceso-ac1750\/#primaryimage"},"thumbnailUrl":"https:\/\/aivlisoft.net\/shop\/wp-content\/uploads\/2025\/01\/NSWPAC0354_800.jpg","datePublished":"2025-01-13T15:33:59+00:00","dateModified":"2025-01-14T11:46:01+00:00","breadcrumb":{"@id":"https:\/\/aivlisoft.net\/shop\/producto\/d-link-dap-2680-punto-acceso-ac1750\/#breadcrumb"},"inLanguage":"es","potentialAction":[{"@type":"ReadAction","target":["https:\/\/aivlisoft.net\/shop\/producto\/d-link-dap-2680-punto-acceso-ac1750\/"]}]},{"@type":"ImageObject","inLanguage":"es","@id":"https:\/\/aivlisoft.net\/shop\/producto\/d-link-dap-2680-punto-acceso-ac1750\/#primaryimage","url":"https:\/\/aivlisoft.net\/shop\/wp-content\/uploads\/2025\/01\/NSWPAC0354_800.jpg","contentUrl":"https:\/\/aivlisoft.net\/shop\/wp-content\/uploads\/2025\/01\/NSWPAC0354_800.jpg","width":800,"height":800},{"@type":"BreadcrumbList","@id":"https:\/\/aivlisoft.net\/shop\/producto\/d-link-dap-2680-punto-acceso-ac1750\/#breadcrumb","itemListElement":[{"@type":"ListItem","position":1,"name":"Portada","item":"https:\/\/aivlisoft.net\/shop\/"},{"@type":"ListItem","position":2,"name":"Tienda","item":"https:\/\/aivlisoft.net\/shop\/tienda\/"},{"@type":"ListItem","position":3,"name":"D-Link DAP-2680 Punto Acceso AC1750"}]},{"@type":"WebSite","@id":"https:\/\/aivlisoft.net\/shop\/#website","url":"https:\/\/aivlisoft.net\/shop\/","name":"Aivlisoft Inform\u00e1tica","description":"En Aivlisoft Inform\u00e1tica ofrecemos soluciones tecnol\u00f3gicas para empresas: venta de ordenadores, consumibles, perif\u00e9ricos y m\u00e1s. Calidad, atenci\u00f3n personalizada y los mejores precios para tu negocio.","publisher":{"@id":"https:\/\/aivlisoft.net\/shop\/#organization"},"potentialAction":[{"@type":"SearchAction","target":{"@type":"EntryPoint","urlTemplate":"https:\/\/aivlisoft.net\/shop\/?s={search_term_string}"},"query-input":{"@type":"PropertyValueSpecification","valueRequired":true,"valueName":"search_term_string"}}],"inLanguage":"es"},{"@type":"Organization","@id":"https:\/\/aivlisoft.net\/shop\/#organization","name":"Aivlisoft Inform\u00e1tica","url":"https:\/\/aivlisoft.net\/shop\/","logo":{"@type":"ImageObject","inLanguage":"es","@id":"https:\/\/aivlisoft.net\/shop\/#\/schema\/logo\/image\/","url":"https:\/\/aivlisoft.net\/shop\/wp-content\/uploads\/2024\/12\/removal.ai_5b848c54-0cdf-4140-95c5-c5536bb7573b-logodef.png","contentUrl":"https:\/\/aivlisoft.net\/shop\/wp-content\/uploads\/2024\/12\/removal.ai_5b848c54-0cdf-4140-95c5-c5536bb7573b-logodef.png","width":484,"height":182,"caption":"Aivlisoft Inform\u00e1tica"},"image":{"@id":"https:\/\/aivlisoft.net\/shop\/#\/schema\/logo\/image\/"}}]}},"_links":{"self":[{"href":"https:\/\/aivlisoft.net\/shop\/wp-json\/wp\/v2\/product\/19566","targetHints":{"allow":["GET"]}}],"collection":[{"href":"https:\/\/aivlisoft.net\/shop\/wp-json\/wp\/v2\/product"}],"about":[{"href":"https:\/\/aivlisoft.net\/shop\/wp-json\/wp\/v2\/types\/product"}],"wp:featuredmedia":[{"embeddable":true,"href":"https:\/\/aivlisoft.net\/shop\/wp-json\/wp\/v2\/media\/19567"}],"wp:attachment":[{"href":"https:\/\/aivlisoft.net\/shop\/wp-json\/wp\/v2\/media?parent=19566"}],"wp:term":[{"taxonomy":"product_brand","embeddable":true,"href":"https:\/\/aivlisoft.net\/shop\/wp-json\/wp\/v2\/product_brand?post=19566"},{"taxonomy":"product_cat","embeddable":true,"href":"https:\/\/aivlisoft.net\/shop\/wp-json\/wp\/v2\/product_cat?post=19566"},{"taxonomy":"product_tag","embeddable":true,"href":"https:\/\/aivlisoft.net\/shop\/wp-json\/wp\/v2\/product_tag?post=19566"}],"curies":[{"name":"wp","href":"https:\/\/api.w.org\/{rel}","templated":true}]}}