{"id":19564,"date":"2025-01-13T15:33:58","date_gmt":"2025-01-13T15:33:58","guid":{"rendered":"https:\/\/aivlisoft.com\/?post_type=product&#038;p=19564"},"modified":"2025-01-14T11:46:00","modified_gmt":"2025-01-14T11:46:00","slug":"ubiquiti-airfiber-4x-antenna-4ghz-500-mbps","status":"publish","type":"product","link":"https:\/\/aivlisoft.net\/shop\/producto\/ubiquiti-airfiber-4x-antenna-4ghz-500-mbps\/","title":{"rendered":"Ubiquiti AirFiber 4X Antenna 4GHz 500+ Mbps"},"content":{"rendered":"<p><strong>complementa a las soluciones funcionales y eficaces de la serie AirFiber X. El dispositivo se distingue por su funcionalidad, rendimiento y fiabilidad.<\/strong><br \/>El modelo AF-4X funciona en una banda con una frecuencia de 4 GHz, ofreciendo un ancho de banda de 500 Mbps. El dispositivo est&aacute; destinado a su uso en grandes distancias.<br \/><strong>Dise&ntilde;o<\/strong><br \/>AF-4X de Ubiquiti se caracteriza por su resistente dise&ntilde;o. Puede ser utilizada dentro de un rango de temperaturas de entre -40 y 55 grados cent&iacute;grados.<br \/><strong>Caracter&iacute;sticas principales<\/strong><br \/>&#8211; funciona en una banda con una frecuencia de 4 GHz<br \/>&#8211; ancho de banda 500+ Mbps<br \/>&#8211; alcance 200+ km<br \/>&#8211; dise&ntilde;o moderno<br \/>&#8211; dimensiones 224 x 82 x 48 mm<\/p>\n<table class=\"tabla_caracteristicas k-table\" width=\"100%\">\n<tbody>\n<tr>\n<td><strong>Marca<\/strong><\/td>\n<td>Ubiquiti<\/td>\n<\/tr>\n<tr>\n<td valign=\"top\"><strong>Modelo<\/strong><\/td>\n<td><strong>AF-4X<\/strong><\/td>\n<\/tr>\n<tr>\n<td valign=\"top\"><strong>Caracteristicas<\/strong><\/td>\n<td>\n<p><strong>Caracter&iacute;sticas de LAN inal&aacute;mbrico<\/strong><br \/>&#8211; Frecuencia de banda: 4GHz<br \/><strong>Puertos e Interfaces<\/strong><br \/>&#8211; Tecnolog&iacute;a de conectividad: Wired &nbsp;<br \/>&#8211; Ethernet: Si<br \/><strong>Seguridad<\/strong><br \/>&#8211; Algoritmos de seguridad soportados: AES <br \/><strong>Caracter&iacute;sticas<\/strong><br \/>&#8211; Color del producto: White<br \/>&#8211; Indicadores LED: Si<br \/><strong>Control de energ&iacute;a<\/strong><br \/>&#8211; Voltaje de entrada AC: 24V<br \/>&#8211; Consumo energ&eacute;tico: 12W<br \/><strong>Condiciones ambientales<\/strong><br \/>&#8211; Intervalo de temperatura operativa: -40 &#8211; 55&deg;C<br \/><strong>Aprobaciones reguladoras<\/strong><br \/>&#8211; Certificaci&oacute;n: CE, FCC, IC &nbsp;<br \/><strong>Peso y dimensiones<\/strong><br \/>&#8211; Dimensiones (An x Prof x Alt): 224 x 82 x 48 mm<\/p>\n<p>&#8211; Peso: 350 g<\/p>\n<\/td>\n<\/tr>\n<tr>\n<td><strong>Fecha de revisi&oacute;n<\/strong><\/td>\n<td>06-07-2018 por AVN<\/td>\n<\/tr>\n<\/tbody>\n<\/table>\n","protected":false},"excerpt":{"rendered":"<p>complementa a las soluciones funcionales y eficaces de la serie AirFiber X. El dispositivo se distingue por su funcionalidad, rendimiento y fiabilidad.El modelo AF-4X funciona en una banda con una frecuencia de 4 GHz, ofreciendo un ancho de banda de 500 Mbps. El dispositivo est&aacute; destinado a su uso en grandes distancias.Dise&ntilde;oAF-4X de Ubiquiti se&hellip;&nbsp;<a href=\"https:\/\/aivlisoft.net\/shop\/producto\/ubiquiti-airfiber-4x-antenna-4ghz-500-mbps\/\" rel=\"bookmark\"><span class=\"screen-reader-text\">Ubiquiti AirFiber 4X Antenna 4GHz 500+ Mbps<\/span><\/a><\/p>\n","protected":false},"featured_media":19565,"template":"","meta":{"neve_meta_sidebar":"","neve_meta_container":"","neve_meta_enable_content_width":"","neve_meta_content_width":0,"neve_meta_title_alignment":"","neve_meta_author_avatar":"","neve_post_elements_order":"","neve_meta_disable_header":"","neve_meta_disable_footer":"","neve_meta_disable_title":""},"product_brand":[],"product_cat":[8770],"product_tag":[7064],"class_list":{"0":"post-19564","1":"product","2":"type-product","3":"status-publish","4":"has-post-thumbnail","6":"product_cat-puntos-de-acceso","7":"product_tag-af-4x","9":"first","10":"instock","11":"taxable","12":"shipping-taxable","13":"purchasable","14":"product-type-simple"},"yoast_head":"<!-- This site is optimized with the Yoast SEO plugin v26.0 - https:\/\/yoast.com\/wordpress\/plugins\/seo\/ -->\n<title>Ubiquiti AirFiber 4X Antenna 4GHz 500+ Mbps - Aivlisoft Inform\u00e1tica<\/title>\n<meta name=\"robots\" content=\"index, follow, max-snippet:-1, max-image-preview:large, max-video-preview:-1\" \/>\n<link rel=\"canonical\" href=\"https:\/\/aivlisoft.net\/shop\/producto\/ubiquiti-airfiber-4x-antenna-4ghz-500-mbps\/\" \/>\n<meta property=\"og:locale\" content=\"es_ES\" \/>\n<meta property=\"og:type\" content=\"article\" \/>\n<meta property=\"og:title\" content=\"Ubiquiti AirFiber 4X Antenna 4GHz 500+ Mbps - Aivlisoft Inform\u00e1tica\" \/>\n<meta property=\"og:description\" content=\"complementa a las soluciones funcionales y eficaces de la serie AirFiber X. El dispositivo se distingue por su funcionalidad, rendimiento y fiabilidad.El modelo AF-4X funciona en una banda con una frecuencia de 4 GHz, ofreciendo un ancho de banda de 500 Mbps. El dispositivo est&aacute; destinado a su uso en grandes distancias.Dise&ntilde;oAF-4X de Ubiquiti se&hellip;&nbsp;Ubiquiti AirFiber 4X Antenna 4GHz 500+ Mbps\" \/>\n<meta property=\"og:url\" content=\"https:\/\/aivlisoft.net\/shop\/producto\/ubiquiti-airfiber-4x-antenna-4ghz-500-mbps\/\" \/>\n<meta property=\"og:site_name\" content=\"Aivlisoft Inform\u00e1tica\" \/>\n<meta property=\"article:modified_time\" content=\"2025-01-14T11:46:00+00:00\" \/>\n<meta property=\"og:image\" content=\"https:\/\/aivlisoft.net\/shop\/wp-content\/uploads\/2025\/01\/NSWPAC0352_800.jpg\" \/>\n\t<meta property=\"og:image:width\" content=\"800\" \/>\n\t<meta property=\"og:image:height\" content=\"800\" \/>\n\t<meta property=\"og:image:type\" content=\"image\/jpeg\" \/>\n<meta name=\"twitter:card\" content=\"summary_large_image\" \/>\n<meta name=\"twitter:label1\" content=\"Tiempo de lectura\" \/>\n\t<meta name=\"twitter:data1\" content=\"1 minuto\" \/>\n<script type=\"application\/ld+json\" class=\"yoast-schema-graph\">{\"@context\":\"https:\/\/schema.org\",\"@graph\":[{\"@type\":\"WebPage\",\"@id\":\"https:\/\/aivlisoft.net\/shop\/producto\/ubiquiti-airfiber-4x-antenna-4ghz-500-mbps\/\",\"url\":\"https:\/\/aivlisoft.net\/shop\/producto\/ubiquiti-airfiber-4x-antenna-4ghz-500-mbps\/\",\"name\":\"Ubiquiti AirFiber 4X Antenna 4GHz 500+ Mbps - Aivlisoft Inform\u00e1tica\",\"isPartOf\":{\"@id\":\"https:\/\/aivlisoft.net\/shop\/#website\"},\"primaryImageOfPage\":{\"@id\":\"https:\/\/aivlisoft.net\/shop\/producto\/ubiquiti-airfiber-4x-antenna-4ghz-500-mbps\/#primaryimage\"},\"image\":{\"@id\":\"https:\/\/aivlisoft.net\/shop\/producto\/ubiquiti-airfiber-4x-antenna-4ghz-500-mbps\/#primaryimage\"},\"thumbnailUrl\":\"https:\/\/aivlisoft.net\/shop\/wp-content\/uploads\/2025\/01\/NSWPAC0352_800.jpg\",\"datePublished\":\"2025-01-13T15:33:58+00:00\",\"dateModified\":\"2025-01-14T11:46:00+00:00\",\"breadcrumb\":{\"@id\":\"https:\/\/aivlisoft.net\/shop\/producto\/ubiquiti-airfiber-4x-antenna-4ghz-500-mbps\/#breadcrumb\"},\"inLanguage\":\"es\",\"potentialAction\":[{\"@type\":\"ReadAction\",\"target\":[\"https:\/\/aivlisoft.net\/shop\/producto\/ubiquiti-airfiber-4x-antenna-4ghz-500-mbps\/\"]}]},{\"@type\":\"ImageObject\",\"inLanguage\":\"es\",\"@id\":\"https:\/\/aivlisoft.net\/shop\/producto\/ubiquiti-airfiber-4x-antenna-4ghz-500-mbps\/#primaryimage\",\"url\":\"https:\/\/aivlisoft.net\/shop\/wp-content\/uploads\/2025\/01\/NSWPAC0352_800.jpg\",\"contentUrl\":\"https:\/\/aivlisoft.net\/shop\/wp-content\/uploads\/2025\/01\/NSWPAC0352_800.jpg\",\"width\":800,\"height\":800},{\"@type\":\"BreadcrumbList\",\"@id\":\"https:\/\/aivlisoft.net\/shop\/producto\/ubiquiti-airfiber-4x-antenna-4ghz-500-mbps\/#breadcrumb\",\"itemListElement\":[{\"@type\":\"ListItem\",\"position\":1,\"name\":\"Portada\",\"item\":\"https:\/\/aivlisoft.net\/shop\/\"},{\"@type\":\"ListItem\",\"position\":2,\"name\":\"Tienda\",\"item\":\"https:\/\/aivlisoft.net\/shop\/tienda\/\"},{\"@type\":\"ListItem\",\"position\":3,\"name\":\"Ubiquiti AirFiber 4X Antenna 4GHz 500+ Mbps\"}]},{\"@type\":\"WebSite\",\"@id\":\"https:\/\/aivlisoft.net\/shop\/#website\",\"url\":\"https:\/\/aivlisoft.net\/shop\/\",\"name\":\"Aivlisoft Inform\u00e1tica\",\"description\":\"En Aivlisoft Inform\u00e1tica ofrecemos soluciones tecnol\u00f3gicas para empresas: venta de ordenadores, consumibles, perif\u00e9ricos y m\u00e1s. Calidad, atenci\u00f3n personalizada y los mejores precios para tu negocio.\",\"publisher\":{\"@id\":\"https:\/\/aivlisoft.net\/shop\/#organization\"},\"potentialAction\":[{\"@type\":\"SearchAction\",\"target\":{\"@type\":\"EntryPoint\",\"urlTemplate\":\"https:\/\/aivlisoft.net\/shop\/?s={search_term_string}\"},\"query-input\":{\"@type\":\"PropertyValueSpecification\",\"valueRequired\":true,\"valueName\":\"search_term_string\"}}],\"inLanguage\":\"es\"},{\"@type\":\"Organization\",\"@id\":\"https:\/\/aivlisoft.net\/shop\/#organization\",\"name\":\"Aivlisoft Inform\u00e1tica\",\"url\":\"https:\/\/aivlisoft.net\/shop\/\",\"logo\":{\"@type\":\"ImageObject\",\"inLanguage\":\"es\",\"@id\":\"https:\/\/aivlisoft.net\/shop\/#\/schema\/logo\/image\/\",\"url\":\"https:\/\/aivlisoft.net\/shop\/wp-content\/uploads\/2024\/12\/removal.ai_5b848c54-0cdf-4140-95c5-c5536bb7573b-logodef.png\",\"contentUrl\":\"https:\/\/aivlisoft.net\/shop\/wp-content\/uploads\/2024\/12\/removal.ai_5b848c54-0cdf-4140-95c5-c5536bb7573b-logodef.png\",\"width\":484,\"height\":182,\"caption\":\"Aivlisoft Inform\u00e1tica\"},\"image\":{\"@id\":\"https:\/\/aivlisoft.net\/shop\/#\/schema\/logo\/image\/\"}}]}<\/script>\n<!-- \/ Yoast SEO plugin. -->","yoast_head_json":{"title":"Ubiquiti AirFiber 4X Antenna 4GHz 500+ Mbps - Aivlisoft Inform\u00e1tica","robots":{"index":"index","follow":"follow","max-snippet":"max-snippet:-1","max-image-preview":"max-image-preview:large","max-video-preview":"max-video-preview:-1"},"canonical":"https:\/\/aivlisoft.net\/shop\/producto\/ubiquiti-airfiber-4x-antenna-4ghz-500-mbps\/","og_locale":"es_ES","og_type":"article","og_title":"Ubiquiti AirFiber 4X Antenna 4GHz 500+ Mbps - Aivlisoft Inform\u00e1tica","og_description":"complementa a las soluciones funcionales y eficaces de la serie AirFiber X. El dispositivo se distingue por su funcionalidad, rendimiento y fiabilidad.El modelo AF-4X funciona en una banda con una frecuencia de 4 GHz, ofreciendo un ancho de banda de 500 Mbps. El dispositivo est&aacute; destinado a su uso en grandes distancias.Dise&ntilde;oAF-4X de Ubiquiti se&hellip;&nbsp;Ubiquiti AirFiber 4X Antenna 4GHz 500+ Mbps","og_url":"https:\/\/aivlisoft.net\/shop\/producto\/ubiquiti-airfiber-4x-antenna-4ghz-500-mbps\/","og_site_name":"Aivlisoft Inform\u00e1tica","article_modified_time":"2025-01-14T11:46:00+00:00","og_image":[{"width":800,"height":800,"url":"https:\/\/aivlisoft.net\/shop\/wp-content\/uploads\/2025\/01\/NSWPAC0352_800.jpg","type":"image\/jpeg"}],"twitter_card":"summary_large_image","twitter_misc":{"Tiempo de lectura":"1 minuto"},"schema":{"@context":"https:\/\/schema.org","@graph":[{"@type":"WebPage","@id":"https:\/\/aivlisoft.net\/shop\/producto\/ubiquiti-airfiber-4x-antenna-4ghz-500-mbps\/","url":"https:\/\/aivlisoft.net\/shop\/producto\/ubiquiti-airfiber-4x-antenna-4ghz-500-mbps\/","name":"Ubiquiti AirFiber 4X Antenna 4GHz 500+ Mbps - Aivlisoft Inform\u00e1tica","isPartOf":{"@id":"https:\/\/aivlisoft.net\/shop\/#website"},"primaryImageOfPage":{"@id":"https:\/\/aivlisoft.net\/shop\/producto\/ubiquiti-airfiber-4x-antenna-4ghz-500-mbps\/#primaryimage"},"image":{"@id":"https:\/\/aivlisoft.net\/shop\/producto\/ubiquiti-airfiber-4x-antenna-4ghz-500-mbps\/#primaryimage"},"thumbnailUrl":"https:\/\/aivlisoft.net\/shop\/wp-content\/uploads\/2025\/01\/NSWPAC0352_800.jpg","datePublished":"2025-01-13T15:33:58+00:00","dateModified":"2025-01-14T11:46:00+00:00","breadcrumb":{"@id":"https:\/\/aivlisoft.net\/shop\/producto\/ubiquiti-airfiber-4x-antenna-4ghz-500-mbps\/#breadcrumb"},"inLanguage":"es","potentialAction":[{"@type":"ReadAction","target":["https:\/\/aivlisoft.net\/shop\/producto\/ubiquiti-airfiber-4x-antenna-4ghz-500-mbps\/"]}]},{"@type":"ImageObject","inLanguage":"es","@id":"https:\/\/aivlisoft.net\/shop\/producto\/ubiquiti-airfiber-4x-antenna-4ghz-500-mbps\/#primaryimage","url":"https:\/\/aivlisoft.net\/shop\/wp-content\/uploads\/2025\/01\/NSWPAC0352_800.jpg","contentUrl":"https:\/\/aivlisoft.net\/shop\/wp-content\/uploads\/2025\/01\/NSWPAC0352_800.jpg","width":800,"height":800},{"@type":"BreadcrumbList","@id":"https:\/\/aivlisoft.net\/shop\/producto\/ubiquiti-airfiber-4x-antenna-4ghz-500-mbps\/#breadcrumb","itemListElement":[{"@type":"ListItem","position":1,"name":"Portada","item":"https:\/\/aivlisoft.net\/shop\/"},{"@type":"ListItem","position":2,"name":"Tienda","item":"https:\/\/aivlisoft.net\/shop\/tienda\/"},{"@type":"ListItem","position":3,"name":"Ubiquiti AirFiber 4X Antenna 4GHz 500+ Mbps"}]},{"@type":"WebSite","@id":"https:\/\/aivlisoft.net\/shop\/#website","url":"https:\/\/aivlisoft.net\/shop\/","name":"Aivlisoft Inform\u00e1tica","description":"En Aivlisoft Inform\u00e1tica ofrecemos soluciones tecnol\u00f3gicas para empresas: venta de ordenadores, consumibles, perif\u00e9ricos y m\u00e1s. Calidad, atenci\u00f3n personalizada y los mejores precios para tu negocio.","publisher":{"@id":"https:\/\/aivlisoft.net\/shop\/#organization"},"potentialAction":[{"@type":"SearchAction","target":{"@type":"EntryPoint","urlTemplate":"https:\/\/aivlisoft.net\/shop\/?s={search_term_string}"},"query-input":{"@type":"PropertyValueSpecification","valueRequired":true,"valueName":"search_term_string"}}],"inLanguage":"es"},{"@type":"Organization","@id":"https:\/\/aivlisoft.net\/shop\/#organization","name":"Aivlisoft Inform\u00e1tica","url":"https:\/\/aivlisoft.net\/shop\/","logo":{"@type":"ImageObject","inLanguage":"es","@id":"https:\/\/aivlisoft.net\/shop\/#\/schema\/logo\/image\/","url":"https:\/\/aivlisoft.net\/shop\/wp-content\/uploads\/2024\/12\/removal.ai_5b848c54-0cdf-4140-95c5-c5536bb7573b-logodef.png","contentUrl":"https:\/\/aivlisoft.net\/shop\/wp-content\/uploads\/2024\/12\/removal.ai_5b848c54-0cdf-4140-95c5-c5536bb7573b-logodef.png","width":484,"height":182,"caption":"Aivlisoft Inform\u00e1tica"},"image":{"@id":"https:\/\/aivlisoft.net\/shop\/#\/schema\/logo\/image\/"}}]}},"_links":{"self":[{"href":"https:\/\/aivlisoft.net\/shop\/wp-json\/wp\/v2\/product\/19564","targetHints":{"allow":["GET"]}}],"collection":[{"href":"https:\/\/aivlisoft.net\/shop\/wp-json\/wp\/v2\/product"}],"about":[{"href":"https:\/\/aivlisoft.net\/shop\/wp-json\/wp\/v2\/types\/product"}],"wp:featuredmedia":[{"embeddable":true,"href":"https:\/\/aivlisoft.net\/shop\/wp-json\/wp\/v2\/media\/19565"}],"wp:attachment":[{"href":"https:\/\/aivlisoft.net\/shop\/wp-json\/wp\/v2\/media?parent=19564"}],"wp:term":[{"taxonomy":"product_brand","embeddable":true,"href":"https:\/\/aivlisoft.net\/shop\/wp-json\/wp\/v2\/product_brand?post=19564"},{"taxonomy":"product_cat","embeddable":true,"href":"https:\/\/aivlisoft.net\/shop\/wp-json\/wp\/v2\/product_cat?post=19564"},{"taxonomy":"product_tag","embeddable":true,"href":"https:\/\/aivlisoft.net\/shop\/wp-json\/wp\/v2\/product_tag?post=19564"}],"curies":[{"name":"wp","href":"https:\/\/api.w.org\/{rel}","templated":true}]}}