{"id":19534,"date":"2025-01-13T15:33:40","date_gmt":"2025-01-13T15:33:40","guid":{"rendered":"https:\/\/aivlisoft.com\/?post_type=product&#038;p=19534"},"modified":"2025-01-14T11:45:50","modified_gmt":"2025-01-14T11:45:50","slug":"mikrotik-rbcapgi-5acd2nd-cap-ac-2xgb-5ghz-l4","status":"publish","type":"product","link":"https:\/\/aivlisoft.net\/shop\/producto\/mikrotik-rbcapgi-5acd2nd-cap-ac-2xgb-5ghz-l4\/","title":{"rendered":"MikroTik RBcAPGi-5acD2nD cAP AC 2xGB 5GHz L4"},"content":{"rendered":"<div>\n<div style=\"text-align:justify;\"><\/div>\n<\/div>\n<p><\/p>\n<table class=\"tabla_caracteristicas k-table\" width=\"100%\">\n<tbody>\n<tr>\n<td><strong>Marca<\/strong><\/td>\n<td>Mikrotik<\/td>\n<\/tr>\n<tr>\n<td valign=\"top\"><strong>Modelo<\/strong><\/td>\n<td><strong>RBcAPGi-5acD2nD<\/strong><\/td>\n<\/tr>\n<tr>\n<td valign=\"top\"><strong>Caracter&iacute;sticas<\/strong><\/td>\n<td>&#8211; 2 x 10\/100\/1000 Ethernet<br \/>&#8211; Arquitectura: ARM 32bit<br \/>&#8211; CPU: IPQ-4018<br \/>&#8211; Recuento de n&uacute;cleos de CPU: 4<br \/>&#8211; Frecuencia nominal de la CPU: 716 MHz<br \/>&#8211; Dimensiones Caja redonda: 136 mm de di&aacute;metro, altura: 30 mm; Caja cuadrada: 145 mm x 145 mm x 30 mm<br \/>&#8211; Nivel de licencia: 4<br \/>&#8211; Sistema operativo: RouterOS<br \/>&#8211; Tama&ntilde;o de la RAM: 128 MB<br \/>&#8211; Tama&ntilde;o de almacenamiento: 16 MB<br \/>&#8211; Tipo de almacenamiento: FLASH<br \/>&#8211; Temperatura ambiente probada: -40 a 50 &deg; C<\/td>\n<\/tr>\n<tr>\n<td valign=\"top\">\n<div><strong>Alimentaci&oacute;n<\/strong><\/div>\n<\/td>\n<td>&#8211; Consumo m&aacute;ximo de energ&iacute;a: 13W<br \/>&#8211; PoE in :802.3af \/ en<br \/>&#8211; PoE out: passive PoE hasta 57V<br \/>&#8211; PoE en entrada Voltaje: 17-57 V<br \/>&#8211; N&uacute;mero de entradas de CC: 1 (PoE-IN)<\/td>\n<\/tr>\n<tr>\n<td valign=\"top\"><strong>Inal&aacute;mbrico<\/strong><\/td>\n<td>&#8211; N&uacute;mero inal&aacute;mbrico de 2,4 GHz de cadenas: 2<br \/>&#8211; Est&aacute;ndares inal&aacute;mbricos de 2,4 GHz: 802.11b\/g\/n<br \/>&#8211; Ganancia de antena dBi para 2.4 GHz: 2<br \/>&#8211; Modelo de chip inal&aacute;mbrico 2.4 GHz: IPQ-4018<br \/>&#8211; N&uacute;mero inal&aacute;mbrico de 5 GHz de cadenas: 2<br \/>&#8211; Est&aacute;ndares inal&aacute;mbricos de 5 GHz: 802.11ac<br \/>&#8211; Ganancia de antena dBi para 5 GHz: 2.5<br \/>&#8211; Modelo de chip inal&aacute;mbrico de 5 GHz: IPQ-4018<\/td>\n<\/tr>\n<tr>\n<td><strong>Fecha de revisi&oacute;n<\/strong><\/td>\n<td>05-02-2018 por AVN<\/td>\n<\/tr>\n<\/tbody>\n<\/table>\n","protected":false},"excerpt":{"rendered":"<p>Marca Mikrotik Modelo RBcAPGi-5acD2nD Caracter&iacute;sticas &#8211; 2 x 10\/100\/1000 Ethernet&#8211; Arquitectura: ARM 32bit&#8211; CPU: IPQ-4018&#8211; Recuento de n&uacute;cleos de CPU: 4&#8211; Frecuencia nominal de la CPU: 716 MHz&#8211; Dimensiones Caja redonda: 136 mm de di&aacute;metro, altura: 30 mm; Caja cuadrada: 145 mm x 145 mm x 30 mm&#8211; Nivel de licencia: 4&#8211; Sistema operativo: RouterOS&#8211;&hellip;&nbsp;<a href=\"https:\/\/aivlisoft.net\/shop\/producto\/mikrotik-rbcapgi-5acd2nd-cap-ac-2xgb-5ghz-l4\/\" rel=\"bookmark\"><span class=\"screen-reader-text\">MikroTik RBcAPGi-5acD2nD cAP AC 2xGB 5GHz L4<\/span><\/a><\/p>\n","protected":false},"featured_media":19535,"template":"","meta":{"neve_meta_sidebar":"","neve_meta_container":"","neve_meta_enable_content_width":"","neve_meta_content_width":0,"neve_meta_title_alignment":"","neve_meta_author_avatar":"","neve_post_elements_order":"","neve_meta_disable_header":"","neve_meta_disable_footer":"","neve_meta_disable_title":""},"product_brand":[],"product_cat":[8770],"product_tag":[7055],"class_list":{"0":"post-19534","1":"product","2":"type-product","3":"status-publish","4":"has-post-thumbnail","6":"product_cat-puntos-de-acceso","7":"product_tag-rbcapgi-5acd2nd","9":"first","10":"instock","11":"taxable","12":"shipping-taxable","13":"purchasable","14":"product-type-simple"},"yoast_head":"<!-- This site is optimized with the Yoast SEO plugin v26.0 - https:\/\/yoast.com\/wordpress\/plugins\/seo\/ -->\n<title>MikroTik RBcAPGi-5acD2nD cAP AC 2xGB 5GHz L4 - Aivlisoft Inform\u00e1tica<\/title>\n<meta name=\"robots\" content=\"index, follow, max-snippet:-1, max-image-preview:large, max-video-preview:-1\" \/>\n<link rel=\"canonical\" href=\"https:\/\/aivlisoft.net\/shop\/producto\/mikrotik-rbcapgi-5acd2nd-cap-ac-2xgb-5ghz-l4\/\" \/>\n<meta property=\"og:locale\" content=\"es_ES\" \/>\n<meta property=\"og:type\" content=\"article\" \/>\n<meta property=\"og:title\" content=\"MikroTik RBcAPGi-5acD2nD cAP AC 2xGB 5GHz L4 - Aivlisoft Inform\u00e1tica\" \/>\n<meta property=\"og:description\" content=\"Marca Mikrotik Modelo RBcAPGi-5acD2nD Caracter&iacute;sticas &#8211; 2 x 10\/100\/1000 Ethernet&#8211; Arquitectura: ARM 32bit&#8211; CPU: IPQ-4018&#8211; Recuento de n&uacute;cleos de CPU: 4&#8211; Frecuencia nominal de la CPU: 716 MHz&#8211; Dimensiones Caja redonda: 136 mm de di&aacute;metro, altura: 30 mm; Caja cuadrada: 145 mm x 145 mm x 30 mm&#8211; Nivel de licencia: 4&#8211; Sistema operativo: RouterOS&#8211;&hellip;&nbsp;MikroTik RBcAPGi-5acD2nD cAP AC 2xGB 5GHz L4\" \/>\n<meta property=\"og:url\" content=\"https:\/\/aivlisoft.net\/shop\/producto\/mikrotik-rbcapgi-5acd2nd-cap-ac-2xgb-5ghz-l4\/\" \/>\n<meta property=\"og:site_name\" content=\"Aivlisoft Inform\u00e1tica\" \/>\n<meta property=\"article:modified_time\" content=\"2025-01-14T11:45:50+00:00\" \/>\n<meta property=\"og:image\" content=\"https:\/\/aivlisoft.net\/shop\/wp-content\/uploads\/2025\/01\/NSWPAC0331_800.jpg\" \/>\n\t<meta property=\"og:image:width\" content=\"800\" \/>\n\t<meta property=\"og:image:height\" content=\"800\" \/>\n\t<meta property=\"og:image:type\" content=\"image\/jpeg\" \/>\n<meta name=\"twitter:card\" content=\"summary_large_image\" \/>\n<meta name=\"twitter:label1\" content=\"Tiempo de lectura\" \/>\n\t<meta name=\"twitter:data1\" content=\"1 minuto\" \/>\n<script type=\"application\/ld+json\" class=\"yoast-schema-graph\">{\"@context\":\"https:\/\/schema.org\",\"@graph\":[{\"@type\":\"WebPage\",\"@id\":\"https:\/\/aivlisoft.net\/shop\/producto\/mikrotik-rbcapgi-5acd2nd-cap-ac-2xgb-5ghz-l4\/\",\"url\":\"https:\/\/aivlisoft.net\/shop\/producto\/mikrotik-rbcapgi-5acd2nd-cap-ac-2xgb-5ghz-l4\/\",\"name\":\"MikroTik RBcAPGi-5acD2nD cAP AC 2xGB 5GHz L4 - Aivlisoft Inform\u00e1tica\",\"isPartOf\":{\"@id\":\"https:\/\/aivlisoft.net\/shop\/#website\"},\"primaryImageOfPage\":{\"@id\":\"https:\/\/aivlisoft.net\/shop\/producto\/mikrotik-rbcapgi-5acd2nd-cap-ac-2xgb-5ghz-l4\/#primaryimage\"},\"image\":{\"@id\":\"https:\/\/aivlisoft.net\/shop\/producto\/mikrotik-rbcapgi-5acd2nd-cap-ac-2xgb-5ghz-l4\/#primaryimage\"},\"thumbnailUrl\":\"https:\/\/aivlisoft.net\/shop\/wp-content\/uploads\/2025\/01\/NSWPAC0331_800.jpg\",\"datePublished\":\"2025-01-13T15:33:40+00:00\",\"dateModified\":\"2025-01-14T11:45:50+00:00\",\"breadcrumb\":{\"@id\":\"https:\/\/aivlisoft.net\/shop\/producto\/mikrotik-rbcapgi-5acd2nd-cap-ac-2xgb-5ghz-l4\/#breadcrumb\"},\"inLanguage\":\"es\",\"potentialAction\":[{\"@type\":\"ReadAction\",\"target\":[\"https:\/\/aivlisoft.net\/shop\/producto\/mikrotik-rbcapgi-5acd2nd-cap-ac-2xgb-5ghz-l4\/\"]}]},{\"@type\":\"ImageObject\",\"inLanguage\":\"es\",\"@id\":\"https:\/\/aivlisoft.net\/shop\/producto\/mikrotik-rbcapgi-5acd2nd-cap-ac-2xgb-5ghz-l4\/#primaryimage\",\"url\":\"https:\/\/aivlisoft.net\/shop\/wp-content\/uploads\/2025\/01\/NSWPAC0331_800.jpg\",\"contentUrl\":\"https:\/\/aivlisoft.net\/shop\/wp-content\/uploads\/2025\/01\/NSWPAC0331_800.jpg\",\"width\":800,\"height\":800},{\"@type\":\"BreadcrumbList\",\"@id\":\"https:\/\/aivlisoft.net\/shop\/producto\/mikrotik-rbcapgi-5acd2nd-cap-ac-2xgb-5ghz-l4\/#breadcrumb\",\"itemListElement\":[{\"@type\":\"ListItem\",\"position\":1,\"name\":\"Portada\",\"item\":\"https:\/\/aivlisoft.net\/shop\/\"},{\"@type\":\"ListItem\",\"position\":2,\"name\":\"Tienda\",\"item\":\"https:\/\/aivlisoft.net\/shop\/tienda\/\"},{\"@type\":\"ListItem\",\"position\":3,\"name\":\"MikroTik RBcAPGi-5acD2nD cAP AC 2xGB 5GHz L4\"}]},{\"@type\":\"WebSite\",\"@id\":\"https:\/\/aivlisoft.net\/shop\/#website\",\"url\":\"https:\/\/aivlisoft.net\/shop\/\",\"name\":\"Aivlisoft Inform\u00e1tica\",\"description\":\"En Aivlisoft Inform\u00e1tica ofrecemos soluciones tecnol\u00f3gicas para empresas: venta de ordenadores, consumibles, perif\u00e9ricos y m\u00e1s. Calidad, atenci\u00f3n personalizada y los mejores precios para tu negocio.\",\"publisher\":{\"@id\":\"https:\/\/aivlisoft.net\/shop\/#organization\"},\"potentialAction\":[{\"@type\":\"SearchAction\",\"target\":{\"@type\":\"EntryPoint\",\"urlTemplate\":\"https:\/\/aivlisoft.net\/shop\/?s={search_term_string}\"},\"query-input\":{\"@type\":\"PropertyValueSpecification\",\"valueRequired\":true,\"valueName\":\"search_term_string\"}}],\"inLanguage\":\"es\"},{\"@type\":\"Organization\",\"@id\":\"https:\/\/aivlisoft.net\/shop\/#organization\",\"name\":\"Aivlisoft Inform\u00e1tica\",\"url\":\"https:\/\/aivlisoft.net\/shop\/\",\"logo\":{\"@type\":\"ImageObject\",\"inLanguage\":\"es\",\"@id\":\"https:\/\/aivlisoft.net\/shop\/#\/schema\/logo\/image\/\",\"url\":\"https:\/\/aivlisoft.net\/shop\/wp-content\/uploads\/2024\/12\/removal.ai_5b848c54-0cdf-4140-95c5-c5536bb7573b-logodef.png\",\"contentUrl\":\"https:\/\/aivlisoft.net\/shop\/wp-content\/uploads\/2024\/12\/removal.ai_5b848c54-0cdf-4140-95c5-c5536bb7573b-logodef.png\",\"width\":484,\"height\":182,\"caption\":\"Aivlisoft Inform\u00e1tica\"},\"image\":{\"@id\":\"https:\/\/aivlisoft.net\/shop\/#\/schema\/logo\/image\/\"}}]}<\/script>\n<!-- \/ Yoast SEO plugin. -->","yoast_head_json":{"title":"MikroTik RBcAPGi-5acD2nD cAP AC 2xGB 5GHz L4 - Aivlisoft Inform\u00e1tica","robots":{"index":"index","follow":"follow","max-snippet":"max-snippet:-1","max-image-preview":"max-image-preview:large","max-video-preview":"max-video-preview:-1"},"canonical":"https:\/\/aivlisoft.net\/shop\/producto\/mikrotik-rbcapgi-5acd2nd-cap-ac-2xgb-5ghz-l4\/","og_locale":"es_ES","og_type":"article","og_title":"MikroTik RBcAPGi-5acD2nD cAP AC 2xGB 5GHz L4 - Aivlisoft Inform\u00e1tica","og_description":"Marca Mikrotik Modelo RBcAPGi-5acD2nD Caracter&iacute;sticas &#8211; 2 x 10\/100\/1000 Ethernet&#8211; Arquitectura: ARM 32bit&#8211; CPU: IPQ-4018&#8211; Recuento de n&uacute;cleos de CPU: 4&#8211; Frecuencia nominal de la CPU: 716 MHz&#8211; Dimensiones Caja redonda: 136 mm de di&aacute;metro, altura: 30 mm; Caja cuadrada: 145 mm x 145 mm x 30 mm&#8211; Nivel de licencia: 4&#8211; Sistema operativo: RouterOS&#8211;&hellip;&nbsp;MikroTik RBcAPGi-5acD2nD cAP AC 2xGB 5GHz L4","og_url":"https:\/\/aivlisoft.net\/shop\/producto\/mikrotik-rbcapgi-5acd2nd-cap-ac-2xgb-5ghz-l4\/","og_site_name":"Aivlisoft Inform\u00e1tica","article_modified_time":"2025-01-14T11:45:50+00:00","og_image":[{"width":800,"height":800,"url":"https:\/\/aivlisoft.net\/shop\/wp-content\/uploads\/2025\/01\/NSWPAC0331_800.jpg","type":"image\/jpeg"}],"twitter_card":"summary_large_image","twitter_misc":{"Tiempo de lectura":"1 minuto"},"schema":{"@context":"https:\/\/schema.org","@graph":[{"@type":"WebPage","@id":"https:\/\/aivlisoft.net\/shop\/producto\/mikrotik-rbcapgi-5acd2nd-cap-ac-2xgb-5ghz-l4\/","url":"https:\/\/aivlisoft.net\/shop\/producto\/mikrotik-rbcapgi-5acd2nd-cap-ac-2xgb-5ghz-l4\/","name":"MikroTik RBcAPGi-5acD2nD cAP AC 2xGB 5GHz L4 - Aivlisoft Inform\u00e1tica","isPartOf":{"@id":"https:\/\/aivlisoft.net\/shop\/#website"},"primaryImageOfPage":{"@id":"https:\/\/aivlisoft.net\/shop\/producto\/mikrotik-rbcapgi-5acd2nd-cap-ac-2xgb-5ghz-l4\/#primaryimage"},"image":{"@id":"https:\/\/aivlisoft.net\/shop\/producto\/mikrotik-rbcapgi-5acd2nd-cap-ac-2xgb-5ghz-l4\/#primaryimage"},"thumbnailUrl":"https:\/\/aivlisoft.net\/shop\/wp-content\/uploads\/2025\/01\/NSWPAC0331_800.jpg","datePublished":"2025-01-13T15:33:40+00:00","dateModified":"2025-01-14T11:45:50+00:00","breadcrumb":{"@id":"https:\/\/aivlisoft.net\/shop\/producto\/mikrotik-rbcapgi-5acd2nd-cap-ac-2xgb-5ghz-l4\/#breadcrumb"},"inLanguage":"es","potentialAction":[{"@type":"ReadAction","target":["https:\/\/aivlisoft.net\/shop\/producto\/mikrotik-rbcapgi-5acd2nd-cap-ac-2xgb-5ghz-l4\/"]}]},{"@type":"ImageObject","inLanguage":"es","@id":"https:\/\/aivlisoft.net\/shop\/producto\/mikrotik-rbcapgi-5acd2nd-cap-ac-2xgb-5ghz-l4\/#primaryimage","url":"https:\/\/aivlisoft.net\/shop\/wp-content\/uploads\/2025\/01\/NSWPAC0331_800.jpg","contentUrl":"https:\/\/aivlisoft.net\/shop\/wp-content\/uploads\/2025\/01\/NSWPAC0331_800.jpg","width":800,"height":800},{"@type":"BreadcrumbList","@id":"https:\/\/aivlisoft.net\/shop\/producto\/mikrotik-rbcapgi-5acd2nd-cap-ac-2xgb-5ghz-l4\/#breadcrumb","itemListElement":[{"@type":"ListItem","position":1,"name":"Portada","item":"https:\/\/aivlisoft.net\/shop\/"},{"@type":"ListItem","position":2,"name":"Tienda","item":"https:\/\/aivlisoft.net\/shop\/tienda\/"},{"@type":"ListItem","position":3,"name":"MikroTik RBcAPGi-5acD2nD cAP AC 2xGB 5GHz L4"}]},{"@type":"WebSite","@id":"https:\/\/aivlisoft.net\/shop\/#website","url":"https:\/\/aivlisoft.net\/shop\/","name":"Aivlisoft Inform\u00e1tica","description":"En Aivlisoft Inform\u00e1tica ofrecemos soluciones tecnol\u00f3gicas para empresas: venta de ordenadores, consumibles, perif\u00e9ricos y m\u00e1s. Calidad, atenci\u00f3n personalizada y los mejores precios para tu negocio.","publisher":{"@id":"https:\/\/aivlisoft.net\/shop\/#organization"},"potentialAction":[{"@type":"SearchAction","target":{"@type":"EntryPoint","urlTemplate":"https:\/\/aivlisoft.net\/shop\/?s={search_term_string}"},"query-input":{"@type":"PropertyValueSpecification","valueRequired":true,"valueName":"search_term_string"}}],"inLanguage":"es"},{"@type":"Organization","@id":"https:\/\/aivlisoft.net\/shop\/#organization","name":"Aivlisoft Inform\u00e1tica","url":"https:\/\/aivlisoft.net\/shop\/","logo":{"@type":"ImageObject","inLanguage":"es","@id":"https:\/\/aivlisoft.net\/shop\/#\/schema\/logo\/image\/","url":"https:\/\/aivlisoft.net\/shop\/wp-content\/uploads\/2024\/12\/removal.ai_5b848c54-0cdf-4140-95c5-c5536bb7573b-logodef.png","contentUrl":"https:\/\/aivlisoft.net\/shop\/wp-content\/uploads\/2024\/12\/removal.ai_5b848c54-0cdf-4140-95c5-c5536bb7573b-logodef.png","width":484,"height":182,"caption":"Aivlisoft Inform\u00e1tica"},"image":{"@id":"https:\/\/aivlisoft.net\/shop\/#\/schema\/logo\/image\/"}}]}},"_links":{"self":[{"href":"https:\/\/aivlisoft.net\/shop\/wp-json\/wp\/v2\/product\/19534","targetHints":{"allow":["GET"]}}],"collection":[{"href":"https:\/\/aivlisoft.net\/shop\/wp-json\/wp\/v2\/product"}],"about":[{"href":"https:\/\/aivlisoft.net\/shop\/wp-json\/wp\/v2\/types\/product"}],"wp:featuredmedia":[{"embeddable":true,"href":"https:\/\/aivlisoft.net\/shop\/wp-json\/wp\/v2\/media\/19535"}],"wp:attachment":[{"href":"https:\/\/aivlisoft.net\/shop\/wp-json\/wp\/v2\/media?parent=19534"}],"wp:term":[{"taxonomy":"product_brand","embeddable":true,"href":"https:\/\/aivlisoft.net\/shop\/wp-json\/wp\/v2\/product_brand?post=19534"},{"taxonomy":"product_cat","embeddable":true,"href":"https:\/\/aivlisoft.net\/shop\/wp-json\/wp\/v2\/product_cat?post=19534"},{"taxonomy":"product_tag","embeddable":true,"href":"https:\/\/aivlisoft.net\/shop\/wp-json\/wp\/v2\/product_tag?post=19534"}],"curies":[{"name":"wp","href":"https:\/\/api.w.org\/{rel}","templated":true}]}}