{"id":19531,"date":"2025-01-13T15:33:39","date_gmt":"2025-01-13T15:33:39","guid":{"rendered":"https:\/\/aivlisoft.com\/?post_type=product&#038;p=19531"},"modified":"2025-01-14T11:45:49","modified_gmt":"2025-01-14T11:45:49","slug":"ubiquiti-aircube-acb-isp-2-4ghz-router-ap-airmax","status":"publish","type":"product","link":"https:\/\/aivlisoft.net\/shop\/producto\/ubiquiti-aircube-acb-isp-2-4ghz-router-ap-airmax\/","title":{"rendered":"Ubiquiti AirCube ACB-ISP 2.4GHz Router AP AirMax"},"content":{"rendered":"<p><\/p>\n<table class=\"tabla_caracteristicas k-table\" width=\"100%\">\n<tbody>\n<tr>\n<td><strong>Marca<\/strong><\/td>\n<td>Ubiquiti<\/td>\n<\/tr>\n<tr>\n<td valign=\"top\"><strong>Modelo<\/strong><\/td>\n<td><strong>ACB-ISP<\/strong><\/td>\n<\/tr>\n<tr>\n<td valign=\"top\"><strong>Especificaciones<\/strong><\/td>\n<td>&#8211; Puertos: 4 x 10\/100 Fast Ethernet: 3 LAN (1x PoE In), 1 WAN (PoE Out)<br \/>&#8211; 24V PoE Passthrough: por puerto WAN-PoE<br \/>&#8211; 802.11n, 2&#215;2 MIMO<br \/>&#8211; Hasta 300 Mbps en 2.4 GHz<br \/>&#8211; Alimentado por: inyector PoE (NO INCLUIDO) o por el puerto microUSB (adaptador\/fuente NO INCLUIDO)<\/td>\n<\/tr>\n<tr>\n<td valign=\"top\"><strong>Caracteristicas<\/strong><\/td>\n<td>&#8211; Dimensiones: 87,80 x 89,50 x 89,25 mm<br \/>&#8211; Peso: 215 g<br \/>&#8211; Fuente de alimentaci&oacute;n: 5V<br \/>&#8211; M&eacute;todo de alimentaci&oacute;n: PoE 24V en el puerto LAN 1 o Adaptador Micro USB 2A (no incluido)<br \/>&#8211; Voltaje de potencia admitido: 4.95-5.05V<br \/>&#8211; Max. consumo de energ&iacute;a: 5W<br \/>&#8211; PoE Out: Salida de PoE controlable de 24V (+4, 5; -7, 8) en el puerto WAN<br \/>&#8211; Interfaz de administraci&oacute;n: Wi-Fi \/ Ethernet<br \/>&#8211; Interfaz de red: (4) 10\/100 puertos Fast Ethernet<br \/>&#8211; LED: Estado<br \/>&#8211; Max. Poder TX: 22 dBm<br \/>&#8211; Ganancia de la antena: 4 dBi<br \/>&#8211; Max. Velocidades: 300 Mbps<br \/>&#8211; Caracter&iacute;sticas de carcasa: Pl&aacute;stico negro<br \/>&#8211; Protecci&oacute;n ESD \/ EMP: Interfaz &plusmn; 24 kV RJ-45<br \/>&#8211; Temperatura de funcionamiento: -10 a 50 &deg; C (-14 a 122&deg; F)<br \/>&#8211; Humedad de funcionamiento: 5 a 95% sin condensaci&oacute;n<br \/>&#8211; Certificaciones: CE, FCC, IC<\/td>\n<\/tr>\n<tr>\n<td><strong>Fecha de revisi&oacute;n<\/strong><\/td>\n<td>12-01-2018 por MSB<\/td>\n<\/tr>\n<\/tbody>\n<\/table>\n","protected":false},"excerpt":{"rendered":"<p>Marca Ubiquiti Modelo ACB-ISP Especificaciones &#8211; Puertos: 4 x 10\/100 Fast Ethernet: 3 LAN (1x PoE In), 1 WAN (PoE Out)&#8211; 24V PoE Passthrough: por puerto WAN-PoE&#8211; 802.11n, 2&#215;2 MIMO&#8211; Hasta 300 Mbps en 2.4 GHz&#8211; Alimentado por: inyector PoE (NO INCLUIDO) o por el puerto microUSB (adaptador\/fuente NO INCLUIDO) Caracteristicas &#8211; Dimensiones: 87,80 x&hellip;&nbsp;<a href=\"https:\/\/aivlisoft.net\/shop\/producto\/ubiquiti-aircube-acb-isp-2-4ghz-router-ap-airmax\/\" rel=\"bookmark\"><span class=\"screen-reader-text\">Ubiquiti AirCube ACB-ISP 2.4GHz Router AP AirMax<\/span><\/a><\/p>\n","protected":false},"featured_media":19532,"template":"","meta":{"neve_meta_sidebar":"","neve_meta_container":"","neve_meta_enable_content_width":"","neve_meta_content_width":0,"neve_meta_title_alignment":"","neve_meta_author_avatar":"","neve_post_elements_order":"","neve_meta_disable_header":"","neve_meta_disable_footer":"","neve_meta_disable_title":""},"product_brand":[],"product_cat":[8770],"product_tag":[7054],"class_list":{"0":"post-19531","1":"product","2":"type-product","3":"status-publish","4":"has-post-thumbnail","6":"product_cat-puntos-de-acceso","7":"product_tag-acb-isp","9":"first","10":"instock","11":"taxable","12":"shipping-taxable","13":"purchasable","14":"product-type-simple"},"yoast_head":"<!-- This site is optimized with the Yoast SEO plugin v26.0 - https:\/\/yoast.com\/wordpress\/plugins\/seo\/ -->\n<title>Ubiquiti AirCube ACB-ISP 2.4GHz Router AP AirMax - Aivlisoft Inform\u00e1tica<\/title>\n<meta name=\"robots\" content=\"index, follow, max-snippet:-1, max-image-preview:large, max-video-preview:-1\" \/>\n<link rel=\"canonical\" href=\"https:\/\/aivlisoft.net\/shop\/producto\/ubiquiti-aircube-acb-isp-2-4ghz-router-ap-airmax\/\" \/>\n<meta property=\"og:locale\" content=\"es_ES\" \/>\n<meta property=\"og:type\" content=\"article\" \/>\n<meta property=\"og:title\" content=\"Ubiquiti AirCube ACB-ISP 2.4GHz Router AP AirMax - Aivlisoft Inform\u00e1tica\" \/>\n<meta property=\"og:description\" content=\"Marca Ubiquiti Modelo ACB-ISP Especificaciones &#8211; Puertos: 4 x 10\/100 Fast Ethernet: 3 LAN (1x PoE In), 1 WAN (PoE Out)&#8211; 24V PoE Passthrough: por puerto WAN-PoE&#8211; 802.11n, 2&#215;2 MIMO&#8211; Hasta 300 Mbps en 2.4 GHz&#8211; Alimentado por: inyector PoE (NO INCLUIDO) o por el puerto microUSB (adaptador\/fuente NO INCLUIDO) Caracteristicas &#8211; Dimensiones: 87,80 x&hellip;&nbsp;Ubiquiti AirCube ACB-ISP 2.4GHz Router AP AirMax\" \/>\n<meta property=\"og:url\" content=\"https:\/\/aivlisoft.net\/shop\/producto\/ubiquiti-aircube-acb-isp-2-4ghz-router-ap-airmax\/\" \/>\n<meta property=\"og:site_name\" content=\"Aivlisoft Inform\u00e1tica\" \/>\n<meta property=\"article:modified_time\" content=\"2025-01-14T11:45:49+00:00\" \/>\n<meta property=\"og:image\" content=\"https:\/\/aivlisoft.net\/shop\/wp-content\/uploads\/2025\/01\/NSWPAC0330_800.jpg\" \/>\n\t<meta property=\"og:image:width\" content=\"800\" \/>\n\t<meta property=\"og:image:height\" content=\"800\" \/>\n\t<meta property=\"og:image:type\" content=\"image\/jpeg\" \/>\n<meta name=\"twitter:card\" content=\"summary_large_image\" \/>\n<meta name=\"twitter:label1\" content=\"Tiempo de lectura\" \/>\n\t<meta name=\"twitter:data1\" content=\"1 minuto\" \/>\n<script type=\"application\/ld+json\" class=\"yoast-schema-graph\">{\"@context\":\"https:\/\/schema.org\",\"@graph\":[{\"@type\":\"WebPage\",\"@id\":\"https:\/\/aivlisoft.net\/shop\/producto\/ubiquiti-aircube-acb-isp-2-4ghz-router-ap-airmax\/\",\"url\":\"https:\/\/aivlisoft.net\/shop\/producto\/ubiquiti-aircube-acb-isp-2-4ghz-router-ap-airmax\/\",\"name\":\"Ubiquiti AirCube ACB-ISP 2.4GHz Router AP AirMax - Aivlisoft Inform\u00e1tica\",\"isPartOf\":{\"@id\":\"https:\/\/aivlisoft.net\/shop\/#website\"},\"primaryImageOfPage\":{\"@id\":\"https:\/\/aivlisoft.net\/shop\/producto\/ubiquiti-aircube-acb-isp-2-4ghz-router-ap-airmax\/#primaryimage\"},\"image\":{\"@id\":\"https:\/\/aivlisoft.net\/shop\/producto\/ubiquiti-aircube-acb-isp-2-4ghz-router-ap-airmax\/#primaryimage\"},\"thumbnailUrl\":\"https:\/\/aivlisoft.net\/shop\/wp-content\/uploads\/2025\/01\/NSWPAC0330_800.jpg\",\"datePublished\":\"2025-01-13T15:33:39+00:00\",\"dateModified\":\"2025-01-14T11:45:49+00:00\",\"breadcrumb\":{\"@id\":\"https:\/\/aivlisoft.net\/shop\/producto\/ubiquiti-aircube-acb-isp-2-4ghz-router-ap-airmax\/#breadcrumb\"},\"inLanguage\":\"es\",\"potentialAction\":[{\"@type\":\"ReadAction\",\"target\":[\"https:\/\/aivlisoft.net\/shop\/producto\/ubiquiti-aircube-acb-isp-2-4ghz-router-ap-airmax\/\"]}]},{\"@type\":\"ImageObject\",\"inLanguage\":\"es\",\"@id\":\"https:\/\/aivlisoft.net\/shop\/producto\/ubiquiti-aircube-acb-isp-2-4ghz-router-ap-airmax\/#primaryimage\",\"url\":\"https:\/\/aivlisoft.net\/shop\/wp-content\/uploads\/2025\/01\/NSWPAC0330_800.jpg\",\"contentUrl\":\"https:\/\/aivlisoft.net\/shop\/wp-content\/uploads\/2025\/01\/NSWPAC0330_800.jpg\",\"width\":800,\"height\":800},{\"@type\":\"BreadcrumbList\",\"@id\":\"https:\/\/aivlisoft.net\/shop\/producto\/ubiquiti-aircube-acb-isp-2-4ghz-router-ap-airmax\/#breadcrumb\",\"itemListElement\":[{\"@type\":\"ListItem\",\"position\":1,\"name\":\"Portada\",\"item\":\"https:\/\/aivlisoft.net\/shop\/\"},{\"@type\":\"ListItem\",\"position\":2,\"name\":\"Tienda\",\"item\":\"https:\/\/aivlisoft.net\/shop\/tienda\/\"},{\"@type\":\"ListItem\",\"position\":3,\"name\":\"Ubiquiti AirCube ACB-ISP 2.4GHz Router AP AirMax\"}]},{\"@type\":\"WebSite\",\"@id\":\"https:\/\/aivlisoft.net\/shop\/#website\",\"url\":\"https:\/\/aivlisoft.net\/shop\/\",\"name\":\"Aivlisoft Inform\u00e1tica\",\"description\":\"En Aivlisoft Inform\u00e1tica ofrecemos soluciones tecnol\u00f3gicas para empresas: venta de ordenadores, consumibles, perif\u00e9ricos y m\u00e1s. Calidad, atenci\u00f3n personalizada y los mejores precios para tu negocio.\",\"publisher\":{\"@id\":\"https:\/\/aivlisoft.net\/shop\/#organization\"},\"potentialAction\":[{\"@type\":\"SearchAction\",\"target\":{\"@type\":\"EntryPoint\",\"urlTemplate\":\"https:\/\/aivlisoft.net\/shop\/?s={search_term_string}\"},\"query-input\":{\"@type\":\"PropertyValueSpecification\",\"valueRequired\":true,\"valueName\":\"search_term_string\"}}],\"inLanguage\":\"es\"},{\"@type\":\"Organization\",\"@id\":\"https:\/\/aivlisoft.net\/shop\/#organization\",\"name\":\"Aivlisoft Inform\u00e1tica\",\"url\":\"https:\/\/aivlisoft.net\/shop\/\",\"logo\":{\"@type\":\"ImageObject\",\"inLanguage\":\"es\",\"@id\":\"https:\/\/aivlisoft.net\/shop\/#\/schema\/logo\/image\/\",\"url\":\"https:\/\/aivlisoft.net\/shop\/wp-content\/uploads\/2024\/12\/removal.ai_5b848c54-0cdf-4140-95c5-c5536bb7573b-logodef.png\",\"contentUrl\":\"https:\/\/aivlisoft.net\/shop\/wp-content\/uploads\/2024\/12\/removal.ai_5b848c54-0cdf-4140-95c5-c5536bb7573b-logodef.png\",\"width\":484,\"height\":182,\"caption\":\"Aivlisoft Inform\u00e1tica\"},\"image\":{\"@id\":\"https:\/\/aivlisoft.net\/shop\/#\/schema\/logo\/image\/\"}}]}<\/script>\n<!-- \/ Yoast SEO plugin. -->","yoast_head_json":{"title":"Ubiquiti AirCube ACB-ISP 2.4GHz Router AP AirMax - Aivlisoft Inform\u00e1tica","robots":{"index":"index","follow":"follow","max-snippet":"max-snippet:-1","max-image-preview":"max-image-preview:large","max-video-preview":"max-video-preview:-1"},"canonical":"https:\/\/aivlisoft.net\/shop\/producto\/ubiquiti-aircube-acb-isp-2-4ghz-router-ap-airmax\/","og_locale":"es_ES","og_type":"article","og_title":"Ubiquiti AirCube ACB-ISP 2.4GHz Router AP AirMax - Aivlisoft Inform\u00e1tica","og_description":"Marca Ubiquiti Modelo ACB-ISP Especificaciones &#8211; Puertos: 4 x 10\/100 Fast Ethernet: 3 LAN (1x PoE In), 1 WAN (PoE Out)&#8211; 24V PoE Passthrough: por puerto WAN-PoE&#8211; 802.11n, 2&#215;2 MIMO&#8211; Hasta 300 Mbps en 2.4 GHz&#8211; Alimentado por: inyector PoE (NO INCLUIDO) o por el puerto microUSB (adaptador\/fuente NO INCLUIDO) Caracteristicas &#8211; Dimensiones: 87,80 x&hellip;&nbsp;Ubiquiti AirCube ACB-ISP 2.4GHz Router AP AirMax","og_url":"https:\/\/aivlisoft.net\/shop\/producto\/ubiquiti-aircube-acb-isp-2-4ghz-router-ap-airmax\/","og_site_name":"Aivlisoft Inform\u00e1tica","article_modified_time":"2025-01-14T11:45:49+00:00","og_image":[{"width":800,"height":800,"url":"https:\/\/aivlisoft.net\/shop\/wp-content\/uploads\/2025\/01\/NSWPAC0330_800.jpg","type":"image\/jpeg"}],"twitter_card":"summary_large_image","twitter_misc":{"Tiempo de lectura":"1 minuto"},"schema":{"@context":"https:\/\/schema.org","@graph":[{"@type":"WebPage","@id":"https:\/\/aivlisoft.net\/shop\/producto\/ubiquiti-aircube-acb-isp-2-4ghz-router-ap-airmax\/","url":"https:\/\/aivlisoft.net\/shop\/producto\/ubiquiti-aircube-acb-isp-2-4ghz-router-ap-airmax\/","name":"Ubiquiti AirCube ACB-ISP 2.4GHz Router AP AirMax - Aivlisoft Inform\u00e1tica","isPartOf":{"@id":"https:\/\/aivlisoft.net\/shop\/#website"},"primaryImageOfPage":{"@id":"https:\/\/aivlisoft.net\/shop\/producto\/ubiquiti-aircube-acb-isp-2-4ghz-router-ap-airmax\/#primaryimage"},"image":{"@id":"https:\/\/aivlisoft.net\/shop\/producto\/ubiquiti-aircube-acb-isp-2-4ghz-router-ap-airmax\/#primaryimage"},"thumbnailUrl":"https:\/\/aivlisoft.net\/shop\/wp-content\/uploads\/2025\/01\/NSWPAC0330_800.jpg","datePublished":"2025-01-13T15:33:39+00:00","dateModified":"2025-01-14T11:45:49+00:00","breadcrumb":{"@id":"https:\/\/aivlisoft.net\/shop\/producto\/ubiquiti-aircube-acb-isp-2-4ghz-router-ap-airmax\/#breadcrumb"},"inLanguage":"es","potentialAction":[{"@type":"ReadAction","target":["https:\/\/aivlisoft.net\/shop\/producto\/ubiquiti-aircube-acb-isp-2-4ghz-router-ap-airmax\/"]}]},{"@type":"ImageObject","inLanguage":"es","@id":"https:\/\/aivlisoft.net\/shop\/producto\/ubiquiti-aircube-acb-isp-2-4ghz-router-ap-airmax\/#primaryimage","url":"https:\/\/aivlisoft.net\/shop\/wp-content\/uploads\/2025\/01\/NSWPAC0330_800.jpg","contentUrl":"https:\/\/aivlisoft.net\/shop\/wp-content\/uploads\/2025\/01\/NSWPAC0330_800.jpg","width":800,"height":800},{"@type":"BreadcrumbList","@id":"https:\/\/aivlisoft.net\/shop\/producto\/ubiquiti-aircube-acb-isp-2-4ghz-router-ap-airmax\/#breadcrumb","itemListElement":[{"@type":"ListItem","position":1,"name":"Portada","item":"https:\/\/aivlisoft.net\/shop\/"},{"@type":"ListItem","position":2,"name":"Tienda","item":"https:\/\/aivlisoft.net\/shop\/tienda\/"},{"@type":"ListItem","position":3,"name":"Ubiquiti AirCube ACB-ISP 2.4GHz Router AP AirMax"}]},{"@type":"WebSite","@id":"https:\/\/aivlisoft.net\/shop\/#website","url":"https:\/\/aivlisoft.net\/shop\/","name":"Aivlisoft Inform\u00e1tica","description":"En Aivlisoft Inform\u00e1tica ofrecemos soluciones tecnol\u00f3gicas para empresas: venta de ordenadores, consumibles, perif\u00e9ricos y m\u00e1s. Calidad, atenci\u00f3n personalizada y los mejores precios para tu negocio.","publisher":{"@id":"https:\/\/aivlisoft.net\/shop\/#organization"},"potentialAction":[{"@type":"SearchAction","target":{"@type":"EntryPoint","urlTemplate":"https:\/\/aivlisoft.net\/shop\/?s={search_term_string}"},"query-input":{"@type":"PropertyValueSpecification","valueRequired":true,"valueName":"search_term_string"}}],"inLanguage":"es"},{"@type":"Organization","@id":"https:\/\/aivlisoft.net\/shop\/#organization","name":"Aivlisoft Inform\u00e1tica","url":"https:\/\/aivlisoft.net\/shop\/","logo":{"@type":"ImageObject","inLanguage":"es","@id":"https:\/\/aivlisoft.net\/shop\/#\/schema\/logo\/image\/","url":"https:\/\/aivlisoft.net\/shop\/wp-content\/uploads\/2024\/12\/removal.ai_5b848c54-0cdf-4140-95c5-c5536bb7573b-logodef.png","contentUrl":"https:\/\/aivlisoft.net\/shop\/wp-content\/uploads\/2024\/12\/removal.ai_5b848c54-0cdf-4140-95c5-c5536bb7573b-logodef.png","width":484,"height":182,"caption":"Aivlisoft Inform\u00e1tica"},"image":{"@id":"https:\/\/aivlisoft.net\/shop\/#\/schema\/logo\/image\/"}}]}},"_links":{"self":[{"href":"https:\/\/aivlisoft.net\/shop\/wp-json\/wp\/v2\/product\/19531","targetHints":{"allow":["GET"]}}],"collection":[{"href":"https:\/\/aivlisoft.net\/shop\/wp-json\/wp\/v2\/product"}],"about":[{"href":"https:\/\/aivlisoft.net\/shop\/wp-json\/wp\/v2\/types\/product"}],"wp:featuredmedia":[{"embeddable":true,"href":"https:\/\/aivlisoft.net\/shop\/wp-json\/wp\/v2\/media\/19532"}],"wp:attachment":[{"href":"https:\/\/aivlisoft.net\/shop\/wp-json\/wp\/v2\/media?parent=19531"}],"wp:term":[{"taxonomy":"product_brand","embeddable":true,"href":"https:\/\/aivlisoft.net\/shop\/wp-json\/wp\/v2\/product_brand?post=19531"},{"taxonomy":"product_cat","embeddable":true,"href":"https:\/\/aivlisoft.net\/shop\/wp-json\/wp\/v2\/product_cat?post=19531"},{"taxonomy":"product_tag","embeddable":true,"href":"https:\/\/aivlisoft.net\/shop\/wp-json\/wp\/v2\/product_tag?post=19531"}],"curies":[{"name":"wp","href":"https:\/\/api.w.org\/{rel}","templated":true}]}}