{"id":19527,"date":"2025-01-13T15:33:37","date_gmt":"2025-01-13T15:33:37","guid":{"rendered":"https:\/\/aivlisoft.com\/?post_type=product&#038;p=19527"},"modified":"2025-01-14T11:45:48","modified_gmt":"2025-01-14T11:45:48","slug":"mikrotik-rbwapg-60adkit-wireless-wire-60ghz-poe","status":"publish","type":"product","link":"https:\/\/aivlisoft.net\/shop\/producto\/mikrotik-rbwapg-60adkit-wireless-wire-60ghz-poe\/","title":{"rendered":"MikroTik RBwAPG-60adkit Wireless Wire 60GHz PoE"},"content":{"rendered":"<p>El Wireless Wire es una soluci&oacute;n innovadora que ofrece velocidad y calidad de fibra a bajo coste. Este sorprendente kit reemplaza su cable de ethernet Gigabit con dos dispositivos peque&ntilde;os que se conectan entre s&iacute; a trav&eacute;s de un enlace inal&aacute;mbrico de 60 GHz. Simplemente apunte los dispositivos incluidos el uno al otro y enci&eacute;ndalos, har&aacute; un enlace d&uacute;plex completo de 1 Gbit para reemplazar instant&aacute;neamente su cable. &iexcl;Por eso lo llamamos Wireless Wire! El Wireless Wire hace que el enlace inal&aacute;mbrico AES cifrado a 60 GHz sea seguro y no se vea afectado por el abarrotado espectro WiFi, que ofrece un enlace estable y r&aacute;pido para distancias de 100 metros o m&aacute;s. La caja incluye dos dispositivos wAP60G que ya est&aacute;n emparejados, un kit de montaje en la pared, correas para el montaje en poste y tambi&eacute;n un par de soportes de mesa para usar los dispositivos en interiores.<\/p>\n<table class=\"tabla_caracteristicas k-table\" width=\"100%\">\n<tbody>\n<tr>\n<td><strong>Marca<\/strong><\/td>\n<td>Mikrotik<\/td>\n<\/tr>\n<tr>\n<td valign=\"top\"><strong>Modelo<\/strong><\/td>\n<td><strong>RBwAPG-60ad kit<\/strong><\/td>\n<\/tr>\n<tr>\n<td valign=\"top\"><strong>Caracter&iacute;sticas<\/strong><\/td>\n<td>&#8211; CPU frecuencia nominal: 716 MHz<br \/>&#8211; Tama&ntilde;o de RAM: 256 MB<br \/>&#8211; Puertos Ethernet 10\/100\/1000: 1<br \/>&#8211; Est&aacute;ndares Inal&aacute;mbricos: Built-in 60 GHz 802.11ad<br \/>&#8211; Apertura: 60&ordm;<br \/>&#8211; N&uacute;mero de n&uacute;cleos de CPU: 4<br \/>&#8211; PoE in: S&iacute;<br \/>&#8211; Voltaje de entrada soportados: 12 V &#8211; 57 V<br \/>&#8211; Dimensiones: 185x85x30 mm<br \/>&#8211; Rango de temperatura de funcionamiento: -40 &deg;C&nbsp; +70 &deg;C<br \/>&#8211; Nivel de Licencia RouterOS: 3<br \/>&#8211; Consumo m&aacute;ximo de energ&iacute;a: 5 W<\/td>\n<\/tr>\n<tr>\n<td valign=\"top\"><strong>Folleto t&eacute;cnico<\/strong><\/td>\n<td><a href=\"https:\/\/i.mt.lv\/routerboard\/files\/wAP60-171002111051.pdf\" target=\"_blank\">https:\/\/i.mt.lv\/routerboard\/files\/wAP60-171002111051.pdf<\/a><\/td>\n<\/tr>\n<tr>\n<td><strong>Fecha de revisi&oacute;n<\/strong><\/td>\n<td>27-11-2017 por MSB<\/td>\n<\/tr>\n<\/tbody>\n<\/table>\n","protected":false},"excerpt":{"rendered":"<p>El Wireless Wire es una soluci&oacute;n innovadora que ofrece velocidad y calidad de fibra a bajo coste. Este sorprendente kit reemplaza su cable de ethernet Gigabit con dos dispositivos peque&ntilde;os que se conectan entre s&iacute; a trav&eacute;s de un enlace inal&aacute;mbrico de 60 GHz. Simplemente apunte los dispositivos incluidos el uno al otro y enci&eacute;ndalos,&hellip;&nbsp;<a href=\"https:\/\/aivlisoft.net\/shop\/producto\/mikrotik-rbwapg-60adkit-wireless-wire-60ghz-poe\/\" rel=\"bookmark\"><span class=\"screen-reader-text\">MikroTik RBwAPG-60adkit Wireless Wire 60GHz PoE<\/span><\/a><\/p>\n","protected":false},"featured_media":19528,"template":"","meta":{"neve_meta_sidebar":"","neve_meta_container":"","neve_meta_enable_content_width":"","neve_meta_content_width":0,"neve_meta_title_alignment":"","neve_meta_author_avatar":"","neve_post_elements_order":"","neve_meta_disable_header":"","neve_meta_disable_footer":"","neve_meta_disable_title":""},"product_brand":[],"product_cat":[8770],"product_tag":[7053],"class_list":{"0":"post-19527","1":"product","2":"type-product","3":"status-publish","4":"has-post-thumbnail","6":"product_cat-puntos-de-acceso","7":"product_tag-rbwapg-60adkit","9":"first","10":"instock","11":"taxable","12":"shipping-taxable","13":"purchasable","14":"product-type-simple"},"yoast_head":"<!-- This site is optimized with the Yoast SEO plugin v26.0 - https:\/\/yoast.com\/wordpress\/plugins\/seo\/ -->\n<title>MikroTik RBwAPG-60adkit Wireless Wire 60GHz PoE - Aivlisoft Inform\u00e1tica<\/title>\n<meta name=\"robots\" content=\"index, follow, max-snippet:-1, max-image-preview:large, max-video-preview:-1\" \/>\n<link rel=\"canonical\" href=\"https:\/\/aivlisoft.net\/shop\/producto\/mikrotik-rbwapg-60adkit-wireless-wire-60ghz-poe\/\" \/>\n<meta property=\"og:locale\" content=\"es_ES\" \/>\n<meta property=\"og:type\" content=\"article\" \/>\n<meta property=\"og:title\" content=\"MikroTik RBwAPG-60adkit Wireless Wire 60GHz PoE - Aivlisoft Inform\u00e1tica\" \/>\n<meta property=\"og:description\" content=\"El Wireless Wire es una soluci&oacute;n innovadora que ofrece velocidad y calidad de fibra a bajo coste. Este sorprendente kit reemplaza su cable de ethernet Gigabit con dos dispositivos peque&ntilde;os que se conectan entre s&iacute; a trav&eacute;s de un enlace inal&aacute;mbrico de 60 GHz. Simplemente apunte los dispositivos incluidos el uno al otro y enci&eacute;ndalos,&hellip;&nbsp;MikroTik RBwAPG-60adkit Wireless Wire 60GHz PoE\" \/>\n<meta property=\"og:url\" content=\"https:\/\/aivlisoft.net\/shop\/producto\/mikrotik-rbwapg-60adkit-wireless-wire-60ghz-poe\/\" \/>\n<meta property=\"og:site_name\" content=\"Aivlisoft Inform\u00e1tica\" \/>\n<meta property=\"article:modified_time\" content=\"2025-01-14T11:45:48+00:00\" \/>\n<meta property=\"og:image\" content=\"https:\/\/aivlisoft.net\/shop\/wp-content\/uploads\/2025\/01\/NSWPAC0323_800.jpg\" \/>\n\t<meta property=\"og:image:width\" content=\"800\" \/>\n\t<meta property=\"og:image:height\" content=\"800\" \/>\n\t<meta property=\"og:image:type\" content=\"image\/jpeg\" \/>\n<meta name=\"twitter:card\" content=\"summary_large_image\" \/>\n<meta name=\"twitter:label1\" content=\"Tiempo de lectura\" \/>\n\t<meta name=\"twitter:data1\" content=\"1 minuto\" \/>\n<script type=\"application\/ld+json\" class=\"yoast-schema-graph\">{\"@context\":\"https:\/\/schema.org\",\"@graph\":[{\"@type\":\"WebPage\",\"@id\":\"https:\/\/aivlisoft.net\/shop\/producto\/mikrotik-rbwapg-60adkit-wireless-wire-60ghz-poe\/\",\"url\":\"https:\/\/aivlisoft.net\/shop\/producto\/mikrotik-rbwapg-60adkit-wireless-wire-60ghz-poe\/\",\"name\":\"MikroTik RBwAPG-60adkit Wireless Wire 60GHz PoE - Aivlisoft Inform\u00e1tica\",\"isPartOf\":{\"@id\":\"https:\/\/aivlisoft.net\/shop\/#website\"},\"primaryImageOfPage\":{\"@id\":\"https:\/\/aivlisoft.net\/shop\/producto\/mikrotik-rbwapg-60adkit-wireless-wire-60ghz-poe\/#primaryimage\"},\"image\":{\"@id\":\"https:\/\/aivlisoft.net\/shop\/producto\/mikrotik-rbwapg-60adkit-wireless-wire-60ghz-poe\/#primaryimage\"},\"thumbnailUrl\":\"https:\/\/aivlisoft.net\/shop\/wp-content\/uploads\/2025\/01\/NSWPAC0323_800.jpg\",\"datePublished\":\"2025-01-13T15:33:37+00:00\",\"dateModified\":\"2025-01-14T11:45:48+00:00\",\"breadcrumb\":{\"@id\":\"https:\/\/aivlisoft.net\/shop\/producto\/mikrotik-rbwapg-60adkit-wireless-wire-60ghz-poe\/#breadcrumb\"},\"inLanguage\":\"es\",\"potentialAction\":[{\"@type\":\"ReadAction\",\"target\":[\"https:\/\/aivlisoft.net\/shop\/producto\/mikrotik-rbwapg-60adkit-wireless-wire-60ghz-poe\/\"]}]},{\"@type\":\"ImageObject\",\"inLanguage\":\"es\",\"@id\":\"https:\/\/aivlisoft.net\/shop\/producto\/mikrotik-rbwapg-60adkit-wireless-wire-60ghz-poe\/#primaryimage\",\"url\":\"https:\/\/aivlisoft.net\/shop\/wp-content\/uploads\/2025\/01\/NSWPAC0323_800.jpg\",\"contentUrl\":\"https:\/\/aivlisoft.net\/shop\/wp-content\/uploads\/2025\/01\/NSWPAC0323_800.jpg\",\"width\":800,\"height\":800},{\"@type\":\"BreadcrumbList\",\"@id\":\"https:\/\/aivlisoft.net\/shop\/producto\/mikrotik-rbwapg-60adkit-wireless-wire-60ghz-poe\/#breadcrumb\",\"itemListElement\":[{\"@type\":\"ListItem\",\"position\":1,\"name\":\"Portada\",\"item\":\"https:\/\/aivlisoft.net\/shop\/\"},{\"@type\":\"ListItem\",\"position\":2,\"name\":\"Tienda\",\"item\":\"https:\/\/aivlisoft.net\/shop\/tienda\/\"},{\"@type\":\"ListItem\",\"position\":3,\"name\":\"MikroTik RBwAPG-60adkit Wireless Wire 60GHz PoE\"}]},{\"@type\":\"WebSite\",\"@id\":\"https:\/\/aivlisoft.net\/shop\/#website\",\"url\":\"https:\/\/aivlisoft.net\/shop\/\",\"name\":\"Aivlisoft Inform\u00e1tica\",\"description\":\"En Aivlisoft Inform\u00e1tica ofrecemos soluciones tecnol\u00f3gicas para empresas: venta de ordenadores, consumibles, perif\u00e9ricos y m\u00e1s. Calidad, atenci\u00f3n personalizada y los mejores precios para tu negocio.\",\"publisher\":{\"@id\":\"https:\/\/aivlisoft.net\/shop\/#organization\"},\"potentialAction\":[{\"@type\":\"SearchAction\",\"target\":{\"@type\":\"EntryPoint\",\"urlTemplate\":\"https:\/\/aivlisoft.net\/shop\/?s={search_term_string}\"},\"query-input\":{\"@type\":\"PropertyValueSpecification\",\"valueRequired\":true,\"valueName\":\"search_term_string\"}}],\"inLanguage\":\"es\"},{\"@type\":\"Organization\",\"@id\":\"https:\/\/aivlisoft.net\/shop\/#organization\",\"name\":\"Aivlisoft Inform\u00e1tica\",\"url\":\"https:\/\/aivlisoft.net\/shop\/\",\"logo\":{\"@type\":\"ImageObject\",\"inLanguage\":\"es\",\"@id\":\"https:\/\/aivlisoft.net\/shop\/#\/schema\/logo\/image\/\",\"url\":\"https:\/\/aivlisoft.net\/shop\/wp-content\/uploads\/2024\/12\/removal.ai_5b848c54-0cdf-4140-95c5-c5536bb7573b-logodef.png\",\"contentUrl\":\"https:\/\/aivlisoft.net\/shop\/wp-content\/uploads\/2024\/12\/removal.ai_5b848c54-0cdf-4140-95c5-c5536bb7573b-logodef.png\",\"width\":484,\"height\":182,\"caption\":\"Aivlisoft Inform\u00e1tica\"},\"image\":{\"@id\":\"https:\/\/aivlisoft.net\/shop\/#\/schema\/logo\/image\/\"}}]}<\/script>\n<!-- \/ Yoast SEO plugin. -->","yoast_head_json":{"title":"MikroTik RBwAPG-60adkit Wireless Wire 60GHz PoE - Aivlisoft Inform\u00e1tica","robots":{"index":"index","follow":"follow","max-snippet":"max-snippet:-1","max-image-preview":"max-image-preview:large","max-video-preview":"max-video-preview:-1"},"canonical":"https:\/\/aivlisoft.net\/shop\/producto\/mikrotik-rbwapg-60adkit-wireless-wire-60ghz-poe\/","og_locale":"es_ES","og_type":"article","og_title":"MikroTik RBwAPG-60adkit Wireless Wire 60GHz PoE - Aivlisoft Inform\u00e1tica","og_description":"El Wireless Wire es una soluci&oacute;n innovadora que ofrece velocidad y calidad de fibra a bajo coste. Este sorprendente kit reemplaza su cable de ethernet Gigabit con dos dispositivos peque&ntilde;os que se conectan entre s&iacute; a trav&eacute;s de un enlace inal&aacute;mbrico de 60 GHz. Simplemente apunte los dispositivos incluidos el uno al otro y enci&eacute;ndalos,&hellip;&nbsp;MikroTik RBwAPG-60adkit Wireless Wire 60GHz PoE","og_url":"https:\/\/aivlisoft.net\/shop\/producto\/mikrotik-rbwapg-60adkit-wireless-wire-60ghz-poe\/","og_site_name":"Aivlisoft Inform\u00e1tica","article_modified_time":"2025-01-14T11:45:48+00:00","og_image":[{"width":800,"height":800,"url":"https:\/\/aivlisoft.net\/shop\/wp-content\/uploads\/2025\/01\/NSWPAC0323_800.jpg","type":"image\/jpeg"}],"twitter_card":"summary_large_image","twitter_misc":{"Tiempo de lectura":"1 minuto"},"schema":{"@context":"https:\/\/schema.org","@graph":[{"@type":"WebPage","@id":"https:\/\/aivlisoft.net\/shop\/producto\/mikrotik-rbwapg-60adkit-wireless-wire-60ghz-poe\/","url":"https:\/\/aivlisoft.net\/shop\/producto\/mikrotik-rbwapg-60adkit-wireless-wire-60ghz-poe\/","name":"MikroTik RBwAPG-60adkit Wireless Wire 60GHz PoE - Aivlisoft Inform\u00e1tica","isPartOf":{"@id":"https:\/\/aivlisoft.net\/shop\/#website"},"primaryImageOfPage":{"@id":"https:\/\/aivlisoft.net\/shop\/producto\/mikrotik-rbwapg-60adkit-wireless-wire-60ghz-poe\/#primaryimage"},"image":{"@id":"https:\/\/aivlisoft.net\/shop\/producto\/mikrotik-rbwapg-60adkit-wireless-wire-60ghz-poe\/#primaryimage"},"thumbnailUrl":"https:\/\/aivlisoft.net\/shop\/wp-content\/uploads\/2025\/01\/NSWPAC0323_800.jpg","datePublished":"2025-01-13T15:33:37+00:00","dateModified":"2025-01-14T11:45:48+00:00","breadcrumb":{"@id":"https:\/\/aivlisoft.net\/shop\/producto\/mikrotik-rbwapg-60adkit-wireless-wire-60ghz-poe\/#breadcrumb"},"inLanguage":"es","potentialAction":[{"@type":"ReadAction","target":["https:\/\/aivlisoft.net\/shop\/producto\/mikrotik-rbwapg-60adkit-wireless-wire-60ghz-poe\/"]}]},{"@type":"ImageObject","inLanguage":"es","@id":"https:\/\/aivlisoft.net\/shop\/producto\/mikrotik-rbwapg-60adkit-wireless-wire-60ghz-poe\/#primaryimage","url":"https:\/\/aivlisoft.net\/shop\/wp-content\/uploads\/2025\/01\/NSWPAC0323_800.jpg","contentUrl":"https:\/\/aivlisoft.net\/shop\/wp-content\/uploads\/2025\/01\/NSWPAC0323_800.jpg","width":800,"height":800},{"@type":"BreadcrumbList","@id":"https:\/\/aivlisoft.net\/shop\/producto\/mikrotik-rbwapg-60adkit-wireless-wire-60ghz-poe\/#breadcrumb","itemListElement":[{"@type":"ListItem","position":1,"name":"Portada","item":"https:\/\/aivlisoft.net\/shop\/"},{"@type":"ListItem","position":2,"name":"Tienda","item":"https:\/\/aivlisoft.net\/shop\/tienda\/"},{"@type":"ListItem","position":3,"name":"MikroTik RBwAPG-60adkit Wireless Wire 60GHz PoE"}]},{"@type":"WebSite","@id":"https:\/\/aivlisoft.net\/shop\/#website","url":"https:\/\/aivlisoft.net\/shop\/","name":"Aivlisoft Inform\u00e1tica","description":"En Aivlisoft Inform\u00e1tica ofrecemos soluciones tecnol\u00f3gicas para empresas: venta de ordenadores, consumibles, perif\u00e9ricos y m\u00e1s. Calidad, atenci\u00f3n personalizada y los mejores precios para tu negocio.","publisher":{"@id":"https:\/\/aivlisoft.net\/shop\/#organization"},"potentialAction":[{"@type":"SearchAction","target":{"@type":"EntryPoint","urlTemplate":"https:\/\/aivlisoft.net\/shop\/?s={search_term_string}"},"query-input":{"@type":"PropertyValueSpecification","valueRequired":true,"valueName":"search_term_string"}}],"inLanguage":"es"},{"@type":"Organization","@id":"https:\/\/aivlisoft.net\/shop\/#organization","name":"Aivlisoft Inform\u00e1tica","url":"https:\/\/aivlisoft.net\/shop\/","logo":{"@type":"ImageObject","inLanguage":"es","@id":"https:\/\/aivlisoft.net\/shop\/#\/schema\/logo\/image\/","url":"https:\/\/aivlisoft.net\/shop\/wp-content\/uploads\/2024\/12\/removal.ai_5b848c54-0cdf-4140-95c5-c5536bb7573b-logodef.png","contentUrl":"https:\/\/aivlisoft.net\/shop\/wp-content\/uploads\/2024\/12\/removal.ai_5b848c54-0cdf-4140-95c5-c5536bb7573b-logodef.png","width":484,"height":182,"caption":"Aivlisoft Inform\u00e1tica"},"image":{"@id":"https:\/\/aivlisoft.net\/shop\/#\/schema\/logo\/image\/"}}]}},"_links":{"self":[{"href":"https:\/\/aivlisoft.net\/shop\/wp-json\/wp\/v2\/product\/19527","targetHints":{"allow":["GET"]}}],"collection":[{"href":"https:\/\/aivlisoft.net\/shop\/wp-json\/wp\/v2\/product"}],"about":[{"href":"https:\/\/aivlisoft.net\/shop\/wp-json\/wp\/v2\/types\/product"}],"wp:featuredmedia":[{"embeddable":true,"href":"https:\/\/aivlisoft.net\/shop\/wp-json\/wp\/v2\/media\/19528"}],"wp:attachment":[{"href":"https:\/\/aivlisoft.net\/shop\/wp-json\/wp\/v2\/media?parent=19527"}],"wp:term":[{"taxonomy":"product_brand","embeddable":true,"href":"https:\/\/aivlisoft.net\/shop\/wp-json\/wp\/v2\/product_brand?post=19527"},{"taxonomy":"product_cat","embeddable":true,"href":"https:\/\/aivlisoft.net\/shop\/wp-json\/wp\/v2\/product_cat?post=19527"},{"taxonomy":"product_tag","embeddable":true,"href":"https:\/\/aivlisoft.net\/shop\/wp-json\/wp\/v2\/product_tag?post=19527"}],"curies":[{"name":"wp","href":"https:\/\/api.w.org\/{rel}","templated":true}]}}