{"id":19522,"date":"2025-01-13T15:33:34","date_gmt":"2025-01-13T15:33:34","guid":{"rendered":"https:\/\/aivlisoft.com\/?post_type=product&#038;p=19522"},"modified":"2025-01-14T11:45:47","modified_gmt":"2025-01-14T11:45:47","slug":"mikrotik-rbsxtsq5nd-sxtsq-lite5-5ghz-16dbi-l3","status":"publish","type":"product","link":"https:\/\/aivlisoft.net\/shop\/producto\/mikrotik-rbsxtsq5nd-sxtsq-lite5-5ghz-16dbi-l3\/","title":{"rendered":"MikroTik RBSXTsq5nD SXTsq Lite5 5GHz 16dBi L3"},"content":{"rendered":"<p>El SXTsq Lite5 es un dispositivo inal&aacute;mbrico de exterior compacto y liviano con una antena integrada. Perfecto para enlaces punto a punto de hasta 12 kil&oacute;metros o como una unidad CPE. Es compacto, resistente a la intemperie y f&aacute;cil de montar. El SXTsq Lite5 contiene una antena de 16dBi como el SXT Lite5, nuestro modelo anterior, sin embargo, el dise&ntilde;o de la antena se ha mejorado y el tama&ntilde;o f&iacute;sico se ha reducido dr&aacute;sticamente: el SXTsq es dos veces m&aacute;s delgado, puedes comprobarlo en una de las im&aacute;genes.<\/p>\n<p>El dispositivo puede montarse en m&aacute;stiles y postes horizontales y verticales, pero para una alineaci&oacute;n precisa dispones del QuickMount Pro (QMP) que permite ajustar en todos los &aacute;ngulos. (No incluido).<\/p>\n<table class=\"tabla_caracteristicas k-table\" width=\"100%\">\n<tr>\n<td><strong>Marca<\/strong><\/td>\n<td>Mikrotik<\/td>\n<\/tr>\n<tr>\n<td valign=\"top\"><strong>Modelo<\/strong><\/td>\n<td><strong>RBSXTsq5nD<\/strong><\/td>\n<\/tr>\n<tr>\n<td valign=\"top\"><strong>Caracter&iacute;sticas<\/strong><\/td>\n<td>&#8211; CPU: AR9344<br \/>\t\t\t&#8211; N&uacute;mero de n&uacute;cleos de CPU: 1<br \/>\t\t\t&#8211; Frecuencia nominal de la CPU: 600 MHz<br \/>\t\t\t&#8211; Dimensiones: 129 x 129 x 34mm<br \/>\t\t\t&#8211; Licencia de RouterOS: 3<br \/>\t\t\t&#8211; Sistema operativo: RouterOS<br \/>\t\t\t&#8211; Tama&ntilde;o de RAM: 64 MB<br \/>\t\t\t&#8211; Tama&ntilde;o de almacenamiento: 16 MB<br \/>\t\t\t&#8211; Tipo de almacenamiento: FLASH<br \/>\t\t\t&#8211; MTBF: Aproximadamente 100.000 horas a 25 &deg; C<br \/>\t\t\t&#8211; Temperatura ambiente probada: -40 &deg; C a 70 &deg; C<\/td>\n<\/tr>\n<tr>\n<td valign=\"top\">\n<div><strong>Caracter&iacute;sticas<br \/>\t\t\tadicionales<\/strong><\/div>\n<\/td>\n<td><strong>Alimentaci&oacute;n<\/strong><br \/>\t\t\t&#8211; N&uacute;mero de entradas de CC: 1 (PoE-IN)<br \/>\t\t\t&#8211; Consumo m&aacute;ximo de energ&iacute;a: 6 W<br \/>\t\t\t&#8211; Entrada PoE: PoE pasivo<br \/>\t\t\t&#8211; Voltaje de entrada PoE: 10-30 V<br \/>\t\t\t<strong>Inal&aacute;mbricas<\/strong><br \/>\t\t\t&#8211; Velocidad m&aacute;xima de datos inal&aacute;mbrica de 5 GHz: 300 Mbit \/ s<br \/>\t\t\t&#8211; N&uacute;mero de cadenas inal&aacute;mbricas de 5 GHz: 2<br \/>\t\t\t&#8211; Est&aacute;ndares inal&aacute;mbricos de 5 GHz: 802.11a \/ n<br \/>\t\t\t&#8211; Ganancia de antena dBi para 5 GHz: 16<br \/>\t\t\t&#8211; Modelo de chip inal&aacute;mbrico de 5 GHz: AR9344<br \/>\t\t\t&#8211; Generaci&oacute;n inal&aacute;mbrica de 5 GHz: Wi-Fi 4<br \/>\t\t\t<strong>Ethernet<\/strong><br \/>\t\t\t&#8211; Puertos Ethernet 10\/100: 1<br \/>\t\t\t<strong>Certificaciones y aprobaciones<\/strong><br \/>\t\t\t&#8211; Certificaci&oacute;n: CE, FCC, IC, EAC, ROHS<br \/>\t\t\t&#8211; IP: IP54<\/td>\n<\/tr>\n<tr>\n<td valign=\"top\"><strong>Folleto t&eacute;cnico<\/strong><\/td>\n<td>&#8211; <a href=\"https:\/\/i.mt.lv\/cdn\/product_files\/SXTsq_Lite5_170950.pdf\" target=\"_blank\">https:\/\/i.mt.lv\/cdn\/product_files\/SXTsq_Lite5_170950.pdf<\/a><\/td>\n<\/tr>\n<tr>\n<td><strong>Fecha de revisi&oacute;n<\/strong><\/td>\n<td>09-07-2021 por MSB<\/td>\n<\/tr>\n<\/table>\n","protected":false},"excerpt":{"rendered":"<p>El SXTsq Lite5 es un dispositivo inal&aacute;mbrico de exterior compacto y liviano con una antena integrada. Perfecto para enlaces punto a punto de hasta 12 kil&oacute;metros o como una unidad CPE. Es compacto, resistente a la intemperie y f&aacute;cil de montar. El SXTsq Lite5 contiene una antena de 16dBi como el SXT Lite5, nuestro modelo&hellip;&nbsp;<a href=\"https:\/\/aivlisoft.net\/shop\/producto\/mikrotik-rbsxtsq5nd-sxtsq-lite5-5ghz-16dbi-l3\/\" rel=\"bookmark\"><span class=\"screen-reader-text\">MikroTik RBSXTsq5nD SXTsq Lite5 5GHz 16dBi L3<\/span><\/a><\/p>\n","protected":false},"featured_media":19523,"template":"","meta":{"neve_meta_sidebar":"","neve_meta_container":"","neve_meta_enable_content_width":"","neve_meta_content_width":0,"neve_meta_title_alignment":"","neve_meta_author_avatar":"","neve_post_elements_order":"","neve_meta_disable_header":"","neve_meta_disable_footer":"","neve_meta_disable_title":""},"product_brand":[],"product_cat":[8770],"product_tag":[7052],"class_list":{"0":"post-19522","1":"product","2":"type-product","3":"status-publish","4":"has-post-thumbnail","6":"product_cat-puntos-de-acceso","7":"product_tag-rbsxtsq5nd","9":"first","10":"instock","11":"taxable","12":"shipping-taxable","13":"purchasable","14":"product-type-simple"},"yoast_head":"<!-- This site is optimized with the Yoast SEO plugin v26.0 - https:\/\/yoast.com\/wordpress\/plugins\/seo\/ -->\n<title>MikroTik RBSXTsq5nD SXTsq Lite5 5GHz 16dBi L3 - Aivlisoft Inform\u00e1tica<\/title>\n<meta name=\"robots\" content=\"index, follow, max-snippet:-1, max-image-preview:large, max-video-preview:-1\" \/>\n<link rel=\"canonical\" href=\"https:\/\/aivlisoft.net\/shop\/producto\/mikrotik-rbsxtsq5nd-sxtsq-lite5-5ghz-16dbi-l3\/\" \/>\n<meta property=\"og:locale\" content=\"es_ES\" \/>\n<meta property=\"og:type\" content=\"article\" \/>\n<meta property=\"og:title\" content=\"MikroTik RBSXTsq5nD SXTsq Lite5 5GHz 16dBi L3 - Aivlisoft Inform\u00e1tica\" \/>\n<meta property=\"og:description\" content=\"El SXTsq Lite5 es un dispositivo inal&aacute;mbrico de exterior compacto y liviano con una antena integrada. Perfecto para enlaces punto a punto de hasta 12 kil&oacute;metros o como una unidad CPE. Es compacto, resistente a la intemperie y f&aacute;cil de montar. El SXTsq Lite5 contiene una antena de 16dBi como el SXT Lite5, nuestro modelo&hellip;&nbsp;MikroTik RBSXTsq5nD SXTsq Lite5 5GHz 16dBi L3\" \/>\n<meta property=\"og:url\" content=\"https:\/\/aivlisoft.net\/shop\/producto\/mikrotik-rbsxtsq5nd-sxtsq-lite5-5ghz-16dbi-l3\/\" \/>\n<meta property=\"og:site_name\" content=\"Aivlisoft Inform\u00e1tica\" \/>\n<meta property=\"article:modified_time\" content=\"2025-01-14T11:45:47+00:00\" \/>\n<meta property=\"og:image\" content=\"https:\/\/aivlisoft.net\/shop\/wp-content\/uploads\/2025\/01\/NSWPAC0318_800.jpg\" \/>\n\t<meta property=\"og:image:width\" content=\"800\" \/>\n\t<meta property=\"og:image:height\" content=\"800\" \/>\n\t<meta property=\"og:image:type\" content=\"image\/jpeg\" \/>\n<meta name=\"twitter:card\" content=\"summary_large_image\" \/>\n<meta name=\"twitter:label1\" content=\"Tiempo de lectura\" \/>\n\t<meta name=\"twitter:data1\" content=\"2 minutos\" \/>\n<script type=\"application\/ld+json\" class=\"yoast-schema-graph\">{\"@context\":\"https:\/\/schema.org\",\"@graph\":[{\"@type\":\"WebPage\",\"@id\":\"https:\/\/aivlisoft.net\/shop\/producto\/mikrotik-rbsxtsq5nd-sxtsq-lite5-5ghz-16dbi-l3\/\",\"url\":\"https:\/\/aivlisoft.net\/shop\/producto\/mikrotik-rbsxtsq5nd-sxtsq-lite5-5ghz-16dbi-l3\/\",\"name\":\"MikroTik RBSXTsq5nD SXTsq Lite5 5GHz 16dBi L3 - Aivlisoft Inform\u00e1tica\",\"isPartOf\":{\"@id\":\"https:\/\/aivlisoft.net\/shop\/#website\"},\"primaryImageOfPage\":{\"@id\":\"https:\/\/aivlisoft.net\/shop\/producto\/mikrotik-rbsxtsq5nd-sxtsq-lite5-5ghz-16dbi-l3\/#primaryimage\"},\"image\":{\"@id\":\"https:\/\/aivlisoft.net\/shop\/producto\/mikrotik-rbsxtsq5nd-sxtsq-lite5-5ghz-16dbi-l3\/#primaryimage\"},\"thumbnailUrl\":\"https:\/\/aivlisoft.net\/shop\/wp-content\/uploads\/2025\/01\/NSWPAC0318_800.jpg\",\"datePublished\":\"2025-01-13T15:33:34+00:00\",\"dateModified\":\"2025-01-14T11:45:47+00:00\",\"breadcrumb\":{\"@id\":\"https:\/\/aivlisoft.net\/shop\/producto\/mikrotik-rbsxtsq5nd-sxtsq-lite5-5ghz-16dbi-l3\/#breadcrumb\"},\"inLanguage\":\"es\",\"potentialAction\":[{\"@type\":\"ReadAction\",\"target\":[\"https:\/\/aivlisoft.net\/shop\/producto\/mikrotik-rbsxtsq5nd-sxtsq-lite5-5ghz-16dbi-l3\/\"]}]},{\"@type\":\"ImageObject\",\"inLanguage\":\"es\",\"@id\":\"https:\/\/aivlisoft.net\/shop\/producto\/mikrotik-rbsxtsq5nd-sxtsq-lite5-5ghz-16dbi-l3\/#primaryimage\",\"url\":\"https:\/\/aivlisoft.net\/shop\/wp-content\/uploads\/2025\/01\/NSWPAC0318_800.jpg\",\"contentUrl\":\"https:\/\/aivlisoft.net\/shop\/wp-content\/uploads\/2025\/01\/NSWPAC0318_800.jpg\",\"width\":800,\"height\":800},{\"@type\":\"BreadcrumbList\",\"@id\":\"https:\/\/aivlisoft.net\/shop\/producto\/mikrotik-rbsxtsq5nd-sxtsq-lite5-5ghz-16dbi-l3\/#breadcrumb\",\"itemListElement\":[{\"@type\":\"ListItem\",\"position\":1,\"name\":\"Portada\",\"item\":\"https:\/\/aivlisoft.net\/shop\/\"},{\"@type\":\"ListItem\",\"position\":2,\"name\":\"Tienda\",\"item\":\"https:\/\/aivlisoft.net\/shop\/tienda\/\"},{\"@type\":\"ListItem\",\"position\":3,\"name\":\"MikroTik RBSXTsq5nD SXTsq Lite5 5GHz 16dBi L3\"}]},{\"@type\":\"WebSite\",\"@id\":\"https:\/\/aivlisoft.net\/shop\/#website\",\"url\":\"https:\/\/aivlisoft.net\/shop\/\",\"name\":\"Aivlisoft Inform\u00e1tica\",\"description\":\"En Aivlisoft Inform\u00e1tica ofrecemos soluciones tecnol\u00f3gicas para empresas: venta de ordenadores, consumibles, perif\u00e9ricos y m\u00e1s. Calidad, atenci\u00f3n personalizada y los mejores precios para tu negocio.\",\"publisher\":{\"@id\":\"https:\/\/aivlisoft.net\/shop\/#organization\"},\"potentialAction\":[{\"@type\":\"SearchAction\",\"target\":{\"@type\":\"EntryPoint\",\"urlTemplate\":\"https:\/\/aivlisoft.net\/shop\/?s={search_term_string}\"},\"query-input\":{\"@type\":\"PropertyValueSpecification\",\"valueRequired\":true,\"valueName\":\"search_term_string\"}}],\"inLanguage\":\"es\"},{\"@type\":\"Organization\",\"@id\":\"https:\/\/aivlisoft.net\/shop\/#organization\",\"name\":\"Aivlisoft Inform\u00e1tica\",\"url\":\"https:\/\/aivlisoft.net\/shop\/\",\"logo\":{\"@type\":\"ImageObject\",\"inLanguage\":\"es\",\"@id\":\"https:\/\/aivlisoft.net\/shop\/#\/schema\/logo\/image\/\",\"url\":\"https:\/\/aivlisoft.net\/shop\/wp-content\/uploads\/2024\/12\/removal.ai_5b848c54-0cdf-4140-95c5-c5536bb7573b-logodef.png\",\"contentUrl\":\"https:\/\/aivlisoft.net\/shop\/wp-content\/uploads\/2024\/12\/removal.ai_5b848c54-0cdf-4140-95c5-c5536bb7573b-logodef.png\",\"width\":484,\"height\":182,\"caption\":\"Aivlisoft Inform\u00e1tica\"},\"image\":{\"@id\":\"https:\/\/aivlisoft.net\/shop\/#\/schema\/logo\/image\/\"}}]}<\/script>\n<!-- \/ Yoast SEO plugin. -->","yoast_head_json":{"title":"MikroTik RBSXTsq5nD SXTsq Lite5 5GHz 16dBi L3 - Aivlisoft Inform\u00e1tica","robots":{"index":"index","follow":"follow","max-snippet":"max-snippet:-1","max-image-preview":"max-image-preview:large","max-video-preview":"max-video-preview:-1"},"canonical":"https:\/\/aivlisoft.net\/shop\/producto\/mikrotik-rbsxtsq5nd-sxtsq-lite5-5ghz-16dbi-l3\/","og_locale":"es_ES","og_type":"article","og_title":"MikroTik RBSXTsq5nD SXTsq Lite5 5GHz 16dBi L3 - Aivlisoft Inform\u00e1tica","og_description":"El SXTsq Lite5 es un dispositivo inal&aacute;mbrico de exterior compacto y liviano con una antena integrada. Perfecto para enlaces punto a punto de hasta 12 kil&oacute;metros o como una unidad CPE. Es compacto, resistente a la intemperie y f&aacute;cil de montar. El SXTsq Lite5 contiene una antena de 16dBi como el SXT Lite5, nuestro modelo&hellip;&nbsp;MikroTik RBSXTsq5nD SXTsq Lite5 5GHz 16dBi L3","og_url":"https:\/\/aivlisoft.net\/shop\/producto\/mikrotik-rbsxtsq5nd-sxtsq-lite5-5ghz-16dbi-l3\/","og_site_name":"Aivlisoft Inform\u00e1tica","article_modified_time":"2025-01-14T11:45:47+00:00","og_image":[{"width":800,"height":800,"url":"https:\/\/aivlisoft.net\/shop\/wp-content\/uploads\/2025\/01\/NSWPAC0318_800.jpg","type":"image\/jpeg"}],"twitter_card":"summary_large_image","twitter_misc":{"Tiempo de lectura":"2 minutos"},"schema":{"@context":"https:\/\/schema.org","@graph":[{"@type":"WebPage","@id":"https:\/\/aivlisoft.net\/shop\/producto\/mikrotik-rbsxtsq5nd-sxtsq-lite5-5ghz-16dbi-l3\/","url":"https:\/\/aivlisoft.net\/shop\/producto\/mikrotik-rbsxtsq5nd-sxtsq-lite5-5ghz-16dbi-l3\/","name":"MikroTik RBSXTsq5nD SXTsq Lite5 5GHz 16dBi L3 - Aivlisoft Inform\u00e1tica","isPartOf":{"@id":"https:\/\/aivlisoft.net\/shop\/#website"},"primaryImageOfPage":{"@id":"https:\/\/aivlisoft.net\/shop\/producto\/mikrotik-rbsxtsq5nd-sxtsq-lite5-5ghz-16dbi-l3\/#primaryimage"},"image":{"@id":"https:\/\/aivlisoft.net\/shop\/producto\/mikrotik-rbsxtsq5nd-sxtsq-lite5-5ghz-16dbi-l3\/#primaryimage"},"thumbnailUrl":"https:\/\/aivlisoft.net\/shop\/wp-content\/uploads\/2025\/01\/NSWPAC0318_800.jpg","datePublished":"2025-01-13T15:33:34+00:00","dateModified":"2025-01-14T11:45:47+00:00","breadcrumb":{"@id":"https:\/\/aivlisoft.net\/shop\/producto\/mikrotik-rbsxtsq5nd-sxtsq-lite5-5ghz-16dbi-l3\/#breadcrumb"},"inLanguage":"es","potentialAction":[{"@type":"ReadAction","target":["https:\/\/aivlisoft.net\/shop\/producto\/mikrotik-rbsxtsq5nd-sxtsq-lite5-5ghz-16dbi-l3\/"]}]},{"@type":"ImageObject","inLanguage":"es","@id":"https:\/\/aivlisoft.net\/shop\/producto\/mikrotik-rbsxtsq5nd-sxtsq-lite5-5ghz-16dbi-l3\/#primaryimage","url":"https:\/\/aivlisoft.net\/shop\/wp-content\/uploads\/2025\/01\/NSWPAC0318_800.jpg","contentUrl":"https:\/\/aivlisoft.net\/shop\/wp-content\/uploads\/2025\/01\/NSWPAC0318_800.jpg","width":800,"height":800},{"@type":"BreadcrumbList","@id":"https:\/\/aivlisoft.net\/shop\/producto\/mikrotik-rbsxtsq5nd-sxtsq-lite5-5ghz-16dbi-l3\/#breadcrumb","itemListElement":[{"@type":"ListItem","position":1,"name":"Portada","item":"https:\/\/aivlisoft.net\/shop\/"},{"@type":"ListItem","position":2,"name":"Tienda","item":"https:\/\/aivlisoft.net\/shop\/tienda\/"},{"@type":"ListItem","position":3,"name":"MikroTik RBSXTsq5nD SXTsq Lite5 5GHz 16dBi L3"}]},{"@type":"WebSite","@id":"https:\/\/aivlisoft.net\/shop\/#website","url":"https:\/\/aivlisoft.net\/shop\/","name":"Aivlisoft Inform\u00e1tica","description":"En Aivlisoft Inform\u00e1tica ofrecemos soluciones tecnol\u00f3gicas para empresas: venta de ordenadores, consumibles, perif\u00e9ricos y m\u00e1s. Calidad, atenci\u00f3n personalizada y los mejores precios para tu negocio.","publisher":{"@id":"https:\/\/aivlisoft.net\/shop\/#organization"},"potentialAction":[{"@type":"SearchAction","target":{"@type":"EntryPoint","urlTemplate":"https:\/\/aivlisoft.net\/shop\/?s={search_term_string}"},"query-input":{"@type":"PropertyValueSpecification","valueRequired":true,"valueName":"search_term_string"}}],"inLanguage":"es"},{"@type":"Organization","@id":"https:\/\/aivlisoft.net\/shop\/#organization","name":"Aivlisoft Inform\u00e1tica","url":"https:\/\/aivlisoft.net\/shop\/","logo":{"@type":"ImageObject","inLanguage":"es","@id":"https:\/\/aivlisoft.net\/shop\/#\/schema\/logo\/image\/","url":"https:\/\/aivlisoft.net\/shop\/wp-content\/uploads\/2024\/12\/removal.ai_5b848c54-0cdf-4140-95c5-c5536bb7573b-logodef.png","contentUrl":"https:\/\/aivlisoft.net\/shop\/wp-content\/uploads\/2024\/12\/removal.ai_5b848c54-0cdf-4140-95c5-c5536bb7573b-logodef.png","width":484,"height":182,"caption":"Aivlisoft Inform\u00e1tica"},"image":{"@id":"https:\/\/aivlisoft.net\/shop\/#\/schema\/logo\/image\/"}}]}},"_links":{"self":[{"href":"https:\/\/aivlisoft.net\/shop\/wp-json\/wp\/v2\/product\/19522","targetHints":{"allow":["GET"]}}],"collection":[{"href":"https:\/\/aivlisoft.net\/shop\/wp-json\/wp\/v2\/product"}],"about":[{"href":"https:\/\/aivlisoft.net\/shop\/wp-json\/wp\/v2\/types\/product"}],"wp:featuredmedia":[{"embeddable":true,"href":"https:\/\/aivlisoft.net\/shop\/wp-json\/wp\/v2\/media\/19523"}],"wp:attachment":[{"href":"https:\/\/aivlisoft.net\/shop\/wp-json\/wp\/v2\/media?parent=19522"}],"wp:term":[{"taxonomy":"product_brand","embeddable":true,"href":"https:\/\/aivlisoft.net\/shop\/wp-json\/wp\/v2\/product_brand?post=19522"},{"taxonomy":"product_cat","embeddable":true,"href":"https:\/\/aivlisoft.net\/shop\/wp-json\/wp\/v2\/product_cat?post=19522"},{"taxonomy":"product_tag","embeddable":true,"href":"https:\/\/aivlisoft.net\/shop\/wp-json\/wp\/v2\/product_tag?post=19522"}],"curies":[{"name":"wp","href":"https:\/\/api.w.org\/{rel}","templated":true}]}}