{"id":19514,"date":"2025-01-13T15:33:27","date_gmt":"2025-01-13T15:33:27","guid":{"rendered":"https:\/\/aivlisoft.com\/?post_type=product&#038;p=19514"},"modified":"2025-01-14T11:45:41","modified_gmt":"2025-01-14T11:45:41","slug":"ubiquiti-unifi-ac-in-wall-uap-ac-iw-dual-band-pack","status":"publish","type":"product","link":"https:\/\/aivlisoft.net\/shop\/producto\/ubiquiti-unifi-ac-in-wall-uap-ac-iw-dual-band-pack\/","title":{"rendered":"Ubiquiti UniFi AC In-Wall UAP-AC-IW Dual Band Pack"},"content":{"rendered":"<p>El UniFi UAP-AC-IW convierte una conexi&oacute;n ethernet de pared en un punto de acceso dual-band 802.11ac. El equipo cuenta con 2 bocas RJ45, una de ellas proporciona alimentaci&oacute;n PoE.<br \/>UniFi es la soluci&oacute;n WiFi escalable para empresas, f&aacute;cil de implementar y administrar. El punto de acceso tiene un dise&ntilde;o elegante y se puede colocar f&aacute;cilmente en una placa del techo o en la pared, utilizando para ello el hardware de montaje incluido. Se alimenta a trav&eacute;s del adaptador Ethernet incluido, que permite suministrar energ&iacute;a y datos a trav&eacute;s de un &uacute;nico cable.<\/p>\n<p>El sistema WiFi UniFi incluye un potente software de control. El software se instala en cualquier PC dentro de la red y es f&aacute;cilmente accesible a trav&eacute;s de cualquier navegador web. A trav&eacute;s del software de control de Unifi, la red empresarial Wi-Fi puede ser configurada y administrada sin ning&uacute;n entrenamiento especial. Funciones avanzadas como la consulta del estado del dispositivo en tiempo real, detecci&oacute;n autom&aacute;tica de dispositivos Unifi, carga del mapa de ubicaci&oacute;n de los equipos y las opciones de seguridad est&aacute;n perfectamente integradas.<br \/>Ahorre tiempo y dinero.<\/p>\n<p>A diferencia de los sistemas Wi-Fi empresariales que requieren de hardware adicional, Unifi dispone del modo cliente \/ servidor que requiere un coste cero y sin necesidad de hardware adicional.<br \/>Software Intuitivo<\/p>\n<p>Instale, configure, y gestione todos sus Puntos de Acceso UniFi a trav&eacute;s del intuitivo y sencillo Interface de usuario de UniFi.<\/p>\n<table class=\"tabla_caracteristicas k-table\" width=\"100%\">\n<tbody>\n<tr>\n<td><strong>Marca<\/strong><\/td>\n<td>Ubiquiti<\/td>\n<\/tr>\n<tr>\n<td valign=\"top\"><strong>Modelo<\/strong><\/td>\n<td><strong>UAP-AC-IW-5<\/strong><\/td>\n<\/tr>\n<tr>\n<td valign=\"top\"><strong>Caracteristicas<\/strong><\/td>\n<td>&#8211; Dimensiones 139.7 x 86.7 x 25.75 mm<br \/>&#8211; Peso 200<br \/>&#8211; Interfaz 3 x puertos Ethernet 10\/100\/1000<br \/>&#8211; Botones Reset<br \/>&#8211; Wi-Fi est&aacute;ndares 802.11 b \/ g \/ n (2.4GHz)<br \/>&#8211; M&eacute;todo de alimentaci&oacute;n PoE pasivo (48V) y 802.3at. Rango de voltaje soportado 44 a 57V VDC)<br \/>&#8211; Fuente de alimentaci&oacute;n Unifi Switch (PoE)<br \/>&#8211; PoE Out 48V Pass-Through (Pins 1, 2+; 3, 6-)<br \/>&#8211; Max. Consumo de energ&iacute;a 7W<br \/>&#8211; Potencia m&aacute;xima de emision 2.4GHz (20dBm), 5GHz (20dBm)<br \/>&#8211; Antenas integradas 1dBi (2.4GHz), 2dBi (5GHz)<br \/>&#8211; BSSID hasta cuatro por Radio<br \/>&#8211; Ahorro de energ&iacute;a compatible<br \/>&#8211; Seguridad inal&aacute;mbrica WEP, WPA-PSK, WPA-TKIP, WPA2 AES, 802.11i<br \/>&#8211; Certificaciones CE, FCC, IC<br \/>&#8211; Temperatura de funcionamiento -10 a 50 &deg; C<br \/>&#8211; Humedad de funcionamiento 5 &#8211; 95% sin condensaci&oacute;n<br \/>&#8211; VLAN 802.1Q<br \/>&#8211; QoS Limite de ancho de banda por cliente<br \/>&#8211; Guest Traffic Isolation<\/td>\n<\/tr>\n<tr>\n<td><strong>Fecha de revisi&oacute;n<\/strong><\/td>\n<td>30-06-2017 por MSB<\/td>\n<\/tr>\n<\/tbody>\n<\/table>\n","protected":false},"excerpt":{"rendered":"<p>El UniFi UAP-AC-IW convierte una conexi&oacute;n ethernet de pared en un punto de acceso dual-band 802.11ac. El equipo cuenta con 2 bocas RJ45, una de ellas proporciona alimentaci&oacute;n PoE.UniFi es la soluci&oacute;n WiFi escalable para empresas, f&aacute;cil de implementar y administrar. El punto de acceso tiene un dise&ntilde;o elegante y se puede colocar f&aacute;cilmente en&hellip;&nbsp;<a href=\"https:\/\/aivlisoft.net\/shop\/producto\/ubiquiti-unifi-ac-in-wall-uap-ac-iw-dual-band-pack\/\" rel=\"bookmark\"><span class=\"screen-reader-text\">Ubiquiti UniFi AC In-Wall UAP-AC-IW Dual Band Pack<\/span><\/a><\/p>\n","protected":false},"featured_media":19515,"template":"","meta":{"neve_meta_sidebar":"","neve_meta_container":"","neve_meta_enable_content_width":"","neve_meta_content_width":0,"neve_meta_title_alignment":"","neve_meta_author_avatar":"","neve_post_elements_order":"","neve_meta_disable_header":"","neve_meta_disable_footer":"","neve_meta_disable_title":""},"product_brand":[],"product_cat":[8770],"product_tag":[7048],"class_list":{"0":"post-19514","1":"product","2":"type-product","3":"status-publish","4":"has-post-thumbnail","6":"product_cat-puntos-de-acceso","7":"product_tag-uap-ac-iw-5","9":"first","10":"instock","11":"taxable","12":"shipping-taxable","13":"purchasable","14":"product-type-simple"},"yoast_head":"<!-- This site is optimized with the Yoast SEO plugin v26.0 - https:\/\/yoast.com\/wordpress\/plugins\/seo\/ -->\n<title>Ubiquiti UniFi AC In-Wall UAP-AC-IW Dual Band Pack - Aivlisoft Inform\u00e1tica<\/title>\n<meta name=\"robots\" content=\"index, follow, max-snippet:-1, max-image-preview:large, max-video-preview:-1\" \/>\n<link rel=\"canonical\" href=\"https:\/\/aivlisoft.net\/shop\/producto\/ubiquiti-unifi-ac-in-wall-uap-ac-iw-dual-band-pack\/\" \/>\n<meta property=\"og:locale\" content=\"es_ES\" \/>\n<meta property=\"og:type\" content=\"article\" \/>\n<meta property=\"og:title\" content=\"Ubiquiti UniFi AC In-Wall UAP-AC-IW Dual Band Pack - Aivlisoft Inform\u00e1tica\" \/>\n<meta property=\"og:description\" content=\"El UniFi UAP-AC-IW convierte una conexi&oacute;n ethernet de pared en un punto de acceso dual-band 802.11ac. El equipo cuenta con 2 bocas RJ45, una de ellas proporciona alimentaci&oacute;n PoE.UniFi es la soluci&oacute;n WiFi escalable para empresas, f&aacute;cil de implementar y administrar. El punto de acceso tiene un dise&ntilde;o elegante y se puede colocar f&aacute;cilmente en&hellip;&nbsp;Ubiquiti UniFi AC In-Wall UAP-AC-IW Dual Band Pack\" \/>\n<meta property=\"og:url\" content=\"https:\/\/aivlisoft.net\/shop\/producto\/ubiquiti-unifi-ac-in-wall-uap-ac-iw-dual-band-pack\/\" \/>\n<meta property=\"og:site_name\" content=\"Aivlisoft Inform\u00e1tica\" \/>\n<meta property=\"article:modified_time\" content=\"2025-01-14T11:45:41+00:00\" \/>\n<meta property=\"og:image\" content=\"https:\/\/aivlisoft.net\/shop\/wp-content\/uploads\/2025\/01\/NSWPAC0308_800.jpg\" \/>\n\t<meta property=\"og:image:width\" content=\"800\" \/>\n\t<meta property=\"og:image:height\" content=\"800\" \/>\n\t<meta property=\"og:image:type\" content=\"image\/jpeg\" \/>\n<meta name=\"twitter:card\" content=\"summary_large_image\" \/>\n<meta name=\"twitter:label1\" content=\"Tiempo de lectura\" \/>\n\t<meta name=\"twitter:data1\" content=\"2 minutos\" \/>\n<script type=\"application\/ld+json\" class=\"yoast-schema-graph\">{\"@context\":\"https:\/\/schema.org\",\"@graph\":[{\"@type\":\"WebPage\",\"@id\":\"https:\/\/aivlisoft.net\/shop\/producto\/ubiquiti-unifi-ac-in-wall-uap-ac-iw-dual-band-pack\/\",\"url\":\"https:\/\/aivlisoft.net\/shop\/producto\/ubiquiti-unifi-ac-in-wall-uap-ac-iw-dual-band-pack\/\",\"name\":\"Ubiquiti UniFi AC In-Wall UAP-AC-IW Dual Band Pack - Aivlisoft Inform\u00e1tica\",\"isPartOf\":{\"@id\":\"https:\/\/aivlisoft.net\/shop\/#website\"},\"primaryImageOfPage\":{\"@id\":\"https:\/\/aivlisoft.net\/shop\/producto\/ubiquiti-unifi-ac-in-wall-uap-ac-iw-dual-band-pack\/#primaryimage\"},\"image\":{\"@id\":\"https:\/\/aivlisoft.net\/shop\/producto\/ubiquiti-unifi-ac-in-wall-uap-ac-iw-dual-band-pack\/#primaryimage\"},\"thumbnailUrl\":\"https:\/\/aivlisoft.net\/shop\/wp-content\/uploads\/2025\/01\/NSWPAC0308_800.jpg\",\"datePublished\":\"2025-01-13T15:33:27+00:00\",\"dateModified\":\"2025-01-14T11:45:41+00:00\",\"breadcrumb\":{\"@id\":\"https:\/\/aivlisoft.net\/shop\/producto\/ubiquiti-unifi-ac-in-wall-uap-ac-iw-dual-band-pack\/#breadcrumb\"},\"inLanguage\":\"es\",\"potentialAction\":[{\"@type\":\"ReadAction\",\"target\":[\"https:\/\/aivlisoft.net\/shop\/producto\/ubiquiti-unifi-ac-in-wall-uap-ac-iw-dual-band-pack\/\"]}]},{\"@type\":\"ImageObject\",\"inLanguage\":\"es\",\"@id\":\"https:\/\/aivlisoft.net\/shop\/producto\/ubiquiti-unifi-ac-in-wall-uap-ac-iw-dual-band-pack\/#primaryimage\",\"url\":\"https:\/\/aivlisoft.net\/shop\/wp-content\/uploads\/2025\/01\/NSWPAC0308_800.jpg\",\"contentUrl\":\"https:\/\/aivlisoft.net\/shop\/wp-content\/uploads\/2025\/01\/NSWPAC0308_800.jpg\",\"width\":800,\"height\":800},{\"@type\":\"BreadcrumbList\",\"@id\":\"https:\/\/aivlisoft.net\/shop\/producto\/ubiquiti-unifi-ac-in-wall-uap-ac-iw-dual-band-pack\/#breadcrumb\",\"itemListElement\":[{\"@type\":\"ListItem\",\"position\":1,\"name\":\"Portada\",\"item\":\"https:\/\/aivlisoft.net\/shop\/\"},{\"@type\":\"ListItem\",\"position\":2,\"name\":\"Tienda\",\"item\":\"https:\/\/aivlisoft.net\/shop\/tienda\/\"},{\"@type\":\"ListItem\",\"position\":3,\"name\":\"Ubiquiti UniFi AC In-Wall UAP-AC-IW Dual Band Pack\"}]},{\"@type\":\"WebSite\",\"@id\":\"https:\/\/aivlisoft.net\/shop\/#website\",\"url\":\"https:\/\/aivlisoft.net\/shop\/\",\"name\":\"Aivlisoft Inform\u00e1tica\",\"description\":\"En Aivlisoft Inform\u00e1tica ofrecemos soluciones tecnol\u00f3gicas para empresas: venta de ordenadores, consumibles, perif\u00e9ricos y m\u00e1s. Calidad, atenci\u00f3n personalizada y los mejores precios para tu negocio.\",\"publisher\":{\"@id\":\"https:\/\/aivlisoft.net\/shop\/#organization\"},\"potentialAction\":[{\"@type\":\"SearchAction\",\"target\":{\"@type\":\"EntryPoint\",\"urlTemplate\":\"https:\/\/aivlisoft.net\/shop\/?s={search_term_string}\"},\"query-input\":{\"@type\":\"PropertyValueSpecification\",\"valueRequired\":true,\"valueName\":\"search_term_string\"}}],\"inLanguage\":\"es\"},{\"@type\":\"Organization\",\"@id\":\"https:\/\/aivlisoft.net\/shop\/#organization\",\"name\":\"Aivlisoft Inform\u00e1tica\",\"url\":\"https:\/\/aivlisoft.net\/shop\/\",\"logo\":{\"@type\":\"ImageObject\",\"inLanguage\":\"es\",\"@id\":\"https:\/\/aivlisoft.net\/shop\/#\/schema\/logo\/image\/\",\"url\":\"https:\/\/aivlisoft.net\/shop\/wp-content\/uploads\/2024\/12\/removal.ai_5b848c54-0cdf-4140-95c5-c5536bb7573b-logodef.png\",\"contentUrl\":\"https:\/\/aivlisoft.net\/shop\/wp-content\/uploads\/2024\/12\/removal.ai_5b848c54-0cdf-4140-95c5-c5536bb7573b-logodef.png\",\"width\":484,\"height\":182,\"caption\":\"Aivlisoft Inform\u00e1tica\"},\"image\":{\"@id\":\"https:\/\/aivlisoft.net\/shop\/#\/schema\/logo\/image\/\"}}]}<\/script>\n<!-- \/ Yoast SEO plugin. -->","yoast_head_json":{"title":"Ubiquiti UniFi AC In-Wall UAP-AC-IW Dual Band Pack - Aivlisoft Inform\u00e1tica","robots":{"index":"index","follow":"follow","max-snippet":"max-snippet:-1","max-image-preview":"max-image-preview:large","max-video-preview":"max-video-preview:-1"},"canonical":"https:\/\/aivlisoft.net\/shop\/producto\/ubiquiti-unifi-ac-in-wall-uap-ac-iw-dual-band-pack\/","og_locale":"es_ES","og_type":"article","og_title":"Ubiquiti UniFi AC In-Wall UAP-AC-IW Dual Band Pack - Aivlisoft Inform\u00e1tica","og_description":"El UniFi UAP-AC-IW convierte una conexi&oacute;n ethernet de pared en un punto de acceso dual-band 802.11ac. El equipo cuenta con 2 bocas RJ45, una de ellas proporciona alimentaci&oacute;n PoE.UniFi es la soluci&oacute;n WiFi escalable para empresas, f&aacute;cil de implementar y administrar. El punto de acceso tiene un dise&ntilde;o elegante y se puede colocar f&aacute;cilmente en&hellip;&nbsp;Ubiquiti UniFi AC In-Wall UAP-AC-IW Dual Band Pack","og_url":"https:\/\/aivlisoft.net\/shop\/producto\/ubiquiti-unifi-ac-in-wall-uap-ac-iw-dual-band-pack\/","og_site_name":"Aivlisoft Inform\u00e1tica","article_modified_time":"2025-01-14T11:45:41+00:00","og_image":[{"width":800,"height":800,"url":"https:\/\/aivlisoft.net\/shop\/wp-content\/uploads\/2025\/01\/NSWPAC0308_800.jpg","type":"image\/jpeg"}],"twitter_card":"summary_large_image","twitter_misc":{"Tiempo de lectura":"2 minutos"},"schema":{"@context":"https:\/\/schema.org","@graph":[{"@type":"WebPage","@id":"https:\/\/aivlisoft.net\/shop\/producto\/ubiquiti-unifi-ac-in-wall-uap-ac-iw-dual-band-pack\/","url":"https:\/\/aivlisoft.net\/shop\/producto\/ubiquiti-unifi-ac-in-wall-uap-ac-iw-dual-band-pack\/","name":"Ubiquiti UniFi AC In-Wall UAP-AC-IW Dual Band Pack - Aivlisoft Inform\u00e1tica","isPartOf":{"@id":"https:\/\/aivlisoft.net\/shop\/#website"},"primaryImageOfPage":{"@id":"https:\/\/aivlisoft.net\/shop\/producto\/ubiquiti-unifi-ac-in-wall-uap-ac-iw-dual-band-pack\/#primaryimage"},"image":{"@id":"https:\/\/aivlisoft.net\/shop\/producto\/ubiquiti-unifi-ac-in-wall-uap-ac-iw-dual-band-pack\/#primaryimage"},"thumbnailUrl":"https:\/\/aivlisoft.net\/shop\/wp-content\/uploads\/2025\/01\/NSWPAC0308_800.jpg","datePublished":"2025-01-13T15:33:27+00:00","dateModified":"2025-01-14T11:45:41+00:00","breadcrumb":{"@id":"https:\/\/aivlisoft.net\/shop\/producto\/ubiquiti-unifi-ac-in-wall-uap-ac-iw-dual-band-pack\/#breadcrumb"},"inLanguage":"es","potentialAction":[{"@type":"ReadAction","target":["https:\/\/aivlisoft.net\/shop\/producto\/ubiquiti-unifi-ac-in-wall-uap-ac-iw-dual-band-pack\/"]}]},{"@type":"ImageObject","inLanguage":"es","@id":"https:\/\/aivlisoft.net\/shop\/producto\/ubiquiti-unifi-ac-in-wall-uap-ac-iw-dual-band-pack\/#primaryimage","url":"https:\/\/aivlisoft.net\/shop\/wp-content\/uploads\/2025\/01\/NSWPAC0308_800.jpg","contentUrl":"https:\/\/aivlisoft.net\/shop\/wp-content\/uploads\/2025\/01\/NSWPAC0308_800.jpg","width":800,"height":800},{"@type":"BreadcrumbList","@id":"https:\/\/aivlisoft.net\/shop\/producto\/ubiquiti-unifi-ac-in-wall-uap-ac-iw-dual-band-pack\/#breadcrumb","itemListElement":[{"@type":"ListItem","position":1,"name":"Portada","item":"https:\/\/aivlisoft.net\/shop\/"},{"@type":"ListItem","position":2,"name":"Tienda","item":"https:\/\/aivlisoft.net\/shop\/tienda\/"},{"@type":"ListItem","position":3,"name":"Ubiquiti UniFi AC In-Wall UAP-AC-IW Dual Band Pack"}]},{"@type":"WebSite","@id":"https:\/\/aivlisoft.net\/shop\/#website","url":"https:\/\/aivlisoft.net\/shop\/","name":"Aivlisoft Inform\u00e1tica","description":"En Aivlisoft Inform\u00e1tica ofrecemos soluciones tecnol\u00f3gicas para empresas: venta de ordenadores, consumibles, perif\u00e9ricos y m\u00e1s. Calidad, atenci\u00f3n personalizada y los mejores precios para tu negocio.","publisher":{"@id":"https:\/\/aivlisoft.net\/shop\/#organization"},"potentialAction":[{"@type":"SearchAction","target":{"@type":"EntryPoint","urlTemplate":"https:\/\/aivlisoft.net\/shop\/?s={search_term_string}"},"query-input":{"@type":"PropertyValueSpecification","valueRequired":true,"valueName":"search_term_string"}}],"inLanguage":"es"},{"@type":"Organization","@id":"https:\/\/aivlisoft.net\/shop\/#organization","name":"Aivlisoft Inform\u00e1tica","url":"https:\/\/aivlisoft.net\/shop\/","logo":{"@type":"ImageObject","inLanguage":"es","@id":"https:\/\/aivlisoft.net\/shop\/#\/schema\/logo\/image\/","url":"https:\/\/aivlisoft.net\/shop\/wp-content\/uploads\/2024\/12\/removal.ai_5b848c54-0cdf-4140-95c5-c5536bb7573b-logodef.png","contentUrl":"https:\/\/aivlisoft.net\/shop\/wp-content\/uploads\/2024\/12\/removal.ai_5b848c54-0cdf-4140-95c5-c5536bb7573b-logodef.png","width":484,"height":182,"caption":"Aivlisoft Inform\u00e1tica"},"image":{"@id":"https:\/\/aivlisoft.net\/shop\/#\/schema\/logo\/image\/"}}]}},"_links":{"self":[{"href":"https:\/\/aivlisoft.net\/shop\/wp-json\/wp\/v2\/product\/19514","targetHints":{"allow":["GET"]}}],"collection":[{"href":"https:\/\/aivlisoft.net\/shop\/wp-json\/wp\/v2\/product"}],"about":[{"href":"https:\/\/aivlisoft.net\/shop\/wp-json\/wp\/v2\/types\/product"}],"wp:featuredmedia":[{"embeddable":true,"href":"https:\/\/aivlisoft.net\/shop\/wp-json\/wp\/v2\/media\/19515"}],"wp:attachment":[{"href":"https:\/\/aivlisoft.net\/shop\/wp-json\/wp\/v2\/media?parent=19514"}],"wp:term":[{"taxonomy":"product_brand","embeddable":true,"href":"https:\/\/aivlisoft.net\/shop\/wp-json\/wp\/v2\/product_brand?post=19514"},{"taxonomy":"product_cat","embeddable":true,"href":"https:\/\/aivlisoft.net\/shop\/wp-json\/wp\/v2\/product_cat?post=19514"},{"taxonomy":"product_tag","embeddable":true,"href":"https:\/\/aivlisoft.net\/shop\/wp-json\/wp\/v2\/product_tag?post=19514"}],"curies":[{"name":"wp","href":"https:\/\/api.w.org\/{rel}","templated":true}]}}