{"id":19510,"date":"2025-01-13T15:33:24","date_gmt":"2025-01-13T15:33:24","guid":{"rendered":"https:\/\/aivlisoft.com\/?post_type=product&#038;p=19510"},"modified":"2025-01-14T11:45:40","modified_gmt":"2025-01-14T11:45:40","slug":"ubiquiti-unifi-uap-ac-hd-dual-band-poe-pack-5","status":"publish","type":"product","link":"https:\/\/aivlisoft.net\/shop\/producto\/ubiquiti-unifi-uap-ac-hd-dual-band-poe-pack-5\/","title":{"rendered":"Ubiquiti UniFi UAP-AC-HD Dual Band PoE+ Pack 5"},"content":{"rendered":"<p>Utiliza los nuevos UniFi AC HD AP en entornos de alta densidad donde se requiera el m&aacute;ximo rendimiento inal&aacute;mbrico. El UniFi AC HD AP dispone de doble banda simultanea, 4&#215;4 MU-MIMO y compatibilidad con el est&aacute;ndar PoE 802.3at .<\/p>\n<p><strong>F&aacute;cil montaje<\/strong><br \/>Su elegante dise&ntilde;o se integra f&aacute;cilmente con cualquier entorno (accesorios incluidos) y es compatible con los ya existentes accesorios de montaje de los UAP-AC-PRO. El doble puerto Gigabit Ethernet soporta agregaci&oacute;n de puertos (LACP).<\/p>\n<p><strong>Sistema UniFi<\/strong><br \/>UniFi es la soluci&oacute;n WiFi escalable para empresas, f&aacute;cil de implementar y administrar. El punto de acceso tiene un dise&ntilde;o elegante y se puede colocar f&aacute;cilmente en una placa del techo o en la pared, utilizando para ello el hardware de montaje incluido. Se alimenta a trav&eacute;s del adaptador Ethernet incluido, que permite suministrar energ&iacute;a y datos a trav&eacute;s de un &uacute;nico cable.<br \/>El sistema WiFi UniFi incluye un potente software de control. El software se instala en cualquier PC dentro de la red y es f&aacute;cilmente accesible a trav&eacute;s de cualquier navegador web. A trav&eacute;s del software de control de Unifi, la red empresarial Wi-Fi puede ser configurada y administrada sin ning&uacute;n entrenamiento especial. Funciones avanzadas como la consulta del estado del dispositivo en tiempo real, detecci&oacute;n autom&aacute;tica de dispositivos Unifi, carga del mapa de ubicaci&oacute;n de los equipos y las opciones de seguridad est&aacute;n perfectamente integradas.<br \/>Ahorre tiempo y dinero.<\/p>\n<p>A diferencia de los sistemas Wi-Fi empresariales que requieren de hardware adicional, Unifi dispone del modo cliente \/ servidor que requiere un coste cero y sin necesidad de hardware adicional.<br \/>Software Intuitivo<\/p>\n<p>Instale, configure, y gestione todos sus Puntos de Acceso UniFi a trav&eacute;s del intuitivo y sencillo Interface de usuario de UniFi.<\/p>\n<p>La tecnolog&iacute;a 802.11AC Wave 1 SU-MIMO implementada en la generaci&oacute;n anterior, posibilitaba la comunicaci&oacute;n con un &uacute;nico cliente a la vez. La tecnolog&iacute;a 802.11AC Wave 2 MU-MIMO (Multi-User, M&uacute;ltiple Input, M&uacute;ltiple Output), permite la comunicaci&oacute;n con m&uacute;ltiples clientes simult&aacute;neamente, lo que se traduce en un significante aumento en el ancho de banda y en la experiencia general. Bajo las mismas circunstancias con MU-MIMO, los equipos con Wave 2 proporcionan una mejora de hasta el 75% respecto a un equipo Wave 1. Dicha mejora permite incrementar el rendimiento y\/o soportar mas clientes con el mismo rendimiento.<\/p>\n<table class=\"tabla_caracteristicas k-table\" width=\"100%\">\n<tbody>\n<tr>\n<td><strong>Marca<\/strong><\/td>\n<td>Ubiquiti<\/td>\n<\/tr>\n<tr>\n<td valign=\"top\"><strong>Modelo<\/strong><\/td>\n<td><strong>UAP-AC-HD-5<\/strong><\/td>\n<\/tr>\n<tr>\n<td valign=\"top\"><strong>Caracteristicas<\/strong><\/td>\n<td>&#8211; Dimensiones 220 x 220 x 48.1 mm<br \/>&#8211; Peso 700g (830 con el kit de montaje)<br \/>&#8211; Interfaz 2 x puertos Ethernet 10\/100\/1000 (LACP compatible)<br \/>&#8211; Botones Reset<br \/>&#8211; Sistema de alimentaci&oacute;n Passive Power over Ethernet (48V), 802.3at. Rango de voltaje soportado 44 ~ 57VDC<br \/>&#8211; Wi-Fi est&aacute;ndares 802.11 a \/ b \/ g \/ n \/ ac \/ ac-wave2<br \/>&#8211; Max. Consumo de energ&iacute;a 17W<br \/>&#8211; BSSID hasta cuatro por Radio<br \/>&#8211; Antenas 2@2.4GHz (3dBi), 2@5GHz (5dBi)<br \/>&#8211; Seguridad inal&aacute;mbrica WEP, WPA-PSK, WPA-TKIP,<br \/>&#8211; WPA2 AES, 802.11i<br \/>&#8211; Certificaciones CE, FCC, IC<br \/>&#8211; Montaje Pared \/ techo (incluidos)<br \/>&#8211; Temperatura de funcionamiento -10 a 70 &deg; C<br \/>&#8211; Humedad de funcionamiento 5 &#8211; 95% sin condensaci&oacute;n<br \/>&#8211; Control avanzado de tr&aacute;fico<br \/>&#8211; VLAN 802.1Q<br \/>&#8211; QoS avanzado por usuario<br \/>&#8211; Aislamiento de trafico para invitados<br \/>&#8211; Clientes simult&aacute;neos +500<\/td>\n<\/tr>\n<tr>\n<td><strong>Fecha de revisi&oacute;n<\/strong><\/td>\n<td>30-06-2017 por MSB<\/td>\n<\/tr>\n<\/tbody>\n<\/table>\n","protected":false},"excerpt":{"rendered":"<p>Utiliza los nuevos UniFi AC HD AP en entornos de alta densidad donde se requiera el m&aacute;ximo rendimiento inal&aacute;mbrico. El UniFi AC HD AP dispone de doble banda simultanea, 4&#215;4 MU-MIMO y compatibilidad con el est&aacute;ndar PoE 802.3at . F&aacute;cil montajeSu elegante dise&ntilde;o se integra f&aacute;cilmente con cualquier entorno (accesorios incluidos) y es compatible con&hellip;&nbsp;<a href=\"https:\/\/aivlisoft.net\/shop\/producto\/ubiquiti-unifi-uap-ac-hd-dual-band-poe-pack-5\/\" rel=\"bookmark\"><span class=\"screen-reader-text\">Ubiquiti UniFi UAP-AC-HD Dual Band PoE+ Pack 5<\/span><\/a><\/p>\n","protected":false},"featured_media":19511,"template":"","meta":{"neve_meta_sidebar":"","neve_meta_container":"","neve_meta_enable_content_width":"","neve_meta_content_width":0,"neve_meta_title_alignment":"","neve_meta_author_avatar":"","neve_post_elements_order":"","neve_meta_disable_header":"","neve_meta_disable_footer":"","neve_meta_disable_title":""},"product_brand":[],"product_cat":[8770],"product_tag":[7046],"class_list":{"0":"post-19510","1":"product","2":"type-product","3":"status-publish","4":"has-post-thumbnail","6":"product_cat-puntos-de-acceso","7":"product_tag-uap-ac-hd-5","9":"first","10":"instock","11":"taxable","12":"shipping-taxable","13":"purchasable","14":"product-type-simple"},"yoast_head":"<!-- This site is optimized with the Yoast SEO plugin v26.0 - https:\/\/yoast.com\/wordpress\/plugins\/seo\/ -->\n<title>Ubiquiti UniFi UAP-AC-HD Dual Band PoE+ Pack 5 - Aivlisoft Inform\u00e1tica<\/title>\n<meta name=\"robots\" content=\"index, follow, max-snippet:-1, max-image-preview:large, max-video-preview:-1\" \/>\n<link rel=\"canonical\" href=\"https:\/\/aivlisoft.net\/shop\/producto\/ubiquiti-unifi-uap-ac-hd-dual-band-poe-pack-5\/\" \/>\n<meta property=\"og:locale\" content=\"es_ES\" \/>\n<meta property=\"og:type\" content=\"article\" \/>\n<meta property=\"og:title\" content=\"Ubiquiti UniFi UAP-AC-HD Dual Band PoE+ Pack 5 - Aivlisoft Inform\u00e1tica\" \/>\n<meta property=\"og:description\" content=\"Utiliza los nuevos UniFi AC HD AP en entornos de alta densidad donde se requiera el m&aacute;ximo rendimiento inal&aacute;mbrico. El UniFi AC HD AP dispone de doble banda simultanea, 4&#215;4 MU-MIMO y compatibilidad con el est&aacute;ndar PoE 802.3at . F&aacute;cil montajeSu elegante dise&ntilde;o se integra f&aacute;cilmente con cualquier entorno (accesorios incluidos) y es compatible con&hellip;&nbsp;Ubiquiti UniFi UAP-AC-HD Dual Band PoE+ Pack 5\" \/>\n<meta property=\"og:url\" content=\"https:\/\/aivlisoft.net\/shop\/producto\/ubiquiti-unifi-uap-ac-hd-dual-band-poe-pack-5\/\" \/>\n<meta property=\"og:site_name\" content=\"Aivlisoft Inform\u00e1tica\" \/>\n<meta property=\"article:modified_time\" content=\"2025-01-14T11:45:40+00:00\" \/>\n<meta property=\"og:image\" content=\"https:\/\/aivlisoft.net\/shop\/wp-content\/uploads\/2025\/01\/NSWPAC0306_800.jpg\" \/>\n\t<meta property=\"og:image:width\" content=\"800\" \/>\n\t<meta property=\"og:image:height\" content=\"800\" \/>\n\t<meta property=\"og:image:type\" content=\"image\/jpeg\" \/>\n<meta name=\"twitter:card\" content=\"summary_large_image\" \/>\n<meta name=\"twitter:label1\" content=\"Tiempo de lectura\" \/>\n\t<meta name=\"twitter:data1\" content=\"3 minutos\" \/>\n<script type=\"application\/ld+json\" class=\"yoast-schema-graph\">{\"@context\":\"https:\/\/schema.org\",\"@graph\":[{\"@type\":\"WebPage\",\"@id\":\"https:\/\/aivlisoft.net\/shop\/producto\/ubiquiti-unifi-uap-ac-hd-dual-band-poe-pack-5\/\",\"url\":\"https:\/\/aivlisoft.net\/shop\/producto\/ubiquiti-unifi-uap-ac-hd-dual-band-poe-pack-5\/\",\"name\":\"Ubiquiti UniFi UAP-AC-HD Dual Band PoE+ Pack 5 - Aivlisoft Inform\u00e1tica\",\"isPartOf\":{\"@id\":\"https:\/\/aivlisoft.net\/shop\/#website\"},\"primaryImageOfPage\":{\"@id\":\"https:\/\/aivlisoft.net\/shop\/producto\/ubiquiti-unifi-uap-ac-hd-dual-band-poe-pack-5\/#primaryimage\"},\"image\":{\"@id\":\"https:\/\/aivlisoft.net\/shop\/producto\/ubiquiti-unifi-uap-ac-hd-dual-band-poe-pack-5\/#primaryimage\"},\"thumbnailUrl\":\"https:\/\/aivlisoft.net\/shop\/wp-content\/uploads\/2025\/01\/NSWPAC0306_800.jpg\",\"datePublished\":\"2025-01-13T15:33:24+00:00\",\"dateModified\":\"2025-01-14T11:45:40+00:00\",\"breadcrumb\":{\"@id\":\"https:\/\/aivlisoft.net\/shop\/producto\/ubiquiti-unifi-uap-ac-hd-dual-band-poe-pack-5\/#breadcrumb\"},\"inLanguage\":\"es\",\"potentialAction\":[{\"@type\":\"ReadAction\",\"target\":[\"https:\/\/aivlisoft.net\/shop\/producto\/ubiquiti-unifi-uap-ac-hd-dual-band-poe-pack-5\/\"]}]},{\"@type\":\"ImageObject\",\"inLanguage\":\"es\",\"@id\":\"https:\/\/aivlisoft.net\/shop\/producto\/ubiquiti-unifi-uap-ac-hd-dual-band-poe-pack-5\/#primaryimage\",\"url\":\"https:\/\/aivlisoft.net\/shop\/wp-content\/uploads\/2025\/01\/NSWPAC0306_800.jpg\",\"contentUrl\":\"https:\/\/aivlisoft.net\/shop\/wp-content\/uploads\/2025\/01\/NSWPAC0306_800.jpg\",\"width\":800,\"height\":800},{\"@type\":\"BreadcrumbList\",\"@id\":\"https:\/\/aivlisoft.net\/shop\/producto\/ubiquiti-unifi-uap-ac-hd-dual-band-poe-pack-5\/#breadcrumb\",\"itemListElement\":[{\"@type\":\"ListItem\",\"position\":1,\"name\":\"Portada\",\"item\":\"https:\/\/aivlisoft.net\/shop\/\"},{\"@type\":\"ListItem\",\"position\":2,\"name\":\"Tienda\",\"item\":\"https:\/\/aivlisoft.net\/shop\/tienda\/\"},{\"@type\":\"ListItem\",\"position\":3,\"name\":\"Ubiquiti UniFi UAP-AC-HD Dual Band PoE+ Pack 5\"}]},{\"@type\":\"WebSite\",\"@id\":\"https:\/\/aivlisoft.net\/shop\/#website\",\"url\":\"https:\/\/aivlisoft.net\/shop\/\",\"name\":\"Aivlisoft Inform\u00e1tica\",\"description\":\"En Aivlisoft Inform\u00e1tica ofrecemos soluciones tecnol\u00f3gicas para empresas: venta de ordenadores, consumibles, perif\u00e9ricos y m\u00e1s. Calidad, atenci\u00f3n personalizada y los mejores precios para tu negocio.\",\"publisher\":{\"@id\":\"https:\/\/aivlisoft.net\/shop\/#organization\"},\"potentialAction\":[{\"@type\":\"SearchAction\",\"target\":{\"@type\":\"EntryPoint\",\"urlTemplate\":\"https:\/\/aivlisoft.net\/shop\/?s={search_term_string}\"},\"query-input\":{\"@type\":\"PropertyValueSpecification\",\"valueRequired\":true,\"valueName\":\"search_term_string\"}}],\"inLanguage\":\"es\"},{\"@type\":\"Organization\",\"@id\":\"https:\/\/aivlisoft.net\/shop\/#organization\",\"name\":\"Aivlisoft Inform\u00e1tica\",\"url\":\"https:\/\/aivlisoft.net\/shop\/\",\"logo\":{\"@type\":\"ImageObject\",\"inLanguage\":\"es\",\"@id\":\"https:\/\/aivlisoft.net\/shop\/#\/schema\/logo\/image\/\",\"url\":\"https:\/\/aivlisoft.net\/shop\/wp-content\/uploads\/2024\/12\/removal.ai_5b848c54-0cdf-4140-95c5-c5536bb7573b-logodef.png\",\"contentUrl\":\"https:\/\/aivlisoft.net\/shop\/wp-content\/uploads\/2024\/12\/removal.ai_5b848c54-0cdf-4140-95c5-c5536bb7573b-logodef.png\",\"width\":484,\"height\":182,\"caption\":\"Aivlisoft Inform\u00e1tica\"},\"image\":{\"@id\":\"https:\/\/aivlisoft.net\/shop\/#\/schema\/logo\/image\/\"}}]}<\/script>\n<!-- \/ Yoast SEO plugin. -->","yoast_head_json":{"title":"Ubiquiti UniFi UAP-AC-HD Dual Band PoE+ Pack 5 - Aivlisoft Inform\u00e1tica","robots":{"index":"index","follow":"follow","max-snippet":"max-snippet:-1","max-image-preview":"max-image-preview:large","max-video-preview":"max-video-preview:-1"},"canonical":"https:\/\/aivlisoft.net\/shop\/producto\/ubiquiti-unifi-uap-ac-hd-dual-band-poe-pack-5\/","og_locale":"es_ES","og_type":"article","og_title":"Ubiquiti UniFi UAP-AC-HD Dual Band PoE+ Pack 5 - Aivlisoft Inform\u00e1tica","og_description":"Utiliza los nuevos UniFi AC HD AP en entornos de alta densidad donde se requiera el m&aacute;ximo rendimiento inal&aacute;mbrico. El UniFi AC HD AP dispone de doble banda simultanea, 4&#215;4 MU-MIMO y compatibilidad con el est&aacute;ndar PoE 802.3at . F&aacute;cil montajeSu elegante dise&ntilde;o se integra f&aacute;cilmente con cualquier entorno (accesorios incluidos) y es compatible con&hellip;&nbsp;Ubiquiti UniFi UAP-AC-HD Dual Band PoE+ Pack 5","og_url":"https:\/\/aivlisoft.net\/shop\/producto\/ubiquiti-unifi-uap-ac-hd-dual-band-poe-pack-5\/","og_site_name":"Aivlisoft Inform\u00e1tica","article_modified_time":"2025-01-14T11:45:40+00:00","og_image":[{"width":800,"height":800,"url":"https:\/\/aivlisoft.net\/shop\/wp-content\/uploads\/2025\/01\/NSWPAC0306_800.jpg","type":"image\/jpeg"}],"twitter_card":"summary_large_image","twitter_misc":{"Tiempo de lectura":"3 minutos"},"schema":{"@context":"https:\/\/schema.org","@graph":[{"@type":"WebPage","@id":"https:\/\/aivlisoft.net\/shop\/producto\/ubiquiti-unifi-uap-ac-hd-dual-band-poe-pack-5\/","url":"https:\/\/aivlisoft.net\/shop\/producto\/ubiquiti-unifi-uap-ac-hd-dual-band-poe-pack-5\/","name":"Ubiquiti UniFi UAP-AC-HD Dual Band PoE+ Pack 5 - Aivlisoft Inform\u00e1tica","isPartOf":{"@id":"https:\/\/aivlisoft.net\/shop\/#website"},"primaryImageOfPage":{"@id":"https:\/\/aivlisoft.net\/shop\/producto\/ubiquiti-unifi-uap-ac-hd-dual-band-poe-pack-5\/#primaryimage"},"image":{"@id":"https:\/\/aivlisoft.net\/shop\/producto\/ubiquiti-unifi-uap-ac-hd-dual-band-poe-pack-5\/#primaryimage"},"thumbnailUrl":"https:\/\/aivlisoft.net\/shop\/wp-content\/uploads\/2025\/01\/NSWPAC0306_800.jpg","datePublished":"2025-01-13T15:33:24+00:00","dateModified":"2025-01-14T11:45:40+00:00","breadcrumb":{"@id":"https:\/\/aivlisoft.net\/shop\/producto\/ubiquiti-unifi-uap-ac-hd-dual-band-poe-pack-5\/#breadcrumb"},"inLanguage":"es","potentialAction":[{"@type":"ReadAction","target":["https:\/\/aivlisoft.net\/shop\/producto\/ubiquiti-unifi-uap-ac-hd-dual-band-poe-pack-5\/"]}]},{"@type":"ImageObject","inLanguage":"es","@id":"https:\/\/aivlisoft.net\/shop\/producto\/ubiquiti-unifi-uap-ac-hd-dual-band-poe-pack-5\/#primaryimage","url":"https:\/\/aivlisoft.net\/shop\/wp-content\/uploads\/2025\/01\/NSWPAC0306_800.jpg","contentUrl":"https:\/\/aivlisoft.net\/shop\/wp-content\/uploads\/2025\/01\/NSWPAC0306_800.jpg","width":800,"height":800},{"@type":"BreadcrumbList","@id":"https:\/\/aivlisoft.net\/shop\/producto\/ubiquiti-unifi-uap-ac-hd-dual-band-poe-pack-5\/#breadcrumb","itemListElement":[{"@type":"ListItem","position":1,"name":"Portada","item":"https:\/\/aivlisoft.net\/shop\/"},{"@type":"ListItem","position":2,"name":"Tienda","item":"https:\/\/aivlisoft.net\/shop\/tienda\/"},{"@type":"ListItem","position":3,"name":"Ubiquiti UniFi UAP-AC-HD Dual Band PoE+ Pack 5"}]},{"@type":"WebSite","@id":"https:\/\/aivlisoft.net\/shop\/#website","url":"https:\/\/aivlisoft.net\/shop\/","name":"Aivlisoft Inform\u00e1tica","description":"En Aivlisoft Inform\u00e1tica ofrecemos soluciones tecnol\u00f3gicas para empresas: venta de ordenadores, consumibles, perif\u00e9ricos y m\u00e1s. Calidad, atenci\u00f3n personalizada y los mejores precios para tu negocio.","publisher":{"@id":"https:\/\/aivlisoft.net\/shop\/#organization"},"potentialAction":[{"@type":"SearchAction","target":{"@type":"EntryPoint","urlTemplate":"https:\/\/aivlisoft.net\/shop\/?s={search_term_string}"},"query-input":{"@type":"PropertyValueSpecification","valueRequired":true,"valueName":"search_term_string"}}],"inLanguage":"es"},{"@type":"Organization","@id":"https:\/\/aivlisoft.net\/shop\/#organization","name":"Aivlisoft Inform\u00e1tica","url":"https:\/\/aivlisoft.net\/shop\/","logo":{"@type":"ImageObject","inLanguage":"es","@id":"https:\/\/aivlisoft.net\/shop\/#\/schema\/logo\/image\/","url":"https:\/\/aivlisoft.net\/shop\/wp-content\/uploads\/2024\/12\/removal.ai_5b848c54-0cdf-4140-95c5-c5536bb7573b-logodef.png","contentUrl":"https:\/\/aivlisoft.net\/shop\/wp-content\/uploads\/2024\/12\/removal.ai_5b848c54-0cdf-4140-95c5-c5536bb7573b-logodef.png","width":484,"height":182,"caption":"Aivlisoft Inform\u00e1tica"},"image":{"@id":"https:\/\/aivlisoft.net\/shop\/#\/schema\/logo\/image\/"}}]}},"_links":{"self":[{"href":"https:\/\/aivlisoft.net\/shop\/wp-json\/wp\/v2\/product\/19510","targetHints":{"allow":["GET"]}}],"collection":[{"href":"https:\/\/aivlisoft.net\/shop\/wp-json\/wp\/v2\/product"}],"about":[{"href":"https:\/\/aivlisoft.net\/shop\/wp-json\/wp\/v2\/types\/product"}],"wp:featuredmedia":[{"embeddable":true,"href":"https:\/\/aivlisoft.net\/shop\/wp-json\/wp\/v2\/media\/19511"}],"wp:attachment":[{"href":"https:\/\/aivlisoft.net\/shop\/wp-json\/wp\/v2\/media?parent=19510"}],"wp:term":[{"taxonomy":"product_brand","embeddable":true,"href":"https:\/\/aivlisoft.net\/shop\/wp-json\/wp\/v2\/product_brand?post=19510"},{"taxonomy":"product_cat","embeddable":true,"href":"https:\/\/aivlisoft.net\/shop\/wp-json\/wp\/v2\/product_cat?post=19510"},{"taxonomy":"product_tag","embeddable":true,"href":"https:\/\/aivlisoft.net\/shop\/wp-json\/wp\/v2\/product_tag?post=19510"}],"curies":[{"name":"wp","href":"https:\/\/api.w.org\/{rel}","templated":true}]}}