{"id":19496,"date":"2025-01-13T15:33:12","date_gmt":"2025-01-13T15:33:12","guid":{"rendered":"https:\/\/aivlisoft.com\/?post_type=product&#038;p=19496"},"modified":"2025-01-14T11:45:33","modified_gmt":"2025-01-14T11:45:33","slug":"ubiquiti-litebeam-ac-lbe-5ac-gen2-5ghz-23dbi","status":"publish","type":"product","link":"https:\/\/aivlisoft.net\/shop\/producto\/ubiquiti-litebeam-ac-lbe-5ac-gen2-5ghz-23dbi\/","title":{"rendered":"Ubiquiti LiteBeam AC LBE-5AC-Gen2 5GHz 23dBi"},"content":{"rendered":"<p><strong>Red de gestion integrada<\/strong><br \/>El Litebeam AC-Gen2 integra una red Wireless independiente para agilizar y facilitar la instalacion del equipo con un dispositivo movil.<\/p>\n<p><strong>Antena de alta ganancia, 2&#215;2 MIMO<\/strong><br \/>El LiteBeam ac dispone de una ganancia de 23dBi, para enlaces PTP de larga distancia gracias a su antena direccional, lo que aumenta la inmunidad al ruido.<\/p>\n<p><strong>Novedoso dise&ntilde;o<\/strong><br \/>Aun con la capacidad de alineamiento en los 3 ejes, el LiteBeam ac se ensambla completamente en apenas unos segundos sin necesidad de herramientas. Solo es necesario una llave inglesa en el caso del anclaje para mastil.<\/p>\n<p><strong>Anclaje mejorado y proteccion contra sobretensiones<\/strong><br \/>Con una proteccion mejorada contra ESD, el Litebeam AC-Gen2 ofrece un anclaje mas robusto con los ajustes en Azimuth y elevacion independientes.<\/p>\n<table class=\"tabla_caracteristicas k-table\" width=\"100%\">\n<tbody>\n<tr>\n<td><strong>Marca<\/strong><\/td>\n<td>Ubiquiti<\/td>\n<\/tr>\n<tr>\n<td valign=\"top\"><strong>Modelo<\/strong><\/td>\n<td><strong>LBE-5AC-GEN2<\/strong><\/td>\n<\/tr>\n<tr>\n<td valign=\"top\"><strong>Caracteristicas<\/strong><\/td>\n<td>&#8211; Procesador MIPS 74Kc<br \/>&#8211; Memoria 64 MB DDR2<br \/>&#8211; Interfaz de red (1) 10\/100\/1000 Ethernet Port<br \/>&#8211; Dimensiones 358 x 271.95 x 272.5 mm<br \/>&#8211; Peso (sin anclaje) 800g<br \/>&#8211; Resistencia al viento 200 km\/h (125 mph)<br \/>&#8211; Kit de montaje en mastil (Incluido)<br \/>&#8211; Maximo consumo electrico 7W<br \/>&#8211; Fuente de alimentacion 24V, 0.3A Gigabit PoE (Incluido)<br \/>&#8211; Sistema de alimentacion Passive PoE (Pairs 4, 5+; 7, 8 Return)<br \/>&#8211; Temperatura de funcionamiento -40 to 70&deg; C (-40 to 158&deg; F)<br \/>&#8211; Humedad de funcionamiento 5 to 95% Noncondensing<br \/>&#8211; Shock and Vibration ETSI300-019-1.4<br \/>&#8211; ETSI Specification EN 302 326 DN2<br \/>&#8211; Proteccion IEM &plusmn; 24 KV Contact \/ Air<\/td>\n<\/tr>\n<tr>\n<td><strong>Fecha de revisi&oacute;n<\/strong><\/td>\n<td>30-06-2017 por MSB<\/td>\n<\/tr>\n<\/tbody>\n<\/table>\n","protected":false},"excerpt":{"rendered":"<p>Red de gestion integradaEl Litebeam AC-Gen2 integra una red Wireless independiente para agilizar y facilitar la instalacion del equipo con un dispositivo movil. Antena de alta ganancia, 2&#215;2 MIMOEl LiteBeam ac dispone de una ganancia de 23dBi, para enlaces PTP de larga distancia gracias a su antena direccional, lo que aumenta la inmunidad al ruido.&hellip;&nbsp;<a href=\"https:\/\/aivlisoft.net\/shop\/producto\/ubiquiti-litebeam-ac-lbe-5ac-gen2-5ghz-23dbi\/\" rel=\"bookmark\"><span class=\"screen-reader-text\">Ubiquiti LiteBeam AC LBE-5AC-Gen2 5GHz 23dBi<\/span><\/a><\/p>\n","protected":false},"featured_media":19497,"template":"","meta":{"neve_meta_sidebar":"","neve_meta_container":"","neve_meta_enable_content_width":"","neve_meta_content_width":0,"neve_meta_title_alignment":"","neve_meta_author_avatar":"","neve_post_elements_order":"","neve_meta_disable_header":"","neve_meta_disable_footer":"","neve_meta_disable_title":""},"product_brand":[],"product_cat":[8770],"product_tag":[7039],"class_list":{"0":"post-19496","1":"product","2":"type-product","3":"status-publish","4":"has-post-thumbnail","6":"product_cat-puntos-de-acceso","7":"product_tag-lbe-5ac-gen2","9":"first","10":"instock","11":"taxable","12":"shipping-taxable","13":"purchasable","14":"product-type-simple"},"yoast_head":"<!-- This site is optimized with the Yoast SEO plugin v26.0 - https:\/\/yoast.com\/wordpress\/plugins\/seo\/ -->\n<title>Ubiquiti LiteBeam AC LBE-5AC-Gen2 5GHz 23dBi - Aivlisoft Inform\u00e1tica<\/title>\n<meta name=\"robots\" content=\"index, follow, max-snippet:-1, max-image-preview:large, max-video-preview:-1\" \/>\n<link rel=\"canonical\" href=\"https:\/\/aivlisoft.net\/shop\/producto\/ubiquiti-litebeam-ac-lbe-5ac-gen2-5ghz-23dbi\/\" \/>\n<meta property=\"og:locale\" content=\"es_ES\" \/>\n<meta property=\"og:type\" content=\"article\" \/>\n<meta property=\"og:title\" content=\"Ubiquiti LiteBeam AC LBE-5AC-Gen2 5GHz 23dBi - Aivlisoft Inform\u00e1tica\" \/>\n<meta property=\"og:description\" content=\"Red de gestion integradaEl Litebeam AC-Gen2 integra una red Wireless independiente para agilizar y facilitar la instalacion del equipo con un dispositivo movil. Antena de alta ganancia, 2&#215;2 MIMOEl LiteBeam ac dispone de una ganancia de 23dBi, para enlaces PTP de larga distancia gracias a su antena direccional, lo que aumenta la inmunidad al ruido.&hellip;&nbsp;Ubiquiti LiteBeam AC LBE-5AC-Gen2 5GHz 23dBi\" \/>\n<meta property=\"og:url\" content=\"https:\/\/aivlisoft.net\/shop\/producto\/ubiquiti-litebeam-ac-lbe-5ac-gen2-5ghz-23dbi\/\" \/>\n<meta property=\"og:site_name\" content=\"Aivlisoft Inform\u00e1tica\" \/>\n<meta property=\"article:modified_time\" content=\"2025-01-14T11:45:33+00:00\" \/>\n<meta property=\"og:image\" content=\"https:\/\/aivlisoft.net\/shop\/wp-content\/uploads\/2025\/01\/NSWPAC0298_800.jpg\" \/>\n\t<meta property=\"og:image:width\" content=\"800\" \/>\n\t<meta property=\"og:image:height\" content=\"800\" \/>\n\t<meta property=\"og:image:type\" content=\"image\/jpeg\" \/>\n<meta name=\"twitter:card\" content=\"summary_large_image\" \/>\n<meta name=\"twitter:label1\" content=\"Tiempo de lectura\" \/>\n\t<meta name=\"twitter:data1\" content=\"1 minuto\" \/>\n<script type=\"application\/ld+json\" class=\"yoast-schema-graph\">{\"@context\":\"https:\/\/schema.org\",\"@graph\":[{\"@type\":\"WebPage\",\"@id\":\"https:\/\/aivlisoft.net\/shop\/producto\/ubiquiti-litebeam-ac-lbe-5ac-gen2-5ghz-23dbi\/\",\"url\":\"https:\/\/aivlisoft.net\/shop\/producto\/ubiquiti-litebeam-ac-lbe-5ac-gen2-5ghz-23dbi\/\",\"name\":\"Ubiquiti LiteBeam AC LBE-5AC-Gen2 5GHz 23dBi - Aivlisoft Inform\u00e1tica\",\"isPartOf\":{\"@id\":\"https:\/\/aivlisoft.net\/shop\/#website\"},\"primaryImageOfPage\":{\"@id\":\"https:\/\/aivlisoft.net\/shop\/producto\/ubiquiti-litebeam-ac-lbe-5ac-gen2-5ghz-23dbi\/#primaryimage\"},\"image\":{\"@id\":\"https:\/\/aivlisoft.net\/shop\/producto\/ubiquiti-litebeam-ac-lbe-5ac-gen2-5ghz-23dbi\/#primaryimage\"},\"thumbnailUrl\":\"https:\/\/aivlisoft.net\/shop\/wp-content\/uploads\/2025\/01\/NSWPAC0298_800.jpg\",\"datePublished\":\"2025-01-13T15:33:12+00:00\",\"dateModified\":\"2025-01-14T11:45:33+00:00\",\"breadcrumb\":{\"@id\":\"https:\/\/aivlisoft.net\/shop\/producto\/ubiquiti-litebeam-ac-lbe-5ac-gen2-5ghz-23dbi\/#breadcrumb\"},\"inLanguage\":\"es\",\"potentialAction\":[{\"@type\":\"ReadAction\",\"target\":[\"https:\/\/aivlisoft.net\/shop\/producto\/ubiquiti-litebeam-ac-lbe-5ac-gen2-5ghz-23dbi\/\"]}]},{\"@type\":\"ImageObject\",\"inLanguage\":\"es\",\"@id\":\"https:\/\/aivlisoft.net\/shop\/producto\/ubiquiti-litebeam-ac-lbe-5ac-gen2-5ghz-23dbi\/#primaryimage\",\"url\":\"https:\/\/aivlisoft.net\/shop\/wp-content\/uploads\/2025\/01\/NSWPAC0298_800.jpg\",\"contentUrl\":\"https:\/\/aivlisoft.net\/shop\/wp-content\/uploads\/2025\/01\/NSWPAC0298_800.jpg\",\"width\":800,\"height\":800},{\"@type\":\"BreadcrumbList\",\"@id\":\"https:\/\/aivlisoft.net\/shop\/producto\/ubiquiti-litebeam-ac-lbe-5ac-gen2-5ghz-23dbi\/#breadcrumb\",\"itemListElement\":[{\"@type\":\"ListItem\",\"position\":1,\"name\":\"Portada\",\"item\":\"https:\/\/aivlisoft.net\/shop\/\"},{\"@type\":\"ListItem\",\"position\":2,\"name\":\"Tienda\",\"item\":\"https:\/\/aivlisoft.net\/shop\/tienda\/\"},{\"@type\":\"ListItem\",\"position\":3,\"name\":\"Ubiquiti LiteBeam AC LBE-5AC-Gen2 5GHz 23dBi\"}]},{\"@type\":\"WebSite\",\"@id\":\"https:\/\/aivlisoft.net\/shop\/#website\",\"url\":\"https:\/\/aivlisoft.net\/shop\/\",\"name\":\"Aivlisoft Inform\u00e1tica\",\"description\":\"En Aivlisoft Inform\u00e1tica ofrecemos soluciones tecnol\u00f3gicas para empresas: venta de ordenadores, consumibles, perif\u00e9ricos y m\u00e1s. Calidad, atenci\u00f3n personalizada y los mejores precios para tu negocio.\",\"publisher\":{\"@id\":\"https:\/\/aivlisoft.net\/shop\/#organization\"},\"potentialAction\":[{\"@type\":\"SearchAction\",\"target\":{\"@type\":\"EntryPoint\",\"urlTemplate\":\"https:\/\/aivlisoft.net\/shop\/?s={search_term_string}\"},\"query-input\":{\"@type\":\"PropertyValueSpecification\",\"valueRequired\":true,\"valueName\":\"search_term_string\"}}],\"inLanguage\":\"es\"},{\"@type\":\"Organization\",\"@id\":\"https:\/\/aivlisoft.net\/shop\/#organization\",\"name\":\"Aivlisoft Inform\u00e1tica\",\"url\":\"https:\/\/aivlisoft.net\/shop\/\",\"logo\":{\"@type\":\"ImageObject\",\"inLanguage\":\"es\",\"@id\":\"https:\/\/aivlisoft.net\/shop\/#\/schema\/logo\/image\/\",\"url\":\"https:\/\/aivlisoft.net\/shop\/wp-content\/uploads\/2024\/12\/removal.ai_5b848c54-0cdf-4140-95c5-c5536bb7573b-logodef.png\",\"contentUrl\":\"https:\/\/aivlisoft.net\/shop\/wp-content\/uploads\/2024\/12\/removal.ai_5b848c54-0cdf-4140-95c5-c5536bb7573b-logodef.png\",\"width\":484,\"height\":182,\"caption\":\"Aivlisoft Inform\u00e1tica\"},\"image\":{\"@id\":\"https:\/\/aivlisoft.net\/shop\/#\/schema\/logo\/image\/\"}}]}<\/script>\n<!-- \/ Yoast SEO plugin. -->","yoast_head_json":{"title":"Ubiquiti LiteBeam AC LBE-5AC-Gen2 5GHz 23dBi - Aivlisoft Inform\u00e1tica","robots":{"index":"index","follow":"follow","max-snippet":"max-snippet:-1","max-image-preview":"max-image-preview:large","max-video-preview":"max-video-preview:-1"},"canonical":"https:\/\/aivlisoft.net\/shop\/producto\/ubiquiti-litebeam-ac-lbe-5ac-gen2-5ghz-23dbi\/","og_locale":"es_ES","og_type":"article","og_title":"Ubiquiti LiteBeam AC LBE-5AC-Gen2 5GHz 23dBi - Aivlisoft Inform\u00e1tica","og_description":"Red de gestion integradaEl Litebeam AC-Gen2 integra una red Wireless independiente para agilizar y facilitar la instalacion del equipo con un dispositivo movil. Antena de alta ganancia, 2&#215;2 MIMOEl LiteBeam ac dispone de una ganancia de 23dBi, para enlaces PTP de larga distancia gracias a su antena direccional, lo que aumenta la inmunidad al ruido.&hellip;&nbsp;Ubiquiti LiteBeam AC LBE-5AC-Gen2 5GHz 23dBi","og_url":"https:\/\/aivlisoft.net\/shop\/producto\/ubiquiti-litebeam-ac-lbe-5ac-gen2-5ghz-23dbi\/","og_site_name":"Aivlisoft Inform\u00e1tica","article_modified_time":"2025-01-14T11:45:33+00:00","og_image":[{"width":800,"height":800,"url":"https:\/\/aivlisoft.net\/shop\/wp-content\/uploads\/2025\/01\/NSWPAC0298_800.jpg","type":"image\/jpeg"}],"twitter_card":"summary_large_image","twitter_misc":{"Tiempo de lectura":"1 minuto"},"schema":{"@context":"https:\/\/schema.org","@graph":[{"@type":"WebPage","@id":"https:\/\/aivlisoft.net\/shop\/producto\/ubiquiti-litebeam-ac-lbe-5ac-gen2-5ghz-23dbi\/","url":"https:\/\/aivlisoft.net\/shop\/producto\/ubiquiti-litebeam-ac-lbe-5ac-gen2-5ghz-23dbi\/","name":"Ubiquiti LiteBeam AC LBE-5AC-Gen2 5GHz 23dBi - Aivlisoft Inform\u00e1tica","isPartOf":{"@id":"https:\/\/aivlisoft.net\/shop\/#website"},"primaryImageOfPage":{"@id":"https:\/\/aivlisoft.net\/shop\/producto\/ubiquiti-litebeam-ac-lbe-5ac-gen2-5ghz-23dbi\/#primaryimage"},"image":{"@id":"https:\/\/aivlisoft.net\/shop\/producto\/ubiquiti-litebeam-ac-lbe-5ac-gen2-5ghz-23dbi\/#primaryimage"},"thumbnailUrl":"https:\/\/aivlisoft.net\/shop\/wp-content\/uploads\/2025\/01\/NSWPAC0298_800.jpg","datePublished":"2025-01-13T15:33:12+00:00","dateModified":"2025-01-14T11:45:33+00:00","breadcrumb":{"@id":"https:\/\/aivlisoft.net\/shop\/producto\/ubiquiti-litebeam-ac-lbe-5ac-gen2-5ghz-23dbi\/#breadcrumb"},"inLanguage":"es","potentialAction":[{"@type":"ReadAction","target":["https:\/\/aivlisoft.net\/shop\/producto\/ubiquiti-litebeam-ac-lbe-5ac-gen2-5ghz-23dbi\/"]}]},{"@type":"ImageObject","inLanguage":"es","@id":"https:\/\/aivlisoft.net\/shop\/producto\/ubiquiti-litebeam-ac-lbe-5ac-gen2-5ghz-23dbi\/#primaryimage","url":"https:\/\/aivlisoft.net\/shop\/wp-content\/uploads\/2025\/01\/NSWPAC0298_800.jpg","contentUrl":"https:\/\/aivlisoft.net\/shop\/wp-content\/uploads\/2025\/01\/NSWPAC0298_800.jpg","width":800,"height":800},{"@type":"BreadcrumbList","@id":"https:\/\/aivlisoft.net\/shop\/producto\/ubiquiti-litebeam-ac-lbe-5ac-gen2-5ghz-23dbi\/#breadcrumb","itemListElement":[{"@type":"ListItem","position":1,"name":"Portada","item":"https:\/\/aivlisoft.net\/shop\/"},{"@type":"ListItem","position":2,"name":"Tienda","item":"https:\/\/aivlisoft.net\/shop\/tienda\/"},{"@type":"ListItem","position":3,"name":"Ubiquiti LiteBeam AC LBE-5AC-Gen2 5GHz 23dBi"}]},{"@type":"WebSite","@id":"https:\/\/aivlisoft.net\/shop\/#website","url":"https:\/\/aivlisoft.net\/shop\/","name":"Aivlisoft Inform\u00e1tica","description":"En Aivlisoft Inform\u00e1tica ofrecemos soluciones tecnol\u00f3gicas para empresas: venta de ordenadores, consumibles, perif\u00e9ricos y m\u00e1s. Calidad, atenci\u00f3n personalizada y los mejores precios para tu negocio.","publisher":{"@id":"https:\/\/aivlisoft.net\/shop\/#organization"},"potentialAction":[{"@type":"SearchAction","target":{"@type":"EntryPoint","urlTemplate":"https:\/\/aivlisoft.net\/shop\/?s={search_term_string}"},"query-input":{"@type":"PropertyValueSpecification","valueRequired":true,"valueName":"search_term_string"}}],"inLanguage":"es"},{"@type":"Organization","@id":"https:\/\/aivlisoft.net\/shop\/#organization","name":"Aivlisoft Inform\u00e1tica","url":"https:\/\/aivlisoft.net\/shop\/","logo":{"@type":"ImageObject","inLanguage":"es","@id":"https:\/\/aivlisoft.net\/shop\/#\/schema\/logo\/image\/","url":"https:\/\/aivlisoft.net\/shop\/wp-content\/uploads\/2024\/12\/removal.ai_5b848c54-0cdf-4140-95c5-c5536bb7573b-logodef.png","contentUrl":"https:\/\/aivlisoft.net\/shop\/wp-content\/uploads\/2024\/12\/removal.ai_5b848c54-0cdf-4140-95c5-c5536bb7573b-logodef.png","width":484,"height":182,"caption":"Aivlisoft Inform\u00e1tica"},"image":{"@id":"https:\/\/aivlisoft.net\/shop\/#\/schema\/logo\/image\/"}}]}},"_links":{"self":[{"href":"https:\/\/aivlisoft.net\/shop\/wp-json\/wp\/v2\/product\/19496","targetHints":{"allow":["GET"]}}],"collection":[{"href":"https:\/\/aivlisoft.net\/shop\/wp-json\/wp\/v2\/product"}],"about":[{"href":"https:\/\/aivlisoft.net\/shop\/wp-json\/wp\/v2\/types\/product"}],"wp:featuredmedia":[{"embeddable":true,"href":"https:\/\/aivlisoft.net\/shop\/wp-json\/wp\/v2\/media\/19497"}],"wp:attachment":[{"href":"https:\/\/aivlisoft.net\/shop\/wp-json\/wp\/v2\/media?parent=19496"}],"wp:term":[{"taxonomy":"product_brand","embeddable":true,"href":"https:\/\/aivlisoft.net\/shop\/wp-json\/wp\/v2\/product_brand?post=19496"},{"taxonomy":"product_cat","embeddable":true,"href":"https:\/\/aivlisoft.net\/shop\/wp-json\/wp\/v2\/product_cat?post=19496"},{"taxonomy":"product_tag","embeddable":true,"href":"https:\/\/aivlisoft.net\/shop\/wp-json\/wp\/v2\/product_tag?post=19496"}],"curies":[{"name":"wp","href":"https:\/\/api.w.org\/{rel}","templated":true}]}}