{"id":19491,"date":"2025-01-13T15:33:09","date_gmt":"2025-01-13T15:33:09","guid":{"rendered":"https:\/\/aivlisoft.com\/?post_type=product&#038;p=19491"},"modified":"2025-01-14T11:45:32","modified_gmt":"2025-01-14T11:45:32","slug":"tp-link-eap110-punto-acceso-n300-poe","status":"publish","type":"product","link":"https:\/\/aivlisoft.net\/shop\/producto\/tp-link-eap110-punto-acceso-n300-poe\/","title":{"rendered":"TP-LINK EAP110 Punto Acceso N300 PoE"},"content":{"rendered":"<p><strong><\/strong><strong>Punto de Acceso Inal&aacute;mbrico N a 300Mbps, de Montaje en Techo EAP110<\/strong><br \/>&#8211; El Software Controlador EAP permite a los administradores gestionar f&aacute;cilmente cientos de EAPs<br \/>&#8211; Soporta PoE pasivo para una instalaci&oacute;n de hasta 100 metros<br \/>&#8211; El dise&ntilde;o ofrece, para su montaje en el techo o en la pared, una carcasa f&aacute;cil de colocar<br \/>&#8211; El Portal Cautivo proporciona un m&eacute;todo de autenticaci&oacute;n para los clientes Wi-Fi<br \/>&#8211; El Multi-SSID divide en m&uacute;ltiples redes inal&aacute;mbricas para diferentes usuarios<br \/>&#8211; La seguridad Wi-Fi a nivel empresarial, ayuda a disminuir las amenazas de seguridad de la red<\/p>\n<table class=\"tabla_caracteristicas k-table\" width=\"100%\">\n<tbody>\n<tr>\n<td valign=\"top\"><strong>Marca<\/strong><\/td>\n<td>TP-LINK<\/td>\n<\/tr>\n<tr>\n<td valign=\"top\"><strong>Modelo<\/strong><\/td>\n<td valign=\"top\"><strong><\/strong><strong>EAP110<\/strong><\/td>\n<\/tr>\n<tr>\n<td valign=\"top\"><strong>Caracteristicas<\/strong><\/td>\n<td><strong>Caracter&iacute;sticas hardware<\/strong><br \/>&#8211; Interfaz: Fast Ethernet (RJ-45) Port *1 (Soporta PoE Pasivo)<br \/>&#8211; Botones: Reset<br \/>&#8211; Fuente de Alimentaci&oacute;n: Alimentador PoE Pasivo 24VDC \/ 1A<br \/>&#8211; Consumo de Potencia: 7.7W<br \/>&#8211; Est&aacute;ndares Inal&aacute;mbricos: IEEE 802.11n, IEEE 802.11g, IEEE 802.11b<br \/>&#8211; Dimensiones: 180*180*47.5mm (7.1 x 7.1 x 1.9 in.)<br \/>&#8211; Tipo de Antena: 2 Internas de 3dBi Omnidireccionales<br \/>&#8211; M ontaje: Montaje en Techo \/ Pared (Kits incluidos)<br \/>&#8211; Bloqueo de Seguridad F&iacute;sico: Ranura de Bloqueo Kensington<br \/>&#8211; Watch Dog: Si<br \/><strong>Caracteristicas software<\/strong><br \/>&#8211; Est&aacute;ndares Inal&aacute;mbricos: IEEE 802.11n, IEEE 802.11g, IEEE 802.11b<br \/>&#8211; Frecuencia: 2.4-2.4835GHz<br \/>&#8211; Tasa de Se&ntilde;al: 11n: Hasta 300Mbps (din&aacute;mico)<br \/>&nbsp; 11g: Hasta 54Mbps (din&aacute;mico)<br \/>&nbsp; 11b: Hasta 11Mbps (din&aacute;mico)<br \/>&#8211; Sensibilidad de Recepci&oacute;n: 300M: -71dBm@10% PER<br \/>&nbsp; 150M: -75dBm@10% PER<br \/>&nbsp; 54M: -78dBm@10% PER<br \/>&nbsp; 11M: -93dBm@8% PER<br \/>&nbsp; 6M: -92dBm@10% PER<br \/>&nbsp; 1M: -96dBm@8% PER<br \/>&#8211; Funciones Inal&aacute;mbricas: M&uacute;ltiples SSIDs (Hasta 8 SSIDs)<br \/>&nbsp; Habilitar\/Deshabilitar Radio Inal&aacute;mbrica<br \/>&nbsp; Asignaci&oacute;n de Canal Autom&aacute;tico<br \/>&nbsp; Control de Potencia de Transmisi&oacute;n (Potencia de Transmisi&oacute;n Ajustable en dBm)<br \/>&nbsp; QoS(WMM)<br \/>&nbsp; Balanceo de Carga<br \/>&nbsp; Horario Inal&aacute;mbrico<br \/>&nbsp; Estad&iacute;sticas Inal&aacute;mbricas basadas en SSID\/Punto de Acceso\/Cliente<br \/>&#8211; Seguridad Inal&aacute;mbrica: Autenticaci&oacute;n mediante Portal Cautivo<br \/>&nbsp; Filtrado de Direcciones Mac Inal&aacute;mbrico<br \/>&nbsp; Aislamiento Inal&aacute;mbrico Entre Clientes<br \/>&nbsp; Mapeo SSID a VLAN<br \/>&nbsp; Detecci&oacute;n de Punto de Acceso No Autorizado<br \/>&nbsp; Soporta 802.1X<br \/>&nbsp; 64\/128\/152-bit WEP \/ WPA \/ WPA2-Enterprise,WPA-PSK \/ WPA2-PSK<br \/>&#8211; Potencia de Transmisi&oacute;n: CE:<br \/>&nbsp; &lt;20dBm<br \/>&nbsp; FCC:<br \/>&nbsp; &lt;26dBm<br \/><strong>Gesti&oacute;n<\/strong><br \/>&#8211; Software Controlador EAP: S&iacute;<br \/>&#8211; Alertas por Correo Electr&oacute;nico: S&iacute;<br \/>&#8211; LED de control ON \/ OFF: S&iacute;<br \/>&#8211; Control de Gesti&oacute;n de Acceso MAC: S&iacute;<br \/>&#8211; SNMP: v1,v2c<br \/>&#8211; Acceso al Registro de Sistema Local\/ Registro del Sistema Remoto: Local\/ Syslog Remoto<br \/>&#8211; Telnet: S&iacute;<br \/>&#8211; Gesti&oacute;n basada en Web: HTTP\/HTTPS<br \/>&#8211; VLAN de Gesti&oacute;n: Yes<br \/><strong>Otros<\/strong><br \/>&#8211; Certificaciones: CE, FCC, RoHS<br \/>&#8211; Contenido del Paquete: Punto de Acceso de Montaje en Techo Inal&aacute;mbrico N a 300Mbps EAP110<br \/>&nbsp; Adaptador PoE Pasivo,<br \/>&nbsp; Cable de Alimentaci&oacute;n,<br \/>&nbsp; Kit de Montaje<br \/>&nbsp; CD de Recursos<br \/>&nbsp; Gu&iacute;a de Instalaci&oacute;n<br \/>&#8211; Requisitos del sistema: Microsoft Windows 8\/7\/Vista\/XP<br \/>&#8211; Factores Ambientales: Temperatura en Funcionamiento: 0&deg;C~40&deg;C (32?~104?)<br \/>&nbsp; Temperatura de Almacenaje: -40?~70? (-40?~158?)<br \/>&nbsp; Humedad en Funcionamiento: 10%~90% sin condensaci&oacute;n<br \/>&nbsp; Humedad de Almacenamiento: 5%~90% sin condensaci&oacute;n<\/td>\n<\/tr>\n<tr>\n<td valign=\"top\"><strong>Fecha Revisi&oacute;n<\/strong><\/td>\n<td>08-06-2017 por MSB<\/td>\n<\/tr>\n<\/tbody>\n<\/table>\n","protected":false},"excerpt":{"rendered":"<p>Punto de Acceso Inal&aacute;mbrico N a 300Mbps, de Montaje en Techo EAP110&#8211; El Software Controlador EAP permite a los administradores gestionar f&aacute;cilmente cientos de EAPs&#8211; Soporta PoE pasivo para una instalaci&oacute;n de hasta 100 metros&#8211; El dise&ntilde;o ofrece, para su montaje en el techo o en la pared, una carcasa f&aacute;cil de colocar&#8211; El Portal&hellip;&nbsp;<a href=\"https:\/\/aivlisoft.net\/shop\/producto\/tp-link-eap110-punto-acceso-n300-poe\/\" rel=\"bookmark\"><span class=\"screen-reader-text\">TP-LINK EAP110 Punto Acceso N300 PoE<\/span><\/a><\/p>\n","protected":false},"featured_media":19492,"template":"","meta":{"neve_meta_sidebar":"","neve_meta_container":"","neve_meta_enable_content_width":"","neve_meta_content_width":0,"neve_meta_title_alignment":"","neve_meta_author_avatar":"","neve_post_elements_order":"","neve_meta_disable_header":"","neve_meta_disable_footer":"","neve_meta_disable_title":""},"product_brand":[],"product_cat":[8770],"product_tag":[7038],"class_list":{"0":"post-19491","1":"product","2":"type-product","3":"status-publish","4":"has-post-thumbnail","6":"product_cat-puntos-de-acceso","7":"product_tag-eap110","9":"first","10":"instock","11":"taxable","12":"shipping-taxable","13":"purchasable","14":"product-type-simple"},"yoast_head":"<!-- This site is optimized with the Yoast SEO plugin v26.0 - https:\/\/yoast.com\/wordpress\/plugins\/seo\/ -->\n<title>TP-LINK EAP110 Punto Acceso N300 PoE - Aivlisoft Inform\u00e1tica<\/title>\n<meta name=\"robots\" content=\"index, follow, max-snippet:-1, max-image-preview:large, max-video-preview:-1\" \/>\n<link rel=\"canonical\" href=\"https:\/\/aivlisoft.net\/shop\/producto\/tp-link-eap110-punto-acceso-n300-poe\/\" \/>\n<meta property=\"og:locale\" content=\"es_ES\" \/>\n<meta property=\"og:type\" content=\"article\" \/>\n<meta property=\"og:title\" content=\"TP-LINK EAP110 Punto Acceso N300 PoE - Aivlisoft Inform\u00e1tica\" \/>\n<meta property=\"og:description\" content=\"Punto de Acceso Inal&aacute;mbrico N a 300Mbps, de Montaje en Techo EAP110&#8211; El Software Controlador EAP permite a los administradores gestionar f&aacute;cilmente cientos de EAPs&#8211; Soporta PoE pasivo para una instalaci&oacute;n de hasta 100 metros&#8211; El dise&ntilde;o ofrece, para su montaje en el techo o en la pared, una carcasa f&aacute;cil de colocar&#8211; El Portal&hellip;&nbsp;TP-LINK EAP110 Punto Acceso N300 PoE\" \/>\n<meta property=\"og:url\" content=\"https:\/\/aivlisoft.net\/shop\/producto\/tp-link-eap110-punto-acceso-n300-poe\/\" \/>\n<meta property=\"og:site_name\" content=\"Aivlisoft Inform\u00e1tica\" \/>\n<meta property=\"article:modified_time\" content=\"2025-01-14T11:45:32+00:00\" \/>\n<meta property=\"og:image\" content=\"https:\/\/aivlisoft.net\/shop\/wp-content\/uploads\/2025\/01\/NSWPAC0292_800.jpg\" \/>\n\t<meta property=\"og:image:width\" content=\"800\" \/>\n\t<meta property=\"og:image:height\" content=\"800\" \/>\n\t<meta property=\"og:image:type\" content=\"image\/jpeg\" \/>\n<meta name=\"twitter:card\" content=\"summary_large_image\" \/>\n<meta name=\"twitter:label1\" content=\"Tiempo de lectura\" \/>\n\t<meta name=\"twitter:data1\" content=\"3 minutos\" \/>\n<script type=\"application\/ld+json\" class=\"yoast-schema-graph\">{\"@context\":\"https:\/\/schema.org\",\"@graph\":[{\"@type\":\"WebPage\",\"@id\":\"https:\/\/aivlisoft.net\/shop\/producto\/tp-link-eap110-punto-acceso-n300-poe\/\",\"url\":\"https:\/\/aivlisoft.net\/shop\/producto\/tp-link-eap110-punto-acceso-n300-poe\/\",\"name\":\"TP-LINK EAP110 Punto Acceso N300 PoE - Aivlisoft Inform\u00e1tica\",\"isPartOf\":{\"@id\":\"https:\/\/aivlisoft.net\/shop\/#website\"},\"primaryImageOfPage\":{\"@id\":\"https:\/\/aivlisoft.net\/shop\/producto\/tp-link-eap110-punto-acceso-n300-poe\/#primaryimage\"},\"image\":{\"@id\":\"https:\/\/aivlisoft.net\/shop\/producto\/tp-link-eap110-punto-acceso-n300-poe\/#primaryimage\"},\"thumbnailUrl\":\"https:\/\/aivlisoft.net\/shop\/wp-content\/uploads\/2025\/01\/NSWPAC0292_800.jpg\",\"datePublished\":\"2025-01-13T15:33:09+00:00\",\"dateModified\":\"2025-01-14T11:45:32+00:00\",\"breadcrumb\":{\"@id\":\"https:\/\/aivlisoft.net\/shop\/producto\/tp-link-eap110-punto-acceso-n300-poe\/#breadcrumb\"},\"inLanguage\":\"es\",\"potentialAction\":[{\"@type\":\"ReadAction\",\"target\":[\"https:\/\/aivlisoft.net\/shop\/producto\/tp-link-eap110-punto-acceso-n300-poe\/\"]}]},{\"@type\":\"ImageObject\",\"inLanguage\":\"es\",\"@id\":\"https:\/\/aivlisoft.net\/shop\/producto\/tp-link-eap110-punto-acceso-n300-poe\/#primaryimage\",\"url\":\"https:\/\/aivlisoft.net\/shop\/wp-content\/uploads\/2025\/01\/NSWPAC0292_800.jpg\",\"contentUrl\":\"https:\/\/aivlisoft.net\/shop\/wp-content\/uploads\/2025\/01\/NSWPAC0292_800.jpg\",\"width\":800,\"height\":800},{\"@type\":\"BreadcrumbList\",\"@id\":\"https:\/\/aivlisoft.net\/shop\/producto\/tp-link-eap110-punto-acceso-n300-poe\/#breadcrumb\",\"itemListElement\":[{\"@type\":\"ListItem\",\"position\":1,\"name\":\"Portada\",\"item\":\"https:\/\/aivlisoft.net\/shop\/\"},{\"@type\":\"ListItem\",\"position\":2,\"name\":\"Tienda\",\"item\":\"https:\/\/aivlisoft.net\/shop\/tienda\/\"},{\"@type\":\"ListItem\",\"position\":3,\"name\":\"TP-LINK EAP110 Punto Acceso N300 PoE\"}]},{\"@type\":\"WebSite\",\"@id\":\"https:\/\/aivlisoft.net\/shop\/#website\",\"url\":\"https:\/\/aivlisoft.net\/shop\/\",\"name\":\"Aivlisoft Inform\u00e1tica\",\"description\":\"En Aivlisoft Inform\u00e1tica ofrecemos soluciones tecnol\u00f3gicas para empresas: venta de ordenadores, consumibles, perif\u00e9ricos y m\u00e1s. Calidad, atenci\u00f3n personalizada y los mejores precios para tu negocio.\",\"publisher\":{\"@id\":\"https:\/\/aivlisoft.net\/shop\/#organization\"},\"potentialAction\":[{\"@type\":\"SearchAction\",\"target\":{\"@type\":\"EntryPoint\",\"urlTemplate\":\"https:\/\/aivlisoft.net\/shop\/?s={search_term_string}\"},\"query-input\":{\"@type\":\"PropertyValueSpecification\",\"valueRequired\":true,\"valueName\":\"search_term_string\"}}],\"inLanguage\":\"es\"},{\"@type\":\"Organization\",\"@id\":\"https:\/\/aivlisoft.net\/shop\/#organization\",\"name\":\"Aivlisoft Inform\u00e1tica\",\"url\":\"https:\/\/aivlisoft.net\/shop\/\",\"logo\":{\"@type\":\"ImageObject\",\"inLanguage\":\"es\",\"@id\":\"https:\/\/aivlisoft.net\/shop\/#\/schema\/logo\/image\/\",\"url\":\"https:\/\/aivlisoft.net\/shop\/wp-content\/uploads\/2024\/12\/removal.ai_5b848c54-0cdf-4140-95c5-c5536bb7573b-logodef.png\",\"contentUrl\":\"https:\/\/aivlisoft.net\/shop\/wp-content\/uploads\/2024\/12\/removal.ai_5b848c54-0cdf-4140-95c5-c5536bb7573b-logodef.png\",\"width\":484,\"height\":182,\"caption\":\"Aivlisoft Inform\u00e1tica\"},\"image\":{\"@id\":\"https:\/\/aivlisoft.net\/shop\/#\/schema\/logo\/image\/\"}}]}<\/script>\n<!-- \/ Yoast SEO plugin. -->","yoast_head_json":{"title":"TP-LINK EAP110 Punto Acceso N300 PoE - Aivlisoft Inform\u00e1tica","robots":{"index":"index","follow":"follow","max-snippet":"max-snippet:-1","max-image-preview":"max-image-preview:large","max-video-preview":"max-video-preview:-1"},"canonical":"https:\/\/aivlisoft.net\/shop\/producto\/tp-link-eap110-punto-acceso-n300-poe\/","og_locale":"es_ES","og_type":"article","og_title":"TP-LINK EAP110 Punto Acceso N300 PoE - Aivlisoft Inform\u00e1tica","og_description":"Punto de Acceso Inal&aacute;mbrico N a 300Mbps, de Montaje en Techo EAP110&#8211; El Software Controlador EAP permite a los administradores gestionar f&aacute;cilmente cientos de EAPs&#8211; Soporta PoE pasivo para una instalaci&oacute;n de hasta 100 metros&#8211; El dise&ntilde;o ofrece, para su montaje en el techo o en la pared, una carcasa f&aacute;cil de colocar&#8211; El Portal&hellip;&nbsp;TP-LINK EAP110 Punto Acceso N300 PoE","og_url":"https:\/\/aivlisoft.net\/shop\/producto\/tp-link-eap110-punto-acceso-n300-poe\/","og_site_name":"Aivlisoft Inform\u00e1tica","article_modified_time":"2025-01-14T11:45:32+00:00","og_image":[{"width":800,"height":800,"url":"https:\/\/aivlisoft.net\/shop\/wp-content\/uploads\/2025\/01\/NSWPAC0292_800.jpg","type":"image\/jpeg"}],"twitter_card":"summary_large_image","twitter_misc":{"Tiempo de lectura":"3 minutos"},"schema":{"@context":"https:\/\/schema.org","@graph":[{"@type":"WebPage","@id":"https:\/\/aivlisoft.net\/shop\/producto\/tp-link-eap110-punto-acceso-n300-poe\/","url":"https:\/\/aivlisoft.net\/shop\/producto\/tp-link-eap110-punto-acceso-n300-poe\/","name":"TP-LINK EAP110 Punto Acceso N300 PoE - Aivlisoft Inform\u00e1tica","isPartOf":{"@id":"https:\/\/aivlisoft.net\/shop\/#website"},"primaryImageOfPage":{"@id":"https:\/\/aivlisoft.net\/shop\/producto\/tp-link-eap110-punto-acceso-n300-poe\/#primaryimage"},"image":{"@id":"https:\/\/aivlisoft.net\/shop\/producto\/tp-link-eap110-punto-acceso-n300-poe\/#primaryimage"},"thumbnailUrl":"https:\/\/aivlisoft.net\/shop\/wp-content\/uploads\/2025\/01\/NSWPAC0292_800.jpg","datePublished":"2025-01-13T15:33:09+00:00","dateModified":"2025-01-14T11:45:32+00:00","breadcrumb":{"@id":"https:\/\/aivlisoft.net\/shop\/producto\/tp-link-eap110-punto-acceso-n300-poe\/#breadcrumb"},"inLanguage":"es","potentialAction":[{"@type":"ReadAction","target":["https:\/\/aivlisoft.net\/shop\/producto\/tp-link-eap110-punto-acceso-n300-poe\/"]}]},{"@type":"ImageObject","inLanguage":"es","@id":"https:\/\/aivlisoft.net\/shop\/producto\/tp-link-eap110-punto-acceso-n300-poe\/#primaryimage","url":"https:\/\/aivlisoft.net\/shop\/wp-content\/uploads\/2025\/01\/NSWPAC0292_800.jpg","contentUrl":"https:\/\/aivlisoft.net\/shop\/wp-content\/uploads\/2025\/01\/NSWPAC0292_800.jpg","width":800,"height":800},{"@type":"BreadcrumbList","@id":"https:\/\/aivlisoft.net\/shop\/producto\/tp-link-eap110-punto-acceso-n300-poe\/#breadcrumb","itemListElement":[{"@type":"ListItem","position":1,"name":"Portada","item":"https:\/\/aivlisoft.net\/shop\/"},{"@type":"ListItem","position":2,"name":"Tienda","item":"https:\/\/aivlisoft.net\/shop\/tienda\/"},{"@type":"ListItem","position":3,"name":"TP-LINK EAP110 Punto Acceso N300 PoE"}]},{"@type":"WebSite","@id":"https:\/\/aivlisoft.net\/shop\/#website","url":"https:\/\/aivlisoft.net\/shop\/","name":"Aivlisoft Inform\u00e1tica","description":"En Aivlisoft Inform\u00e1tica ofrecemos soluciones tecnol\u00f3gicas para empresas: venta de ordenadores, consumibles, perif\u00e9ricos y m\u00e1s. Calidad, atenci\u00f3n personalizada y los mejores precios para tu negocio.","publisher":{"@id":"https:\/\/aivlisoft.net\/shop\/#organization"},"potentialAction":[{"@type":"SearchAction","target":{"@type":"EntryPoint","urlTemplate":"https:\/\/aivlisoft.net\/shop\/?s={search_term_string}"},"query-input":{"@type":"PropertyValueSpecification","valueRequired":true,"valueName":"search_term_string"}}],"inLanguage":"es"},{"@type":"Organization","@id":"https:\/\/aivlisoft.net\/shop\/#organization","name":"Aivlisoft Inform\u00e1tica","url":"https:\/\/aivlisoft.net\/shop\/","logo":{"@type":"ImageObject","inLanguage":"es","@id":"https:\/\/aivlisoft.net\/shop\/#\/schema\/logo\/image\/","url":"https:\/\/aivlisoft.net\/shop\/wp-content\/uploads\/2024\/12\/removal.ai_5b848c54-0cdf-4140-95c5-c5536bb7573b-logodef.png","contentUrl":"https:\/\/aivlisoft.net\/shop\/wp-content\/uploads\/2024\/12\/removal.ai_5b848c54-0cdf-4140-95c5-c5536bb7573b-logodef.png","width":484,"height":182,"caption":"Aivlisoft Inform\u00e1tica"},"image":{"@id":"https:\/\/aivlisoft.net\/shop\/#\/schema\/logo\/image\/"}}]}},"_links":{"self":[{"href":"https:\/\/aivlisoft.net\/shop\/wp-json\/wp\/v2\/product\/19491","targetHints":{"allow":["GET"]}}],"collection":[{"href":"https:\/\/aivlisoft.net\/shop\/wp-json\/wp\/v2\/product"}],"about":[{"href":"https:\/\/aivlisoft.net\/shop\/wp-json\/wp\/v2\/types\/product"}],"wp:featuredmedia":[{"embeddable":true,"href":"https:\/\/aivlisoft.net\/shop\/wp-json\/wp\/v2\/media\/19492"}],"wp:attachment":[{"href":"https:\/\/aivlisoft.net\/shop\/wp-json\/wp\/v2\/media?parent=19491"}],"wp:term":[{"taxonomy":"product_brand","embeddable":true,"href":"https:\/\/aivlisoft.net\/shop\/wp-json\/wp\/v2\/product_brand?post=19491"},{"taxonomy":"product_cat","embeddable":true,"href":"https:\/\/aivlisoft.net\/shop\/wp-json\/wp\/v2\/product_cat?post=19491"},{"taxonomy":"product_tag","embeddable":true,"href":"https:\/\/aivlisoft.net\/shop\/wp-json\/wp\/v2\/product_tag?post=19491"}],"curies":[{"name":"wp","href":"https:\/\/api.w.org\/{rel}","templated":true}]}}