{"id":19476,"date":"2025-01-13T15:33:01","date_gmt":"2025-01-13T15:33:01","guid":{"rendered":"https:\/\/aivlisoft.com\/?post_type=product&#038;p=19476"},"modified":"2025-01-14T11:45:28","modified_gmt":"2025-01-14T11:45:28","slug":"d-link-dap-1325-punto-acceso-repetidor-n300","status":"publish","type":"product","link":"https:\/\/aivlisoft.net\/shop\/producto\/d-link-dap-1325-punto-acceso-repetidor-n300\/","title":{"rendered":"D-Link DAP-1325 Punto Acceso Repetidor N300"},"content":{"rendered":"<p>El DAP-1325 N300 WiFi Range Extender es un repetidor port&aacute;til plug-in que le permite ampliar una red inal&aacute;mbrica existente. Simplemente col&oacute;quelo en cualquier lugar en su casa para ampliar el alcance de su red inal&aacute;mbrica. Soporte Wireless N, este peque&ntilde;o pero poderoso extensor de alcance N300 Wi-Fi te da velocidades de conexi&oacute;n de hasta 300 Mbps, sin dejar de ser compatible con los dispositivos inal&aacute;mbricos existentes.<\/p>\n<table class=\"tabla_caracteristicas k-table\" width=\"100%\">\n<tbody>\n<tr>\n<td valign=\"top\"><strong>Marca<\/strong><\/td>\n<td>D-Link<\/td>\n<\/tr>\n<tr>\n<td valign=\"top\"><strong>Modelo<\/strong><\/td>\n<td><strong>DAP-1325<\/strong><\/td>\n<\/tr>\n<tr>\n<td valign=\"top\"><strong>Caracter&iacute;sticas<\/strong><\/td>\n<td><strong>Interfaces del dispositivo<\/strong><br \/>&#8211; LAN inal&aacute;mbrica 802.11n \/ g \/ b<br \/>&#8211; Puerto Ethernet 10\/100<br \/>&#8211; Bot&oacute;n de reinicio<br \/>&#8211; Bot&oacute;n WPS<br \/><strong>Est&aacute;ndares<\/strong><br \/>&#8211; IEEE 802.11n<br \/>&#8211; IEEE 802.11g<br \/>&#8211; IEEE 802.11b<br \/>&#8211; IEEE 802.3ab<br \/><strong>Certificaciones<\/strong><br \/>&#8211; FCC<br \/>&#8211; IC<br \/>&#8211; CE<br \/>&#8211; RCM<br \/>&#8211; IDA<br \/>&#8211; CB<br \/>&#8211; LVD<br \/>&#8211; UL<br \/>&#8211; WPS<br \/>&#8211; Certificado Wi-Fi<br \/>&#8211; RoHS<\/td>\n<\/tr>\n<tr>\n<td><strong>Funcionalidades<\/strong><\/td>\n<td><strong><\/strong><strong>Seguridad inal&aacute;mbrica<\/strong><br \/>&#8211; Acceso protegido Wi-Fi (WPA \/ WPA2)<br \/>&#8211; WPS (PBC)<br \/><strong>Caracter&iacute;sticas avanzadas<\/strong><br \/>&#8211; Extensi&oacute;n de un solo toque D-Link Setup<br \/><strong>Gesti&oacute;n de dispositivos<\/strong><br \/>&#8211; Soporta la aplicaci&oacute;n QRS Mobile para iPhone, iPad, iPod touch y dispositivos m&oacute;viles Android<br \/>&#8211; Interfaz web<br \/><strong>Conectividad<\/strong><br \/>&#8211; Wireless N le ofrece alta velocidad inal&aacute;mbrica para todos sus dispositivos<br \/>&#8211; Compatibilidad con la compatibilidad inal&aacute;mbrica 802.11g<br \/>&#8211; Velocidades inal&aacute;mbricas de hasta 300 Mbps<br \/>&#8211; Puerto Ethernet r&aacute;pido 10\/100<br \/><strong>Seguridad<\/strong><br \/>&#8211; Cifrado inal&aacute;mbrico WPA2 \/ WPA para mantener su Conexi&oacute;n inal&aacute;mbrica segura<br \/>&#8211; Wi-Fi Protected Setup (WPS) para una configuraci&oacute;n segura pulsando un solo bot&oacute;n<br \/><strong>F&aacute;cil de usar<\/strong><br \/>&#8211; Dise&ntilde;o de enchufe de pared de una pieza es compacto, port&aacute;til, y no requiere cables de alimentaci&oacute;n adicionales<br \/>&#8211; Asistente de configuraci&oacute;n incorporado y aplicaci&oacute;n QRS Mobile para dispositivos m&oacute;viles gu&iacute;an a trav&eacute;s de la instalaci&oacute;n<\/td>\n<\/tr>\n<tr>\n<td><strong>Fisicas<\/strong><\/td>\n<td><strong>Antenas<\/strong><br \/>&#8211; 2 x antenas externas<br \/><strong>LEDs<\/strong><br \/>&#8211; Estado \/ WPS<br \/>&#8211; Indicador de intensidad de se&ntilde;al Wi-Fi de 3 segmentos<br \/><strong>Dimensiones<\/strong><br \/>&#8211; 97,9 x 50,7 x 48,7 mm<br \/><strong>Peso<\/strong><br \/>&#8211; 97g<br \/><strong><\/strong><strong>Alimentaci&oacute;n<\/strong><br \/>&#8211; Entrada: 110 a 240 V AC, 50\/60 Hz<br \/><strong>Temperatura<\/strong><br \/>&#8211; Funcionamiento: 0 a 40 &deg; C (32 a 104 &deg; F)<br \/>&#8211; Almacenamiento: -20 a 65 &deg; C (-4 a 149 &deg; F)<br \/><strong>Humedad<\/strong><br \/>&#8211; Funcionamiento: 10% a 90% sin condensaci&oacute;n<br \/>&#8211; Almacenamiento: 5% a 95% sin condensaci&oacute;n<\/td>\n<\/tr>\n<tr>\n<td><strong>Fecha de revisi&oacute;n<\/strong><\/td>\n<td>25-04-2017 por MSB<\/td>\n<\/tr>\n<\/tbody>\n<\/table>\n","protected":false},"excerpt":{"rendered":"<p>El DAP-1325 N300 WiFi Range Extender es un repetidor port&aacute;til plug-in que le permite ampliar una red inal&aacute;mbrica existente. Simplemente col&oacute;quelo en cualquier lugar en su casa para ampliar el alcance de su red inal&aacute;mbrica. Soporte Wireless N, este peque&ntilde;o pero poderoso extensor de alcance N300 Wi-Fi te da velocidades de conexi&oacute;n de hasta 300&hellip;&nbsp;<a href=\"https:\/\/aivlisoft.net\/shop\/producto\/d-link-dap-1325-punto-acceso-repetidor-n300\/\" rel=\"bookmark\"><span class=\"screen-reader-text\">D-Link DAP-1325 Punto Acceso Repetidor N300<\/span><\/a><\/p>\n","protected":false},"featured_media":19477,"template":"","meta":{"neve_meta_sidebar":"","neve_meta_container":"","neve_meta_enable_content_width":"","neve_meta_content_width":0,"neve_meta_title_alignment":"","neve_meta_author_avatar":"","neve_post_elements_order":"","neve_meta_disable_header":"","neve_meta_disable_footer":"","neve_meta_disable_title":""},"product_brand":[],"product_cat":[8770],"product_tag":[7035],"class_list":{"0":"post-19476","1":"product","2":"type-product","3":"status-publish","4":"has-post-thumbnail","6":"product_cat-puntos-de-acceso","7":"product_tag-dap-1325","9":"first","10":"instock","11":"taxable","12":"shipping-taxable","13":"purchasable","14":"product-type-simple"},"yoast_head":"<!-- This site is optimized with the Yoast SEO plugin v26.0 - https:\/\/yoast.com\/wordpress\/plugins\/seo\/ -->\n<title>D-Link DAP-1325 Punto Acceso Repetidor N300 - Aivlisoft Inform\u00e1tica<\/title>\n<meta name=\"robots\" content=\"index, follow, max-snippet:-1, max-image-preview:large, max-video-preview:-1\" \/>\n<link rel=\"canonical\" href=\"https:\/\/aivlisoft.net\/shop\/producto\/d-link-dap-1325-punto-acceso-repetidor-n300\/\" \/>\n<meta property=\"og:locale\" content=\"es_ES\" \/>\n<meta property=\"og:type\" content=\"article\" \/>\n<meta property=\"og:title\" content=\"D-Link DAP-1325 Punto Acceso Repetidor N300 - Aivlisoft Inform\u00e1tica\" \/>\n<meta property=\"og:description\" content=\"El DAP-1325 N300 WiFi Range Extender es un repetidor port&aacute;til plug-in que le permite ampliar una red inal&aacute;mbrica existente. Simplemente col&oacute;quelo en cualquier lugar en su casa para ampliar el alcance de su red inal&aacute;mbrica. Soporte Wireless N, este peque&ntilde;o pero poderoso extensor de alcance N300 Wi-Fi te da velocidades de conexi&oacute;n de hasta 300&hellip;&nbsp;D-Link DAP-1325 Punto Acceso Repetidor N300\" \/>\n<meta property=\"og:url\" content=\"https:\/\/aivlisoft.net\/shop\/producto\/d-link-dap-1325-punto-acceso-repetidor-n300\/\" \/>\n<meta property=\"og:site_name\" content=\"Aivlisoft Inform\u00e1tica\" \/>\n<meta property=\"article:modified_time\" content=\"2025-01-14T11:45:28+00:00\" \/>\n<meta property=\"og:image\" content=\"https:\/\/aivlisoft.net\/shop\/wp-content\/uploads\/2025\/01\/NSWPAC0283_800.jpg\" \/>\n\t<meta property=\"og:image:width\" content=\"800\" \/>\n\t<meta property=\"og:image:height\" content=\"800\" \/>\n\t<meta property=\"og:image:type\" content=\"image\/jpeg\" \/>\n<meta name=\"twitter:card\" content=\"summary_large_image\" \/>\n<meta name=\"twitter:label1\" content=\"Tiempo de lectura\" \/>\n\t<meta name=\"twitter:data1\" content=\"2 minutos\" \/>\n<script type=\"application\/ld+json\" class=\"yoast-schema-graph\">{\"@context\":\"https:\/\/schema.org\",\"@graph\":[{\"@type\":\"WebPage\",\"@id\":\"https:\/\/aivlisoft.net\/shop\/producto\/d-link-dap-1325-punto-acceso-repetidor-n300\/\",\"url\":\"https:\/\/aivlisoft.net\/shop\/producto\/d-link-dap-1325-punto-acceso-repetidor-n300\/\",\"name\":\"D-Link DAP-1325 Punto Acceso Repetidor N300 - Aivlisoft Inform\u00e1tica\",\"isPartOf\":{\"@id\":\"https:\/\/aivlisoft.net\/shop\/#website\"},\"primaryImageOfPage\":{\"@id\":\"https:\/\/aivlisoft.net\/shop\/producto\/d-link-dap-1325-punto-acceso-repetidor-n300\/#primaryimage\"},\"image\":{\"@id\":\"https:\/\/aivlisoft.net\/shop\/producto\/d-link-dap-1325-punto-acceso-repetidor-n300\/#primaryimage\"},\"thumbnailUrl\":\"https:\/\/aivlisoft.net\/shop\/wp-content\/uploads\/2025\/01\/NSWPAC0283_800.jpg\",\"datePublished\":\"2025-01-13T15:33:01+00:00\",\"dateModified\":\"2025-01-14T11:45:28+00:00\",\"breadcrumb\":{\"@id\":\"https:\/\/aivlisoft.net\/shop\/producto\/d-link-dap-1325-punto-acceso-repetidor-n300\/#breadcrumb\"},\"inLanguage\":\"es\",\"potentialAction\":[{\"@type\":\"ReadAction\",\"target\":[\"https:\/\/aivlisoft.net\/shop\/producto\/d-link-dap-1325-punto-acceso-repetidor-n300\/\"]}]},{\"@type\":\"ImageObject\",\"inLanguage\":\"es\",\"@id\":\"https:\/\/aivlisoft.net\/shop\/producto\/d-link-dap-1325-punto-acceso-repetidor-n300\/#primaryimage\",\"url\":\"https:\/\/aivlisoft.net\/shop\/wp-content\/uploads\/2025\/01\/NSWPAC0283_800.jpg\",\"contentUrl\":\"https:\/\/aivlisoft.net\/shop\/wp-content\/uploads\/2025\/01\/NSWPAC0283_800.jpg\",\"width\":800,\"height\":800},{\"@type\":\"BreadcrumbList\",\"@id\":\"https:\/\/aivlisoft.net\/shop\/producto\/d-link-dap-1325-punto-acceso-repetidor-n300\/#breadcrumb\",\"itemListElement\":[{\"@type\":\"ListItem\",\"position\":1,\"name\":\"Portada\",\"item\":\"https:\/\/aivlisoft.net\/shop\/\"},{\"@type\":\"ListItem\",\"position\":2,\"name\":\"Tienda\",\"item\":\"https:\/\/aivlisoft.net\/shop\/tienda\/\"},{\"@type\":\"ListItem\",\"position\":3,\"name\":\"D-Link DAP-1325 Punto Acceso Repetidor N300\"}]},{\"@type\":\"WebSite\",\"@id\":\"https:\/\/aivlisoft.net\/shop\/#website\",\"url\":\"https:\/\/aivlisoft.net\/shop\/\",\"name\":\"Aivlisoft Inform\u00e1tica\",\"description\":\"En Aivlisoft Inform\u00e1tica ofrecemos soluciones tecnol\u00f3gicas para empresas: venta de ordenadores, consumibles, perif\u00e9ricos y m\u00e1s. Calidad, atenci\u00f3n personalizada y los mejores precios para tu negocio.\",\"publisher\":{\"@id\":\"https:\/\/aivlisoft.net\/shop\/#organization\"},\"potentialAction\":[{\"@type\":\"SearchAction\",\"target\":{\"@type\":\"EntryPoint\",\"urlTemplate\":\"https:\/\/aivlisoft.net\/shop\/?s={search_term_string}\"},\"query-input\":{\"@type\":\"PropertyValueSpecification\",\"valueRequired\":true,\"valueName\":\"search_term_string\"}}],\"inLanguage\":\"es\"},{\"@type\":\"Organization\",\"@id\":\"https:\/\/aivlisoft.net\/shop\/#organization\",\"name\":\"Aivlisoft Inform\u00e1tica\",\"url\":\"https:\/\/aivlisoft.net\/shop\/\",\"logo\":{\"@type\":\"ImageObject\",\"inLanguage\":\"es\",\"@id\":\"https:\/\/aivlisoft.net\/shop\/#\/schema\/logo\/image\/\",\"url\":\"https:\/\/aivlisoft.net\/shop\/wp-content\/uploads\/2024\/12\/removal.ai_5b848c54-0cdf-4140-95c5-c5536bb7573b-logodef.png\",\"contentUrl\":\"https:\/\/aivlisoft.net\/shop\/wp-content\/uploads\/2024\/12\/removal.ai_5b848c54-0cdf-4140-95c5-c5536bb7573b-logodef.png\",\"width\":484,\"height\":182,\"caption\":\"Aivlisoft Inform\u00e1tica\"},\"image\":{\"@id\":\"https:\/\/aivlisoft.net\/shop\/#\/schema\/logo\/image\/\"}}]}<\/script>\n<!-- \/ Yoast SEO plugin. -->","yoast_head_json":{"title":"D-Link DAP-1325 Punto Acceso Repetidor N300 - Aivlisoft Inform\u00e1tica","robots":{"index":"index","follow":"follow","max-snippet":"max-snippet:-1","max-image-preview":"max-image-preview:large","max-video-preview":"max-video-preview:-1"},"canonical":"https:\/\/aivlisoft.net\/shop\/producto\/d-link-dap-1325-punto-acceso-repetidor-n300\/","og_locale":"es_ES","og_type":"article","og_title":"D-Link DAP-1325 Punto Acceso Repetidor N300 - Aivlisoft Inform\u00e1tica","og_description":"El DAP-1325 N300 WiFi Range Extender es un repetidor port&aacute;til plug-in que le permite ampliar una red inal&aacute;mbrica existente. Simplemente col&oacute;quelo en cualquier lugar en su casa para ampliar el alcance de su red inal&aacute;mbrica. Soporte Wireless N, este peque&ntilde;o pero poderoso extensor de alcance N300 Wi-Fi te da velocidades de conexi&oacute;n de hasta 300&hellip;&nbsp;D-Link DAP-1325 Punto Acceso Repetidor N300","og_url":"https:\/\/aivlisoft.net\/shop\/producto\/d-link-dap-1325-punto-acceso-repetidor-n300\/","og_site_name":"Aivlisoft Inform\u00e1tica","article_modified_time":"2025-01-14T11:45:28+00:00","og_image":[{"width":800,"height":800,"url":"https:\/\/aivlisoft.net\/shop\/wp-content\/uploads\/2025\/01\/NSWPAC0283_800.jpg","type":"image\/jpeg"}],"twitter_card":"summary_large_image","twitter_misc":{"Tiempo de lectura":"2 minutos"},"schema":{"@context":"https:\/\/schema.org","@graph":[{"@type":"WebPage","@id":"https:\/\/aivlisoft.net\/shop\/producto\/d-link-dap-1325-punto-acceso-repetidor-n300\/","url":"https:\/\/aivlisoft.net\/shop\/producto\/d-link-dap-1325-punto-acceso-repetidor-n300\/","name":"D-Link DAP-1325 Punto Acceso Repetidor N300 - Aivlisoft Inform\u00e1tica","isPartOf":{"@id":"https:\/\/aivlisoft.net\/shop\/#website"},"primaryImageOfPage":{"@id":"https:\/\/aivlisoft.net\/shop\/producto\/d-link-dap-1325-punto-acceso-repetidor-n300\/#primaryimage"},"image":{"@id":"https:\/\/aivlisoft.net\/shop\/producto\/d-link-dap-1325-punto-acceso-repetidor-n300\/#primaryimage"},"thumbnailUrl":"https:\/\/aivlisoft.net\/shop\/wp-content\/uploads\/2025\/01\/NSWPAC0283_800.jpg","datePublished":"2025-01-13T15:33:01+00:00","dateModified":"2025-01-14T11:45:28+00:00","breadcrumb":{"@id":"https:\/\/aivlisoft.net\/shop\/producto\/d-link-dap-1325-punto-acceso-repetidor-n300\/#breadcrumb"},"inLanguage":"es","potentialAction":[{"@type":"ReadAction","target":["https:\/\/aivlisoft.net\/shop\/producto\/d-link-dap-1325-punto-acceso-repetidor-n300\/"]}]},{"@type":"ImageObject","inLanguage":"es","@id":"https:\/\/aivlisoft.net\/shop\/producto\/d-link-dap-1325-punto-acceso-repetidor-n300\/#primaryimage","url":"https:\/\/aivlisoft.net\/shop\/wp-content\/uploads\/2025\/01\/NSWPAC0283_800.jpg","contentUrl":"https:\/\/aivlisoft.net\/shop\/wp-content\/uploads\/2025\/01\/NSWPAC0283_800.jpg","width":800,"height":800},{"@type":"BreadcrumbList","@id":"https:\/\/aivlisoft.net\/shop\/producto\/d-link-dap-1325-punto-acceso-repetidor-n300\/#breadcrumb","itemListElement":[{"@type":"ListItem","position":1,"name":"Portada","item":"https:\/\/aivlisoft.net\/shop\/"},{"@type":"ListItem","position":2,"name":"Tienda","item":"https:\/\/aivlisoft.net\/shop\/tienda\/"},{"@type":"ListItem","position":3,"name":"D-Link DAP-1325 Punto Acceso Repetidor N300"}]},{"@type":"WebSite","@id":"https:\/\/aivlisoft.net\/shop\/#website","url":"https:\/\/aivlisoft.net\/shop\/","name":"Aivlisoft Inform\u00e1tica","description":"En Aivlisoft Inform\u00e1tica ofrecemos soluciones tecnol\u00f3gicas para empresas: venta de ordenadores, consumibles, perif\u00e9ricos y m\u00e1s. Calidad, atenci\u00f3n personalizada y los mejores precios para tu negocio.","publisher":{"@id":"https:\/\/aivlisoft.net\/shop\/#organization"},"potentialAction":[{"@type":"SearchAction","target":{"@type":"EntryPoint","urlTemplate":"https:\/\/aivlisoft.net\/shop\/?s={search_term_string}"},"query-input":{"@type":"PropertyValueSpecification","valueRequired":true,"valueName":"search_term_string"}}],"inLanguage":"es"},{"@type":"Organization","@id":"https:\/\/aivlisoft.net\/shop\/#organization","name":"Aivlisoft Inform\u00e1tica","url":"https:\/\/aivlisoft.net\/shop\/","logo":{"@type":"ImageObject","inLanguage":"es","@id":"https:\/\/aivlisoft.net\/shop\/#\/schema\/logo\/image\/","url":"https:\/\/aivlisoft.net\/shop\/wp-content\/uploads\/2024\/12\/removal.ai_5b848c54-0cdf-4140-95c5-c5536bb7573b-logodef.png","contentUrl":"https:\/\/aivlisoft.net\/shop\/wp-content\/uploads\/2024\/12\/removal.ai_5b848c54-0cdf-4140-95c5-c5536bb7573b-logodef.png","width":484,"height":182,"caption":"Aivlisoft Inform\u00e1tica"},"image":{"@id":"https:\/\/aivlisoft.net\/shop\/#\/schema\/logo\/image\/"}}]}},"_links":{"self":[{"href":"https:\/\/aivlisoft.net\/shop\/wp-json\/wp\/v2\/product\/19476","targetHints":{"allow":["GET"]}}],"collection":[{"href":"https:\/\/aivlisoft.net\/shop\/wp-json\/wp\/v2\/product"}],"about":[{"href":"https:\/\/aivlisoft.net\/shop\/wp-json\/wp\/v2\/types\/product"}],"wp:featuredmedia":[{"embeddable":true,"href":"https:\/\/aivlisoft.net\/shop\/wp-json\/wp\/v2\/media\/19477"}],"wp:attachment":[{"href":"https:\/\/aivlisoft.net\/shop\/wp-json\/wp\/v2\/media?parent=19476"}],"wp:term":[{"taxonomy":"product_brand","embeddable":true,"href":"https:\/\/aivlisoft.net\/shop\/wp-json\/wp\/v2\/product_brand?post=19476"},{"taxonomy":"product_cat","embeddable":true,"href":"https:\/\/aivlisoft.net\/shop\/wp-json\/wp\/v2\/product_cat?post=19476"},{"taxonomy":"product_tag","embeddable":true,"href":"https:\/\/aivlisoft.net\/shop\/wp-json\/wp\/v2\/product_tag?post=19476"}],"curies":[{"name":"wp","href":"https:\/\/api.w.org\/{rel}","templated":true}]}}