{"id":19472,"date":"2025-01-13T15:32:59","date_gmt":"2025-01-13T15:32:59","guid":{"rendered":"https:\/\/aivlisoft.com\/?post_type=product&#038;p=19472"},"modified":"2025-01-14T11:45:27","modified_gmt":"2025-01-14T11:45:27","slug":"d-link-dap-2610-punto-acceso-ac1300","status":"publish","type":"product","link":"https:\/\/aivlisoft.net\/shop\/producto\/d-link-dap-2610-punto-acceso-ac1300\/","title":{"rendered":"D-Link DAP-2610 Punto Acceso AC1300"},"content":{"rendered":"<p><\/p>\n<table class=\"tabla_caracteristicas k-table\" width=\"100%\">\n<tbody>\n<tr>\n<td valign=\"top\"><strong>Marca<\/strong><\/td>\n<td>D-Link<\/td>\n<\/tr>\n<tr>\n<td valign=\"top\"><strong>Modelo<\/strong><\/td>\n<td><strong>DAP-2610<\/strong><\/td>\n<\/tr>\n<tr>\n<td valign=\"top\"><strong>Caracter&iacute;sticas<\/strong><\/td>\n<td><strong><\/strong><strong>Interfaces del dispositivo<\/strong><br \/>&#8211; 1 puerto inal&aacute;mbrico Wave2 de IEEE 802.11a \/ b \/ g \/ n \/ ac<br \/>&#8211; 1 Gigabit LAN (compatible con PoE)<br \/><strong>Est&aacute;ndares<\/strong><br \/>&#8211; IEEE 802.11a \/ b \/ g \/ n \/ ac<br \/>&#8211; IEEE 802.3u \/ ab<br \/>&#8211; Ethernet Eficiente en Energ&iacute;a (EEE) IEEE 802.3az<br \/>&#8211; IEEE 802.3af Power over Ethernet<br \/><strong>Frecuencia de operaci&oacute;n<\/strong><br \/>&#8211; Banda de 2.4 GHz: 2.4 a 2.4835 GHz<br \/>&#8211; Banda de 5 GHz: 5.15 a 5.35 GHz, 5.47 a 5.85 GHz<br \/><strong>Potencia m&aacute;xima de salida<\/strong><br \/>&#8211; 20dBm para 2,4 GHz<br \/>&#8211; 20 dBm para 5 GHz<br \/><strong>Velocidad de la se&ntilde;al de datos<\/strong><br \/>&#8211; 2,4 GHz<br \/>&#8211; 5 GHz<br \/>&#8211; Hasta 400 Mbps<br \/>&#8211; Hasta 867 Mbps<br \/><strong>Certificaciones<\/strong><br \/>&#8211; FCC<br \/>&#8211; UL<br \/><strong>IC<\/strong><br \/>&#8211; Certificado Wi-Fi&reg;<br \/>&#8211; CE4<\/td>\n<\/tr>\n<tr>\n<td><strong>Funcionalidades<\/strong><\/td>\n<td><strong><\/strong><strong>Seguridad<\/strong><br \/>&#8211; WPA &#8211; Personal<br \/>&#8211; WPA &#8211; Empresa<br \/>&#8211; WPA2 &#8211; Personal<br \/>&#8211; WPA2 &#8211; Empresa<br \/>&#8211; Encriptaci&oacute;n WEP 64\/128 bits<br \/>&#8211; Desactivaci&oacute;n de difusi&oacute;n SSID<br \/>&#8211; Control de acceso a direcciones MAC<br \/>&#8211; Protecci&oacute;n de acceso a la red (NAP)<br \/>&#8211; Servidor RADIUS interno<br \/><strong>Administraci&oacute;n de redes<\/strong><br \/>&#8211; Telnet<br \/>&#8211; Control de trafico<br \/>&#8211; Telnet seguro (SSH)<br \/>&#8211; SNMP v1 \/ v2c \/ v3<br \/>&#8211; Web (HTTP)<br \/>&#8211; Administrador de Wi-Fi central de D-Link<br \/>&#8211; Secure Socket Layer (SSL)<br \/>&#8211; Array AP<\/td>\n<\/tr>\n<tr>\n<td><strong>Fisicas<\/strong><\/td>\n<td><strong>Antenas<\/strong><br \/>&#8211; 2 x antenas omnidireccionales internas de doble banda y 3dBi<br \/><strong>LEDs<\/strong><br \/>&#8211; Potencia \/ estado<br \/><strong>Dimensiones<\/strong><br \/>&#8211; 170 x 170 x 28 mm (6,69 x 6,69 x 1,1 pulgadas)<br \/><strong>Peso<\/strong><br \/>&#8211; 314g (0.69 lbs) sin base de montaje<br \/>&#8211; 370.6g (0.82 libras) con la base de montaje<br \/><strong>Alimentaci&oacute;n<\/strong><br \/>&#8211; IEEE 802.3 af PoE<br \/><strong>M&aacute;ximo consumo de energ&iacute;a<\/strong><br \/>&#8211; 12W<br \/><strong>Temperatura<\/strong><br \/>&#8211; Funcionamiento: 0 a 40 &deg; C (32 a 104 &deg; F)<br \/>&#8211; Almacenamiento: -20 a 65 &deg; C (-4 a 149 &deg; F)<br \/><strong>Humedad<\/strong><br \/>&#8211; Funcionamiento: 10% a 90% sin condensaci&oacute;n<br \/>&#8211; Almacenamiento: 5% a 95% sin condensaci&oacute;n<br \/><strong>MTBF<\/strong><br \/>-&gt; 30.000 horas<\/td>\n<\/tr>\n<tr>\n<td><strong>Fecha de revisi&oacute;n<\/strong><\/td>\n<td>25-04-2017 por MSB<\/td>\n<\/tr>\n<\/tbody>\n<\/table>\n","protected":false},"excerpt":{"rendered":"<p>Marca D-Link Modelo DAP-2610 Caracter&iacute;sticas Interfaces del dispositivo&#8211; 1 puerto inal&aacute;mbrico Wave2 de IEEE 802.11a \/ b \/ g \/ n \/ ac&#8211; 1 Gigabit LAN (compatible con PoE)Est&aacute;ndares&#8211; IEEE 802.11a \/ b \/ g \/ n \/ ac&#8211; IEEE 802.3u \/ ab&#8211; Ethernet Eficiente en Energ&iacute;a (EEE) IEEE 802.3az&#8211; IEEE 802.3af Power over EthernetFrecuencia&hellip;&nbsp;<a href=\"https:\/\/aivlisoft.net\/shop\/producto\/d-link-dap-2610-punto-acceso-ac1300\/\" rel=\"bookmark\"><span class=\"screen-reader-text\">D-Link DAP-2610 Punto Acceso AC1300<\/span><\/a><\/p>\n","protected":false},"featured_media":19473,"template":"","meta":{"neve_meta_sidebar":"","neve_meta_container":"","neve_meta_enable_content_width":"","neve_meta_content_width":0,"neve_meta_title_alignment":"","neve_meta_author_avatar":"","neve_post_elements_order":"","neve_meta_disable_header":"","neve_meta_disable_footer":"","neve_meta_disable_title":""},"product_brand":[],"product_cat":[8770],"product_tag":[7034],"class_list":{"0":"post-19472","1":"product","2":"type-product","3":"status-publish","4":"has-post-thumbnail","6":"product_cat-puntos-de-acceso","7":"product_tag-dap-2610","9":"first","10":"instock","11":"taxable","12":"shipping-taxable","13":"purchasable","14":"product-type-simple"},"yoast_head":"<!-- This site is optimized with the Yoast SEO plugin v26.0 - https:\/\/yoast.com\/wordpress\/plugins\/seo\/ -->\n<title>D-Link DAP-2610 Punto Acceso AC1300 - Aivlisoft Inform\u00e1tica<\/title>\n<meta name=\"robots\" content=\"index, follow, max-snippet:-1, max-image-preview:large, max-video-preview:-1\" \/>\n<link rel=\"canonical\" href=\"https:\/\/aivlisoft.net\/shop\/producto\/d-link-dap-2610-punto-acceso-ac1300\/\" \/>\n<meta property=\"og:locale\" content=\"es_ES\" \/>\n<meta property=\"og:type\" content=\"article\" \/>\n<meta property=\"og:title\" content=\"D-Link DAP-2610 Punto Acceso AC1300 - Aivlisoft Inform\u00e1tica\" \/>\n<meta property=\"og:description\" content=\"Marca D-Link Modelo DAP-2610 Caracter&iacute;sticas Interfaces del dispositivo&#8211; 1 puerto inal&aacute;mbrico Wave2 de IEEE 802.11a \/ b \/ g \/ n \/ ac&#8211; 1 Gigabit LAN (compatible con PoE)Est&aacute;ndares&#8211; IEEE 802.11a \/ b \/ g \/ n \/ ac&#8211; IEEE 802.3u \/ ab&#8211; Ethernet Eficiente en Energ&iacute;a (EEE) IEEE 802.3az&#8211; IEEE 802.3af Power over EthernetFrecuencia&hellip;&nbsp;D-Link DAP-2610 Punto Acceso AC1300\" \/>\n<meta property=\"og:url\" content=\"https:\/\/aivlisoft.net\/shop\/producto\/d-link-dap-2610-punto-acceso-ac1300\/\" \/>\n<meta property=\"og:site_name\" content=\"Aivlisoft Inform\u00e1tica\" \/>\n<meta property=\"article:modified_time\" content=\"2025-01-14T11:45:27+00:00\" \/>\n<meta property=\"og:image\" content=\"https:\/\/aivlisoft.net\/shop\/wp-content\/uploads\/2025\/01\/NSWPAC0282_800.jpg\" \/>\n\t<meta property=\"og:image:width\" content=\"800\" \/>\n\t<meta property=\"og:image:height\" content=\"800\" \/>\n\t<meta property=\"og:image:type\" content=\"image\/jpeg\" \/>\n<meta name=\"twitter:card\" content=\"summary_large_image\" \/>\n<meta name=\"twitter:label1\" content=\"Tiempo de lectura\" \/>\n\t<meta name=\"twitter:data1\" content=\"1 minuto\" \/>\n<script type=\"application\/ld+json\" class=\"yoast-schema-graph\">{\"@context\":\"https:\/\/schema.org\",\"@graph\":[{\"@type\":\"WebPage\",\"@id\":\"https:\/\/aivlisoft.net\/shop\/producto\/d-link-dap-2610-punto-acceso-ac1300\/\",\"url\":\"https:\/\/aivlisoft.net\/shop\/producto\/d-link-dap-2610-punto-acceso-ac1300\/\",\"name\":\"D-Link DAP-2610 Punto Acceso AC1300 - Aivlisoft Inform\u00e1tica\",\"isPartOf\":{\"@id\":\"https:\/\/aivlisoft.net\/shop\/#website\"},\"primaryImageOfPage\":{\"@id\":\"https:\/\/aivlisoft.net\/shop\/producto\/d-link-dap-2610-punto-acceso-ac1300\/#primaryimage\"},\"image\":{\"@id\":\"https:\/\/aivlisoft.net\/shop\/producto\/d-link-dap-2610-punto-acceso-ac1300\/#primaryimage\"},\"thumbnailUrl\":\"https:\/\/aivlisoft.net\/shop\/wp-content\/uploads\/2025\/01\/NSWPAC0282_800.jpg\",\"datePublished\":\"2025-01-13T15:32:59+00:00\",\"dateModified\":\"2025-01-14T11:45:27+00:00\",\"breadcrumb\":{\"@id\":\"https:\/\/aivlisoft.net\/shop\/producto\/d-link-dap-2610-punto-acceso-ac1300\/#breadcrumb\"},\"inLanguage\":\"es\",\"potentialAction\":[{\"@type\":\"ReadAction\",\"target\":[\"https:\/\/aivlisoft.net\/shop\/producto\/d-link-dap-2610-punto-acceso-ac1300\/\"]}]},{\"@type\":\"ImageObject\",\"inLanguage\":\"es\",\"@id\":\"https:\/\/aivlisoft.net\/shop\/producto\/d-link-dap-2610-punto-acceso-ac1300\/#primaryimage\",\"url\":\"https:\/\/aivlisoft.net\/shop\/wp-content\/uploads\/2025\/01\/NSWPAC0282_800.jpg\",\"contentUrl\":\"https:\/\/aivlisoft.net\/shop\/wp-content\/uploads\/2025\/01\/NSWPAC0282_800.jpg\",\"width\":800,\"height\":800},{\"@type\":\"BreadcrumbList\",\"@id\":\"https:\/\/aivlisoft.net\/shop\/producto\/d-link-dap-2610-punto-acceso-ac1300\/#breadcrumb\",\"itemListElement\":[{\"@type\":\"ListItem\",\"position\":1,\"name\":\"Portada\",\"item\":\"https:\/\/aivlisoft.net\/shop\/\"},{\"@type\":\"ListItem\",\"position\":2,\"name\":\"Tienda\",\"item\":\"https:\/\/aivlisoft.net\/shop\/tienda\/\"},{\"@type\":\"ListItem\",\"position\":3,\"name\":\"D-Link DAP-2610 Punto Acceso AC1300\"}]},{\"@type\":\"WebSite\",\"@id\":\"https:\/\/aivlisoft.net\/shop\/#website\",\"url\":\"https:\/\/aivlisoft.net\/shop\/\",\"name\":\"Aivlisoft Inform\u00e1tica\",\"description\":\"En Aivlisoft Inform\u00e1tica ofrecemos soluciones tecnol\u00f3gicas para empresas: venta de ordenadores, consumibles, perif\u00e9ricos y m\u00e1s. Calidad, atenci\u00f3n personalizada y los mejores precios para tu negocio.\",\"publisher\":{\"@id\":\"https:\/\/aivlisoft.net\/shop\/#organization\"},\"potentialAction\":[{\"@type\":\"SearchAction\",\"target\":{\"@type\":\"EntryPoint\",\"urlTemplate\":\"https:\/\/aivlisoft.net\/shop\/?s={search_term_string}\"},\"query-input\":{\"@type\":\"PropertyValueSpecification\",\"valueRequired\":true,\"valueName\":\"search_term_string\"}}],\"inLanguage\":\"es\"},{\"@type\":\"Organization\",\"@id\":\"https:\/\/aivlisoft.net\/shop\/#organization\",\"name\":\"Aivlisoft Inform\u00e1tica\",\"url\":\"https:\/\/aivlisoft.net\/shop\/\",\"logo\":{\"@type\":\"ImageObject\",\"inLanguage\":\"es\",\"@id\":\"https:\/\/aivlisoft.net\/shop\/#\/schema\/logo\/image\/\",\"url\":\"https:\/\/aivlisoft.net\/shop\/wp-content\/uploads\/2024\/12\/removal.ai_5b848c54-0cdf-4140-95c5-c5536bb7573b-logodef.png\",\"contentUrl\":\"https:\/\/aivlisoft.net\/shop\/wp-content\/uploads\/2024\/12\/removal.ai_5b848c54-0cdf-4140-95c5-c5536bb7573b-logodef.png\",\"width\":484,\"height\":182,\"caption\":\"Aivlisoft Inform\u00e1tica\"},\"image\":{\"@id\":\"https:\/\/aivlisoft.net\/shop\/#\/schema\/logo\/image\/\"}}]}<\/script>\n<!-- \/ Yoast SEO plugin. -->","yoast_head_json":{"title":"D-Link DAP-2610 Punto Acceso AC1300 - Aivlisoft Inform\u00e1tica","robots":{"index":"index","follow":"follow","max-snippet":"max-snippet:-1","max-image-preview":"max-image-preview:large","max-video-preview":"max-video-preview:-1"},"canonical":"https:\/\/aivlisoft.net\/shop\/producto\/d-link-dap-2610-punto-acceso-ac1300\/","og_locale":"es_ES","og_type":"article","og_title":"D-Link DAP-2610 Punto Acceso AC1300 - Aivlisoft Inform\u00e1tica","og_description":"Marca D-Link Modelo DAP-2610 Caracter&iacute;sticas Interfaces del dispositivo&#8211; 1 puerto inal&aacute;mbrico Wave2 de IEEE 802.11a \/ b \/ g \/ n \/ ac&#8211; 1 Gigabit LAN (compatible con PoE)Est&aacute;ndares&#8211; IEEE 802.11a \/ b \/ g \/ n \/ ac&#8211; IEEE 802.3u \/ ab&#8211; Ethernet Eficiente en Energ&iacute;a (EEE) IEEE 802.3az&#8211; IEEE 802.3af Power over EthernetFrecuencia&hellip;&nbsp;D-Link DAP-2610 Punto Acceso AC1300","og_url":"https:\/\/aivlisoft.net\/shop\/producto\/d-link-dap-2610-punto-acceso-ac1300\/","og_site_name":"Aivlisoft Inform\u00e1tica","article_modified_time":"2025-01-14T11:45:27+00:00","og_image":[{"width":800,"height":800,"url":"https:\/\/aivlisoft.net\/shop\/wp-content\/uploads\/2025\/01\/NSWPAC0282_800.jpg","type":"image\/jpeg"}],"twitter_card":"summary_large_image","twitter_misc":{"Tiempo de lectura":"1 minuto"},"schema":{"@context":"https:\/\/schema.org","@graph":[{"@type":"WebPage","@id":"https:\/\/aivlisoft.net\/shop\/producto\/d-link-dap-2610-punto-acceso-ac1300\/","url":"https:\/\/aivlisoft.net\/shop\/producto\/d-link-dap-2610-punto-acceso-ac1300\/","name":"D-Link DAP-2610 Punto Acceso AC1300 - Aivlisoft Inform\u00e1tica","isPartOf":{"@id":"https:\/\/aivlisoft.net\/shop\/#website"},"primaryImageOfPage":{"@id":"https:\/\/aivlisoft.net\/shop\/producto\/d-link-dap-2610-punto-acceso-ac1300\/#primaryimage"},"image":{"@id":"https:\/\/aivlisoft.net\/shop\/producto\/d-link-dap-2610-punto-acceso-ac1300\/#primaryimage"},"thumbnailUrl":"https:\/\/aivlisoft.net\/shop\/wp-content\/uploads\/2025\/01\/NSWPAC0282_800.jpg","datePublished":"2025-01-13T15:32:59+00:00","dateModified":"2025-01-14T11:45:27+00:00","breadcrumb":{"@id":"https:\/\/aivlisoft.net\/shop\/producto\/d-link-dap-2610-punto-acceso-ac1300\/#breadcrumb"},"inLanguage":"es","potentialAction":[{"@type":"ReadAction","target":["https:\/\/aivlisoft.net\/shop\/producto\/d-link-dap-2610-punto-acceso-ac1300\/"]}]},{"@type":"ImageObject","inLanguage":"es","@id":"https:\/\/aivlisoft.net\/shop\/producto\/d-link-dap-2610-punto-acceso-ac1300\/#primaryimage","url":"https:\/\/aivlisoft.net\/shop\/wp-content\/uploads\/2025\/01\/NSWPAC0282_800.jpg","contentUrl":"https:\/\/aivlisoft.net\/shop\/wp-content\/uploads\/2025\/01\/NSWPAC0282_800.jpg","width":800,"height":800},{"@type":"BreadcrumbList","@id":"https:\/\/aivlisoft.net\/shop\/producto\/d-link-dap-2610-punto-acceso-ac1300\/#breadcrumb","itemListElement":[{"@type":"ListItem","position":1,"name":"Portada","item":"https:\/\/aivlisoft.net\/shop\/"},{"@type":"ListItem","position":2,"name":"Tienda","item":"https:\/\/aivlisoft.net\/shop\/tienda\/"},{"@type":"ListItem","position":3,"name":"D-Link DAP-2610 Punto Acceso AC1300"}]},{"@type":"WebSite","@id":"https:\/\/aivlisoft.net\/shop\/#website","url":"https:\/\/aivlisoft.net\/shop\/","name":"Aivlisoft Inform\u00e1tica","description":"En Aivlisoft Inform\u00e1tica ofrecemos soluciones tecnol\u00f3gicas para empresas: venta de ordenadores, consumibles, perif\u00e9ricos y m\u00e1s. Calidad, atenci\u00f3n personalizada y los mejores precios para tu negocio.","publisher":{"@id":"https:\/\/aivlisoft.net\/shop\/#organization"},"potentialAction":[{"@type":"SearchAction","target":{"@type":"EntryPoint","urlTemplate":"https:\/\/aivlisoft.net\/shop\/?s={search_term_string}"},"query-input":{"@type":"PropertyValueSpecification","valueRequired":true,"valueName":"search_term_string"}}],"inLanguage":"es"},{"@type":"Organization","@id":"https:\/\/aivlisoft.net\/shop\/#organization","name":"Aivlisoft Inform\u00e1tica","url":"https:\/\/aivlisoft.net\/shop\/","logo":{"@type":"ImageObject","inLanguage":"es","@id":"https:\/\/aivlisoft.net\/shop\/#\/schema\/logo\/image\/","url":"https:\/\/aivlisoft.net\/shop\/wp-content\/uploads\/2024\/12\/removal.ai_5b848c54-0cdf-4140-95c5-c5536bb7573b-logodef.png","contentUrl":"https:\/\/aivlisoft.net\/shop\/wp-content\/uploads\/2024\/12\/removal.ai_5b848c54-0cdf-4140-95c5-c5536bb7573b-logodef.png","width":484,"height":182,"caption":"Aivlisoft Inform\u00e1tica"},"image":{"@id":"https:\/\/aivlisoft.net\/shop\/#\/schema\/logo\/image\/"}}]}},"_links":{"self":[{"href":"https:\/\/aivlisoft.net\/shop\/wp-json\/wp\/v2\/product\/19472","targetHints":{"allow":["GET"]}}],"collection":[{"href":"https:\/\/aivlisoft.net\/shop\/wp-json\/wp\/v2\/product"}],"about":[{"href":"https:\/\/aivlisoft.net\/shop\/wp-json\/wp\/v2\/types\/product"}],"wp:featuredmedia":[{"embeddable":true,"href":"https:\/\/aivlisoft.net\/shop\/wp-json\/wp\/v2\/media\/19473"}],"wp:attachment":[{"href":"https:\/\/aivlisoft.net\/shop\/wp-json\/wp\/v2\/media?parent=19472"}],"wp:term":[{"taxonomy":"product_brand","embeddable":true,"href":"https:\/\/aivlisoft.net\/shop\/wp-json\/wp\/v2\/product_brand?post=19472"},{"taxonomy":"product_cat","embeddable":true,"href":"https:\/\/aivlisoft.net\/shop\/wp-json\/wp\/v2\/product_cat?post=19472"},{"taxonomy":"product_tag","embeddable":true,"href":"https:\/\/aivlisoft.net\/shop\/wp-json\/wp\/v2\/product_tag?post=19472"}],"curies":[{"name":"wp","href":"https:\/\/api.w.org\/{rel}","templated":true}]}}