{"id":19465,"date":"2025-01-13T15:32:55","date_gmt":"2025-01-13T15:32:55","guid":{"rendered":"https:\/\/aivlisoft.com\/?post_type=product&#038;p=19465"},"modified":"2025-01-14T11:45:25","modified_gmt":"2025-01-14T11:45:25","slug":"tp-link-eap225-punto-acceso-ac1350-dual-band-poe","status":"publish","type":"product","link":"https:\/\/aivlisoft.net\/shop\/producto\/tp-link-eap225-punto-acceso-ac1350-dual-band-poe\/","title":{"rendered":"TP-LINK EAP225 Punto Acceso AC1350 Dual Band PoE"},"content":{"rendered":"<p><strong><\/strong><strong>Punto de Acceso Gigabit Inal&aacute;mbrico MU-MIMO AC1350 de Montaje en Techo EAP225<\/strong><\/p>\n<p>&#8211; Velocidades Wi-Fi de hasta 1350Mbps en total, con 450Mbps en 2.4GHz y 867Mpbs en 5GHz<br \/>&#8211; Software Controlador EAP gratuito que permite a los administradores gestionar f&aacute;cilmente cientos de EAPs<br \/>&#8211; Soporta Alimentaci&oacute;n sobre Ethernet (802.3af) y PoE Pasivo para una instalaci&oacute;n pr&aacute;ctica y flexible<br \/>&#8211; Portal Cautivo que proporciona un m&eacute;todo pr&aacute;ctico para la autenticaci&oacute;n de invitados<br \/>&#8211; La funci&oacute;n Band Steering traslada autom&aacute;ticamente los dispositivos de doble banda a la banda m&aacute;s amplia de 5GHz para conexiones m&aacute;s r&aacute;pidas<br \/>&#8211; MU-MIMO significa que un punto de acceso transfiere datos de manera simult&aacute;nea con m&uacute;ltiples dispositivos, aumentando la velocidad de las conexiones.<br \/>&#8211; Beamforming concentra la se&ntilde;al hacia donde m&aacute;s se necesita, proporcionando una experincia Wi-Fi r&aacute;pida y estable.<br \/>&#8211; Se pueden definir horarios sobre los puntos de acceso para que se reinician autom&aacute;ticamente y\/o se desactive\/active la se&ntilde;al WiFi&nbsp; dentro de un horario deseado.<\/p>\n<table class=\"tabla_caracteristicas k-table\" width=\"100%\">\n<tbody>\n<tr>\n<td valign=\"top\"><strong>Marca<\/strong><\/td>\n<td>TP-LINK<\/td>\n<\/tr>\n<tr>\n<td valign=\"top\"><strong>Modelo<\/strong><\/td>\n<td valign=\"top\"><strong><\/strong><strong>EAP225<\/strong><\/td>\n<\/tr>\n<tr>\n<td valign=\"top\"><strong>Caracteristicas<\/strong><\/td>\n<td><strong>HARDWARE<\/strong><br \/>&#8211; 1 x Puerto Gigabit Ethernet (RJ-45)(Support IEEE802.3af PoE y PoE Pasivo*)<br \/>&#8211; Botone Reset<br \/>&#8211; Fuente de Alimentaci&oacute;n: 802.3af\/A PoE<br \/>&nbsp; PoE Pasivo 24V (+4,5pins; -7,8pins. Adaptador PoE Incluido)<br \/>&#8211; Consumo de Potencia: EU: 10.5W \/ US: 12.6W<br \/>&#8211; Dimensions: 205.5 &times; 181.5 &times; 37.1 mm. (8.1 &times; 7.1 &times; 1.5 in)<br \/>&#8211; Tipo de Antena: 3 Antenas Omnidireccionales *<br \/>&nbsp; 2.4GHz: 4dBi<br \/>&nbsp; 5GHz: 5dB<br \/>&#8211; Montaje: Montaje en Techo\/Pared (Kits incluidos)<br \/>&#8211; Bloqueo de Seguridad F&iacute;sico: S&iacute;<br \/>&#8211; Hardware Watch Dog: S&iacute;<br \/><strong>INAL&Aacute;MBRICO<\/strong><br \/>&#8211; Est&aacute;ndares Inal&aacute;mbricos: IEEE 802.11ac\/n\/g\/b\/a<br \/>&#8211; Frecuencia: 2.4GHz y 5GHz<br \/>&#8211; Tasa de Se&ntilde;al: 5GHz: Hasta 867Mbps<br \/>&nbsp; 2.4GHz: Hasta 450Mbps*<br \/>&#8211; Funciones Inal&aacute;mbricas:<br \/>&nbsp; Multiples SSIDs(Hasta16 SSIDs, 8 por banda)<br \/>&nbsp; On\/Off Radio Inal&aacute;mbrica<br \/>&nbsp; Asignaci&oacute;n Autom&aacute;tica de canales<br \/>&nbsp; Control de Potencia de Transmisi&oacute;n(Ajust por dBm)<br \/>&nbsp; QoS(WMM)<br \/>&nbsp; Band Steering<br \/>&nbsp; Balanceo de Carga<br \/>&nbsp; MU-MIMO *<br \/>&nbsp; Airtime Fairness *<br \/>&nbsp; Beamforming *<br \/>&nbsp; L&iacute;mite de Velocidad<br \/>&nbsp; Reboot Agendado<br \/>&nbsp; Wireless Agendado<br \/>&nbsp; Estad&iacute;sticas Wi-Fi en base a SSID\/AP\/Cliente<br \/>&#8211; Seguridad Inal&aacute;mbrica: Autenticaci&oacute;n por Portal Cautivo<br \/>&nbsp; Control de Acceso<br \/>&nbsp; Filtrado Direcci&oacute;n MAC Inal&aacute;mbrica<br \/>&nbsp; Aislamiento entre Clientes Inal&aacute;mbricos<br \/>&nbsp; Mapeado VLAN por SSID<br \/>&nbsp; Detecci&oacute;n de AP Clandestino<br \/>&nbsp; Soporte 802.1X<br \/>&#8211; Potencia de Transmisi&oacute;n: CE:<br \/>&nbsp; &lt;20dBm(2.4GHz)<br \/>&nbsp; &lt;23dBm(5GHz)<br \/>&nbsp; FCC:<br \/>&nbsp; &lt;24dBm(2.4GHz)<br \/>&nbsp; &lt;22dBm(5GHz)<br \/><strong>Gesti&oacute;n<\/strong><br \/>&#8211; Software Controlador EAP: S&iacute;<br \/>&#8211; Alertas por Correo Electr&oacute;nico: S&iacute;<br \/>&#8211; LED de control ON \/ OFF: S&iacute;<br \/>&#8211; Control de Gesti&oacute;n de Acceso MAC: S&iacute;<br \/>&#8211; SNMP: v1,v2c<br \/>&#8211; Acceso al Registro de Sistema Local\/ Registro del Sistema Remoto: Local\/Syslog Remoto<br \/>&#8211; Telnet: S&iacute;<br \/>&#8211; Gesti&oacute;n basada en Web: HTTP\/HTTPS<br \/>&#8211; Gesti&oacute;n L3: S&iacute;<br \/>&#8211; Gesti&oacute;n Multi-sitio: S&iacute;<br \/>&#8211; VLAN de Gesti&oacute;n: S&iacute;<br \/><strong>Otros<\/strong><br \/>&#8211; Certificaciones: CE, FCC, RoHS<br \/>&#8211; Requisitos del sistema: Microsoft Windows XP, Vista, Windows 7, Windows 8, Windows10, Linux<br \/>&#8211; Factores Ambientales: Temperatura de Operaci&oacute;n: 0?~40? (32?~104?)<br \/>&nbsp; Temperatura de Almacenamiento: -40?~70? (-40?~158?)<br \/>&nbsp; Humedad de Operaci&oacute;n: 10%~90% sin condensaci&oacute;n<br \/>&nbsp; Humedad de Almacenamiento: 5%~90% sin condensaci&oacute;n <br \/><strong>Contenido<\/strong><br \/>&#8211; AC1350 Wireless MU-MIMO Gigabit Ceiling Mount Access Point<br \/>&#8211; Adaptador PoE Pasivo<br \/>&#8211; Cable de Energ&iacute;a<br \/>&#8211; Kit de Montaje<br \/>&#8211; Gu&iacute;a de Instalaci&oacute;n<\/td>\n<\/tr>\n<tr>\n<td valign=\"top\"><strong>Fecha Revisi&oacute;n<\/strong><\/td>\n<td>25-09-2018 por MSB<\/td>\n<\/tr>\n<\/tbody>\n<\/table>\n","protected":false},"excerpt":{"rendered":"<p>Punto de Acceso Gigabit Inal&aacute;mbrico MU-MIMO AC1350 de Montaje en Techo EAP225 &#8211; Velocidades Wi-Fi de hasta 1350Mbps en total, con 450Mbps en 2.4GHz y 867Mpbs en 5GHz&#8211; Software Controlador EAP gratuito que permite a los administradores gestionar f&aacute;cilmente cientos de EAPs&#8211; Soporta Alimentaci&oacute;n sobre Ethernet (802.3af) y PoE Pasivo para una instalaci&oacute;n pr&aacute;ctica y&hellip;&nbsp;<a href=\"https:\/\/aivlisoft.net\/shop\/producto\/tp-link-eap225-punto-acceso-ac1350-dual-band-poe\/\" rel=\"bookmark\"><span class=\"screen-reader-text\">TP-LINK EAP225 Punto Acceso AC1350 Dual Band PoE<\/span><\/a><\/p>\n","protected":false},"featured_media":19466,"template":"","meta":{"neve_meta_sidebar":"","neve_meta_container":"","neve_meta_enable_content_width":"","neve_meta_content_width":0,"neve_meta_title_alignment":"","neve_meta_author_avatar":"","neve_post_elements_order":"","neve_meta_disable_header":"","neve_meta_disable_footer":"","neve_meta_disable_title":""},"product_brand":[],"product_cat":[8770],"product_tag":[7032],"class_list":{"0":"post-19465","1":"product","2":"type-product","3":"status-publish","4":"has-post-thumbnail","6":"product_cat-puntos-de-acceso","7":"product_tag-eap225","9":"first","10":"instock","11":"taxable","12":"shipping-taxable","13":"purchasable","14":"product-type-simple"},"yoast_head":"<!-- This site is optimized with the Yoast SEO plugin v26.0 - https:\/\/yoast.com\/wordpress\/plugins\/seo\/ -->\n<title>TP-LINK EAP225 Punto Acceso AC1350 Dual Band PoE - Aivlisoft Inform\u00e1tica<\/title>\n<meta name=\"robots\" content=\"index, follow, max-snippet:-1, max-image-preview:large, max-video-preview:-1\" \/>\n<link rel=\"canonical\" href=\"https:\/\/aivlisoft.net\/shop\/producto\/tp-link-eap225-punto-acceso-ac1350-dual-band-poe\/\" \/>\n<meta property=\"og:locale\" content=\"es_ES\" \/>\n<meta property=\"og:type\" content=\"article\" \/>\n<meta property=\"og:title\" content=\"TP-LINK EAP225 Punto Acceso AC1350 Dual Band PoE - Aivlisoft Inform\u00e1tica\" \/>\n<meta property=\"og:description\" content=\"Punto de Acceso Gigabit Inal&aacute;mbrico MU-MIMO AC1350 de Montaje en Techo EAP225 &#8211; Velocidades Wi-Fi de hasta 1350Mbps en total, con 450Mbps en 2.4GHz y 867Mpbs en 5GHz&#8211; Software Controlador EAP gratuito que permite a los administradores gestionar f&aacute;cilmente cientos de EAPs&#8211; Soporta Alimentaci&oacute;n sobre Ethernet (802.3af) y PoE Pasivo para una instalaci&oacute;n pr&aacute;ctica y&hellip;&nbsp;TP-LINK EAP225 Punto Acceso AC1350 Dual Band PoE\" \/>\n<meta property=\"og:url\" content=\"https:\/\/aivlisoft.net\/shop\/producto\/tp-link-eap225-punto-acceso-ac1350-dual-band-poe\/\" \/>\n<meta property=\"og:site_name\" content=\"Aivlisoft Inform\u00e1tica\" \/>\n<meta property=\"article:modified_time\" content=\"2025-01-14T11:45:25+00:00\" \/>\n<meta property=\"og:image\" content=\"https:\/\/aivlisoft.net\/shop\/wp-content\/uploads\/2025\/01\/NSWPAC0278_800.jpg\" \/>\n\t<meta property=\"og:image:width\" content=\"800\" \/>\n\t<meta property=\"og:image:height\" content=\"800\" \/>\n\t<meta property=\"og:image:type\" content=\"image\/jpeg\" \/>\n<meta name=\"twitter:card\" content=\"summary_large_image\" \/>\n<meta name=\"twitter:label1\" content=\"Tiempo de lectura\" \/>\n\t<meta name=\"twitter:data1\" content=\"3 minutos\" \/>\n<script type=\"application\/ld+json\" class=\"yoast-schema-graph\">{\"@context\":\"https:\/\/schema.org\",\"@graph\":[{\"@type\":\"WebPage\",\"@id\":\"https:\/\/aivlisoft.net\/shop\/producto\/tp-link-eap225-punto-acceso-ac1350-dual-band-poe\/\",\"url\":\"https:\/\/aivlisoft.net\/shop\/producto\/tp-link-eap225-punto-acceso-ac1350-dual-band-poe\/\",\"name\":\"TP-LINK EAP225 Punto Acceso AC1350 Dual Band PoE - Aivlisoft Inform\u00e1tica\",\"isPartOf\":{\"@id\":\"https:\/\/aivlisoft.net\/shop\/#website\"},\"primaryImageOfPage\":{\"@id\":\"https:\/\/aivlisoft.net\/shop\/producto\/tp-link-eap225-punto-acceso-ac1350-dual-band-poe\/#primaryimage\"},\"image\":{\"@id\":\"https:\/\/aivlisoft.net\/shop\/producto\/tp-link-eap225-punto-acceso-ac1350-dual-band-poe\/#primaryimage\"},\"thumbnailUrl\":\"https:\/\/aivlisoft.net\/shop\/wp-content\/uploads\/2025\/01\/NSWPAC0278_800.jpg\",\"datePublished\":\"2025-01-13T15:32:55+00:00\",\"dateModified\":\"2025-01-14T11:45:25+00:00\",\"breadcrumb\":{\"@id\":\"https:\/\/aivlisoft.net\/shop\/producto\/tp-link-eap225-punto-acceso-ac1350-dual-band-poe\/#breadcrumb\"},\"inLanguage\":\"es\",\"potentialAction\":[{\"@type\":\"ReadAction\",\"target\":[\"https:\/\/aivlisoft.net\/shop\/producto\/tp-link-eap225-punto-acceso-ac1350-dual-band-poe\/\"]}]},{\"@type\":\"ImageObject\",\"inLanguage\":\"es\",\"@id\":\"https:\/\/aivlisoft.net\/shop\/producto\/tp-link-eap225-punto-acceso-ac1350-dual-band-poe\/#primaryimage\",\"url\":\"https:\/\/aivlisoft.net\/shop\/wp-content\/uploads\/2025\/01\/NSWPAC0278_800.jpg\",\"contentUrl\":\"https:\/\/aivlisoft.net\/shop\/wp-content\/uploads\/2025\/01\/NSWPAC0278_800.jpg\",\"width\":800,\"height\":800},{\"@type\":\"BreadcrumbList\",\"@id\":\"https:\/\/aivlisoft.net\/shop\/producto\/tp-link-eap225-punto-acceso-ac1350-dual-band-poe\/#breadcrumb\",\"itemListElement\":[{\"@type\":\"ListItem\",\"position\":1,\"name\":\"Portada\",\"item\":\"https:\/\/aivlisoft.net\/shop\/\"},{\"@type\":\"ListItem\",\"position\":2,\"name\":\"Tienda\",\"item\":\"https:\/\/aivlisoft.net\/shop\/tienda\/\"},{\"@type\":\"ListItem\",\"position\":3,\"name\":\"TP-LINK EAP225 Punto Acceso AC1350 Dual Band PoE\"}]},{\"@type\":\"WebSite\",\"@id\":\"https:\/\/aivlisoft.net\/shop\/#website\",\"url\":\"https:\/\/aivlisoft.net\/shop\/\",\"name\":\"Aivlisoft Inform\u00e1tica\",\"description\":\"En Aivlisoft Inform\u00e1tica ofrecemos soluciones tecnol\u00f3gicas para empresas: venta de ordenadores, consumibles, perif\u00e9ricos y m\u00e1s. Calidad, atenci\u00f3n personalizada y los mejores precios para tu negocio.\",\"publisher\":{\"@id\":\"https:\/\/aivlisoft.net\/shop\/#organization\"},\"potentialAction\":[{\"@type\":\"SearchAction\",\"target\":{\"@type\":\"EntryPoint\",\"urlTemplate\":\"https:\/\/aivlisoft.net\/shop\/?s={search_term_string}\"},\"query-input\":{\"@type\":\"PropertyValueSpecification\",\"valueRequired\":true,\"valueName\":\"search_term_string\"}}],\"inLanguage\":\"es\"},{\"@type\":\"Organization\",\"@id\":\"https:\/\/aivlisoft.net\/shop\/#organization\",\"name\":\"Aivlisoft Inform\u00e1tica\",\"url\":\"https:\/\/aivlisoft.net\/shop\/\",\"logo\":{\"@type\":\"ImageObject\",\"inLanguage\":\"es\",\"@id\":\"https:\/\/aivlisoft.net\/shop\/#\/schema\/logo\/image\/\",\"url\":\"https:\/\/aivlisoft.net\/shop\/wp-content\/uploads\/2024\/12\/removal.ai_5b848c54-0cdf-4140-95c5-c5536bb7573b-logodef.png\",\"contentUrl\":\"https:\/\/aivlisoft.net\/shop\/wp-content\/uploads\/2024\/12\/removal.ai_5b848c54-0cdf-4140-95c5-c5536bb7573b-logodef.png\",\"width\":484,\"height\":182,\"caption\":\"Aivlisoft Inform\u00e1tica\"},\"image\":{\"@id\":\"https:\/\/aivlisoft.net\/shop\/#\/schema\/logo\/image\/\"}}]}<\/script>\n<!-- \/ Yoast SEO plugin. -->","yoast_head_json":{"title":"TP-LINK EAP225 Punto Acceso AC1350 Dual Band PoE - Aivlisoft Inform\u00e1tica","robots":{"index":"index","follow":"follow","max-snippet":"max-snippet:-1","max-image-preview":"max-image-preview:large","max-video-preview":"max-video-preview:-1"},"canonical":"https:\/\/aivlisoft.net\/shop\/producto\/tp-link-eap225-punto-acceso-ac1350-dual-band-poe\/","og_locale":"es_ES","og_type":"article","og_title":"TP-LINK EAP225 Punto Acceso AC1350 Dual Band PoE - Aivlisoft Inform\u00e1tica","og_description":"Punto de Acceso Gigabit Inal&aacute;mbrico MU-MIMO AC1350 de Montaje en Techo EAP225 &#8211; Velocidades Wi-Fi de hasta 1350Mbps en total, con 450Mbps en 2.4GHz y 867Mpbs en 5GHz&#8211; Software Controlador EAP gratuito que permite a los administradores gestionar f&aacute;cilmente cientos de EAPs&#8211; Soporta Alimentaci&oacute;n sobre Ethernet (802.3af) y PoE Pasivo para una instalaci&oacute;n pr&aacute;ctica y&hellip;&nbsp;TP-LINK EAP225 Punto Acceso AC1350 Dual Band PoE","og_url":"https:\/\/aivlisoft.net\/shop\/producto\/tp-link-eap225-punto-acceso-ac1350-dual-band-poe\/","og_site_name":"Aivlisoft Inform\u00e1tica","article_modified_time":"2025-01-14T11:45:25+00:00","og_image":[{"width":800,"height":800,"url":"https:\/\/aivlisoft.net\/shop\/wp-content\/uploads\/2025\/01\/NSWPAC0278_800.jpg","type":"image\/jpeg"}],"twitter_card":"summary_large_image","twitter_misc":{"Tiempo de lectura":"3 minutos"},"schema":{"@context":"https:\/\/schema.org","@graph":[{"@type":"WebPage","@id":"https:\/\/aivlisoft.net\/shop\/producto\/tp-link-eap225-punto-acceso-ac1350-dual-band-poe\/","url":"https:\/\/aivlisoft.net\/shop\/producto\/tp-link-eap225-punto-acceso-ac1350-dual-band-poe\/","name":"TP-LINK EAP225 Punto Acceso AC1350 Dual Band PoE - Aivlisoft Inform\u00e1tica","isPartOf":{"@id":"https:\/\/aivlisoft.net\/shop\/#website"},"primaryImageOfPage":{"@id":"https:\/\/aivlisoft.net\/shop\/producto\/tp-link-eap225-punto-acceso-ac1350-dual-band-poe\/#primaryimage"},"image":{"@id":"https:\/\/aivlisoft.net\/shop\/producto\/tp-link-eap225-punto-acceso-ac1350-dual-band-poe\/#primaryimage"},"thumbnailUrl":"https:\/\/aivlisoft.net\/shop\/wp-content\/uploads\/2025\/01\/NSWPAC0278_800.jpg","datePublished":"2025-01-13T15:32:55+00:00","dateModified":"2025-01-14T11:45:25+00:00","breadcrumb":{"@id":"https:\/\/aivlisoft.net\/shop\/producto\/tp-link-eap225-punto-acceso-ac1350-dual-band-poe\/#breadcrumb"},"inLanguage":"es","potentialAction":[{"@type":"ReadAction","target":["https:\/\/aivlisoft.net\/shop\/producto\/tp-link-eap225-punto-acceso-ac1350-dual-band-poe\/"]}]},{"@type":"ImageObject","inLanguage":"es","@id":"https:\/\/aivlisoft.net\/shop\/producto\/tp-link-eap225-punto-acceso-ac1350-dual-band-poe\/#primaryimage","url":"https:\/\/aivlisoft.net\/shop\/wp-content\/uploads\/2025\/01\/NSWPAC0278_800.jpg","contentUrl":"https:\/\/aivlisoft.net\/shop\/wp-content\/uploads\/2025\/01\/NSWPAC0278_800.jpg","width":800,"height":800},{"@type":"BreadcrumbList","@id":"https:\/\/aivlisoft.net\/shop\/producto\/tp-link-eap225-punto-acceso-ac1350-dual-band-poe\/#breadcrumb","itemListElement":[{"@type":"ListItem","position":1,"name":"Portada","item":"https:\/\/aivlisoft.net\/shop\/"},{"@type":"ListItem","position":2,"name":"Tienda","item":"https:\/\/aivlisoft.net\/shop\/tienda\/"},{"@type":"ListItem","position":3,"name":"TP-LINK EAP225 Punto Acceso AC1350 Dual Band PoE"}]},{"@type":"WebSite","@id":"https:\/\/aivlisoft.net\/shop\/#website","url":"https:\/\/aivlisoft.net\/shop\/","name":"Aivlisoft Inform\u00e1tica","description":"En Aivlisoft Inform\u00e1tica ofrecemos soluciones tecnol\u00f3gicas para empresas: venta de ordenadores, consumibles, perif\u00e9ricos y m\u00e1s. Calidad, atenci\u00f3n personalizada y los mejores precios para tu negocio.","publisher":{"@id":"https:\/\/aivlisoft.net\/shop\/#organization"},"potentialAction":[{"@type":"SearchAction","target":{"@type":"EntryPoint","urlTemplate":"https:\/\/aivlisoft.net\/shop\/?s={search_term_string}"},"query-input":{"@type":"PropertyValueSpecification","valueRequired":true,"valueName":"search_term_string"}}],"inLanguage":"es"},{"@type":"Organization","@id":"https:\/\/aivlisoft.net\/shop\/#organization","name":"Aivlisoft Inform\u00e1tica","url":"https:\/\/aivlisoft.net\/shop\/","logo":{"@type":"ImageObject","inLanguage":"es","@id":"https:\/\/aivlisoft.net\/shop\/#\/schema\/logo\/image\/","url":"https:\/\/aivlisoft.net\/shop\/wp-content\/uploads\/2024\/12\/removal.ai_5b848c54-0cdf-4140-95c5-c5536bb7573b-logodef.png","contentUrl":"https:\/\/aivlisoft.net\/shop\/wp-content\/uploads\/2024\/12\/removal.ai_5b848c54-0cdf-4140-95c5-c5536bb7573b-logodef.png","width":484,"height":182,"caption":"Aivlisoft Inform\u00e1tica"},"image":{"@id":"https:\/\/aivlisoft.net\/shop\/#\/schema\/logo\/image\/"}}]}},"_links":{"self":[{"href":"https:\/\/aivlisoft.net\/shop\/wp-json\/wp\/v2\/product\/19465","targetHints":{"allow":["GET"]}}],"collection":[{"href":"https:\/\/aivlisoft.net\/shop\/wp-json\/wp\/v2\/product"}],"about":[{"href":"https:\/\/aivlisoft.net\/shop\/wp-json\/wp\/v2\/types\/product"}],"wp:featuredmedia":[{"embeddable":true,"href":"https:\/\/aivlisoft.net\/shop\/wp-json\/wp\/v2\/media\/19466"}],"wp:attachment":[{"href":"https:\/\/aivlisoft.net\/shop\/wp-json\/wp\/v2\/media?parent=19465"}],"wp:term":[{"taxonomy":"product_brand","embeddable":true,"href":"https:\/\/aivlisoft.net\/shop\/wp-json\/wp\/v2\/product_brand?post=19465"},{"taxonomy":"product_cat","embeddable":true,"href":"https:\/\/aivlisoft.net\/shop\/wp-json\/wp\/v2\/product_cat?post=19465"},{"taxonomy":"product_tag","embeddable":true,"href":"https:\/\/aivlisoft.net\/shop\/wp-json\/wp\/v2\/product_tag?post=19465"}],"curies":[{"name":"wp","href":"https:\/\/api.w.org\/{rel}","templated":true}]}}