{"id":19460,"date":"2025-01-13T15:32:52","date_gmt":"2025-01-13T15:32:52","guid":{"rendered":"https:\/\/aivlisoft.com\/?post_type=product&#038;p=19460"},"modified":"2025-01-14T11:45:24","modified_gmt":"2025-01-14T11:45:24","slug":"tp-link-eap110-outdoor-punto-acceso-n300-poe","status":"publish","type":"product","link":"https:\/\/aivlisoft.net\/shop\/producto\/tp-link-eap110-outdoor-punto-acceso-n300-poe\/","title":{"rendered":"TP-LINK EAP110-Outdoor Punto Acceso N300 PoE"},"content":{"rendered":"<p><strong>Punto de Acceso Inal&aacute;mbrico N a 300Mbps, EAP110-Outdoor<\/strong><br \/>&#8211; Fabricado para aplicaciones WI-FI de exterior<br \/>&#8211; Conexi&oacute;n WI-FI de hasta 300Mbps con tecnolog&iacute;a 2&#215;2 MIMO<br \/>&#8211; Su alta potencia de transmisi&oacute;n y sus antenas de alta ganancia proporcionan una gran &aacute;rea de cobertura<br \/>&#8211; Cubierta duradera y resistente a la intemperie para soportar el mal tiempo<br \/>&#8211; El soporte PoE pasivo (Power over Ethernet) y el dise&ntilde;o de montaje sencillo permiten un despliegue flexible y una instalaci&oacute;n conveniente<br \/>&#8211; El software Auranet Controller permite a los administradores administrar f&aacute;cilmente cientos de EAPs<br \/>&#8211; Portal cautivo proporciona un m&eacute;todo conveniente para la autenticaci&oacute;n de invitados<\/p>\n<p>&nbsp;<\/p>\n<table class=\"tabla_caracteristicas k-table\" width=\"100%\">\n<tr>\n<td valign=\"top\"><strong>Marca<\/strong><\/td>\n<td>TP-LINK<\/td>\n<\/tr>\n<tr>\n<td valign=\"top\"><strong>Modelo<\/strong><\/td>\n<td valign=\"top\"><strong>EAP110-Outdoor<\/strong><\/td>\n<\/tr>\n<tr>\n<td valign=\"top\"><strong>Caracteristicas<\/strong><\/td>\n<td><strong>HARDWARE<\/strong><br \/>\t\t\t&#8211; 1 Puerto RJ-45 Fast Ethernet<br \/>\t\t\t&#8211; Bot&oacute;n Reset<br \/>\t\t\t&#8211; Indicador LED: ON\/OFF<br \/>\t\t\t&#8211; Antena de 2.5dBi Omnidireccional<br \/>\t\t\t&#8211; Adaptador de corriente:<br \/>\t\t\t&nbsp; Alimentador PoE Pasivo 24VDC \/ 0.6A<br \/>\t\t\t&#8211; Dimensiones (A x D x H):<br \/>\t\t\t&nbsp; 209 x 95 x 42.6 mm<br \/>\t\t\t<strong>INAL&Aacute;MBRICO<\/strong><br \/>\t\t\t&#8211; Est&aacute;ndares: 802.11 b\/g\/n<br \/>\t\t\t&#8211; Frecuencia: 2.4GHz<br \/>\t\t\t&#8211; Tasa de se&ntilde;al:<br \/>\t\t\t&nbsp; 11n: Hasta 300Mbps (din&aacute;mico)<br \/>\t\t\t&nbsp; 11g: Hasta 54Mbps (din&aacute;mico)<br \/>\t\t\t&nbsp; 11b: Hasta 11Mbps (din&aacute;mico)<br \/>\t\t\t&#8211; Funciones inal&aacute;mbricas:<br \/>\t\t\t&nbsp; M&uacute;ltiples SSIDs ?Hasta 8 SSIDs?<br \/>\t\t\t&nbsp; Habilitar\/Deshabilitar Radio Inal&aacute;mbrica<br \/>\t\t\t&nbsp; Asignaci&oacute;n de Canal Autom&aacute;tico<br \/>\t\t\t&nbsp; Control de Potencia de Transmisi&oacute;n (Potencia de Transmisi&oacute;n Ajustable en dBm?<br \/>\t\t\t&nbsp; QoS(WMM)<br \/>\t\t\t&nbsp; Balanceo de Carga<br \/>\t\t\t&nbsp; Horario Inal&aacute;mbrico<br \/>\t\t\t&nbsp; Estad&iacute;sticas Inal&aacute;mbricas basadas en SSID\/Punto de Acceso\/Cliente<br \/>\t\t\t&#8211; Potencia de transmisi&oacute;n:<br \/>\t\t\t&nbsp; CE: &lt;20dBm<br \/>\t\t\t&nbsp; FCC: &lt;27dBm<br \/>\t\t\t&#8211; Seguridad:<br \/>\t\t\t&nbsp; Autenticaci&oacute;n mediante Portal Cautivo<br \/>\t\t\t&nbsp; Filtrado de Direcciones Mac Inal&aacute;mbrico<br \/>\t\t\t&nbsp; Aislamiento Inal&aacute;mbrico Entre Clientes<br \/>\t\t\t&nbsp; Mapeo SSID a VLAN<br \/>\t\t\t&nbsp; Detecci&oacute;n de Punto de Acceso No Autorizado<br \/>\t\t\t&nbsp; Soporta 802.1X<br \/>\t\t\t&nbsp; 64\/128\/152-bit WEP \/ WPA \/ WPA2-Enterprise,WPA-PSK \/ WPA2-PSK<br \/>\t\t\t<strong>CARACTER&Iacute;STICAS DEL SOFTWARE<\/strong><br \/>\t\t\t&#8211; Software Controlador EAP: S&iacute;<br \/>\t\t\t&#8211; Alertas por Correo Electr&oacute;nico: S&iacute;<br \/>\t\t\t&#8211; LED de control ON \/ OFF: S&iacute;<br \/>\t\t\t&#8211; Control de Gesti&oacute;n de Acceso MAC: S&iacute;<br \/>\t\t\t&#8211; Telnet: S&iacute;<br \/>\t\t\t&#8211; Gesti&oacute;n basada en Web: HTTP\/HTTPS<br \/>\t\t\t&#8211; Management VLAN: Si<br \/>\t\t\t<strong>OTROS<\/strong><br \/>\t\t\t&#8211; Montaje de techo\/pared (kits incluidos)<br \/>\t\t\t&#8211; Certificaci&oacute;n: CE, FCC, RoHS<br \/>\t\t\t&#8211; Condiciones medioambientales:<br \/>\t\t\t&nbsp; Temperatura en Funcionamiento: -30&deg;C~65&deg;C (-22?~149?)<br \/>\t\t\t&nbsp; Temperatura de Almacenaje: -40?~70? (-40?~158?)<br \/>\t\t\t&nbsp; Humedad en Funcionamiento: 10%~90% sin condensaci&oacute;n<br \/>\t\t\t&nbsp; Humedad de Almacenamiento: 5%~90% sin condensaci&oacute;n<br \/>\t\t\t&#8211; Requisitos del sistema &nbsp;&nbsp; &nbsp;<br \/>\t\t\t&nbsp; Microsoft Windows 10\/8\/7\/Vista\/XP<br \/>\t\t\t&#8211; Contenido:<br \/>\t\t\t&nbsp; Punto de Acceso Inal&aacute;mbrico Exterior N a 300Mbps EAP110-Outdoor<br \/>\t\t\t&nbsp; Adaptador PoE Pasivo<br \/>\t\t\t&nbsp; Cable de Alimentaci&oacute;n<br \/>\t\t\t&nbsp; Kit de Montaje<br \/>\t\t\t&nbsp; Antenas Impermeables<br \/>\t\t\t&nbsp; Goma impermeable<br \/>\t\t\t&nbsp; Gu&iacute;a de Instalaci&oacute;n<\/td>\n<\/tr>\n<tr>\n<td valign=\"top\"><strong>Fecha Revisi&oacute;n<\/strong><\/td>\n<td>22-02-2022 por MPM<\/td>\n<\/tr>\n<\/table>\n","protected":false},"excerpt":{"rendered":"<p>Punto de Acceso Inal&aacute;mbrico N a 300Mbps, EAP110-Outdoor&#8211; Fabricado para aplicaciones WI-FI de exterior&#8211; Conexi&oacute;n WI-FI de hasta 300Mbps con tecnolog&iacute;a 2&#215;2 MIMO&#8211; Su alta potencia de transmisi&oacute;n y sus antenas de alta ganancia proporcionan una gran &aacute;rea de cobertura&#8211; Cubierta duradera y resistente a la intemperie para soportar el mal tiempo&#8211; El soporte PoE&hellip;&nbsp;<a href=\"https:\/\/aivlisoft.net\/shop\/producto\/tp-link-eap110-outdoor-punto-acceso-n300-poe\/\" rel=\"bookmark\"><span class=\"screen-reader-text\">TP-LINK EAP110-Outdoor Punto Acceso N300 PoE<\/span><\/a><\/p>\n","protected":false},"featured_media":19461,"template":"","meta":{"neve_meta_sidebar":"","neve_meta_container":"","neve_meta_enable_content_width":"","neve_meta_content_width":0,"neve_meta_title_alignment":"","neve_meta_author_avatar":"","neve_post_elements_order":"","neve_meta_disable_header":"","neve_meta_disable_footer":"","neve_meta_disable_title":""},"product_brand":[],"product_cat":[8770],"product_tag":[7031],"class_list":{"0":"post-19460","1":"product","2":"type-product","3":"status-publish","4":"has-post-thumbnail","6":"product_cat-puntos-de-acceso","7":"product_tag-eap110-outdoor","9":"first","10":"instock","11":"taxable","12":"shipping-taxable","13":"purchasable","14":"product-type-simple"},"yoast_head":"<!-- This site is optimized with the Yoast SEO plugin v26.0 - https:\/\/yoast.com\/wordpress\/plugins\/seo\/ -->\n<title>TP-LINK EAP110-Outdoor Punto Acceso N300 PoE - Aivlisoft Inform\u00e1tica<\/title>\n<meta name=\"robots\" content=\"index, follow, max-snippet:-1, max-image-preview:large, max-video-preview:-1\" \/>\n<link rel=\"canonical\" href=\"https:\/\/aivlisoft.net\/shop\/producto\/tp-link-eap110-outdoor-punto-acceso-n300-poe\/\" \/>\n<meta property=\"og:locale\" content=\"es_ES\" \/>\n<meta property=\"og:type\" content=\"article\" \/>\n<meta property=\"og:title\" content=\"TP-LINK EAP110-Outdoor Punto Acceso N300 PoE - Aivlisoft Inform\u00e1tica\" \/>\n<meta property=\"og:description\" content=\"Punto de Acceso Inal&aacute;mbrico N a 300Mbps, EAP110-Outdoor&#8211; Fabricado para aplicaciones WI-FI de exterior&#8211; Conexi&oacute;n WI-FI de hasta 300Mbps con tecnolog&iacute;a 2&#215;2 MIMO&#8211; Su alta potencia de transmisi&oacute;n y sus antenas de alta ganancia proporcionan una gran &aacute;rea de cobertura&#8211; Cubierta duradera y resistente a la intemperie para soportar el mal tiempo&#8211; El soporte PoE&hellip;&nbsp;TP-LINK EAP110-Outdoor Punto Acceso N300 PoE\" \/>\n<meta property=\"og:url\" content=\"https:\/\/aivlisoft.net\/shop\/producto\/tp-link-eap110-outdoor-punto-acceso-n300-poe\/\" \/>\n<meta property=\"og:site_name\" content=\"Aivlisoft Inform\u00e1tica\" \/>\n<meta property=\"article:modified_time\" content=\"2025-01-14T11:45:24+00:00\" \/>\n<meta property=\"og:image\" content=\"https:\/\/aivlisoft.net\/shop\/wp-content\/uploads\/2025\/01\/NSWPAC0275_800.jpg\" \/>\n\t<meta property=\"og:image:width\" content=\"800\" \/>\n\t<meta property=\"og:image:height\" content=\"800\" \/>\n\t<meta property=\"og:image:type\" content=\"image\/jpeg\" \/>\n<meta name=\"twitter:card\" content=\"summary_large_image\" \/>\n<meta name=\"twitter:label1\" content=\"Tiempo de lectura\" \/>\n\t<meta name=\"twitter:data1\" content=\"3 minutos\" \/>\n<script type=\"application\/ld+json\" class=\"yoast-schema-graph\">{\"@context\":\"https:\/\/schema.org\",\"@graph\":[{\"@type\":\"WebPage\",\"@id\":\"https:\/\/aivlisoft.net\/shop\/producto\/tp-link-eap110-outdoor-punto-acceso-n300-poe\/\",\"url\":\"https:\/\/aivlisoft.net\/shop\/producto\/tp-link-eap110-outdoor-punto-acceso-n300-poe\/\",\"name\":\"TP-LINK EAP110-Outdoor Punto Acceso N300 PoE - Aivlisoft Inform\u00e1tica\",\"isPartOf\":{\"@id\":\"https:\/\/aivlisoft.net\/shop\/#website\"},\"primaryImageOfPage\":{\"@id\":\"https:\/\/aivlisoft.net\/shop\/producto\/tp-link-eap110-outdoor-punto-acceso-n300-poe\/#primaryimage\"},\"image\":{\"@id\":\"https:\/\/aivlisoft.net\/shop\/producto\/tp-link-eap110-outdoor-punto-acceso-n300-poe\/#primaryimage\"},\"thumbnailUrl\":\"https:\/\/aivlisoft.net\/shop\/wp-content\/uploads\/2025\/01\/NSWPAC0275_800.jpg\",\"datePublished\":\"2025-01-13T15:32:52+00:00\",\"dateModified\":\"2025-01-14T11:45:24+00:00\",\"breadcrumb\":{\"@id\":\"https:\/\/aivlisoft.net\/shop\/producto\/tp-link-eap110-outdoor-punto-acceso-n300-poe\/#breadcrumb\"},\"inLanguage\":\"es\",\"potentialAction\":[{\"@type\":\"ReadAction\",\"target\":[\"https:\/\/aivlisoft.net\/shop\/producto\/tp-link-eap110-outdoor-punto-acceso-n300-poe\/\"]}]},{\"@type\":\"ImageObject\",\"inLanguage\":\"es\",\"@id\":\"https:\/\/aivlisoft.net\/shop\/producto\/tp-link-eap110-outdoor-punto-acceso-n300-poe\/#primaryimage\",\"url\":\"https:\/\/aivlisoft.net\/shop\/wp-content\/uploads\/2025\/01\/NSWPAC0275_800.jpg\",\"contentUrl\":\"https:\/\/aivlisoft.net\/shop\/wp-content\/uploads\/2025\/01\/NSWPAC0275_800.jpg\",\"width\":800,\"height\":800},{\"@type\":\"BreadcrumbList\",\"@id\":\"https:\/\/aivlisoft.net\/shop\/producto\/tp-link-eap110-outdoor-punto-acceso-n300-poe\/#breadcrumb\",\"itemListElement\":[{\"@type\":\"ListItem\",\"position\":1,\"name\":\"Portada\",\"item\":\"https:\/\/aivlisoft.net\/shop\/\"},{\"@type\":\"ListItem\",\"position\":2,\"name\":\"Tienda\",\"item\":\"https:\/\/aivlisoft.net\/shop\/tienda\/\"},{\"@type\":\"ListItem\",\"position\":3,\"name\":\"TP-LINK EAP110-Outdoor Punto Acceso N300 PoE\"}]},{\"@type\":\"WebSite\",\"@id\":\"https:\/\/aivlisoft.net\/shop\/#website\",\"url\":\"https:\/\/aivlisoft.net\/shop\/\",\"name\":\"Aivlisoft Inform\u00e1tica\",\"description\":\"En Aivlisoft Inform\u00e1tica ofrecemos soluciones tecnol\u00f3gicas para empresas: venta de ordenadores, consumibles, perif\u00e9ricos y m\u00e1s. Calidad, atenci\u00f3n personalizada y los mejores precios para tu negocio.\",\"publisher\":{\"@id\":\"https:\/\/aivlisoft.net\/shop\/#organization\"},\"potentialAction\":[{\"@type\":\"SearchAction\",\"target\":{\"@type\":\"EntryPoint\",\"urlTemplate\":\"https:\/\/aivlisoft.net\/shop\/?s={search_term_string}\"},\"query-input\":{\"@type\":\"PropertyValueSpecification\",\"valueRequired\":true,\"valueName\":\"search_term_string\"}}],\"inLanguage\":\"es\"},{\"@type\":\"Organization\",\"@id\":\"https:\/\/aivlisoft.net\/shop\/#organization\",\"name\":\"Aivlisoft Inform\u00e1tica\",\"url\":\"https:\/\/aivlisoft.net\/shop\/\",\"logo\":{\"@type\":\"ImageObject\",\"inLanguage\":\"es\",\"@id\":\"https:\/\/aivlisoft.net\/shop\/#\/schema\/logo\/image\/\",\"url\":\"https:\/\/aivlisoft.net\/shop\/wp-content\/uploads\/2024\/12\/removal.ai_5b848c54-0cdf-4140-95c5-c5536bb7573b-logodef.png\",\"contentUrl\":\"https:\/\/aivlisoft.net\/shop\/wp-content\/uploads\/2024\/12\/removal.ai_5b848c54-0cdf-4140-95c5-c5536bb7573b-logodef.png\",\"width\":484,\"height\":182,\"caption\":\"Aivlisoft Inform\u00e1tica\"},\"image\":{\"@id\":\"https:\/\/aivlisoft.net\/shop\/#\/schema\/logo\/image\/\"}}]}<\/script>\n<!-- \/ Yoast SEO plugin. -->","yoast_head_json":{"title":"TP-LINK EAP110-Outdoor Punto Acceso N300 PoE - Aivlisoft Inform\u00e1tica","robots":{"index":"index","follow":"follow","max-snippet":"max-snippet:-1","max-image-preview":"max-image-preview:large","max-video-preview":"max-video-preview:-1"},"canonical":"https:\/\/aivlisoft.net\/shop\/producto\/tp-link-eap110-outdoor-punto-acceso-n300-poe\/","og_locale":"es_ES","og_type":"article","og_title":"TP-LINK EAP110-Outdoor Punto Acceso N300 PoE - Aivlisoft Inform\u00e1tica","og_description":"Punto de Acceso Inal&aacute;mbrico N a 300Mbps, EAP110-Outdoor&#8211; Fabricado para aplicaciones WI-FI de exterior&#8211; Conexi&oacute;n WI-FI de hasta 300Mbps con tecnolog&iacute;a 2&#215;2 MIMO&#8211; Su alta potencia de transmisi&oacute;n y sus antenas de alta ganancia proporcionan una gran &aacute;rea de cobertura&#8211; Cubierta duradera y resistente a la intemperie para soportar el mal tiempo&#8211; El soporte PoE&hellip;&nbsp;TP-LINK EAP110-Outdoor Punto Acceso N300 PoE","og_url":"https:\/\/aivlisoft.net\/shop\/producto\/tp-link-eap110-outdoor-punto-acceso-n300-poe\/","og_site_name":"Aivlisoft Inform\u00e1tica","article_modified_time":"2025-01-14T11:45:24+00:00","og_image":[{"width":800,"height":800,"url":"https:\/\/aivlisoft.net\/shop\/wp-content\/uploads\/2025\/01\/NSWPAC0275_800.jpg","type":"image\/jpeg"}],"twitter_card":"summary_large_image","twitter_misc":{"Tiempo de lectura":"3 minutos"},"schema":{"@context":"https:\/\/schema.org","@graph":[{"@type":"WebPage","@id":"https:\/\/aivlisoft.net\/shop\/producto\/tp-link-eap110-outdoor-punto-acceso-n300-poe\/","url":"https:\/\/aivlisoft.net\/shop\/producto\/tp-link-eap110-outdoor-punto-acceso-n300-poe\/","name":"TP-LINK EAP110-Outdoor Punto Acceso N300 PoE - Aivlisoft Inform\u00e1tica","isPartOf":{"@id":"https:\/\/aivlisoft.net\/shop\/#website"},"primaryImageOfPage":{"@id":"https:\/\/aivlisoft.net\/shop\/producto\/tp-link-eap110-outdoor-punto-acceso-n300-poe\/#primaryimage"},"image":{"@id":"https:\/\/aivlisoft.net\/shop\/producto\/tp-link-eap110-outdoor-punto-acceso-n300-poe\/#primaryimage"},"thumbnailUrl":"https:\/\/aivlisoft.net\/shop\/wp-content\/uploads\/2025\/01\/NSWPAC0275_800.jpg","datePublished":"2025-01-13T15:32:52+00:00","dateModified":"2025-01-14T11:45:24+00:00","breadcrumb":{"@id":"https:\/\/aivlisoft.net\/shop\/producto\/tp-link-eap110-outdoor-punto-acceso-n300-poe\/#breadcrumb"},"inLanguage":"es","potentialAction":[{"@type":"ReadAction","target":["https:\/\/aivlisoft.net\/shop\/producto\/tp-link-eap110-outdoor-punto-acceso-n300-poe\/"]}]},{"@type":"ImageObject","inLanguage":"es","@id":"https:\/\/aivlisoft.net\/shop\/producto\/tp-link-eap110-outdoor-punto-acceso-n300-poe\/#primaryimage","url":"https:\/\/aivlisoft.net\/shop\/wp-content\/uploads\/2025\/01\/NSWPAC0275_800.jpg","contentUrl":"https:\/\/aivlisoft.net\/shop\/wp-content\/uploads\/2025\/01\/NSWPAC0275_800.jpg","width":800,"height":800},{"@type":"BreadcrumbList","@id":"https:\/\/aivlisoft.net\/shop\/producto\/tp-link-eap110-outdoor-punto-acceso-n300-poe\/#breadcrumb","itemListElement":[{"@type":"ListItem","position":1,"name":"Portada","item":"https:\/\/aivlisoft.net\/shop\/"},{"@type":"ListItem","position":2,"name":"Tienda","item":"https:\/\/aivlisoft.net\/shop\/tienda\/"},{"@type":"ListItem","position":3,"name":"TP-LINK EAP110-Outdoor Punto Acceso N300 PoE"}]},{"@type":"WebSite","@id":"https:\/\/aivlisoft.net\/shop\/#website","url":"https:\/\/aivlisoft.net\/shop\/","name":"Aivlisoft Inform\u00e1tica","description":"En Aivlisoft Inform\u00e1tica ofrecemos soluciones tecnol\u00f3gicas para empresas: venta de ordenadores, consumibles, perif\u00e9ricos y m\u00e1s. Calidad, atenci\u00f3n personalizada y los mejores precios para tu negocio.","publisher":{"@id":"https:\/\/aivlisoft.net\/shop\/#organization"},"potentialAction":[{"@type":"SearchAction","target":{"@type":"EntryPoint","urlTemplate":"https:\/\/aivlisoft.net\/shop\/?s={search_term_string}"},"query-input":{"@type":"PropertyValueSpecification","valueRequired":true,"valueName":"search_term_string"}}],"inLanguage":"es"},{"@type":"Organization","@id":"https:\/\/aivlisoft.net\/shop\/#organization","name":"Aivlisoft Inform\u00e1tica","url":"https:\/\/aivlisoft.net\/shop\/","logo":{"@type":"ImageObject","inLanguage":"es","@id":"https:\/\/aivlisoft.net\/shop\/#\/schema\/logo\/image\/","url":"https:\/\/aivlisoft.net\/shop\/wp-content\/uploads\/2024\/12\/removal.ai_5b848c54-0cdf-4140-95c5-c5536bb7573b-logodef.png","contentUrl":"https:\/\/aivlisoft.net\/shop\/wp-content\/uploads\/2024\/12\/removal.ai_5b848c54-0cdf-4140-95c5-c5536bb7573b-logodef.png","width":484,"height":182,"caption":"Aivlisoft Inform\u00e1tica"},"image":{"@id":"https:\/\/aivlisoft.net\/shop\/#\/schema\/logo\/image\/"}}]}},"_links":{"self":[{"href":"https:\/\/aivlisoft.net\/shop\/wp-json\/wp\/v2\/product\/19460","targetHints":{"allow":["GET"]}}],"collection":[{"href":"https:\/\/aivlisoft.net\/shop\/wp-json\/wp\/v2\/product"}],"about":[{"href":"https:\/\/aivlisoft.net\/shop\/wp-json\/wp\/v2\/types\/product"}],"wp:featuredmedia":[{"embeddable":true,"href":"https:\/\/aivlisoft.net\/shop\/wp-json\/wp\/v2\/media\/19461"}],"wp:attachment":[{"href":"https:\/\/aivlisoft.net\/shop\/wp-json\/wp\/v2\/media?parent=19460"}],"wp:term":[{"taxonomy":"product_brand","embeddable":true,"href":"https:\/\/aivlisoft.net\/shop\/wp-json\/wp\/v2\/product_brand?post=19460"},{"taxonomy":"product_cat","embeddable":true,"href":"https:\/\/aivlisoft.net\/shop\/wp-json\/wp\/v2\/product_cat?post=19460"},{"taxonomy":"product_tag","embeddable":true,"href":"https:\/\/aivlisoft.net\/shop\/wp-json\/wp\/v2\/product_tag?post=19460"}],"curies":[{"name":"wp","href":"https:\/\/api.w.org\/{rel}","templated":true}]}}