{"id":19456,"date":"2025-01-13T15:32:47","date_gmt":"2025-01-13T15:32:47","guid":{"rendered":"https:\/\/aivlisoft.com\/?post_type=product&#038;p=19456"},"modified":"2025-01-14T11:45:19","modified_gmt":"2025-01-14T11:45:19","slug":"ubiquiti-unifi-uap-ac-m-pro-dual-band-poe","status":"publish","type":"product","link":"https:\/\/aivlisoft.net\/shop\/producto\/ubiquiti-unifi-uap-ac-m-pro-dual-band-poe\/","title":{"rendered":"Ubiquiti UniFi UAP-AC-M-PRO Dual Band PoE"},"content":{"rendered":"<p><strong>UAP-AC-M-PRO<\/strong><\/p>\n<p><strong>802.11AC 3&#215;3 MIMO Punto de acceso exterior Wi-Fi con tecnolog&iacute;a Mesh Plug &amp; Play<\/strong><\/p>\n<p><strong>Ubiquiti UniFi UAP-AC-M-PRO<\/strong><br \/>UniFi Punto de Acceso de exterior AC con tecnolog&iacute;a Mesh<br \/>El punto de acceso UniFi AC Mesh Pro aporta doble banda simult&aacute;nea. MIMO 3&#215;3. Rango de alcance hasta 183 metros. Velocidades de hasta 1.300Mbps con 5 GHz y 450 Mbps con 2,4 GHz. Compatibilidad con PoE 802.3af<\/p>\n<p><strong>Formato compacto<\/strong><br \/>Se integra discretamente en cualquier tipo de entorno.<\/p>\n<p><strong>Gran resistencia a los factores medioambientales<\/strong><br \/>La carcasa del Uap Ac Mesh Pro est&aacute; dise&ntilde;ada para soportar cualquier tipo de fen&oacute;meno meteorol&oacute;gico, lo que lo hace ideal para entornos de exterior.<\/p>\n<p><strong>Montaje vers&aacute;til<\/strong><br \/>El UniFi AC Mesh se puede montar tanto en pared, como poste, o los m&oacute;dulos de montaje r&aacute;pido de las antenas de alta ganancia de Ubiquiti. Todos los accesorios est&aacute;n incluidos<\/p>\n<p><strong>M&uacute;ltiples opciones de alimentaci&oacute;n<\/strong><br \/>Este equipo es compatible con el est&aacute;ndar PoE 802.3af y PoE pasivo de 24V. Puedes alimentarlo con un switch que incorpore 802.3af compatible, con los swicht PoE de UniFi o el adaptador Gigabit PoE que lleva incluido.<\/p>\n<p>&nbsp;&nbsp;&nbsp;&nbsp;&nbsp;<\/p>\n<table class=\"tabla_caracteristicas k-table\" width=\"100%\">\n<tbody>\n<tr>\n<td><strong>Marca<\/strong><\/td>\n<td>Ubiquiti<\/td>\n<\/tr>\n<tr>\n<td><strong>Modelo<\/strong><\/td>\n<td><strong>UAP-AC-M-PRO<\/strong><\/td>\n<\/tr>\n<tr>\n<td valign=\"top\"><strong>Interfaces<\/strong><\/td>\n<td>&#8211; 2 x 10\/100\/1000 Puertos ethernet<\/td>\n<\/tr>\n<tr>\n<td valign=\"top\"><strong>Standards<\/strong><\/td>\n<td>&#8211; 802.11 a\/b\/g\/n\/ac<\/td>\n<\/tr>\n<tr>\n<td valign=\"top\"><strong>Especificaciones<\/strong><\/td>\n<td>&#8211; Dimensiones: 343,2 x 181,2 x 60,2 mm<br \/>&#8211; Peso: 633 g (1,40 libras)<br \/>&#8211; Botones: Reset<br \/>&#8211; M&eacute;todo de alimentaci&oacute;n: 802.3af PoE (Rango de voltaje admitido: 44 a 57 VDC)<br \/>&#8211; Fuente de alimentaci&oacute;n: 48V, 0.5A PoE Gigabit Adapter (incluido)<br \/>&#8211; Consumo m&aacute;ximo de energ&iacute;a: 9 W<br \/>&#8211; M&aacute;xima potencia TX:<br \/>&nbsp;&nbsp; 2,4 GHz: 22 dBm<br \/>&nbsp;&nbsp; 5 GHz: 22 dBm<br \/>&#8211; Antenas: (3) Antenas internas de doble banda, 8 dBi<br \/>&#8211; Seguridad inal&aacute;mbrica: WEP, WPA-PSK, WPA-Enterprise (WPA \/ WPA2, TKIP \/ AES)<br \/>&#8211; BSSID: Hasta cuatro por radio<br \/>&#8211; Montaje: pared \/ poste (kit de polo incluido)<br \/>&#8211; Temperatura de funcionamiento: -40 a 70 &deg; C (-40 a 158 &deg; F)<br \/>&#8211; Humedad de funcionamiento: 5 a 95% sin condensaci&oacute;n<br \/>&#8211; Certificaciones: CE, FCC, IC<\/td>\n<\/tr>\n<tr>\n<td><strong>Fecha Revisi&oacute;n<\/strong><\/td>\n<td>25-01-2017 por MSB<\/td>\n<\/tr>\n<\/tbody>\n<\/table>\n","protected":false},"excerpt":{"rendered":"<p>UAP-AC-M-PRO 802.11AC 3&#215;3 MIMO Punto de acceso exterior Wi-Fi con tecnolog&iacute;a Mesh Plug &amp; Play Ubiquiti UniFi UAP-AC-M-PROUniFi Punto de Acceso de exterior AC con tecnolog&iacute;a MeshEl punto de acceso UniFi AC Mesh Pro aporta doble banda simult&aacute;nea. MIMO 3&#215;3. Rango de alcance hasta 183 metros. Velocidades de hasta 1.300Mbps con 5 GHz y 450&hellip;&nbsp;<a href=\"https:\/\/aivlisoft.net\/shop\/producto\/ubiquiti-unifi-uap-ac-m-pro-dual-band-poe\/\" rel=\"bookmark\"><span class=\"screen-reader-text\">Ubiquiti UniFi UAP-AC-M-PRO Dual Band PoE<\/span><\/a><\/p>\n","protected":false},"featured_media":19457,"template":"","meta":{"neve_meta_sidebar":"","neve_meta_container":"","neve_meta_enable_content_width":"","neve_meta_content_width":0,"neve_meta_title_alignment":"","neve_meta_author_avatar":"","neve_post_elements_order":"","neve_meta_disable_header":"","neve_meta_disable_footer":"","neve_meta_disable_title":""},"product_brand":[],"product_cat":[8770],"product_tag":[7029],"class_list":{"0":"post-19456","1":"product","2":"type-product","3":"status-publish","4":"has-post-thumbnail","6":"product_cat-puntos-de-acceso","7":"product_tag-uap-ac-m-pro","9":"first","10":"instock","11":"taxable","12":"shipping-taxable","13":"purchasable","14":"product-type-simple"},"yoast_head":"<!-- This site is optimized with the Yoast SEO plugin v26.0 - https:\/\/yoast.com\/wordpress\/plugins\/seo\/ -->\n<title>Ubiquiti UniFi UAP-AC-M-PRO Dual Band PoE - Aivlisoft Inform\u00e1tica<\/title>\n<meta name=\"robots\" content=\"index, follow, max-snippet:-1, max-image-preview:large, max-video-preview:-1\" \/>\n<link rel=\"canonical\" href=\"https:\/\/aivlisoft.net\/shop\/producto\/ubiquiti-unifi-uap-ac-m-pro-dual-band-poe\/\" \/>\n<meta property=\"og:locale\" content=\"es_ES\" \/>\n<meta property=\"og:type\" content=\"article\" \/>\n<meta property=\"og:title\" content=\"Ubiquiti UniFi UAP-AC-M-PRO Dual Band PoE - Aivlisoft Inform\u00e1tica\" \/>\n<meta property=\"og:description\" content=\"UAP-AC-M-PRO 802.11AC 3&#215;3 MIMO Punto de acceso exterior Wi-Fi con tecnolog&iacute;a Mesh Plug &amp; Play Ubiquiti UniFi UAP-AC-M-PROUniFi Punto de Acceso de exterior AC con tecnolog&iacute;a MeshEl punto de acceso UniFi AC Mesh Pro aporta doble banda simult&aacute;nea. MIMO 3&#215;3. Rango de alcance hasta 183 metros. Velocidades de hasta 1.300Mbps con 5 GHz y 450&hellip;&nbsp;Ubiquiti UniFi UAP-AC-M-PRO Dual Band PoE\" \/>\n<meta property=\"og:url\" content=\"https:\/\/aivlisoft.net\/shop\/producto\/ubiquiti-unifi-uap-ac-m-pro-dual-band-poe\/\" \/>\n<meta property=\"og:site_name\" content=\"Aivlisoft Inform\u00e1tica\" \/>\n<meta property=\"article:modified_time\" content=\"2025-01-14T11:45:19+00:00\" \/>\n<meta property=\"og:image\" content=\"https:\/\/aivlisoft.net\/shop\/wp-content\/uploads\/2025\/01\/NSWPAC0267_800.jpg\" \/>\n\t<meta property=\"og:image:width\" content=\"800\" \/>\n\t<meta property=\"og:image:height\" content=\"800\" \/>\n\t<meta property=\"og:image:type\" content=\"image\/jpeg\" \/>\n<meta name=\"twitter:card\" content=\"summary_large_image\" \/>\n<meta name=\"twitter:label1\" content=\"Tiempo de lectura\" \/>\n\t<meta name=\"twitter:data1\" content=\"2 minutos\" \/>\n<script type=\"application\/ld+json\" class=\"yoast-schema-graph\">{\"@context\":\"https:\/\/schema.org\",\"@graph\":[{\"@type\":\"WebPage\",\"@id\":\"https:\/\/aivlisoft.net\/shop\/producto\/ubiquiti-unifi-uap-ac-m-pro-dual-band-poe\/\",\"url\":\"https:\/\/aivlisoft.net\/shop\/producto\/ubiquiti-unifi-uap-ac-m-pro-dual-band-poe\/\",\"name\":\"Ubiquiti UniFi UAP-AC-M-PRO Dual Band PoE - Aivlisoft Inform\u00e1tica\",\"isPartOf\":{\"@id\":\"https:\/\/aivlisoft.net\/shop\/#website\"},\"primaryImageOfPage\":{\"@id\":\"https:\/\/aivlisoft.net\/shop\/producto\/ubiquiti-unifi-uap-ac-m-pro-dual-band-poe\/#primaryimage\"},\"image\":{\"@id\":\"https:\/\/aivlisoft.net\/shop\/producto\/ubiquiti-unifi-uap-ac-m-pro-dual-band-poe\/#primaryimage\"},\"thumbnailUrl\":\"https:\/\/aivlisoft.net\/shop\/wp-content\/uploads\/2025\/01\/NSWPAC0267_800.jpg\",\"datePublished\":\"2025-01-13T15:32:47+00:00\",\"dateModified\":\"2025-01-14T11:45:19+00:00\",\"breadcrumb\":{\"@id\":\"https:\/\/aivlisoft.net\/shop\/producto\/ubiquiti-unifi-uap-ac-m-pro-dual-band-poe\/#breadcrumb\"},\"inLanguage\":\"es\",\"potentialAction\":[{\"@type\":\"ReadAction\",\"target\":[\"https:\/\/aivlisoft.net\/shop\/producto\/ubiquiti-unifi-uap-ac-m-pro-dual-band-poe\/\"]}]},{\"@type\":\"ImageObject\",\"inLanguage\":\"es\",\"@id\":\"https:\/\/aivlisoft.net\/shop\/producto\/ubiquiti-unifi-uap-ac-m-pro-dual-band-poe\/#primaryimage\",\"url\":\"https:\/\/aivlisoft.net\/shop\/wp-content\/uploads\/2025\/01\/NSWPAC0267_800.jpg\",\"contentUrl\":\"https:\/\/aivlisoft.net\/shop\/wp-content\/uploads\/2025\/01\/NSWPAC0267_800.jpg\",\"width\":800,\"height\":800},{\"@type\":\"BreadcrumbList\",\"@id\":\"https:\/\/aivlisoft.net\/shop\/producto\/ubiquiti-unifi-uap-ac-m-pro-dual-band-poe\/#breadcrumb\",\"itemListElement\":[{\"@type\":\"ListItem\",\"position\":1,\"name\":\"Portada\",\"item\":\"https:\/\/aivlisoft.net\/shop\/\"},{\"@type\":\"ListItem\",\"position\":2,\"name\":\"Tienda\",\"item\":\"https:\/\/aivlisoft.net\/shop\/tienda\/\"},{\"@type\":\"ListItem\",\"position\":3,\"name\":\"Ubiquiti UniFi UAP-AC-M-PRO Dual Band PoE\"}]},{\"@type\":\"WebSite\",\"@id\":\"https:\/\/aivlisoft.net\/shop\/#website\",\"url\":\"https:\/\/aivlisoft.net\/shop\/\",\"name\":\"Aivlisoft Inform\u00e1tica\",\"description\":\"En Aivlisoft Inform\u00e1tica ofrecemos soluciones tecnol\u00f3gicas para empresas: venta de ordenadores, consumibles, perif\u00e9ricos y m\u00e1s. Calidad, atenci\u00f3n personalizada y los mejores precios para tu negocio.\",\"publisher\":{\"@id\":\"https:\/\/aivlisoft.net\/shop\/#organization\"},\"potentialAction\":[{\"@type\":\"SearchAction\",\"target\":{\"@type\":\"EntryPoint\",\"urlTemplate\":\"https:\/\/aivlisoft.net\/shop\/?s={search_term_string}\"},\"query-input\":{\"@type\":\"PropertyValueSpecification\",\"valueRequired\":true,\"valueName\":\"search_term_string\"}}],\"inLanguage\":\"es\"},{\"@type\":\"Organization\",\"@id\":\"https:\/\/aivlisoft.net\/shop\/#organization\",\"name\":\"Aivlisoft Inform\u00e1tica\",\"url\":\"https:\/\/aivlisoft.net\/shop\/\",\"logo\":{\"@type\":\"ImageObject\",\"inLanguage\":\"es\",\"@id\":\"https:\/\/aivlisoft.net\/shop\/#\/schema\/logo\/image\/\",\"url\":\"https:\/\/aivlisoft.net\/shop\/wp-content\/uploads\/2024\/12\/removal.ai_5b848c54-0cdf-4140-95c5-c5536bb7573b-logodef.png\",\"contentUrl\":\"https:\/\/aivlisoft.net\/shop\/wp-content\/uploads\/2024\/12\/removal.ai_5b848c54-0cdf-4140-95c5-c5536bb7573b-logodef.png\",\"width\":484,\"height\":182,\"caption\":\"Aivlisoft Inform\u00e1tica\"},\"image\":{\"@id\":\"https:\/\/aivlisoft.net\/shop\/#\/schema\/logo\/image\/\"}}]}<\/script>\n<!-- \/ Yoast SEO plugin. -->","yoast_head_json":{"title":"Ubiquiti UniFi UAP-AC-M-PRO Dual Band PoE - Aivlisoft Inform\u00e1tica","robots":{"index":"index","follow":"follow","max-snippet":"max-snippet:-1","max-image-preview":"max-image-preview:large","max-video-preview":"max-video-preview:-1"},"canonical":"https:\/\/aivlisoft.net\/shop\/producto\/ubiquiti-unifi-uap-ac-m-pro-dual-band-poe\/","og_locale":"es_ES","og_type":"article","og_title":"Ubiquiti UniFi UAP-AC-M-PRO Dual Band PoE - Aivlisoft Inform\u00e1tica","og_description":"UAP-AC-M-PRO 802.11AC 3&#215;3 MIMO Punto de acceso exterior Wi-Fi con tecnolog&iacute;a Mesh Plug &amp; Play Ubiquiti UniFi UAP-AC-M-PROUniFi Punto de Acceso de exterior AC con tecnolog&iacute;a MeshEl punto de acceso UniFi AC Mesh Pro aporta doble banda simult&aacute;nea. MIMO 3&#215;3. Rango de alcance hasta 183 metros. Velocidades de hasta 1.300Mbps con 5 GHz y 450&hellip;&nbsp;Ubiquiti UniFi UAP-AC-M-PRO Dual Band PoE","og_url":"https:\/\/aivlisoft.net\/shop\/producto\/ubiquiti-unifi-uap-ac-m-pro-dual-band-poe\/","og_site_name":"Aivlisoft Inform\u00e1tica","article_modified_time":"2025-01-14T11:45:19+00:00","og_image":[{"width":800,"height":800,"url":"https:\/\/aivlisoft.net\/shop\/wp-content\/uploads\/2025\/01\/NSWPAC0267_800.jpg","type":"image\/jpeg"}],"twitter_card":"summary_large_image","twitter_misc":{"Tiempo de lectura":"2 minutos"},"schema":{"@context":"https:\/\/schema.org","@graph":[{"@type":"WebPage","@id":"https:\/\/aivlisoft.net\/shop\/producto\/ubiquiti-unifi-uap-ac-m-pro-dual-band-poe\/","url":"https:\/\/aivlisoft.net\/shop\/producto\/ubiquiti-unifi-uap-ac-m-pro-dual-band-poe\/","name":"Ubiquiti UniFi UAP-AC-M-PRO Dual Band PoE - Aivlisoft Inform\u00e1tica","isPartOf":{"@id":"https:\/\/aivlisoft.net\/shop\/#website"},"primaryImageOfPage":{"@id":"https:\/\/aivlisoft.net\/shop\/producto\/ubiquiti-unifi-uap-ac-m-pro-dual-band-poe\/#primaryimage"},"image":{"@id":"https:\/\/aivlisoft.net\/shop\/producto\/ubiquiti-unifi-uap-ac-m-pro-dual-band-poe\/#primaryimage"},"thumbnailUrl":"https:\/\/aivlisoft.net\/shop\/wp-content\/uploads\/2025\/01\/NSWPAC0267_800.jpg","datePublished":"2025-01-13T15:32:47+00:00","dateModified":"2025-01-14T11:45:19+00:00","breadcrumb":{"@id":"https:\/\/aivlisoft.net\/shop\/producto\/ubiquiti-unifi-uap-ac-m-pro-dual-band-poe\/#breadcrumb"},"inLanguage":"es","potentialAction":[{"@type":"ReadAction","target":["https:\/\/aivlisoft.net\/shop\/producto\/ubiquiti-unifi-uap-ac-m-pro-dual-band-poe\/"]}]},{"@type":"ImageObject","inLanguage":"es","@id":"https:\/\/aivlisoft.net\/shop\/producto\/ubiquiti-unifi-uap-ac-m-pro-dual-band-poe\/#primaryimage","url":"https:\/\/aivlisoft.net\/shop\/wp-content\/uploads\/2025\/01\/NSWPAC0267_800.jpg","contentUrl":"https:\/\/aivlisoft.net\/shop\/wp-content\/uploads\/2025\/01\/NSWPAC0267_800.jpg","width":800,"height":800},{"@type":"BreadcrumbList","@id":"https:\/\/aivlisoft.net\/shop\/producto\/ubiquiti-unifi-uap-ac-m-pro-dual-band-poe\/#breadcrumb","itemListElement":[{"@type":"ListItem","position":1,"name":"Portada","item":"https:\/\/aivlisoft.net\/shop\/"},{"@type":"ListItem","position":2,"name":"Tienda","item":"https:\/\/aivlisoft.net\/shop\/tienda\/"},{"@type":"ListItem","position":3,"name":"Ubiquiti UniFi UAP-AC-M-PRO Dual Band PoE"}]},{"@type":"WebSite","@id":"https:\/\/aivlisoft.net\/shop\/#website","url":"https:\/\/aivlisoft.net\/shop\/","name":"Aivlisoft Inform\u00e1tica","description":"En Aivlisoft Inform\u00e1tica ofrecemos soluciones tecnol\u00f3gicas para empresas: venta de ordenadores, consumibles, perif\u00e9ricos y m\u00e1s. Calidad, atenci\u00f3n personalizada y los mejores precios para tu negocio.","publisher":{"@id":"https:\/\/aivlisoft.net\/shop\/#organization"},"potentialAction":[{"@type":"SearchAction","target":{"@type":"EntryPoint","urlTemplate":"https:\/\/aivlisoft.net\/shop\/?s={search_term_string}"},"query-input":{"@type":"PropertyValueSpecification","valueRequired":true,"valueName":"search_term_string"}}],"inLanguage":"es"},{"@type":"Organization","@id":"https:\/\/aivlisoft.net\/shop\/#organization","name":"Aivlisoft Inform\u00e1tica","url":"https:\/\/aivlisoft.net\/shop\/","logo":{"@type":"ImageObject","inLanguage":"es","@id":"https:\/\/aivlisoft.net\/shop\/#\/schema\/logo\/image\/","url":"https:\/\/aivlisoft.net\/shop\/wp-content\/uploads\/2024\/12\/removal.ai_5b848c54-0cdf-4140-95c5-c5536bb7573b-logodef.png","contentUrl":"https:\/\/aivlisoft.net\/shop\/wp-content\/uploads\/2024\/12\/removal.ai_5b848c54-0cdf-4140-95c5-c5536bb7573b-logodef.png","width":484,"height":182,"caption":"Aivlisoft Inform\u00e1tica"},"image":{"@id":"https:\/\/aivlisoft.net\/shop\/#\/schema\/logo\/image\/"}}]}},"_links":{"self":[{"href":"https:\/\/aivlisoft.net\/shop\/wp-json\/wp\/v2\/product\/19456","targetHints":{"allow":["GET"]}}],"collection":[{"href":"https:\/\/aivlisoft.net\/shop\/wp-json\/wp\/v2\/product"}],"about":[{"href":"https:\/\/aivlisoft.net\/shop\/wp-json\/wp\/v2\/types\/product"}],"wp:featuredmedia":[{"embeddable":true,"href":"https:\/\/aivlisoft.net\/shop\/wp-json\/wp\/v2\/media\/19457"}],"wp:attachment":[{"href":"https:\/\/aivlisoft.net\/shop\/wp-json\/wp\/v2\/media?parent=19456"}],"wp:term":[{"taxonomy":"product_brand","embeddable":true,"href":"https:\/\/aivlisoft.net\/shop\/wp-json\/wp\/v2\/product_brand?post=19456"},{"taxonomy":"product_cat","embeddable":true,"href":"https:\/\/aivlisoft.net\/shop\/wp-json\/wp\/v2\/product_cat?post=19456"},{"taxonomy":"product_tag","embeddable":true,"href":"https:\/\/aivlisoft.net\/shop\/wp-json\/wp\/v2\/product_tag?post=19456"}],"curies":[{"name":"wp","href":"https:\/\/api.w.org\/{rel}","templated":true}]}}