{"id":19454,"date":"2025-01-13T15:32:46","date_gmt":"2025-01-13T15:32:46","guid":{"rendered":"https:\/\/aivlisoft.com\/?post_type=product&#038;p=19454"},"modified":"2025-01-14T11:45:19","modified_gmt":"2025-01-14T11:45:19","slug":"ubiquiti-unifi-uap-ac-m-dual-band-poe","status":"publish","type":"product","link":"https:\/\/aivlisoft.net\/shop\/producto\/ubiquiti-unifi-uap-ac-m-dual-band-poe\/","title":{"rendered":"Ubiquiti UniFi UAP-AC-M Dual Band PoE"},"content":{"rendered":"<p><strong>UAP-AC-M<\/strong><\/p>\n<p><strong>Ubiquiti UniFi UAP-AC-M<\/strong><\/p>\n<p><strong>UniFi Punto de Acceso de interior y exterior AC con tecnolog&iacute;a Mesh<\/strong><br \/>El punto de acceso UniFi AC Mesh aporta doble banda simult&aacute;nea con tecnolog&iacute;a MIMO 2&#215;2, rango de alcance hasta 183 metros. Velocidades de hasta 867Mbps con 5 GHz y 300 Mbps con 2,4 GHz.. Compatibilidad con PoE 802.3af<\/p>\n<p><strong>Formato compacto<\/strong><br \/>Se integra discretamente en cualquier tipo de entorno.<\/p>\n<p><strong>Carcasa impermeable<\/strong><br \/>Este punto de acceso se puede usar tanto en interiores como en exteriores.<\/p>\n<p><strong>Montaje vers&aacute;til<\/strong><br \/>El UniFi AC Mesh se puede montar tanto en pared, como poste, o los m&oacute;dulos de montaje r&aacute;pido de las antenas de alta ganancia de Ubiquiti. Todos los accesorios est&aacute;n incluidos<\/p>\n<p><strong>M&uacute;ltiples opciones de alimentaci&oacute;n<\/strong><br \/>Este equipo es compatible con el est&aacute;ndar PoE 802.3af y PoE pasivo de 24V. Puedes alimentarlo con un switch que incorpore 802.3af, un swicht PoE de UniFi o el adaptador Gigabit PoE que lleva incluido.<\/p>\n<p><strong>Diferentes posibilidades de antenas<\/strong><br \/>Se pueden usar las dos antenas omni, o se puede usar la opci&oacute;n de montaje r&aacute;pido &nbsp;para instalar este punto de acceso en una antena conectorizable para aumentar el rango de cobertura y patrones de radiaci&oacute;n personalizados.<\/p>\n<p>&nbsp;&nbsp;&nbsp;&nbsp;&nbsp;<\/p>\n<table class=\"tabla_caracteristicas k-table\" width=\"100%\">\n<tbody>\n<tr>\n<td><strong>Marca<\/strong><\/td>\n<td>Ubiquiti<\/td>\n<\/tr>\n<tr>\n<td><strong>Modelo<\/strong><\/td>\n<td><strong>UAP-AC-M<\/strong><\/td>\n<\/tr>\n<tr>\n<td valign=\"top\"><strong>Interfaces<\/strong><\/td>\n<td>&#8211; 1 x 10\/100\/1000 Puertos ethernet<\/td>\n<\/tr>\n<tr>\n<td valign=\"top\"><strong>Standards<\/strong><\/td>\n<td>&#8211; 802.11 a\/b\/g\/n\/ac<\/td>\n<\/tr>\n<tr>\n<td valign=\"top\"><strong>Especificaciones<\/strong><\/td>\n<td>&#8211; Dimensiones: 353 x 46 x 34,4 mm <br \/>&#8211; Peso: 152 g (5.36 oz) con Antenas<br \/>&#8211; Botones: Reset<br \/>&#8211; M&eacute;todo de alimentaci&oacute;n: 24V Passive PoE (Pares 4, 5+, 7, 8 Return)<br \/>&nbsp; 802.3af Alternativa A (pares 1, 2+, 3, 6 de retorno)<br \/>&nbsp; (Rango de tensi&oacute;n admitido: 44 a 57 V CC)<br \/>&#8211; Fuente de alimentaci&oacute;n: 24V, 0.5A Gigabit PoE Adapter<br \/>&#8211; Ahorro de energ&iacute;a: Soportado<br \/>&#8211; Consumo de energ&iacute;a m&aacute;ximo: 8.5W<br \/>&#8211; Potencia m&aacute;xima de TX<br \/>&nbsp; 2,4 GHz: 20 dBm<br \/>&nbsp; 5 GHz: 20 dBm<br \/>&#8211; Antenas: 2 x Antenas externas Omni de doble banda<br \/>&nbsp; 2,4 GHz: 3 dBi<br \/>&nbsp; 5 GHz: 4 dBi<br \/>&#8211; Seguridad inal&aacute;mbrica: WEP, WPA-PSK, WPA-Enterprise (WPA \/ WPA2, TKIP \/ AES)<br \/>&#8211; BSSID: Hasta cuatro por radio<br \/>&#8211; Montaje: pared \/ poste \/ montaje r&aacute;pido (Kits incluidos)<br \/>&#8211; Temperatura de funcionamiento: -30 a 70 &deg; C (-22 a 158 &deg; F)<br \/>&#8211; Humedad de funcionamiento: 5 a 95% sin condensaci&oacute;n<br \/>&#8211; Certificaciones: CE, FCC, IC<\/td>\n<\/tr>\n<tr>\n<td><strong>Fecha Revisi&oacute;n<\/strong><\/td>\n<td>25-01-2017 por MSB<\/td>\n<\/tr>\n<\/tbody>\n<\/table>\n","protected":false},"excerpt":{"rendered":"<p>UAP-AC-M Ubiquiti UniFi UAP-AC-M UniFi Punto de Acceso de interior y exterior AC con tecnolog&iacute;a MeshEl punto de acceso UniFi AC Mesh aporta doble banda simult&aacute;nea con tecnolog&iacute;a MIMO 2&#215;2, rango de alcance hasta 183 metros. Velocidades de hasta 867Mbps con 5 GHz y 300 Mbps con 2,4 GHz.. Compatibilidad con PoE 802.3af Formato compactoSe&hellip;&nbsp;<a href=\"https:\/\/aivlisoft.net\/shop\/producto\/ubiquiti-unifi-uap-ac-m-dual-band-poe\/\" rel=\"bookmark\"><span class=\"screen-reader-text\">Ubiquiti UniFi UAP-AC-M Dual Band PoE<\/span><\/a><\/p>\n","protected":false},"featured_media":19455,"template":"","meta":{"neve_meta_sidebar":"","neve_meta_container":"","neve_meta_enable_content_width":"","neve_meta_content_width":0,"neve_meta_title_alignment":"","neve_meta_author_avatar":"","neve_post_elements_order":"","neve_meta_disable_header":"","neve_meta_disable_footer":"","neve_meta_disable_title":""},"product_brand":[],"product_cat":[8770],"product_tag":[7028],"class_list":{"0":"post-19454","1":"product","2":"type-product","3":"status-publish","4":"has-post-thumbnail","6":"product_cat-puntos-de-acceso","7":"product_tag-uap-ac-m","9":"first","10":"instock","11":"taxable","12":"shipping-taxable","13":"purchasable","14":"product-type-simple"},"yoast_head":"<!-- This site is optimized with the Yoast SEO plugin v26.0 - https:\/\/yoast.com\/wordpress\/plugins\/seo\/ -->\n<title>Ubiquiti UniFi UAP-AC-M Dual Band PoE - Aivlisoft Inform\u00e1tica<\/title>\n<meta name=\"robots\" content=\"index, follow, max-snippet:-1, max-image-preview:large, max-video-preview:-1\" \/>\n<link rel=\"canonical\" href=\"https:\/\/aivlisoft.net\/shop\/producto\/ubiquiti-unifi-uap-ac-m-dual-band-poe\/\" \/>\n<meta property=\"og:locale\" content=\"es_ES\" \/>\n<meta property=\"og:type\" content=\"article\" \/>\n<meta property=\"og:title\" content=\"Ubiquiti UniFi UAP-AC-M Dual Band PoE - Aivlisoft Inform\u00e1tica\" \/>\n<meta property=\"og:description\" content=\"UAP-AC-M Ubiquiti UniFi UAP-AC-M UniFi Punto de Acceso de interior y exterior AC con tecnolog&iacute;a MeshEl punto de acceso UniFi AC Mesh aporta doble banda simult&aacute;nea con tecnolog&iacute;a MIMO 2&#215;2, rango de alcance hasta 183 metros. Velocidades de hasta 867Mbps con 5 GHz y 300 Mbps con 2,4 GHz.. Compatibilidad con PoE 802.3af Formato compactoSe&hellip;&nbsp;Ubiquiti UniFi UAP-AC-M Dual Band PoE\" \/>\n<meta property=\"og:url\" content=\"https:\/\/aivlisoft.net\/shop\/producto\/ubiquiti-unifi-uap-ac-m-dual-band-poe\/\" \/>\n<meta property=\"og:site_name\" content=\"Aivlisoft Inform\u00e1tica\" \/>\n<meta property=\"article:modified_time\" content=\"2025-01-14T11:45:19+00:00\" \/>\n<meta property=\"og:image\" content=\"https:\/\/aivlisoft.net\/shop\/wp-content\/uploads\/2025\/01\/NSWPAC0266_800.jpg\" \/>\n\t<meta property=\"og:image:width\" content=\"800\" \/>\n\t<meta property=\"og:image:height\" content=\"800\" \/>\n\t<meta property=\"og:image:type\" content=\"image\/jpeg\" \/>\n<meta name=\"twitter:card\" content=\"summary_large_image\" \/>\n<meta name=\"twitter:label1\" content=\"Tiempo de lectura\" \/>\n\t<meta name=\"twitter:data1\" content=\"2 minutos\" \/>\n<script type=\"application\/ld+json\" class=\"yoast-schema-graph\">{\"@context\":\"https:\/\/schema.org\",\"@graph\":[{\"@type\":\"WebPage\",\"@id\":\"https:\/\/aivlisoft.net\/shop\/producto\/ubiquiti-unifi-uap-ac-m-dual-band-poe\/\",\"url\":\"https:\/\/aivlisoft.net\/shop\/producto\/ubiquiti-unifi-uap-ac-m-dual-band-poe\/\",\"name\":\"Ubiquiti UniFi UAP-AC-M Dual Band PoE - Aivlisoft Inform\u00e1tica\",\"isPartOf\":{\"@id\":\"https:\/\/aivlisoft.net\/shop\/#website\"},\"primaryImageOfPage\":{\"@id\":\"https:\/\/aivlisoft.net\/shop\/producto\/ubiquiti-unifi-uap-ac-m-dual-band-poe\/#primaryimage\"},\"image\":{\"@id\":\"https:\/\/aivlisoft.net\/shop\/producto\/ubiquiti-unifi-uap-ac-m-dual-band-poe\/#primaryimage\"},\"thumbnailUrl\":\"https:\/\/aivlisoft.net\/shop\/wp-content\/uploads\/2025\/01\/NSWPAC0266_800.jpg\",\"datePublished\":\"2025-01-13T15:32:46+00:00\",\"dateModified\":\"2025-01-14T11:45:19+00:00\",\"breadcrumb\":{\"@id\":\"https:\/\/aivlisoft.net\/shop\/producto\/ubiquiti-unifi-uap-ac-m-dual-band-poe\/#breadcrumb\"},\"inLanguage\":\"es\",\"potentialAction\":[{\"@type\":\"ReadAction\",\"target\":[\"https:\/\/aivlisoft.net\/shop\/producto\/ubiquiti-unifi-uap-ac-m-dual-band-poe\/\"]}]},{\"@type\":\"ImageObject\",\"inLanguage\":\"es\",\"@id\":\"https:\/\/aivlisoft.net\/shop\/producto\/ubiquiti-unifi-uap-ac-m-dual-band-poe\/#primaryimage\",\"url\":\"https:\/\/aivlisoft.net\/shop\/wp-content\/uploads\/2025\/01\/NSWPAC0266_800.jpg\",\"contentUrl\":\"https:\/\/aivlisoft.net\/shop\/wp-content\/uploads\/2025\/01\/NSWPAC0266_800.jpg\",\"width\":800,\"height\":800},{\"@type\":\"BreadcrumbList\",\"@id\":\"https:\/\/aivlisoft.net\/shop\/producto\/ubiquiti-unifi-uap-ac-m-dual-band-poe\/#breadcrumb\",\"itemListElement\":[{\"@type\":\"ListItem\",\"position\":1,\"name\":\"Portada\",\"item\":\"https:\/\/aivlisoft.net\/shop\/\"},{\"@type\":\"ListItem\",\"position\":2,\"name\":\"Tienda\",\"item\":\"https:\/\/aivlisoft.net\/shop\/tienda\/\"},{\"@type\":\"ListItem\",\"position\":3,\"name\":\"Ubiquiti UniFi UAP-AC-M Dual Band PoE\"}]},{\"@type\":\"WebSite\",\"@id\":\"https:\/\/aivlisoft.net\/shop\/#website\",\"url\":\"https:\/\/aivlisoft.net\/shop\/\",\"name\":\"Aivlisoft Inform\u00e1tica\",\"description\":\"En Aivlisoft Inform\u00e1tica ofrecemos soluciones tecnol\u00f3gicas para empresas: venta de ordenadores, consumibles, perif\u00e9ricos y m\u00e1s. Calidad, atenci\u00f3n personalizada y los mejores precios para tu negocio.\",\"publisher\":{\"@id\":\"https:\/\/aivlisoft.net\/shop\/#organization\"},\"potentialAction\":[{\"@type\":\"SearchAction\",\"target\":{\"@type\":\"EntryPoint\",\"urlTemplate\":\"https:\/\/aivlisoft.net\/shop\/?s={search_term_string}\"},\"query-input\":{\"@type\":\"PropertyValueSpecification\",\"valueRequired\":true,\"valueName\":\"search_term_string\"}}],\"inLanguage\":\"es\"},{\"@type\":\"Organization\",\"@id\":\"https:\/\/aivlisoft.net\/shop\/#organization\",\"name\":\"Aivlisoft Inform\u00e1tica\",\"url\":\"https:\/\/aivlisoft.net\/shop\/\",\"logo\":{\"@type\":\"ImageObject\",\"inLanguage\":\"es\",\"@id\":\"https:\/\/aivlisoft.net\/shop\/#\/schema\/logo\/image\/\",\"url\":\"https:\/\/aivlisoft.net\/shop\/wp-content\/uploads\/2024\/12\/removal.ai_5b848c54-0cdf-4140-95c5-c5536bb7573b-logodef.png\",\"contentUrl\":\"https:\/\/aivlisoft.net\/shop\/wp-content\/uploads\/2024\/12\/removal.ai_5b848c54-0cdf-4140-95c5-c5536bb7573b-logodef.png\",\"width\":484,\"height\":182,\"caption\":\"Aivlisoft Inform\u00e1tica\"},\"image\":{\"@id\":\"https:\/\/aivlisoft.net\/shop\/#\/schema\/logo\/image\/\"}}]}<\/script>\n<!-- \/ Yoast SEO plugin. -->","yoast_head_json":{"title":"Ubiquiti UniFi UAP-AC-M Dual Band PoE - Aivlisoft Inform\u00e1tica","robots":{"index":"index","follow":"follow","max-snippet":"max-snippet:-1","max-image-preview":"max-image-preview:large","max-video-preview":"max-video-preview:-1"},"canonical":"https:\/\/aivlisoft.net\/shop\/producto\/ubiquiti-unifi-uap-ac-m-dual-band-poe\/","og_locale":"es_ES","og_type":"article","og_title":"Ubiquiti UniFi UAP-AC-M Dual Band PoE - Aivlisoft Inform\u00e1tica","og_description":"UAP-AC-M Ubiquiti UniFi UAP-AC-M UniFi Punto de Acceso de interior y exterior AC con tecnolog&iacute;a MeshEl punto de acceso UniFi AC Mesh aporta doble banda simult&aacute;nea con tecnolog&iacute;a MIMO 2&#215;2, rango de alcance hasta 183 metros. Velocidades de hasta 867Mbps con 5 GHz y 300 Mbps con 2,4 GHz.. Compatibilidad con PoE 802.3af Formato compactoSe&hellip;&nbsp;Ubiquiti UniFi UAP-AC-M Dual Band PoE","og_url":"https:\/\/aivlisoft.net\/shop\/producto\/ubiquiti-unifi-uap-ac-m-dual-band-poe\/","og_site_name":"Aivlisoft Inform\u00e1tica","article_modified_time":"2025-01-14T11:45:19+00:00","og_image":[{"width":800,"height":800,"url":"https:\/\/aivlisoft.net\/shop\/wp-content\/uploads\/2025\/01\/NSWPAC0266_800.jpg","type":"image\/jpeg"}],"twitter_card":"summary_large_image","twitter_misc":{"Tiempo de lectura":"2 minutos"},"schema":{"@context":"https:\/\/schema.org","@graph":[{"@type":"WebPage","@id":"https:\/\/aivlisoft.net\/shop\/producto\/ubiquiti-unifi-uap-ac-m-dual-band-poe\/","url":"https:\/\/aivlisoft.net\/shop\/producto\/ubiquiti-unifi-uap-ac-m-dual-band-poe\/","name":"Ubiquiti UniFi UAP-AC-M Dual Band PoE - Aivlisoft Inform\u00e1tica","isPartOf":{"@id":"https:\/\/aivlisoft.net\/shop\/#website"},"primaryImageOfPage":{"@id":"https:\/\/aivlisoft.net\/shop\/producto\/ubiquiti-unifi-uap-ac-m-dual-band-poe\/#primaryimage"},"image":{"@id":"https:\/\/aivlisoft.net\/shop\/producto\/ubiquiti-unifi-uap-ac-m-dual-band-poe\/#primaryimage"},"thumbnailUrl":"https:\/\/aivlisoft.net\/shop\/wp-content\/uploads\/2025\/01\/NSWPAC0266_800.jpg","datePublished":"2025-01-13T15:32:46+00:00","dateModified":"2025-01-14T11:45:19+00:00","breadcrumb":{"@id":"https:\/\/aivlisoft.net\/shop\/producto\/ubiquiti-unifi-uap-ac-m-dual-band-poe\/#breadcrumb"},"inLanguage":"es","potentialAction":[{"@type":"ReadAction","target":["https:\/\/aivlisoft.net\/shop\/producto\/ubiquiti-unifi-uap-ac-m-dual-band-poe\/"]}]},{"@type":"ImageObject","inLanguage":"es","@id":"https:\/\/aivlisoft.net\/shop\/producto\/ubiquiti-unifi-uap-ac-m-dual-band-poe\/#primaryimage","url":"https:\/\/aivlisoft.net\/shop\/wp-content\/uploads\/2025\/01\/NSWPAC0266_800.jpg","contentUrl":"https:\/\/aivlisoft.net\/shop\/wp-content\/uploads\/2025\/01\/NSWPAC0266_800.jpg","width":800,"height":800},{"@type":"BreadcrumbList","@id":"https:\/\/aivlisoft.net\/shop\/producto\/ubiquiti-unifi-uap-ac-m-dual-band-poe\/#breadcrumb","itemListElement":[{"@type":"ListItem","position":1,"name":"Portada","item":"https:\/\/aivlisoft.net\/shop\/"},{"@type":"ListItem","position":2,"name":"Tienda","item":"https:\/\/aivlisoft.net\/shop\/tienda\/"},{"@type":"ListItem","position":3,"name":"Ubiquiti UniFi UAP-AC-M Dual Band PoE"}]},{"@type":"WebSite","@id":"https:\/\/aivlisoft.net\/shop\/#website","url":"https:\/\/aivlisoft.net\/shop\/","name":"Aivlisoft Inform\u00e1tica","description":"En Aivlisoft Inform\u00e1tica ofrecemos soluciones tecnol\u00f3gicas para empresas: venta de ordenadores, consumibles, perif\u00e9ricos y m\u00e1s. Calidad, atenci\u00f3n personalizada y los mejores precios para tu negocio.","publisher":{"@id":"https:\/\/aivlisoft.net\/shop\/#organization"},"potentialAction":[{"@type":"SearchAction","target":{"@type":"EntryPoint","urlTemplate":"https:\/\/aivlisoft.net\/shop\/?s={search_term_string}"},"query-input":{"@type":"PropertyValueSpecification","valueRequired":true,"valueName":"search_term_string"}}],"inLanguage":"es"},{"@type":"Organization","@id":"https:\/\/aivlisoft.net\/shop\/#organization","name":"Aivlisoft Inform\u00e1tica","url":"https:\/\/aivlisoft.net\/shop\/","logo":{"@type":"ImageObject","inLanguage":"es","@id":"https:\/\/aivlisoft.net\/shop\/#\/schema\/logo\/image\/","url":"https:\/\/aivlisoft.net\/shop\/wp-content\/uploads\/2024\/12\/removal.ai_5b848c54-0cdf-4140-95c5-c5536bb7573b-logodef.png","contentUrl":"https:\/\/aivlisoft.net\/shop\/wp-content\/uploads\/2024\/12\/removal.ai_5b848c54-0cdf-4140-95c5-c5536bb7573b-logodef.png","width":484,"height":182,"caption":"Aivlisoft Inform\u00e1tica"},"image":{"@id":"https:\/\/aivlisoft.net\/shop\/#\/schema\/logo\/image\/"}}]}},"_links":{"self":[{"href":"https:\/\/aivlisoft.net\/shop\/wp-json\/wp\/v2\/product\/19454","targetHints":{"allow":["GET"]}}],"collection":[{"href":"https:\/\/aivlisoft.net\/shop\/wp-json\/wp\/v2\/product"}],"about":[{"href":"https:\/\/aivlisoft.net\/shop\/wp-json\/wp\/v2\/types\/product"}],"wp:featuredmedia":[{"embeddable":true,"href":"https:\/\/aivlisoft.net\/shop\/wp-json\/wp\/v2\/media\/19455"}],"wp:attachment":[{"href":"https:\/\/aivlisoft.net\/shop\/wp-json\/wp\/v2\/media?parent=19454"}],"wp:term":[{"taxonomy":"product_brand","embeddable":true,"href":"https:\/\/aivlisoft.net\/shop\/wp-json\/wp\/v2\/product_brand?post=19454"},{"taxonomy":"product_cat","embeddable":true,"href":"https:\/\/aivlisoft.net\/shop\/wp-json\/wp\/v2\/product_cat?post=19454"},{"taxonomy":"product_tag","embeddable":true,"href":"https:\/\/aivlisoft.net\/shop\/wp-json\/wp\/v2\/product_tag?post=19454"}],"curies":[{"name":"wp","href":"https:\/\/api.w.org\/{rel}","templated":true}]}}