{"id":19449,"date":"2025-01-13T15:32:44","date_gmt":"2025-01-13T15:32:44","guid":{"rendered":"https:\/\/aivlisoft.com\/?post_type=product&#038;p=19449"},"modified":"2025-01-14T11:45:18","modified_gmt":"2025-01-14T11:45:18","slug":"mikrotik-rb952ui-5ac2nd-tc-hap-ac-lite-tower-5x10","status":"publish","type":"product","link":"https:\/\/aivlisoft.net\/shop\/producto\/mikrotik-rb952ui-5ac2nd-tc-hap-ac-lite-tower-5x10\/","title":{"rendered":"MikroTik RB952Ui-5ac2nD-TC hAP AC Lite Tower 5&#215;10\/"},"content":{"rendered":"<p>El hAP ac lite es un punto de acceso de doble concurrencia, que proporciona cobertura Wifi para frecuencias de 2,4 GHz y 5 GHz al mismo tiempo.<br \/>La unidad est&aacute; equipada con una CPU de 650MHz, 64MB de RAM, cinco puertos Ethernet de 10 \/ 100Mbps (salida PoE en el puerto # 5), 802.11b\/g\/n de doble cadena inal&aacute;mbrica de 2,4 GHz, una sola cadena de 802.11ac 5GHz inal&aacute;mbrica, puerto USB para 3G \/ 4G y una licencia RouterOS L4.<br \/>Nueva caja universal de dise&ntilde;o que permite colocar la unidad horizontalmente (en el escritorio) o verticalmente (en el caso de la torre). Se suministra un kit de montaje para anclarla en la pared.<\/p>\n<table class=\"tabla_caracteristicas k-table\" width=\"100%\">\n<tbody>\n<tr>\n<td><strong>Marca<\/strong><\/td>\n<td>Mikrotik<\/td>\n<\/tr>\n<tr>\n<td valign=\"top\"><strong>Modelo<\/strong><\/td>\n<td><strong>RB952Ui-5ac2nD-TC<\/strong><\/td>\n<\/tr>\n<tr>\n<td valign=\"top\"><strong>Caracter&iacute;sticas<\/strong><\/td>\n<td>&#8211; CPU frecuencia nominal: 650 MHz<br \/>&#8211; N&ordm; N&uacute;cleos de CPU. 1<br \/>&#8211; Tama&ntilde;o de RAM: 64 MB<br \/>&#8211; Puertos Ethernet 10\/100: 5<br \/>&#8211; Puertos USB: 1<br \/>&#8211; Est&aacute;ndar wifi: 802.11a\/n\/ac<br \/>&#8211; Modelo de chip wifi: QCA9887<br \/>&#8211; Est&aacute;ndar wifi segundario: 802.11b\/g\/n<br \/>&#8211; Modelo de chip wifi secundario: QCA9531<br \/>&#8211; Power Jack: 1<br \/>&#8211; PoE in: S&iacute;<br \/>&#8211; PoE out: S&iacute;<br \/>&#8211; Voltage: 10 V &#8211; 30 V<br \/>&#8211; Dimensiones: 34 x 119 x 98 mm<br \/>&#8211; Sistema operativo: RouterOS L4<br \/>&#8211; Ganancia de la antena dBi: 2<br \/>&#8211; CPU: QCA9531<br \/>&#8211; Consumo de energ&iacute;a m&aacute;ximo: 8W<br \/>&#8211; N&ordm; cadenas: 1<br \/>&#8211; Tipo de ranura USB: A<br \/>&#8211; Tipo de almacenamiento: FLASH<br \/>&#8211; Tama&ntilde;o de almacenamiento: 16 MB<br \/><strong>Incluye<\/strong><br \/>&#8211; Adaptador de corriente 24V 1,2A<\/td>\n<\/tr>\n<tr>\n<td valign=\"top\"><strong>Folleto t&eacute;cnico<\/strong><\/td>\n<td><a href=\"http:\/\/i.mt.lv\/routerboard\/files\/hAP_ac_lite_tower-161202102259.pdf\" target=\"_blank\">http:\/\/i.mt.lv\/routerboard\/files\/hAP_ac_lite_tower-161202102259.pdf<\/a><\/td>\n<\/tr>\n<tr>\n<td><strong>Fecha de revisi&oacute;n<\/strong><\/td>\n<td>21-12-2016 por MSB<\/td>\n<\/tr>\n<\/tbody>\n<\/table>\n","protected":false},"excerpt":{"rendered":"<p>El hAP ac lite es un punto de acceso de doble concurrencia, que proporciona cobertura Wifi para frecuencias de 2,4 GHz y 5 GHz al mismo tiempo.La unidad est&aacute; equipada con una CPU de 650MHz, 64MB de RAM, cinco puertos Ethernet de 10 \/ 100Mbps (salida PoE en el puerto # 5), 802.11b\/g\/n de doble&hellip;&nbsp;<a href=\"https:\/\/aivlisoft.net\/shop\/producto\/mikrotik-rb952ui-5ac2nd-tc-hap-ac-lite-tower-5x10\/\" rel=\"bookmark\"><span class=\"screen-reader-text\">MikroTik RB952Ui-5ac2nD-TC hAP AC Lite Tower 5&#215;10\/<\/span><\/a><\/p>\n","protected":false},"featured_media":19450,"template":"","meta":{"neve_meta_sidebar":"","neve_meta_container":"","neve_meta_enable_content_width":"","neve_meta_content_width":0,"neve_meta_title_alignment":"","neve_meta_author_avatar":"","neve_post_elements_order":"","neve_meta_disable_header":"","neve_meta_disable_footer":"","neve_meta_disable_title":""},"product_brand":[],"product_cat":[8770],"product_tag":[7027],"class_list":{"0":"post-19449","1":"product","2":"type-product","3":"status-publish","4":"has-post-thumbnail","6":"product_cat-puntos-de-acceso","7":"product_tag-rb952ui-5ac2nd-tc","9":"first","10":"instock","11":"taxable","12":"shipping-taxable","13":"purchasable","14":"product-type-simple"},"yoast_head":"<!-- This site is optimized with the Yoast SEO plugin v26.0 - https:\/\/yoast.com\/wordpress\/plugins\/seo\/ -->\n<title>MikroTik RB952Ui-5ac2nD-TC hAP AC Lite Tower 5x10\/ - Aivlisoft Inform\u00e1tica<\/title>\n<meta name=\"robots\" content=\"index, follow, max-snippet:-1, max-image-preview:large, max-video-preview:-1\" \/>\n<link rel=\"canonical\" href=\"https:\/\/aivlisoft.net\/shop\/producto\/mikrotik-rb952ui-5ac2nd-tc-hap-ac-lite-tower-5x10\/\" \/>\n<meta property=\"og:locale\" content=\"es_ES\" \/>\n<meta property=\"og:type\" content=\"article\" \/>\n<meta property=\"og:title\" content=\"MikroTik RB952Ui-5ac2nD-TC hAP AC Lite Tower 5x10\/ - Aivlisoft Inform\u00e1tica\" \/>\n<meta property=\"og:description\" content=\"El hAP ac lite es un punto de acceso de doble concurrencia, que proporciona cobertura Wifi para frecuencias de 2,4 GHz y 5 GHz al mismo tiempo.La unidad est&aacute; equipada con una CPU de 650MHz, 64MB de RAM, cinco puertos Ethernet de 10 \/ 100Mbps (salida PoE en el puerto # 5), 802.11b\/g\/n de doble&hellip;&nbsp;MikroTik RB952Ui-5ac2nD-TC hAP AC Lite Tower 5&#215;10\/\" \/>\n<meta property=\"og:url\" content=\"https:\/\/aivlisoft.net\/shop\/producto\/mikrotik-rb952ui-5ac2nd-tc-hap-ac-lite-tower-5x10\/\" \/>\n<meta property=\"og:site_name\" content=\"Aivlisoft Inform\u00e1tica\" \/>\n<meta property=\"article:modified_time\" content=\"2025-01-14T11:45:18+00:00\" \/>\n<meta property=\"og:image\" content=\"https:\/\/aivlisoft.net\/shop\/wp-content\/uploads\/2025\/01\/NSWPAC0264_800.jpg\" \/>\n\t<meta property=\"og:image:width\" content=\"800\" \/>\n\t<meta property=\"og:image:height\" content=\"800\" \/>\n\t<meta property=\"og:image:type\" content=\"image\/jpeg\" \/>\n<meta name=\"twitter:card\" content=\"summary_large_image\" \/>\n<meta name=\"twitter:label1\" content=\"Tiempo de lectura\" \/>\n\t<meta name=\"twitter:data1\" content=\"1 minuto\" \/>\n<script type=\"application\/ld+json\" class=\"yoast-schema-graph\">{\"@context\":\"https:\/\/schema.org\",\"@graph\":[{\"@type\":\"WebPage\",\"@id\":\"https:\/\/aivlisoft.net\/shop\/producto\/mikrotik-rb952ui-5ac2nd-tc-hap-ac-lite-tower-5x10\/\",\"url\":\"https:\/\/aivlisoft.net\/shop\/producto\/mikrotik-rb952ui-5ac2nd-tc-hap-ac-lite-tower-5x10\/\",\"name\":\"MikroTik RB952Ui-5ac2nD-TC hAP AC Lite Tower 5x10\/ - Aivlisoft Inform\u00e1tica\",\"isPartOf\":{\"@id\":\"https:\/\/aivlisoft.net\/shop\/#website\"},\"primaryImageOfPage\":{\"@id\":\"https:\/\/aivlisoft.net\/shop\/producto\/mikrotik-rb952ui-5ac2nd-tc-hap-ac-lite-tower-5x10\/#primaryimage\"},\"image\":{\"@id\":\"https:\/\/aivlisoft.net\/shop\/producto\/mikrotik-rb952ui-5ac2nd-tc-hap-ac-lite-tower-5x10\/#primaryimage\"},\"thumbnailUrl\":\"https:\/\/aivlisoft.net\/shop\/wp-content\/uploads\/2025\/01\/NSWPAC0264_800.jpg\",\"datePublished\":\"2025-01-13T15:32:44+00:00\",\"dateModified\":\"2025-01-14T11:45:18+00:00\",\"breadcrumb\":{\"@id\":\"https:\/\/aivlisoft.net\/shop\/producto\/mikrotik-rb952ui-5ac2nd-tc-hap-ac-lite-tower-5x10\/#breadcrumb\"},\"inLanguage\":\"es\",\"potentialAction\":[{\"@type\":\"ReadAction\",\"target\":[\"https:\/\/aivlisoft.net\/shop\/producto\/mikrotik-rb952ui-5ac2nd-tc-hap-ac-lite-tower-5x10\/\"]}]},{\"@type\":\"ImageObject\",\"inLanguage\":\"es\",\"@id\":\"https:\/\/aivlisoft.net\/shop\/producto\/mikrotik-rb952ui-5ac2nd-tc-hap-ac-lite-tower-5x10\/#primaryimage\",\"url\":\"https:\/\/aivlisoft.net\/shop\/wp-content\/uploads\/2025\/01\/NSWPAC0264_800.jpg\",\"contentUrl\":\"https:\/\/aivlisoft.net\/shop\/wp-content\/uploads\/2025\/01\/NSWPAC0264_800.jpg\",\"width\":800,\"height\":800},{\"@type\":\"BreadcrumbList\",\"@id\":\"https:\/\/aivlisoft.net\/shop\/producto\/mikrotik-rb952ui-5ac2nd-tc-hap-ac-lite-tower-5x10\/#breadcrumb\",\"itemListElement\":[{\"@type\":\"ListItem\",\"position\":1,\"name\":\"Portada\",\"item\":\"https:\/\/aivlisoft.net\/shop\/\"},{\"@type\":\"ListItem\",\"position\":2,\"name\":\"Tienda\",\"item\":\"https:\/\/aivlisoft.net\/shop\/tienda\/\"},{\"@type\":\"ListItem\",\"position\":3,\"name\":\"MikroTik RB952Ui-5ac2nD-TC hAP AC Lite Tower 5&#215;10\/\"}]},{\"@type\":\"WebSite\",\"@id\":\"https:\/\/aivlisoft.net\/shop\/#website\",\"url\":\"https:\/\/aivlisoft.net\/shop\/\",\"name\":\"Aivlisoft Inform\u00e1tica\",\"description\":\"En Aivlisoft Inform\u00e1tica ofrecemos soluciones tecnol\u00f3gicas para empresas: venta de ordenadores, consumibles, perif\u00e9ricos y m\u00e1s. Calidad, atenci\u00f3n personalizada y los mejores precios para tu negocio.\",\"publisher\":{\"@id\":\"https:\/\/aivlisoft.net\/shop\/#organization\"},\"potentialAction\":[{\"@type\":\"SearchAction\",\"target\":{\"@type\":\"EntryPoint\",\"urlTemplate\":\"https:\/\/aivlisoft.net\/shop\/?s={search_term_string}\"},\"query-input\":{\"@type\":\"PropertyValueSpecification\",\"valueRequired\":true,\"valueName\":\"search_term_string\"}}],\"inLanguage\":\"es\"},{\"@type\":\"Organization\",\"@id\":\"https:\/\/aivlisoft.net\/shop\/#organization\",\"name\":\"Aivlisoft Inform\u00e1tica\",\"url\":\"https:\/\/aivlisoft.net\/shop\/\",\"logo\":{\"@type\":\"ImageObject\",\"inLanguage\":\"es\",\"@id\":\"https:\/\/aivlisoft.net\/shop\/#\/schema\/logo\/image\/\",\"url\":\"https:\/\/aivlisoft.net\/shop\/wp-content\/uploads\/2024\/12\/removal.ai_5b848c54-0cdf-4140-95c5-c5536bb7573b-logodef.png\",\"contentUrl\":\"https:\/\/aivlisoft.net\/shop\/wp-content\/uploads\/2024\/12\/removal.ai_5b848c54-0cdf-4140-95c5-c5536bb7573b-logodef.png\",\"width\":484,\"height\":182,\"caption\":\"Aivlisoft Inform\u00e1tica\"},\"image\":{\"@id\":\"https:\/\/aivlisoft.net\/shop\/#\/schema\/logo\/image\/\"}}]}<\/script>\n<!-- \/ Yoast SEO plugin. -->","yoast_head_json":{"title":"MikroTik RB952Ui-5ac2nD-TC hAP AC Lite Tower 5x10\/ - Aivlisoft Inform\u00e1tica","robots":{"index":"index","follow":"follow","max-snippet":"max-snippet:-1","max-image-preview":"max-image-preview:large","max-video-preview":"max-video-preview:-1"},"canonical":"https:\/\/aivlisoft.net\/shop\/producto\/mikrotik-rb952ui-5ac2nd-tc-hap-ac-lite-tower-5x10\/","og_locale":"es_ES","og_type":"article","og_title":"MikroTik RB952Ui-5ac2nD-TC hAP AC Lite Tower 5x10\/ - Aivlisoft Inform\u00e1tica","og_description":"El hAP ac lite es un punto de acceso de doble concurrencia, que proporciona cobertura Wifi para frecuencias de 2,4 GHz y 5 GHz al mismo tiempo.La unidad est&aacute; equipada con una CPU de 650MHz, 64MB de RAM, cinco puertos Ethernet de 10 \/ 100Mbps (salida PoE en el puerto # 5), 802.11b\/g\/n de doble&hellip;&nbsp;MikroTik RB952Ui-5ac2nD-TC hAP AC Lite Tower 5&#215;10\/","og_url":"https:\/\/aivlisoft.net\/shop\/producto\/mikrotik-rb952ui-5ac2nd-tc-hap-ac-lite-tower-5x10\/","og_site_name":"Aivlisoft Inform\u00e1tica","article_modified_time":"2025-01-14T11:45:18+00:00","og_image":[{"width":800,"height":800,"url":"https:\/\/aivlisoft.net\/shop\/wp-content\/uploads\/2025\/01\/NSWPAC0264_800.jpg","type":"image\/jpeg"}],"twitter_card":"summary_large_image","twitter_misc":{"Tiempo de lectura":"1 minuto"},"schema":{"@context":"https:\/\/schema.org","@graph":[{"@type":"WebPage","@id":"https:\/\/aivlisoft.net\/shop\/producto\/mikrotik-rb952ui-5ac2nd-tc-hap-ac-lite-tower-5x10\/","url":"https:\/\/aivlisoft.net\/shop\/producto\/mikrotik-rb952ui-5ac2nd-tc-hap-ac-lite-tower-5x10\/","name":"MikroTik RB952Ui-5ac2nD-TC hAP AC Lite Tower 5x10\/ - Aivlisoft Inform\u00e1tica","isPartOf":{"@id":"https:\/\/aivlisoft.net\/shop\/#website"},"primaryImageOfPage":{"@id":"https:\/\/aivlisoft.net\/shop\/producto\/mikrotik-rb952ui-5ac2nd-tc-hap-ac-lite-tower-5x10\/#primaryimage"},"image":{"@id":"https:\/\/aivlisoft.net\/shop\/producto\/mikrotik-rb952ui-5ac2nd-tc-hap-ac-lite-tower-5x10\/#primaryimage"},"thumbnailUrl":"https:\/\/aivlisoft.net\/shop\/wp-content\/uploads\/2025\/01\/NSWPAC0264_800.jpg","datePublished":"2025-01-13T15:32:44+00:00","dateModified":"2025-01-14T11:45:18+00:00","breadcrumb":{"@id":"https:\/\/aivlisoft.net\/shop\/producto\/mikrotik-rb952ui-5ac2nd-tc-hap-ac-lite-tower-5x10\/#breadcrumb"},"inLanguage":"es","potentialAction":[{"@type":"ReadAction","target":["https:\/\/aivlisoft.net\/shop\/producto\/mikrotik-rb952ui-5ac2nd-tc-hap-ac-lite-tower-5x10\/"]}]},{"@type":"ImageObject","inLanguage":"es","@id":"https:\/\/aivlisoft.net\/shop\/producto\/mikrotik-rb952ui-5ac2nd-tc-hap-ac-lite-tower-5x10\/#primaryimage","url":"https:\/\/aivlisoft.net\/shop\/wp-content\/uploads\/2025\/01\/NSWPAC0264_800.jpg","contentUrl":"https:\/\/aivlisoft.net\/shop\/wp-content\/uploads\/2025\/01\/NSWPAC0264_800.jpg","width":800,"height":800},{"@type":"BreadcrumbList","@id":"https:\/\/aivlisoft.net\/shop\/producto\/mikrotik-rb952ui-5ac2nd-tc-hap-ac-lite-tower-5x10\/#breadcrumb","itemListElement":[{"@type":"ListItem","position":1,"name":"Portada","item":"https:\/\/aivlisoft.net\/shop\/"},{"@type":"ListItem","position":2,"name":"Tienda","item":"https:\/\/aivlisoft.net\/shop\/tienda\/"},{"@type":"ListItem","position":3,"name":"MikroTik RB952Ui-5ac2nD-TC hAP AC Lite Tower 5&#215;10\/"}]},{"@type":"WebSite","@id":"https:\/\/aivlisoft.net\/shop\/#website","url":"https:\/\/aivlisoft.net\/shop\/","name":"Aivlisoft Inform\u00e1tica","description":"En Aivlisoft Inform\u00e1tica ofrecemos soluciones tecnol\u00f3gicas para empresas: venta de ordenadores, consumibles, perif\u00e9ricos y m\u00e1s. Calidad, atenci\u00f3n personalizada y los mejores precios para tu negocio.","publisher":{"@id":"https:\/\/aivlisoft.net\/shop\/#organization"},"potentialAction":[{"@type":"SearchAction","target":{"@type":"EntryPoint","urlTemplate":"https:\/\/aivlisoft.net\/shop\/?s={search_term_string}"},"query-input":{"@type":"PropertyValueSpecification","valueRequired":true,"valueName":"search_term_string"}}],"inLanguage":"es"},{"@type":"Organization","@id":"https:\/\/aivlisoft.net\/shop\/#organization","name":"Aivlisoft Inform\u00e1tica","url":"https:\/\/aivlisoft.net\/shop\/","logo":{"@type":"ImageObject","inLanguage":"es","@id":"https:\/\/aivlisoft.net\/shop\/#\/schema\/logo\/image\/","url":"https:\/\/aivlisoft.net\/shop\/wp-content\/uploads\/2024\/12\/removal.ai_5b848c54-0cdf-4140-95c5-c5536bb7573b-logodef.png","contentUrl":"https:\/\/aivlisoft.net\/shop\/wp-content\/uploads\/2024\/12\/removal.ai_5b848c54-0cdf-4140-95c5-c5536bb7573b-logodef.png","width":484,"height":182,"caption":"Aivlisoft Inform\u00e1tica"},"image":{"@id":"https:\/\/aivlisoft.net\/shop\/#\/schema\/logo\/image\/"}}]}},"_links":{"self":[{"href":"https:\/\/aivlisoft.net\/shop\/wp-json\/wp\/v2\/product\/19449","targetHints":{"allow":["GET"]}}],"collection":[{"href":"https:\/\/aivlisoft.net\/shop\/wp-json\/wp\/v2\/product"}],"about":[{"href":"https:\/\/aivlisoft.net\/shop\/wp-json\/wp\/v2\/types\/product"}],"wp:featuredmedia":[{"embeddable":true,"href":"https:\/\/aivlisoft.net\/shop\/wp-json\/wp\/v2\/media\/19450"}],"wp:attachment":[{"href":"https:\/\/aivlisoft.net\/shop\/wp-json\/wp\/v2\/media?parent=19449"}],"wp:term":[{"taxonomy":"product_brand","embeddable":true,"href":"https:\/\/aivlisoft.net\/shop\/wp-json\/wp\/v2\/product_brand?post=19449"},{"taxonomy":"product_cat","embeddable":true,"href":"https:\/\/aivlisoft.net\/shop\/wp-json\/wp\/v2\/product_cat?post=19449"},{"taxonomy":"product_tag","embeddable":true,"href":"https:\/\/aivlisoft.net\/shop\/wp-json\/wp\/v2\/product_tag?post=19449"}],"curies":[{"name":"wp","href":"https:\/\/api.w.org\/{rel}","templated":true}]}}