{"id":19438,"date":"2025-01-13T15:32:38","date_gmt":"2025-01-13T15:32:38","guid":{"rendered":"https:\/\/aivlisoft.com\/?post_type=product&#038;p=19438"},"modified":"2025-01-14T11:45:15","modified_gmt":"2025-01-14T11:45:15","slug":"tp-link-tl-wa855re-repetidor-wifi-n300","status":"publish","type":"product","link":"https:\/\/aivlisoft.net\/shop\/producto\/tp-link-tl-wa855re-repetidor-wifi-n300\/","title":{"rendered":"TP-LINK TL-WA855RE Repetidor WiFi N300"},"content":{"rendered":"<p><strong>Extensor de Cobertura Wi-Fi a 300Mbps<\/strong><br \/>&#8211; Aumenta la cobertura Wi-Fi existente para repartir conexiones inal&aacute;mbricas y cableadas de manera r&aacute;pida y fiable<br \/>&#8211; Antenas externas para un conexi&oacute;n Wi-Fi m&aacute;s r&aacute;pida y fiable<br \/>&#8211; Soporta el modo AP con el que podr&aacute;s crear un nuevo punto de acceso Wi-Fi<br \/>&#8211; Extiende tu cobertura Wi-Fi de forma sencilla pulsando el bot&oacute;n \u00abRange Extender\u00bb<br \/>&#8211; Configura la Programaci&oacute;n para el Ahorro de Energ&iacute;a del extensor de cobertura<br \/>&#8211; La aplicaci&oacute;n Tether permite un acceso y gesti&oacute;n f&aacute;cil de manera mediante los dispositivos m&oacute;viles<br \/>&#8211; Funciona con cualquier Router Wi-Fi<\/p>\n<table class=\"tabla_caracteristicas k-table\" width=\"100%\">\n<tbody>\n<tr>\n<td valign=\"top\"><strong>Marca<\/strong><\/td>\n<td>D-Link<\/td>\n<\/tr>\n<tr>\n<td valign=\"top\"><strong>Modelo<\/strong><\/td>\n<td><strong><\/strong><strong>TL-WA855RE<\/strong><\/td>\n<\/tr>\n<tr>\n<td valign=\"top\"><strong><\/strong><strong>Caracter&iacute;sticas<\/strong><\/td>\n<td><strong>Hardware<\/strong><br \/>&#8211; Tipo de Enchufe: EU, UK, US<br \/>&#8211; Interfaz: 1 Puerto Ethernet RJ45 10\/100M<br \/>&#8211; Botones: Bot&oacute;n RE (Range Extender) y Bot&oacute;n Reset<br \/>&#8211; Consumo de Potencia: 3W aproximadamente<br \/>&#8211; Antenas: 2 Antenas externas<br \/>&#8211; Dimensiones: 52 x 34 x 65mm. (2.0x 1.3 x 2.6in)<br \/><strong>Inal&aacute;mbricas<\/strong><br \/>&#8211; Est&aacute;ndares Inal&aacute;mbricos: IEEE 802.11n, IEEE 802.11g, IEEE 802.11b<br \/>&#8211; Frecuencia: 2.4~2.4835GHz<br \/>&#8211; Tasa de Se&ntilde;al: 11n: Hasta 300Mbps (din&aacute;mico)<br \/>&nbsp; 11g: Hasta 54Mbps (din&aacute;mico)<br \/>&nbsp; 11b: Hasta 11Mbps (din&aacute;mico)<br \/>&#8211; Sensibilidad de Recepci&oacute;n: 270M: &lt;-68dBm@10% PER<br \/>&nbsp; 130M: &lt;-68dBm@10% PER<br \/>&nbsp; 108M: &lt;-68dBm@10% PER<br \/>&nbsp; 54M: &lt;-68dBm@10% PER<br \/>&nbsp; 11M: &lt;-68dBm@8% PER<br \/>&nbsp; 6M: &lt;-68dBm@10% PER<br \/>&nbsp; 1M: &lt;-68dBm@8% PER<br \/>&#8211; Potencia de Transmisi&oacute;n: &lt; 20 dBm (EIRP)<br \/>&#8211; Modos Inal&aacute;mbrico: Extensor de Cobertura y Modo AP<br \/>&#8211; Funciones Inal&aacute;mbricas: Filtrado Inal&aacute;mbrico de Direcciones MAC<br \/>&nbsp; Funci&oacute;n de Acceso a Dominio<br \/>&nbsp; Control de Potencia de Transmisi&oacute;n<br \/>&#8211; Seguridad Inal&aacute;mbrica: 64\/128\/152-bit WEP<br \/>&nbsp; WPA-PSK \/ WPA2-PSK<\/td>\n<\/tr>\n<tr>\n<td valign=\"top\"><strong>Otras<\/strong><\/td>\n<td><strong>Certificaciones<\/strong><br \/>&#8211; Certificaciones: CE, RoHS<br \/><strong>Requisitos del sistema<\/strong><br \/>&#8211; Microsoft&reg; Windows&reg; 98SE, NT, 2000, XP, Vista o <br \/>&nbsp; Windows 7, 8, 8.1, 10, Mac&reg; OS, NetWare&reg;, UNIX&reg; o Linux.<br \/><strong>Factores Ambientales<\/strong><br \/>&#8211; Temperatura de Funcionamiento: 0&deg;C~40&deg;C (32&deg;F~104&deg;F)<br \/>&#8211; Temperatura de Almacenamiento: -40&deg;C~70&deg;C (-40&deg;F~158&deg;F)<br \/>&#8211; Humedad de Funcionamiento: 10%~90% sin condensaci&oacute;n<br \/>&#8211; Humedad de Almacenamiento: 5%~90% sin condensaci&oacute;n<br \/><strong>Contenido<\/strong><br \/>&#8211; Extensor de Cobertura Wi-Fi a 300Mbps Tl-WA855RE<br \/>&#8211; Cable Ethernet RJ-45<br \/>&#8211; Gu&iacute;a de Instalaci&oacute;n R&aacute;pida<\/td>\n<\/tr>\n<tr>\n<td><strong>Fecha de revisi&oacute;n<\/strong><\/td>\n<td>09-11-2016 por MSB<\/td>\n<\/tr>\n<\/tbody>\n<\/table>\n","protected":false},"excerpt":{"rendered":"<p>Extensor de Cobertura Wi-Fi a 300Mbps&#8211; Aumenta la cobertura Wi-Fi existente para repartir conexiones inal&aacute;mbricas y cableadas de manera r&aacute;pida y fiable&#8211; Antenas externas para un conexi&oacute;n Wi-Fi m&aacute;s r&aacute;pida y fiable&#8211; Soporta el modo AP con el que podr&aacute;s crear un nuevo punto de acceso Wi-Fi&#8211; Extiende tu cobertura Wi-Fi de forma sencilla pulsando&hellip;&nbsp;<a href=\"https:\/\/aivlisoft.net\/shop\/producto\/tp-link-tl-wa855re-repetidor-wifi-n300\/\" rel=\"bookmark\"><span class=\"screen-reader-text\">TP-LINK TL-WA855RE Repetidor WiFi N300<\/span><\/a><\/p>\n","protected":false},"featured_media":19439,"template":"","meta":{"neve_meta_sidebar":"","neve_meta_container":"","neve_meta_enable_content_width":"","neve_meta_content_width":0,"neve_meta_title_alignment":"","neve_meta_author_avatar":"","neve_post_elements_order":"","neve_meta_disable_header":"","neve_meta_disable_footer":"","neve_meta_disable_title":""},"product_brand":[],"product_cat":[8770],"product_tag":[7023],"class_list":{"0":"post-19438","1":"product","2":"type-product","3":"status-publish","4":"has-post-thumbnail","6":"product_cat-puntos-de-acceso","7":"product_tag-tl-wa855re","9":"first","10":"instock","11":"taxable","12":"shipping-taxable","13":"purchasable","14":"product-type-simple"},"yoast_head":"<!-- This site is optimized with the Yoast SEO plugin v26.0 - https:\/\/yoast.com\/wordpress\/plugins\/seo\/ -->\n<title>TP-LINK TL-WA855RE Repetidor WiFi N300 - Aivlisoft Inform\u00e1tica<\/title>\n<meta name=\"robots\" content=\"index, follow, max-snippet:-1, max-image-preview:large, max-video-preview:-1\" \/>\n<link rel=\"canonical\" href=\"https:\/\/aivlisoft.net\/shop\/producto\/tp-link-tl-wa855re-repetidor-wifi-n300\/\" \/>\n<meta property=\"og:locale\" content=\"es_ES\" \/>\n<meta property=\"og:type\" content=\"article\" \/>\n<meta property=\"og:title\" content=\"TP-LINK TL-WA855RE Repetidor WiFi N300 - Aivlisoft Inform\u00e1tica\" \/>\n<meta property=\"og:description\" content=\"Extensor de Cobertura Wi-Fi a 300Mbps&#8211; Aumenta la cobertura Wi-Fi existente para repartir conexiones inal&aacute;mbricas y cableadas de manera r&aacute;pida y fiable&#8211; Antenas externas para un conexi&oacute;n Wi-Fi m&aacute;s r&aacute;pida y fiable&#8211; Soporta el modo AP con el que podr&aacute;s crear un nuevo punto de acceso Wi-Fi&#8211; Extiende tu cobertura Wi-Fi de forma sencilla pulsando&hellip;&nbsp;TP-LINK TL-WA855RE Repetidor WiFi N300\" \/>\n<meta property=\"og:url\" content=\"https:\/\/aivlisoft.net\/shop\/producto\/tp-link-tl-wa855re-repetidor-wifi-n300\/\" \/>\n<meta property=\"og:site_name\" content=\"Aivlisoft Inform\u00e1tica\" \/>\n<meta property=\"article:modified_time\" content=\"2025-01-14T11:45:15+00:00\" \/>\n<meta property=\"og:image\" content=\"https:\/\/aivlisoft.net\/shop\/wp-content\/uploads\/2025\/01\/NSWPAC0254_800.jpg\" \/>\n\t<meta property=\"og:image:width\" content=\"800\" \/>\n\t<meta property=\"og:image:height\" content=\"800\" \/>\n\t<meta property=\"og:image:type\" content=\"image\/jpeg\" \/>\n<meta name=\"twitter:card\" content=\"summary_large_image\" \/>\n<meta name=\"twitter:label1\" content=\"Tiempo de lectura\" \/>\n\t<meta name=\"twitter:data1\" content=\"2 minutos\" \/>\n<script type=\"application\/ld+json\" class=\"yoast-schema-graph\">{\"@context\":\"https:\/\/schema.org\",\"@graph\":[{\"@type\":\"WebPage\",\"@id\":\"https:\/\/aivlisoft.net\/shop\/producto\/tp-link-tl-wa855re-repetidor-wifi-n300\/\",\"url\":\"https:\/\/aivlisoft.net\/shop\/producto\/tp-link-tl-wa855re-repetidor-wifi-n300\/\",\"name\":\"TP-LINK TL-WA855RE Repetidor WiFi N300 - Aivlisoft Inform\u00e1tica\",\"isPartOf\":{\"@id\":\"https:\/\/aivlisoft.net\/shop\/#website\"},\"primaryImageOfPage\":{\"@id\":\"https:\/\/aivlisoft.net\/shop\/producto\/tp-link-tl-wa855re-repetidor-wifi-n300\/#primaryimage\"},\"image\":{\"@id\":\"https:\/\/aivlisoft.net\/shop\/producto\/tp-link-tl-wa855re-repetidor-wifi-n300\/#primaryimage\"},\"thumbnailUrl\":\"https:\/\/aivlisoft.net\/shop\/wp-content\/uploads\/2025\/01\/NSWPAC0254_800.jpg\",\"datePublished\":\"2025-01-13T15:32:38+00:00\",\"dateModified\":\"2025-01-14T11:45:15+00:00\",\"breadcrumb\":{\"@id\":\"https:\/\/aivlisoft.net\/shop\/producto\/tp-link-tl-wa855re-repetidor-wifi-n300\/#breadcrumb\"},\"inLanguage\":\"es\",\"potentialAction\":[{\"@type\":\"ReadAction\",\"target\":[\"https:\/\/aivlisoft.net\/shop\/producto\/tp-link-tl-wa855re-repetidor-wifi-n300\/\"]}]},{\"@type\":\"ImageObject\",\"inLanguage\":\"es\",\"@id\":\"https:\/\/aivlisoft.net\/shop\/producto\/tp-link-tl-wa855re-repetidor-wifi-n300\/#primaryimage\",\"url\":\"https:\/\/aivlisoft.net\/shop\/wp-content\/uploads\/2025\/01\/NSWPAC0254_800.jpg\",\"contentUrl\":\"https:\/\/aivlisoft.net\/shop\/wp-content\/uploads\/2025\/01\/NSWPAC0254_800.jpg\",\"width\":800,\"height\":800},{\"@type\":\"BreadcrumbList\",\"@id\":\"https:\/\/aivlisoft.net\/shop\/producto\/tp-link-tl-wa855re-repetidor-wifi-n300\/#breadcrumb\",\"itemListElement\":[{\"@type\":\"ListItem\",\"position\":1,\"name\":\"Portada\",\"item\":\"https:\/\/aivlisoft.net\/shop\/\"},{\"@type\":\"ListItem\",\"position\":2,\"name\":\"Tienda\",\"item\":\"https:\/\/aivlisoft.net\/shop\/tienda\/\"},{\"@type\":\"ListItem\",\"position\":3,\"name\":\"TP-LINK TL-WA855RE Repetidor WiFi N300\"}]},{\"@type\":\"WebSite\",\"@id\":\"https:\/\/aivlisoft.net\/shop\/#website\",\"url\":\"https:\/\/aivlisoft.net\/shop\/\",\"name\":\"Aivlisoft Inform\u00e1tica\",\"description\":\"En Aivlisoft Inform\u00e1tica ofrecemos soluciones tecnol\u00f3gicas para empresas: venta de ordenadores, consumibles, perif\u00e9ricos y m\u00e1s. Calidad, atenci\u00f3n personalizada y los mejores precios para tu negocio.\",\"publisher\":{\"@id\":\"https:\/\/aivlisoft.net\/shop\/#organization\"},\"potentialAction\":[{\"@type\":\"SearchAction\",\"target\":{\"@type\":\"EntryPoint\",\"urlTemplate\":\"https:\/\/aivlisoft.net\/shop\/?s={search_term_string}\"},\"query-input\":{\"@type\":\"PropertyValueSpecification\",\"valueRequired\":true,\"valueName\":\"search_term_string\"}}],\"inLanguage\":\"es\"},{\"@type\":\"Organization\",\"@id\":\"https:\/\/aivlisoft.net\/shop\/#organization\",\"name\":\"Aivlisoft Inform\u00e1tica\",\"url\":\"https:\/\/aivlisoft.net\/shop\/\",\"logo\":{\"@type\":\"ImageObject\",\"inLanguage\":\"es\",\"@id\":\"https:\/\/aivlisoft.net\/shop\/#\/schema\/logo\/image\/\",\"url\":\"https:\/\/aivlisoft.net\/shop\/wp-content\/uploads\/2024\/12\/removal.ai_5b848c54-0cdf-4140-95c5-c5536bb7573b-logodef.png\",\"contentUrl\":\"https:\/\/aivlisoft.net\/shop\/wp-content\/uploads\/2024\/12\/removal.ai_5b848c54-0cdf-4140-95c5-c5536bb7573b-logodef.png\",\"width\":484,\"height\":182,\"caption\":\"Aivlisoft Inform\u00e1tica\"},\"image\":{\"@id\":\"https:\/\/aivlisoft.net\/shop\/#\/schema\/logo\/image\/\"}}]}<\/script>\n<!-- \/ Yoast SEO plugin. -->","yoast_head_json":{"title":"TP-LINK TL-WA855RE Repetidor WiFi N300 - Aivlisoft Inform\u00e1tica","robots":{"index":"index","follow":"follow","max-snippet":"max-snippet:-1","max-image-preview":"max-image-preview:large","max-video-preview":"max-video-preview:-1"},"canonical":"https:\/\/aivlisoft.net\/shop\/producto\/tp-link-tl-wa855re-repetidor-wifi-n300\/","og_locale":"es_ES","og_type":"article","og_title":"TP-LINK TL-WA855RE Repetidor WiFi N300 - Aivlisoft Inform\u00e1tica","og_description":"Extensor de Cobertura Wi-Fi a 300Mbps&#8211; Aumenta la cobertura Wi-Fi existente para repartir conexiones inal&aacute;mbricas y cableadas de manera r&aacute;pida y fiable&#8211; Antenas externas para un conexi&oacute;n Wi-Fi m&aacute;s r&aacute;pida y fiable&#8211; Soporta el modo AP con el que podr&aacute;s crear un nuevo punto de acceso Wi-Fi&#8211; Extiende tu cobertura Wi-Fi de forma sencilla pulsando&hellip;&nbsp;TP-LINK TL-WA855RE Repetidor WiFi N300","og_url":"https:\/\/aivlisoft.net\/shop\/producto\/tp-link-tl-wa855re-repetidor-wifi-n300\/","og_site_name":"Aivlisoft Inform\u00e1tica","article_modified_time":"2025-01-14T11:45:15+00:00","og_image":[{"width":800,"height":800,"url":"https:\/\/aivlisoft.net\/shop\/wp-content\/uploads\/2025\/01\/NSWPAC0254_800.jpg","type":"image\/jpeg"}],"twitter_card":"summary_large_image","twitter_misc":{"Tiempo de lectura":"2 minutos"},"schema":{"@context":"https:\/\/schema.org","@graph":[{"@type":"WebPage","@id":"https:\/\/aivlisoft.net\/shop\/producto\/tp-link-tl-wa855re-repetidor-wifi-n300\/","url":"https:\/\/aivlisoft.net\/shop\/producto\/tp-link-tl-wa855re-repetidor-wifi-n300\/","name":"TP-LINK TL-WA855RE Repetidor WiFi N300 - Aivlisoft Inform\u00e1tica","isPartOf":{"@id":"https:\/\/aivlisoft.net\/shop\/#website"},"primaryImageOfPage":{"@id":"https:\/\/aivlisoft.net\/shop\/producto\/tp-link-tl-wa855re-repetidor-wifi-n300\/#primaryimage"},"image":{"@id":"https:\/\/aivlisoft.net\/shop\/producto\/tp-link-tl-wa855re-repetidor-wifi-n300\/#primaryimage"},"thumbnailUrl":"https:\/\/aivlisoft.net\/shop\/wp-content\/uploads\/2025\/01\/NSWPAC0254_800.jpg","datePublished":"2025-01-13T15:32:38+00:00","dateModified":"2025-01-14T11:45:15+00:00","breadcrumb":{"@id":"https:\/\/aivlisoft.net\/shop\/producto\/tp-link-tl-wa855re-repetidor-wifi-n300\/#breadcrumb"},"inLanguage":"es","potentialAction":[{"@type":"ReadAction","target":["https:\/\/aivlisoft.net\/shop\/producto\/tp-link-tl-wa855re-repetidor-wifi-n300\/"]}]},{"@type":"ImageObject","inLanguage":"es","@id":"https:\/\/aivlisoft.net\/shop\/producto\/tp-link-tl-wa855re-repetidor-wifi-n300\/#primaryimage","url":"https:\/\/aivlisoft.net\/shop\/wp-content\/uploads\/2025\/01\/NSWPAC0254_800.jpg","contentUrl":"https:\/\/aivlisoft.net\/shop\/wp-content\/uploads\/2025\/01\/NSWPAC0254_800.jpg","width":800,"height":800},{"@type":"BreadcrumbList","@id":"https:\/\/aivlisoft.net\/shop\/producto\/tp-link-tl-wa855re-repetidor-wifi-n300\/#breadcrumb","itemListElement":[{"@type":"ListItem","position":1,"name":"Portada","item":"https:\/\/aivlisoft.net\/shop\/"},{"@type":"ListItem","position":2,"name":"Tienda","item":"https:\/\/aivlisoft.net\/shop\/tienda\/"},{"@type":"ListItem","position":3,"name":"TP-LINK TL-WA855RE Repetidor WiFi N300"}]},{"@type":"WebSite","@id":"https:\/\/aivlisoft.net\/shop\/#website","url":"https:\/\/aivlisoft.net\/shop\/","name":"Aivlisoft Inform\u00e1tica","description":"En Aivlisoft Inform\u00e1tica ofrecemos soluciones tecnol\u00f3gicas para empresas: venta de ordenadores, consumibles, perif\u00e9ricos y m\u00e1s. Calidad, atenci\u00f3n personalizada y los mejores precios para tu negocio.","publisher":{"@id":"https:\/\/aivlisoft.net\/shop\/#organization"},"potentialAction":[{"@type":"SearchAction","target":{"@type":"EntryPoint","urlTemplate":"https:\/\/aivlisoft.net\/shop\/?s={search_term_string}"},"query-input":{"@type":"PropertyValueSpecification","valueRequired":true,"valueName":"search_term_string"}}],"inLanguage":"es"},{"@type":"Organization","@id":"https:\/\/aivlisoft.net\/shop\/#organization","name":"Aivlisoft Inform\u00e1tica","url":"https:\/\/aivlisoft.net\/shop\/","logo":{"@type":"ImageObject","inLanguage":"es","@id":"https:\/\/aivlisoft.net\/shop\/#\/schema\/logo\/image\/","url":"https:\/\/aivlisoft.net\/shop\/wp-content\/uploads\/2024\/12\/removal.ai_5b848c54-0cdf-4140-95c5-c5536bb7573b-logodef.png","contentUrl":"https:\/\/aivlisoft.net\/shop\/wp-content\/uploads\/2024\/12\/removal.ai_5b848c54-0cdf-4140-95c5-c5536bb7573b-logodef.png","width":484,"height":182,"caption":"Aivlisoft Inform\u00e1tica"},"image":{"@id":"https:\/\/aivlisoft.net\/shop\/#\/schema\/logo\/image\/"}}]}},"_links":{"self":[{"href":"https:\/\/aivlisoft.net\/shop\/wp-json\/wp\/v2\/product\/19438","targetHints":{"allow":["GET"]}}],"collection":[{"href":"https:\/\/aivlisoft.net\/shop\/wp-json\/wp\/v2\/product"}],"about":[{"href":"https:\/\/aivlisoft.net\/shop\/wp-json\/wp\/v2\/types\/product"}],"wp:featuredmedia":[{"embeddable":true,"href":"https:\/\/aivlisoft.net\/shop\/wp-json\/wp\/v2\/media\/19439"}],"wp:attachment":[{"href":"https:\/\/aivlisoft.net\/shop\/wp-json\/wp\/v2\/media?parent=19438"}],"wp:term":[{"taxonomy":"product_brand","embeddable":true,"href":"https:\/\/aivlisoft.net\/shop\/wp-json\/wp\/v2\/product_brand?post=19438"},{"taxonomy":"product_cat","embeddable":true,"href":"https:\/\/aivlisoft.net\/shop\/wp-json\/wp\/v2\/product_cat?post=19438"},{"taxonomy":"product_tag","embeddable":true,"href":"https:\/\/aivlisoft.net\/shop\/wp-json\/wp\/v2\/product_tag?post=19438"}],"curies":[{"name":"wp","href":"https:\/\/api.w.org\/{rel}","templated":true}]}}