{"id":19434,"date":"2025-01-13T15:32:36","date_gmt":"2025-01-13T15:32:36","guid":{"rendered":"https:\/\/aivlisoft.com\/?post_type=product&#038;p=19434"},"modified":"2025-01-14T11:45:14","modified_gmt":"2025-01-14T11:45:14","slug":"d-link-dwl-6610ap-punto-acceso-ac1200-poe","status":"publish","type":"product","link":"https:\/\/aivlisoft.net\/shop\/producto\/d-link-dwl-6610ap-punto-acceso-ac1200-poe\/","title":{"rendered":"D-Link DWL-6610AP Punto Acceso AC1200 PoE"},"content":{"rendered":"<p><\/p>\n<table class=\"tabla_caracteristicas k-table\" width=\"100%\">\n<tbody>\n<tr>\n<td valign=\"top\"><strong>Marca<\/strong><\/td>\n<td>D-Link<\/td>\n<\/tr>\n<tr>\n<td valign=\"top\"><strong>Modelo<\/strong><\/td>\n<td><strong>DWL-6610AP<\/strong><\/td>\n<\/tr>\n<tr>\n<td valign=\"top\"><strong>Caracter&iacute;sticas<\/strong><\/td>\n<td><strong>Standards<\/strong><br \/>&#8211; 802.11b \/ g \/ n inal&aacute;mbrica de 2,4 GHz<br \/>&#8211; 802.11ac inal&aacute;mbrica de 5 GHz<br \/><strong>Interfaces<\/strong><br \/>&#8211; 1 x 10\/100\/1000 RJ45<br \/>&#8211; Bot&oacute;n de reinicio de f&aacute;brica<br \/>&#8211; Interruptor de alimentaci&oacute;n<br \/>&#8211; Conector de alimentaci&oacute;n<br \/><strong>Modos de operaci&oacute;n<\/strong><br \/>&#8211; independiente<br \/>&#8211; Matriz AP<br \/>&#8211; Gestionado (con DWS-4026, DWS-3160-24TC, DWS-3160-24PC, <br \/>&nbsp; DWC-1000 o DWC-2000)<br \/><strong>Frecuencia de operaci&oacute;n<\/strong><br \/>&#8211; 5 GHz Band:<br \/>&#8211; 5.15 GHz to 5.35 GHz<br \/>&#8211; 5.47 GHz to 5.85 GHz<br \/>&#8211; 2.4 GHz Band:<br \/>&#8211; 2.4 &#8211; 2.4835 GHz<br \/><strong>Antena<br \/><\/strong>&#8211; Antenas omnidireccionales internas<br \/>&#8211; 5 dBi para 5 GHz, 3,5 GHz para 2.4 dBi <br \/><strong>LEDs<\/strong><br \/>&#8211; Power<br \/>&#8211; 2.4 GHz wireless<br \/>&#8211; 5 GHz wireless<br \/>&#8211; LAN<br \/><strong>Seguridad<\/strong><br \/>&#8211; Hasta 32 SSID, 16 por la radio<br \/>&#8211; VLAN 802.1Q<br \/>&#8211; Aislamiento estaci&oacute;n<br \/><strong>Seguridad inal&aacute;mbrica<\/strong><br \/>&#8211; WPA-Personal \/ Empresa<br \/>&#8211; AES y TKIP<strong><\/strong><br \/><strong>Energia<\/strong><br \/>&#8211; Entrada: 12 V CC, 2 A<br \/>&#8211; Consumo: M&aacute;ximo 16.6 W<br \/><strong>De transferencia de datos<\/strong><br \/>&#8211; 802.11ac: 433 Mbps 867 Mbps<br \/>&#8211; 802.11n: 6,5 Mbps-300 Mbps<br \/>&#8211; 802.11g: 54, 48, 36, 24, 12, 9 y 6 Mbps<br \/>&#8211; 802.11b: 11, 5,5, 2, y 1 Mbps<br \/>&#8211; 802.11a: 54, 48, 36, 24, 12, 9 y 6 Mbps<br \/><strong>Detecci&oacute;n y Prevenci&oacute;n<\/strong><br \/>&#8211; Rogue y Clasificaci&oacute;n AP V&aacute;lido<br \/><strong>Autenticaci&oacute;n<\/strong><br \/>&#8211; Filtrado de direcciones MAC<br \/><strong>L&iacute;nea de comando<\/strong><br \/>&#8211; Consola serial RJ45<br \/>&#8211; Telnet \/ SSH<br \/>&#8211; SNMP<\/td>\n<\/tr>\n<tr>\n<td><strong>Otras Caracteristicas<\/strong><\/td>\n<td><strong>Temperatura<\/strong><br \/>&#8211; Operating: 0 to 40 &deg;C<br \/>&#8211; Storage: -20 to 65 &deg;C<br \/><strong>Humedad<\/strong><br \/>&#8211; Operating: 10% to 90% non-condensing<br \/>&#8211; Storage: 5% to 95% non-condensing<br \/><strong>Certifications<\/strong><br \/>&#8211; CE<br \/>&#8211; EN 301 893 V1.7.1 (2012-06) (DFS\/TPC)<br \/>&#8211; EN 300 328 V1.8.1 (2012-06)<br \/>&#8211; FCC<br \/>&#8211; IC<br \/>&#8211; cUL<br \/>&#8211; LVD<br \/>&#8211; UL2043<br \/>&#8211; C-Tick<br \/>&#8211; BSMI<br \/>&#8211; NCC<br \/><strong>Dimensiones<\/strong><br \/>&#8211; 158.79 x 158.79 x 69.39 mm w \/ o soporte<br \/><strong>Peso<\/strong><br \/>&#8211; 500 gramos<br \/><strong>Alimentaci&oacute;n a trav&eacute;s de Ethernet<\/strong><br \/>&#8211; 802.3at PoE +<br \/><strong>Recinto<\/strong><br \/>&#8211; Cubierta inferior &#8211; de pl&aacute;stico<br \/>&#8211; Cubierta superior &#8211; de pl&aacute;stico<br \/>&#8211; Chasis de certificaci&oacute;n UL2043<\/td>\n<\/tr>\n<tr>\n<td><strong>Fecha de revisi&oacute;n<\/strong><\/td>\n<td>17-10-2016 por MSB<\/td>\n<\/tr>\n<\/tbody>\n<\/table>\n","protected":false},"excerpt":{"rendered":"<p>Marca D-Link Modelo DWL-6610AP Caracter&iacute;sticas Standards&#8211; 802.11b \/ g \/ n inal&aacute;mbrica de 2,4 GHz&#8211; 802.11ac inal&aacute;mbrica de 5 GHzInterfaces&#8211; 1 x 10\/100\/1000 RJ45&#8211; Bot&oacute;n de reinicio de f&aacute;brica&#8211; Interruptor de alimentaci&oacute;n&#8211; Conector de alimentaci&oacute;nModos de operaci&oacute;n&#8211; independiente&#8211; Matriz AP&#8211; Gestionado (con DWS-4026, DWS-3160-24TC, DWS-3160-24PC, &nbsp; DWC-1000 o DWC-2000)Frecuencia de operaci&oacute;n&#8211; 5 GHz Band:&#8211; 5.15&hellip;&nbsp;<a href=\"https:\/\/aivlisoft.net\/shop\/producto\/d-link-dwl-6610ap-punto-acceso-ac1200-poe\/\" rel=\"bookmark\"><span class=\"screen-reader-text\">D-Link DWL-6610AP Punto Acceso AC1200 PoE<\/span><\/a><\/p>\n","protected":false},"featured_media":19435,"template":"","meta":{"neve_meta_sidebar":"","neve_meta_container":"","neve_meta_enable_content_width":"","neve_meta_content_width":0,"neve_meta_title_alignment":"","neve_meta_author_avatar":"","neve_post_elements_order":"","neve_meta_disable_header":"","neve_meta_disable_footer":"","neve_meta_disable_title":""},"product_brand":[],"product_cat":[8770],"product_tag":[7022],"class_list":{"0":"post-19434","1":"product","2":"type-product","3":"status-publish","4":"has-post-thumbnail","6":"product_cat-puntos-de-acceso","7":"product_tag-dwl-6610ap","9":"first","10":"instock","11":"taxable","12":"shipping-taxable","13":"purchasable","14":"product-type-simple"},"yoast_head":"<!-- This site is optimized with the Yoast SEO plugin v26.0 - https:\/\/yoast.com\/wordpress\/plugins\/seo\/ -->\n<title>D-Link DWL-6610AP Punto Acceso AC1200 PoE - Aivlisoft Inform\u00e1tica<\/title>\n<meta name=\"robots\" content=\"index, follow, max-snippet:-1, max-image-preview:large, max-video-preview:-1\" \/>\n<link rel=\"canonical\" href=\"https:\/\/aivlisoft.net\/shop\/producto\/d-link-dwl-6610ap-punto-acceso-ac1200-poe\/\" \/>\n<meta property=\"og:locale\" content=\"es_ES\" \/>\n<meta property=\"og:type\" content=\"article\" \/>\n<meta property=\"og:title\" content=\"D-Link DWL-6610AP Punto Acceso AC1200 PoE - Aivlisoft Inform\u00e1tica\" \/>\n<meta property=\"og:description\" content=\"Marca D-Link Modelo DWL-6610AP Caracter&iacute;sticas Standards&#8211; 802.11b \/ g \/ n inal&aacute;mbrica de 2,4 GHz&#8211; 802.11ac inal&aacute;mbrica de 5 GHzInterfaces&#8211; 1 x 10\/100\/1000 RJ45&#8211; Bot&oacute;n de reinicio de f&aacute;brica&#8211; Interruptor de alimentaci&oacute;n&#8211; Conector de alimentaci&oacute;nModos de operaci&oacute;n&#8211; independiente&#8211; Matriz AP&#8211; Gestionado (con DWS-4026, DWS-3160-24TC, DWS-3160-24PC, &nbsp; DWC-1000 o DWC-2000)Frecuencia de operaci&oacute;n&#8211; 5 GHz Band:&#8211; 5.15&hellip;&nbsp;D-Link DWL-6610AP Punto Acceso AC1200 PoE\" \/>\n<meta property=\"og:url\" content=\"https:\/\/aivlisoft.net\/shop\/producto\/d-link-dwl-6610ap-punto-acceso-ac1200-poe\/\" \/>\n<meta property=\"og:site_name\" content=\"Aivlisoft Inform\u00e1tica\" \/>\n<meta property=\"article:modified_time\" content=\"2025-01-14T11:45:14+00:00\" \/>\n<meta property=\"og:image\" content=\"https:\/\/aivlisoft.net\/shop\/wp-content\/uploads\/2025\/01\/NSWPAC0248_800.jpg\" \/>\n\t<meta property=\"og:image:width\" content=\"800\" \/>\n\t<meta property=\"og:image:height\" content=\"800\" \/>\n\t<meta property=\"og:image:type\" content=\"image\/jpeg\" \/>\n<meta name=\"twitter:card\" content=\"summary_large_image\" \/>\n<meta name=\"twitter:label1\" content=\"Tiempo de lectura\" \/>\n\t<meta name=\"twitter:data1\" content=\"1 minuto\" \/>\n<script type=\"application\/ld+json\" class=\"yoast-schema-graph\">{\"@context\":\"https:\/\/schema.org\",\"@graph\":[{\"@type\":\"WebPage\",\"@id\":\"https:\/\/aivlisoft.net\/shop\/producto\/d-link-dwl-6610ap-punto-acceso-ac1200-poe\/\",\"url\":\"https:\/\/aivlisoft.net\/shop\/producto\/d-link-dwl-6610ap-punto-acceso-ac1200-poe\/\",\"name\":\"D-Link DWL-6610AP Punto Acceso AC1200 PoE - Aivlisoft Inform\u00e1tica\",\"isPartOf\":{\"@id\":\"https:\/\/aivlisoft.net\/shop\/#website\"},\"primaryImageOfPage\":{\"@id\":\"https:\/\/aivlisoft.net\/shop\/producto\/d-link-dwl-6610ap-punto-acceso-ac1200-poe\/#primaryimage\"},\"image\":{\"@id\":\"https:\/\/aivlisoft.net\/shop\/producto\/d-link-dwl-6610ap-punto-acceso-ac1200-poe\/#primaryimage\"},\"thumbnailUrl\":\"https:\/\/aivlisoft.net\/shop\/wp-content\/uploads\/2025\/01\/NSWPAC0248_800.jpg\",\"datePublished\":\"2025-01-13T15:32:36+00:00\",\"dateModified\":\"2025-01-14T11:45:14+00:00\",\"breadcrumb\":{\"@id\":\"https:\/\/aivlisoft.net\/shop\/producto\/d-link-dwl-6610ap-punto-acceso-ac1200-poe\/#breadcrumb\"},\"inLanguage\":\"es\",\"potentialAction\":[{\"@type\":\"ReadAction\",\"target\":[\"https:\/\/aivlisoft.net\/shop\/producto\/d-link-dwl-6610ap-punto-acceso-ac1200-poe\/\"]}]},{\"@type\":\"ImageObject\",\"inLanguage\":\"es\",\"@id\":\"https:\/\/aivlisoft.net\/shop\/producto\/d-link-dwl-6610ap-punto-acceso-ac1200-poe\/#primaryimage\",\"url\":\"https:\/\/aivlisoft.net\/shop\/wp-content\/uploads\/2025\/01\/NSWPAC0248_800.jpg\",\"contentUrl\":\"https:\/\/aivlisoft.net\/shop\/wp-content\/uploads\/2025\/01\/NSWPAC0248_800.jpg\",\"width\":800,\"height\":800},{\"@type\":\"BreadcrumbList\",\"@id\":\"https:\/\/aivlisoft.net\/shop\/producto\/d-link-dwl-6610ap-punto-acceso-ac1200-poe\/#breadcrumb\",\"itemListElement\":[{\"@type\":\"ListItem\",\"position\":1,\"name\":\"Portada\",\"item\":\"https:\/\/aivlisoft.net\/shop\/\"},{\"@type\":\"ListItem\",\"position\":2,\"name\":\"Tienda\",\"item\":\"https:\/\/aivlisoft.net\/shop\/tienda\/\"},{\"@type\":\"ListItem\",\"position\":3,\"name\":\"D-Link DWL-6610AP Punto Acceso AC1200 PoE\"}]},{\"@type\":\"WebSite\",\"@id\":\"https:\/\/aivlisoft.net\/shop\/#website\",\"url\":\"https:\/\/aivlisoft.net\/shop\/\",\"name\":\"Aivlisoft Inform\u00e1tica\",\"description\":\"En Aivlisoft Inform\u00e1tica ofrecemos soluciones tecnol\u00f3gicas para empresas: venta de ordenadores, consumibles, perif\u00e9ricos y m\u00e1s. Calidad, atenci\u00f3n personalizada y los mejores precios para tu negocio.\",\"publisher\":{\"@id\":\"https:\/\/aivlisoft.net\/shop\/#organization\"},\"potentialAction\":[{\"@type\":\"SearchAction\",\"target\":{\"@type\":\"EntryPoint\",\"urlTemplate\":\"https:\/\/aivlisoft.net\/shop\/?s={search_term_string}\"},\"query-input\":{\"@type\":\"PropertyValueSpecification\",\"valueRequired\":true,\"valueName\":\"search_term_string\"}}],\"inLanguage\":\"es\"},{\"@type\":\"Organization\",\"@id\":\"https:\/\/aivlisoft.net\/shop\/#organization\",\"name\":\"Aivlisoft Inform\u00e1tica\",\"url\":\"https:\/\/aivlisoft.net\/shop\/\",\"logo\":{\"@type\":\"ImageObject\",\"inLanguage\":\"es\",\"@id\":\"https:\/\/aivlisoft.net\/shop\/#\/schema\/logo\/image\/\",\"url\":\"https:\/\/aivlisoft.net\/shop\/wp-content\/uploads\/2024\/12\/removal.ai_5b848c54-0cdf-4140-95c5-c5536bb7573b-logodef.png\",\"contentUrl\":\"https:\/\/aivlisoft.net\/shop\/wp-content\/uploads\/2024\/12\/removal.ai_5b848c54-0cdf-4140-95c5-c5536bb7573b-logodef.png\",\"width\":484,\"height\":182,\"caption\":\"Aivlisoft Inform\u00e1tica\"},\"image\":{\"@id\":\"https:\/\/aivlisoft.net\/shop\/#\/schema\/logo\/image\/\"}}]}<\/script>\n<!-- \/ Yoast SEO plugin. -->","yoast_head_json":{"title":"D-Link DWL-6610AP Punto Acceso AC1200 PoE - Aivlisoft Inform\u00e1tica","robots":{"index":"index","follow":"follow","max-snippet":"max-snippet:-1","max-image-preview":"max-image-preview:large","max-video-preview":"max-video-preview:-1"},"canonical":"https:\/\/aivlisoft.net\/shop\/producto\/d-link-dwl-6610ap-punto-acceso-ac1200-poe\/","og_locale":"es_ES","og_type":"article","og_title":"D-Link DWL-6610AP Punto Acceso AC1200 PoE - Aivlisoft Inform\u00e1tica","og_description":"Marca D-Link Modelo DWL-6610AP Caracter&iacute;sticas Standards&#8211; 802.11b \/ g \/ n inal&aacute;mbrica de 2,4 GHz&#8211; 802.11ac inal&aacute;mbrica de 5 GHzInterfaces&#8211; 1 x 10\/100\/1000 RJ45&#8211; Bot&oacute;n de reinicio de f&aacute;brica&#8211; Interruptor de alimentaci&oacute;n&#8211; Conector de alimentaci&oacute;nModos de operaci&oacute;n&#8211; independiente&#8211; Matriz AP&#8211; Gestionado (con DWS-4026, DWS-3160-24TC, DWS-3160-24PC, &nbsp; DWC-1000 o DWC-2000)Frecuencia de operaci&oacute;n&#8211; 5 GHz Band:&#8211; 5.15&hellip;&nbsp;D-Link DWL-6610AP Punto Acceso AC1200 PoE","og_url":"https:\/\/aivlisoft.net\/shop\/producto\/d-link-dwl-6610ap-punto-acceso-ac1200-poe\/","og_site_name":"Aivlisoft Inform\u00e1tica","article_modified_time":"2025-01-14T11:45:14+00:00","og_image":[{"width":800,"height":800,"url":"https:\/\/aivlisoft.net\/shop\/wp-content\/uploads\/2025\/01\/NSWPAC0248_800.jpg","type":"image\/jpeg"}],"twitter_card":"summary_large_image","twitter_misc":{"Tiempo de lectura":"1 minuto"},"schema":{"@context":"https:\/\/schema.org","@graph":[{"@type":"WebPage","@id":"https:\/\/aivlisoft.net\/shop\/producto\/d-link-dwl-6610ap-punto-acceso-ac1200-poe\/","url":"https:\/\/aivlisoft.net\/shop\/producto\/d-link-dwl-6610ap-punto-acceso-ac1200-poe\/","name":"D-Link DWL-6610AP Punto Acceso AC1200 PoE - Aivlisoft Inform\u00e1tica","isPartOf":{"@id":"https:\/\/aivlisoft.net\/shop\/#website"},"primaryImageOfPage":{"@id":"https:\/\/aivlisoft.net\/shop\/producto\/d-link-dwl-6610ap-punto-acceso-ac1200-poe\/#primaryimage"},"image":{"@id":"https:\/\/aivlisoft.net\/shop\/producto\/d-link-dwl-6610ap-punto-acceso-ac1200-poe\/#primaryimage"},"thumbnailUrl":"https:\/\/aivlisoft.net\/shop\/wp-content\/uploads\/2025\/01\/NSWPAC0248_800.jpg","datePublished":"2025-01-13T15:32:36+00:00","dateModified":"2025-01-14T11:45:14+00:00","breadcrumb":{"@id":"https:\/\/aivlisoft.net\/shop\/producto\/d-link-dwl-6610ap-punto-acceso-ac1200-poe\/#breadcrumb"},"inLanguage":"es","potentialAction":[{"@type":"ReadAction","target":["https:\/\/aivlisoft.net\/shop\/producto\/d-link-dwl-6610ap-punto-acceso-ac1200-poe\/"]}]},{"@type":"ImageObject","inLanguage":"es","@id":"https:\/\/aivlisoft.net\/shop\/producto\/d-link-dwl-6610ap-punto-acceso-ac1200-poe\/#primaryimage","url":"https:\/\/aivlisoft.net\/shop\/wp-content\/uploads\/2025\/01\/NSWPAC0248_800.jpg","contentUrl":"https:\/\/aivlisoft.net\/shop\/wp-content\/uploads\/2025\/01\/NSWPAC0248_800.jpg","width":800,"height":800},{"@type":"BreadcrumbList","@id":"https:\/\/aivlisoft.net\/shop\/producto\/d-link-dwl-6610ap-punto-acceso-ac1200-poe\/#breadcrumb","itemListElement":[{"@type":"ListItem","position":1,"name":"Portada","item":"https:\/\/aivlisoft.net\/shop\/"},{"@type":"ListItem","position":2,"name":"Tienda","item":"https:\/\/aivlisoft.net\/shop\/tienda\/"},{"@type":"ListItem","position":3,"name":"D-Link DWL-6610AP Punto Acceso AC1200 PoE"}]},{"@type":"WebSite","@id":"https:\/\/aivlisoft.net\/shop\/#website","url":"https:\/\/aivlisoft.net\/shop\/","name":"Aivlisoft Inform\u00e1tica","description":"En Aivlisoft Inform\u00e1tica ofrecemos soluciones tecnol\u00f3gicas para empresas: venta de ordenadores, consumibles, perif\u00e9ricos y m\u00e1s. Calidad, atenci\u00f3n personalizada y los mejores precios para tu negocio.","publisher":{"@id":"https:\/\/aivlisoft.net\/shop\/#organization"},"potentialAction":[{"@type":"SearchAction","target":{"@type":"EntryPoint","urlTemplate":"https:\/\/aivlisoft.net\/shop\/?s={search_term_string}"},"query-input":{"@type":"PropertyValueSpecification","valueRequired":true,"valueName":"search_term_string"}}],"inLanguage":"es"},{"@type":"Organization","@id":"https:\/\/aivlisoft.net\/shop\/#organization","name":"Aivlisoft Inform\u00e1tica","url":"https:\/\/aivlisoft.net\/shop\/","logo":{"@type":"ImageObject","inLanguage":"es","@id":"https:\/\/aivlisoft.net\/shop\/#\/schema\/logo\/image\/","url":"https:\/\/aivlisoft.net\/shop\/wp-content\/uploads\/2024\/12\/removal.ai_5b848c54-0cdf-4140-95c5-c5536bb7573b-logodef.png","contentUrl":"https:\/\/aivlisoft.net\/shop\/wp-content\/uploads\/2024\/12\/removal.ai_5b848c54-0cdf-4140-95c5-c5536bb7573b-logodef.png","width":484,"height":182,"caption":"Aivlisoft Inform\u00e1tica"},"image":{"@id":"https:\/\/aivlisoft.net\/shop\/#\/schema\/logo\/image\/"}}]}},"_links":{"self":[{"href":"https:\/\/aivlisoft.net\/shop\/wp-json\/wp\/v2\/product\/19434","targetHints":{"allow":["GET"]}}],"collection":[{"href":"https:\/\/aivlisoft.net\/shop\/wp-json\/wp\/v2\/product"}],"about":[{"href":"https:\/\/aivlisoft.net\/shop\/wp-json\/wp\/v2\/types\/product"}],"wp:featuredmedia":[{"embeddable":true,"href":"https:\/\/aivlisoft.net\/shop\/wp-json\/wp\/v2\/media\/19435"}],"wp:attachment":[{"href":"https:\/\/aivlisoft.net\/shop\/wp-json\/wp\/v2\/media?parent=19434"}],"wp:term":[{"taxonomy":"product_brand","embeddable":true,"href":"https:\/\/aivlisoft.net\/shop\/wp-json\/wp\/v2\/product_brand?post=19434"},{"taxonomy":"product_cat","embeddable":true,"href":"https:\/\/aivlisoft.net\/shop\/wp-json\/wp\/v2\/product_cat?post=19434"},{"taxonomy":"product_tag","embeddable":true,"href":"https:\/\/aivlisoft.net\/shop\/wp-json\/wp\/v2\/product_tag?post=19434"}],"curies":[{"name":"wp","href":"https:\/\/api.w.org\/{rel}","templated":true}]}}