{"id":19429,"date":"2025-01-13T15:32:34","date_gmt":"2025-01-13T15:32:34","guid":{"rendered":"https:\/\/aivlisoft.com\/?post_type=product&#038;p=19429"},"modified":"2025-01-14T11:45:13","modified_gmt":"2025-01-14T11:45:13","slug":"edimax-pro-punto-acceso-wap1750-dual-band-poe","status":"publish","type":"product","link":"https:\/\/aivlisoft.net\/shop\/producto\/edimax-pro-punto-acceso-wap1750-dual-band-poe\/","title":{"rendered":"Edimax PRO Punto Acceso WAP1750 Dual-Band PoE"},"content":{"rendered":"<div>&#8211; Doble banda de alta velocidad 802.11AC: Doble banda simult&aacute;nea IEEE 802.11ac con velocidad inal&aacute;mbrica de 1750 Mbps.<br \/>&#8211; F&aacute;cil instalaci&oacute;n: Dise&ntilde;o para montaje de pared con kit de instalaci&oacute;n f&aacute;cil.<br \/>&#8211; Dise&ntilde;ado para uso de alta densidad: Admite hasta un centenar de usuarios simult&aacute;neamente, ideal para entornos concurridos y lugares de trabajo BYOD (por sus siglas en ingl&eacute;s, trae tu propio dispositivo).<br \/>&#8211; M&uacute;ltiples SSID para gesti&oacute;n de seguridad: Admite hasta 32 SSID (16 para 2.4 GHz y 16 para 5 GHz), ideal para muchos departamentos, grupos de usuarios, clientes o invitados.<br \/>&#8211; Movilidad r&aacute;pida: Cambia f&aacute;cilmente entre puntos de acceso, sin retrasos ni interrupciones, asegurando el m&aacute;ximo rendimiento para aplicaciones de transmisi&oacute;n continua de v&iacute;deo y de voz.<br \/>&#8211; Amplia cobertura y alta sensibilidad: Potencia de salida RF ajustable y alta sensibilidad del receptor para amplia cobertura en grandes espacios.<br \/>&#8211; Movilidad ininterrumpida: Cobertura 1.5 veces superior a la de los t&iacute;picos AP, con cobertura exhaustiva para asegurar conectividad ininterrumpida a los dispositivos Wi-Fi en entornos empresariales.<br \/>&#8211; Alimentaci&oacute;n por Ethernet: Compatible con IEEE 802.3at PoE y IEEE 802.3af PSE out y adaptador de corriente incluido.<br \/>&#8211; Servidor RADIUS incorporado: Con gesti&oacute;n para hasta 256 cuentas de usuario.<\/div>\n<div>\n<div>&#8211; Entornos empresariales: Elecci&oacute;n avanzada para aplicaciones de alto rendimiento. Apto para una amplia gama de aplicaciones comerciales tales como oficinas, hoteles, salas de reuniones, escuelas, campus, complejos, tiendas minoristas y otras.<br \/>&#8211; Gesti&oacute;n central: Edimax Pro Network Management Suite (NMS), suite de gesti&oacute;n central basada en web, f&aacute;cil e intuitiva, compatible con arquitectura array de AP.<\/div>\n<div>&nbsp;<\/div>\n<\/div>\n<p><\/p>\n<table class=\"tabla_caracteristicas k-table\" width=\"100%\">\n<tbody>\n<tr>\n<td valign=\"top\"><strong>Marca<\/strong><\/td>\n<td>Edimax Pro<\/td>\n<\/tr>\n<tr>\n<td valign=\"top\"><strong>Modelo<\/strong><\/td>\n<td><strong>WAP1750<\/strong><\/td>\n<\/tr>\n<tr>\n<td valign=\"top\"><strong>Caracter&iacute;sticas<\/strong><\/td>\n<td>\n<div><strong>Hardware<\/strong><br \/>&#8211; Interfaz LAN: 2 Giga<br \/>&#8211; Alimentaci&oacute;n por Ethernet: 802.3at (entrada) \/<\/div>\n<div>&nbsp; 802.3af (salida)<br \/>&#8211; Antena: 3 externas, Ganancia: 2 dBi (2.4 GHz),<\/div>\n<div>&nbsp; 2 dBi (5 GHz)<br \/>&#8211; Energ&iacute;a: CC 12 V \/ 4 A 802.3at<br \/>&#8211; Dimensiones (L x A x H): 18.3 x 18.3 x 3.6 cm<br \/>&#8211; Peso: 560 g<br \/>&#8211; Consumo de energ&iacute;a (Carga completa):<\/div>\n<div>&nbsp; 15 W (excluida salida PoE)<br \/>&#8211; Montaje: Pared \/ Escritorio<br \/>&#8211; Conector: RJ45<br \/>&#8211; WPS\/Restablecer: Si<br \/>&#8211; Indicador LED: 1. LED encendido, 2. LED Diag.<br \/>&#8211; Condiciones medioambientales:<br \/>&nbsp; Temperatura de funcionamiento:<\/div>\n<div>&nbsp; 0 &deg;C (32 &deg;F) a 50 &deg;C (122 &deg;F)<br \/>&nbsp; Humedad de funcionamiento: 90 % o menos<br \/>&#8211; Ahorro de energ&iacute;a: 802.3az<br \/>&#8211; Zumbador interno: Si<br \/><strong>Inal&aacute;mbrico<\/strong><br \/>&#8211; Est&aacute;ndar: Doble banda simult&aacute;nea 802.11 a\/b\/g\/n\/ac<br \/>&#8211; N.&ordm; de radios: 2<br \/>&#8211; Sensibilidad del receptor: &le; -94.5 dBm<br \/>&#8211; Certificaci&oacute;n: CE, FCC<br \/>&#8211; Itinerancia r&aacute;pida: Si<br \/>&#8211; N&uacute;mero de SSID: 16 (2.4 GHz) + 16 (5 GHz)<br \/><strong>Rendimiento<\/strong><br \/>&#8211; M&aacute;xima velocidad de datos: 450 + 1300 Mbps<br \/>&#8211; Clientes simult&aacute;neos: Hasta 50 por radio<\/div>\n<\/td>\n<\/tr>\n<tr>\n<td valign=\"top\"><strong>Otras Caracter&iacute;sticas<\/strong><\/td>\n<td>\n<div><strong>Especificaciones RF<\/strong><br \/>&#8211; Banda de frecuencia:<\/div>\n<div>&nbsp; Radio ?: 802.11b\/g\/n 2.412~2.484 (GHz)<br \/>&nbsp; Radio ?: 802.11a\/n\/ac 5.18~5.24 (GHz),<\/div>\n<div>&nbsp; 5.745~5.825 (GHz)<br \/>&#8211; Canales de funcionamiento: 2.4 GHz: EE. UU.\/<\/div>\n<div>&nbsp; Canad&aacute; 1-11 \/ Europa 1-13 \/ Jap&oacute;n 1-14<br \/>&nbsp; 5 GHz: Dependientes del pa&iacute;s para los<\/div>\n<div>&nbsp; siguientes rangos: 36, 40, 44, 48, 149,<\/div>\n<div>&nbsp; 153, 157, 161, 165<br \/><strong>Seguridad<\/strong><br \/>&#8211; Cifrado: WEP \/ WPA \/ WPA2<br \/>&#8211; Aislamiento inal&aacute;mbrico L2: Si<br \/>&#8211; Aislamiento de estaci&oacute;n: Si<br \/>&#8211; Autenticador IEEE 802.1x: Si<br \/>&#8211; Autenticaci&oacute;n EAP: PEAP<br \/>&#8211; SSID oculto: Si<br \/>&#8211; Filtro direcci&oacute;n MAC: Si<br \/>&#8211; STA inal&aacute;mbrico: Si<\/div>\n<\/td>\n<\/tr>\n<tr>\n<td><strong>Fecha de revisi&oacute;n<\/strong><\/td>\n<td>27-09-2016 por MSB<\/td>\n<\/tr>\n<\/tbody>\n<\/table>\n","protected":false},"excerpt":{"rendered":"<p>&#8211; Doble banda de alta velocidad 802.11AC: Doble banda simult&aacute;nea IEEE 802.11ac con velocidad inal&aacute;mbrica de 1750 Mbps.&#8211; F&aacute;cil instalaci&oacute;n: Dise&ntilde;o para montaje de pared con kit de instalaci&oacute;n f&aacute;cil.&#8211; Dise&ntilde;ado para uso de alta densidad: Admite hasta un centenar de usuarios simult&aacute;neamente, ideal para entornos concurridos y lugares de trabajo BYOD (por sus siglas&hellip;&nbsp;<a href=\"https:\/\/aivlisoft.net\/shop\/producto\/edimax-pro-punto-acceso-wap1750-dual-band-poe\/\" rel=\"bookmark\"><span class=\"screen-reader-text\">Edimax PRO Punto Acceso WAP1750 Dual-Band PoE<\/span><\/a><\/p>\n","protected":false},"featured_media":19430,"template":"","meta":{"neve_meta_sidebar":"","neve_meta_container":"","neve_meta_enable_content_width":"","neve_meta_content_width":0,"neve_meta_title_alignment":"","neve_meta_author_avatar":"","neve_post_elements_order":"","neve_meta_disable_header":"","neve_meta_disable_footer":"","neve_meta_disable_title":""},"product_brand":[],"product_cat":[8770],"product_tag":[7021],"class_list":{"0":"post-19429","1":"product","2":"type-product","3":"status-publish","4":"has-post-thumbnail","6":"product_cat-puntos-de-acceso","7":"product_tag-wap1750","9":"first","10":"instock","11":"taxable","12":"shipping-taxable","13":"purchasable","14":"product-type-simple"},"yoast_head":"<!-- This site is optimized with the Yoast SEO plugin v26.0 - https:\/\/yoast.com\/wordpress\/plugins\/seo\/ -->\n<title>Edimax PRO Punto Acceso WAP1750 Dual-Band PoE - Aivlisoft Inform\u00e1tica<\/title>\n<meta name=\"robots\" content=\"index, follow, max-snippet:-1, max-image-preview:large, max-video-preview:-1\" \/>\n<link rel=\"canonical\" href=\"https:\/\/aivlisoft.net\/shop\/producto\/edimax-pro-punto-acceso-wap1750-dual-band-poe\/\" \/>\n<meta property=\"og:locale\" content=\"es_ES\" \/>\n<meta property=\"og:type\" content=\"article\" \/>\n<meta property=\"og:title\" content=\"Edimax PRO Punto Acceso WAP1750 Dual-Band PoE - Aivlisoft Inform\u00e1tica\" \/>\n<meta property=\"og:description\" content=\"&#8211; Doble banda de alta velocidad 802.11AC: Doble banda simult&aacute;nea IEEE 802.11ac con velocidad inal&aacute;mbrica de 1750 Mbps.&#8211; F&aacute;cil instalaci&oacute;n: Dise&ntilde;o para montaje de pared con kit de instalaci&oacute;n f&aacute;cil.&#8211; Dise&ntilde;ado para uso de alta densidad: Admite hasta un centenar de usuarios simult&aacute;neamente, ideal para entornos concurridos y lugares de trabajo BYOD (por sus siglas&hellip;&nbsp;Edimax PRO Punto Acceso WAP1750 Dual-Band PoE\" \/>\n<meta property=\"og:url\" content=\"https:\/\/aivlisoft.net\/shop\/producto\/edimax-pro-punto-acceso-wap1750-dual-band-poe\/\" \/>\n<meta property=\"og:site_name\" content=\"Aivlisoft Inform\u00e1tica\" \/>\n<meta property=\"article:modified_time\" content=\"2025-01-14T11:45:13+00:00\" \/>\n<meta property=\"og:image\" content=\"https:\/\/aivlisoft.net\/shop\/wp-content\/uploads\/2025\/01\/NSWPAC0241_800.jpg\" \/>\n\t<meta property=\"og:image:width\" content=\"800\" \/>\n\t<meta property=\"og:image:height\" content=\"800\" \/>\n\t<meta property=\"og:image:type\" content=\"image\/jpeg\" \/>\n<meta name=\"twitter:card\" content=\"summary_large_image\" \/>\n<meta name=\"twitter:label1\" content=\"Tiempo de lectura\" \/>\n\t<meta name=\"twitter:data1\" content=\"3 minutos\" \/>\n<script type=\"application\/ld+json\" class=\"yoast-schema-graph\">{\"@context\":\"https:\/\/schema.org\",\"@graph\":[{\"@type\":\"WebPage\",\"@id\":\"https:\/\/aivlisoft.net\/shop\/producto\/edimax-pro-punto-acceso-wap1750-dual-band-poe\/\",\"url\":\"https:\/\/aivlisoft.net\/shop\/producto\/edimax-pro-punto-acceso-wap1750-dual-band-poe\/\",\"name\":\"Edimax PRO Punto Acceso WAP1750 Dual-Band PoE - Aivlisoft Inform\u00e1tica\",\"isPartOf\":{\"@id\":\"https:\/\/aivlisoft.net\/shop\/#website\"},\"primaryImageOfPage\":{\"@id\":\"https:\/\/aivlisoft.net\/shop\/producto\/edimax-pro-punto-acceso-wap1750-dual-band-poe\/#primaryimage\"},\"image\":{\"@id\":\"https:\/\/aivlisoft.net\/shop\/producto\/edimax-pro-punto-acceso-wap1750-dual-band-poe\/#primaryimage\"},\"thumbnailUrl\":\"https:\/\/aivlisoft.net\/shop\/wp-content\/uploads\/2025\/01\/NSWPAC0241_800.jpg\",\"datePublished\":\"2025-01-13T15:32:34+00:00\",\"dateModified\":\"2025-01-14T11:45:13+00:00\",\"breadcrumb\":{\"@id\":\"https:\/\/aivlisoft.net\/shop\/producto\/edimax-pro-punto-acceso-wap1750-dual-band-poe\/#breadcrumb\"},\"inLanguage\":\"es\",\"potentialAction\":[{\"@type\":\"ReadAction\",\"target\":[\"https:\/\/aivlisoft.net\/shop\/producto\/edimax-pro-punto-acceso-wap1750-dual-band-poe\/\"]}]},{\"@type\":\"ImageObject\",\"inLanguage\":\"es\",\"@id\":\"https:\/\/aivlisoft.net\/shop\/producto\/edimax-pro-punto-acceso-wap1750-dual-band-poe\/#primaryimage\",\"url\":\"https:\/\/aivlisoft.net\/shop\/wp-content\/uploads\/2025\/01\/NSWPAC0241_800.jpg\",\"contentUrl\":\"https:\/\/aivlisoft.net\/shop\/wp-content\/uploads\/2025\/01\/NSWPAC0241_800.jpg\",\"width\":800,\"height\":800},{\"@type\":\"BreadcrumbList\",\"@id\":\"https:\/\/aivlisoft.net\/shop\/producto\/edimax-pro-punto-acceso-wap1750-dual-band-poe\/#breadcrumb\",\"itemListElement\":[{\"@type\":\"ListItem\",\"position\":1,\"name\":\"Portada\",\"item\":\"https:\/\/aivlisoft.net\/shop\/\"},{\"@type\":\"ListItem\",\"position\":2,\"name\":\"Tienda\",\"item\":\"https:\/\/aivlisoft.net\/shop\/tienda\/\"},{\"@type\":\"ListItem\",\"position\":3,\"name\":\"Edimax PRO Punto Acceso WAP1750 Dual-Band PoE\"}]},{\"@type\":\"WebSite\",\"@id\":\"https:\/\/aivlisoft.net\/shop\/#website\",\"url\":\"https:\/\/aivlisoft.net\/shop\/\",\"name\":\"Aivlisoft Inform\u00e1tica\",\"description\":\"En Aivlisoft Inform\u00e1tica ofrecemos soluciones tecnol\u00f3gicas para empresas: venta de ordenadores, consumibles, perif\u00e9ricos y m\u00e1s. Calidad, atenci\u00f3n personalizada y los mejores precios para tu negocio.\",\"publisher\":{\"@id\":\"https:\/\/aivlisoft.net\/shop\/#organization\"},\"potentialAction\":[{\"@type\":\"SearchAction\",\"target\":{\"@type\":\"EntryPoint\",\"urlTemplate\":\"https:\/\/aivlisoft.net\/shop\/?s={search_term_string}\"},\"query-input\":{\"@type\":\"PropertyValueSpecification\",\"valueRequired\":true,\"valueName\":\"search_term_string\"}}],\"inLanguage\":\"es\"},{\"@type\":\"Organization\",\"@id\":\"https:\/\/aivlisoft.net\/shop\/#organization\",\"name\":\"Aivlisoft Inform\u00e1tica\",\"url\":\"https:\/\/aivlisoft.net\/shop\/\",\"logo\":{\"@type\":\"ImageObject\",\"inLanguage\":\"es\",\"@id\":\"https:\/\/aivlisoft.net\/shop\/#\/schema\/logo\/image\/\",\"url\":\"https:\/\/aivlisoft.net\/shop\/wp-content\/uploads\/2024\/12\/removal.ai_5b848c54-0cdf-4140-95c5-c5536bb7573b-logodef.png\",\"contentUrl\":\"https:\/\/aivlisoft.net\/shop\/wp-content\/uploads\/2024\/12\/removal.ai_5b848c54-0cdf-4140-95c5-c5536bb7573b-logodef.png\",\"width\":484,\"height\":182,\"caption\":\"Aivlisoft Inform\u00e1tica\"},\"image\":{\"@id\":\"https:\/\/aivlisoft.net\/shop\/#\/schema\/logo\/image\/\"}}]}<\/script>\n<!-- \/ Yoast SEO plugin. -->","yoast_head_json":{"title":"Edimax PRO Punto Acceso WAP1750 Dual-Band PoE - Aivlisoft Inform\u00e1tica","robots":{"index":"index","follow":"follow","max-snippet":"max-snippet:-1","max-image-preview":"max-image-preview:large","max-video-preview":"max-video-preview:-1"},"canonical":"https:\/\/aivlisoft.net\/shop\/producto\/edimax-pro-punto-acceso-wap1750-dual-band-poe\/","og_locale":"es_ES","og_type":"article","og_title":"Edimax PRO Punto Acceso WAP1750 Dual-Band PoE - Aivlisoft Inform\u00e1tica","og_description":"&#8211; Doble banda de alta velocidad 802.11AC: Doble banda simult&aacute;nea IEEE 802.11ac con velocidad inal&aacute;mbrica de 1750 Mbps.&#8211; F&aacute;cil instalaci&oacute;n: Dise&ntilde;o para montaje de pared con kit de instalaci&oacute;n f&aacute;cil.&#8211; Dise&ntilde;ado para uso de alta densidad: Admite hasta un centenar de usuarios simult&aacute;neamente, ideal para entornos concurridos y lugares de trabajo BYOD (por sus siglas&hellip;&nbsp;Edimax PRO Punto Acceso WAP1750 Dual-Band PoE","og_url":"https:\/\/aivlisoft.net\/shop\/producto\/edimax-pro-punto-acceso-wap1750-dual-band-poe\/","og_site_name":"Aivlisoft Inform\u00e1tica","article_modified_time":"2025-01-14T11:45:13+00:00","og_image":[{"width":800,"height":800,"url":"https:\/\/aivlisoft.net\/shop\/wp-content\/uploads\/2025\/01\/NSWPAC0241_800.jpg","type":"image\/jpeg"}],"twitter_card":"summary_large_image","twitter_misc":{"Tiempo de lectura":"3 minutos"},"schema":{"@context":"https:\/\/schema.org","@graph":[{"@type":"WebPage","@id":"https:\/\/aivlisoft.net\/shop\/producto\/edimax-pro-punto-acceso-wap1750-dual-band-poe\/","url":"https:\/\/aivlisoft.net\/shop\/producto\/edimax-pro-punto-acceso-wap1750-dual-band-poe\/","name":"Edimax PRO Punto Acceso WAP1750 Dual-Band PoE - Aivlisoft Inform\u00e1tica","isPartOf":{"@id":"https:\/\/aivlisoft.net\/shop\/#website"},"primaryImageOfPage":{"@id":"https:\/\/aivlisoft.net\/shop\/producto\/edimax-pro-punto-acceso-wap1750-dual-band-poe\/#primaryimage"},"image":{"@id":"https:\/\/aivlisoft.net\/shop\/producto\/edimax-pro-punto-acceso-wap1750-dual-band-poe\/#primaryimage"},"thumbnailUrl":"https:\/\/aivlisoft.net\/shop\/wp-content\/uploads\/2025\/01\/NSWPAC0241_800.jpg","datePublished":"2025-01-13T15:32:34+00:00","dateModified":"2025-01-14T11:45:13+00:00","breadcrumb":{"@id":"https:\/\/aivlisoft.net\/shop\/producto\/edimax-pro-punto-acceso-wap1750-dual-band-poe\/#breadcrumb"},"inLanguage":"es","potentialAction":[{"@type":"ReadAction","target":["https:\/\/aivlisoft.net\/shop\/producto\/edimax-pro-punto-acceso-wap1750-dual-band-poe\/"]}]},{"@type":"ImageObject","inLanguage":"es","@id":"https:\/\/aivlisoft.net\/shop\/producto\/edimax-pro-punto-acceso-wap1750-dual-band-poe\/#primaryimage","url":"https:\/\/aivlisoft.net\/shop\/wp-content\/uploads\/2025\/01\/NSWPAC0241_800.jpg","contentUrl":"https:\/\/aivlisoft.net\/shop\/wp-content\/uploads\/2025\/01\/NSWPAC0241_800.jpg","width":800,"height":800},{"@type":"BreadcrumbList","@id":"https:\/\/aivlisoft.net\/shop\/producto\/edimax-pro-punto-acceso-wap1750-dual-band-poe\/#breadcrumb","itemListElement":[{"@type":"ListItem","position":1,"name":"Portada","item":"https:\/\/aivlisoft.net\/shop\/"},{"@type":"ListItem","position":2,"name":"Tienda","item":"https:\/\/aivlisoft.net\/shop\/tienda\/"},{"@type":"ListItem","position":3,"name":"Edimax PRO Punto Acceso WAP1750 Dual-Band PoE"}]},{"@type":"WebSite","@id":"https:\/\/aivlisoft.net\/shop\/#website","url":"https:\/\/aivlisoft.net\/shop\/","name":"Aivlisoft Inform\u00e1tica","description":"En Aivlisoft Inform\u00e1tica ofrecemos soluciones tecnol\u00f3gicas para empresas: venta de ordenadores, consumibles, perif\u00e9ricos y m\u00e1s. Calidad, atenci\u00f3n personalizada y los mejores precios para tu negocio.","publisher":{"@id":"https:\/\/aivlisoft.net\/shop\/#organization"},"potentialAction":[{"@type":"SearchAction","target":{"@type":"EntryPoint","urlTemplate":"https:\/\/aivlisoft.net\/shop\/?s={search_term_string}"},"query-input":{"@type":"PropertyValueSpecification","valueRequired":true,"valueName":"search_term_string"}}],"inLanguage":"es"},{"@type":"Organization","@id":"https:\/\/aivlisoft.net\/shop\/#organization","name":"Aivlisoft Inform\u00e1tica","url":"https:\/\/aivlisoft.net\/shop\/","logo":{"@type":"ImageObject","inLanguage":"es","@id":"https:\/\/aivlisoft.net\/shop\/#\/schema\/logo\/image\/","url":"https:\/\/aivlisoft.net\/shop\/wp-content\/uploads\/2024\/12\/removal.ai_5b848c54-0cdf-4140-95c5-c5536bb7573b-logodef.png","contentUrl":"https:\/\/aivlisoft.net\/shop\/wp-content\/uploads\/2024\/12\/removal.ai_5b848c54-0cdf-4140-95c5-c5536bb7573b-logodef.png","width":484,"height":182,"caption":"Aivlisoft Inform\u00e1tica"},"image":{"@id":"https:\/\/aivlisoft.net\/shop\/#\/schema\/logo\/image\/"}}]}},"_links":{"self":[{"href":"https:\/\/aivlisoft.net\/shop\/wp-json\/wp\/v2\/product\/19429","targetHints":{"allow":["GET"]}}],"collection":[{"href":"https:\/\/aivlisoft.net\/shop\/wp-json\/wp\/v2\/product"}],"about":[{"href":"https:\/\/aivlisoft.net\/shop\/wp-json\/wp\/v2\/types\/product"}],"wp:featuredmedia":[{"embeddable":true,"href":"https:\/\/aivlisoft.net\/shop\/wp-json\/wp\/v2\/media\/19430"}],"wp:attachment":[{"href":"https:\/\/aivlisoft.net\/shop\/wp-json\/wp\/v2\/media?parent=19429"}],"wp:term":[{"taxonomy":"product_brand","embeddable":true,"href":"https:\/\/aivlisoft.net\/shop\/wp-json\/wp\/v2\/product_brand?post=19429"},{"taxonomy":"product_cat","embeddable":true,"href":"https:\/\/aivlisoft.net\/shop\/wp-json\/wp\/v2\/product_cat?post=19429"},{"taxonomy":"product_tag","embeddable":true,"href":"https:\/\/aivlisoft.net\/shop\/wp-json\/wp\/v2\/product_tag?post=19429"}],"curies":[{"name":"wp","href":"https:\/\/api.w.org\/{rel}","templated":true}]}}