{"id":19420,"date":"2025-01-13T15:32:27","date_gmt":"2025-01-13T15:32:27","guid":{"rendered":"https:\/\/aivlisoft.com\/?post_type=product&#038;p=19420"},"modified":"2025-01-14T11:45:07","modified_gmt":"2025-01-14T11:45:07","slug":"ubiquiti-powerbeam-m5-pbe-m5-400-iso-5ghz-25db","status":"publish","type":"product","link":"https:\/\/aivlisoft.net\/shop\/producto\/ubiquiti-powerbeam-m5-pbe-m5-400-iso-5ghz-25db\/","title":{"rendered":"Ubiquiti PowerBeam M5 PBE-M5-400-ISO 5GHz 25dB"},"content":{"rendered":"<p>El nuevo Powerbeam M tiene un dise&ntilde;o compacto todo en uno con un ancho de haz uniforme, eficiente y un procesador m&aacute;s r&aacute;pido. Este nuevo Ubiquiti Powerbeam M incorpora un sistema de sujeci&oacute;n a los 3 ejes para permitir una mayor precisi&oacute;n en los enlaces Wi-Fi de larga distancia. La antena y el aislamiento de este nuevo equipo han sido mejorados para proporcionar un mayor rendimiento.<\/p>\n<p>Inmunidad al Ruido Mejorada.<br \/>El dise&ntilde;o integrado de aislamiento mejora el aislamiento de RF para filtrar la interferencia espacialmente para entornos de colocalizaci&oacute;n y enlaces punto a punto, y el interior chapado de metal de la carcasa trasera mejora la protecci&oacute;n de RF.<br \/>Tambi&eacute;n ofrece un mejor comportamiento frente al viento.<\/p>\n<table class=\"tabla_caracteristicas k-table\" width=\"100%\">\n<tbody>\n<tr>\n<td><strong>Marca<\/strong><\/td>\n<td>Ubiquiti<\/td>\n<\/tr>\n<tr>\n<td valign=\"top\"><strong>Modelo<\/strong><\/td>\n<td><strong>PBE-M5-400-ISO<\/strong><\/td>\n<\/tr>\n<tr>\n<td valign=\"top\"><strong>Puertos<\/strong><\/td>\n<td>&#8211; 1 x 10\/100\/1000 Ethernet Port<\/td>\n<\/tr>\n<tr>\n<td valign=\"top\"><strong>Caracteristicas<\/strong><\/td>\n<td>&#8211; Procesador: Atheros MIPS 74Kc, 560 MHz<br \/>&#8211; Memoria: 64 MB DDR2, 8 MB Flash<br \/>&#8211; Dimensiones: 459 x 459 x 261 mm <br \/>&#8211; Peso: 3,22 kg<br \/>&#8211; Fuente de alimentaci&oacute;n: 24V, 0.5A Gigabit PoE <br \/>&#8211; Modo de alimentaci&oacute;n: Passive PoE (pares 4, 5+; 7, 8 retorno)<br \/>&#8211; Rango de voltaje soportado: 18 -26VDC <br \/>&#8211; Consumo de energ&iacute;a M&aacute;x.: 8W <br \/>&#8211; Ganancia: 25 dBi <br \/>&#8211; Frecuencia de funcionamiento: 5170 -. 5875 MHz <br \/>&#8211; Carga del viento: 390 N @ 200 kmh (88 lbf a 125 mph) <br \/>&#8211; LED: ( 1) alimentaci&oacute;n, (1) LAN, (4) WLAN <br \/>&#8211; Ancho de Canal: 5\/8\/10\/20\/30\/40 MHz <br \/>&#8211; Polarizaci&oacute;n: Dual Lineal<br \/>&#8211; Temperatura funcionamiento: -40 a 70 &deg; C <br \/>&#8211; Humedad funcionamiento: 5 a 95% sin condensaci&oacute;n<br \/>&#8211; Kit de montaje en mastil incluido<br \/>&#8211; Carcasa de pl&aacute;stico UV estabilizado<\/td>\n<\/tr>\n<tr>\n<td valign=\"top\"><strong>Enlaces<\/strong><\/td>\n<td><a href=\"https:\/\/dl.ubnt.com\/datasheets\/PowerBeam_ISO\/PowerBeam_ISO_DS.pdf\" target=\"_blank\">Folleto t&eacute;cnico<\/a><br \/><a href=\"https:\/\/dl.ubnt.com\/guides\/PowerBeam_ISO\/PBE-M5-400-ISO_QSG.pdf\" target=\"_blank\">Gu&iacute;a r&aacute;pida instalaci&oacute;n<br \/><\/a><a href=\"https:\/\/dl.ubnt.com\/guides\/airOS\/airOS_UG.pdf\" target=\"_blank\">Manual de Usuario<\/a><\/td>\n<\/tr>\n<tr>\n<td><strong>Fecha de revisi&oacute;n<\/strong><\/td>\n<td>14-06-2016 por MSB<\/td>\n<\/tr>\n<\/tbody>\n<\/table>\n","protected":false},"excerpt":{"rendered":"<p>El nuevo Powerbeam M tiene un dise&ntilde;o compacto todo en uno con un ancho de haz uniforme, eficiente y un procesador m&aacute;s r&aacute;pido. Este nuevo Ubiquiti Powerbeam M incorpora un sistema de sujeci&oacute;n a los 3 ejes para permitir una mayor precisi&oacute;n en los enlaces Wi-Fi de larga distancia. La antena y el aislamiento de&hellip;&nbsp;<a href=\"https:\/\/aivlisoft.net\/shop\/producto\/ubiquiti-powerbeam-m5-pbe-m5-400-iso-5ghz-25db\/\" rel=\"bookmark\"><span class=\"screen-reader-text\">Ubiquiti PowerBeam M5 PBE-M5-400-ISO 5GHz 25dB<\/span><\/a><\/p>\n","protected":false},"featured_media":19421,"template":"","meta":{"neve_meta_sidebar":"","neve_meta_container":"","neve_meta_enable_content_width":"","neve_meta_content_width":0,"neve_meta_title_alignment":"","neve_meta_author_avatar":"","neve_post_elements_order":"","neve_meta_disable_header":"","neve_meta_disable_footer":"","neve_meta_disable_title":""},"product_brand":[],"product_cat":[8770],"product_tag":[7018],"class_list":{"0":"post-19420","1":"product","2":"type-product","3":"status-publish","4":"has-post-thumbnail","6":"product_cat-puntos-de-acceso","7":"product_tag-pbe-m5-400-iso","9":"first","10":"instock","11":"taxable","12":"shipping-taxable","13":"purchasable","14":"product-type-simple"},"yoast_head":"<!-- This site is optimized with the Yoast SEO plugin v26.0 - https:\/\/yoast.com\/wordpress\/plugins\/seo\/ -->\n<title>Ubiquiti PowerBeam M5 PBE-M5-400-ISO 5GHz 25dB - Aivlisoft Inform\u00e1tica<\/title>\n<meta name=\"robots\" content=\"index, follow, max-snippet:-1, max-image-preview:large, max-video-preview:-1\" \/>\n<link rel=\"canonical\" href=\"https:\/\/aivlisoft.net\/shop\/producto\/ubiquiti-powerbeam-m5-pbe-m5-400-iso-5ghz-25db\/\" \/>\n<meta property=\"og:locale\" content=\"es_ES\" \/>\n<meta property=\"og:type\" content=\"article\" \/>\n<meta property=\"og:title\" content=\"Ubiquiti PowerBeam M5 PBE-M5-400-ISO 5GHz 25dB - Aivlisoft Inform\u00e1tica\" \/>\n<meta property=\"og:description\" content=\"El nuevo Powerbeam M tiene un dise&ntilde;o compacto todo en uno con un ancho de haz uniforme, eficiente y un procesador m&aacute;s r&aacute;pido. Este nuevo Ubiquiti Powerbeam M incorpora un sistema de sujeci&oacute;n a los 3 ejes para permitir una mayor precisi&oacute;n en los enlaces Wi-Fi de larga distancia. La antena y el aislamiento de&hellip;&nbsp;Ubiquiti PowerBeam M5 PBE-M5-400-ISO 5GHz 25dB\" \/>\n<meta property=\"og:url\" content=\"https:\/\/aivlisoft.net\/shop\/producto\/ubiquiti-powerbeam-m5-pbe-m5-400-iso-5ghz-25db\/\" \/>\n<meta property=\"og:site_name\" content=\"Aivlisoft Inform\u00e1tica\" \/>\n<meta property=\"article:modified_time\" content=\"2025-01-14T11:45:07+00:00\" \/>\n<meta property=\"og:image\" content=\"https:\/\/aivlisoft.net\/shop\/wp-content\/uploads\/2025\/01\/NSWPAC0228_800.jpg\" \/>\n\t<meta property=\"og:image:width\" content=\"800\" \/>\n\t<meta property=\"og:image:height\" content=\"800\" \/>\n\t<meta property=\"og:image:type\" content=\"image\/jpeg\" \/>\n<meta name=\"twitter:card\" content=\"summary_large_image\" \/>\n<meta name=\"twitter:label1\" content=\"Tiempo de lectura\" \/>\n\t<meta name=\"twitter:data1\" content=\"1 minuto\" \/>\n<script type=\"application\/ld+json\" class=\"yoast-schema-graph\">{\"@context\":\"https:\/\/schema.org\",\"@graph\":[{\"@type\":\"WebPage\",\"@id\":\"https:\/\/aivlisoft.net\/shop\/producto\/ubiquiti-powerbeam-m5-pbe-m5-400-iso-5ghz-25db\/\",\"url\":\"https:\/\/aivlisoft.net\/shop\/producto\/ubiquiti-powerbeam-m5-pbe-m5-400-iso-5ghz-25db\/\",\"name\":\"Ubiquiti PowerBeam M5 PBE-M5-400-ISO 5GHz 25dB - Aivlisoft Inform\u00e1tica\",\"isPartOf\":{\"@id\":\"https:\/\/aivlisoft.net\/shop\/#website\"},\"primaryImageOfPage\":{\"@id\":\"https:\/\/aivlisoft.net\/shop\/producto\/ubiquiti-powerbeam-m5-pbe-m5-400-iso-5ghz-25db\/#primaryimage\"},\"image\":{\"@id\":\"https:\/\/aivlisoft.net\/shop\/producto\/ubiquiti-powerbeam-m5-pbe-m5-400-iso-5ghz-25db\/#primaryimage\"},\"thumbnailUrl\":\"https:\/\/aivlisoft.net\/shop\/wp-content\/uploads\/2025\/01\/NSWPAC0228_800.jpg\",\"datePublished\":\"2025-01-13T15:32:27+00:00\",\"dateModified\":\"2025-01-14T11:45:07+00:00\",\"breadcrumb\":{\"@id\":\"https:\/\/aivlisoft.net\/shop\/producto\/ubiquiti-powerbeam-m5-pbe-m5-400-iso-5ghz-25db\/#breadcrumb\"},\"inLanguage\":\"es\",\"potentialAction\":[{\"@type\":\"ReadAction\",\"target\":[\"https:\/\/aivlisoft.net\/shop\/producto\/ubiquiti-powerbeam-m5-pbe-m5-400-iso-5ghz-25db\/\"]}]},{\"@type\":\"ImageObject\",\"inLanguage\":\"es\",\"@id\":\"https:\/\/aivlisoft.net\/shop\/producto\/ubiquiti-powerbeam-m5-pbe-m5-400-iso-5ghz-25db\/#primaryimage\",\"url\":\"https:\/\/aivlisoft.net\/shop\/wp-content\/uploads\/2025\/01\/NSWPAC0228_800.jpg\",\"contentUrl\":\"https:\/\/aivlisoft.net\/shop\/wp-content\/uploads\/2025\/01\/NSWPAC0228_800.jpg\",\"width\":800,\"height\":800},{\"@type\":\"BreadcrumbList\",\"@id\":\"https:\/\/aivlisoft.net\/shop\/producto\/ubiquiti-powerbeam-m5-pbe-m5-400-iso-5ghz-25db\/#breadcrumb\",\"itemListElement\":[{\"@type\":\"ListItem\",\"position\":1,\"name\":\"Portada\",\"item\":\"https:\/\/aivlisoft.net\/shop\/\"},{\"@type\":\"ListItem\",\"position\":2,\"name\":\"Tienda\",\"item\":\"https:\/\/aivlisoft.net\/shop\/tienda\/\"},{\"@type\":\"ListItem\",\"position\":3,\"name\":\"Ubiquiti PowerBeam M5 PBE-M5-400-ISO 5GHz 25dB\"}]},{\"@type\":\"WebSite\",\"@id\":\"https:\/\/aivlisoft.net\/shop\/#website\",\"url\":\"https:\/\/aivlisoft.net\/shop\/\",\"name\":\"Aivlisoft Inform\u00e1tica\",\"description\":\"En Aivlisoft Inform\u00e1tica ofrecemos soluciones tecnol\u00f3gicas para empresas: venta de ordenadores, consumibles, perif\u00e9ricos y m\u00e1s. Calidad, atenci\u00f3n personalizada y los mejores precios para tu negocio.\",\"publisher\":{\"@id\":\"https:\/\/aivlisoft.net\/shop\/#organization\"},\"potentialAction\":[{\"@type\":\"SearchAction\",\"target\":{\"@type\":\"EntryPoint\",\"urlTemplate\":\"https:\/\/aivlisoft.net\/shop\/?s={search_term_string}\"},\"query-input\":{\"@type\":\"PropertyValueSpecification\",\"valueRequired\":true,\"valueName\":\"search_term_string\"}}],\"inLanguage\":\"es\"},{\"@type\":\"Organization\",\"@id\":\"https:\/\/aivlisoft.net\/shop\/#organization\",\"name\":\"Aivlisoft Inform\u00e1tica\",\"url\":\"https:\/\/aivlisoft.net\/shop\/\",\"logo\":{\"@type\":\"ImageObject\",\"inLanguage\":\"es\",\"@id\":\"https:\/\/aivlisoft.net\/shop\/#\/schema\/logo\/image\/\",\"url\":\"https:\/\/aivlisoft.net\/shop\/wp-content\/uploads\/2024\/12\/removal.ai_5b848c54-0cdf-4140-95c5-c5536bb7573b-logodef.png\",\"contentUrl\":\"https:\/\/aivlisoft.net\/shop\/wp-content\/uploads\/2024\/12\/removal.ai_5b848c54-0cdf-4140-95c5-c5536bb7573b-logodef.png\",\"width\":484,\"height\":182,\"caption\":\"Aivlisoft Inform\u00e1tica\"},\"image\":{\"@id\":\"https:\/\/aivlisoft.net\/shop\/#\/schema\/logo\/image\/\"}}]}<\/script>\n<!-- \/ Yoast SEO plugin. -->","yoast_head_json":{"title":"Ubiquiti PowerBeam M5 PBE-M5-400-ISO 5GHz 25dB - Aivlisoft Inform\u00e1tica","robots":{"index":"index","follow":"follow","max-snippet":"max-snippet:-1","max-image-preview":"max-image-preview:large","max-video-preview":"max-video-preview:-1"},"canonical":"https:\/\/aivlisoft.net\/shop\/producto\/ubiquiti-powerbeam-m5-pbe-m5-400-iso-5ghz-25db\/","og_locale":"es_ES","og_type":"article","og_title":"Ubiquiti PowerBeam M5 PBE-M5-400-ISO 5GHz 25dB - Aivlisoft Inform\u00e1tica","og_description":"El nuevo Powerbeam M tiene un dise&ntilde;o compacto todo en uno con un ancho de haz uniforme, eficiente y un procesador m&aacute;s r&aacute;pido. Este nuevo Ubiquiti Powerbeam M incorpora un sistema de sujeci&oacute;n a los 3 ejes para permitir una mayor precisi&oacute;n en los enlaces Wi-Fi de larga distancia. La antena y el aislamiento de&hellip;&nbsp;Ubiquiti PowerBeam M5 PBE-M5-400-ISO 5GHz 25dB","og_url":"https:\/\/aivlisoft.net\/shop\/producto\/ubiquiti-powerbeam-m5-pbe-m5-400-iso-5ghz-25db\/","og_site_name":"Aivlisoft Inform\u00e1tica","article_modified_time":"2025-01-14T11:45:07+00:00","og_image":[{"width":800,"height":800,"url":"https:\/\/aivlisoft.net\/shop\/wp-content\/uploads\/2025\/01\/NSWPAC0228_800.jpg","type":"image\/jpeg"}],"twitter_card":"summary_large_image","twitter_misc":{"Tiempo de lectura":"1 minuto"},"schema":{"@context":"https:\/\/schema.org","@graph":[{"@type":"WebPage","@id":"https:\/\/aivlisoft.net\/shop\/producto\/ubiquiti-powerbeam-m5-pbe-m5-400-iso-5ghz-25db\/","url":"https:\/\/aivlisoft.net\/shop\/producto\/ubiquiti-powerbeam-m5-pbe-m5-400-iso-5ghz-25db\/","name":"Ubiquiti PowerBeam M5 PBE-M5-400-ISO 5GHz 25dB - Aivlisoft Inform\u00e1tica","isPartOf":{"@id":"https:\/\/aivlisoft.net\/shop\/#website"},"primaryImageOfPage":{"@id":"https:\/\/aivlisoft.net\/shop\/producto\/ubiquiti-powerbeam-m5-pbe-m5-400-iso-5ghz-25db\/#primaryimage"},"image":{"@id":"https:\/\/aivlisoft.net\/shop\/producto\/ubiquiti-powerbeam-m5-pbe-m5-400-iso-5ghz-25db\/#primaryimage"},"thumbnailUrl":"https:\/\/aivlisoft.net\/shop\/wp-content\/uploads\/2025\/01\/NSWPAC0228_800.jpg","datePublished":"2025-01-13T15:32:27+00:00","dateModified":"2025-01-14T11:45:07+00:00","breadcrumb":{"@id":"https:\/\/aivlisoft.net\/shop\/producto\/ubiquiti-powerbeam-m5-pbe-m5-400-iso-5ghz-25db\/#breadcrumb"},"inLanguage":"es","potentialAction":[{"@type":"ReadAction","target":["https:\/\/aivlisoft.net\/shop\/producto\/ubiquiti-powerbeam-m5-pbe-m5-400-iso-5ghz-25db\/"]}]},{"@type":"ImageObject","inLanguage":"es","@id":"https:\/\/aivlisoft.net\/shop\/producto\/ubiquiti-powerbeam-m5-pbe-m5-400-iso-5ghz-25db\/#primaryimage","url":"https:\/\/aivlisoft.net\/shop\/wp-content\/uploads\/2025\/01\/NSWPAC0228_800.jpg","contentUrl":"https:\/\/aivlisoft.net\/shop\/wp-content\/uploads\/2025\/01\/NSWPAC0228_800.jpg","width":800,"height":800},{"@type":"BreadcrumbList","@id":"https:\/\/aivlisoft.net\/shop\/producto\/ubiquiti-powerbeam-m5-pbe-m5-400-iso-5ghz-25db\/#breadcrumb","itemListElement":[{"@type":"ListItem","position":1,"name":"Portada","item":"https:\/\/aivlisoft.net\/shop\/"},{"@type":"ListItem","position":2,"name":"Tienda","item":"https:\/\/aivlisoft.net\/shop\/tienda\/"},{"@type":"ListItem","position":3,"name":"Ubiquiti PowerBeam M5 PBE-M5-400-ISO 5GHz 25dB"}]},{"@type":"WebSite","@id":"https:\/\/aivlisoft.net\/shop\/#website","url":"https:\/\/aivlisoft.net\/shop\/","name":"Aivlisoft Inform\u00e1tica","description":"En Aivlisoft Inform\u00e1tica ofrecemos soluciones tecnol\u00f3gicas para empresas: venta de ordenadores, consumibles, perif\u00e9ricos y m\u00e1s. Calidad, atenci\u00f3n personalizada y los mejores precios para tu negocio.","publisher":{"@id":"https:\/\/aivlisoft.net\/shop\/#organization"},"potentialAction":[{"@type":"SearchAction","target":{"@type":"EntryPoint","urlTemplate":"https:\/\/aivlisoft.net\/shop\/?s={search_term_string}"},"query-input":{"@type":"PropertyValueSpecification","valueRequired":true,"valueName":"search_term_string"}}],"inLanguage":"es"},{"@type":"Organization","@id":"https:\/\/aivlisoft.net\/shop\/#organization","name":"Aivlisoft Inform\u00e1tica","url":"https:\/\/aivlisoft.net\/shop\/","logo":{"@type":"ImageObject","inLanguage":"es","@id":"https:\/\/aivlisoft.net\/shop\/#\/schema\/logo\/image\/","url":"https:\/\/aivlisoft.net\/shop\/wp-content\/uploads\/2024\/12\/removal.ai_5b848c54-0cdf-4140-95c5-c5536bb7573b-logodef.png","contentUrl":"https:\/\/aivlisoft.net\/shop\/wp-content\/uploads\/2024\/12\/removal.ai_5b848c54-0cdf-4140-95c5-c5536bb7573b-logodef.png","width":484,"height":182,"caption":"Aivlisoft Inform\u00e1tica"},"image":{"@id":"https:\/\/aivlisoft.net\/shop\/#\/schema\/logo\/image\/"}}]}},"_links":{"self":[{"href":"https:\/\/aivlisoft.net\/shop\/wp-json\/wp\/v2\/product\/19420","targetHints":{"allow":["GET"]}}],"collection":[{"href":"https:\/\/aivlisoft.net\/shop\/wp-json\/wp\/v2\/product"}],"about":[{"href":"https:\/\/aivlisoft.net\/shop\/wp-json\/wp\/v2\/types\/product"}],"wp:featuredmedia":[{"embeddable":true,"href":"https:\/\/aivlisoft.net\/shop\/wp-json\/wp\/v2\/media\/19421"}],"wp:attachment":[{"href":"https:\/\/aivlisoft.net\/shop\/wp-json\/wp\/v2\/media?parent=19420"}],"wp:term":[{"taxonomy":"product_brand","embeddable":true,"href":"https:\/\/aivlisoft.net\/shop\/wp-json\/wp\/v2\/product_brand?post=19420"},{"taxonomy":"product_cat","embeddable":true,"href":"https:\/\/aivlisoft.net\/shop\/wp-json\/wp\/v2\/product_cat?post=19420"},{"taxonomy":"product_tag","embeddable":true,"href":"https:\/\/aivlisoft.net\/shop\/wp-json\/wp\/v2\/product_tag?post=19420"}],"curies":[{"name":"wp","href":"https:\/\/api.w.org\/{rel}","templated":true}]}}