{"id":19396,"date":"2025-01-13T15:32:13","date_gmt":"2025-01-13T15:32:13","guid":{"rendered":"https:\/\/aivlisoft.com\/?post_type=product&#038;p=19396"},"modified":"2025-01-14T11:45:01","modified_gmt":"2025-01-14T11:45:01","slug":"ubiquiti-airfiber-5-af5-mid-band-5ghz-1-2-gbps","status":"publish","type":"product","link":"https:\/\/aivlisoft.net\/shop\/producto\/ubiquiti-airfiber-5-af5-mid-band-5ghz-1-2-gbps\/","title":{"rendered":"Ubiquiti AirFiber 5 AF5 Mid-Band 5GHz 1.2+ Gbps"},"content":{"rendered":"<div>\n<div><strong>Procesamiento Superior<\/strong><br \/>Ubiquiti Networks presenta nuestro motor de procesamiento propietario INVICTUS &trade; como n&uacute;cleo de comunicaciones. La velocidad, la potencia y la eficiencia de este circuito integrado mejora el rendimiento de AirFiber AF5\/AF5U.<\/div>\n<div><strong>Uso Eficiente de la banda de 5 GHz<\/strong><br \/>AirFiber AF5\/AF5U dispone de una resolcui&oacute;n central de 1 MHz para la resoluci&oacute;n canales con tecnolog&iacute;a l&iacute;der Power Envelope Tracking. AirFiber AF5\/AF5U controla con exactitud y continuamente la potencia de transmisi&oacute;n en relaci&oacute;n con l&iacute;mite de la banda . El nivel de potencia se ajusta autom&aacute;ticamente para optimizar el rendimiento cerca de los l&iacute;mite de la banda, que le permite elegir la parte de la banda con la menor interferencia.<\/div>\n<div><strong>Enlaces de largo alcance<\/strong><br \/>El reci&eacute;n desarrollado AirFiber AF5\/AF5U, gracias al XRT utiliza un esquema de multi-canal innovador y adaptable de codificaci&oacute;n para mejorar el rendimiento del transceptor de radio, lo que maximiza el presupuesto del enlace y la utilizaci&oacute;n del espectro &#8211; mientras que mantiene el cumplimiento reglamentario. Esto da lugar a v&iacute;nculos que pueden abarcar distancias de 10 m hasta 100 + km.<\/div>\n<div><strong>Instalaci&oacute;n r&aacute;pida y f&aacute;cil<\/strong><br \/>El dise&ntilde;o deslizante de abrazadera &uacute;nica de AirFiber AF5\/AF5U permite un hardware de montaje pre-ensamblado antes de la instalaci&oacute;n &#8211; no m&aacute;s ca&iacute;das de tornillos desde la parte superior de una torre. Para mayor comodidad, el soporte tiene un dise&ntilde;o permite que el instalador monte el equipo al poste sin tener que soportar el peso de la radio AirFiber durante la instalaci&oacute;n<\/div>\n<\/div>\n<p><\/p>\n<table class=\"tabla_caracteristicas\" width=\"100%\">\n<tbody>\n<tr>\n<td><strong>Marca<\/strong><\/td>\n<td>Ubiquiti<\/td>\n<\/tr>\n<tr>\n<td><strong>Modelo<\/strong><\/td>\n<td><strong>AF-5 EU<\/strong><\/td>\n<\/tr>\n<tr>\n<td valign=\"top\"><strong>Interfaces<\/strong><\/td>\n<td>\n<div>&#8211; Puerto de datos : 1 x Puerto Ethernet 10\/100\/1000<br \/>\t\t\t&#8211; Puerto de configuraci&oacute;n : 1 x 10\/100 Puerto Ethernet<\/div>\n<div>&#8211; Puerto auxiliar: 1x RJ -12, puerto de alineaci&oacute;n Tone<\/div>\n<\/td>\n<\/tr>\n<tr>\n<td valign=\"top\"><strong>Especificaciones<\/strong><\/td>\n<td>&#8211; Frecuencia de operaci&oacute;n: 5,470 a 5,6 , 5,650-5,850 GHz<br \/>\t\t\t&#8211; Dimensiones: 938,4 x 468,4 x 281,4 mm<br \/>\t\t\t&#8211; Peso: 16 kg ( montaje incluido)<br \/>\t\t\t&#8211; Max . Consumo de energ&iacute;a: 40W<br \/>\t\t\t&#8211; Fuente de alimentaci&oacute;n: 50V, 1.2A Adaptador GigE PoE ( incluido)<br \/>\t\t\t&#8211; M&eacute;todo de alimentaci&oacute;n: Passive Power over Ethernet (42- 58V )<br \/>\t\t\t&#8211; Kit de montaje en poste ( incluido)<br \/>\t\t\t&#8211; Temperatura de funcionamiento: -40 a 55 &deg; C (-40 a 131 &deg; F)<\/td>\n<\/tr>\n<tr>\n<td valign=\"top\"><strong>Otras caracter&iacute;sticas<\/strong><\/td>\n<td>\n<div>&#8211; Caudal m&aacute;ximo: 1,0 + Gbps<br \/>\t\t\t&#8211; Alcance m&aacute;ximo: 100 + km<\/div>\n<div>&nbsp; (dependiendo de la regi&oacute;n reguladora )<br \/>\t\t\t&#8211; Paquetes por Segundo: M&aacute;s de 1 Mill&oacute;n<br \/>\t\t\t&#8211; Cifrado: AES de 128 bits<br \/>\t\t\t&#8211; FEC: 164\/205<br \/>\t\t\t&#8211; Relaci&oacute;n de enlace ascendente \/ descendente: 50 % fijo<br \/>\t\t\t&#8211; Sincronizaci&oacute;n de cuadros Radio: GPS<br \/>\t\t\t&#8211; Ancho de banda del canal: 50 MHz<br \/>\t\t\t&#8211; TX \/ RX Ganancia: 23 dBi<br \/>\t\t\t&#8211; Ancho de haz: 6 &deg;<br \/>\t\t\t&#8211; Polaridad: Dual Slant Polarizaci&oacute;n<\/div>\n<\/td>\n<\/tr>\n<tr>\n<td valign=\"top\"><strong>Folleto t&eacute;cnico<\/strong><\/td>\n<td><a href=\"https:\/\/dl.ubnt.com\/datasheets\/airfiber\/airFiber_DS.pdf\" target=\"_blank\">https:\/\/dl.ubnt.com\/datasheets\/airfiber\/airFiber_DS.pdf<\/a><\/td>\n<\/tr>\n<tr>\n<td><strong>Fecha Revisi&oacute;n<\/strong><\/td>\n<td>07-03-2016 por MSB<\/td>\n<\/tr>\n<\/tbody>\n<\/table>\n","protected":false},"excerpt":{"rendered":"<p>Procesamiento SuperiorUbiquiti Networks presenta nuestro motor de procesamiento propietario INVICTUS &trade; como n&uacute;cleo de comunicaciones. La velocidad, la potencia y la eficiencia de este circuito integrado mejora el rendimiento de AirFiber AF5\/AF5U. Uso Eficiente de la banda de 5 GHzAirFiber AF5\/AF5U dispone de una resolcui&oacute;n central de 1 MHz para la resoluci&oacute;n canales con tecnolog&iacute;a&hellip;&nbsp;<a href=\"https:\/\/aivlisoft.net\/shop\/producto\/ubiquiti-airfiber-5-af5-mid-band-5ghz-1-2-gbps\/\" rel=\"bookmark\"><span class=\"screen-reader-text\">Ubiquiti AirFiber 5 AF5 Mid-Band 5GHz 1.2+ Gbps<\/span><\/a><\/p>\n","protected":false},"featured_media":19397,"template":"","meta":{"neve_meta_sidebar":"","neve_meta_container":"","neve_meta_enable_content_width":"","neve_meta_content_width":0,"neve_meta_title_alignment":"","neve_meta_author_avatar":"","neve_post_elements_order":"","neve_meta_disable_header":"","neve_meta_disable_footer":"","neve_meta_disable_title":""},"product_brand":[],"product_cat":[8770],"product_tag":[7011],"class_list":{"0":"post-19396","1":"product","2":"type-product","3":"status-publish","4":"has-post-thumbnail","6":"product_cat-puntos-de-acceso","7":"product_tag-af-5","9":"first","10":"instock","11":"taxable","12":"shipping-taxable","13":"purchasable","14":"product-type-simple"},"yoast_head":"<!-- This site is optimized with the Yoast SEO plugin v26.0 - https:\/\/yoast.com\/wordpress\/plugins\/seo\/ -->\n<title>Ubiquiti AirFiber 5 AF5 Mid-Band 5GHz 1.2+ Gbps - Aivlisoft Inform\u00e1tica<\/title>\n<meta name=\"robots\" content=\"index, follow, max-snippet:-1, max-image-preview:large, max-video-preview:-1\" \/>\n<link rel=\"canonical\" href=\"https:\/\/aivlisoft.net\/shop\/producto\/ubiquiti-airfiber-5-af5-mid-band-5ghz-1-2-gbps\/\" \/>\n<meta property=\"og:locale\" content=\"es_ES\" \/>\n<meta property=\"og:type\" content=\"article\" \/>\n<meta property=\"og:title\" content=\"Ubiquiti AirFiber 5 AF5 Mid-Band 5GHz 1.2+ Gbps - Aivlisoft Inform\u00e1tica\" \/>\n<meta property=\"og:description\" content=\"Procesamiento SuperiorUbiquiti Networks presenta nuestro motor de procesamiento propietario INVICTUS &trade; como n&uacute;cleo de comunicaciones. La velocidad, la potencia y la eficiencia de este circuito integrado mejora el rendimiento de AirFiber AF5\/AF5U. Uso Eficiente de la banda de 5 GHzAirFiber AF5\/AF5U dispone de una resolcui&oacute;n central de 1 MHz para la resoluci&oacute;n canales con tecnolog&iacute;a&hellip;&nbsp;Ubiquiti AirFiber 5 AF5 Mid-Band 5GHz 1.2+ Gbps\" \/>\n<meta property=\"og:url\" content=\"https:\/\/aivlisoft.net\/shop\/producto\/ubiquiti-airfiber-5-af5-mid-band-5ghz-1-2-gbps\/\" \/>\n<meta property=\"og:site_name\" content=\"Aivlisoft Inform\u00e1tica\" \/>\n<meta property=\"article:modified_time\" content=\"2025-01-14T11:45:01+00:00\" \/>\n<meta property=\"og:image\" content=\"https:\/\/aivlisoft.net\/shop\/wp-content\/uploads\/2025\/01\/NSWPAC0196_800.jpg\" \/>\n\t<meta property=\"og:image:width\" content=\"800\" \/>\n\t<meta property=\"og:image:height\" content=\"800\" \/>\n\t<meta property=\"og:image:type\" content=\"image\/jpeg\" \/>\n<meta name=\"twitter:card\" content=\"summary_large_image\" \/>\n<meta name=\"twitter:label1\" content=\"Tiempo de lectura\" \/>\n\t<meta name=\"twitter:data1\" content=\"3 minutos\" \/>\n<script type=\"application\/ld+json\" class=\"yoast-schema-graph\">{\"@context\":\"https:\/\/schema.org\",\"@graph\":[{\"@type\":\"WebPage\",\"@id\":\"https:\/\/aivlisoft.net\/shop\/producto\/ubiquiti-airfiber-5-af5-mid-band-5ghz-1-2-gbps\/\",\"url\":\"https:\/\/aivlisoft.net\/shop\/producto\/ubiquiti-airfiber-5-af5-mid-band-5ghz-1-2-gbps\/\",\"name\":\"Ubiquiti AirFiber 5 AF5 Mid-Band 5GHz 1.2+ Gbps - Aivlisoft Inform\u00e1tica\",\"isPartOf\":{\"@id\":\"https:\/\/aivlisoft.net\/shop\/#website\"},\"primaryImageOfPage\":{\"@id\":\"https:\/\/aivlisoft.net\/shop\/producto\/ubiquiti-airfiber-5-af5-mid-band-5ghz-1-2-gbps\/#primaryimage\"},\"image\":{\"@id\":\"https:\/\/aivlisoft.net\/shop\/producto\/ubiquiti-airfiber-5-af5-mid-band-5ghz-1-2-gbps\/#primaryimage\"},\"thumbnailUrl\":\"https:\/\/aivlisoft.net\/shop\/wp-content\/uploads\/2025\/01\/NSWPAC0196_800.jpg\",\"datePublished\":\"2025-01-13T15:32:13+00:00\",\"dateModified\":\"2025-01-14T11:45:01+00:00\",\"breadcrumb\":{\"@id\":\"https:\/\/aivlisoft.net\/shop\/producto\/ubiquiti-airfiber-5-af5-mid-band-5ghz-1-2-gbps\/#breadcrumb\"},\"inLanguage\":\"es\",\"potentialAction\":[{\"@type\":\"ReadAction\",\"target\":[\"https:\/\/aivlisoft.net\/shop\/producto\/ubiquiti-airfiber-5-af5-mid-band-5ghz-1-2-gbps\/\"]}]},{\"@type\":\"ImageObject\",\"inLanguage\":\"es\",\"@id\":\"https:\/\/aivlisoft.net\/shop\/producto\/ubiquiti-airfiber-5-af5-mid-band-5ghz-1-2-gbps\/#primaryimage\",\"url\":\"https:\/\/aivlisoft.net\/shop\/wp-content\/uploads\/2025\/01\/NSWPAC0196_800.jpg\",\"contentUrl\":\"https:\/\/aivlisoft.net\/shop\/wp-content\/uploads\/2025\/01\/NSWPAC0196_800.jpg\",\"width\":800,\"height\":800},{\"@type\":\"BreadcrumbList\",\"@id\":\"https:\/\/aivlisoft.net\/shop\/producto\/ubiquiti-airfiber-5-af5-mid-band-5ghz-1-2-gbps\/#breadcrumb\",\"itemListElement\":[{\"@type\":\"ListItem\",\"position\":1,\"name\":\"Portada\",\"item\":\"https:\/\/aivlisoft.net\/shop\/\"},{\"@type\":\"ListItem\",\"position\":2,\"name\":\"Tienda\",\"item\":\"https:\/\/aivlisoft.net\/shop\/tienda\/\"},{\"@type\":\"ListItem\",\"position\":3,\"name\":\"Ubiquiti AirFiber 5 AF5 Mid-Band 5GHz 1.2+ Gbps\"}]},{\"@type\":\"WebSite\",\"@id\":\"https:\/\/aivlisoft.net\/shop\/#website\",\"url\":\"https:\/\/aivlisoft.net\/shop\/\",\"name\":\"Aivlisoft Inform\u00e1tica\",\"description\":\"En Aivlisoft Inform\u00e1tica ofrecemos soluciones tecnol\u00f3gicas para empresas: venta de ordenadores, consumibles, perif\u00e9ricos y m\u00e1s. Calidad, atenci\u00f3n personalizada y los mejores precios para tu negocio.\",\"publisher\":{\"@id\":\"https:\/\/aivlisoft.net\/shop\/#organization\"},\"potentialAction\":[{\"@type\":\"SearchAction\",\"target\":{\"@type\":\"EntryPoint\",\"urlTemplate\":\"https:\/\/aivlisoft.net\/shop\/?s={search_term_string}\"},\"query-input\":{\"@type\":\"PropertyValueSpecification\",\"valueRequired\":true,\"valueName\":\"search_term_string\"}}],\"inLanguage\":\"es\"},{\"@type\":\"Organization\",\"@id\":\"https:\/\/aivlisoft.net\/shop\/#organization\",\"name\":\"Aivlisoft Inform\u00e1tica\",\"url\":\"https:\/\/aivlisoft.net\/shop\/\",\"logo\":{\"@type\":\"ImageObject\",\"inLanguage\":\"es\",\"@id\":\"https:\/\/aivlisoft.net\/shop\/#\/schema\/logo\/image\/\",\"url\":\"https:\/\/aivlisoft.net\/shop\/wp-content\/uploads\/2024\/12\/removal.ai_5b848c54-0cdf-4140-95c5-c5536bb7573b-logodef.png\",\"contentUrl\":\"https:\/\/aivlisoft.net\/shop\/wp-content\/uploads\/2024\/12\/removal.ai_5b848c54-0cdf-4140-95c5-c5536bb7573b-logodef.png\",\"width\":484,\"height\":182,\"caption\":\"Aivlisoft Inform\u00e1tica\"},\"image\":{\"@id\":\"https:\/\/aivlisoft.net\/shop\/#\/schema\/logo\/image\/\"}}]}<\/script>\n<!-- \/ Yoast SEO plugin. -->","yoast_head_json":{"title":"Ubiquiti AirFiber 5 AF5 Mid-Band 5GHz 1.2+ Gbps - Aivlisoft Inform\u00e1tica","robots":{"index":"index","follow":"follow","max-snippet":"max-snippet:-1","max-image-preview":"max-image-preview:large","max-video-preview":"max-video-preview:-1"},"canonical":"https:\/\/aivlisoft.net\/shop\/producto\/ubiquiti-airfiber-5-af5-mid-band-5ghz-1-2-gbps\/","og_locale":"es_ES","og_type":"article","og_title":"Ubiquiti AirFiber 5 AF5 Mid-Band 5GHz 1.2+ Gbps - Aivlisoft Inform\u00e1tica","og_description":"Procesamiento SuperiorUbiquiti Networks presenta nuestro motor de procesamiento propietario INVICTUS &trade; como n&uacute;cleo de comunicaciones. La velocidad, la potencia y la eficiencia de este circuito integrado mejora el rendimiento de AirFiber AF5\/AF5U. Uso Eficiente de la banda de 5 GHzAirFiber AF5\/AF5U dispone de una resolcui&oacute;n central de 1 MHz para la resoluci&oacute;n canales con tecnolog&iacute;a&hellip;&nbsp;Ubiquiti AirFiber 5 AF5 Mid-Band 5GHz 1.2+ Gbps","og_url":"https:\/\/aivlisoft.net\/shop\/producto\/ubiquiti-airfiber-5-af5-mid-band-5ghz-1-2-gbps\/","og_site_name":"Aivlisoft Inform\u00e1tica","article_modified_time":"2025-01-14T11:45:01+00:00","og_image":[{"width":800,"height":800,"url":"https:\/\/aivlisoft.net\/shop\/wp-content\/uploads\/2025\/01\/NSWPAC0196_800.jpg","type":"image\/jpeg"}],"twitter_card":"summary_large_image","twitter_misc":{"Tiempo de lectura":"3 minutos"},"schema":{"@context":"https:\/\/schema.org","@graph":[{"@type":"WebPage","@id":"https:\/\/aivlisoft.net\/shop\/producto\/ubiquiti-airfiber-5-af5-mid-band-5ghz-1-2-gbps\/","url":"https:\/\/aivlisoft.net\/shop\/producto\/ubiquiti-airfiber-5-af5-mid-band-5ghz-1-2-gbps\/","name":"Ubiquiti AirFiber 5 AF5 Mid-Band 5GHz 1.2+ Gbps - Aivlisoft Inform\u00e1tica","isPartOf":{"@id":"https:\/\/aivlisoft.net\/shop\/#website"},"primaryImageOfPage":{"@id":"https:\/\/aivlisoft.net\/shop\/producto\/ubiquiti-airfiber-5-af5-mid-band-5ghz-1-2-gbps\/#primaryimage"},"image":{"@id":"https:\/\/aivlisoft.net\/shop\/producto\/ubiquiti-airfiber-5-af5-mid-band-5ghz-1-2-gbps\/#primaryimage"},"thumbnailUrl":"https:\/\/aivlisoft.net\/shop\/wp-content\/uploads\/2025\/01\/NSWPAC0196_800.jpg","datePublished":"2025-01-13T15:32:13+00:00","dateModified":"2025-01-14T11:45:01+00:00","breadcrumb":{"@id":"https:\/\/aivlisoft.net\/shop\/producto\/ubiquiti-airfiber-5-af5-mid-band-5ghz-1-2-gbps\/#breadcrumb"},"inLanguage":"es","potentialAction":[{"@type":"ReadAction","target":["https:\/\/aivlisoft.net\/shop\/producto\/ubiquiti-airfiber-5-af5-mid-band-5ghz-1-2-gbps\/"]}]},{"@type":"ImageObject","inLanguage":"es","@id":"https:\/\/aivlisoft.net\/shop\/producto\/ubiquiti-airfiber-5-af5-mid-band-5ghz-1-2-gbps\/#primaryimage","url":"https:\/\/aivlisoft.net\/shop\/wp-content\/uploads\/2025\/01\/NSWPAC0196_800.jpg","contentUrl":"https:\/\/aivlisoft.net\/shop\/wp-content\/uploads\/2025\/01\/NSWPAC0196_800.jpg","width":800,"height":800},{"@type":"BreadcrumbList","@id":"https:\/\/aivlisoft.net\/shop\/producto\/ubiquiti-airfiber-5-af5-mid-band-5ghz-1-2-gbps\/#breadcrumb","itemListElement":[{"@type":"ListItem","position":1,"name":"Portada","item":"https:\/\/aivlisoft.net\/shop\/"},{"@type":"ListItem","position":2,"name":"Tienda","item":"https:\/\/aivlisoft.net\/shop\/tienda\/"},{"@type":"ListItem","position":3,"name":"Ubiquiti AirFiber 5 AF5 Mid-Band 5GHz 1.2+ Gbps"}]},{"@type":"WebSite","@id":"https:\/\/aivlisoft.net\/shop\/#website","url":"https:\/\/aivlisoft.net\/shop\/","name":"Aivlisoft Inform\u00e1tica","description":"En Aivlisoft Inform\u00e1tica ofrecemos soluciones tecnol\u00f3gicas para empresas: venta de ordenadores, consumibles, perif\u00e9ricos y m\u00e1s. Calidad, atenci\u00f3n personalizada y los mejores precios para tu negocio.","publisher":{"@id":"https:\/\/aivlisoft.net\/shop\/#organization"},"potentialAction":[{"@type":"SearchAction","target":{"@type":"EntryPoint","urlTemplate":"https:\/\/aivlisoft.net\/shop\/?s={search_term_string}"},"query-input":{"@type":"PropertyValueSpecification","valueRequired":true,"valueName":"search_term_string"}}],"inLanguage":"es"},{"@type":"Organization","@id":"https:\/\/aivlisoft.net\/shop\/#organization","name":"Aivlisoft Inform\u00e1tica","url":"https:\/\/aivlisoft.net\/shop\/","logo":{"@type":"ImageObject","inLanguage":"es","@id":"https:\/\/aivlisoft.net\/shop\/#\/schema\/logo\/image\/","url":"https:\/\/aivlisoft.net\/shop\/wp-content\/uploads\/2024\/12\/removal.ai_5b848c54-0cdf-4140-95c5-c5536bb7573b-logodef.png","contentUrl":"https:\/\/aivlisoft.net\/shop\/wp-content\/uploads\/2024\/12\/removal.ai_5b848c54-0cdf-4140-95c5-c5536bb7573b-logodef.png","width":484,"height":182,"caption":"Aivlisoft Inform\u00e1tica"},"image":{"@id":"https:\/\/aivlisoft.net\/shop\/#\/schema\/logo\/image\/"}}]}},"_links":{"self":[{"href":"https:\/\/aivlisoft.net\/shop\/wp-json\/wp\/v2\/product\/19396","targetHints":{"allow":["GET"]}}],"collection":[{"href":"https:\/\/aivlisoft.net\/shop\/wp-json\/wp\/v2\/product"}],"about":[{"href":"https:\/\/aivlisoft.net\/shop\/wp-json\/wp\/v2\/types\/product"}],"wp:featuredmedia":[{"embeddable":true,"href":"https:\/\/aivlisoft.net\/shop\/wp-json\/wp\/v2\/media\/19397"}],"wp:attachment":[{"href":"https:\/\/aivlisoft.net\/shop\/wp-json\/wp\/v2\/media?parent=19396"}],"wp:term":[{"taxonomy":"product_brand","embeddable":true,"href":"https:\/\/aivlisoft.net\/shop\/wp-json\/wp\/v2\/product_brand?post=19396"},{"taxonomy":"product_cat","embeddable":true,"href":"https:\/\/aivlisoft.net\/shop\/wp-json\/wp\/v2\/product_cat?post=19396"},{"taxonomy":"product_tag","embeddable":true,"href":"https:\/\/aivlisoft.net\/shop\/wp-json\/wp\/v2\/product_tag?post=19396"}],"curies":[{"name":"wp","href":"https:\/\/api.w.org\/{rel}","templated":true}]}}