{"id":19385,"date":"2025-01-13T15:32:00","date_gmt":"2025-01-13T15:32:00","guid":{"rendered":"https:\/\/aivlisoft.com\/?post_type=product&#038;p=19385"},"modified":"2025-01-14T11:44:50","modified_gmt":"2025-01-14T11:44:50","slug":"ubiquiti-airfiber-24-af-24-24ghz-1-4-gbps","status":"publish","type":"product","link":"https:\/\/aivlisoft.net\/shop\/producto\/ubiquiti-airfiber-24-af-24-24ghz-1-4-gbps\/","title":{"rendered":"Ubiquiti AirFiber 24 AF-24 24GHz 1.4+ Gbps"},"content":{"rendered":"<div style=\"text-align: justify;\">\n<p>24 GHz Punto-a-Punto Radio Gigabit<\/p>\n<p>AirFiber marca el comienzo de una nueva era en la tecnolog&iacute;a punto a punto Carrier Class a precios rompedores. Fabricada en un cuerpo compacto, eficiente, AirFiber ofrece un increible rendimiento inal&aacute;mbrico de hasta 1.4 Gbps. Lo suficientemente robusta como para funcionar en los entornos m&aacute;s duros de ruido de RF, la AirFiber&nbsp;<sup>&reg;<\/sup>&nbsp;24 ofrece un rendimiento superior y m&aacute;s de 13 km. de alcance.<\/p>\n<p>El AirFiber&nbsp;<sup>&reg;<\/sup>&nbsp;24 es compatible con FDD (Frequency Division Duplexing) en modo full-duplex para &lt;&nbsp;1 ms de latencia.<\/p>\n<p>El AirFiber&nbsp;<sup>&reg;<\/sup>&nbsp;24 opera en todo el mundo con 24 frecuencias GHz sin licencia.&nbsp;Los usuarios pueden desplegar airFiber24 casi en cualquier lugar que se elija (sujeto a las regulaciones locales del pa&iacute;s).&nbsp;<\/p>\n<p>&nbsp;<\/p>\n<div>Dise&ntilde;o Eficiente<\/div>\n<div>Cada detalle de airFiber ha sido dise&ntilde;ado y desarrollado por el equipo de I+D de Ubiquiti. Desde el chip de silicio hasta la innovadora arquitectura de antena dividida, el equipo de I+D de Ubiquiti ha creado airFiber para ofrecer un rendimiento superior con eficiencia. airFiber sirve para crear un entorno de red de alto rendimiento.<\/div>\n<div>&nbsp;<\/div>\n<div>Despliegue Plug and Play<\/div>\n<div>Basado en el innovador e intuitivo interfaz de configuraci&oacute;n de Ubiquiti AirOS &trade;, permite la configuraci&oacute;n r&aacute;pida y el despliegue de AirFiber. Est&aacute; dese&ntilde;ado de forma que permite la f&aacute;cil instalaci&oacute;n por una sola persona. Un equipo de dos personas pueden instalar y alinear un enlace airFiber.<\/div>\n<div>&nbsp;<\/div>\n<div>Dise&ntilde;o Avanzado<\/div>\n<div>AirFiber utiliza tecnolog&iacute;a pendiente de patente para pr&aacute;cticamente elimina la latencia de transmisi&oacute;n de paquetes. Los est&aacute;ndares inal&aacute;mbricos convencionales imponen un tiempo de latencia al tener que recibir un paquete antes de que el siguiente paquete se transmita. airFiber puede transmitir datos de forma s&iacute;ncrona sin ning&uacute;n tiempo de espera.<\/div>\n<div>&nbsp;<\/div>\n<div>Construido para la velocidad<\/div>\n<div>airFiber ofrece m&aacute;s de 1,4 Gbps de rendimiento total. Para poner esto en perspectiva, airFiber puede transmitir un archivo de 100 MB en menos de un segundo. Compitiendo con los proveedores comunes de banda ancha, la velocidad airFiber descarga es hasta 100 veces m&aacute;s r&aacute;pido. Con la velocidad y el rendimiento superando los troncales convencionales cableados, airFiber prevalece sobre las infraestructuras cableadas costosas que requieren mucho trabajo.<\/div>\n<\/div>\n<p><\/p>\n<table class=\"tabla_caracteristicas\" width=\"100%\">\n<tbody>\n<tr>\n<td valign=\"top\"><strong>Marca<\/strong><\/td>\n<td>Ubiquiti<\/td>\n<\/tr>\n<tr>\n<td valign=\"top\"><strong>Modelo<\/strong><\/td>\n<td>\n<div><strong>AF-24 (AIRFIBER 24)<\/strong><\/div>\n<\/td>\n<\/tr>\n<tr>\n<td valign=\"top\"><strong>Interfaces<\/strong><\/td>\n<td>\n<div>&#8211; Puerto de datos:<\/div>\n<div><strong>&nbsp; 1x puerto 10\/100\/1000 Ethernet<\/strong><\/div>\n<div>&#8211; Puerto de configuraci&oacute;n:<\/div>\n<div>&nbsp; 1x puerto 10\/100 Ethernet<\/div>\n<div>&#8211; Puerto auxiliar:<\/div>\n<div>&nbsp; 1x RJ-12 Alignment Tone Port<\/div>\n<\/td>\n<\/tr>\n<tr>\n<td valign=\"top\"><strong>Otras caracter&iacute;sticas<\/strong><\/td>\n<td>\n<div><strong>&#8211; Frecuencia de operaci&oacute;n:<\/strong><\/div>\n<div><strong>&nbsp; 24.05 &#8211; 24.25 GHz<\/strong><\/div>\n<div><strong>&#8211; Apertura: 6&ordm;<\/strong><\/div>\n<div>&#8211; Carga de viento:<\/div>\n<div>&nbsp; 480 N @ 200 km\/h (108 lbf @ 125 mph)<\/div>\n<div>&#8211; Resistencia al viento:<\/div>\n<div>&nbsp; 200 km\/h (125 mph)<\/div>\n<div><strong>&#8211; Sistema:<\/strong><\/div>\n<div>&nbsp; <strong>M&aacute;ximo ancho de banda: 1,4+ Gbps<\/strong><\/div>\n<div><strong>&nbsp; Rango m&aacute;ximo: 13+ km<\/strong><\/div>\n<div>&nbsp;<strong> Paquetes por segundo: &gt; 1 mill&oacute;n<\/strong><\/div>\n<div>&nbsp; Encriptaci&oacute;n: 128-bit AES<\/div>\n<div>&nbsp; Ratio Uplink\/Downlink: fijo 50%<\/div>\n<div><strong>&#8211; Sincronizaci&oacute;n de reloj GPS<\/strong><\/div>\n<div><strong>&#8211; Antena integrada:<\/strong><\/div>\n<div><strong>&nbsp; Ganancia TX: 33 dBi<\/strong><\/div>\n<div><strong>&nbsp; Ganancia RX: 38 dBi<\/strong><\/div>\n<div><strong>&nbsp; Longitud del rayo: &lt; 3,5&ordm;<\/strong><\/div>\n<div>&nbsp; <strong>Polaridad: doble polaridad<\/strong><\/div>\n<div>&#8211; Consumo:<\/div>\n<div>&nbsp; Consumo m&aacute;ximo: 50 W<\/div>\n<div>&nbsp; Adaptador de corriente: 50V, 1,2 A PoE GigE (incluido)<\/div>\n<div>&#8211; F&iacute;sico<\/div>\n<div>&nbsp; Montaje: kit de montaje en poste incluido<\/div>\n<div>&nbsp; Temperatura de opreaci&oacute;n: de -40 hasta 55&ordm;C<\/div>\n<div>&nbsp; Dimensiones: 649 x 426 x 303 mm<\/div>\n<div>&nbsp; Peso: 10,5 kg<\/div>\n<\/td>\n<\/tr>\n<tr>\n<td valign=\"top\">Folleto t&eacute;cnico<\/td>\n<td><a href=\"https:\/\/dl.ubnt.com\/datasheets\/airfiber\/airFiber_DS.pdf\">https:\/\/dl.ubnt.com\/datasheets\/airfiber\/airFiber_DS.pdf<\/a><\/td>\n<\/tr>\n<tr>\n<td valign=\"top\">Gu&iacute;a r&aacute;pida de instalaci&oacute;n<\/td>\n<td><a href=\"https:\/\/dl.ubnt.com\/guides\/airfiber\/airFiber_AF24_QSG.pdf\">https:\/\/dl.ubnt.com\/guides\/airfiber\/airFiber_AF24_QSG.pdf<\/a><\/td>\n<\/tr>\n<tr>\n<td valign=\"top\"><strong>Fecha de revisi&oacute;n<\/strong><\/td>\n<td>09-12-2015 por DLS<\/td>\n<\/tr>\n<\/tbody>\n<\/table>\n","protected":false},"excerpt":{"rendered":"<p>24 GHz Punto-a-Punto Radio Gigabit AirFiber marca el comienzo de una nueva era en la tecnolog&iacute;a punto a punto Carrier Class a precios rompedores. Fabricada en un cuerpo compacto, eficiente, AirFiber ofrece un increible rendimiento inal&aacute;mbrico de hasta 1.4 Gbps. Lo suficientemente robusta como para funcionar en los entornos m&aacute;s duros de ruido de RF,&hellip;&nbsp;<a href=\"https:\/\/aivlisoft.net\/shop\/producto\/ubiquiti-airfiber-24-af-24-24ghz-1-4-gbps\/\" rel=\"bookmark\"><span class=\"screen-reader-text\">Ubiquiti AirFiber 24 AF-24 24GHz 1.4+ Gbps<\/span><\/a><\/p>\n","protected":false},"featured_media":19386,"template":"","meta":{"neve_meta_sidebar":"","neve_meta_container":"","neve_meta_enable_content_width":"","neve_meta_content_width":0,"neve_meta_title_alignment":"","neve_meta_author_avatar":"","neve_post_elements_order":"","neve_meta_disable_header":"","neve_meta_disable_footer":"","neve_meta_disable_title":""},"product_brand":[],"product_cat":[8770],"product_tag":[7006],"class_list":{"0":"post-19385","1":"product","2":"type-product","3":"status-publish","4":"has-post-thumbnail","6":"product_cat-puntos-de-acceso","7":"product_tag-airfiber-24","9":"first","10":"instock","11":"taxable","12":"shipping-taxable","13":"purchasable","14":"product-type-simple"},"yoast_head":"<!-- This site is optimized with the Yoast SEO plugin v26.0 - https:\/\/yoast.com\/wordpress\/plugins\/seo\/ -->\n<title>Ubiquiti AirFiber 24 AF-24 24GHz 1.4+ Gbps - Aivlisoft Inform\u00e1tica<\/title>\n<meta name=\"robots\" content=\"index, follow, max-snippet:-1, max-image-preview:large, max-video-preview:-1\" \/>\n<link rel=\"canonical\" href=\"https:\/\/aivlisoft.net\/shop\/producto\/ubiquiti-airfiber-24-af-24-24ghz-1-4-gbps\/\" \/>\n<meta property=\"og:locale\" content=\"es_ES\" \/>\n<meta property=\"og:type\" content=\"article\" \/>\n<meta property=\"og:title\" content=\"Ubiquiti AirFiber 24 AF-24 24GHz 1.4+ Gbps - Aivlisoft Inform\u00e1tica\" \/>\n<meta property=\"og:description\" content=\"24 GHz Punto-a-Punto Radio Gigabit AirFiber marca el comienzo de una nueva era en la tecnolog&iacute;a punto a punto Carrier Class a precios rompedores. Fabricada en un cuerpo compacto, eficiente, AirFiber ofrece un increible rendimiento inal&aacute;mbrico de hasta 1.4 Gbps. Lo suficientemente robusta como para funcionar en los entornos m&aacute;s duros de ruido de RF,&hellip;&nbsp;Ubiquiti AirFiber 24 AF-24 24GHz 1.4+ Gbps\" \/>\n<meta property=\"og:url\" content=\"https:\/\/aivlisoft.net\/shop\/producto\/ubiquiti-airfiber-24-af-24-24ghz-1-4-gbps\/\" \/>\n<meta property=\"og:site_name\" content=\"Aivlisoft Inform\u00e1tica\" \/>\n<meta property=\"article:modified_time\" content=\"2025-01-14T11:44:50+00:00\" \/>\n<meta property=\"og:image\" content=\"https:\/\/aivlisoft.net\/shop\/wp-content\/uploads\/2025\/01\/NSWPAC0162_large.jpg\" \/>\n\t<meta property=\"og:image:width\" content=\"400\" \/>\n\t<meta property=\"og:image:height\" content=\"400\" \/>\n\t<meta property=\"og:image:type\" content=\"image\/jpeg\" \/>\n<meta name=\"twitter:card\" content=\"summary_large_image\" \/>\n<meta name=\"twitter:label1\" content=\"Tiempo de lectura\" \/>\n\t<meta name=\"twitter:data1\" content=\"3 minutos\" \/>\n<script type=\"application\/ld+json\" class=\"yoast-schema-graph\">{\"@context\":\"https:\/\/schema.org\",\"@graph\":[{\"@type\":\"WebPage\",\"@id\":\"https:\/\/aivlisoft.net\/shop\/producto\/ubiquiti-airfiber-24-af-24-24ghz-1-4-gbps\/\",\"url\":\"https:\/\/aivlisoft.net\/shop\/producto\/ubiquiti-airfiber-24-af-24-24ghz-1-4-gbps\/\",\"name\":\"Ubiquiti AirFiber 24 AF-24 24GHz 1.4+ Gbps - Aivlisoft Inform\u00e1tica\",\"isPartOf\":{\"@id\":\"https:\/\/aivlisoft.net\/shop\/#website\"},\"primaryImageOfPage\":{\"@id\":\"https:\/\/aivlisoft.net\/shop\/producto\/ubiquiti-airfiber-24-af-24-24ghz-1-4-gbps\/#primaryimage\"},\"image\":{\"@id\":\"https:\/\/aivlisoft.net\/shop\/producto\/ubiquiti-airfiber-24-af-24-24ghz-1-4-gbps\/#primaryimage\"},\"thumbnailUrl\":\"https:\/\/aivlisoft.net\/shop\/wp-content\/uploads\/2025\/01\/NSWPAC0162_large.jpg\",\"datePublished\":\"2025-01-13T15:32:00+00:00\",\"dateModified\":\"2025-01-14T11:44:50+00:00\",\"breadcrumb\":{\"@id\":\"https:\/\/aivlisoft.net\/shop\/producto\/ubiquiti-airfiber-24-af-24-24ghz-1-4-gbps\/#breadcrumb\"},\"inLanguage\":\"es\",\"potentialAction\":[{\"@type\":\"ReadAction\",\"target\":[\"https:\/\/aivlisoft.net\/shop\/producto\/ubiquiti-airfiber-24-af-24-24ghz-1-4-gbps\/\"]}]},{\"@type\":\"ImageObject\",\"inLanguage\":\"es\",\"@id\":\"https:\/\/aivlisoft.net\/shop\/producto\/ubiquiti-airfiber-24-af-24-24ghz-1-4-gbps\/#primaryimage\",\"url\":\"https:\/\/aivlisoft.net\/shop\/wp-content\/uploads\/2025\/01\/NSWPAC0162_large.jpg\",\"contentUrl\":\"https:\/\/aivlisoft.net\/shop\/wp-content\/uploads\/2025\/01\/NSWPAC0162_large.jpg\",\"width\":400,\"height\":400},{\"@type\":\"BreadcrumbList\",\"@id\":\"https:\/\/aivlisoft.net\/shop\/producto\/ubiquiti-airfiber-24-af-24-24ghz-1-4-gbps\/#breadcrumb\",\"itemListElement\":[{\"@type\":\"ListItem\",\"position\":1,\"name\":\"Portada\",\"item\":\"https:\/\/aivlisoft.net\/shop\/\"},{\"@type\":\"ListItem\",\"position\":2,\"name\":\"Tienda\",\"item\":\"https:\/\/aivlisoft.net\/shop\/tienda\/\"},{\"@type\":\"ListItem\",\"position\":3,\"name\":\"Ubiquiti AirFiber 24 AF-24 24GHz 1.4+ Gbps\"}]},{\"@type\":\"WebSite\",\"@id\":\"https:\/\/aivlisoft.net\/shop\/#website\",\"url\":\"https:\/\/aivlisoft.net\/shop\/\",\"name\":\"Aivlisoft Inform\u00e1tica\",\"description\":\"En Aivlisoft Inform\u00e1tica ofrecemos soluciones tecnol\u00f3gicas para empresas: venta de ordenadores, consumibles, perif\u00e9ricos y m\u00e1s. Calidad, atenci\u00f3n personalizada y los mejores precios para tu negocio.\",\"publisher\":{\"@id\":\"https:\/\/aivlisoft.net\/shop\/#organization\"},\"potentialAction\":[{\"@type\":\"SearchAction\",\"target\":{\"@type\":\"EntryPoint\",\"urlTemplate\":\"https:\/\/aivlisoft.net\/shop\/?s={search_term_string}\"},\"query-input\":{\"@type\":\"PropertyValueSpecification\",\"valueRequired\":true,\"valueName\":\"search_term_string\"}}],\"inLanguage\":\"es\"},{\"@type\":\"Organization\",\"@id\":\"https:\/\/aivlisoft.net\/shop\/#organization\",\"name\":\"Aivlisoft Inform\u00e1tica\",\"url\":\"https:\/\/aivlisoft.net\/shop\/\",\"logo\":{\"@type\":\"ImageObject\",\"inLanguage\":\"es\",\"@id\":\"https:\/\/aivlisoft.net\/shop\/#\/schema\/logo\/image\/\",\"url\":\"https:\/\/aivlisoft.net\/shop\/wp-content\/uploads\/2024\/12\/removal.ai_5b848c54-0cdf-4140-95c5-c5536bb7573b-logodef.png\",\"contentUrl\":\"https:\/\/aivlisoft.net\/shop\/wp-content\/uploads\/2024\/12\/removal.ai_5b848c54-0cdf-4140-95c5-c5536bb7573b-logodef.png\",\"width\":484,\"height\":182,\"caption\":\"Aivlisoft Inform\u00e1tica\"},\"image\":{\"@id\":\"https:\/\/aivlisoft.net\/shop\/#\/schema\/logo\/image\/\"}}]}<\/script>\n<!-- \/ Yoast SEO plugin. -->","yoast_head_json":{"title":"Ubiquiti AirFiber 24 AF-24 24GHz 1.4+ Gbps - Aivlisoft Inform\u00e1tica","robots":{"index":"index","follow":"follow","max-snippet":"max-snippet:-1","max-image-preview":"max-image-preview:large","max-video-preview":"max-video-preview:-1"},"canonical":"https:\/\/aivlisoft.net\/shop\/producto\/ubiquiti-airfiber-24-af-24-24ghz-1-4-gbps\/","og_locale":"es_ES","og_type":"article","og_title":"Ubiquiti AirFiber 24 AF-24 24GHz 1.4+ Gbps - Aivlisoft Inform\u00e1tica","og_description":"24 GHz Punto-a-Punto Radio Gigabit AirFiber marca el comienzo de una nueva era en la tecnolog&iacute;a punto a punto Carrier Class a precios rompedores. Fabricada en un cuerpo compacto, eficiente, AirFiber ofrece un increible rendimiento inal&aacute;mbrico de hasta 1.4 Gbps. Lo suficientemente robusta como para funcionar en los entornos m&aacute;s duros de ruido de RF,&hellip;&nbsp;Ubiquiti AirFiber 24 AF-24 24GHz 1.4+ Gbps","og_url":"https:\/\/aivlisoft.net\/shop\/producto\/ubiquiti-airfiber-24-af-24-24ghz-1-4-gbps\/","og_site_name":"Aivlisoft Inform\u00e1tica","article_modified_time":"2025-01-14T11:44:50+00:00","og_image":[{"width":400,"height":400,"url":"https:\/\/aivlisoft.net\/shop\/wp-content\/uploads\/2025\/01\/NSWPAC0162_large.jpg","type":"image\/jpeg"}],"twitter_card":"summary_large_image","twitter_misc":{"Tiempo de lectura":"3 minutos"},"schema":{"@context":"https:\/\/schema.org","@graph":[{"@type":"WebPage","@id":"https:\/\/aivlisoft.net\/shop\/producto\/ubiquiti-airfiber-24-af-24-24ghz-1-4-gbps\/","url":"https:\/\/aivlisoft.net\/shop\/producto\/ubiquiti-airfiber-24-af-24-24ghz-1-4-gbps\/","name":"Ubiquiti AirFiber 24 AF-24 24GHz 1.4+ Gbps - Aivlisoft Inform\u00e1tica","isPartOf":{"@id":"https:\/\/aivlisoft.net\/shop\/#website"},"primaryImageOfPage":{"@id":"https:\/\/aivlisoft.net\/shop\/producto\/ubiquiti-airfiber-24-af-24-24ghz-1-4-gbps\/#primaryimage"},"image":{"@id":"https:\/\/aivlisoft.net\/shop\/producto\/ubiquiti-airfiber-24-af-24-24ghz-1-4-gbps\/#primaryimage"},"thumbnailUrl":"https:\/\/aivlisoft.net\/shop\/wp-content\/uploads\/2025\/01\/NSWPAC0162_large.jpg","datePublished":"2025-01-13T15:32:00+00:00","dateModified":"2025-01-14T11:44:50+00:00","breadcrumb":{"@id":"https:\/\/aivlisoft.net\/shop\/producto\/ubiquiti-airfiber-24-af-24-24ghz-1-4-gbps\/#breadcrumb"},"inLanguage":"es","potentialAction":[{"@type":"ReadAction","target":["https:\/\/aivlisoft.net\/shop\/producto\/ubiquiti-airfiber-24-af-24-24ghz-1-4-gbps\/"]}]},{"@type":"ImageObject","inLanguage":"es","@id":"https:\/\/aivlisoft.net\/shop\/producto\/ubiquiti-airfiber-24-af-24-24ghz-1-4-gbps\/#primaryimage","url":"https:\/\/aivlisoft.net\/shop\/wp-content\/uploads\/2025\/01\/NSWPAC0162_large.jpg","contentUrl":"https:\/\/aivlisoft.net\/shop\/wp-content\/uploads\/2025\/01\/NSWPAC0162_large.jpg","width":400,"height":400},{"@type":"BreadcrumbList","@id":"https:\/\/aivlisoft.net\/shop\/producto\/ubiquiti-airfiber-24-af-24-24ghz-1-4-gbps\/#breadcrumb","itemListElement":[{"@type":"ListItem","position":1,"name":"Portada","item":"https:\/\/aivlisoft.net\/shop\/"},{"@type":"ListItem","position":2,"name":"Tienda","item":"https:\/\/aivlisoft.net\/shop\/tienda\/"},{"@type":"ListItem","position":3,"name":"Ubiquiti AirFiber 24 AF-24 24GHz 1.4+ Gbps"}]},{"@type":"WebSite","@id":"https:\/\/aivlisoft.net\/shop\/#website","url":"https:\/\/aivlisoft.net\/shop\/","name":"Aivlisoft Inform\u00e1tica","description":"En Aivlisoft Inform\u00e1tica ofrecemos soluciones tecnol\u00f3gicas para empresas: venta de ordenadores, consumibles, perif\u00e9ricos y m\u00e1s. Calidad, atenci\u00f3n personalizada y los mejores precios para tu negocio.","publisher":{"@id":"https:\/\/aivlisoft.net\/shop\/#organization"},"potentialAction":[{"@type":"SearchAction","target":{"@type":"EntryPoint","urlTemplate":"https:\/\/aivlisoft.net\/shop\/?s={search_term_string}"},"query-input":{"@type":"PropertyValueSpecification","valueRequired":true,"valueName":"search_term_string"}}],"inLanguage":"es"},{"@type":"Organization","@id":"https:\/\/aivlisoft.net\/shop\/#organization","name":"Aivlisoft Inform\u00e1tica","url":"https:\/\/aivlisoft.net\/shop\/","logo":{"@type":"ImageObject","inLanguage":"es","@id":"https:\/\/aivlisoft.net\/shop\/#\/schema\/logo\/image\/","url":"https:\/\/aivlisoft.net\/shop\/wp-content\/uploads\/2024\/12\/removal.ai_5b848c54-0cdf-4140-95c5-c5536bb7573b-logodef.png","contentUrl":"https:\/\/aivlisoft.net\/shop\/wp-content\/uploads\/2024\/12\/removal.ai_5b848c54-0cdf-4140-95c5-c5536bb7573b-logodef.png","width":484,"height":182,"caption":"Aivlisoft Inform\u00e1tica"},"image":{"@id":"https:\/\/aivlisoft.net\/shop\/#\/schema\/logo\/image\/"}}]}},"_links":{"self":[{"href":"https:\/\/aivlisoft.net\/shop\/wp-json\/wp\/v2\/product\/19385","targetHints":{"allow":["GET"]}}],"collection":[{"href":"https:\/\/aivlisoft.net\/shop\/wp-json\/wp\/v2\/product"}],"about":[{"href":"https:\/\/aivlisoft.net\/shop\/wp-json\/wp\/v2\/types\/product"}],"wp:featuredmedia":[{"embeddable":true,"href":"https:\/\/aivlisoft.net\/shop\/wp-json\/wp\/v2\/media\/19386"}],"wp:attachment":[{"href":"https:\/\/aivlisoft.net\/shop\/wp-json\/wp\/v2\/media?parent=19385"}],"wp:term":[{"taxonomy":"product_brand","embeddable":true,"href":"https:\/\/aivlisoft.net\/shop\/wp-json\/wp\/v2\/product_brand?post=19385"},{"taxonomy":"product_cat","embeddable":true,"href":"https:\/\/aivlisoft.net\/shop\/wp-json\/wp\/v2\/product_cat?post=19385"},{"taxonomy":"product_tag","embeddable":true,"href":"https:\/\/aivlisoft.net\/shop\/wp-json\/wp\/v2\/product_tag?post=19385"}],"curies":[{"name":"wp","href":"https:\/\/api.w.org\/{rel}","templated":true}]}}