{"id":19378,"date":"2025-01-13T15:31:54","date_gmt":"2025-01-13T15:31:54","guid":{"rendered":"https:\/\/aivlisoft.com\/?post_type=product&#038;p=19378"},"modified":"2025-01-14T11:44:47","modified_gmt":"2025-01-14T11:44:47","slug":"mikrotik-rb922uags-5hpacd-nm-netmetal-5-5ghz-l4","status":"publish","type":"product","link":"https:\/\/aivlisoft.net\/shop\/producto\/mikrotik-rb922uags-5hpacd-nm-netmetal-5-5ghz-l4\/","title":{"rendered":"Mikrotik RB922UAGS-5HPacD-NM NetMetal 5 5GHz L4"},"content":{"rendered":"<div>\n<div style=\"text-align: justify;\">NetMetal 5<\/div>\n<div style=\"text-align: justify;\">La productos de la serie NetMetal son equipos inal&aacute;mbricos 802.11ac (5GHz) de exterior, con una robusta y resistente caja de intemperie de aluminio para soportar las inclemencias del tiempo.<\/div>\n<div style=\"text-align: justify;\">Disponen de un procesador de 720MHz con 128MB de memoria RAM, 1 puerto Gigabit Ethernet 10\/100\/1000Mbps, 1 radio que cumple el est&aacute;ndar 802.11a\/n\/ac, 1 Slot para m&oacute;dulo de Fibra (SFP), 1 puerto USB, y conectores RP-SMA para antenas externas.<\/div>\n<div style=\"text-align: justify;\">Toda la serie NetMetal dispone de licencia RouterOs L4.<\/div>\n<div style=\"text-align: justify;\">El modelo RB922UAGS-5HPacD-NM est&aacute; equipado con una ranura Mini-PCI-express disponible para otro radio, un radio de alta potencia MIMO 2&#215;2 802.11a\/n\/ac con dos conectores exteriores RP-SMA para antenas externas y funciona con&nbsp; modulaciones de hasta 256QAM y anchos de canal de 20\/40\/80MHz.<\/div>\n<div style=\"text-align: justify;\">Permite arranque por PoE Pasivo (8V-30V).<\/div>\n<\/div>\n<p><\/p>\n<table class=\"tabla_caracteristicas\" width=\"100%\">\n<tbody>\n<tr>\n<td><strong>Marca<\/strong><\/td>\n<td>Mikrotik<\/td>\n<\/tr>\n<tr>\n<td valign=\"top\"><strong>Modelo<\/strong><\/td>\n<td><strong>RB922UAGS-5HPacD-NM<\/strong><\/td>\n<\/tr>\n<tr>\n<td valign=\"top\"><strong>Caracter&iacute;sticas<\/strong><\/td>\n<td>\n<div>&#8211;<strong> CPU frecuencia nominal: 720 MHz<\/strong><\/div>\n<div>&#8211;<strong> Tama&ntilde;o de RAM: 128 MB<\/strong><br \/>\t\t\t&#8211;<strong> Puertos Ethernet 10\/100\/1000: 1<\/strong><\/div>\n<div><strong>&#8211; Puertos SFP: 1<\/strong><\/div>\n<div><strong>&#8211; Ranuras miniPCI-e: 1<\/strong><\/div>\n<div><strong>&#8211; Est&aacute;ndares Inal&aacute;mbricos: 802.11a\/n\/ac, doble polaridad<\/strong><\/div>\n<div><strong>&#8211; Banda de frecuencia: 5 GHz<\/strong><\/div>\n<div><strong>&#8211; N&uacute;mero de puertos USB: 1<\/strong><\/div>\n<\/td>\n<\/tr>\n<tr>\n<td valign=\"top\">\n<div><strong>Caracter&iacute;sticas<br \/>\t\t\tadicionales<\/strong><\/div>\n<\/td>\n<td>\n<div>&#8211; N&uacute;mero de n&uacute;cleos de CPU: 1<br \/>\t\t\t&#8211; PoE in: S&iacute;<br \/>\t\t\t&#8211; Voltaje de entrada soportados: 8 V &#8211; 30 V<br \/>\t\t\t&#8211; Dimensiones: 143x247x48mm (placa)<br \/>\t\t\t&#8211; Nivel de Licencia RouterOS: 4<\/div>\n<div>&#8211; Conectores de antena: 2xRP-SMA<\/div>\n<div>&#8211; Consumo m&aacute;ximo de energ&iacute;a: 19 W<\/div>\n<div>&#8211; Tipo de conector USB: USB tipo A<\/div>\n<\/td>\n<\/tr>\n<tr>\n<td valign=\"top\"><strong>Folleto t&eacute;cnico<\/strong><\/td>\n<td><a href=\"http:\/\/i.mt.lv\/routerboard\/files\/NetMetal_4-150106151117.pdf\">http:\/\/i.mt.lv\/routerboard\/files\/NetMetal_4-150106151117.pdf<\/a><\/td>\n<\/tr>\n<tr>\n<td><strong>Fecha de revisi&oacute;n<\/strong><\/td>\n<td>02-12-2015 por DLS<\/td>\n<\/tr>\n<\/tbody>\n<\/table>\n","protected":false},"excerpt":{"rendered":"<p>NetMetal 5 La productos de la serie NetMetal son equipos inal&aacute;mbricos 802.11ac (5GHz) de exterior, con una robusta y resistente caja de intemperie de aluminio para soportar las inclemencias del tiempo. Disponen de un procesador de 720MHz con 128MB de memoria RAM, 1 puerto Gigabit Ethernet 10\/100\/1000Mbps, 1 radio que cumple el est&aacute;ndar 802.11a\/n\/ac, 1&hellip;&nbsp;<a href=\"https:\/\/aivlisoft.net\/shop\/producto\/mikrotik-rb922uags-5hpacd-nm-netmetal-5-5ghz-l4\/\" rel=\"bookmark\"><span class=\"screen-reader-text\">Mikrotik RB922UAGS-5HPacD-NM NetMetal 5 5GHz L4<\/span><\/a><\/p>\n","protected":false},"featured_media":19379,"template":"","meta":{"neve_meta_sidebar":"","neve_meta_container":"","neve_meta_enable_content_width":"","neve_meta_content_width":0,"neve_meta_title_alignment":"","neve_meta_author_avatar":"","neve_post_elements_order":"","neve_meta_disable_header":"","neve_meta_disable_footer":"","neve_meta_disable_title":""},"product_brand":[],"product_cat":[8770],"product_tag":[7003],"class_list":{"0":"post-19378","1":"product","2":"type-product","3":"status-publish","4":"has-post-thumbnail","6":"product_cat-puntos-de-acceso","7":"product_tag-rb922uags-5hpacd-nm","9":"first","10":"instock","11":"taxable","12":"shipping-taxable","13":"purchasable","14":"product-type-simple"},"yoast_head":"<!-- This site is optimized with the Yoast SEO plugin v26.0 - https:\/\/yoast.com\/wordpress\/plugins\/seo\/ -->\n<title>Mikrotik RB922UAGS-5HPacD-NM NetMetal 5 5GHz L4 - Aivlisoft Inform\u00e1tica<\/title>\n<meta name=\"robots\" content=\"index, follow, max-snippet:-1, max-image-preview:large, max-video-preview:-1\" \/>\n<link rel=\"canonical\" href=\"https:\/\/aivlisoft.net\/shop\/producto\/mikrotik-rb922uags-5hpacd-nm-netmetal-5-5ghz-l4\/\" \/>\n<meta property=\"og:locale\" content=\"es_ES\" \/>\n<meta property=\"og:type\" content=\"article\" \/>\n<meta property=\"og:title\" content=\"Mikrotik RB922UAGS-5HPacD-NM NetMetal 5 5GHz L4 - Aivlisoft Inform\u00e1tica\" \/>\n<meta property=\"og:description\" content=\"NetMetal 5 La productos de la serie NetMetal son equipos inal&aacute;mbricos 802.11ac (5GHz) de exterior, con una robusta y resistente caja de intemperie de aluminio para soportar las inclemencias del tiempo. Disponen de un procesador de 720MHz con 128MB de memoria RAM, 1 puerto Gigabit Ethernet 10\/100\/1000Mbps, 1 radio que cumple el est&aacute;ndar 802.11a\/n\/ac, 1&hellip;&nbsp;Mikrotik RB922UAGS-5HPacD-NM NetMetal 5 5GHz L4\" \/>\n<meta property=\"og:url\" content=\"https:\/\/aivlisoft.net\/shop\/producto\/mikrotik-rb922uags-5hpacd-nm-netmetal-5-5ghz-l4\/\" \/>\n<meta property=\"og:site_name\" content=\"Aivlisoft Inform\u00e1tica\" \/>\n<meta property=\"article:modified_time\" content=\"2025-01-14T11:44:47+00:00\" \/>\n<meta property=\"og:image\" content=\"https:\/\/aivlisoft.net\/shop\/wp-content\/uploads\/2025\/01\/NSWPAC0149_large.jpg\" \/>\n\t<meta property=\"og:image:width\" content=\"400\" \/>\n\t<meta property=\"og:image:height\" content=\"400\" \/>\n\t<meta property=\"og:image:type\" content=\"image\/jpeg\" \/>\n<meta name=\"twitter:card\" content=\"summary_large_image\" \/>\n<meta name=\"twitter:label1\" content=\"Tiempo de lectura\" \/>\n\t<meta name=\"twitter:data1\" content=\"1 minuto\" \/>\n<script type=\"application\/ld+json\" class=\"yoast-schema-graph\">{\"@context\":\"https:\/\/schema.org\",\"@graph\":[{\"@type\":\"WebPage\",\"@id\":\"https:\/\/aivlisoft.net\/shop\/producto\/mikrotik-rb922uags-5hpacd-nm-netmetal-5-5ghz-l4\/\",\"url\":\"https:\/\/aivlisoft.net\/shop\/producto\/mikrotik-rb922uags-5hpacd-nm-netmetal-5-5ghz-l4\/\",\"name\":\"Mikrotik RB922UAGS-5HPacD-NM NetMetal 5 5GHz L4 - Aivlisoft Inform\u00e1tica\",\"isPartOf\":{\"@id\":\"https:\/\/aivlisoft.net\/shop\/#website\"},\"primaryImageOfPage\":{\"@id\":\"https:\/\/aivlisoft.net\/shop\/producto\/mikrotik-rb922uags-5hpacd-nm-netmetal-5-5ghz-l4\/#primaryimage\"},\"image\":{\"@id\":\"https:\/\/aivlisoft.net\/shop\/producto\/mikrotik-rb922uags-5hpacd-nm-netmetal-5-5ghz-l4\/#primaryimage\"},\"thumbnailUrl\":\"https:\/\/aivlisoft.net\/shop\/wp-content\/uploads\/2025\/01\/NSWPAC0149_large.jpg\",\"datePublished\":\"2025-01-13T15:31:54+00:00\",\"dateModified\":\"2025-01-14T11:44:47+00:00\",\"breadcrumb\":{\"@id\":\"https:\/\/aivlisoft.net\/shop\/producto\/mikrotik-rb922uags-5hpacd-nm-netmetal-5-5ghz-l4\/#breadcrumb\"},\"inLanguage\":\"es\",\"potentialAction\":[{\"@type\":\"ReadAction\",\"target\":[\"https:\/\/aivlisoft.net\/shop\/producto\/mikrotik-rb922uags-5hpacd-nm-netmetal-5-5ghz-l4\/\"]}]},{\"@type\":\"ImageObject\",\"inLanguage\":\"es\",\"@id\":\"https:\/\/aivlisoft.net\/shop\/producto\/mikrotik-rb922uags-5hpacd-nm-netmetal-5-5ghz-l4\/#primaryimage\",\"url\":\"https:\/\/aivlisoft.net\/shop\/wp-content\/uploads\/2025\/01\/NSWPAC0149_large.jpg\",\"contentUrl\":\"https:\/\/aivlisoft.net\/shop\/wp-content\/uploads\/2025\/01\/NSWPAC0149_large.jpg\",\"width\":400,\"height\":400},{\"@type\":\"BreadcrumbList\",\"@id\":\"https:\/\/aivlisoft.net\/shop\/producto\/mikrotik-rb922uags-5hpacd-nm-netmetal-5-5ghz-l4\/#breadcrumb\",\"itemListElement\":[{\"@type\":\"ListItem\",\"position\":1,\"name\":\"Portada\",\"item\":\"https:\/\/aivlisoft.net\/shop\/\"},{\"@type\":\"ListItem\",\"position\":2,\"name\":\"Tienda\",\"item\":\"https:\/\/aivlisoft.net\/shop\/tienda\/\"},{\"@type\":\"ListItem\",\"position\":3,\"name\":\"Mikrotik RB922UAGS-5HPacD-NM NetMetal 5 5GHz L4\"}]},{\"@type\":\"WebSite\",\"@id\":\"https:\/\/aivlisoft.net\/shop\/#website\",\"url\":\"https:\/\/aivlisoft.net\/shop\/\",\"name\":\"Aivlisoft Inform\u00e1tica\",\"description\":\"En Aivlisoft Inform\u00e1tica ofrecemos soluciones tecnol\u00f3gicas para empresas: venta de ordenadores, consumibles, perif\u00e9ricos y m\u00e1s. Calidad, atenci\u00f3n personalizada y los mejores precios para tu negocio.\",\"publisher\":{\"@id\":\"https:\/\/aivlisoft.net\/shop\/#organization\"},\"potentialAction\":[{\"@type\":\"SearchAction\",\"target\":{\"@type\":\"EntryPoint\",\"urlTemplate\":\"https:\/\/aivlisoft.net\/shop\/?s={search_term_string}\"},\"query-input\":{\"@type\":\"PropertyValueSpecification\",\"valueRequired\":true,\"valueName\":\"search_term_string\"}}],\"inLanguage\":\"es\"},{\"@type\":\"Organization\",\"@id\":\"https:\/\/aivlisoft.net\/shop\/#organization\",\"name\":\"Aivlisoft Inform\u00e1tica\",\"url\":\"https:\/\/aivlisoft.net\/shop\/\",\"logo\":{\"@type\":\"ImageObject\",\"inLanguage\":\"es\",\"@id\":\"https:\/\/aivlisoft.net\/shop\/#\/schema\/logo\/image\/\",\"url\":\"https:\/\/aivlisoft.net\/shop\/wp-content\/uploads\/2024\/12\/removal.ai_5b848c54-0cdf-4140-95c5-c5536bb7573b-logodef.png\",\"contentUrl\":\"https:\/\/aivlisoft.net\/shop\/wp-content\/uploads\/2024\/12\/removal.ai_5b848c54-0cdf-4140-95c5-c5536bb7573b-logodef.png\",\"width\":484,\"height\":182,\"caption\":\"Aivlisoft Inform\u00e1tica\"},\"image\":{\"@id\":\"https:\/\/aivlisoft.net\/shop\/#\/schema\/logo\/image\/\"}}]}<\/script>\n<!-- \/ Yoast SEO plugin. -->","yoast_head_json":{"title":"Mikrotik RB922UAGS-5HPacD-NM NetMetal 5 5GHz L4 - Aivlisoft Inform\u00e1tica","robots":{"index":"index","follow":"follow","max-snippet":"max-snippet:-1","max-image-preview":"max-image-preview:large","max-video-preview":"max-video-preview:-1"},"canonical":"https:\/\/aivlisoft.net\/shop\/producto\/mikrotik-rb922uags-5hpacd-nm-netmetal-5-5ghz-l4\/","og_locale":"es_ES","og_type":"article","og_title":"Mikrotik RB922UAGS-5HPacD-NM NetMetal 5 5GHz L4 - Aivlisoft Inform\u00e1tica","og_description":"NetMetal 5 La productos de la serie NetMetal son equipos inal&aacute;mbricos 802.11ac (5GHz) de exterior, con una robusta y resistente caja de intemperie de aluminio para soportar las inclemencias del tiempo. Disponen de un procesador de 720MHz con 128MB de memoria RAM, 1 puerto Gigabit Ethernet 10\/100\/1000Mbps, 1 radio que cumple el est&aacute;ndar 802.11a\/n\/ac, 1&hellip;&nbsp;Mikrotik RB922UAGS-5HPacD-NM NetMetal 5 5GHz L4","og_url":"https:\/\/aivlisoft.net\/shop\/producto\/mikrotik-rb922uags-5hpacd-nm-netmetal-5-5ghz-l4\/","og_site_name":"Aivlisoft Inform\u00e1tica","article_modified_time":"2025-01-14T11:44:47+00:00","og_image":[{"width":400,"height":400,"url":"https:\/\/aivlisoft.net\/shop\/wp-content\/uploads\/2025\/01\/NSWPAC0149_large.jpg","type":"image\/jpeg"}],"twitter_card":"summary_large_image","twitter_misc":{"Tiempo de lectura":"1 minuto"},"schema":{"@context":"https:\/\/schema.org","@graph":[{"@type":"WebPage","@id":"https:\/\/aivlisoft.net\/shop\/producto\/mikrotik-rb922uags-5hpacd-nm-netmetal-5-5ghz-l4\/","url":"https:\/\/aivlisoft.net\/shop\/producto\/mikrotik-rb922uags-5hpacd-nm-netmetal-5-5ghz-l4\/","name":"Mikrotik RB922UAGS-5HPacD-NM NetMetal 5 5GHz L4 - Aivlisoft Inform\u00e1tica","isPartOf":{"@id":"https:\/\/aivlisoft.net\/shop\/#website"},"primaryImageOfPage":{"@id":"https:\/\/aivlisoft.net\/shop\/producto\/mikrotik-rb922uags-5hpacd-nm-netmetal-5-5ghz-l4\/#primaryimage"},"image":{"@id":"https:\/\/aivlisoft.net\/shop\/producto\/mikrotik-rb922uags-5hpacd-nm-netmetal-5-5ghz-l4\/#primaryimage"},"thumbnailUrl":"https:\/\/aivlisoft.net\/shop\/wp-content\/uploads\/2025\/01\/NSWPAC0149_large.jpg","datePublished":"2025-01-13T15:31:54+00:00","dateModified":"2025-01-14T11:44:47+00:00","breadcrumb":{"@id":"https:\/\/aivlisoft.net\/shop\/producto\/mikrotik-rb922uags-5hpacd-nm-netmetal-5-5ghz-l4\/#breadcrumb"},"inLanguage":"es","potentialAction":[{"@type":"ReadAction","target":["https:\/\/aivlisoft.net\/shop\/producto\/mikrotik-rb922uags-5hpacd-nm-netmetal-5-5ghz-l4\/"]}]},{"@type":"ImageObject","inLanguage":"es","@id":"https:\/\/aivlisoft.net\/shop\/producto\/mikrotik-rb922uags-5hpacd-nm-netmetal-5-5ghz-l4\/#primaryimage","url":"https:\/\/aivlisoft.net\/shop\/wp-content\/uploads\/2025\/01\/NSWPAC0149_large.jpg","contentUrl":"https:\/\/aivlisoft.net\/shop\/wp-content\/uploads\/2025\/01\/NSWPAC0149_large.jpg","width":400,"height":400},{"@type":"BreadcrumbList","@id":"https:\/\/aivlisoft.net\/shop\/producto\/mikrotik-rb922uags-5hpacd-nm-netmetal-5-5ghz-l4\/#breadcrumb","itemListElement":[{"@type":"ListItem","position":1,"name":"Portada","item":"https:\/\/aivlisoft.net\/shop\/"},{"@type":"ListItem","position":2,"name":"Tienda","item":"https:\/\/aivlisoft.net\/shop\/tienda\/"},{"@type":"ListItem","position":3,"name":"Mikrotik RB922UAGS-5HPacD-NM NetMetal 5 5GHz L4"}]},{"@type":"WebSite","@id":"https:\/\/aivlisoft.net\/shop\/#website","url":"https:\/\/aivlisoft.net\/shop\/","name":"Aivlisoft Inform\u00e1tica","description":"En Aivlisoft Inform\u00e1tica ofrecemos soluciones tecnol\u00f3gicas para empresas: venta de ordenadores, consumibles, perif\u00e9ricos y m\u00e1s. Calidad, atenci\u00f3n personalizada y los mejores precios para tu negocio.","publisher":{"@id":"https:\/\/aivlisoft.net\/shop\/#organization"},"potentialAction":[{"@type":"SearchAction","target":{"@type":"EntryPoint","urlTemplate":"https:\/\/aivlisoft.net\/shop\/?s={search_term_string}"},"query-input":{"@type":"PropertyValueSpecification","valueRequired":true,"valueName":"search_term_string"}}],"inLanguage":"es"},{"@type":"Organization","@id":"https:\/\/aivlisoft.net\/shop\/#organization","name":"Aivlisoft Inform\u00e1tica","url":"https:\/\/aivlisoft.net\/shop\/","logo":{"@type":"ImageObject","inLanguage":"es","@id":"https:\/\/aivlisoft.net\/shop\/#\/schema\/logo\/image\/","url":"https:\/\/aivlisoft.net\/shop\/wp-content\/uploads\/2024\/12\/removal.ai_5b848c54-0cdf-4140-95c5-c5536bb7573b-logodef.png","contentUrl":"https:\/\/aivlisoft.net\/shop\/wp-content\/uploads\/2024\/12\/removal.ai_5b848c54-0cdf-4140-95c5-c5536bb7573b-logodef.png","width":484,"height":182,"caption":"Aivlisoft Inform\u00e1tica"},"image":{"@id":"https:\/\/aivlisoft.net\/shop\/#\/schema\/logo\/image\/"}}]}},"_links":{"self":[{"href":"https:\/\/aivlisoft.net\/shop\/wp-json\/wp\/v2\/product\/19378","targetHints":{"allow":["GET"]}}],"collection":[{"href":"https:\/\/aivlisoft.net\/shop\/wp-json\/wp\/v2\/product"}],"about":[{"href":"https:\/\/aivlisoft.net\/shop\/wp-json\/wp\/v2\/types\/product"}],"wp:featuredmedia":[{"embeddable":true,"href":"https:\/\/aivlisoft.net\/shop\/wp-json\/wp\/v2\/media\/19379"}],"wp:attachment":[{"href":"https:\/\/aivlisoft.net\/shop\/wp-json\/wp\/v2\/media?parent=19378"}],"wp:term":[{"taxonomy":"product_brand","embeddable":true,"href":"https:\/\/aivlisoft.net\/shop\/wp-json\/wp\/v2\/product_brand?post=19378"},{"taxonomy":"product_cat","embeddable":true,"href":"https:\/\/aivlisoft.net\/shop\/wp-json\/wp\/v2\/product_cat?post=19378"},{"taxonomy":"product_tag","embeddable":true,"href":"https:\/\/aivlisoft.net\/shop\/wp-json\/wp\/v2\/product_tag?post=19378"}],"curies":[{"name":"wp","href":"https:\/\/api.w.org\/{rel}","templated":true}]}}