{"id":19369,"date":"2025-01-13T15:31:49","date_gmt":"2025-01-13T15:31:49","guid":{"rendered":"https:\/\/aivlisoft.com\/?post_type=product&#038;p=19369"},"modified":"2025-01-14T11:44:44","modified_gmt":"2025-01-14T11:44:44","slug":"ubiquiti-nanobeam-m-nbe-m5-16-5ghz-16dbi","status":"publish","type":"product","link":"https:\/\/aivlisoft.net\/shop\/producto\/ubiquiti-nanobeam-m-nbe-m5-16-5ghz-16dbi\/","title":{"rendered":"Ubiquiti NanoBeam M NBE-M5-16 5GHz 16dBi"},"content":{"rendered":"<div>\n<div>NanoBeam es un nuevo dispositivo adecuado para cliente inal&aacute;mbrico CPE, PtP y enlaces PtMP en la banda de 5 GHz que introduce importantes mejoras frente a interferencias. Cuenta con un procesador de alta velocidad para un mayor rendimiento. Su tecnolog&iacute;a permite enfocar la energ&iacute;a de RF en un paquete m&aacute;s peque&ntilde;o, evitando la interferencia de otros dispositivos de la red.<\/div>\n<div>Esta caracter&iacute;stica es particularmente adecuada para la gesti&oacute;n eficiente del espectro, en la que est&aacute;n conectados a varios dispositivos que operan en la misma banda. NanoBeam es compatible con la tecnolog&iacute;a TDMA y AirMax. Es muy compacto, completo y listo para instalar. Incluye PoE y mango.<\/div>\n<div><strong>Dise&ntilde;o mejorado<\/strong><br \/>El NanoBeam proporciona radio y antena en el menor espacio posible. La instalaci&oacute;n es f&aacute;cil y r&aacute;pida: La instalaci&oacute;n no requiere abrazaderas de manguera. Dispone de indicadores para ayudar a un adecuado alineamiento con LEDs que indican el nivel de potencia recibido. El NanoBeam es lo suficientemente peque&ntilde;o como para pasar a un discreto segundo plano en la ubicaci&oacute;n del cliente.<br \/>Montaje vers&aacute;til ya que son orientables en todas direcciones gracias a su nuevo dise&ntilde;o. Adem&aacute;s podemos usarlos tanto en pared (independientemente de que se trate de una pared con inclinaci&oacute;n), como en m&aacute;stil.<br \/>La completa integraci&oacute;n entre antena y radio, provee una revolucionaria soluci&oacute;n para la industria mundial de comunicaci&oacute;n, con un costo\/beneficio inigualable.<\/div>\n<div><strong>BENEFICIOS<\/strong><br \/>&#8211; Mejora de la inmunidad frente al ruido: Los NanoBeam dirigen su radiaci&oacute;n en el l&oacute;bulo principal de un modo m&aacute;s uniforme y con un mejor filtrado del ruido, lo que ayuda a evitar interferencias de otras se&ntilde;ales que pudieran operar en una frecuencia cercana.<br \/>&#8211; La revolucionaria tecnolog&iacute;a InnerFeed de Ubiquiti integra todo el sistema de radio en la bocina de alimentaci&oacute;n de una antena, eliminando la necesidad de cable y mejorando el rendimiento.<br \/>&#8211; AirMax Tecnolog&iacute;a Incluido: A diferencia del protocolo est&aacute;ndar WiFi, el protocolo TDMA (Time Division Multiple Access) de Ubiquiti permite a cada cliente enviar y recibir informaci&oacute;n usando espacios de tiempo pre asignados por un controlador inteligente. Este m&eacute;todo de espacios de tiempo eliminan las colisiones entre nodos ocultos y maximizan el tiempo de transferencia, proporcionando enormes mejoras en tiempos de latencia, anchos de banda y escalabilidad comparado con cualquier otro sistema similar.<br \/>&#8211; QoS Inteligente: Se da prioridad a la Voz y el v&iacute;deo para un rendimiento perfecto.<br \/>&#8211; Escalabilidad: Enorme capacidad y escalabilidad.<br \/>&#8211; Largo alcance: Capacitado para enlaces de alta velocidad de clase portadora. Incorporan 64 MB de memoria RAM y 8 MB de memoria flash.<br \/>&#8211; Latencia: M&uacute;ltiples funciones para reducir el ruido dram&aacute;ticamente.<\/div>\n<div><strong>SOFTWARE<\/strong><br \/>&#8211; Incluye firmware AirOS, extremadamente completo y vers&aacute;til para ayudar a montar su red wireless de forma simple e intuitiva.<br \/>&#8211; Integrado en todos los productos Ubiquiti M, Airview&reg; proporciona un analizador de espectro que permite a los operadores determinar con mucha m&aacute;s informaci&oacute;n, cu&aacute;l es el mejor canal y anchura del mismo para utilizar en sus redes inal&aacute;mbricos existentes o para la planificaci&oacute;n de futuras redes, evitando as&iacute; interferencia, dentro de lo posible, y mejorando sustancialmente el rendimiento y confiabilidad de sus enlaces.<br \/>&#8211; AirControl&reg; es una aplicaci&oacute;n de gesti&oacute;n de red de gran alcance e intuitiva basada en la web del servidor, lo que permite a los operadores gestionar de forma centralizada redes enteras de dispositivos de Ubiquiti.<\/div>\n<\/div>\n<p><\/p>\n<table>\n<tbody>\n<tr>\n<td><strong>Marca<\/strong><\/td>\n<td>Ubiquiti<\/td>\n<\/tr>\n<tr>\n<td><strong>Modelo<\/strong><\/td>\n<td><strong>NanoBeam M5 16 (NBE-M5-16)<\/strong><\/td>\n<\/tr>\n<tr>\n<td><strong>Caracter&iacute;sticas<\/strong><\/td>\n<td>\n<div>\n<p><strong>&#8211; Procesador: Atheros MIPS 74KC, 560MHz<br \/>\t\t\t&#8211; Memoria: 64MB SDRAM, 8MB Flash<br \/>\t\t\t&#8211; Interfaz de red: 1&#215;10\/100 BASE-TX<br \/>\t\t\t&#8211; Est&aacute;ndares inal&aacute;mbricos: 802.11 a\/n<br \/>\t\t\t&#8211; Banda de frecuencia: 5 GHz<br \/>\t\t\t&#8211; Antena: Integrada 2&#215;2 MiMo de 16 dBi, polarizaci&oacute;n dual<br \/>\t\t\t&#8211; Throughput TCP\/IP: hasta 150Mbit\/s<\/strong><br \/>\t\t\t<strong>&#8211; Apertura: 120&ordm;<\/strong><br \/>\t\t\t<strong>&#8211; Potencia de transmisi&oacute;n: max. 26dBm +\/-2dB en 11a\/n<br \/>\t\t\t&#8211; Alcance: Hasta 10 Km<\/strong><\/p>\n<\/p><\/div>\n<\/td>\n<\/tr>\n<tr>\n<td><strong>Caracter&iacute;sticas adicionales<\/strong><\/td>\n<td>\n<div>&#8211; Dimensiones: 140x140x54 mm<\/div>\n<div>&#8211; Peso: 0.32 kg<\/div>\n<div>&#8211; Regulaci&oacute;n: FCC Part 15.247, CE, IC RS210, RoHS<\/div>\n<div>&#8211; Consumo m&aacute;ximo de potencia: 6 W<br \/>\t\t\t&#8211; Adaptador de corriente: 24V, 0.5A<br \/>\t\t\t&#8211; Modo de alimentaci&oacute;n: Passive Power over Ethernet (hilos 4,5+; 7,8 de retorno)<\/div>\n<div>&#8211; Humedad de operaci&oacute;n: 5 a 95% sin condensaci&oacute;n<br \/>\t\t\t&#8211; Temperatura de operaci&oacute;n: -40&deg;C +70&deg;C<br \/>\t\t\t&#8211; Sistema operativo: AirOS V<\/div>\n<\/td>\n<\/tr>\n<tr>\n<td valign=\"top\"><strong>Folleto t&eacute;cnico<\/strong><\/td>\n<td><a href=\"https:\/\/dl.ubnt.com\/datasheets\/nanobeam\/NanoBeam_DS.pdf\" target=\"_blank\">https:\/\/dl.ubnt.com\/datasheets\/nanobeam\/NanoBeam_DS.pdf<\/a><\/td>\n<\/tr>\n<tr>\n<td valign=\"top\"><strong>Gu&iacute;a de instalaci&oacute;n<\/strong><\/td>\n<td><a href=\"https:\/\/www.ubnt.com\/downloads\/guides\/nanobeam\/NBE_M5_16_QSG.pdf\" target=\"_blank\">https:\/\/www.ubnt.com\/downloads\/guides\/nanobeam\/NBE_M5_16_QSG.pdf<\/a><\/td>\n<\/tr>\n<tr>\n<td><strong>Fecha de revisi&oacute;n<\/strong><\/td>\n<td>16-12-2015 por DLS<\/td>\n<\/tr>\n<\/tbody>\n<\/table>\n","protected":false},"excerpt":{"rendered":"<p>NanoBeam es un nuevo dispositivo adecuado para cliente inal&aacute;mbrico CPE, PtP y enlaces PtMP en la banda de 5 GHz que introduce importantes mejoras frente a interferencias. Cuenta con un procesador de alta velocidad para un mayor rendimiento. Su tecnolog&iacute;a permite enfocar la energ&iacute;a de RF en un paquete m&aacute;s peque&ntilde;o, evitando la interferencia de&hellip;&nbsp;<a href=\"https:\/\/aivlisoft.net\/shop\/producto\/ubiquiti-nanobeam-m-nbe-m5-16-5ghz-16dbi\/\" rel=\"bookmark\"><span class=\"screen-reader-text\">Ubiquiti NanoBeam M NBE-M5-16 5GHz 16dBi<\/span><\/a><\/p>\n","protected":false},"featured_media":19370,"template":"","meta":{"neve_meta_sidebar":"","neve_meta_container":"","neve_meta_enable_content_width":"","neve_meta_content_width":0,"neve_meta_title_alignment":"","neve_meta_author_avatar":"","neve_post_elements_order":"","neve_meta_disable_header":"","neve_meta_disable_footer":"","neve_meta_disable_title":""},"product_brand":[],"product_cat":[8770],"product_tag":[7001],"class_list":{"0":"post-19369","1":"product","2":"type-product","3":"status-publish","4":"has-post-thumbnail","6":"product_cat-puntos-de-acceso","7":"product_tag-nbe-m5-16","9":"first","10":"instock","11":"taxable","12":"shipping-taxable","13":"purchasable","14":"product-type-simple"},"yoast_head":"<!-- This site is optimized with the Yoast SEO plugin v26.0 - https:\/\/yoast.com\/wordpress\/plugins\/seo\/ -->\n<title>Ubiquiti NanoBeam M NBE-M5-16 5GHz 16dBi - Aivlisoft Inform\u00e1tica<\/title>\n<meta name=\"robots\" content=\"index, follow, max-snippet:-1, max-image-preview:large, max-video-preview:-1\" \/>\n<link rel=\"canonical\" href=\"https:\/\/aivlisoft.net\/shop\/producto\/ubiquiti-nanobeam-m-nbe-m5-16-5ghz-16dbi\/\" \/>\n<meta property=\"og:locale\" content=\"es_ES\" \/>\n<meta property=\"og:type\" content=\"article\" \/>\n<meta property=\"og:title\" content=\"Ubiquiti NanoBeam M NBE-M5-16 5GHz 16dBi - Aivlisoft Inform\u00e1tica\" \/>\n<meta property=\"og:description\" content=\"NanoBeam es un nuevo dispositivo adecuado para cliente inal&aacute;mbrico CPE, PtP y enlaces PtMP en la banda de 5 GHz que introduce importantes mejoras frente a interferencias. Cuenta con un procesador de alta velocidad para un mayor rendimiento. Su tecnolog&iacute;a permite enfocar la energ&iacute;a de RF en un paquete m&aacute;s peque&ntilde;o, evitando la interferencia de&hellip;&nbsp;Ubiquiti NanoBeam M NBE-M5-16 5GHz 16dBi\" \/>\n<meta property=\"og:url\" content=\"https:\/\/aivlisoft.net\/shop\/producto\/ubiquiti-nanobeam-m-nbe-m5-16-5ghz-16dbi\/\" \/>\n<meta property=\"og:site_name\" content=\"Aivlisoft Inform\u00e1tica\" \/>\n<meta property=\"article:modified_time\" content=\"2025-01-14T11:44:44+00:00\" \/>\n<meta property=\"og:image\" content=\"https:\/\/aivlisoft.net\/shop\/wp-content\/uploads\/2025\/01\/NSWPAC0128_800.jpg\" \/>\n\t<meta property=\"og:image:width\" content=\"800\" \/>\n\t<meta property=\"og:image:height\" content=\"800\" \/>\n\t<meta property=\"og:image:type\" content=\"image\/jpeg\" \/>\n<meta name=\"twitter:card\" content=\"summary_large_image\" \/>\n<meta name=\"twitter:label1\" content=\"Tiempo de lectura\" \/>\n\t<meta name=\"twitter:data1\" content=\"4 minutos\" \/>\n<script type=\"application\/ld+json\" class=\"yoast-schema-graph\">{\"@context\":\"https:\/\/schema.org\",\"@graph\":[{\"@type\":\"WebPage\",\"@id\":\"https:\/\/aivlisoft.net\/shop\/producto\/ubiquiti-nanobeam-m-nbe-m5-16-5ghz-16dbi\/\",\"url\":\"https:\/\/aivlisoft.net\/shop\/producto\/ubiquiti-nanobeam-m-nbe-m5-16-5ghz-16dbi\/\",\"name\":\"Ubiquiti NanoBeam M NBE-M5-16 5GHz 16dBi - Aivlisoft Inform\u00e1tica\",\"isPartOf\":{\"@id\":\"https:\/\/aivlisoft.net\/shop\/#website\"},\"primaryImageOfPage\":{\"@id\":\"https:\/\/aivlisoft.net\/shop\/producto\/ubiquiti-nanobeam-m-nbe-m5-16-5ghz-16dbi\/#primaryimage\"},\"image\":{\"@id\":\"https:\/\/aivlisoft.net\/shop\/producto\/ubiquiti-nanobeam-m-nbe-m5-16-5ghz-16dbi\/#primaryimage\"},\"thumbnailUrl\":\"https:\/\/aivlisoft.net\/shop\/wp-content\/uploads\/2025\/01\/NSWPAC0128_800.jpg\",\"datePublished\":\"2025-01-13T15:31:49+00:00\",\"dateModified\":\"2025-01-14T11:44:44+00:00\",\"breadcrumb\":{\"@id\":\"https:\/\/aivlisoft.net\/shop\/producto\/ubiquiti-nanobeam-m-nbe-m5-16-5ghz-16dbi\/#breadcrumb\"},\"inLanguage\":\"es\",\"potentialAction\":[{\"@type\":\"ReadAction\",\"target\":[\"https:\/\/aivlisoft.net\/shop\/producto\/ubiquiti-nanobeam-m-nbe-m5-16-5ghz-16dbi\/\"]}]},{\"@type\":\"ImageObject\",\"inLanguage\":\"es\",\"@id\":\"https:\/\/aivlisoft.net\/shop\/producto\/ubiquiti-nanobeam-m-nbe-m5-16-5ghz-16dbi\/#primaryimage\",\"url\":\"https:\/\/aivlisoft.net\/shop\/wp-content\/uploads\/2025\/01\/NSWPAC0128_800.jpg\",\"contentUrl\":\"https:\/\/aivlisoft.net\/shop\/wp-content\/uploads\/2025\/01\/NSWPAC0128_800.jpg\",\"width\":800,\"height\":800},{\"@type\":\"BreadcrumbList\",\"@id\":\"https:\/\/aivlisoft.net\/shop\/producto\/ubiquiti-nanobeam-m-nbe-m5-16-5ghz-16dbi\/#breadcrumb\",\"itemListElement\":[{\"@type\":\"ListItem\",\"position\":1,\"name\":\"Portada\",\"item\":\"https:\/\/aivlisoft.net\/shop\/\"},{\"@type\":\"ListItem\",\"position\":2,\"name\":\"Tienda\",\"item\":\"https:\/\/aivlisoft.net\/shop\/tienda\/\"},{\"@type\":\"ListItem\",\"position\":3,\"name\":\"Ubiquiti NanoBeam M NBE-M5-16 5GHz 16dBi\"}]},{\"@type\":\"WebSite\",\"@id\":\"https:\/\/aivlisoft.net\/shop\/#website\",\"url\":\"https:\/\/aivlisoft.net\/shop\/\",\"name\":\"Aivlisoft Inform\u00e1tica\",\"description\":\"En Aivlisoft Inform\u00e1tica ofrecemos soluciones tecnol\u00f3gicas para empresas: venta de ordenadores, consumibles, perif\u00e9ricos y m\u00e1s. Calidad, atenci\u00f3n personalizada y los mejores precios para tu negocio.\",\"publisher\":{\"@id\":\"https:\/\/aivlisoft.net\/shop\/#organization\"},\"potentialAction\":[{\"@type\":\"SearchAction\",\"target\":{\"@type\":\"EntryPoint\",\"urlTemplate\":\"https:\/\/aivlisoft.net\/shop\/?s={search_term_string}\"},\"query-input\":{\"@type\":\"PropertyValueSpecification\",\"valueRequired\":true,\"valueName\":\"search_term_string\"}}],\"inLanguage\":\"es\"},{\"@type\":\"Organization\",\"@id\":\"https:\/\/aivlisoft.net\/shop\/#organization\",\"name\":\"Aivlisoft Inform\u00e1tica\",\"url\":\"https:\/\/aivlisoft.net\/shop\/\",\"logo\":{\"@type\":\"ImageObject\",\"inLanguage\":\"es\",\"@id\":\"https:\/\/aivlisoft.net\/shop\/#\/schema\/logo\/image\/\",\"url\":\"https:\/\/aivlisoft.net\/shop\/wp-content\/uploads\/2024\/12\/removal.ai_5b848c54-0cdf-4140-95c5-c5536bb7573b-logodef.png\",\"contentUrl\":\"https:\/\/aivlisoft.net\/shop\/wp-content\/uploads\/2024\/12\/removal.ai_5b848c54-0cdf-4140-95c5-c5536bb7573b-logodef.png\",\"width\":484,\"height\":182,\"caption\":\"Aivlisoft Inform\u00e1tica\"},\"image\":{\"@id\":\"https:\/\/aivlisoft.net\/shop\/#\/schema\/logo\/image\/\"}}]}<\/script>\n<!-- \/ Yoast SEO plugin. -->","yoast_head_json":{"title":"Ubiquiti NanoBeam M NBE-M5-16 5GHz 16dBi - Aivlisoft Inform\u00e1tica","robots":{"index":"index","follow":"follow","max-snippet":"max-snippet:-1","max-image-preview":"max-image-preview:large","max-video-preview":"max-video-preview:-1"},"canonical":"https:\/\/aivlisoft.net\/shop\/producto\/ubiquiti-nanobeam-m-nbe-m5-16-5ghz-16dbi\/","og_locale":"es_ES","og_type":"article","og_title":"Ubiquiti NanoBeam M NBE-M5-16 5GHz 16dBi - Aivlisoft Inform\u00e1tica","og_description":"NanoBeam es un nuevo dispositivo adecuado para cliente inal&aacute;mbrico CPE, PtP y enlaces PtMP en la banda de 5 GHz que introduce importantes mejoras frente a interferencias. Cuenta con un procesador de alta velocidad para un mayor rendimiento. Su tecnolog&iacute;a permite enfocar la energ&iacute;a de RF en un paquete m&aacute;s peque&ntilde;o, evitando la interferencia de&hellip;&nbsp;Ubiquiti NanoBeam M NBE-M5-16 5GHz 16dBi","og_url":"https:\/\/aivlisoft.net\/shop\/producto\/ubiquiti-nanobeam-m-nbe-m5-16-5ghz-16dbi\/","og_site_name":"Aivlisoft Inform\u00e1tica","article_modified_time":"2025-01-14T11:44:44+00:00","og_image":[{"width":800,"height":800,"url":"https:\/\/aivlisoft.net\/shop\/wp-content\/uploads\/2025\/01\/NSWPAC0128_800.jpg","type":"image\/jpeg"}],"twitter_card":"summary_large_image","twitter_misc":{"Tiempo de lectura":"4 minutos"},"schema":{"@context":"https:\/\/schema.org","@graph":[{"@type":"WebPage","@id":"https:\/\/aivlisoft.net\/shop\/producto\/ubiquiti-nanobeam-m-nbe-m5-16-5ghz-16dbi\/","url":"https:\/\/aivlisoft.net\/shop\/producto\/ubiquiti-nanobeam-m-nbe-m5-16-5ghz-16dbi\/","name":"Ubiquiti NanoBeam M NBE-M5-16 5GHz 16dBi - Aivlisoft Inform\u00e1tica","isPartOf":{"@id":"https:\/\/aivlisoft.net\/shop\/#website"},"primaryImageOfPage":{"@id":"https:\/\/aivlisoft.net\/shop\/producto\/ubiquiti-nanobeam-m-nbe-m5-16-5ghz-16dbi\/#primaryimage"},"image":{"@id":"https:\/\/aivlisoft.net\/shop\/producto\/ubiquiti-nanobeam-m-nbe-m5-16-5ghz-16dbi\/#primaryimage"},"thumbnailUrl":"https:\/\/aivlisoft.net\/shop\/wp-content\/uploads\/2025\/01\/NSWPAC0128_800.jpg","datePublished":"2025-01-13T15:31:49+00:00","dateModified":"2025-01-14T11:44:44+00:00","breadcrumb":{"@id":"https:\/\/aivlisoft.net\/shop\/producto\/ubiquiti-nanobeam-m-nbe-m5-16-5ghz-16dbi\/#breadcrumb"},"inLanguage":"es","potentialAction":[{"@type":"ReadAction","target":["https:\/\/aivlisoft.net\/shop\/producto\/ubiquiti-nanobeam-m-nbe-m5-16-5ghz-16dbi\/"]}]},{"@type":"ImageObject","inLanguage":"es","@id":"https:\/\/aivlisoft.net\/shop\/producto\/ubiquiti-nanobeam-m-nbe-m5-16-5ghz-16dbi\/#primaryimage","url":"https:\/\/aivlisoft.net\/shop\/wp-content\/uploads\/2025\/01\/NSWPAC0128_800.jpg","contentUrl":"https:\/\/aivlisoft.net\/shop\/wp-content\/uploads\/2025\/01\/NSWPAC0128_800.jpg","width":800,"height":800},{"@type":"BreadcrumbList","@id":"https:\/\/aivlisoft.net\/shop\/producto\/ubiquiti-nanobeam-m-nbe-m5-16-5ghz-16dbi\/#breadcrumb","itemListElement":[{"@type":"ListItem","position":1,"name":"Portada","item":"https:\/\/aivlisoft.net\/shop\/"},{"@type":"ListItem","position":2,"name":"Tienda","item":"https:\/\/aivlisoft.net\/shop\/tienda\/"},{"@type":"ListItem","position":3,"name":"Ubiquiti NanoBeam M NBE-M5-16 5GHz 16dBi"}]},{"@type":"WebSite","@id":"https:\/\/aivlisoft.net\/shop\/#website","url":"https:\/\/aivlisoft.net\/shop\/","name":"Aivlisoft Inform\u00e1tica","description":"En Aivlisoft Inform\u00e1tica ofrecemos soluciones tecnol\u00f3gicas para empresas: venta de ordenadores, consumibles, perif\u00e9ricos y m\u00e1s. Calidad, atenci\u00f3n personalizada y los mejores precios para tu negocio.","publisher":{"@id":"https:\/\/aivlisoft.net\/shop\/#organization"},"potentialAction":[{"@type":"SearchAction","target":{"@type":"EntryPoint","urlTemplate":"https:\/\/aivlisoft.net\/shop\/?s={search_term_string}"},"query-input":{"@type":"PropertyValueSpecification","valueRequired":true,"valueName":"search_term_string"}}],"inLanguage":"es"},{"@type":"Organization","@id":"https:\/\/aivlisoft.net\/shop\/#organization","name":"Aivlisoft Inform\u00e1tica","url":"https:\/\/aivlisoft.net\/shop\/","logo":{"@type":"ImageObject","inLanguage":"es","@id":"https:\/\/aivlisoft.net\/shop\/#\/schema\/logo\/image\/","url":"https:\/\/aivlisoft.net\/shop\/wp-content\/uploads\/2024\/12\/removal.ai_5b848c54-0cdf-4140-95c5-c5536bb7573b-logodef.png","contentUrl":"https:\/\/aivlisoft.net\/shop\/wp-content\/uploads\/2024\/12\/removal.ai_5b848c54-0cdf-4140-95c5-c5536bb7573b-logodef.png","width":484,"height":182,"caption":"Aivlisoft Inform\u00e1tica"},"image":{"@id":"https:\/\/aivlisoft.net\/shop\/#\/schema\/logo\/image\/"}}]}},"_links":{"self":[{"href":"https:\/\/aivlisoft.net\/shop\/wp-json\/wp\/v2\/product\/19369","targetHints":{"allow":["GET"]}}],"collection":[{"href":"https:\/\/aivlisoft.net\/shop\/wp-json\/wp\/v2\/product"}],"about":[{"href":"https:\/\/aivlisoft.net\/shop\/wp-json\/wp\/v2\/types\/product"}],"wp:featuredmedia":[{"embeddable":true,"href":"https:\/\/aivlisoft.net\/shop\/wp-json\/wp\/v2\/media\/19370"}],"wp:attachment":[{"href":"https:\/\/aivlisoft.net\/shop\/wp-json\/wp\/v2\/media?parent=19369"}],"wp:term":[{"taxonomy":"product_brand","embeddable":true,"href":"https:\/\/aivlisoft.net\/shop\/wp-json\/wp\/v2\/product_brand?post=19369"},{"taxonomy":"product_cat","embeddable":true,"href":"https:\/\/aivlisoft.net\/shop\/wp-json\/wp\/v2\/product_cat?post=19369"},{"taxonomy":"product_tag","embeddable":true,"href":"https:\/\/aivlisoft.net\/shop\/wp-json\/wp\/v2\/product_tag?post=19369"}],"curies":[{"name":"wp","href":"https:\/\/api.w.org\/{rel}","templated":true}]}}