{"id":19367,"date":"2025-01-13T15:31:45","date_gmt":"2025-01-13T15:31:45","guid":{"rendered":"https:\/\/aivlisoft.com\/?post_type=product&#038;p=19367"},"modified":"2025-01-14T11:44:40","modified_gmt":"2025-01-14T11:44:40","slug":"ubiquiti-nanobeam-m-nbe-m5-19-5ghz-19dbi","status":"publish","type":"product","link":"https:\/\/aivlisoft.net\/shop\/producto\/ubiquiti-nanobeam-m-nbe-m5-19-5ghz-19dbi\/","title":{"rendered":"Ubiquiti NanoBeam M NBE-M5-19 5GHz 19dBi"},"content":{"rendered":"<table class=\"tabla_caracteristicas\" width=\"100%\">\n<tbody>\n<tr>\n<td><strong>Marca<\/strong><\/td>\n<td>Ubiquiti<\/td>\n<\/tr>\n<tr>\n<td><strong>Modelo<\/strong><\/td>\n<td>\n<div><strong>NBE-M5-19 NanoBeam AIRMAX<\/strong><\/div>\n<div>(NBE-M5-19)<\/div>\n<\/td>\n<\/tr>\n<tr>\n<td valign=\"top\"><strong>Caracter&iacute;sticas<\/strong><\/td>\n<td>\n<div>Especificaciones<br \/>\t\t\t&#8211; Procesador: Atheros MIPS 74KC, 560 MHz<br \/>\t\t\t&#8211; Informaci&oacute;n de la memoria: 64 MB DDR2, 8 MB Flash<br \/>\t\t\t&#8211; Interfaz de red: 1 x 10\/100\/100Base-TX (Cat. 5, RJ-45) GigE Interfaz Ethernet<br \/>\t\t\tCaracter&iacute;sticas de la antena<br \/>\t\t\t&#8211; Rango de frecuencia: 5,725 a 5,5850 GHz (EE.UU.), 5,170-5,875 (WW)<br \/>\t\t\t&#8211; Ganancia: <strong>19 dBi<\/strong> Dual Linear polarizado<br \/>\t\t\t&#8211; Consumo m&aacute;ximo de energ&iacute;a: 8 Watts<br \/>\t\t\t&#8211; Fuente de alimentaci&oacute;n: 24V, 0.5A Adaptador POE Incluido<br \/>\t\t\t&#8211; M&eacute;todo de alimentaci&oacute;n: PoE pasivo (pares 4,5 +; 7,8 return)<\/div>\n<\/td>\n<\/tr>\n<tr>\n<td valign=\"top\"><strong>Otras Caracter&iacute;sticas<\/strong><\/td>\n<td>\n<div>&#8211; Aprobaciones: FCC, IC, CE<br \/>\t\t\t&#8211; Conformidad RoHS: S&iacute;<\/div>\n<div>&#8211; Dimensiones: 189x189x125 mm<br \/>\t\t\t&#8211; Peso: 0.530g<br \/>\t\t\t&#8211; Caracter&iacute;sticas de la caja: UV estabilizado pl&aacute;stico al aire libre<br \/>\t\t\t&#8211; Kit de Montaje: Poste Kit de montaje incluido. Montaje en pared opcional.<\/div>\n<div>&#8211; Rango de temperatura de funcionamiento: -40 &deg; C a 70 &deg; C<br \/>\t\t\t&#8211; Carga del viento: 10.2 lbf @ 125 mph<br \/>\t\t\t&#8211; Resistencia al viento: 125 mph<br \/>\t\t\t&#8211; ESD \/ Protecci&oacute;n EMP: Aire: + \/ &#8211; 24 kV, en contacto con + \/ &#8211; 24kV<br \/>\t\t\t&#8211; Choque y vibraci&oacute;n: ETSI300-019 a 1,4<\/div>\n<\/td>\n<\/tr>\n<tr>\n<td><strong>Fecha de revisi&oacute;n<\/strong><\/td>\n<td>23-12-2014 por FE4<\/td>\n<\/tr>\n<\/tbody>\n<\/table>\n","protected":false},"excerpt":{"rendered":"<p>Marca Ubiquiti Modelo NBE-M5-19 NanoBeam AIRMAX (NBE-M5-19) Caracter&iacute;sticas Especificaciones &#8211; Procesador: Atheros MIPS 74KC, 560 MHz &#8211; Informaci&oacute;n de la memoria: 64 MB DDR2, 8 MB Flash &#8211; Interfaz de red: 1 x 10\/100\/100Base-TX (Cat. 5, RJ-45) GigE Interfaz Ethernet Caracter&iacute;sticas de la antena &#8211; Rango de frecuencia: 5,725 a 5,5850 GHz (EE.UU.), 5,170-5,875 (WW)&hellip;&nbsp;<a href=\"https:\/\/aivlisoft.net\/shop\/producto\/ubiquiti-nanobeam-m-nbe-m5-19-5ghz-19dbi\/\" rel=\"bookmark\"><span class=\"screen-reader-text\">Ubiquiti NanoBeam M NBE-M5-19 5GHz 19dBi<\/span><\/a><\/p>\n","protected":false},"featured_media":19368,"template":"","meta":{"neve_meta_sidebar":"","neve_meta_container":"","neve_meta_enable_content_width":"","neve_meta_content_width":0,"neve_meta_title_alignment":"","neve_meta_author_avatar":"","neve_post_elements_order":"","neve_meta_disable_header":"","neve_meta_disable_footer":"","neve_meta_disable_title":""},"product_brand":[],"product_cat":[8770],"product_tag":[7000],"class_list":{"0":"post-19367","1":"product","2":"type-product","3":"status-publish","4":"has-post-thumbnail","6":"product_cat-puntos-de-acceso","7":"product_tag-nbe-m5-19","9":"first","10":"instock","11":"taxable","12":"shipping-taxable","13":"purchasable","14":"product-type-simple"},"yoast_head":"<!-- This site is optimized with the Yoast SEO plugin v26.0 - https:\/\/yoast.com\/wordpress\/plugins\/seo\/ -->\n<title>Ubiquiti NanoBeam M NBE-M5-19 5GHz 19dBi - Aivlisoft Inform\u00e1tica<\/title>\n<meta name=\"robots\" content=\"index, follow, max-snippet:-1, max-image-preview:large, max-video-preview:-1\" \/>\n<link rel=\"canonical\" href=\"https:\/\/aivlisoft.net\/shop\/producto\/ubiquiti-nanobeam-m-nbe-m5-19-5ghz-19dbi\/\" \/>\n<meta property=\"og:locale\" content=\"es_ES\" \/>\n<meta property=\"og:type\" content=\"article\" \/>\n<meta property=\"og:title\" content=\"Ubiquiti NanoBeam M NBE-M5-19 5GHz 19dBi - Aivlisoft Inform\u00e1tica\" \/>\n<meta property=\"og:description\" content=\"Marca Ubiquiti Modelo NBE-M5-19 NanoBeam AIRMAX (NBE-M5-19) Caracter&iacute;sticas Especificaciones &#8211; Procesador: Atheros MIPS 74KC, 560 MHz &#8211; Informaci&oacute;n de la memoria: 64 MB DDR2, 8 MB Flash &#8211; Interfaz de red: 1 x 10\/100\/100Base-TX (Cat. 5, RJ-45) GigE Interfaz Ethernet Caracter&iacute;sticas de la antena &#8211; Rango de frecuencia: 5,725 a 5,5850 GHz (EE.UU.), 5,170-5,875 (WW)&hellip;&nbsp;Ubiquiti NanoBeam M NBE-M5-19 5GHz 19dBi\" \/>\n<meta property=\"og:url\" content=\"https:\/\/aivlisoft.net\/shop\/producto\/ubiquiti-nanobeam-m-nbe-m5-19-5ghz-19dbi\/\" \/>\n<meta property=\"og:site_name\" content=\"Aivlisoft Inform\u00e1tica\" \/>\n<meta property=\"article:modified_time\" content=\"2025-01-14T11:44:40+00:00\" \/>\n<meta property=\"og:image\" content=\"https:\/\/aivlisoft.net\/shop\/wp-content\/uploads\/2025\/01\/NSWPAC0125_large.jpg\" \/>\n\t<meta property=\"og:image:width\" content=\"400\" \/>\n\t<meta property=\"og:image:height\" content=\"400\" \/>\n\t<meta property=\"og:image:type\" content=\"image\/jpeg\" \/>\n<meta name=\"twitter:card\" content=\"summary_large_image\" \/>\n<meta name=\"twitter:label1\" content=\"Tiempo de lectura\" \/>\n\t<meta name=\"twitter:data1\" content=\"1 minuto\" \/>\n<script type=\"application\/ld+json\" class=\"yoast-schema-graph\">{\"@context\":\"https:\/\/schema.org\",\"@graph\":[{\"@type\":\"WebPage\",\"@id\":\"https:\/\/aivlisoft.net\/shop\/producto\/ubiquiti-nanobeam-m-nbe-m5-19-5ghz-19dbi\/\",\"url\":\"https:\/\/aivlisoft.net\/shop\/producto\/ubiquiti-nanobeam-m-nbe-m5-19-5ghz-19dbi\/\",\"name\":\"Ubiquiti NanoBeam M NBE-M5-19 5GHz 19dBi - Aivlisoft Inform\u00e1tica\",\"isPartOf\":{\"@id\":\"https:\/\/aivlisoft.net\/shop\/#website\"},\"primaryImageOfPage\":{\"@id\":\"https:\/\/aivlisoft.net\/shop\/producto\/ubiquiti-nanobeam-m-nbe-m5-19-5ghz-19dbi\/#primaryimage\"},\"image\":{\"@id\":\"https:\/\/aivlisoft.net\/shop\/producto\/ubiquiti-nanobeam-m-nbe-m5-19-5ghz-19dbi\/#primaryimage\"},\"thumbnailUrl\":\"https:\/\/aivlisoft.net\/shop\/wp-content\/uploads\/2025\/01\/NSWPAC0125_large.jpg\",\"datePublished\":\"2025-01-13T15:31:45+00:00\",\"dateModified\":\"2025-01-14T11:44:40+00:00\",\"breadcrumb\":{\"@id\":\"https:\/\/aivlisoft.net\/shop\/producto\/ubiquiti-nanobeam-m-nbe-m5-19-5ghz-19dbi\/#breadcrumb\"},\"inLanguage\":\"es\",\"potentialAction\":[{\"@type\":\"ReadAction\",\"target\":[\"https:\/\/aivlisoft.net\/shop\/producto\/ubiquiti-nanobeam-m-nbe-m5-19-5ghz-19dbi\/\"]}]},{\"@type\":\"ImageObject\",\"inLanguage\":\"es\",\"@id\":\"https:\/\/aivlisoft.net\/shop\/producto\/ubiquiti-nanobeam-m-nbe-m5-19-5ghz-19dbi\/#primaryimage\",\"url\":\"https:\/\/aivlisoft.net\/shop\/wp-content\/uploads\/2025\/01\/NSWPAC0125_large.jpg\",\"contentUrl\":\"https:\/\/aivlisoft.net\/shop\/wp-content\/uploads\/2025\/01\/NSWPAC0125_large.jpg\",\"width\":400,\"height\":400},{\"@type\":\"BreadcrumbList\",\"@id\":\"https:\/\/aivlisoft.net\/shop\/producto\/ubiquiti-nanobeam-m-nbe-m5-19-5ghz-19dbi\/#breadcrumb\",\"itemListElement\":[{\"@type\":\"ListItem\",\"position\":1,\"name\":\"Portada\",\"item\":\"https:\/\/aivlisoft.net\/shop\/\"},{\"@type\":\"ListItem\",\"position\":2,\"name\":\"Tienda\",\"item\":\"https:\/\/aivlisoft.net\/shop\/tienda\/\"},{\"@type\":\"ListItem\",\"position\":3,\"name\":\"Ubiquiti NanoBeam M NBE-M5-19 5GHz 19dBi\"}]},{\"@type\":\"WebSite\",\"@id\":\"https:\/\/aivlisoft.net\/shop\/#website\",\"url\":\"https:\/\/aivlisoft.net\/shop\/\",\"name\":\"Aivlisoft Inform\u00e1tica\",\"description\":\"En Aivlisoft Inform\u00e1tica ofrecemos soluciones tecnol\u00f3gicas para empresas: venta de ordenadores, consumibles, perif\u00e9ricos y m\u00e1s. Calidad, atenci\u00f3n personalizada y los mejores precios para tu negocio.\",\"publisher\":{\"@id\":\"https:\/\/aivlisoft.net\/shop\/#organization\"},\"potentialAction\":[{\"@type\":\"SearchAction\",\"target\":{\"@type\":\"EntryPoint\",\"urlTemplate\":\"https:\/\/aivlisoft.net\/shop\/?s={search_term_string}\"},\"query-input\":{\"@type\":\"PropertyValueSpecification\",\"valueRequired\":true,\"valueName\":\"search_term_string\"}}],\"inLanguage\":\"es\"},{\"@type\":\"Organization\",\"@id\":\"https:\/\/aivlisoft.net\/shop\/#organization\",\"name\":\"Aivlisoft Inform\u00e1tica\",\"url\":\"https:\/\/aivlisoft.net\/shop\/\",\"logo\":{\"@type\":\"ImageObject\",\"inLanguage\":\"es\",\"@id\":\"https:\/\/aivlisoft.net\/shop\/#\/schema\/logo\/image\/\",\"url\":\"https:\/\/aivlisoft.net\/shop\/wp-content\/uploads\/2024\/12\/removal.ai_5b848c54-0cdf-4140-95c5-c5536bb7573b-logodef.png\",\"contentUrl\":\"https:\/\/aivlisoft.net\/shop\/wp-content\/uploads\/2024\/12\/removal.ai_5b848c54-0cdf-4140-95c5-c5536bb7573b-logodef.png\",\"width\":484,\"height\":182,\"caption\":\"Aivlisoft Inform\u00e1tica\"},\"image\":{\"@id\":\"https:\/\/aivlisoft.net\/shop\/#\/schema\/logo\/image\/\"}}]}<\/script>\n<!-- \/ Yoast SEO plugin. -->","yoast_head_json":{"title":"Ubiquiti NanoBeam M NBE-M5-19 5GHz 19dBi - Aivlisoft Inform\u00e1tica","robots":{"index":"index","follow":"follow","max-snippet":"max-snippet:-1","max-image-preview":"max-image-preview:large","max-video-preview":"max-video-preview:-1"},"canonical":"https:\/\/aivlisoft.net\/shop\/producto\/ubiquiti-nanobeam-m-nbe-m5-19-5ghz-19dbi\/","og_locale":"es_ES","og_type":"article","og_title":"Ubiquiti NanoBeam M NBE-M5-19 5GHz 19dBi - Aivlisoft Inform\u00e1tica","og_description":"Marca Ubiquiti Modelo NBE-M5-19 NanoBeam AIRMAX (NBE-M5-19) Caracter&iacute;sticas Especificaciones &#8211; Procesador: Atheros MIPS 74KC, 560 MHz &#8211; Informaci&oacute;n de la memoria: 64 MB DDR2, 8 MB Flash &#8211; Interfaz de red: 1 x 10\/100\/100Base-TX (Cat. 5, RJ-45) GigE Interfaz Ethernet Caracter&iacute;sticas de la antena &#8211; Rango de frecuencia: 5,725 a 5,5850 GHz (EE.UU.), 5,170-5,875 (WW)&hellip;&nbsp;Ubiquiti NanoBeam M NBE-M5-19 5GHz 19dBi","og_url":"https:\/\/aivlisoft.net\/shop\/producto\/ubiquiti-nanobeam-m-nbe-m5-19-5ghz-19dbi\/","og_site_name":"Aivlisoft Inform\u00e1tica","article_modified_time":"2025-01-14T11:44:40+00:00","og_image":[{"width":400,"height":400,"url":"https:\/\/aivlisoft.net\/shop\/wp-content\/uploads\/2025\/01\/NSWPAC0125_large.jpg","type":"image\/jpeg"}],"twitter_card":"summary_large_image","twitter_misc":{"Tiempo de lectura":"1 minuto"},"schema":{"@context":"https:\/\/schema.org","@graph":[{"@type":"WebPage","@id":"https:\/\/aivlisoft.net\/shop\/producto\/ubiquiti-nanobeam-m-nbe-m5-19-5ghz-19dbi\/","url":"https:\/\/aivlisoft.net\/shop\/producto\/ubiquiti-nanobeam-m-nbe-m5-19-5ghz-19dbi\/","name":"Ubiquiti NanoBeam M NBE-M5-19 5GHz 19dBi - Aivlisoft Inform\u00e1tica","isPartOf":{"@id":"https:\/\/aivlisoft.net\/shop\/#website"},"primaryImageOfPage":{"@id":"https:\/\/aivlisoft.net\/shop\/producto\/ubiquiti-nanobeam-m-nbe-m5-19-5ghz-19dbi\/#primaryimage"},"image":{"@id":"https:\/\/aivlisoft.net\/shop\/producto\/ubiquiti-nanobeam-m-nbe-m5-19-5ghz-19dbi\/#primaryimage"},"thumbnailUrl":"https:\/\/aivlisoft.net\/shop\/wp-content\/uploads\/2025\/01\/NSWPAC0125_large.jpg","datePublished":"2025-01-13T15:31:45+00:00","dateModified":"2025-01-14T11:44:40+00:00","breadcrumb":{"@id":"https:\/\/aivlisoft.net\/shop\/producto\/ubiquiti-nanobeam-m-nbe-m5-19-5ghz-19dbi\/#breadcrumb"},"inLanguage":"es","potentialAction":[{"@type":"ReadAction","target":["https:\/\/aivlisoft.net\/shop\/producto\/ubiquiti-nanobeam-m-nbe-m5-19-5ghz-19dbi\/"]}]},{"@type":"ImageObject","inLanguage":"es","@id":"https:\/\/aivlisoft.net\/shop\/producto\/ubiquiti-nanobeam-m-nbe-m5-19-5ghz-19dbi\/#primaryimage","url":"https:\/\/aivlisoft.net\/shop\/wp-content\/uploads\/2025\/01\/NSWPAC0125_large.jpg","contentUrl":"https:\/\/aivlisoft.net\/shop\/wp-content\/uploads\/2025\/01\/NSWPAC0125_large.jpg","width":400,"height":400},{"@type":"BreadcrumbList","@id":"https:\/\/aivlisoft.net\/shop\/producto\/ubiquiti-nanobeam-m-nbe-m5-19-5ghz-19dbi\/#breadcrumb","itemListElement":[{"@type":"ListItem","position":1,"name":"Portada","item":"https:\/\/aivlisoft.net\/shop\/"},{"@type":"ListItem","position":2,"name":"Tienda","item":"https:\/\/aivlisoft.net\/shop\/tienda\/"},{"@type":"ListItem","position":3,"name":"Ubiquiti NanoBeam M NBE-M5-19 5GHz 19dBi"}]},{"@type":"WebSite","@id":"https:\/\/aivlisoft.net\/shop\/#website","url":"https:\/\/aivlisoft.net\/shop\/","name":"Aivlisoft Inform\u00e1tica","description":"En Aivlisoft Inform\u00e1tica ofrecemos soluciones tecnol\u00f3gicas para empresas: venta de ordenadores, consumibles, perif\u00e9ricos y m\u00e1s. Calidad, atenci\u00f3n personalizada y los mejores precios para tu negocio.","publisher":{"@id":"https:\/\/aivlisoft.net\/shop\/#organization"},"potentialAction":[{"@type":"SearchAction","target":{"@type":"EntryPoint","urlTemplate":"https:\/\/aivlisoft.net\/shop\/?s={search_term_string}"},"query-input":{"@type":"PropertyValueSpecification","valueRequired":true,"valueName":"search_term_string"}}],"inLanguage":"es"},{"@type":"Organization","@id":"https:\/\/aivlisoft.net\/shop\/#organization","name":"Aivlisoft Inform\u00e1tica","url":"https:\/\/aivlisoft.net\/shop\/","logo":{"@type":"ImageObject","inLanguage":"es","@id":"https:\/\/aivlisoft.net\/shop\/#\/schema\/logo\/image\/","url":"https:\/\/aivlisoft.net\/shop\/wp-content\/uploads\/2024\/12\/removal.ai_5b848c54-0cdf-4140-95c5-c5536bb7573b-logodef.png","contentUrl":"https:\/\/aivlisoft.net\/shop\/wp-content\/uploads\/2024\/12\/removal.ai_5b848c54-0cdf-4140-95c5-c5536bb7573b-logodef.png","width":484,"height":182,"caption":"Aivlisoft Inform\u00e1tica"},"image":{"@id":"https:\/\/aivlisoft.net\/shop\/#\/schema\/logo\/image\/"}}]}},"_links":{"self":[{"href":"https:\/\/aivlisoft.net\/shop\/wp-json\/wp\/v2\/product\/19367","targetHints":{"allow":["GET"]}}],"collection":[{"href":"https:\/\/aivlisoft.net\/shop\/wp-json\/wp\/v2\/product"}],"about":[{"href":"https:\/\/aivlisoft.net\/shop\/wp-json\/wp\/v2\/types\/product"}],"wp:featuredmedia":[{"embeddable":true,"href":"https:\/\/aivlisoft.net\/shop\/wp-json\/wp\/v2\/media\/19368"}],"wp:attachment":[{"href":"https:\/\/aivlisoft.net\/shop\/wp-json\/wp\/v2\/media?parent=19367"}],"wp:term":[{"taxonomy":"product_brand","embeddable":true,"href":"https:\/\/aivlisoft.net\/shop\/wp-json\/wp\/v2\/product_brand?post=19367"},{"taxonomy":"product_cat","embeddable":true,"href":"https:\/\/aivlisoft.net\/shop\/wp-json\/wp\/v2\/product_cat?post=19367"},{"taxonomy":"product_tag","embeddable":true,"href":"https:\/\/aivlisoft.net\/shop\/wp-json\/wp\/v2\/product_tag?post=19367"}],"curies":[{"name":"wp","href":"https:\/\/api.w.org\/{rel}","templated":true}]}}