{"id":19362,"date":"2025-01-13T15:31:42","date_gmt":"2025-01-13T15:31:42","guid":{"rendered":"https:\/\/aivlisoft.com\/?post_type=product&#038;p=19362"},"modified":"2025-01-14T11:44:38","modified_gmt":"2025-01-14T11:44:38","slug":"tp-link-re200-repetidor-wifi-ac750","status":"publish","type":"product","link":"https:\/\/aivlisoft.net\/shop\/producto\/tp-link-re200-repetidor-wifi-ac750\/","title":{"rendered":"TP-LINK RE200 Repetidor WiFi AC750"},"content":{"rendered":"<div><strong>Extensor de cobertura Wi-Fi Universal AC750 WiFi<br \/>RE200<\/strong><\/div>\n<div>&nbsp;<\/div>\n<div><strong>Prestaciones:<\/strong><br \/>&#8211; El modo Extensor de Cobertura amplifica la se&ntilde;al inal&aacute;mbrica perfectamente hasta zonas donde antes no llegaba o que son dif&iacute;ciles de cablear<br \/>&#8211; S&oacute;lo necesita pulsar el bot&oacute;n Range Extender para ampliar f&aacute;cilmente la cobertura inal&aacute;mbrica<br \/>&#8211; Compatible con dispositivos inal&aacute;mbricos 802.11 b\/g\/n y 802.11ac<br \/>&#8211; Velocidad en Banda Dual de hasta 750 Mbps<br \/>&#8211; Su dise&ntilde;o de tama&ntilde;o en miniatura para montaje en pared facilita la instalaci&oacute;n y permite un traslado flexible<br \/>&#8211; El puerto Ethernet permite funcionar al Extensor como adaptador inal&aacute;mbrico para conectar dispositivos cableados<\/div>\n<div>&nbsp;<\/div>\n<div>\n<div><strong>Amplifique la cobertura del router a la banda dual<\/strong><br \/>El RE200 expande su cobertura WiFi existente con la tecnolog&iacute;a WiFi 11AC de pr&oacute;xima generaci&oacute;n. Funciona con cualquier router WiFi est&aacute;ndar y crea conexiones de banda dual en &aacute;reas dif&iacute;ciles de alcanzar, lo que le permite disfrutar de cobertura inal&aacute;mbrica sin fisuras a trav&eacute;s de su hogar u oficina.<\/div>\n<div>&nbsp;<\/div>\n<div><strong>Wi-Fi 11AC de siguiente generaci&oacute;n<\/strong><br \/>Cree un acceso m&aacute;s r&aacute;pido a los dispositivos WiFi 802.11ac y 802.11b\/g\/n. El RE200 ofrece r&aacute;pidas velocidades en banda dual de hasta 750Mbps y proporciona conexiones fiables para ordenadores port&aacute;tiles, tel&eacute;fonos inteligentes, tablets y otros dispositivos con capacidad inal&aacute;mbrica.<\/div>\n<div>Disfrute de S&uacute;per Velocidad con su modo de alta velocidad<br \/>Con la tecnolog&iacute;a de alta velocidad, el RE200 hace mejor uso de las dos bandas para establecer conexiones s&uacute;per r&aacute;pidas &#8211; ideal para la transmisi&oacute;n de v&iacute;deo de alta definici&oacute;n, los juegos en l&iacute;nea y otras tareas intensivas de banda ancha.<\/div>\n<div>&nbsp;<\/div>\n<div><strong>F&aacute;cil configuraci&oacute;n y colocaci&oacute;n flexible<\/strong><br \/>Presione el bot&oacute;n WPS en el router y el bot&oacute;n Range Extender en su RE200 para conectarse f&aacute;cilmente a la red. Una vez conectado a un router existente, s&oacute;lo tiene que desenchufar y enchufar el RE200 de vuelta en cualquier lugar dentro del alcance inal&aacute;mbrico del router existente sin necesidad de configurar el extensor de nuevo.<\/div>\n<div>&nbsp;<\/div>\n<div><strong>Adaptador de Entretenimiento<\/strong><br \/>El puerto Ethernet del RE200 permite al extensor para funcionar como un adaptador inal&aacute;mbrico para conectar dispositivos cableados, tales como reproductores Blu-ray&reg;, consolas de videojuegos, grabadoras de DVD y televisores. Al mismo tiempo, el dispositivo puede compartir la red inal&aacute;mbrica tambi&eacute;n.<\/div>\n<\/div>\n<p>&nbsp;<\/p>\n<table class=\"tabla_caracteristicas\" width=\"100%\">\n<tr>\n<td><strong>Marca<\/strong><\/td>\n<td>TP-LINK<\/td>\n<\/tr>\n<tr>\n<td><strong>Modelo<\/strong><\/td>\n<td><strong>RE200<\/strong><\/td>\n<\/tr>\n<tr>\n<td valign=\"top\"><strong>Caracter&iacute;sticas<\/strong><\/td>\n<td><strong>Hardware<\/strong><br \/>\t\t\t&#8211; Est&aacute;ndares y protocolos:<br \/>\t\t\t&nbsp; IEEE802.11ac,IEEE 802.11n, IEEE 802.11g, IEEE 802.11b<br \/>\t\t\t&#8211; Interfaces:<br \/>\t\t\t&nbsp; 1 puerto 10\/100M Ethernet (RJ45)<br \/>\t\t\t&#8211; Botones:<br \/>\t\t\t&nbsp; Bot&oacute;n RE (Range Extender), Bot&oacute;n de Reset<br \/>\t\t\t&#8211; Dimensiones (W X D X H):<br \/>\t\t\t&nbsp; 110.0 x 65.8 x 75.2mm<br \/>\t\t\t&#8211; Antenas: 3 internas<br \/>\t\t\t&#8211; Consumo de potencia: Sobre 6.5W<br \/>\t\t\t<strong>Caracter&iacute;sticas inal&aacute;mbricas<\/strong><br \/>\t\t\t&#8211; Frecuencia: 2.4GHz y 5GHz<br \/>\t\t\t&#8211; Tasas de transferencia:<br \/>\t\t\t&nbsp; 5GHz:Hasta 433Mbps<br \/>\t\t\t&nbsp; 2.4GHz:Hasta 300Mpbs<br \/>\t\t\t&#8211; PIRE: &lt; 20 dBm (PIRE)<br \/>\t\t\t<strong>Sensibilidad de Recepci&oacute;n<\/strong><br \/>\t\t\t2.4G:<br \/>\t\t\t&#8211; 270M: -70dBm@10% PER<br \/>\t\t\t&#8211; 130M: -70dBm@10% PER<br \/>\t\t\t&#8211; 108M: -73dBm@10% PER<br \/>\t\t\t&#8211; 54M: -75dBm@10% PER<br \/>\t\t\t&#8211; 11M: -86dBm@8% PER<br \/>\t\t\t&#8211; 6M: -92dBm@10% PER<br \/>\t\t\t&#8211; 1M: -94dBm@8% PER<br \/>\t\t\t5G:<br \/>\t\t\t&#8211; 390M: -60dBm@10% PER<br \/>\t\t\t&#8211; 29.3M: -83dBm@10% PER<br \/>\t\t\t&#8211; 180M: -64dBm@10% PER<br \/>\t\t\t&#8211; 13.5M: -87dBm@10% PER<br \/>\t\t\t&#8211; 78M: -68dBm@10% PER<br \/>\t\t\t&#8211; 6.5M: -90dBm@10% PER<br \/>\t\t\t&#8211; 54M: -75dBm@10% PER<br \/>\t\t\t&#8211; 6M?-90dBm@10% PER<br \/>\t\t\t<strong>Modos Inal&aacute;mbricos:<\/strong><br \/>\t\t\t&#8211; Extensor de Rango<br \/>\t\t\t&#8211; Funciones Inal&aacute;mbricas:<br \/>\t\t\t&nbsp; WMM (Wi-Fi Multimedia)<br \/>\t\t\t&#8211; Estad&iacute;sticas inal&aacute;mbricas<br \/>\t\t\t&nbsp; Funci&oacute;n Login por Dominio<br \/>\t\t\t&#8211; Seguridad Inal&aacute;mbrica:<br \/>\t\t\t&nbsp; 64\/128\/152-bit WEP<br \/>\t\t\t&nbsp; WPA-PSK \/ WPA2-PSK<\/td>\n<\/tr>\n<tr>\n<td valign=\"top\"><strong>Otras Caracter&iacute;sticas<\/strong><\/td>\n<td>\n<div>\n<div>\n<div>\n<div>&#8211; Certificaciones: CE, FCC, RoHS<br \/>\t\t\t&#8211; Contenido del Paquete:<br \/>\t\t\t&nbsp; Extensor de Cobertura WiFi Universal AC750 RE200<br \/>\t\t\t&nbsp; Cable Ethernet RJ-45<br \/>\t\t\t&nbsp; CD de utilidades<br \/>\t\t\t&nbsp; Gu&iacute;a R&aacute;pida de Instalaci&oacute;n<br \/>\t\t\t&#8211; Requisitos del sistema:<br \/>\t\t\t&nbsp; Microsoft&reg; Windows&reg; 98SE, NT, 2000, XP, Vista o Windows 7, 8, Mac&reg; OS, NetWare&reg;, UNIX&reg; o Linux.<br \/>\t\t\t&#8211; Factores ambientales:<br \/>\t\t\t&nbsp; Temperatura de Funcionamiento: 0&deg;C~40&deg;C (32&deg;F~104&deg;F)<br \/>\t\t\t&nbsp; Temperatura de Almacenamiento: -40&deg;C~70&deg;C (-40&deg;F~158&deg;F)<br \/>\t\t\t&nbsp; Humedad de Funcionamiento: 10%~90% sin condensaci&oacute;n<br \/>\t\t\t&nbsp; Humedad de Almacenamiento: 5%~90% sin condensaci&oacute;n<\/div>\n<\/p><\/div>\n<\/p><\/div>\n<\/p><\/div>\n<\/td>\n<\/tr>\n<tr>\n<td><strong>Fecha de revisi&oacute;n<\/strong><\/td>\n<td>14-11-2014 por FE4<\/td>\n<\/tr>\n<\/table>\n","protected":false},"excerpt":{"rendered":"<p>Extensor de cobertura Wi-Fi Universal AC750 WiFiRE200 &nbsp; Prestaciones:&#8211; El modo Extensor de Cobertura amplifica la se&ntilde;al inal&aacute;mbrica perfectamente hasta zonas donde antes no llegaba o que son dif&iacute;ciles de cablear&#8211; S&oacute;lo necesita pulsar el bot&oacute;n Range Extender para ampliar f&aacute;cilmente la cobertura inal&aacute;mbrica&#8211; Compatible con dispositivos inal&aacute;mbricos 802.11 b\/g\/n y 802.11ac&#8211; Velocidad en Banda&hellip;&nbsp;<a href=\"https:\/\/aivlisoft.net\/shop\/producto\/tp-link-re200-repetidor-wifi-ac750\/\" rel=\"bookmark\"><span class=\"screen-reader-text\">TP-LINK RE200 Repetidor WiFi AC750<\/span><\/a><\/p>\n","protected":false},"featured_media":19363,"template":"","meta":{"neve_meta_sidebar":"","neve_meta_container":"","neve_meta_enable_content_width":"","neve_meta_content_width":0,"neve_meta_title_alignment":"","neve_meta_author_avatar":"","neve_post_elements_order":"","neve_meta_disable_header":"","neve_meta_disable_footer":"","neve_meta_disable_title":""},"product_brand":[],"product_cat":[8770],"product_tag":[6999],"class_list":{"0":"post-19362","1":"product","2":"type-product","3":"status-publish","4":"has-post-thumbnail","6":"product_cat-puntos-de-acceso","7":"product_tag-re200","9":"first","10":"instock","11":"taxable","12":"shipping-taxable","13":"purchasable","14":"product-type-simple"},"yoast_head":"<!-- This site is optimized with the Yoast SEO plugin v26.0 - https:\/\/yoast.com\/wordpress\/plugins\/seo\/ -->\n<title>TP-LINK RE200 Repetidor WiFi AC750 - Aivlisoft Inform\u00e1tica<\/title>\n<meta name=\"robots\" content=\"index, follow, max-snippet:-1, max-image-preview:large, max-video-preview:-1\" \/>\n<link rel=\"canonical\" href=\"https:\/\/aivlisoft.net\/shop\/producto\/tp-link-re200-repetidor-wifi-ac750\/\" \/>\n<meta property=\"og:locale\" content=\"es_ES\" \/>\n<meta property=\"og:type\" content=\"article\" \/>\n<meta property=\"og:title\" content=\"TP-LINK RE200 Repetidor WiFi AC750 - Aivlisoft Inform\u00e1tica\" \/>\n<meta property=\"og:description\" content=\"Extensor de cobertura Wi-Fi Universal AC750 WiFiRE200 &nbsp; Prestaciones:&#8211; El modo Extensor de Cobertura amplifica la se&ntilde;al inal&aacute;mbrica perfectamente hasta zonas donde antes no llegaba o que son dif&iacute;ciles de cablear&#8211; S&oacute;lo necesita pulsar el bot&oacute;n Range Extender para ampliar f&aacute;cilmente la cobertura inal&aacute;mbrica&#8211; Compatible con dispositivos inal&aacute;mbricos 802.11 b\/g\/n y 802.11ac&#8211; Velocidad en Banda&hellip;&nbsp;TP-LINK RE200 Repetidor WiFi AC750\" \/>\n<meta property=\"og:url\" content=\"https:\/\/aivlisoft.net\/shop\/producto\/tp-link-re200-repetidor-wifi-ac750\/\" \/>\n<meta property=\"og:site_name\" content=\"Aivlisoft Inform\u00e1tica\" \/>\n<meta property=\"article:modified_time\" content=\"2025-01-14T11:44:38+00:00\" \/>\n<meta property=\"og:image\" content=\"https:\/\/aivlisoft.net\/shop\/wp-content\/uploads\/2025\/01\/NSWPAC0123_800.jpg\" \/>\n\t<meta property=\"og:image:width\" content=\"800\" \/>\n\t<meta property=\"og:image:height\" content=\"800\" \/>\n\t<meta property=\"og:image:type\" content=\"image\/jpeg\" \/>\n<meta name=\"twitter:card\" content=\"summary_large_image\" \/>\n<meta name=\"twitter:label1\" content=\"Tiempo de lectura\" \/>\n\t<meta name=\"twitter:data1\" content=\"4 minutos\" \/>\n<script type=\"application\/ld+json\" class=\"yoast-schema-graph\">{\"@context\":\"https:\/\/schema.org\",\"@graph\":[{\"@type\":\"WebPage\",\"@id\":\"https:\/\/aivlisoft.net\/shop\/producto\/tp-link-re200-repetidor-wifi-ac750\/\",\"url\":\"https:\/\/aivlisoft.net\/shop\/producto\/tp-link-re200-repetidor-wifi-ac750\/\",\"name\":\"TP-LINK RE200 Repetidor WiFi AC750 - Aivlisoft Inform\u00e1tica\",\"isPartOf\":{\"@id\":\"https:\/\/aivlisoft.net\/shop\/#website\"},\"primaryImageOfPage\":{\"@id\":\"https:\/\/aivlisoft.net\/shop\/producto\/tp-link-re200-repetidor-wifi-ac750\/#primaryimage\"},\"image\":{\"@id\":\"https:\/\/aivlisoft.net\/shop\/producto\/tp-link-re200-repetidor-wifi-ac750\/#primaryimage\"},\"thumbnailUrl\":\"https:\/\/aivlisoft.net\/shop\/wp-content\/uploads\/2025\/01\/NSWPAC0123_800.jpg\",\"datePublished\":\"2025-01-13T15:31:42+00:00\",\"dateModified\":\"2025-01-14T11:44:38+00:00\",\"breadcrumb\":{\"@id\":\"https:\/\/aivlisoft.net\/shop\/producto\/tp-link-re200-repetidor-wifi-ac750\/#breadcrumb\"},\"inLanguage\":\"es\",\"potentialAction\":[{\"@type\":\"ReadAction\",\"target\":[\"https:\/\/aivlisoft.net\/shop\/producto\/tp-link-re200-repetidor-wifi-ac750\/\"]}]},{\"@type\":\"ImageObject\",\"inLanguage\":\"es\",\"@id\":\"https:\/\/aivlisoft.net\/shop\/producto\/tp-link-re200-repetidor-wifi-ac750\/#primaryimage\",\"url\":\"https:\/\/aivlisoft.net\/shop\/wp-content\/uploads\/2025\/01\/NSWPAC0123_800.jpg\",\"contentUrl\":\"https:\/\/aivlisoft.net\/shop\/wp-content\/uploads\/2025\/01\/NSWPAC0123_800.jpg\",\"width\":800,\"height\":800},{\"@type\":\"BreadcrumbList\",\"@id\":\"https:\/\/aivlisoft.net\/shop\/producto\/tp-link-re200-repetidor-wifi-ac750\/#breadcrumb\",\"itemListElement\":[{\"@type\":\"ListItem\",\"position\":1,\"name\":\"Portada\",\"item\":\"https:\/\/aivlisoft.net\/shop\/\"},{\"@type\":\"ListItem\",\"position\":2,\"name\":\"Tienda\",\"item\":\"https:\/\/aivlisoft.net\/shop\/tienda\/\"},{\"@type\":\"ListItem\",\"position\":3,\"name\":\"TP-LINK RE200 Repetidor WiFi AC750\"}]},{\"@type\":\"WebSite\",\"@id\":\"https:\/\/aivlisoft.net\/shop\/#website\",\"url\":\"https:\/\/aivlisoft.net\/shop\/\",\"name\":\"Aivlisoft Inform\u00e1tica\",\"description\":\"En Aivlisoft Inform\u00e1tica ofrecemos soluciones tecnol\u00f3gicas para empresas: venta de ordenadores, consumibles, perif\u00e9ricos y m\u00e1s. Calidad, atenci\u00f3n personalizada y los mejores precios para tu negocio.\",\"publisher\":{\"@id\":\"https:\/\/aivlisoft.net\/shop\/#organization\"},\"potentialAction\":[{\"@type\":\"SearchAction\",\"target\":{\"@type\":\"EntryPoint\",\"urlTemplate\":\"https:\/\/aivlisoft.net\/shop\/?s={search_term_string}\"},\"query-input\":{\"@type\":\"PropertyValueSpecification\",\"valueRequired\":true,\"valueName\":\"search_term_string\"}}],\"inLanguage\":\"es\"},{\"@type\":\"Organization\",\"@id\":\"https:\/\/aivlisoft.net\/shop\/#organization\",\"name\":\"Aivlisoft Inform\u00e1tica\",\"url\":\"https:\/\/aivlisoft.net\/shop\/\",\"logo\":{\"@type\":\"ImageObject\",\"inLanguage\":\"es\",\"@id\":\"https:\/\/aivlisoft.net\/shop\/#\/schema\/logo\/image\/\",\"url\":\"https:\/\/aivlisoft.net\/shop\/wp-content\/uploads\/2024\/12\/removal.ai_5b848c54-0cdf-4140-95c5-c5536bb7573b-logodef.png\",\"contentUrl\":\"https:\/\/aivlisoft.net\/shop\/wp-content\/uploads\/2024\/12\/removal.ai_5b848c54-0cdf-4140-95c5-c5536bb7573b-logodef.png\",\"width\":484,\"height\":182,\"caption\":\"Aivlisoft Inform\u00e1tica\"},\"image\":{\"@id\":\"https:\/\/aivlisoft.net\/shop\/#\/schema\/logo\/image\/\"}}]}<\/script>\n<!-- \/ Yoast SEO plugin. -->","yoast_head_json":{"title":"TP-LINK RE200 Repetidor WiFi AC750 - Aivlisoft Inform\u00e1tica","robots":{"index":"index","follow":"follow","max-snippet":"max-snippet:-1","max-image-preview":"max-image-preview:large","max-video-preview":"max-video-preview:-1"},"canonical":"https:\/\/aivlisoft.net\/shop\/producto\/tp-link-re200-repetidor-wifi-ac750\/","og_locale":"es_ES","og_type":"article","og_title":"TP-LINK RE200 Repetidor WiFi AC750 - Aivlisoft Inform\u00e1tica","og_description":"Extensor de cobertura Wi-Fi Universal AC750 WiFiRE200 &nbsp; Prestaciones:&#8211; El modo Extensor de Cobertura amplifica la se&ntilde;al inal&aacute;mbrica perfectamente hasta zonas donde antes no llegaba o que son dif&iacute;ciles de cablear&#8211; S&oacute;lo necesita pulsar el bot&oacute;n Range Extender para ampliar f&aacute;cilmente la cobertura inal&aacute;mbrica&#8211; Compatible con dispositivos inal&aacute;mbricos 802.11 b\/g\/n y 802.11ac&#8211; Velocidad en Banda&hellip;&nbsp;TP-LINK RE200 Repetidor WiFi AC750","og_url":"https:\/\/aivlisoft.net\/shop\/producto\/tp-link-re200-repetidor-wifi-ac750\/","og_site_name":"Aivlisoft Inform\u00e1tica","article_modified_time":"2025-01-14T11:44:38+00:00","og_image":[{"width":800,"height":800,"url":"https:\/\/aivlisoft.net\/shop\/wp-content\/uploads\/2025\/01\/NSWPAC0123_800.jpg","type":"image\/jpeg"}],"twitter_card":"summary_large_image","twitter_misc":{"Tiempo de lectura":"4 minutos"},"schema":{"@context":"https:\/\/schema.org","@graph":[{"@type":"WebPage","@id":"https:\/\/aivlisoft.net\/shop\/producto\/tp-link-re200-repetidor-wifi-ac750\/","url":"https:\/\/aivlisoft.net\/shop\/producto\/tp-link-re200-repetidor-wifi-ac750\/","name":"TP-LINK RE200 Repetidor WiFi AC750 - Aivlisoft Inform\u00e1tica","isPartOf":{"@id":"https:\/\/aivlisoft.net\/shop\/#website"},"primaryImageOfPage":{"@id":"https:\/\/aivlisoft.net\/shop\/producto\/tp-link-re200-repetidor-wifi-ac750\/#primaryimage"},"image":{"@id":"https:\/\/aivlisoft.net\/shop\/producto\/tp-link-re200-repetidor-wifi-ac750\/#primaryimage"},"thumbnailUrl":"https:\/\/aivlisoft.net\/shop\/wp-content\/uploads\/2025\/01\/NSWPAC0123_800.jpg","datePublished":"2025-01-13T15:31:42+00:00","dateModified":"2025-01-14T11:44:38+00:00","breadcrumb":{"@id":"https:\/\/aivlisoft.net\/shop\/producto\/tp-link-re200-repetidor-wifi-ac750\/#breadcrumb"},"inLanguage":"es","potentialAction":[{"@type":"ReadAction","target":["https:\/\/aivlisoft.net\/shop\/producto\/tp-link-re200-repetidor-wifi-ac750\/"]}]},{"@type":"ImageObject","inLanguage":"es","@id":"https:\/\/aivlisoft.net\/shop\/producto\/tp-link-re200-repetidor-wifi-ac750\/#primaryimage","url":"https:\/\/aivlisoft.net\/shop\/wp-content\/uploads\/2025\/01\/NSWPAC0123_800.jpg","contentUrl":"https:\/\/aivlisoft.net\/shop\/wp-content\/uploads\/2025\/01\/NSWPAC0123_800.jpg","width":800,"height":800},{"@type":"BreadcrumbList","@id":"https:\/\/aivlisoft.net\/shop\/producto\/tp-link-re200-repetidor-wifi-ac750\/#breadcrumb","itemListElement":[{"@type":"ListItem","position":1,"name":"Portada","item":"https:\/\/aivlisoft.net\/shop\/"},{"@type":"ListItem","position":2,"name":"Tienda","item":"https:\/\/aivlisoft.net\/shop\/tienda\/"},{"@type":"ListItem","position":3,"name":"TP-LINK RE200 Repetidor WiFi AC750"}]},{"@type":"WebSite","@id":"https:\/\/aivlisoft.net\/shop\/#website","url":"https:\/\/aivlisoft.net\/shop\/","name":"Aivlisoft Inform\u00e1tica","description":"En Aivlisoft Inform\u00e1tica ofrecemos soluciones tecnol\u00f3gicas para empresas: venta de ordenadores, consumibles, perif\u00e9ricos y m\u00e1s. Calidad, atenci\u00f3n personalizada y los mejores precios para tu negocio.","publisher":{"@id":"https:\/\/aivlisoft.net\/shop\/#organization"},"potentialAction":[{"@type":"SearchAction","target":{"@type":"EntryPoint","urlTemplate":"https:\/\/aivlisoft.net\/shop\/?s={search_term_string}"},"query-input":{"@type":"PropertyValueSpecification","valueRequired":true,"valueName":"search_term_string"}}],"inLanguage":"es"},{"@type":"Organization","@id":"https:\/\/aivlisoft.net\/shop\/#organization","name":"Aivlisoft Inform\u00e1tica","url":"https:\/\/aivlisoft.net\/shop\/","logo":{"@type":"ImageObject","inLanguage":"es","@id":"https:\/\/aivlisoft.net\/shop\/#\/schema\/logo\/image\/","url":"https:\/\/aivlisoft.net\/shop\/wp-content\/uploads\/2024\/12\/removal.ai_5b848c54-0cdf-4140-95c5-c5536bb7573b-logodef.png","contentUrl":"https:\/\/aivlisoft.net\/shop\/wp-content\/uploads\/2024\/12\/removal.ai_5b848c54-0cdf-4140-95c5-c5536bb7573b-logodef.png","width":484,"height":182,"caption":"Aivlisoft Inform\u00e1tica"},"image":{"@id":"https:\/\/aivlisoft.net\/shop\/#\/schema\/logo\/image\/"}}]}},"_links":{"self":[{"href":"https:\/\/aivlisoft.net\/shop\/wp-json\/wp\/v2\/product\/19362","targetHints":{"allow":["GET"]}}],"collection":[{"href":"https:\/\/aivlisoft.net\/shop\/wp-json\/wp\/v2\/product"}],"about":[{"href":"https:\/\/aivlisoft.net\/shop\/wp-json\/wp\/v2\/types\/product"}],"wp:featuredmedia":[{"embeddable":true,"href":"https:\/\/aivlisoft.net\/shop\/wp-json\/wp\/v2\/media\/19363"}],"wp:attachment":[{"href":"https:\/\/aivlisoft.net\/shop\/wp-json\/wp\/v2\/media?parent=19362"}],"wp:term":[{"taxonomy":"product_brand","embeddable":true,"href":"https:\/\/aivlisoft.net\/shop\/wp-json\/wp\/v2\/product_brand?post=19362"},{"taxonomy":"product_cat","embeddable":true,"href":"https:\/\/aivlisoft.net\/shop\/wp-json\/wp\/v2\/product_cat?post=19362"},{"taxonomy":"product_tag","embeddable":true,"href":"https:\/\/aivlisoft.net\/shop\/wp-json\/wp\/v2\/product_tag?post=19362"}],"curies":[{"name":"wp","href":"https:\/\/api.w.org\/{rel}","templated":true}]}}