{"id":19357,"date":"2025-01-13T15:31:40","date_gmt":"2025-01-13T15:31:40","guid":{"rendered":"https:\/\/aivlisoft.com\/?post_type=product&#038;p=19357"},"modified":"2025-01-14T11:44:37","modified_gmt":"2025-01-14T11:44:37","slug":"tp-link-cpe210-punto-acceso-n300-poe","status":"publish","type":"product","link":"https:\/\/aivlisoft.net\/shop\/producto\/tp-link-cpe210-punto-acceso-n300-poe\/","title":{"rendered":"TP-LINK CPE210 Punto Acceso N300 PoE"},"content":{"rendered":"<div>\n<div><strong>CPE de Exterior a 2.4GHz 300Mbps 9dBi<br \/>CPE210<\/strong><\/div>\n<div>&nbsp;<\/div>\n<div><strong>Prestaciones:<\/strong><br \/>&#8211; Construido en 9dBi 2&#215;2 antena MIMO polarizada dualmente y direccional<br \/>&#8211; Potencia de transmisi&oacute;n ajustable desde 0 hasta 27dBm\/500mw<br \/>&#8211; Optimizaciones de nivel de sistemas para m&aacute;s de 5 kil&oacute;metros de transmisi&oacute;n Wi-Fi<br \/>&#8211; La tecnolog&iacute;a Pharos MAXtream TDMA (Time-Division-Multiple-Access) de TP-LINK mejora el rendimiento del producto, capacidad y latencia, ideales para aplicaciones PTMP<br \/>&#8211; Sistema de configuraci&oacute;n centralizada &ndash; Pharos Control<br \/>&#8211; Modos de operaciones disponibles: Punto de acceso \/ Cliente \/ Repetidor \/ Router Punto de Acceso \/ AP Client Router (WISP)<br \/>&#8211; El adaptador PoE pasivo soporta hasta 60 metros (200 pies) de despliegue en Power over Ethernet y permite el dispositivo ser reseteado de manera remota<\/div>\n<div>&nbsp;<\/div>\n<\/div>\n<p><\/p>\n<table class=\"tabla_caracteristicas k-table\" width=\"100%\">\n<tbody>\n<tr>\n<td><strong>Marca<\/strong><\/td>\n<td>TP-LINK<\/td>\n<\/tr>\n<tr>\n<td><strong>Modelo<\/strong><\/td>\n<td><strong>CPE210<\/strong><\/td>\n<\/tr>\n<tr>\n<td valign=\"top\"><strong>Caracter&iacute;sticas<\/strong><\/td>\n<td>\n<div>&#8211; Procesador:<br \/>&nbsp; Qualcomm Atheros 560MHz CPU, MIPS 74Kc<br \/>&#8211; Memoria:<br \/>&nbsp; 64MB DDR2 RAM, 8MB Flash<br \/>&#8211; Interfaces:<br \/>&nbsp; 1 puerto Ethernet protegido10\/100Mbps (LAN0,Passive PoE)<br \/>&nbsp;&nbsp;1 Terminal con toma a tierra<br \/>&nbsp; 1 Bot&oacute;n de reset<\/div>\n<div>CARACTER&Iacute;STICAS INAL&Aacute;MBRICAS<br \/>&#8211; Est&aacute;ndares Inal&aacute;mbricos:<br \/>&nbsp; IEEE 802.11b\/g\/n (with Pharos MAXtream disabled)<br \/>&#8211; Proprietary Protocol:<br \/>&nbsp; TDMA Mode (with Pharos MAXtream enabled)<br \/>&#8211; Wireless Speeds:<br \/>&nbsp; Hasta 300Mbps (40MHz,Din&aacute;mico)<br \/>&nbsp; Hasta 144.4Mbps (20MHz, Din&aacute;mico)<br \/>&nbsp; Hasta 72.2Mbps (10MHz, Din&aacute;mico)<br \/>&nbsp; Hasta 36.1Mbps (5MHz, Din&aacute;mico)<br \/>&#8211; Frecuencia: 2.4~2.483GHz<\/div>\n<div>CARACTER&Iacute;STICAS DE SOFTWARE<br \/>&#8211; Wireless Configurations:<br \/>&nbsp; Pharos MAXtream TDMA Technology<br \/>&#8211; Modos 802.11b\/g\/n<br \/>&nbsp; Ancho de banda seleccionable: 5\/10\/20\/40MHz<br \/>&nbsp; Selecci&oacute;n autom&aacute;tica de canal<br \/>&nbsp; Control de la potencia de transmisi&oacute;n<br \/>&nbsp; Selecci&oacute;n de frecuencias din&aacute;mica (DFS)<br \/>&#8211; WDS habilitado\/deshabilitado<br \/>&#8211; Seguridad: WPA\/WPA2, WPA-PSK\/WPA2-PSK (AES\/TKIP) con encriptaci&oacute;n<br \/>&#8211; Encriptaci&oacute;n de 64\/128\/152 bit WEP<br \/>&#8211; SSID Broadcast habilitado\/deshabilitado<br \/>&#8211; Multi-SSID con taggeado VLAN (Solamente en modo AP)<br \/>&#8211; Distancia\/ACK Timeout Setting<br \/>&#8211; Filtrado mediante direcciones MAC por wifi<br \/>&#8211; Caracter&iacute;sticas avanzadas wifi:<br \/>&nbsp; Beacon Interval\/RTS Threshold\/Fragmentation<br \/>&nbsp; Threshold\/DTIM Interval\/AP Isolation\/Short GI\/Wi-Fi Multimedia<br \/>&#8211; Gesti&oacute;n:<br \/>&nbsp; Descubrir y manejar de manera remota mediante la aplicaci&oacute;n de Control Pharos<br \/>&#8211; Administraci&oacute;n basada en web HTTP\/HTTPS<br \/>&#8211; Sistema de registros<br \/>&nbsp; SNMP Agent(v2c)<br \/>&nbsp; Ping Watch Dog<br \/>&nbsp; Dynamic DNS<br \/>&nbsp; Servidor SSH<br \/>&#8211; System Tools<br \/>&nbsp; Indicadores de la calidad de la se&ntilde;al Wi-Fi:<br \/>&nbsp; Intensidad de la se&ntilde;al\/Ruido\/CCQ de transmisi&oacute;n\/CPU\/Memoria<br \/>&nbsp; Monitores: Throughput\/Stations\/Interfaces\/ARP\/Routes\/WAN\/DHCP<br \/>&nbsp; Analizador de espectro<br \/>&#8211; Test de velocidad<br \/>&nbsp; Ping<br \/>&nbsp; Trace route<br \/>&#8211; System-level Optimizations:<br \/>&nbsp; Optimizado el IGMP Snooping\/Proxy para aplicaciones multicast<br \/>&#8211; Watchdog por hardware<\/div>\n<\/td>\n<\/tr>\n<tr>\n<td valign=\"top\"><strong>Otras Caracter&iacute;sticas<\/strong><\/td>\n<td>\n<div>\n<div>\n<div>\n<div>&#8211; Certificaciones: CE, FCC, RoHS, IPX5<br \/>&#8211; Contenido del Paquete:<br \/>&nbsp; CPE externo inal&aacute;mbrico<br \/>&nbsp; Adaptador POE pasivo de 24V 1A<br \/>&nbsp; Correas de montaje<br \/>&nbsp; Cable de alimentaci&oacute;n<br \/>&nbsp; Gu&iacute;a de instalaci&oacute;n<br \/>&#8211; Requisitos del sistema:<br \/>&nbsp; Microsoft Windows 98SE, NT, 2000, XP, Vista&trade; or Windows 8, Windows 7, MAC OS, NetWare, UNIX or Linux.<br \/>&#8211; Factores ambientales:<br \/>&nbsp; Temperatura en funcionamiento: -30&deg;C~70&deg;C (-22?~158?)<br \/>&nbsp; Temperatura almacenaje: -40?~70? (-40?~158?)<br \/>&nbsp; Humedad en funcionamiento: 10%~90% sin condensaci&oacute;n<br \/>&nbsp; Humedad de almacenamiento: 5%~95% sin condensaci&oacute;n<br \/>FUNCIONES ADAPTADOR POE<br \/>&#8211; Bot&oacute;n de reset remoto<br \/>&#8211; Certificationes:<br \/>&nbsp; CE\/FCC\/UL\/IC\/GS\/PSB\/C-tick\/SAA\/S-Mark\/KC-mark<br \/>&#8211; Dimensiones(W x D x H):<br \/>&nbsp; 110*57*33.5mm<br \/>&#8211; Eficiencia: &gt;80%<br \/>&#8211; Input&nbsp;&nbsp; &nbsp;100-240VAC, 50\/60Hz<br \/>&#8211; Input Current: 0.8A Max @ 100VAC<br \/>&#8211; Input Voltage: 100VA~240VAC @ 50Hz~60Hz<br \/>&#8211; Interfaces:<br \/>&nbsp; 1 AC Jack con toma a tierra<br \/>&nbsp; 1 puerto Ethernet protegido 10\/100Mbps (Power + Data)<br \/>&#8211; Output Voltage: 24VDC(+4,5pins; -7,8pins)<br \/>&#8211; Power Status LEDs:<br \/>&nbsp; 0~0.8A: Verde<br \/>&nbsp; 0.8A~1.0A: Rojo<\/div>\n<\/div>\n<\/div>\n<\/div>\n<\/td>\n<\/tr>\n<tr>\n<td><strong>Fecha de revisi&oacute;n<\/strong><\/td>\n<td>05-12-2014 por FE4<\/td>\n<\/tr>\n<\/tbody>\n<\/table>\n","protected":false},"excerpt":{"rendered":"<p>CPE de Exterior a 2.4GHz 300Mbps 9dBiCPE210 &nbsp; Prestaciones:&#8211; Construido en 9dBi 2&#215;2 antena MIMO polarizada dualmente y direccional&#8211; Potencia de transmisi&oacute;n ajustable desde 0 hasta 27dBm\/500mw&#8211; Optimizaciones de nivel de sistemas para m&aacute;s de 5 kil&oacute;metros de transmisi&oacute;n Wi-Fi&#8211; La tecnolog&iacute;a Pharos MAXtream TDMA (Time-Division-Multiple-Access) de TP-LINK mejora el rendimiento del producto, capacidad y&hellip;&nbsp;<a href=\"https:\/\/aivlisoft.net\/shop\/producto\/tp-link-cpe210-punto-acceso-n300-poe\/\" rel=\"bookmark\"><span class=\"screen-reader-text\">TP-LINK CPE210 Punto Acceso N300 PoE<\/span><\/a><\/p>\n","protected":false},"featured_media":19358,"template":"","meta":{"neve_meta_sidebar":"","neve_meta_container":"","neve_meta_enable_content_width":"","neve_meta_content_width":0,"neve_meta_title_alignment":"","neve_meta_author_avatar":"","neve_post_elements_order":"","neve_meta_disable_header":"","neve_meta_disable_footer":"","neve_meta_disable_title":""},"product_brand":[],"product_cat":[8770],"product_tag":[6998],"class_list":{"0":"post-19357","1":"product","2":"type-product","3":"status-publish","4":"has-post-thumbnail","6":"product_cat-puntos-de-acceso","7":"product_tag-cpe210","9":"first","10":"instock","11":"taxable","12":"shipping-taxable","13":"purchasable","14":"product-type-simple"},"yoast_head":"<!-- This site is optimized with the Yoast SEO plugin v26.0 - https:\/\/yoast.com\/wordpress\/plugins\/seo\/ -->\n<title>TP-LINK CPE210 Punto Acceso N300 PoE - Aivlisoft Inform\u00e1tica<\/title>\n<meta name=\"robots\" content=\"index, follow, max-snippet:-1, max-image-preview:large, max-video-preview:-1\" \/>\n<link rel=\"canonical\" href=\"https:\/\/aivlisoft.net\/shop\/producto\/tp-link-cpe210-punto-acceso-n300-poe\/\" \/>\n<meta property=\"og:locale\" content=\"es_ES\" \/>\n<meta property=\"og:type\" content=\"article\" \/>\n<meta property=\"og:title\" content=\"TP-LINK CPE210 Punto Acceso N300 PoE - Aivlisoft Inform\u00e1tica\" \/>\n<meta property=\"og:description\" content=\"CPE de Exterior a 2.4GHz 300Mbps 9dBiCPE210 &nbsp; Prestaciones:&#8211; Construido en 9dBi 2&#215;2 antena MIMO polarizada dualmente y direccional&#8211; Potencia de transmisi&oacute;n ajustable desde 0 hasta 27dBm\/500mw&#8211; Optimizaciones de nivel de sistemas para m&aacute;s de 5 kil&oacute;metros de transmisi&oacute;n Wi-Fi&#8211; La tecnolog&iacute;a Pharos MAXtream TDMA (Time-Division-Multiple-Access) de TP-LINK mejora el rendimiento del producto, capacidad y&hellip;&nbsp;TP-LINK CPE210 Punto Acceso N300 PoE\" \/>\n<meta property=\"og:url\" content=\"https:\/\/aivlisoft.net\/shop\/producto\/tp-link-cpe210-punto-acceso-n300-poe\/\" \/>\n<meta property=\"og:site_name\" content=\"Aivlisoft Inform\u00e1tica\" \/>\n<meta property=\"article:modified_time\" content=\"2025-01-14T11:44:37+00:00\" \/>\n<meta property=\"og:image\" content=\"https:\/\/aivlisoft.net\/shop\/wp-content\/uploads\/2025\/01\/NSWPAC0122_800.jpg\" \/>\n\t<meta property=\"og:image:width\" content=\"800\" \/>\n\t<meta property=\"og:image:height\" content=\"800\" \/>\n\t<meta property=\"og:image:type\" content=\"image\/jpeg\" \/>\n<meta name=\"twitter:card\" content=\"summary_large_image\" \/>\n<meta name=\"twitter:label1\" content=\"Tiempo de lectura\" \/>\n\t<meta name=\"twitter:data1\" content=\"3 minutos\" \/>\n<script type=\"application\/ld+json\" class=\"yoast-schema-graph\">{\"@context\":\"https:\/\/schema.org\",\"@graph\":[{\"@type\":\"WebPage\",\"@id\":\"https:\/\/aivlisoft.net\/shop\/producto\/tp-link-cpe210-punto-acceso-n300-poe\/\",\"url\":\"https:\/\/aivlisoft.net\/shop\/producto\/tp-link-cpe210-punto-acceso-n300-poe\/\",\"name\":\"TP-LINK CPE210 Punto Acceso N300 PoE - Aivlisoft Inform\u00e1tica\",\"isPartOf\":{\"@id\":\"https:\/\/aivlisoft.net\/shop\/#website\"},\"primaryImageOfPage\":{\"@id\":\"https:\/\/aivlisoft.net\/shop\/producto\/tp-link-cpe210-punto-acceso-n300-poe\/#primaryimage\"},\"image\":{\"@id\":\"https:\/\/aivlisoft.net\/shop\/producto\/tp-link-cpe210-punto-acceso-n300-poe\/#primaryimage\"},\"thumbnailUrl\":\"https:\/\/aivlisoft.net\/shop\/wp-content\/uploads\/2025\/01\/NSWPAC0122_800.jpg\",\"datePublished\":\"2025-01-13T15:31:40+00:00\",\"dateModified\":\"2025-01-14T11:44:37+00:00\",\"breadcrumb\":{\"@id\":\"https:\/\/aivlisoft.net\/shop\/producto\/tp-link-cpe210-punto-acceso-n300-poe\/#breadcrumb\"},\"inLanguage\":\"es\",\"potentialAction\":[{\"@type\":\"ReadAction\",\"target\":[\"https:\/\/aivlisoft.net\/shop\/producto\/tp-link-cpe210-punto-acceso-n300-poe\/\"]}]},{\"@type\":\"ImageObject\",\"inLanguage\":\"es\",\"@id\":\"https:\/\/aivlisoft.net\/shop\/producto\/tp-link-cpe210-punto-acceso-n300-poe\/#primaryimage\",\"url\":\"https:\/\/aivlisoft.net\/shop\/wp-content\/uploads\/2025\/01\/NSWPAC0122_800.jpg\",\"contentUrl\":\"https:\/\/aivlisoft.net\/shop\/wp-content\/uploads\/2025\/01\/NSWPAC0122_800.jpg\",\"width\":800,\"height\":800},{\"@type\":\"BreadcrumbList\",\"@id\":\"https:\/\/aivlisoft.net\/shop\/producto\/tp-link-cpe210-punto-acceso-n300-poe\/#breadcrumb\",\"itemListElement\":[{\"@type\":\"ListItem\",\"position\":1,\"name\":\"Portada\",\"item\":\"https:\/\/aivlisoft.net\/shop\/\"},{\"@type\":\"ListItem\",\"position\":2,\"name\":\"Tienda\",\"item\":\"https:\/\/aivlisoft.net\/shop\/tienda\/\"},{\"@type\":\"ListItem\",\"position\":3,\"name\":\"TP-LINK CPE210 Punto Acceso N300 PoE\"}]},{\"@type\":\"WebSite\",\"@id\":\"https:\/\/aivlisoft.net\/shop\/#website\",\"url\":\"https:\/\/aivlisoft.net\/shop\/\",\"name\":\"Aivlisoft Inform\u00e1tica\",\"description\":\"En Aivlisoft Inform\u00e1tica ofrecemos soluciones tecnol\u00f3gicas para empresas: venta de ordenadores, consumibles, perif\u00e9ricos y m\u00e1s. Calidad, atenci\u00f3n personalizada y los mejores precios para tu negocio.\",\"publisher\":{\"@id\":\"https:\/\/aivlisoft.net\/shop\/#organization\"},\"potentialAction\":[{\"@type\":\"SearchAction\",\"target\":{\"@type\":\"EntryPoint\",\"urlTemplate\":\"https:\/\/aivlisoft.net\/shop\/?s={search_term_string}\"},\"query-input\":{\"@type\":\"PropertyValueSpecification\",\"valueRequired\":true,\"valueName\":\"search_term_string\"}}],\"inLanguage\":\"es\"},{\"@type\":\"Organization\",\"@id\":\"https:\/\/aivlisoft.net\/shop\/#organization\",\"name\":\"Aivlisoft Inform\u00e1tica\",\"url\":\"https:\/\/aivlisoft.net\/shop\/\",\"logo\":{\"@type\":\"ImageObject\",\"inLanguage\":\"es\",\"@id\":\"https:\/\/aivlisoft.net\/shop\/#\/schema\/logo\/image\/\",\"url\":\"https:\/\/aivlisoft.net\/shop\/wp-content\/uploads\/2024\/12\/removal.ai_5b848c54-0cdf-4140-95c5-c5536bb7573b-logodef.png\",\"contentUrl\":\"https:\/\/aivlisoft.net\/shop\/wp-content\/uploads\/2024\/12\/removal.ai_5b848c54-0cdf-4140-95c5-c5536bb7573b-logodef.png\",\"width\":484,\"height\":182,\"caption\":\"Aivlisoft Inform\u00e1tica\"},\"image\":{\"@id\":\"https:\/\/aivlisoft.net\/shop\/#\/schema\/logo\/image\/\"}}]}<\/script>\n<!-- \/ Yoast SEO plugin. -->","yoast_head_json":{"title":"TP-LINK CPE210 Punto Acceso N300 PoE - Aivlisoft Inform\u00e1tica","robots":{"index":"index","follow":"follow","max-snippet":"max-snippet:-1","max-image-preview":"max-image-preview:large","max-video-preview":"max-video-preview:-1"},"canonical":"https:\/\/aivlisoft.net\/shop\/producto\/tp-link-cpe210-punto-acceso-n300-poe\/","og_locale":"es_ES","og_type":"article","og_title":"TP-LINK CPE210 Punto Acceso N300 PoE - Aivlisoft Inform\u00e1tica","og_description":"CPE de Exterior a 2.4GHz 300Mbps 9dBiCPE210 &nbsp; Prestaciones:&#8211; Construido en 9dBi 2&#215;2 antena MIMO polarizada dualmente y direccional&#8211; Potencia de transmisi&oacute;n ajustable desde 0 hasta 27dBm\/500mw&#8211; Optimizaciones de nivel de sistemas para m&aacute;s de 5 kil&oacute;metros de transmisi&oacute;n Wi-Fi&#8211; La tecnolog&iacute;a Pharos MAXtream TDMA (Time-Division-Multiple-Access) de TP-LINK mejora el rendimiento del producto, capacidad y&hellip;&nbsp;TP-LINK CPE210 Punto Acceso N300 PoE","og_url":"https:\/\/aivlisoft.net\/shop\/producto\/tp-link-cpe210-punto-acceso-n300-poe\/","og_site_name":"Aivlisoft Inform\u00e1tica","article_modified_time":"2025-01-14T11:44:37+00:00","og_image":[{"width":800,"height":800,"url":"https:\/\/aivlisoft.net\/shop\/wp-content\/uploads\/2025\/01\/NSWPAC0122_800.jpg","type":"image\/jpeg"}],"twitter_card":"summary_large_image","twitter_misc":{"Tiempo de lectura":"3 minutos"},"schema":{"@context":"https:\/\/schema.org","@graph":[{"@type":"WebPage","@id":"https:\/\/aivlisoft.net\/shop\/producto\/tp-link-cpe210-punto-acceso-n300-poe\/","url":"https:\/\/aivlisoft.net\/shop\/producto\/tp-link-cpe210-punto-acceso-n300-poe\/","name":"TP-LINK CPE210 Punto Acceso N300 PoE - Aivlisoft Inform\u00e1tica","isPartOf":{"@id":"https:\/\/aivlisoft.net\/shop\/#website"},"primaryImageOfPage":{"@id":"https:\/\/aivlisoft.net\/shop\/producto\/tp-link-cpe210-punto-acceso-n300-poe\/#primaryimage"},"image":{"@id":"https:\/\/aivlisoft.net\/shop\/producto\/tp-link-cpe210-punto-acceso-n300-poe\/#primaryimage"},"thumbnailUrl":"https:\/\/aivlisoft.net\/shop\/wp-content\/uploads\/2025\/01\/NSWPAC0122_800.jpg","datePublished":"2025-01-13T15:31:40+00:00","dateModified":"2025-01-14T11:44:37+00:00","breadcrumb":{"@id":"https:\/\/aivlisoft.net\/shop\/producto\/tp-link-cpe210-punto-acceso-n300-poe\/#breadcrumb"},"inLanguage":"es","potentialAction":[{"@type":"ReadAction","target":["https:\/\/aivlisoft.net\/shop\/producto\/tp-link-cpe210-punto-acceso-n300-poe\/"]}]},{"@type":"ImageObject","inLanguage":"es","@id":"https:\/\/aivlisoft.net\/shop\/producto\/tp-link-cpe210-punto-acceso-n300-poe\/#primaryimage","url":"https:\/\/aivlisoft.net\/shop\/wp-content\/uploads\/2025\/01\/NSWPAC0122_800.jpg","contentUrl":"https:\/\/aivlisoft.net\/shop\/wp-content\/uploads\/2025\/01\/NSWPAC0122_800.jpg","width":800,"height":800},{"@type":"BreadcrumbList","@id":"https:\/\/aivlisoft.net\/shop\/producto\/tp-link-cpe210-punto-acceso-n300-poe\/#breadcrumb","itemListElement":[{"@type":"ListItem","position":1,"name":"Portada","item":"https:\/\/aivlisoft.net\/shop\/"},{"@type":"ListItem","position":2,"name":"Tienda","item":"https:\/\/aivlisoft.net\/shop\/tienda\/"},{"@type":"ListItem","position":3,"name":"TP-LINK CPE210 Punto Acceso N300 PoE"}]},{"@type":"WebSite","@id":"https:\/\/aivlisoft.net\/shop\/#website","url":"https:\/\/aivlisoft.net\/shop\/","name":"Aivlisoft Inform\u00e1tica","description":"En Aivlisoft Inform\u00e1tica ofrecemos soluciones tecnol\u00f3gicas para empresas: venta de ordenadores, consumibles, perif\u00e9ricos y m\u00e1s. Calidad, atenci\u00f3n personalizada y los mejores precios para tu negocio.","publisher":{"@id":"https:\/\/aivlisoft.net\/shop\/#organization"},"potentialAction":[{"@type":"SearchAction","target":{"@type":"EntryPoint","urlTemplate":"https:\/\/aivlisoft.net\/shop\/?s={search_term_string}"},"query-input":{"@type":"PropertyValueSpecification","valueRequired":true,"valueName":"search_term_string"}}],"inLanguage":"es"},{"@type":"Organization","@id":"https:\/\/aivlisoft.net\/shop\/#organization","name":"Aivlisoft Inform\u00e1tica","url":"https:\/\/aivlisoft.net\/shop\/","logo":{"@type":"ImageObject","inLanguage":"es","@id":"https:\/\/aivlisoft.net\/shop\/#\/schema\/logo\/image\/","url":"https:\/\/aivlisoft.net\/shop\/wp-content\/uploads\/2024\/12\/removal.ai_5b848c54-0cdf-4140-95c5-c5536bb7573b-logodef.png","contentUrl":"https:\/\/aivlisoft.net\/shop\/wp-content\/uploads\/2024\/12\/removal.ai_5b848c54-0cdf-4140-95c5-c5536bb7573b-logodef.png","width":484,"height":182,"caption":"Aivlisoft Inform\u00e1tica"},"image":{"@id":"https:\/\/aivlisoft.net\/shop\/#\/schema\/logo\/image\/"}}]}},"_links":{"self":[{"href":"https:\/\/aivlisoft.net\/shop\/wp-json\/wp\/v2\/product\/19357","targetHints":{"allow":["GET"]}}],"collection":[{"href":"https:\/\/aivlisoft.net\/shop\/wp-json\/wp\/v2\/product"}],"about":[{"href":"https:\/\/aivlisoft.net\/shop\/wp-json\/wp\/v2\/types\/product"}],"wp:featuredmedia":[{"embeddable":true,"href":"https:\/\/aivlisoft.net\/shop\/wp-json\/wp\/v2\/media\/19358"}],"wp:attachment":[{"href":"https:\/\/aivlisoft.net\/shop\/wp-json\/wp\/v2\/media?parent=19357"}],"wp:term":[{"taxonomy":"product_brand","embeddable":true,"href":"https:\/\/aivlisoft.net\/shop\/wp-json\/wp\/v2\/product_brand?post=19357"},{"taxonomy":"product_cat","embeddable":true,"href":"https:\/\/aivlisoft.net\/shop\/wp-json\/wp\/v2\/product_cat?post=19357"},{"taxonomy":"product_tag","embeddable":true,"href":"https:\/\/aivlisoft.net\/shop\/wp-json\/wp\/v2\/product_tag?post=19357"}],"curies":[{"name":"wp","href":"https:\/\/api.w.org\/{rel}","templated":true}]}}