{"id":19342,"date":"2025-01-13T15:31:32","date_gmt":"2025-01-13T15:31:32","guid":{"rendered":"https:\/\/aivlisoft.com\/?post_type=product&#038;p=19342"},"modified":"2025-01-14T11:44:34","modified_gmt":"2025-01-14T11:44:34","slug":"tp-link-tl-wa860re-repetidor-wifi-n300","status":"publish","type":"product","link":"https:\/\/aivlisoft.net\/shop\/producto\/tp-link-tl-wa860re-repetidor-wifi-n300\/","title":{"rendered":"TP-LINK TL-WA860RE Repetidor WiFi N300"},"content":{"rendered":"<div style=\"text-align:justify;\">Extensor de Rango Wi-Fi a 300 Mbps con enchufe adicional<br \/><strong>TL-WA860RE<\/strong><\/p>\n<p><strong>Prestaciones:<\/strong><br \/>&#8211; El modo Extensor de Cobertura amplifica la se&ntilde;al inal&aacute;mbrica perfectamente hasta zonas donde antes no llegaba o que son dif&iacute;ciles de cablear<br \/>&#8211; Su dise&ntilde;o de tama&ntilde;o en miniatura para montaje en pared facilita la instalaci&oacute;n y permite un traslado flexible<br \/>&#8211; Su enchufe extra le asegura de que no pierde ninguna toma de corriente<br \/>&#8211; 2 antenas externas desmontables le proporcionan una cobertura WiFi excelente y una alta fiabilidad<br \/>&#8211; Ampl&iacute;e f&aacute;cilmente la cobertura inal&aacute;mbrica con s&oacute;lo pulsar el bot&oacute;n Range Extender<\/p>\n<p><strong>Para qu&eacute; sirve este producto<\/strong><br \/>El TL-WA860RE de TP-LINK est&aacute; dise&ntilde;ado para expandir c&oacute;modamente la cobertura y mejorar la intensidad de la se&ntilde;al de una red inal&aacute;mbrica existente para eliminar las zonas muertas. Con velocidades inal&aacute;mbricas N a 300Mbps, bot&oacute;n Range Extender y dise&ntilde;o de tama&ntilde;o en miniatura para montaje en pared, expandir una red inal&aacute;mbrica nunca hab&iacute;a sido tan sencillo. M&aacute;s, su toma de corriente extra hace que &eacute;sta est&eacute; disponible para otros dispositivos el&eacute;ctricos. Adem&aacute;s, su Puerto Ethernet permite al TL-WA860RE actuar como un adaptador inal&aacute;mbrico para convertir un dispositivo cableado en uno inal&aacute;mbrico.<\/p>\n<p><strong>Extensor de Rango a 300Mbps<\/strong><br \/>El TL-WA860RE est&aacute; dise&ntilde;ado para expandir c&oacute;modamente la cobertura y mejorar la intensidad de la se&ntilde;al de una red inal&aacute;mbrica existente para eliminar las zonas muertas, ayudando a los usuarios a mantener una red inal&aacute;mbrica existente y mejorar enormemente la cobertura de la red. Con velocidades inal&aacute;mbricas 802.11n a 300Mbps, es ideal para video HD fluido, streaming de m&uacute;sica y juegos en red.<\/p>\n<p><strong>Instalaci&oacute;n Sencilla<\/strong><br \/>El dise&ntilde;o de tama&ntilde;o en miniatura para montaje en pared del dispositivo facilita la instalaci&oacute;n y hace flexible su traslado. Adem&aacute;s, la funci&oacute;n de perfil del TL-WA860RE recuerda las redes inal&aacute;mbricas previamente emparejadas, lo que significa que no es necesario reiniciar el dispositivo cuando se cambia de router asociado.<\/p>\n<p><strong>Enchufe adicional para dispositivos adicionales<\/strong><br \/>Con su toma de corriente integrada, el nuevo TL-WA860RE proporciona comodidad en su red dom&eacute;stica. La toma de corriente integrada permite a un dispositivo adicional poder ser conectado al Range Extender como si se tratara de un enchufe de pared normal. Esto asegura que incluso con el TL-WA860RE enchufado, ninguna toma de corriente se va a perder.<\/p>\n<p><strong>Enchufe y listo<\/strong><br \/>Sin nuevo cableado, dentro del alcance de su red inal&aacute;mbrica existente, los usuarios podr&aacute;n expandir f&aacute;cilmente la cobertura inal&aacute;mbrica con solo pulsar el bot&oacute;n WPS en su router y despu&eacute;s el bot&oacute;n Range Extender en su TL-WA860RE o viceversa.<\/p>\n<p><strong>Cobertura superior<\/strong><br \/>Con 2 antenas externas desmontables combinadas con una tecnolog&iacute;a de antena de mayor calidad, usted puede experimentar de una cobertura WiFi excelente y una fiabilidad excelente sin importar donde se conecte en su hogar.<\/p>\n<p><strong>Puente Ethernet<\/strong><br \/>El &uacute;nico puerto Ethernet del TL-WA860RE permite al Extensor funcionar como un adaptador inal&aacute;mbrico para conectar dispositivos cableados como reproductores Blu-ray&reg;, consolas de juegos, v&iacute;deo-grabadores digitales y TV con acceso a Internet. Al mismo tiempo, el dispositivo puede compartir la red inal&aacute;mbrica.<\/p>\n<p><strong>Indicador Luminoso Inteligente de Se&ntilde;al<\/strong><br \/>Sus indicadores luminosos pueden ayudarle a encontrar la ubicaci&oacute;n id&oacute;nea para colocar el extensor de rango; y que de esta manera, el TL-WA860RE pueda lograr el mejor alcance y rendimiento de la red que sean posibles.<\/p>\n<p><strong>Compatibilidad Universal<\/strong><br \/>Funciona sin problemas con todos los dispositivos inal&aacute;mbricos 802.11 b\/g\/n.<br \/>&nbsp;<\/div>\n<p><\/p>\n<table class=\"tabla_caracteristicas\" width=\"100%\">\n<tbody>\n<tr>\n<td valign=\"top\" width=\"35%\"><b><small><font face=\"Tahoma,Arial, Helvetica, sans-serif\" style=\"font-size: 11px;\">Marca<\/font><\/small><\/b><\/td>\n<td valign=\"top\" width=\"65%\"><small><font face=\"Tahoma,Arial, Helvetica, sans-serif\" style=\"font-size: 11px;\">TP-LINK<\/font><\/small><\/td>\n<\/tr>\n<tr>\n<td valign=\"top\" width=\"35%\"><b><small><font face=\"Tahoma,Arial, Helvetica, sans-serif\" style=\"font-size: 11px;\">Modelo<\/font><\/small><\/b><\/td>\n<td valign=\"top\" width=\"65%\">\n<div><small><font face=\"Tahoma,Arial, Helvetica, sans-serif\" style=\"font-size: 11px;\"><b>TL-WA860RE <\/b><\/font><\/small><\/div>\n<\/td>\n<\/tr>\n<tr>\n<td valign=\"top\" width=\"35%\"><b><small><font face=\"Tahoma,Arial, Helvetica, sans-serif\" style=\"font-size: 11px;\">Caracter&iacute;sticas<\/font><\/small><\/b><\/td>\n<td valign=\"top\" width=\"65%\">\n<div><small><font face=\"Tahoma,Arial, Helvetica, sans-serif\" style=\"font-size: 11px;\">&#8211; Est&aacute;ndares y protocolos:<br \/>\t\t\t&nbsp; IEEE 802.11n, IEEE 802.11g, IEEE 802.11b<br \/>\t\t\t&#8211; Interfaces:<br \/>\t\t\t&nbsp; 1 puerto 10\/100Mbps Ethernet (RJ45)<br \/>\t\t\t&#8211; Tipo de Enchufe: EU, UK, US<br \/>\t\t\t&#8211; Botones:<br \/>\t\t\t&nbsp; Bot&oacute;n RE (Range Extender), Bot&oacute;n de Reset<br \/>\t\t\t&#8211; Antenas: 2 externas<br \/>\t\t\t&#8211; Caracter&iacute;sticas inal&aacute;mbricas<br \/>\t\t\t&nbsp; Frecuencia:2.4~2.4835GHz<br \/>\t\t\t&nbsp; Tasas de transferencia:<br \/>\t\t\t&nbsp;&nbsp; 11n: Hasta 300Mbps (Din&aacute;mico)<br \/>\t\t\t&nbsp;&nbsp; 11g: Hasta 54Mbps (Din&aacute;mico)<br \/>\t\t\t&nbsp;&nbsp; 11b: Hasta 11Mbps (Din&aacute;mico)<br \/>\t\t\t&nbsp; PIRE: &lt; 20 dBm (PIRE)<br \/>\t\t\t&nbsp; Sensibilidad de Recepci&oacute;n:<br \/>\t\t\t&nbsp;&nbsp; 270M: -69dBm@10% PER<br \/>\t\t\t&nbsp;&nbsp; 130M: -69dBm@10% PER<br \/>\t\t\t&nbsp;&nbsp; 108M: -69dBm@10% PER<br \/>\t\t\t&nbsp;&nbsp; 54M: -69dBm@10% PER<br \/>\t\t\t&nbsp;&nbsp; 11M: -86Bm@8% PER<br \/>\t\t\t&nbsp;&nbsp; 6M: -89dBm@10% PER<br \/>\t\t\t&nbsp;&nbsp; 1M: -91dBm@8% PER<br \/>\t\t\t&nbsp; Modos Inal&aacute;mbricos:<br \/>\t\t\t&nbsp;&nbsp; Extensor de Rango<br \/>\t\t\t&nbsp; Funciones Inal&aacute;mbricas:<br \/>\t\t\t&nbsp;&nbsp; WMM (Wi-Fi Multimedia)<br \/>\t\t\t&nbsp; Filtro de direcciones MAC<br \/>\t\t\t&nbsp; Estad&iacute;sticas inal&aacute;mbricas<br \/>\t\t\t&nbsp; Funci&oacute;n de Login por Dominio<br \/>\t\t\t&nbsp; Seguridad Inal&aacute;mbrica:<br \/>\t\t\t&nbsp;&nbsp; 64\/128\/152-bit WEP<br \/>\t\t\t&nbsp;&nbsp; WPA-PSK \/ WPA2-PSK<\/font><\/small><\/div>\n<\/td>\n<\/tr>\n<tr>\n<td valign=\"top\" width=\"35%\"><b><small><font face=\"Tahoma,Arial, Helvetica, sans-serif\" style=\"font-size: 11px;\">Otras caracter&iacute;sticas<\/font><\/small><\/b><\/td>\n<td valign=\"top\" width=\"65%\"><small><font face=\"Tahoma,Arial, Helvetica, sans-serif\" style=\"font-size: 11px;\">&#8211; Dimensiones (W X D X H):<br \/>\t\t\t&nbsp; 110.0 x 65.8 x 75.2mm<br \/>\t\t\t&#8211; Consumo de potencia:<br \/>\t\t\t&nbsp; Alrededor de 3W<br \/>\t\t\t&#8211; Certificaciones: CE, RoHS<br \/>\t\t\t&#8211; Contenido del Paquete:<br \/>\t\t\t&nbsp; Extensor de Cobertura WiFi Universal a 300Mbps con enchufe adicional TL-WA860RE<br \/>\t\t\t&nbsp; Cable Ethernet RJ-45<br \/>\t\t\t&nbsp; CD de utilidades<br \/>\t\t\t&nbsp; Gu&iacute;a R&aacute;pida de Instalaci&oacute;n<br \/>\t\t\t&#8211; Requisitos del sistema:<br \/>\t\t\t&nbsp; Microsoft&reg; Windows&reg; 98SE, NT, 2000, XP, Vista or Windows 7, 8, Mac&reg; OS, NetWare&reg;, UNIX&reg; or Linux.<br \/>\t\t\t&#8211; Factores ambientales: Temperatura de Funcionamiento: 0&deg;C~40&deg;C (32&deg;F~104&deg;F)<br \/>\t\t\t&nbsp; Temperatura de Almacenamiento: -40&deg;C~70&deg;C (-40&deg;F~158&deg;F)<br \/>\t\t\t&nbsp; Humedad de Funcionamiento: 10%~90% sin condensaci&oacute;n<br \/>\t\t\t&nbsp; Humedad de Almacenamiento: 5%~90% sin condensaci&oacute;n.<\/font><\/small><\/td>\n<\/tr>\n<tr>\n<td valign=\"top\" width=\"35%\"><b><small><font face=\"Tahoma,Arial, Helvetica, sans-serif\" style=\"font-size: 11px;\">Fecha de revisi&oacute;n<\/font><\/small><\/b><\/td>\n<td valign=\"top\" width=\"65%\"><small><font face=\"Tahoma,Arial, Helvetica, sans-serif\" style=\"font-size: 11px;\">23-06-2014 por FE4<\/font><\/small><\/td>\n<\/tr>\n<\/tbody>\n<\/table>\n","protected":false},"excerpt":{"rendered":"<p>Extensor de Rango Wi-Fi a 300 Mbps con enchufe adicionalTL-WA860RE Prestaciones:&#8211; El modo Extensor de Cobertura amplifica la se&ntilde;al inal&aacute;mbrica perfectamente hasta zonas donde antes no llegaba o que son dif&iacute;ciles de cablear&#8211; Su dise&ntilde;o de tama&ntilde;o en miniatura para montaje en pared facilita la instalaci&oacute;n y permite un traslado flexible&#8211; Su enchufe extra le&hellip;&nbsp;<a href=\"https:\/\/aivlisoft.net\/shop\/producto\/tp-link-tl-wa860re-repetidor-wifi-n300\/\" rel=\"bookmark\"><span class=\"screen-reader-text\">TP-LINK TL-WA860RE Repetidor WiFi N300<\/span><\/a><\/p>\n","protected":false},"featured_media":19343,"template":"","meta":{"neve_meta_sidebar":"","neve_meta_container":"","neve_meta_enable_content_width":"","neve_meta_content_width":0,"neve_meta_title_alignment":"","neve_meta_author_avatar":"","neve_post_elements_order":"","neve_meta_disable_header":"","neve_meta_disable_footer":"","neve_meta_disable_title":""},"product_brand":[],"product_cat":[8770],"product_tag":[6995],"class_list":{"0":"post-19342","1":"product","2":"type-product","3":"status-publish","4":"has-post-thumbnail","6":"product_cat-puntos-de-acceso","7":"product_tag-tl-wa860re","9":"first","10":"instock","11":"taxable","12":"shipping-taxable","13":"purchasable","14":"product-type-simple"},"yoast_head":"<!-- This site is optimized with the Yoast SEO plugin v26.0 - https:\/\/yoast.com\/wordpress\/plugins\/seo\/ -->\n<title>TP-LINK TL-WA860RE Repetidor WiFi N300 - Aivlisoft Inform\u00e1tica<\/title>\n<meta name=\"robots\" content=\"index, follow, max-snippet:-1, max-image-preview:large, max-video-preview:-1\" \/>\n<link rel=\"canonical\" href=\"https:\/\/aivlisoft.net\/shop\/producto\/tp-link-tl-wa860re-repetidor-wifi-n300\/\" \/>\n<meta property=\"og:locale\" content=\"es_ES\" \/>\n<meta property=\"og:type\" content=\"article\" \/>\n<meta property=\"og:title\" content=\"TP-LINK TL-WA860RE Repetidor WiFi N300 - Aivlisoft Inform\u00e1tica\" \/>\n<meta property=\"og:description\" content=\"Extensor de Rango Wi-Fi a 300 Mbps con enchufe adicionalTL-WA860RE Prestaciones:&#8211; El modo Extensor de Cobertura amplifica la se&ntilde;al inal&aacute;mbrica perfectamente hasta zonas donde antes no llegaba o que son dif&iacute;ciles de cablear&#8211; Su dise&ntilde;o de tama&ntilde;o en miniatura para montaje en pared facilita la instalaci&oacute;n y permite un traslado flexible&#8211; Su enchufe extra le&hellip;&nbsp;TP-LINK TL-WA860RE Repetidor WiFi N300\" \/>\n<meta property=\"og:url\" content=\"https:\/\/aivlisoft.net\/shop\/producto\/tp-link-tl-wa860re-repetidor-wifi-n300\/\" \/>\n<meta property=\"og:site_name\" content=\"Aivlisoft Inform\u00e1tica\" \/>\n<meta property=\"article:modified_time\" content=\"2025-01-14T11:44:34+00:00\" \/>\n<meta property=\"og:image\" content=\"https:\/\/aivlisoft.net\/shop\/wp-content\/uploads\/2025\/01\/NSWPAC0108_800.jpg\" \/>\n\t<meta property=\"og:image:width\" content=\"800\" \/>\n\t<meta property=\"og:image:height\" content=\"800\" \/>\n\t<meta property=\"og:image:type\" content=\"image\/jpeg\" \/>\n<meta name=\"twitter:card\" content=\"summary_large_image\" \/>\n<meta name=\"twitter:label1\" content=\"Tiempo de lectura\" \/>\n\t<meta name=\"twitter:data1\" content=\"5 minutos\" \/>\n<script type=\"application\/ld+json\" class=\"yoast-schema-graph\">{\"@context\":\"https:\/\/schema.org\",\"@graph\":[{\"@type\":\"WebPage\",\"@id\":\"https:\/\/aivlisoft.net\/shop\/producto\/tp-link-tl-wa860re-repetidor-wifi-n300\/\",\"url\":\"https:\/\/aivlisoft.net\/shop\/producto\/tp-link-tl-wa860re-repetidor-wifi-n300\/\",\"name\":\"TP-LINK TL-WA860RE Repetidor WiFi N300 - Aivlisoft Inform\u00e1tica\",\"isPartOf\":{\"@id\":\"https:\/\/aivlisoft.net\/shop\/#website\"},\"primaryImageOfPage\":{\"@id\":\"https:\/\/aivlisoft.net\/shop\/producto\/tp-link-tl-wa860re-repetidor-wifi-n300\/#primaryimage\"},\"image\":{\"@id\":\"https:\/\/aivlisoft.net\/shop\/producto\/tp-link-tl-wa860re-repetidor-wifi-n300\/#primaryimage\"},\"thumbnailUrl\":\"https:\/\/aivlisoft.net\/shop\/wp-content\/uploads\/2025\/01\/NSWPAC0108_800.jpg\",\"datePublished\":\"2025-01-13T15:31:32+00:00\",\"dateModified\":\"2025-01-14T11:44:34+00:00\",\"breadcrumb\":{\"@id\":\"https:\/\/aivlisoft.net\/shop\/producto\/tp-link-tl-wa860re-repetidor-wifi-n300\/#breadcrumb\"},\"inLanguage\":\"es\",\"potentialAction\":[{\"@type\":\"ReadAction\",\"target\":[\"https:\/\/aivlisoft.net\/shop\/producto\/tp-link-tl-wa860re-repetidor-wifi-n300\/\"]}]},{\"@type\":\"ImageObject\",\"inLanguage\":\"es\",\"@id\":\"https:\/\/aivlisoft.net\/shop\/producto\/tp-link-tl-wa860re-repetidor-wifi-n300\/#primaryimage\",\"url\":\"https:\/\/aivlisoft.net\/shop\/wp-content\/uploads\/2025\/01\/NSWPAC0108_800.jpg\",\"contentUrl\":\"https:\/\/aivlisoft.net\/shop\/wp-content\/uploads\/2025\/01\/NSWPAC0108_800.jpg\",\"width\":800,\"height\":800},{\"@type\":\"BreadcrumbList\",\"@id\":\"https:\/\/aivlisoft.net\/shop\/producto\/tp-link-tl-wa860re-repetidor-wifi-n300\/#breadcrumb\",\"itemListElement\":[{\"@type\":\"ListItem\",\"position\":1,\"name\":\"Portada\",\"item\":\"https:\/\/aivlisoft.net\/shop\/\"},{\"@type\":\"ListItem\",\"position\":2,\"name\":\"Tienda\",\"item\":\"https:\/\/aivlisoft.net\/shop\/tienda\/\"},{\"@type\":\"ListItem\",\"position\":3,\"name\":\"TP-LINK TL-WA860RE Repetidor WiFi N300\"}]},{\"@type\":\"WebSite\",\"@id\":\"https:\/\/aivlisoft.net\/shop\/#website\",\"url\":\"https:\/\/aivlisoft.net\/shop\/\",\"name\":\"Aivlisoft Inform\u00e1tica\",\"description\":\"En Aivlisoft Inform\u00e1tica ofrecemos soluciones tecnol\u00f3gicas para empresas: venta de ordenadores, consumibles, perif\u00e9ricos y m\u00e1s. Calidad, atenci\u00f3n personalizada y los mejores precios para tu negocio.\",\"publisher\":{\"@id\":\"https:\/\/aivlisoft.net\/shop\/#organization\"},\"potentialAction\":[{\"@type\":\"SearchAction\",\"target\":{\"@type\":\"EntryPoint\",\"urlTemplate\":\"https:\/\/aivlisoft.net\/shop\/?s={search_term_string}\"},\"query-input\":{\"@type\":\"PropertyValueSpecification\",\"valueRequired\":true,\"valueName\":\"search_term_string\"}}],\"inLanguage\":\"es\"},{\"@type\":\"Organization\",\"@id\":\"https:\/\/aivlisoft.net\/shop\/#organization\",\"name\":\"Aivlisoft Inform\u00e1tica\",\"url\":\"https:\/\/aivlisoft.net\/shop\/\",\"logo\":{\"@type\":\"ImageObject\",\"inLanguage\":\"es\",\"@id\":\"https:\/\/aivlisoft.net\/shop\/#\/schema\/logo\/image\/\",\"url\":\"https:\/\/aivlisoft.net\/shop\/wp-content\/uploads\/2024\/12\/removal.ai_5b848c54-0cdf-4140-95c5-c5536bb7573b-logodef.png\",\"contentUrl\":\"https:\/\/aivlisoft.net\/shop\/wp-content\/uploads\/2024\/12\/removal.ai_5b848c54-0cdf-4140-95c5-c5536bb7573b-logodef.png\",\"width\":484,\"height\":182,\"caption\":\"Aivlisoft Inform\u00e1tica\"},\"image\":{\"@id\":\"https:\/\/aivlisoft.net\/shop\/#\/schema\/logo\/image\/\"}}]}<\/script>\n<!-- \/ Yoast SEO plugin. -->","yoast_head_json":{"title":"TP-LINK TL-WA860RE Repetidor WiFi N300 - Aivlisoft Inform\u00e1tica","robots":{"index":"index","follow":"follow","max-snippet":"max-snippet:-1","max-image-preview":"max-image-preview:large","max-video-preview":"max-video-preview:-1"},"canonical":"https:\/\/aivlisoft.net\/shop\/producto\/tp-link-tl-wa860re-repetidor-wifi-n300\/","og_locale":"es_ES","og_type":"article","og_title":"TP-LINK TL-WA860RE Repetidor WiFi N300 - Aivlisoft Inform\u00e1tica","og_description":"Extensor de Rango Wi-Fi a 300 Mbps con enchufe adicionalTL-WA860RE Prestaciones:&#8211; El modo Extensor de Cobertura amplifica la se&ntilde;al inal&aacute;mbrica perfectamente hasta zonas donde antes no llegaba o que son dif&iacute;ciles de cablear&#8211; Su dise&ntilde;o de tama&ntilde;o en miniatura para montaje en pared facilita la instalaci&oacute;n y permite un traslado flexible&#8211; Su enchufe extra le&hellip;&nbsp;TP-LINK TL-WA860RE Repetidor WiFi N300","og_url":"https:\/\/aivlisoft.net\/shop\/producto\/tp-link-tl-wa860re-repetidor-wifi-n300\/","og_site_name":"Aivlisoft Inform\u00e1tica","article_modified_time":"2025-01-14T11:44:34+00:00","og_image":[{"width":800,"height":800,"url":"https:\/\/aivlisoft.net\/shop\/wp-content\/uploads\/2025\/01\/NSWPAC0108_800.jpg","type":"image\/jpeg"}],"twitter_card":"summary_large_image","twitter_misc":{"Tiempo de lectura":"5 minutos"},"schema":{"@context":"https:\/\/schema.org","@graph":[{"@type":"WebPage","@id":"https:\/\/aivlisoft.net\/shop\/producto\/tp-link-tl-wa860re-repetidor-wifi-n300\/","url":"https:\/\/aivlisoft.net\/shop\/producto\/tp-link-tl-wa860re-repetidor-wifi-n300\/","name":"TP-LINK TL-WA860RE Repetidor WiFi N300 - Aivlisoft Inform\u00e1tica","isPartOf":{"@id":"https:\/\/aivlisoft.net\/shop\/#website"},"primaryImageOfPage":{"@id":"https:\/\/aivlisoft.net\/shop\/producto\/tp-link-tl-wa860re-repetidor-wifi-n300\/#primaryimage"},"image":{"@id":"https:\/\/aivlisoft.net\/shop\/producto\/tp-link-tl-wa860re-repetidor-wifi-n300\/#primaryimage"},"thumbnailUrl":"https:\/\/aivlisoft.net\/shop\/wp-content\/uploads\/2025\/01\/NSWPAC0108_800.jpg","datePublished":"2025-01-13T15:31:32+00:00","dateModified":"2025-01-14T11:44:34+00:00","breadcrumb":{"@id":"https:\/\/aivlisoft.net\/shop\/producto\/tp-link-tl-wa860re-repetidor-wifi-n300\/#breadcrumb"},"inLanguage":"es","potentialAction":[{"@type":"ReadAction","target":["https:\/\/aivlisoft.net\/shop\/producto\/tp-link-tl-wa860re-repetidor-wifi-n300\/"]}]},{"@type":"ImageObject","inLanguage":"es","@id":"https:\/\/aivlisoft.net\/shop\/producto\/tp-link-tl-wa860re-repetidor-wifi-n300\/#primaryimage","url":"https:\/\/aivlisoft.net\/shop\/wp-content\/uploads\/2025\/01\/NSWPAC0108_800.jpg","contentUrl":"https:\/\/aivlisoft.net\/shop\/wp-content\/uploads\/2025\/01\/NSWPAC0108_800.jpg","width":800,"height":800},{"@type":"BreadcrumbList","@id":"https:\/\/aivlisoft.net\/shop\/producto\/tp-link-tl-wa860re-repetidor-wifi-n300\/#breadcrumb","itemListElement":[{"@type":"ListItem","position":1,"name":"Portada","item":"https:\/\/aivlisoft.net\/shop\/"},{"@type":"ListItem","position":2,"name":"Tienda","item":"https:\/\/aivlisoft.net\/shop\/tienda\/"},{"@type":"ListItem","position":3,"name":"TP-LINK TL-WA860RE Repetidor WiFi N300"}]},{"@type":"WebSite","@id":"https:\/\/aivlisoft.net\/shop\/#website","url":"https:\/\/aivlisoft.net\/shop\/","name":"Aivlisoft Inform\u00e1tica","description":"En Aivlisoft Inform\u00e1tica ofrecemos soluciones tecnol\u00f3gicas para empresas: venta de ordenadores, consumibles, perif\u00e9ricos y m\u00e1s. Calidad, atenci\u00f3n personalizada y los mejores precios para tu negocio.","publisher":{"@id":"https:\/\/aivlisoft.net\/shop\/#organization"},"potentialAction":[{"@type":"SearchAction","target":{"@type":"EntryPoint","urlTemplate":"https:\/\/aivlisoft.net\/shop\/?s={search_term_string}"},"query-input":{"@type":"PropertyValueSpecification","valueRequired":true,"valueName":"search_term_string"}}],"inLanguage":"es"},{"@type":"Organization","@id":"https:\/\/aivlisoft.net\/shop\/#organization","name":"Aivlisoft Inform\u00e1tica","url":"https:\/\/aivlisoft.net\/shop\/","logo":{"@type":"ImageObject","inLanguage":"es","@id":"https:\/\/aivlisoft.net\/shop\/#\/schema\/logo\/image\/","url":"https:\/\/aivlisoft.net\/shop\/wp-content\/uploads\/2024\/12\/removal.ai_5b848c54-0cdf-4140-95c5-c5536bb7573b-logodef.png","contentUrl":"https:\/\/aivlisoft.net\/shop\/wp-content\/uploads\/2024\/12\/removal.ai_5b848c54-0cdf-4140-95c5-c5536bb7573b-logodef.png","width":484,"height":182,"caption":"Aivlisoft Inform\u00e1tica"},"image":{"@id":"https:\/\/aivlisoft.net\/shop\/#\/schema\/logo\/image\/"}}]}},"_links":{"self":[{"href":"https:\/\/aivlisoft.net\/shop\/wp-json\/wp\/v2\/product\/19342","targetHints":{"allow":["GET"]}}],"collection":[{"href":"https:\/\/aivlisoft.net\/shop\/wp-json\/wp\/v2\/product"}],"about":[{"href":"https:\/\/aivlisoft.net\/shop\/wp-json\/wp\/v2\/types\/product"}],"wp:featuredmedia":[{"embeddable":true,"href":"https:\/\/aivlisoft.net\/shop\/wp-json\/wp\/v2\/media\/19343"}],"wp:attachment":[{"href":"https:\/\/aivlisoft.net\/shop\/wp-json\/wp\/v2\/media?parent=19342"}],"wp:term":[{"taxonomy":"product_brand","embeddable":true,"href":"https:\/\/aivlisoft.net\/shop\/wp-json\/wp\/v2\/product_brand?post=19342"},{"taxonomy":"product_cat","embeddable":true,"href":"https:\/\/aivlisoft.net\/shop\/wp-json\/wp\/v2\/product_cat?post=19342"},{"taxonomy":"product_tag","embeddable":true,"href":"https:\/\/aivlisoft.net\/shop\/wp-json\/wp\/v2\/product_tag?post=19342"}],"curies":[{"name":"wp","href":"https:\/\/api.w.org\/{rel}","templated":true}]}}