{"id":19335,"date":"2025-01-13T15:31:28","date_gmt":"2025-01-13T15:31:28","guid":{"rendered":"https:\/\/aivlisoft.com\/?post_type=product&#038;p=19335"},"modified":"2025-01-14T11:44:32","modified_gmt":"2025-01-14T11:44:32","slug":"ubiquiti-airgrid-m-ag-hp-5g23-5ghz-23dbi","status":"publish","type":"product","link":"https:\/\/aivlisoft.net\/shop\/producto\/ubiquiti-airgrid-m-ag-hp-5g23-5ghz-23dbi\/","title":{"rendered":"Ubiquiti AirGrid M AG-HP-5G23 5GHz 23dBi"},"content":{"rendered":"<div>Utilizando InnerFeed&trade;, Los nuevos Ubiquiti Serie AirGrid Serie M representan la &uacute;ltima evoluci&oacute;n de dispositivos de banda ancha inal&aacute;mbrica para exteriores. La revolucionaria tecnolog&iacute;a InnerFeed integra todo el sistema de radio en la bocina de alimentaci&oacute;n de la antena. AirGrid M combina InnerFeed y tecnolog&iacute;a AirMax&trade; <span style=\"line-height: 20.8px;\">DLA<\/span>&nbsp;(protocolo TDMA) de Ubiquiti Networks para crear un simple, pero muy potente CPE inal&aacute;mbrico (Customer Premises Equipment).<\/p>\n<p>La integraci&oacute;n completa de la antena y el sistema de radio proporciona asequibles soluciones con una rendimiento excepcional. Los Ubiquiti AirGrid Serie M operan en los rangos de frecuencias libres de licencias ya sea en 2 GHz o 5 GHz, sus caracter&iacute;sticas permiten un rendimiento de hasta 100 + Mbps&nbsp; real y un incre&iacute;ble rango de hasta 30 + km.<\/p>\n<p>El bajo costo, el alto rendimiento, el robusto dise&ntilde;o &ldquo;todo-en-uno&rdquo; y un peso ligero hacen de los Ubiquiti AirGrid Serie M una soluci&oacute;n vers&aacute;til e ideal para muchas aplicaciones diferentes.<\/p>\n<p>A diferencia del protocolo est&aacute;ndar WiFi, el protocolo TDMA (Time Division Multiple Access) de Ubiquiti permite a cada cliente enviar y recibir informaci&oacute;n usando espacios de tiempo preasignados por un controlador inteligente, y esto se integra en los Ubiquiti AirGrid Serie M<\/p>\n<p>Este m&eacute;todo de espacios de tiempo eliminan las colisiones entre nodos ocultos y maximizan el tiempo de transferencia, proporcionando enormes mejoras en tiempos de latencia, anchos de banda y escalabilidad comparado con cualquier otro sistema similar.<\/p>\n<p>&#8211; QoS Inteligente: Se da prioridad a la Voz y el v&iacute;deo para un rendimiento perfecto.<br \/>&#8211; Escalabilidad: Enorme capacidad y escalabilidad.<br \/>&#8211; Largo alcance: Capacitado para enlaces de alta velocidad.<br \/>&#8211; Latencia: M&uacute;ltiples funciones para reducir el ruido dram&aacute;ticamente.<\/div>\n<p><\/p>\n<table>\n<tbody>\n<tr>\n<td><strong>Marca<\/strong><\/td>\n<td>Ubiquiti<\/td>\n<\/tr>\n<tr>\n<td><strong>Modelo<\/strong><\/td>\n<td><strong>Airgrid M5 HP23 (AG-HP-5G23)<\/strong><\/td>\n<\/tr>\n<tr>\n<td><strong>Caracter&iacute;sticas<\/strong><\/td>\n<td>\n<div>\n<p><strong>&#8211; Procesador: Atheros MIPS 24KC, 400MHz<br \/>\t\t\t&#8211; Memoria: 32MB SDRAM, 8MB Flash<br \/>\t\t\t&#8211; Interfaz de red: 1&#215;10\/100 BASE-TX<br \/>\t\t\t&#8211; Est&aacute;ndares inal&aacute;mbricos: 802.11 a\/n<br \/>\t\t\t&#8211; Banda de frecuencia: 5 GHz<br \/>\t\t\t&#8211; Antena: Integrada 2&#215;2 MiMo de 23 dBi, polarizaci&oacute;n dual<br \/>\t\t\t&#8211; Ancho del haz: H 22&deg; \/ V 22&deg;<br \/>\t\t\t&#8211; Throughput TCP\/IP: hasta 100Mbit\/s<\/strong><br \/>\t\t\t<strong>&#8211; Potencia de transmisi&oacute;n: max. 25dBm +\/-2dB en 11a\/n<br \/>\t\t\t&#8211; Alcance: Hasta 25 Km<\/strong><\/p>\n<\/p><\/div>\n<\/td>\n<\/tr>\n<tr>\n<td><strong>Caracter&iacute;sticas adicionales<\/strong><\/td>\n<td>\n<div>&#8211; Dimensiones: 370x270x260 mm<\/div>\n<div>&#8211; Peso: 1.45 kg<\/div>\n<div>&#8211; Regulaci&oacute;n: FCC Part 15.247, CE, IC RS210, RoHS<\/div>\n<div>&#8211; Consumo m&aacute;ximo de potencia: 3 W<br \/>\t\t\t&#8211; Adaptador de corriente: 24V, 0.5A (12 Watts)<br \/>\t\t\t&#8211; Modo de alimentaci&oacute;n: Passive Power over Ethernet (hilos 4,5+; 7,8 de retorno)<\/div>\n<div>&#8211; Humedad de operaci&oacute;n: 5 a 95% con condensaci&oacute;n<br \/>\t\t\t&#8211; Temperatura de operaci&oacute;n: -30&deg;C +75&deg;C<br \/>\t\t\t&#8211; Sistema operativo: AirOS V<\/div>\n<\/td>\n<\/tr>\n<tr>\n<td valign=\"top\"><strong>Folleto t&eacute;cnico<\/strong><\/td>\n<td><a href=\"https:\/\/www.ubnt.com\/downloads\/datasheets\/airgridm\/airGrid_HP.pdf\">https:\/\/www.ubnt.com\/downloads\/datasheets\/airgridm\/airGrid_HP.pdf<\/a><\/td>\n<\/tr>\n<tr>\n<td valign=\"top\"><strong>Gu&iacute;a de instalaci&oacute;n<\/strong><\/td>\n<td><a href=\"https:\/\/www.ubnt.com\/downloads\/guides\/airgrid\/airGrid_AG-HP-5G23_QSG.pdf\">https:\/\/www.ubnt.com\/downloads\/guides\/airgrid\/airGrid_AG-HP-5G23_QSG.pdf<\/a><\/td>\n<\/tr>\n<tr>\n<td><strong>Fecha de revisi&oacute;n<\/strong><\/td>\n<td>11-12-2015 por DLS<\/td>\n<\/tr>\n<\/tbody>\n<\/table>\n","protected":false},"excerpt":{"rendered":"<p>Utilizando InnerFeed&trade;, Los nuevos Ubiquiti Serie AirGrid Serie M representan la &uacute;ltima evoluci&oacute;n de dispositivos de banda ancha inal&aacute;mbrica para exteriores. La revolucionaria tecnolog&iacute;a InnerFeed integra todo el sistema de radio en la bocina de alimentaci&oacute;n de la antena. AirGrid M combina InnerFeed y tecnolog&iacute;a AirMax&trade; DLA&nbsp;(protocolo TDMA) de Ubiquiti Networks para crear un simple,&hellip;&nbsp;<a href=\"https:\/\/aivlisoft.net\/shop\/producto\/ubiquiti-airgrid-m-ag-hp-5g23-5ghz-23dbi\/\" rel=\"bookmark\"><span class=\"screen-reader-text\">Ubiquiti AirGrid M AG-HP-5G23 5GHz 23dBi<\/span><\/a><\/p>\n","protected":false},"featured_media":19336,"template":"","meta":{"neve_meta_sidebar":"","neve_meta_container":"","neve_meta_enable_content_width":"","neve_meta_content_width":0,"neve_meta_title_alignment":"","neve_meta_author_avatar":"","neve_post_elements_order":"","neve_meta_disable_header":"","neve_meta_disable_footer":"","neve_meta_disable_title":""},"product_brand":[],"product_cat":[8770],"product_tag":[6993],"class_list":{"0":"post-19335","1":"product","2":"type-product","3":"status-publish","4":"has-post-thumbnail","6":"product_cat-puntos-de-acceso","7":"product_tag-ag-hp-5g23","9":"first","10":"instock","11":"taxable","12":"shipping-taxable","13":"purchasable","14":"product-type-simple"},"yoast_head":"<!-- This site is optimized with the Yoast SEO plugin v26.0 - https:\/\/yoast.com\/wordpress\/plugins\/seo\/ -->\n<title>Ubiquiti AirGrid M AG-HP-5G23 5GHz 23dBi - Aivlisoft Inform\u00e1tica<\/title>\n<meta name=\"robots\" content=\"index, follow, max-snippet:-1, max-image-preview:large, max-video-preview:-1\" \/>\n<link rel=\"canonical\" href=\"https:\/\/aivlisoft.net\/shop\/producto\/ubiquiti-airgrid-m-ag-hp-5g23-5ghz-23dbi\/\" \/>\n<meta property=\"og:locale\" content=\"es_ES\" \/>\n<meta property=\"og:type\" content=\"article\" \/>\n<meta property=\"og:title\" content=\"Ubiquiti AirGrid M AG-HP-5G23 5GHz 23dBi - Aivlisoft Inform\u00e1tica\" \/>\n<meta property=\"og:description\" content=\"Utilizando InnerFeed&trade;, Los nuevos Ubiquiti Serie AirGrid Serie M representan la &uacute;ltima evoluci&oacute;n de dispositivos de banda ancha inal&aacute;mbrica para exteriores. La revolucionaria tecnolog&iacute;a InnerFeed integra todo el sistema de radio en la bocina de alimentaci&oacute;n de la antena. AirGrid M combina InnerFeed y tecnolog&iacute;a AirMax&trade; DLA&nbsp;(protocolo TDMA) de Ubiquiti Networks para crear un simple,&hellip;&nbsp;Ubiquiti AirGrid M AG-HP-5G23 5GHz 23dBi\" \/>\n<meta property=\"og:url\" content=\"https:\/\/aivlisoft.net\/shop\/producto\/ubiquiti-airgrid-m-ag-hp-5g23-5ghz-23dbi\/\" \/>\n<meta property=\"og:site_name\" content=\"Aivlisoft Inform\u00e1tica\" \/>\n<meta property=\"article:modified_time\" content=\"2025-01-14T11:44:32+00:00\" \/>\n<meta property=\"og:image\" content=\"https:\/\/aivlisoft.net\/shop\/wp-content\/uploads\/2025\/01\/NSWPAC0096_large.jpg\" \/>\n\t<meta property=\"og:image:width\" content=\"400\" \/>\n\t<meta property=\"og:image:height\" content=\"400\" \/>\n\t<meta property=\"og:image:type\" content=\"image\/jpeg\" \/>\n<meta name=\"twitter:card\" content=\"summary_large_image\" \/>\n<meta name=\"twitter:label1\" content=\"Tiempo de lectura\" \/>\n\t<meta name=\"twitter:data1\" content=\"3 minutos\" \/>\n<script type=\"application\/ld+json\" class=\"yoast-schema-graph\">{\"@context\":\"https:\/\/schema.org\",\"@graph\":[{\"@type\":\"WebPage\",\"@id\":\"https:\/\/aivlisoft.net\/shop\/producto\/ubiquiti-airgrid-m-ag-hp-5g23-5ghz-23dbi\/\",\"url\":\"https:\/\/aivlisoft.net\/shop\/producto\/ubiquiti-airgrid-m-ag-hp-5g23-5ghz-23dbi\/\",\"name\":\"Ubiquiti AirGrid M AG-HP-5G23 5GHz 23dBi - Aivlisoft Inform\u00e1tica\",\"isPartOf\":{\"@id\":\"https:\/\/aivlisoft.net\/shop\/#website\"},\"primaryImageOfPage\":{\"@id\":\"https:\/\/aivlisoft.net\/shop\/producto\/ubiquiti-airgrid-m-ag-hp-5g23-5ghz-23dbi\/#primaryimage\"},\"image\":{\"@id\":\"https:\/\/aivlisoft.net\/shop\/producto\/ubiquiti-airgrid-m-ag-hp-5g23-5ghz-23dbi\/#primaryimage\"},\"thumbnailUrl\":\"https:\/\/aivlisoft.net\/shop\/wp-content\/uploads\/2025\/01\/NSWPAC0096_large.jpg\",\"datePublished\":\"2025-01-13T15:31:28+00:00\",\"dateModified\":\"2025-01-14T11:44:32+00:00\",\"breadcrumb\":{\"@id\":\"https:\/\/aivlisoft.net\/shop\/producto\/ubiquiti-airgrid-m-ag-hp-5g23-5ghz-23dbi\/#breadcrumb\"},\"inLanguage\":\"es\",\"potentialAction\":[{\"@type\":\"ReadAction\",\"target\":[\"https:\/\/aivlisoft.net\/shop\/producto\/ubiquiti-airgrid-m-ag-hp-5g23-5ghz-23dbi\/\"]}]},{\"@type\":\"ImageObject\",\"inLanguage\":\"es\",\"@id\":\"https:\/\/aivlisoft.net\/shop\/producto\/ubiquiti-airgrid-m-ag-hp-5g23-5ghz-23dbi\/#primaryimage\",\"url\":\"https:\/\/aivlisoft.net\/shop\/wp-content\/uploads\/2025\/01\/NSWPAC0096_large.jpg\",\"contentUrl\":\"https:\/\/aivlisoft.net\/shop\/wp-content\/uploads\/2025\/01\/NSWPAC0096_large.jpg\",\"width\":400,\"height\":400},{\"@type\":\"BreadcrumbList\",\"@id\":\"https:\/\/aivlisoft.net\/shop\/producto\/ubiquiti-airgrid-m-ag-hp-5g23-5ghz-23dbi\/#breadcrumb\",\"itemListElement\":[{\"@type\":\"ListItem\",\"position\":1,\"name\":\"Portada\",\"item\":\"https:\/\/aivlisoft.net\/shop\/\"},{\"@type\":\"ListItem\",\"position\":2,\"name\":\"Tienda\",\"item\":\"https:\/\/aivlisoft.net\/shop\/tienda\/\"},{\"@type\":\"ListItem\",\"position\":3,\"name\":\"Ubiquiti AirGrid M AG-HP-5G23 5GHz 23dBi\"}]},{\"@type\":\"WebSite\",\"@id\":\"https:\/\/aivlisoft.net\/shop\/#website\",\"url\":\"https:\/\/aivlisoft.net\/shop\/\",\"name\":\"Aivlisoft Inform\u00e1tica\",\"description\":\"En Aivlisoft Inform\u00e1tica ofrecemos soluciones tecnol\u00f3gicas para empresas: venta de ordenadores, consumibles, perif\u00e9ricos y m\u00e1s. Calidad, atenci\u00f3n personalizada y los mejores precios para tu negocio.\",\"publisher\":{\"@id\":\"https:\/\/aivlisoft.net\/shop\/#organization\"},\"potentialAction\":[{\"@type\":\"SearchAction\",\"target\":{\"@type\":\"EntryPoint\",\"urlTemplate\":\"https:\/\/aivlisoft.net\/shop\/?s={search_term_string}\"},\"query-input\":{\"@type\":\"PropertyValueSpecification\",\"valueRequired\":true,\"valueName\":\"search_term_string\"}}],\"inLanguage\":\"es\"},{\"@type\":\"Organization\",\"@id\":\"https:\/\/aivlisoft.net\/shop\/#organization\",\"name\":\"Aivlisoft Inform\u00e1tica\",\"url\":\"https:\/\/aivlisoft.net\/shop\/\",\"logo\":{\"@type\":\"ImageObject\",\"inLanguage\":\"es\",\"@id\":\"https:\/\/aivlisoft.net\/shop\/#\/schema\/logo\/image\/\",\"url\":\"https:\/\/aivlisoft.net\/shop\/wp-content\/uploads\/2024\/12\/removal.ai_5b848c54-0cdf-4140-95c5-c5536bb7573b-logodef.png\",\"contentUrl\":\"https:\/\/aivlisoft.net\/shop\/wp-content\/uploads\/2024\/12\/removal.ai_5b848c54-0cdf-4140-95c5-c5536bb7573b-logodef.png\",\"width\":484,\"height\":182,\"caption\":\"Aivlisoft Inform\u00e1tica\"},\"image\":{\"@id\":\"https:\/\/aivlisoft.net\/shop\/#\/schema\/logo\/image\/\"}}]}<\/script>\n<!-- \/ Yoast SEO plugin. -->","yoast_head_json":{"title":"Ubiquiti AirGrid M AG-HP-5G23 5GHz 23dBi - Aivlisoft Inform\u00e1tica","robots":{"index":"index","follow":"follow","max-snippet":"max-snippet:-1","max-image-preview":"max-image-preview:large","max-video-preview":"max-video-preview:-1"},"canonical":"https:\/\/aivlisoft.net\/shop\/producto\/ubiquiti-airgrid-m-ag-hp-5g23-5ghz-23dbi\/","og_locale":"es_ES","og_type":"article","og_title":"Ubiquiti AirGrid M AG-HP-5G23 5GHz 23dBi - Aivlisoft Inform\u00e1tica","og_description":"Utilizando InnerFeed&trade;, Los nuevos Ubiquiti Serie AirGrid Serie M representan la &uacute;ltima evoluci&oacute;n de dispositivos de banda ancha inal&aacute;mbrica para exteriores. La revolucionaria tecnolog&iacute;a InnerFeed integra todo el sistema de radio en la bocina de alimentaci&oacute;n de la antena. AirGrid M combina InnerFeed y tecnolog&iacute;a AirMax&trade; DLA&nbsp;(protocolo TDMA) de Ubiquiti Networks para crear un simple,&hellip;&nbsp;Ubiquiti AirGrid M AG-HP-5G23 5GHz 23dBi","og_url":"https:\/\/aivlisoft.net\/shop\/producto\/ubiquiti-airgrid-m-ag-hp-5g23-5ghz-23dbi\/","og_site_name":"Aivlisoft Inform\u00e1tica","article_modified_time":"2025-01-14T11:44:32+00:00","og_image":[{"width":400,"height":400,"url":"https:\/\/aivlisoft.net\/shop\/wp-content\/uploads\/2025\/01\/NSWPAC0096_large.jpg","type":"image\/jpeg"}],"twitter_card":"summary_large_image","twitter_misc":{"Tiempo de lectura":"3 minutos"},"schema":{"@context":"https:\/\/schema.org","@graph":[{"@type":"WebPage","@id":"https:\/\/aivlisoft.net\/shop\/producto\/ubiquiti-airgrid-m-ag-hp-5g23-5ghz-23dbi\/","url":"https:\/\/aivlisoft.net\/shop\/producto\/ubiquiti-airgrid-m-ag-hp-5g23-5ghz-23dbi\/","name":"Ubiquiti AirGrid M AG-HP-5G23 5GHz 23dBi - Aivlisoft Inform\u00e1tica","isPartOf":{"@id":"https:\/\/aivlisoft.net\/shop\/#website"},"primaryImageOfPage":{"@id":"https:\/\/aivlisoft.net\/shop\/producto\/ubiquiti-airgrid-m-ag-hp-5g23-5ghz-23dbi\/#primaryimage"},"image":{"@id":"https:\/\/aivlisoft.net\/shop\/producto\/ubiquiti-airgrid-m-ag-hp-5g23-5ghz-23dbi\/#primaryimage"},"thumbnailUrl":"https:\/\/aivlisoft.net\/shop\/wp-content\/uploads\/2025\/01\/NSWPAC0096_large.jpg","datePublished":"2025-01-13T15:31:28+00:00","dateModified":"2025-01-14T11:44:32+00:00","breadcrumb":{"@id":"https:\/\/aivlisoft.net\/shop\/producto\/ubiquiti-airgrid-m-ag-hp-5g23-5ghz-23dbi\/#breadcrumb"},"inLanguage":"es","potentialAction":[{"@type":"ReadAction","target":["https:\/\/aivlisoft.net\/shop\/producto\/ubiquiti-airgrid-m-ag-hp-5g23-5ghz-23dbi\/"]}]},{"@type":"ImageObject","inLanguage":"es","@id":"https:\/\/aivlisoft.net\/shop\/producto\/ubiquiti-airgrid-m-ag-hp-5g23-5ghz-23dbi\/#primaryimage","url":"https:\/\/aivlisoft.net\/shop\/wp-content\/uploads\/2025\/01\/NSWPAC0096_large.jpg","contentUrl":"https:\/\/aivlisoft.net\/shop\/wp-content\/uploads\/2025\/01\/NSWPAC0096_large.jpg","width":400,"height":400},{"@type":"BreadcrumbList","@id":"https:\/\/aivlisoft.net\/shop\/producto\/ubiquiti-airgrid-m-ag-hp-5g23-5ghz-23dbi\/#breadcrumb","itemListElement":[{"@type":"ListItem","position":1,"name":"Portada","item":"https:\/\/aivlisoft.net\/shop\/"},{"@type":"ListItem","position":2,"name":"Tienda","item":"https:\/\/aivlisoft.net\/shop\/tienda\/"},{"@type":"ListItem","position":3,"name":"Ubiquiti AirGrid M AG-HP-5G23 5GHz 23dBi"}]},{"@type":"WebSite","@id":"https:\/\/aivlisoft.net\/shop\/#website","url":"https:\/\/aivlisoft.net\/shop\/","name":"Aivlisoft Inform\u00e1tica","description":"En Aivlisoft Inform\u00e1tica ofrecemos soluciones tecnol\u00f3gicas para empresas: venta de ordenadores, consumibles, perif\u00e9ricos y m\u00e1s. Calidad, atenci\u00f3n personalizada y los mejores precios para tu negocio.","publisher":{"@id":"https:\/\/aivlisoft.net\/shop\/#organization"},"potentialAction":[{"@type":"SearchAction","target":{"@type":"EntryPoint","urlTemplate":"https:\/\/aivlisoft.net\/shop\/?s={search_term_string}"},"query-input":{"@type":"PropertyValueSpecification","valueRequired":true,"valueName":"search_term_string"}}],"inLanguage":"es"},{"@type":"Organization","@id":"https:\/\/aivlisoft.net\/shop\/#organization","name":"Aivlisoft Inform\u00e1tica","url":"https:\/\/aivlisoft.net\/shop\/","logo":{"@type":"ImageObject","inLanguage":"es","@id":"https:\/\/aivlisoft.net\/shop\/#\/schema\/logo\/image\/","url":"https:\/\/aivlisoft.net\/shop\/wp-content\/uploads\/2024\/12\/removal.ai_5b848c54-0cdf-4140-95c5-c5536bb7573b-logodef.png","contentUrl":"https:\/\/aivlisoft.net\/shop\/wp-content\/uploads\/2024\/12\/removal.ai_5b848c54-0cdf-4140-95c5-c5536bb7573b-logodef.png","width":484,"height":182,"caption":"Aivlisoft Inform\u00e1tica"},"image":{"@id":"https:\/\/aivlisoft.net\/shop\/#\/schema\/logo\/image\/"}}]}},"_links":{"self":[{"href":"https:\/\/aivlisoft.net\/shop\/wp-json\/wp\/v2\/product\/19335","targetHints":{"allow":["GET"]}}],"collection":[{"href":"https:\/\/aivlisoft.net\/shop\/wp-json\/wp\/v2\/product"}],"about":[{"href":"https:\/\/aivlisoft.net\/shop\/wp-json\/wp\/v2\/types\/product"}],"wp:featuredmedia":[{"embeddable":true,"href":"https:\/\/aivlisoft.net\/shop\/wp-json\/wp\/v2\/media\/19336"}],"wp:attachment":[{"href":"https:\/\/aivlisoft.net\/shop\/wp-json\/wp\/v2\/media?parent=19335"}],"wp:term":[{"taxonomy":"product_brand","embeddable":true,"href":"https:\/\/aivlisoft.net\/shop\/wp-json\/wp\/v2\/product_brand?post=19335"},{"taxonomy":"product_cat","embeddable":true,"href":"https:\/\/aivlisoft.net\/shop\/wp-json\/wp\/v2\/product_cat?post=19335"},{"taxonomy":"product_tag","embeddable":true,"href":"https:\/\/aivlisoft.net\/shop\/wp-json\/wp\/v2\/product_tag?post=19335"}],"curies":[{"name":"wp","href":"https:\/\/api.w.org\/{rel}","templated":true}]}}