{"id":19333,"date":"2025-01-13T15:31:27","date_gmt":"2025-01-13T15:31:27","guid":{"rendered":"https:\/\/aivlisoft.com\/?post_type=product&#038;p=19333"},"modified":"2025-01-14T11:44:31","modified_gmt":"2025-01-14T11:44:31","slug":"ubiquiti-unifi-pro-punto-acceso-300n-poe-pack-3","status":"publish","type":"product","link":"https:\/\/aivlisoft.net\/shop\/producto\/ubiquiti-unifi-pro-punto-acceso-300n-poe-pack-3\/","title":{"rendered":"Ubiquiti Unifi Pro Punto Acceso 300N PoE Pack 3"},"content":{"rendered":"<div>\n<div>El UAP-Pro es el modelo Unifi m&aacute;s r&aacute;pido con velocidades de hasta 300 Mbps en la banda de 5 GHz y hasta 450 Mbps en la banda de 2,4 GHz. Ofrece una operaci&oacute;n en doble banda simult&aacute;nea con tecnolog&iacute;a MIMO 2&#215;2 y 3&#215;3. Tiene un alcance de hasta 130 metros y 2 puertos Gigabit Ethernet.<\/div>\n<div>El Ubiquiti Unifi UAP Pro es un revolucionario sistema de Wi-Fi, que combina un rendimiento de clase portadora. Escalable a cientos de dispositivos, manteniendo un &uacute;nico sistema unificado de gesti&oacute;n, precio competitivo y un controlador de gesti&oacute;n virtual.<\/div>\n<div>El Pro Unifi es una soluci&oacute;n empresarial escalable de punto de acceso dise&ntilde;ado para ser f&aacute;cil de implementar y administrar. Con un dise&ntilde;o est&eacute;tico elegante y &uacute;nico en la industria con anillo LED incluido puede ser f&aacute;cilmente montado en una placa de techo o de pared utilizando los accesorios de montaje incluidos. Se alimenta a trav&eacute;s del puerto Ethernet con un adaptador incluido de modo que puede proporcionar energ&iacute;a y datos utilizando un &uacute;nico cable.<\/div>\n<div>El Ubiquiti Enterprise System incluye el software controlador Wi-Fi de Ubiquiti. El software se instala en cualquier PC dentro de la red y es f&aacute;cilmente accesible a trav&eacute;s de cualquier navegador web est&aacute;ndar. Usando el software de controlador de Ubiquiti, se puede configurar y administrar una red empresarial Wi-Fi f&aacute;cilmente y al instante. Est&aacute;n perfectamente integrados la consulta del estado del dispositivo en tiempo real, la detecci&oacute;n autom&aacute;tica de dispositivos de Ubiquiti, la carga del mapa de ubicaci&oacute;n de los equipos y las opciones avanzadas de seguridad. Una vez configurada la red, no es necesario que el controlador est&eacute; encendido.<\/div>\n<\/div>\n<p><\/p>\n<div>\n<table>\n<tbody>\n<tr>\n<td><strong>Marca<\/strong><\/td>\n<td>Ubiquiti<\/td>\n<\/tr>\n<tr>\n<td><strong>Modelo<\/strong><\/td>\n<td><strong>UAP-PRO-3<\/strong><\/td>\n<\/tr>\n<tr>\n<td><strong>Caracter&iacute;sticas<\/strong><\/td>\n<td>\n<div>\n<div>&#8211; Est&aacute;ndares Wi-Fi: 802.11 a\/b\/g\/n<\/div>\n<div>&#8211; Bandas de frecuencia: 5\/2.4 GHz<\/div>\n<div>&#8211; Velocidad m&aacute;xima: 450 Mbps<\/div>\n<div>&#8211; M&aacute;xima potencia de transmisi&oacute;n TX:&nbsp; 30 dBm (2.4GHz); 22 dBm (5GHz)<\/div>\n<div>&#8211; Alcance: 122 m<\/div>\n<div>&#8211; Puertos Ethernet: 2&#215;10\/100\/1000 Mbps<\/div>\n<div>&#8211; Antenas Integradas: <\/div>\n<div>2.4 GHz 5 dBi Omni (soporta MIMO 3&#215;3 con diversidad espacial)<\/div>\n<div>5 GHz 4 dBi Omni (soporta MIMO 2&#215;2 con diversidad espacial)<br \/>&#8211; Alimentaci&oacute;n: PoE pasivo a trav&eacute;s de Ethernet (48V), 802.3af<\/div>\n<\/div>\n<\/td>\n<\/tr>\n<tr>\n<td><strong>Otras Caracter&iacute;sticas<\/strong><\/td>\n<td>\n<div>\n<div>&#8211; Gesti&oacute;n Avanzada de Tr&aacute;fico<br \/>VLAN: 802.1Q<br \/>QoS avanzado: Limitaci&oacute;n por usuario<br \/>Soporta aislamiento de clientes<br \/>WMM: Voice, video, best effort, and background<\/div>\n<div>&#8211; Tasas de transferencias soportadas (Mbps)<br \/>802.11n: 6.5 Mbps a 450 Mbps (MCS0 &#8211; MCS23, HT 20\/40)<\/div>\n<div>802.11a: 6, 9, 12, 18, 24, 36, 48, 54 Mbps<br \/>802.11b: 1, 2, 5.5, 11 Mbps<br \/>802.11g: 6, 9, 12, 18, 24, 36, 48, 54 Mbps<\/div>\n<\/div>\n<p>&#8211; Dimensiones: 20 x 20 x 3.65 cm<br \/>&#8211; Peso: 298 g (358 g con kit de montaje)<br \/>&#8211; Bot&oacute;n reset: S&iacute;<br \/>&#8211; Adaptador de corriente POE (inyector) 48V 0.5A incluido<br \/>&#8211; M&aacute;ximo consumo: 12 W<br \/>&#8211; BSSID: Hasta 4 por radio<br \/>&#8211; Clientes concurrentes: M&aacute;s de 200<br \/>&#8211; Modo ahorro de energ&iacute;a soportado&nbsp;&nbsp;<br \/>&#8211; Seguridad inal&aacute;mbrica: WEP, WPA-PSK, WPA-Enterprise (WPA\/WPA2, TKIP\/AES)<br \/>&#8211; Certificaciones: CE, FCC, IC<br \/>&#8211; Montaje: Pared\/techo (Kit incluido)<br \/>&#8211; Temperatura de funcionamiento: -10&deg;C to 70&deg;C<br \/>&#8211; Humedad de funcionamiento: 5-80% sin condensaci&oacute;n<\/td>\n<\/tr>\n<tr>\n<td valign=\"top\"><strong>Contenido<\/strong><\/td>\n<td>&#8211; Pack de 3 x UAP-PRO<\/td>\n<\/tr>\n<tr>\n<td valign=\"top\"><strong>Folleto t&eacute;cnico<\/strong><\/td>\n<td><a href=\"https:\/\/www.ubnt.com\/downloads\/datasheets\/unifi\/UniFi_AP_DS.pdf\" target=\"_blank\">https:\/\/www.ubnt.com\/downloads\/datasheets\/unifi\/UniFi_AP_DS.pdf<\/a><\/td>\n<\/tr>\n<tr>\n<td valign=\"top\"><strong>Gu&iacute;a de instalaci&oacute;n<\/strong><\/td>\n<td><a href=\"https:\/\/www.ubnt.com\/downloads\/guides\/UniFi\/UniFi_AP_Pro_QSG.pdf\" target=\"_blank\">https:\/\/www.ubnt.com\/downloads\/guides\/UniFi\/UniFi_AP_Pro_QSG.pdf<\/a><\/td>\n<\/tr>\n<tr>\n<td><strong>Fecha de revisi&oacute;n<\/strong><\/td>\n<td>08-10-2019 por MSB<\/td>\n<\/tr>\n<\/tbody>\n<\/table>\n<\/div>\n","protected":false},"excerpt":{"rendered":"<p>El UAP-Pro es el modelo Unifi m&aacute;s r&aacute;pido con velocidades de hasta 300 Mbps en la banda de 5 GHz y hasta 450 Mbps en la banda de 2,4 GHz. Ofrece una operaci&oacute;n en doble banda simult&aacute;nea con tecnolog&iacute;a MIMO 2&#215;2 y 3&#215;3. Tiene un alcance de hasta 130 metros y 2 puertos Gigabit Ethernet.&hellip;&nbsp;<a href=\"https:\/\/aivlisoft.net\/shop\/producto\/ubiquiti-unifi-pro-punto-acceso-300n-poe-pack-3\/\" rel=\"bookmark\"><span class=\"screen-reader-text\">Ubiquiti Unifi Pro Punto Acceso 300N PoE Pack 3<\/span><\/a><\/p>\n","protected":false},"featured_media":19334,"template":"","meta":{"neve_meta_sidebar":"","neve_meta_container":"","neve_meta_enable_content_width":"","neve_meta_content_width":0,"neve_meta_title_alignment":"","neve_meta_author_avatar":"","neve_post_elements_order":"","neve_meta_disable_header":"","neve_meta_disable_footer":"","neve_meta_disable_title":""},"product_brand":[],"product_cat":[8770],"product_tag":[6992],"class_list":{"0":"post-19333","1":"product","2":"type-product","3":"status-publish","4":"has-post-thumbnail","6":"product_cat-puntos-de-acceso","7":"product_tag-uap-pro-3","9":"first","10":"instock","11":"taxable","12":"shipping-taxable","13":"purchasable","14":"product-type-simple"},"yoast_head":"<!-- This site is optimized with the Yoast SEO plugin v26.0 - https:\/\/yoast.com\/wordpress\/plugins\/seo\/ -->\n<title>Ubiquiti Unifi Pro Punto Acceso 300N PoE Pack 3 - Aivlisoft Inform\u00e1tica<\/title>\n<meta name=\"robots\" content=\"index, follow, max-snippet:-1, max-image-preview:large, max-video-preview:-1\" \/>\n<link rel=\"canonical\" href=\"https:\/\/aivlisoft.net\/shop\/producto\/ubiquiti-unifi-pro-punto-acceso-300n-poe-pack-3\/\" \/>\n<meta property=\"og:locale\" content=\"es_ES\" \/>\n<meta property=\"og:type\" content=\"article\" \/>\n<meta property=\"og:title\" content=\"Ubiquiti Unifi Pro Punto Acceso 300N PoE Pack 3 - Aivlisoft Inform\u00e1tica\" \/>\n<meta property=\"og:description\" content=\"El UAP-Pro es el modelo Unifi m&aacute;s r&aacute;pido con velocidades de hasta 300 Mbps en la banda de 5 GHz y hasta 450 Mbps en la banda de 2,4 GHz. Ofrece una operaci&oacute;n en doble banda simult&aacute;nea con tecnolog&iacute;a MIMO 2&#215;2 y 3&#215;3. Tiene un alcance de hasta 130 metros y 2 puertos Gigabit Ethernet.&hellip;&nbsp;Ubiquiti Unifi Pro Punto Acceso 300N PoE Pack 3\" \/>\n<meta property=\"og:url\" content=\"https:\/\/aivlisoft.net\/shop\/producto\/ubiquiti-unifi-pro-punto-acceso-300n-poe-pack-3\/\" \/>\n<meta property=\"og:site_name\" content=\"Aivlisoft Inform\u00e1tica\" \/>\n<meta property=\"article:modified_time\" content=\"2025-01-14T11:44:31+00:00\" \/>\n<meta property=\"og:image\" content=\"https:\/\/aivlisoft.net\/shop\/wp-content\/uploads\/2025\/01\/NSWPAC0092_800.jpg\" \/>\n\t<meta property=\"og:image:width\" content=\"800\" \/>\n\t<meta property=\"og:image:height\" content=\"800\" \/>\n\t<meta property=\"og:image:type\" content=\"image\/jpeg\" \/>\n<meta name=\"twitter:card\" content=\"summary_large_image\" \/>\n<meta name=\"twitter:label1\" content=\"Tiempo de lectura\" \/>\n\t<meta name=\"twitter:data1\" content=\"3 minutos\" \/>\n<script type=\"application\/ld+json\" class=\"yoast-schema-graph\">{\"@context\":\"https:\/\/schema.org\",\"@graph\":[{\"@type\":\"WebPage\",\"@id\":\"https:\/\/aivlisoft.net\/shop\/producto\/ubiquiti-unifi-pro-punto-acceso-300n-poe-pack-3\/\",\"url\":\"https:\/\/aivlisoft.net\/shop\/producto\/ubiquiti-unifi-pro-punto-acceso-300n-poe-pack-3\/\",\"name\":\"Ubiquiti Unifi Pro Punto Acceso 300N PoE Pack 3 - Aivlisoft Inform\u00e1tica\",\"isPartOf\":{\"@id\":\"https:\/\/aivlisoft.net\/shop\/#website\"},\"primaryImageOfPage\":{\"@id\":\"https:\/\/aivlisoft.net\/shop\/producto\/ubiquiti-unifi-pro-punto-acceso-300n-poe-pack-3\/#primaryimage\"},\"image\":{\"@id\":\"https:\/\/aivlisoft.net\/shop\/producto\/ubiquiti-unifi-pro-punto-acceso-300n-poe-pack-3\/#primaryimage\"},\"thumbnailUrl\":\"https:\/\/aivlisoft.net\/shop\/wp-content\/uploads\/2025\/01\/NSWPAC0092_800.jpg\",\"datePublished\":\"2025-01-13T15:31:27+00:00\",\"dateModified\":\"2025-01-14T11:44:31+00:00\",\"breadcrumb\":{\"@id\":\"https:\/\/aivlisoft.net\/shop\/producto\/ubiquiti-unifi-pro-punto-acceso-300n-poe-pack-3\/#breadcrumb\"},\"inLanguage\":\"es\",\"potentialAction\":[{\"@type\":\"ReadAction\",\"target\":[\"https:\/\/aivlisoft.net\/shop\/producto\/ubiquiti-unifi-pro-punto-acceso-300n-poe-pack-3\/\"]}]},{\"@type\":\"ImageObject\",\"inLanguage\":\"es\",\"@id\":\"https:\/\/aivlisoft.net\/shop\/producto\/ubiquiti-unifi-pro-punto-acceso-300n-poe-pack-3\/#primaryimage\",\"url\":\"https:\/\/aivlisoft.net\/shop\/wp-content\/uploads\/2025\/01\/NSWPAC0092_800.jpg\",\"contentUrl\":\"https:\/\/aivlisoft.net\/shop\/wp-content\/uploads\/2025\/01\/NSWPAC0092_800.jpg\",\"width\":800,\"height\":800},{\"@type\":\"BreadcrumbList\",\"@id\":\"https:\/\/aivlisoft.net\/shop\/producto\/ubiquiti-unifi-pro-punto-acceso-300n-poe-pack-3\/#breadcrumb\",\"itemListElement\":[{\"@type\":\"ListItem\",\"position\":1,\"name\":\"Portada\",\"item\":\"https:\/\/aivlisoft.net\/shop\/\"},{\"@type\":\"ListItem\",\"position\":2,\"name\":\"Tienda\",\"item\":\"https:\/\/aivlisoft.net\/shop\/tienda\/\"},{\"@type\":\"ListItem\",\"position\":3,\"name\":\"Ubiquiti Unifi Pro Punto Acceso 300N PoE Pack 3\"}]},{\"@type\":\"WebSite\",\"@id\":\"https:\/\/aivlisoft.net\/shop\/#website\",\"url\":\"https:\/\/aivlisoft.net\/shop\/\",\"name\":\"Aivlisoft Inform\u00e1tica\",\"description\":\"En Aivlisoft Inform\u00e1tica ofrecemos soluciones tecnol\u00f3gicas para empresas: venta de ordenadores, consumibles, perif\u00e9ricos y m\u00e1s. Calidad, atenci\u00f3n personalizada y los mejores precios para tu negocio.\",\"publisher\":{\"@id\":\"https:\/\/aivlisoft.net\/shop\/#organization\"},\"potentialAction\":[{\"@type\":\"SearchAction\",\"target\":{\"@type\":\"EntryPoint\",\"urlTemplate\":\"https:\/\/aivlisoft.net\/shop\/?s={search_term_string}\"},\"query-input\":{\"@type\":\"PropertyValueSpecification\",\"valueRequired\":true,\"valueName\":\"search_term_string\"}}],\"inLanguage\":\"es\"},{\"@type\":\"Organization\",\"@id\":\"https:\/\/aivlisoft.net\/shop\/#organization\",\"name\":\"Aivlisoft Inform\u00e1tica\",\"url\":\"https:\/\/aivlisoft.net\/shop\/\",\"logo\":{\"@type\":\"ImageObject\",\"inLanguage\":\"es\",\"@id\":\"https:\/\/aivlisoft.net\/shop\/#\/schema\/logo\/image\/\",\"url\":\"https:\/\/aivlisoft.net\/shop\/wp-content\/uploads\/2024\/12\/removal.ai_5b848c54-0cdf-4140-95c5-c5536bb7573b-logodef.png\",\"contentUrl\":\"https:\/\/aivlisoft.net\/shop\/wp-content\/uploads\/2024\/12\/removal.ai_5b848c54-0cdf-4140-95c5-c5536bb7573b-logodef.png\",\"width\":484,\"height\":182,\"caption\":\"Aivlisoft Inform\u00e1tica\"},\"image\":{\"@id\":\"https:\/\/aivlisoft.net\/shop\/#\/schema\/logo\/image\/\"}}]}<\/script>\n<!-- \/ Yoast SEO plugin. -->","yoast_head_json":{"title":"Ubiquiti Unifi Pro Punto Acceso 300N PoE Pack 3 - Aivlisoft Inform\u00e1tica","robots":{"index":"index","follow":"follow","max-snippet":"max-snippet:-1","max-image-preview":"max-image-preview:large","max-video-preview":"max-video-preview:-1"},"canonical":"https:\/\/aivlisoft.net\/shop\/producto\/ubiquiti-unifi-pro-punto-acceso-300n-poe-pack-3\/","og_locale":"es_ES","og_type":"article","og_title":"Ubiquiti Unifi Pro Punto Acceso 300N PoE Pack 3 - Aivlisoft Inform\u00e1tica","og_description":"El UAP-Pro es el modelo Unifi m&aacute;s r&aacute;pido con velocidades de hasta 300 Mbps en la banda de 5 GHz y hasta 450 Mbps en la banda de 2,4 GHz. Ofrece una operaci&oacute;n en doble banda simult&aacute;nea con tecnolog&iacute;a MIMO 2&#215;2 y 3&#215;3. Tiene un alcance de hasta 130 metros y 2 puertos Gigabit Ethernet.&hellip;&nbsp;Ubiquiti Unifi Pro Punto Acceso 300N PoE Pack 3","og_url":"https:\/\/aivlisoft.net\/shop\/producto\/ubiquiti-unifi-pro-punto-acceso-300n-poe-pack-3\/","og_site_name":"Aivlisoft Inform\u00e1tica","article_modified_time":"2025-01-14T11:44:31+00:00","og_image":[{"width":800,"height":800,"url":"https:\/\/aivlisoft.net\/shop\/wp-content\/uploads\/2025\/01\/NSWPAC0092_800.jpg","type":"image\/jpeg"}],"twitter_card":"summary_large_image","twitter_misc":{"Tiempo de lectura":"3 minutos"},"schema":{"@context":"https:\/\/schema.org","@graph":[{"@type":"WebPage","@id":"https:\/\/aivlisoft.net\/shop\/producto\/ubiquiti-unifi-pro-punto-acceso-300n-poe-pack-3\/","url":"https:\/\/aivlisoft.net\/shop\/producto\/ubiquiti-unifi-pro-punto-acceso-300n-poe-pack-3\/","name":"Ubiquiti Unifi Pro Punto Acceso 300N PoE Pack 3 - Aivlisoft Inform\u00e1tica","isPartOf":{"@id":"https:\/\/aivlisoft.net\/shop\/#website"},"primaryImageOfPage":{"@id":"https:\/\/aivlisoft.net\/shop\/producto\/ubiquiti-unifi-pro-punto-acceso-300n-poe-pack-3\/#primaryimage"},"image":{"@id":"https:\/\/aivlisoft.net\/shop\/producto\/ubiquiti-unifi-pro-punto-acceso-300n-poe-pack-3\/#primaryimage"},"thumbnailUrl":"https:\/\/aivlisoft.net\/shop\/wp-content\/uploads\/2025\/01\/NSWPAC0092_800.jpg","datePublished":"2025-01-13T15:31:27+00:00","dateModified":"2025-01-14T11:44:31+00:00","breadcrumb":{"@id":"https:\/\/aivlisoft.net\/shop\/producto\/ubiquiti-unifi-pro-punto-acceso-300n-poe-pack-3\/#breadcrumb"},"inLanguage":"es","potentialAction":[{"@type":"ReadAction","target":["https:\/\/aivlisoft.net\/shop\/producto\/ubiquiti-unifi-pro-punto-acceso-300n-poe-pack-3\/"]}]},{"@type":"ImageObject","inLanguage":"es","@id":"https:\/\/aivlisoft.net\/shop\/producto\/ubiquiti-unifi-pro-punto-acceso-300n-poe-pack-3\/#primaryimage","url":"https:\/\/aivlisoft.net\/shop\/wp-content\/uploads\/2025\/01\/NSWPAC0092_800.jpg","contentUrl":"https:\/\/aivlisoft.net\/shop\/wp-content\/uploads\/2025\/01\/NSWPAC0092_800.jpg","width":800,"height":800},{"@type":"BreadcrumbList","@id":"https:\/\/aivlisoft.net\/shop\/producto\/ubiquiti-unifi-pro-punto-acceso-300n-poe-pack-3\/#breadcrumb","itemListElement":[{"@type":"ListItem","position":1,"name":"Portada","item":"https:\/\/aivlisoft.net\/shop\/"},{"@type":"ListItem","position":2,"name":"Tienda","item":"https:\/\/aivlisoft.net\/shop\/tienda\/"},{"@type":"ListItem","position":3,"name":"Ubiquiti Unifi Pro Punto Acceso 300N PoE Pack 3"}]},{"@type":"WebSite","@id":"https:\/\/aivlisoft.net\/shop\/#website","url":"https:\/\/aivlisoft.net\/shop\/","name":"Aivlisoft Inform\u00e1tica","description":"En Aivlisoft Inform\u00e1tica ofrecemos soluciones tecnol\u00f3gicas para empresas: venta de ordenadores, consumibles, perif\u00e9ricos y m\u00e1s. Calidad, atenci\u00f3n personalizada y los mejores precios para tu negocio.","publisher":{"@id":"https:\/\/aivlisoft.net\/shop\/#organization"},"potentialAction":[{"@type":"SearchAction","target":{"@type":"EntryPoint","urlTemplate":"https:\/\/aivlisoft.net\/shop\/?s={search_term_string}"},"query-input":{"@type":"PropertyValueSpecification","valueRequired":true,"valueName":"search_term_string"}}],"inLanguage":"es"},{"@type":"Organization","@id":"https:\/\/aivlisoft.net\/shop\/#organization","name":"Aivlisoft Inform\u00e1tica","url":"https:\/\/aivlisoft.net\/shop\/","logo":{"@type":"ImageObject","inLanguage":"es","@id":"https:\/\/aivlisoft.net\/shop\/#\/schema\/logo\/image\/","url":"https:\/\/aivlisoft.net\/shop\/wp-content\/uploads\/2024\/12\/removal.ai_5b848c54-0cdf-4140-95c5-c5536bb7573b-logodef.png","contentUrl":"https:\/\/aivlisoft.net\/shop\/wp-content\/uploads\/2024\/12\/removal.ai_5b848c54-0cdf-4140-95c5-c5536bb7573b-logodef.png","width":484,"height":182,"caption":"Aivlisoft Inform\u00e1tica"},"image":{"@id":"https:\/\/aivlisoft.net\/shop\/#\/schema\/logo\/image\/"}}]}},"_links":{"self":[{"href":"https:\/\/aivlisoft.net\/shop\/wp-json\/wp\/v2\/product\/19333","targetHints":{"allow":["GET"]}}],"collection":[{"href":"https:\/\/aivlisoft.net\/shop\/wp-json\/wp\/v2\/product"}],"about":[{"href":"https:\/\/aivlisoft.net\/shop\/wp-json\/wp\/v2\/types\/product"}],"wp:featuredmedia":[{"embeddable":true,"href":"https:\/\/aivlisoft.net\/shop\/wp-json\/wp\/v2\/media\/19334"}],"wp:attachment":[{"href":"https:\/\/aivlisoft.net\/shop\/wp-json\/wp\/v2\/media?parent=19333"}],"wp:term":[{"taxonomy":"product_brand","embeddable":true,"href":"https:\/\/aivlisoft.net\/shop\/wp-json\/wp\/v2\/product_brand?post=19333"},{"taxonomy":"product_cat","embeddable":true,"href":"https:\/\/aivlisoft.net\/shop\/wp-json\/wp\/v2\/product_cat?post=19333"},{"taxonomy":"product_tag","embeddable":true,"href":"https:\/\/aivlisoft.net\/shop\/wp-json\/wp\/v2\/product_tag?post=19333"}],"curies":[{"name":"wp","href":"https:\/\/api.w.org\/{rel}","templated":true}]}}