{"id":19331,"date":"2025-01-13T15:31:26","date_gmt":"2025-01-13T15:31:26","guid":{"rendered":"https:\/\/aivlisoft.com\/?post_type=product&#038;p=19331"},"modified":"2025-01-14T11:44:30","modified_gmt":"2025-01-14T11:44:30","slug":"ubiquiti-nanostation-m-nsm5-5ghz-16dbi","status":"publish","type":"product","link":"https:\/\/aivlisoft.net\/shop\/producto\/ubiquiti-nanostation-m-nsm5-5ghz-16dbi\/","title":{"rendered":"Ubiquiti NanoStation M NSM5 5GHz 16dBi"},"content":{"rendered":"<div>Hasta ahora el Nanostation ha conseguido consolidarse como el primer CPE de exterior del mundo por su bajo coste y alto rendimiento. Los nuevos NanoStation M y NanoStation Loco M tienen el mismo concepto que el original pero han sido redise&ntilde;ados adapt&aacute;ndose a las nuevas tendencias del dise&ntilde;o y su l&iacute;nea es ahora m&aacute;s depurada y elegante.<\/div>\n<div>&nbsp;<\/div>\n<div>M&aacute;s de 150Mpbs reales de rendimiento y un alcance superior a 15km. Gracias a la tecnolog&iacute;a 2&#215;2 MIMO que utiliza el nuevo NanoStation M, los enlaces son significativamente m&aacute;s r&aacute;pidos y a una distancia superior que con los NanoStation tradicionales. Las nuevas antenas de doble polaridad de 16dBi en 5GHz y 11dBi en 2,4GHz est&aacute;n dise&ntilde;adas para optimizar el aislamiento de polaridad de una manera compacta con la &quot;cross-polarity isolation&quot;. Dispone de un segundo puerto Ethernet con posibilidad de habilitar por software una salida POE para una integraci&oacute;n perfecta con V&iacute;deo IP. El nuevo NanoStation M dispone del hardware necesario para que pueda ser reseteado en remoto desde la fuente de alimentaci&oacute;n. Adem&aacute;s, ahora cualquier NanoStation puede convertirse f&aacute;cilmente en 802.3af y funcionar a 48V utilizando el adaptador Instant 802.3af.<\/div>\n<p><\/p>\n<table>\n<tbody>\n<tr>\n<td><strong>Marca<\/strong><\/td>\n<td>Ubiquiti<\/td>\n<\/tr>\n<tr>\n<td><strong>Modelo<\/strong><\/td>\n<td><strong>NanoStation M5 (NS5M)<\/strong><\/td>\n<\/tr>\n<tr>\n<td><strong>Caracter&iacute;sticas<\/strong><\/td>\n<td>\n<div>\n<p><strong>&#8211; Procesador: Atheros MIPS 24KC, 400MHz<br \/>\t\t\t&#8211; Memoria: 32MB SDRAM, 8MB Flash<br \/>\t\t\t&#8211; Interfaz de red: 2&#215;10\/100 BASE-TX<br \/>\t\t\t&#8211; Banda de frecuencia: 5 GHz<br \/>\t\t\t&#8211; Antena: Integrada 2&#215;2 MiMo de 16 dBi, polarizaci&oacute;n dual<br \/>\t\t\t&#8211; Ancho del haz: H 43&deg; \/ V 41&deg;<br \/>\t\t\t&#8211; Throughput TCP\/IP: hasta 150Mbit\/s<\/strong><br \/>\t\t\t<strong>&#8211; Potencia de transmisi&oacute;n: max. 27dBm +\/-2dB en 11a\/n<br \/>\t\t\t&#8211; Alcance: Hasta 15 Km<\/strong><\/p>\n<\/p><\/div>\n<\/td>\n<\/tr>\n<tr>\n<td><strong>Caracter&iacute;sticas adicionales<\/strong><\/td>\n<td>\n<div>&#8211; Dimensiones: 294x31x80 mm<\/div>\n<div>&#8211; Peso: 0.4 kg<\/div>\n<div>&#8211; Regulaci&oacute;n: FCC Part 15.247, CE, IC RS210, RoHS<br \/>\t\t\t&#8211; Sensibilidad RX: min. -83dBm +\/-2dB en 11a, min. -96dBm +\/-2dB en 11n<\/div>\n<div>&#8211; Consumo m&aacute;ximo de potencia:&nbsp; 8 W<br \/>\t\t\t&#8211; Adaptador de corriente: 24V, 0.5A (12 Watts)<br \/>\t\t\t&#8211; Modo de alimentaci&oacute;n: Passive Power over Ethernet (hilos 4,5+; 7,8 de retorno)<br \/>\t\t\t&#8211; Temperatura de operaci&oacute;n: -30&deg;C +80&deg;C<\/div>\n<div>-Humedad de operaci&oacute;n: 5 a 95% con condensaci&oacute;n<br \/>\t\t\t&#8211; Sistema operativo: AirOS V<\/div>\n<\/td>\n<\/tr>\n<tr>\n<td valign=\"top\"><strong>Folleto t&eacute;cnico<\/strong><\/td>\n<td><a href=\"https:\/\/www.ubnt.com\/downloads\/datasheets\/nanostationm\/nsm_ds_web.pdf\" target=\"_blank\">https:\/\/www.ubnt.com\/downloads\/datasheets\/nanostationm\/nsm_ds_web.pdf<\/a><\/td>\n<\/tr>\n<tr>\n<td valign=\"top\"><strong>Gu&iacute;a de instalaci&oacute;n<\/strong><\/td>\n<td><a href=\"https:\/\/www.ubnt.com\/downloads\/guides\/NanoStation_M\/NanoStation_M_Loco_M_QSG.pdf\" target=\"_blank\">https:\/\/www.ubnt.com\/downloads\/guides\/NanoStation_M\/NanoStation_M_Loco_M_QSG.pdf<\/a><\/td>\n<\/tr>\n<tr>\n<td><strong>Fecha de revisi&oacute;n<\/strong><\/td>\n<td>11-12-2015 por DLS<\/td>\n<\/tr>\n<\/tbody>\n<\/table>\n","protected":false},"excerpt":{"rendered":"<p>Hasta ahora el Nanostation ha conseguido consolidarse como el primer CPE de exterior del mundo por su bajo coste y alto rendimiento. Los nuevos NanoStation M y NanoStation Loco M tienen el mismo concepto que el original pero han sido redise&ntilde;ados adapt&aacute;ndose a las nuevas tendencias del dise&ntilde;o y su l&iacute;nea es ahora m&aacute;s depurada&hellip;&nbsp;<a href=\"https:\/\/aivlisoft.net\/shop\/producto\/ubiquiti-nanostation-m-nsm5-5ghz-16dbi\/\" rel=\"bookmark\"><span class=\"screen-reader-text\">Ubiquiti NanoStation M NSM5 5GHz 16dBi<\/span><\/a><\/p>\n","protected":false},"featured_media":19332,"template":"","meta":{"neve_meta_sidebar":"","neve_meta_container":"","neve_meta_enable_content_width":"","neve_meta_content_width":0,"neve_meta_title_alignment":"","neve_meta_author_avatar":"","neve_post_elements_order":"","neve_meta_disable_header":"","neve_meta_disable_footer":"","neve_meta_disable_title":""},"product_brand":[],"product_cat":[8770],"product_tag":[6991],"class_list":{"0":"post-19331","1":"product","2":"type-product","3":"status-publish","4":"has-post-thumbnail","6":"product_cat-puntos-de-acceso","7":"product_tag-nsm5","9":"first","10":"instock","11":"taxable","12":"shipping-taxable","13":"purchasable","14":"product-type-simple"},"yoast_head":"<!-- This site is optimized with the Yoast SEO plugin v26.0 - https:\/\/yoast.com\/wordpress\/plugins\/seo\/ -->\n<title>Ubiquiti NanoStation M NSM5 5GHz 16dBi - Aivlisoft Inform\u00e1tica<\/title>\n<meta name=\"robots\" content=\"index, follow, max-snippet:-1, max-image-preview:large, max-video-preview:-1\" \/>\n<link rel=\"canonical\" href=\"https:\/\/aivlisoft.net\/shop\/producto\/ubiquiti-nanostation-m-nsm5-5ghz-16dbi\/\" \/>\n<meta property=\"og:locale\" content=\"es_ES\" \/>\n<meta property=\"og:type\" content=\"article\" \/>\n<meta property=\"og:title\" content=\"Ubiquiti NanoStation M NSM5 5GHz 16dBi - Aivlisoft Inform\u00e1tica\" \/>\n<meta property=\"og:description\" content=\"Hasta ahora el Nanostation ha conseguido consolidarse como el primer CPE de exterior del mundo por su bajo coste y alto rendimiento. Los nuevos NanoStation M y NanoStation Loco M tienen el mismo concepto que el original pero han sido redise&ntilde;ados adapt&aacute;ndose a las nuevas tendencias del dise&ntilde;o y su l&iacute;nea es ahora m&aacute;s depurada&hellip;&nbsp;Ubiquiti NanoStation M NSM5 5GHz 16dBi\" \/>\n<meta property=\"og:url\" content=\"https:\/\/aivlisoft.net\/shop\/producto\/ubiquiti-nanostation-m-nsm5-5ghz-16dbi\/\" \/>\n<meta property=\"og:site_name\" content=\"Aivlisoft Inform\u00e1tica\" \/>\n<meta property=\"article:modified_time\" content=\"2025-01-14T11:44:30+00:00\" \/>\n<meta property=\"og:image\" content=\"https:\/\/aivlisoft.net\/shop\/wp-content\/uploads\/2025\/01\/NSWPAC0072_800.jpg\" \/>\n\t<meta property=\"og:image:width\" content=\"800\" \/>\n\t<meta property=\"og:image:height\" content=\"800\" \/>\n\t<meta property=\"og:image:type\" content=\"image\/jpeg\" \/>\n<meta name=\"twitter:card\" content=\"summary_large_image\" \/>\n<meta name=\"twitter:label1\" content=\"Tiempo de lectura\" \/>\n\t<meta name=\"twitter:data1\" content=\"2 minutos\" \/>\n<script type=\"application\/ld+json\" class=\"yoast-schema-graph\">{\"@context\":\"https:\/\/schema.org\",\"@graph\":[{\"@type\":\"WebPage\",\"@id\":\"https:\/\/aivlisoft.net\/shop\/producto\/ubiquiti-nanostation-m-nsm5-5ghz-16dbi\/\",\"url\":\"https:\/\/aivlisoft.net\/shop\/producto\/ubiquiti-nanostation-m-nsm5-5ghz-16dbi\/\",\"name\":\"Ubiquiti NanoStation M NSM5 5GHz 16dBi - Aivlisoft Inform\u00e1tica\",\"isPartOf\":{\"@id\":\"https:\/\/aivlisoft.net\/shop\/#website\"},\"primaryImageOfPage\":{\"@id\":\"https:\/\/aivlisoft.net\/shop\/producto\/ubiquiti-nanostation-m-nsm5-5ghz-16dbi\/#primaryimage\"},\"image\":{\"@id\":\"https:\/\/aivlisoft.net\/shop\/producto\/ubiquiti-nanostation-m-nsm5-5ghz-16dbi\/#primaryimage\"},\"thumbnailUrl\":\"https:\/\/aivlisoft.net\/shop\/wp-content\/uploads\/2025\/01\/NSWPAC0072_800.jpg\",\"datePublished\":\"2025-01-13T15:31:26+00:00\",\"dateModified\":\"2025-01-14T11:44:30+00:00\",\"breadcrumb\":{\"@id\":\"https:\/\/aivlisoft.net\/shop\/producto\/ubiquiti-nanostation-m-nsm5-5ghz-16dbi\/#breadcrumb\"},\"inLanguage\":\"es\",\"potentialAction\":[{\"@type\":\"ReadAction\",\"target\":[\"https:\/\/aivlisoft.net\/shop\/producto\/ubiquiti-nanostation-m-nsm5-5ghz-16dbi\/\"]}]},{\"@type\":\"ImageObject\",\"inLanguage\":\"es\",\"@id\":\"https:\/\/aivlisoft.net\/shop\/producto\/ubiquiti-nanostation-m-nsm5-5ghz-16dbi\/#primaryimage\",\"url\":\"https:\/\/aivlisoft.net\/shop\/wp-content\/uploads\/2025\/01\/NSWPAC0072_800.jpg\",\"contentUrl\":\"https:\/\/aivlisoft.net\/shop\/wp-content\/uploads\/2025\/01\/NSWPAC0072_800.jpg\",\"width\":800,\"height\":800},{\"@type\":\"BreadcrumbList\",\"@id\":\"https:\/\/aivlisoft.net\/shop\/producto\/ubiquiti-nanostation-m-nsm5-5ghz-16dbi\/#breadcrumb\",\"itemListElement\":[{\"@type\":\"ListItem\",\"position\":1,\"name\":\"Portada\",\"item\":\"https:\/\/aivlisoft.net\/shop\/\"},{\"@type\":\"ListItem\",\"position\":2,\"name\":\"Tienda\",\"item\":\"https:\/\/aivlisoft.net\/shop\/tienda\/\"},{\"@type\":\"ListItem\",\"position\":3,\"name\":\"Ubiquiti NanoStation M NSM5 5GHz 16dBi\"}]},{\"@type\":\"WebSite\",\"@id\":\"https:\/\/aivlisoft.net\/shop\/#website\",\"url\":\"https:\/\/aivlisoft.net\/shop\/\",\"name\":\"Aivlisoft Inform\u00e1tica\",\"description\":\"En Aivlisoft Inform\u00e1tica ofrecemos soluciones tecnol\u00f3gicas para empresas: venta de ordenadores, consumibles, perif\u00e9ricos y m\u00e1s. Calidad, atenci\u00f3n personalizada y los mejores precios para tu negocio.\",\"publisher\":{\"@id\":\"https:\/\/aivlisoft.net\/shop\/#organization\"},\"potentialAction\":[{\"@type\":\"SearchAction\",\"target\":{\"@type\":\"EntryPoint\",\"urlTemplate\":\"https:\/\/aivlisoft.net\/shop\/?s={search_term_string}\"},\"query-input\":{\"@type\":\"PropertyValueSpecification\",\"valueRequired\":true,\"valueName\":\"search_term_string\"}}],\"inLanguage\":\"es\"},{\"@type\":\"Organization\",\"@id\":\"https:\/\/aivlisoft.net\/shop\/#organization\",\"name\":\"Aivlisoft Inform\u00e1tica\",\"url\":\"https:\/\/aivlisoft.net\/shop\/\",\"logo\":{\"@type\":\"ImageObject\",\"inLanguage\":\"es\",\"@id\":\"https:\/\/aivlisoft.net\/shop\/#\/schema\/logo\/image\/\",\"url\":\"https:\/\/aivlisoft.net\/shop\/wp-content\/uploads\/2024\/12\/removal.ai_5b848c54-0cdf-4140-95c5-c5536bb7573b-logodef.png\",\"contentUrl\":\"https:\/\/aivlisoft.net\/shop\/wp-content\/uploads\/2024\/12\/removal.ai_5b848c54-0cdf-4140-95c5-c5536bb7573b-logodef.png\",\"width\":484,\"height\":182,\"caption\":\"Aivlisoft Inform\u00e1tica\"},\"image\":{\"@id\":\"https:\/\/aivlisoft.net\/shop\/#\/schema\/logo\/image\/\"}}]}<\/script>\n<!-- \/ Yoast SEO plugin. -->","yoast_head_json":{"title":"Ubiquiti NanoStation M NSM5 5GHz 16dBi - Aivlisoft Inform\u00e1tica","robots":{"index":"index","follow":"follow","max-snippet":"max-snippet:-1","max-image-preview":"max-image-preview:large","max-video-preview":"max-video-preview:-1"},"canonical":"https:\/\/aivlisoft.net\/shop\/producto\/ubiquiti-nanostation-m-nsm5-5ghz-16dbi\/","og_locale":"es_ES","og_type":"article","og_title":"Ubiquiti NanoStation M NSM5 5GHz 16dBi - Aivlisoft Inform\u00e1tica","og_description":"Hasta ahora el Nanostation ha conseguido consolidarse como el primer CPE de exterior del mundo por su bajo coste y alto rendimiento. Los nuevos NanoStation M y NanoStation Loco M tienen el mismo concepto que el original pero han sido redise&ntilde;ados adapt&aacute;ndose a las nuevas tendencias del dise&ntilde;o y su l&iacute;nea es ahora m&aacute;s depurada&hellip;&nbsp;Ubiquiti NanoStation M NSM5 5GHz 16dBi","og_url":"https:\/\/aivlisoft.net\/shop\/producto\/ubiquiti-nanostation-m-nsm5-5ghz-16dbi\/","og_site_name":"Aivlisoft Inform\u00e1tica","article_modified_time":"2025-01-14T11:44:30+00:00","og_image":[{"width":800,"height":800,"url":"https:\/\/aivlisoft.net\/shop\/wp-content\/uploads\/2025\/01\/NSWPAC0072_800.jpg","type":"image\/jpeg"}],"twitter_card":"summary_large_image","twitter_misc":{"Tiempo de lectura":"2 minutos"},"schema":{"@context":"https:\/\/schema.org","@graph":[{"@type":"WebPage","@id":"https:\/\/aivlisoft.net\/shop\/producto\/ubiquiti-nanostation-m-nsm5-5ghz-16dbi\/","url":"https:\/\/aivlisoft.net\/shop\/producto\/ubiquiti-nanostation-m-nsm5-5ghz-16dbi\/","name":"Ubiquiti NanoStation M NSM5 5GHz 16dBi - Aivlisoft Inform\u00e1tica","isPartOf":{"@id":"https:\/\/aivlisoft.net\/shop\/#website"},"primaryImageOfPage":{"@id":"https:\/\/aivlisoft.net\/shop\/producto\/ubiquiti-nanostation-m-nsm5-5ghz-16dbi\/#primaryimage"},"image":{"@id":"https:\/\/aivlisoft.net\/shop\/producto\/ubiquiti-nanostation-m-nsm5-5ghz-16dbi\/#primaryimage"},"thumbnailUrl":"https:\/\/aivlisoft.net\/shop\/wp-content\/uploads\/2025\/01\/NSWPAC0072_800.jpg","datePublished":"2025-01-13T15:31:26+00:00","dateModified":"2025-01-14T11:44:30+00:00","breadcrumb":{"@id":"https:\/\/aivlisoft.net\/shop\/producto\/ubiquiti-nanostation-m-nsm5-5ghz-16dbi\/#breadcrumb"},"inLanguage":"es","potentialAction":[{"@type":"ReadAction","target":["https:\/\/aivlisoft.net\/shop\/producto\/ubiquiti-nanostation-m-nsm5-5ghz-16dbi\/"]}]},{"@type":"ImageObject","inLanguage":"es","@id":"https:\/\/aivlisoft.net\/shop\/producto\/ubiquiti-nanostation-m-nsm5-5ghz-16dbi\/#primaryimage","url":"https:\/\/aivlisoft.net\/shop\/wp-content\/uploads\/2025\/01\/NSWPAC0072_800.jpg","contentUrl":"https:\/\/aivlisoft.net\/shop\/wp-content\/uploads\/2025\/01\/NSWPAC0072_800.jpg","width":800,"height":800},{"@type":"BreadcrumbList","@id":"https:\/\/aivlisoft.net\/shop\/producto\/ubiquiti-nanostation-m-nsm5-5ghz-16dbi\/#breadcrumb","itemListElement":[{"@type":"ListItem","position":1,"name":"Portada","item":"https:\/\/aivlisoft.net\/shop\/"},{"@type":"ListItem","position":2,"name":"Tienda","item":"https:\/\/aivlisoft.net\/shop\/tienda\/"},{"@type":"ListItem","position":3,"name":"Ubiquiti NanoStation M NSM5 5GHz 16dBi"}]},{"@type":"WebSite","@id":"https:\/\/aivlisoft.net\/shop\/#website","url":"https:\/\/aivlisoft.net\/shop\/","name":"Aivlisoft Inform\u00e1tica","description":"En Aivlisoft Inform\u00e1tica ofrecemos soluciones tecnol\u00f3gicas para empresas: venta de ordenadores, consumibles, perif\u00e9ricos y m\u00e1s. Calidad, atenci\u00f3n personalizada y los mejores precios para tu negocio.","publisher":{"@id":"https:\/\/aivlisoft.net\/shop\/#organization"},"potentialAction":[{"@type":"SearchAction","target":{"@type":"EntryPoint","urlTemplate":"https:\/\/aivlisoft.net\/shop\/?s={search_term_string}"},"query-input":{"@type":"PropertyValueSpecification","valueRequired":true,"valueName":"search_term_string"}}],"inLanguage":"es"},{"@type":"Organization","@id":"https:\/\/aivlisoft.net\/shop\/#organization","name":"Aivlisoft Inform\u00e1tica","url":"https:\/\/aivlisoft.net\/shop\/","logo":{"@type":"ImageObject","inLanguage":"es","@id":"https:\/\/aivlisoft.net\/shop\/#\/schema\/logo\/image\/","url":"https:\/\/aivlisoft.net\/shop\/wp-content\/uploads\/2024\/12\/removal.ai_5b848c54-0cdf-4140-95c5-c5536bb7573b-logodef.png","contentUrl":"https:\/\/aivlisoft.net\/shop\/wp-content\/uploads\/2024\/12\/removal.ai_5b848c54-0cdf-4140-95c5-c5536bb7573b-logodef.png","width":484,"height":182,"caption":"Aivlisoft Inform\u00e1tica"},"image":{"@id":"https:\/\/aivlisoft.net\/shop\/#\/schema\/logo\/image\/"}}]}},"_links":{"self":[{"href":"https:\/\/aivlisoft.net\/shop\/wp-json\/wp\/v2\/product\/19331","targetHints":{"allow":["GET"]}}],"collection":[{"href":"https:\/\/aivlisoft.net\/shop\/wp-json\/wp\/v2\/product"}],"about":[{"href":"https:\/\/aivlisoft.net\/shop\/wp-json\/wp\/v2\/types\/product"}],"wp:featuredmedia":[{"embeddable":true,"href":"https:\/\/aivlisoft.net\/shop\/wp-json\/wp\/v2\/media\/19332"}],"wp:attachment":[{"href":"https:\/\/aivlisoft.net\/shop\/wp-json\/wp\/v2\/media?parent=19331"}],"wp:term":[{"taxonomy":"product_brand","embeddable":true,"href":"https:\/\/aivlisoft.net\/shop\/wp-json\/wp\/v2\/product_brand?post=19331"},{"taxonomy":"product_cat","embeddable":true,"href":"https:\/\/aivlisoft.net\/shop\/wp-json\/wp\/v2\/product_cat?post=19331"},{"taxonomy":"product_tag","embeddable":true,"href":"https:\/\/aivlisoft.net\/shop\/wp-json\/wp\/v2\/product_tag?post=19331"}],"curies":[{"name":"wp","href":"https:\/\/api.w.org\/{rel}","templated":true}]}}