{"id":19325,"date":"2025-01-13T15:31:19","date_gmt":"2025-01-13T15:31:19","guid":{"rendered":"https:\/\/aivlisoft.com\/?post_type=product&#038;p=19325"},"modified":"2025-01-14T11:44:25","modified_gmt":"2025-01-14T11:44:25","slug":"ubiquiti-nanostation-m-locom2-2-4ghz-8-5dbi","status":"publish","type":"product","link":"https:\/\/aivlisoft.net\/shop\/producto\/ubiquiti-nanostation-m-locom2-2-4ghz-8-5dbi\/","title":{"rendered":"Ubiquiti NanoStation M LocoM2 2.4GHz 8.5dBi"},"content":{"rendered":"<div>NanoStation Loco M2 es un equipo de exterior muy compacto, que integra 2 antenas (MIMO) de 8 dBi de ganancia para la banda de 2.4 GHz. La velocidad de transferencia real del equipo es de hasta 150 Mbps.<\/p>\n<p>Otra gran ventaja es la elevada velocidad de transferencia del est&aacute;ndar 802.11n, gracias a la tecnolog&iacute;a TDMA Time Division Multiplexing, permite conectarse a m&aacute;s de 300 clientes al equipo.<\/p>\n<p>Este modelo tiene una baja latencia. En comparaci&oacute;n con los predecesores Nanostation M, el Nano Loco M2 tiene un procesador con mayor frecuencia de reloj de 400 MHz y m&aacute;s memoria.<\/p><\/div>\n<div>&nbsp;<\/div>\n<div>\n<div>Web de administraci&oacute;n sencilla y transparente.<\/div>\n<div>Algunos ejemplos de posibles configuraciones pueden ser: Modo AP, client o WDS. Traffic Shaping. QoS. Bridge transparente o routing entre WAN y LAN, con NAT o sin NAT. Led espec&iacute;fico para indicar la fuerza de la se&ntilde;al. Potencia de salida 23 dBm.<\/div>\n<div>El equipo es compatible con IPv6 en modo bridge y WDS.<\/div>\n<div>Incluye el inyector PoE de 24V necesario para su alimentaci&oacute;n, el inyector dispone de un bot&oacute;n de reset, puede utilizar este bot&oacute;n para cambiar el dispositivo al modo recovery y subir el firmware por TFTP.<br \/>Otra ventaja es que soporta PoE en el puerto ethernet secundario, lo que le permite alimentar otro dispositivo. Esta caracter&iacute;stica puede ser deshabilitada a trav&eacute;s de software.<\/div>\n<div>Importante informaci&oacute;n sobre compatibilidad:<br \/>Este dispositivo utiliza la nueva versi&oacute;n de firmware AirOS V. Por esta raz&oacute;n, es posible que el dispositivo no sea totalmente compatible con otros dispositivos de radio.<br \/>El sistema AirOS est&aacute; mejor&aacute;ndose continuamente por lo que se recomienda tener actualizado siempre el firmware a la &uacute;ltima versi&oacute;n.<\/div>\n<\/div>\n<p><\/p>\n<table>\n<tbody>\n<tr>\n<td><strong>Marca<\/strong><\/td>\n<td>Ubiquiti<\/td>\n<\/tr>\n<tr>\n<td><strong>Modelo<\/strong><\/td>\n<td><strong>NanoStation Loco M2<\/strong><\/td>\n<\/tr>\n<tr>\n<td><strong>Caracter&iacute;sticas<\/strong><\/td>\n<td>\n<div>\n<p><strong>&#8211; Procesador: Atheros MIPS 24KC, 400MHz<br \/>\t\t\t&#8211; Memoria: 32MB SDRAM, 8MB Flash<br \/>\t\t\t&#8211; Interfaz de red: 1&#215;10\/100 BASE-TX<br \/>\t\t\t&#8211; Est&aacute;ndares inal&aacute;mbricos: 802.11 b\/g\/n<br \/>\t\t\t&#8211; Banda de frecuencia: 2.4 GHz<br \/>\t\t\t&#8211; Antena: Integrada 2&#215;2 MiMo de 8 dBi, polarizaci&oacute;n dual<br \/>\t\t\t&#8211; Ancho del haz: H 60&deg; \/ V 60&deg;<br \/>\t\t\t&#8211; Throughput TCP\/IP: hasta 150Mbit\/s<\/strong><br \/>\t\t\t<strong>&#8211; Potencia de transmisi&oacute;n: max. 23dBm +\/-2dB en 11b\/g, max. 23dBm +\/-2dB en 11n<br \/>\t\t\t&#8211; Alcance: Hasta 15 Km<\/strong><\/p>\n<\/p><\/div>\n<\/td>\n<\/tr>\n<tr>\n<td><strong>Caracter&iacute;sticas adicionales<\/strong><\/td>\n<td>\n<div>&#8211; Dimensiones: 163x31x80 mm<\/div>\n<div>&#8211; Peso: 0.18 kg<\/div>\n<div>&#8211; Regulaci&oacute;n: FCC Part 15.247, CE, IC RS210, RoHS<br \/>\t\t\t&#8211; Sensibilidad RX: min. -83dBm +\/-2dB en 11b\/g, min. -96dBm +\/-2dB en 11n<\/div>\n<div>&#8211; Consumo m&aacute;ximo de potencia:&nbsp; 5.5 W<br \/>\t\t\t&#8211; Adaptador de corriente: 24V, 0.5A (12 Watts)<br \/>\t\t\t&#8211; Modo de alimentaci&oacute;n: Passive Power over Ethernet (hilos 4,5+; 7,8 de retorno)<br \/>\t\t\t&#8211; Temperatura de operaci&oacute;n: -30&deg;C +80&deg;C<\/div>\n<div>-Humedad de operaci&oacute;n: 5 a 95% con condensaci&oacute;n<br \/>\t\t\t&#8211; Sistema operativo: AirOS V<\/div>\n<\/td>\n<\/tr>\n<tr>\n<td valign=\"top\"><strong>Folleto t&eacute;cnico<\/strong><\/td>\n<td><a href=\"http:\/\/dl.ubnt.com\/loco_m2_datasheet.pdf\" target=\"_blank\">http:\/\/dl.ubnt.com\/loco_m2_datasheet.pdf<\/a><\/td>\n<\/tr>\n<tr>\n<td valign=\"top\"><strong>Gu&iacute;a de instalaci&oacute;n<\/strong><\/td>\n<td><a href=\"https:\/\/www.ubnt.com\/downloads\/guides\/NanoStation_M\/NanoStation_M_Loco_M_QSG.pdf\" target=\"_blank\">https:\/\/www.ubnt.com\/downloads\/guides\/NanoStation_M\/NanoStation_M_Loco_M_QSG.pdf<\/a><\/td>\n<\/tr>\n<tr>\n<td><strong>Fecha de revisi&oacute;n<\/strong><\/td>\n<td>10-12-2015 por DLS<\/td>\n<\/tr>\n<\/tbody>\n<\/table>\n","protected":false},"excerpt":{"rendered":"<p>NanoStation Loco M2 es un equipo de exterior muy compacto, que integra 2 antenas (MIMO) de 8 dBi de ganancia para la banda de 2.4 GHz. La velocidad de transferencia real del equipo es de hasta 150 Mbps. Otra gran ventaja es la elevada velocidad de transferencia del est&aacute;ndar 802.11n, gracias a la tecnolog&iacute;a TDMA&hellip;&nbsp;<a href=\"https:\/\/aivlisoft.net\/shop\/producto\/ubiquiti-nanostation-m-locom2-2-4ghz-8-5dbi\/\" rel=\"bookmark\"><span class=\"screen-reader-text\">Ubiquiti NanoStation M LocoM2 2.4GHz 8.5dBi<\/span><\/a><\/p>\n","protected":false},"featured_media":19326,"template":"","meta":{"neve_meta_sidebar":"","neve_meta_container":"","neve_meta_enable_content_width":"","neve_meta_content_width":0,"neve_meta_title_alignment":"","neve_meta_author_avatar":"","neve_post_elements_order":"","neve_meta_disable_header":"","neve_meta_disable_footer":"","neve_meta_disable_title":""},"product_brand":[],"product_cat":[8770],"product_tag":[6989],"class_list":{"0":"post-19325","1":"product","2":"type-product","3":"status-publish","4":"has-post-thumbnail","6":"product_cat-puntos-de-acceso","7":"product_tag-locom2","9":"first","10":"instock","11":"taxable","12":"shipping-taxable","13":"purchasable","14":"product-type-simple"},"yoast_head":"<!-- This site is optimized with the Yoast SEO plugin v26.0 - https:\/\/yoast.com\/wordpress\/plugins\/seo\/ -->\n<title>Ubiquiti NanoStation M LocoM2 2.4GHz 8.5dBi - Aivlisoft Inform\u00e1tica<\/title>\n<meta name=\"robots\" content=\"index, follow, max-snippet:-1, max-image-preview:large, max-video-preview:-1\" \/>\n<link rel=\"canonical\" href=\"https:\/\/aivlisoft.net\/shop\/producto\/ubiquiti-nanostation-m-locom2-2-4ghz-8-5dbi\/\" \/>\n<meta property=\"og:locale\" content=\"es_ES\" \/>\n<meta property=\"og:type\" content=\"article\" \/>\n<meta property=\"og:title\" content=\"Ubiquiti NanoStation M LocoM2 2.4GHz 8.5dBi - Aivlisoft Inform\u00e1tica\" \/>\n<meta property=\"og:description\" content=\"NanoStation Loco M2 es un equipo de exterior muy compacto, que integra 2 antenas (MIMO) de 8 dBi de ganancia para la banda de 2.4 GHz. La velocidad de transferencia real del equipo es de hasta 150 Mbps. Otra gran ventaja es la elevada velocidad de transferencia del est&aacute;ndar 802.11n, gracias a la tecnolog&iacute;a TDMA&hellip;&nbsp;Ubiquiti NanoStation M LocoM2 2.4GHz 8.5dBi\" \/>\n<meta property=\"og:url\" content=\"https:\/\/aivlisoft.net\/shop\/producto\/ubiquiti-nanostation-m-locom2-2-4ghz-8-5dbi\/\" \/>\n<meta property=\"og:site_name\" content=\"Aivlisoft Inform\u00e1tica\" \/>\n<meta property=\"article:modified_time\" content=\"2025-01-14T11:44:25+00:00\" \/>\n<meta property=\"og:image\" content=\"https:\/\/aivlisoft.net\/shop\/wp-content\/uploads\/2025\/01\/NSWPAC0065_800.jpg\" \/>\n\t<meta property=\"og:image:width\" content=\"800\" \/>\n\t<meta property=\"og:image:height\" content=\"800\" \/>\n\t<meta property=\"og:image:type\" content=\"image\/jpeg\" \/>\n<meta name=\"twitter:card\" content=\"summary_large_image\" \/>\n<meta name=\"twitter:label1\" content=\"Tiempo de lectura\" \/>\n\t<meta name=\"twitter:data1\" content=\"3 minutos\" \/>\n<script type=\"application\/ld+json\" class=\"yoast-schema-graph\">{\"@context\":\"https:\/\/schema.org\",\"@graph\":[{\"@type\":\"WebPage\",\"@id\":\"https:\/\/aivlisoft.net\/shop\/producto\/ubiquiti-nanostation-m-locom2-2-4ghz-8-5dbi\/\",\"url\":\"https:\/\/aivlisoft.net\/shop\/producto\/ubiquiti-nanostation-m-locom2-2-4ghz-8-5dbi\/\",\"name\":\"Ubiquiti NanoStation M LocoM2 2.4GHz 8.5dBi - Aivlisoft Inform\u00e1tica\",\"isPartOf\":{\"@id\":\"https:\/\/aivlisoft.net\/shop\/#website\"},\"primaryImageOfPage\":{\"@id\":\"https:\/\/aivlisoft.net\/shop\/producto\/ubiquiti-nanostation-m-locom2-2-4ghz-8-5dbi\/#primaryimage\"},\"image\":{\"@id\":\"https:\/\/aivlisoft.net\/shop\/producto\/ubiquiti-nanostation-m-locom2-2-4ghz-8-5dbi\/#primaryimage\"},\"thumbnailUrl\":\"https:\/\/aivlisoft.net\/shop\/wp-content\/uploads\/2025\/01\/NSWPAC0065_800.jpg\",\"datePublished\":\"2025-01-13T15:31:19+00:00\",\"dateModified\":\"2025-01-14T11:44:25+00:00\",\"breadcrumb\":{\"@id\":\"https:\/\/aivlisoft.net\/shop\/producto\/ubiquiti-nanostation-m-locom2-2-4ghz-8-5dbi\/#breadcrumb\"},\"inLanguage\":\"es\",\"potentialAction\":[{\"@type\":\"ReadAction\",\"target\":[\"https:\/\/aivlisoft.net\/shop\/producto\/ubiquiti-nanostation-m-locom2-2-4ghz-8-5dbi\/\"]}]},{\"@type\":\"ImageObject\",\"inLanguage\":\"es\",\"@id\":\"https:\/\/aivlisoft.net\/shop\/producto\/ubiquiti-nanostation-m-locom2-2-4ghz-8-5dbi\/#primaryimage\",\"url\":\"https:\/\/aivlisoft.net\/shop\/wp-content\/uploads\/2025\/01\/NSWPAC0065_800.jpg\",\"contentUrl\":\"https:\/\/aivlisoft.net\/shop\/wp-content\/uploads\/2025\/01\/NSWPAC0065_800.jpg\",\"width\":800,\"height\":800},{\"@type\":\"BreadcrumbList\",\"@id\":\"https:\/\/aivlisoft.net\/shop\/producto\/ubiquiti-nanostation-m-locom2-2-4ghz-8-5dbi\/#breadcrumb\",\"itemListElement\":[{\"@type\":\"ListItem\",\"position\":1,\"name\":\"Portada\",\"item\":\"https:\/\/aivlisoft.net\/shop\/\"},{\"@type\":\"ListItem\",\"position\":2,\"name\":\"Tienda\",\"item\":\"https:\/\/aivlisoft.net\/shop\/tienda\/\"},{\"@type\":\"ListItem\",\"position\":3,\"name\":\"Ubiquiti NanoStation M LocoM2 2.4GHz 8.5dBi\"}]},{\"@type\":\"WebSite\",\"@id\":\"https:\/\/aivlisoft.net\/shop\/#website\",\"url\":\"https:\/\/aivlisoft.net\/shop\/\",\"name\":\"Aivlisoft Inform\u00e1tica\",\"description\":\"En Aivlisoft Inform\u00e1tica ofrecemos soluciones tecnol\u00f3gicas para empresas: venta de ordenadores, consumibles, perif\u00e9ricos y m\u00e1s. Calidad, atenci\u00f3n personalizada y los mejores precios para tu negocio.\",\"publisher\":{\"@id\":\"https:\/\/aivlisoft.net\/shop\/#organization\"},\"potentialAction\":[{\"@type\":\"SearchAction\",\"target\":{\"@type\":\"EntryPoint\",\"urlTemplate\":\"https:\/\/aivlisoft.net\/shop\/?s={search_term_string}\"},\"query-input\":{\"@type\":\"PropertyValueSpecification\",\"valueRequired\":true,\"valueName\":\"search_term_string\"}}],\"inLanguage\":\"es\"},{\"@type\":\"Organization\",\"@id\":\"https:\/\/aivlisoft.net\/shop\/#organization\",\"name\":\"Aivlisoft Inform\u00e1tica\",\"url\":\"https:\/\/aivlisoft.net\/shop\/\",\"logo\":{\"@type\":\"ImageObject\",\"inLanguage\":\"es\",\"@id\":\"https:\/\/aivlisoft.net\/shop\/#\/schema\/logo\/image\/\",\"url\":\"https:\/\/aivlisoft.net\/shop\/wp-content\/uploads\/2024\/12\/removal.ai_5b848c54-0cdf-4140-95c5-c5536bb7573b-logodef.png\",\"contentUrl\":\"https:\/\/aivlisoft.net\/shop\/wp-content\/uploads\/2024\/12\/removal.ai_5b848c54-0cdf-4140-95c5-c5536bb7573b-logodef.png\",\"width\":484,\"height\":182,\"caption\":\"Aivlisoft Inform\u00e1tica\"},\"image\":{\"@id\":\"https:\/\/aivlisoft.net\/shop\/#\/schema\/logo\/image\/\"}}]}<\/script>\n<!-- \/ Yoast SEO plugin. -->","yoast_head_json":{"title":"Ubiquiti NanoStation M LocoM2 2.4GHz 8.5dBi - Aivlisoft Inform\u00e1tica","robots":{"index":"index","follow":"follow","max-snippet":"max-snippet:-1","max-image-preview":"max-image-preview:large","max-video-preview":"max-video-preview:-1"},"canonical":"https:\/\/aivlisoft.net\/shop\/producto\/ubiquiti-nanostation-m-locom2-2-4ghz-8-5dbi\/","og_locale":"es_ES","og_type":"article","og_title":"Ubiquiti NanoStation M LocoM2 2.4GHz 8.5dBi - Aivlisoft Inform\u00e1tica","og_description":"NanoStation Loco M2 es un equipo de exterior muy compacto, que integra 2 antenas (MIMO) de 8 dBi de ganancia para la banda de 2.4 GHz. La velocidad de transferencia real del equipo es de hasta 150 Mbps. Otra gran ventaja es la elevada velocidad de transferencia del est&aacute;ndar 802.11n, gracias a la tecnolog&iacute;a TDMA&hellip;&nbsp;Ubiquiti NanoStation M LocoM2 2.4GHz 8.5dBi","og_url":"https:\/\/aivlisoft.net\/shop\/producto\/ubiquiti-nanostation-m-locom2-2-4ghz-8-5dbi\/","og_site_name":"Aivlisoft Inform\u00e1tica","article_modified_time":"2025-01-14T11:44:25+00:00","og_image":[{"width":800,"height":800,"url":"https:\/\/aivlisoft.net\/shop\/wp-content\/uploads\/2025\/01\/NSWPAC0065_800.jpg","type":"image\/jpeg"}],"twitter_card":"summary_large_image","twitter_misc":{"Tiempo de lectura":"3 minutos"},"schema":{"@context":"https:\/\/schema.org","@graph":[{"@type":"WebPage","@id":"https:\/\/aivlisoft.net\/shop\/producto\/ubiquiti-nanostation-m-locom2-2-4ghz-8-5dbi\/","url":"https:\/\/aivlisoft.net\/shop\/producto\/ubiquiti-nanostation-m-locom2-2-4ghz-8-5dbi\/","name":"Ubiquiti NanoStation M LocoM2 2.4GHz 8.5dBi - Aivlisoft Inform\u00e1tica","isPartOf":{"@id":"https:\/\/aivlisoft.net\/shop\/#website"},"primaryImageOfPage":{"@id":"https:\/\/aivlisoft.net\/shop\/producto\/ubiquiti-nanostation-m-locom2-2-4ghz-8-5dbi\/#primaryimage"},"image":{"@id":"https:\/\/aivlisoft.net\/shop\/producto\/ubiquiti-nanostation-m-locom2-2-4ghz-8-5dbi\/#primaryimage"},"thumbnailUrl":"https:\/\/aivlisoft.net\/shop\/wp-content\/uploads\/2025\/01\/NSWPAC0065_800.jpg","datePublished":"2025-01-13T15:31:19+00:00","dateModified":"2025-01-14T11:44:25+00:00","breadcrumb":{"@id":"https:\/\/aivlisoft.net\/shop\/producto\/ubiquiti-nanostation-m-locom2-2-4ghz-8-5dbi\/#breadcrumb"},"inLanguage":"es","potentialAction":[{"@type":"ReadAction","target":["https:\/\/aivlisoft.net\/shop\/producto\/ubiquiti-nanostation-m-locom2-2-4ghz-8-5dbi\/"]}]},{"@type":"ImageObject","inLanguage":"es","@id":"https:\/\/aivlisoft.net\/shop\/producto\/ubiquiti-nanostation-m-locom2-2-4ghz-8-5dbi\/#primaryimage","url":"https:\/\/aivlisoft.net\/shop\/wp-content\/uploads\/2025\/01\/NSWPAC0065_800.jpg","contentUrl":"https:\/\/aivlisoft.net\/shop\/wp-content\/uploads\/2025\/01\/NSWPAC0065_800.jpg","width":800,"height":800},{"@type":"BreadcrumbList","@id":"https:\/\/aivlisoft.net\/shop\/producto\/ubiquiti-nanostation-m-locom2-2-4ghz-8-5dbi\/#breadcrumb","itemListElement":[{"@type":"ListItem","position":1,"name":"Portada","item":"https:\/\/aivlisoft.net\/shop\/"},{"@type":"ListItem","position":2,"name":"Tienda","item":"https:\/\/aivlisoft.net\/shop\/tienda\/"},{"@type":"ListItem","position":3,"name":"Ubiquiti NanoStation M LocoM2 2.4GHz 8.5dBi"}]},{"@type":"WebSite","@id":"https:\/\/aivlisoft.net\/shop\/#website","url":"https:\/\/aivlisoft.net\/shop\/","name":"Aivlisoft Inform\u00e1tica","description":"En Aivlisoft Inform\u00e1tica ofrecemos soluciones tecnol\u00f3gicas para empresas: venta de ordenadores, consumibles, perif\u00e9ricos y m\u00e1s. Calidad, atenci\u00f3n personalizada y los mejores precios para tu negocio.","publisher":{"@id":"https:\/\/aivlisoft.net\/shop\/#organization"},"potentialAction":[{"@type":"SearchAction","target":{"@type":"EntryPoint","urlTemplate":"https:\/\/aivlisoft.net\/shop\/?s={search_term_string}"},"query-input":{"@type":"PropertyValueSpecification","valueRequired":true,"valueName":"search_term_string"}}],"inLanguage":"es"},{"@type":"Organization","@id":"https:\/\/aivlisoft.net\/shop\/#organization","name":"Aivlisoft Inform\u00e1tica","url":"https:\/\/aivlisoft.net\/shop\/","logo":{"@type":"ImageObject","inLanguage":"es","@id":"https:\/\/aivlisoft.net\/shop\/#\/schema\/logo\/image\/","url":"https:\/\/aivlisoft.net\/shop\/wp-content\/uploads\/2024\/12\/removal.ai_5b848c54-0cdf-4140-95c5-c5536bb7573b-logodef.png","contentUrl":"https:\/\/aivlisoft.net\/shop\/wp-content\/uploads\/2024\/12\/removal.ai_5b848c54-0cdf-4140-95c5-c5536bb7573b-logodef.png","width":484,"height":182,"caption":"Aivlisoft Inform\u00e1tica"},"image":{"@id":"https:\/\/aivlisoft.net\/shop\/#\/schema\/logo\/image\/"}}]}},"_links":{"self":[{"href":"https:\/\/aivlisoft.net\/shop\/wp-json\/wp\/v2\/product\/19325","targetHints":{"allow":["GET"]}}],"collection":[{"href":"https:\/\/aivlisoft.net\/shop\/wp-json\/wp\/v2\/product"}],"about":[{"href":"https:\/\/aivlisoft.net\/shop\/wp-json\/wp\/v2\/types\/product"}],"wp:featuredmedia":[{"embeddable":true,"href":"https:\/\/aivlisoft.net\/shop\/wp-json\/wp\/v2\/media\/19326"}],"wp:attachment":[{"href":"https:\/\/aivlisoft.net\/shop\/wp-json\/wp\/v2\/media?parent=19325"}],"wp:term":[{"taxonomy":"product_brand","embeddable":true,"href":"https:\/\/aivlisoft.net\/shop\/wp-json\/wp\/v2\/product_brand?post=19325"},{"taxonomy":"product_cat","embeddable":true,"href":"https:\/\/aivlisoft.net\/shop\/wp-json\/wp\/v2\/product_cat?post=19325"},{"taxonomy":"product_tag","embeddable":true,"href":"https:\/\/aivlisoft.net\/shop\/wp-json\/wp\/v2\/product_tag?post=19325"}],"curies":[{"name":"wp","href":"https:\/\/api.w.org\/{rel}","templated":true}]}}