{"id":19308,"date":"2025-01-13T15:31:10","date_gmt":"2025-01-13T15:31:10","guid":{"rendered":"https:\/\/aivlisoft.com\/?post_type=product&#038;p=19308"},"modified":"2025-01-14T19:55:30","modified_gmt":"2025-01-14T19:55:30","slug":"edimax-d5g-8459-router-wifi-industrial-5g-nr","status":"publish","type":"product","link":"https:\/\/aivlisoft.net\/shop\/producto\/edimax-d5g-8459-router-wifi-industrial-5g-nr\/","title":{"rendered":"Edimax D5G-8459 Router WiFi Industrial 5G NR"},"content":{"rendered":"<p><\/p>\n<table class=\"tabla_caracteristicas k-table\" width=\"100%\">\n<tr>\n<td valign=\"top\"><strong>Marca<\/strong><\/td>\n<td>Edimax<\/td>\n<\/tr>\n<tr>\n<td valign=\"top\"><strong>Modelo<\/strong><\/td>\n<td valign=\"top\"><strong>D5G-8459<\/strong><\/td>\n<\/tr>\n<tr>\n<td valign=\"top\"><strong>Caracter&iacute;sticas hardware<\/strong><\/td>\n<td>&#8211; Interfaz:<br \/>\t\t\t&nbsp; 1 x RJ45 10\/100\/1000Base-T WAN Port<br \/>\t\t\t&nbsp; 4 x RJ45 10\/100\/1000Base-T LAN Ports<br \/>\t\t\t&nbsp; 1 x Standard SIM Card Slot<br \/>\t\t\t&#8211; Bot&oacute;n: Bot&oacute;n de restablecimiento<br \/>\t\t\t&#8211; Indicador LED<br \/>\t\t\t&nbsp; Energ&iacute;a\/SYS: Estado de energ&iacute;a del sistema<br \/>\t\t\t&nbsp; 5G: Estado conectado<br \/>\t\t\t&nbsp; 4G: Estado conectado<br \/>\t\t\t&nbsp; 5G\/4G: intensidad de la se&ntilde;al<br \/>\t\t\t&#8211; Antena: 6 x antenas externas desmontables de alta ganancia (conector SMA)<br \/>\t\t\t&nbsp; 2 x antenas 5G NR<br \/>\t\t\t&nbsp; 2 x antenas Wi-Fi de 2,4 GHz\/5 GHz<\/td>\n<\/tr>\n<tr>\n<td valign=\"top\"><strong>Caracter&iacute;sticas inal&aacute;mbricas<\/strong><\/td>\n<td><strong>Wifi<\/strong><br \/>\t\t\t&#8211; Est&aacute;ndar: Wifi 6 IEEE 802.11 a\/b\/g\/n\/ac\/ax<br \/>\t\t\t&#8211; Banda de frecuencia<br \/>\t\t\t&nbsp; 2,4 GHz: 2,412 ~ 2,472 GHz<br \/>\t\t\t&nbsp; 5 GHz: 5,180~5,240 GHz<br \/>\t\t\t*Sujeto a las normas locales.<br \/>\t\t\t&#8211; M&aacute;xima velocidad de datos<br \/>\t\t\t&nbsp; 2,4 GHz: 574 Mbps<br \/>\t\t\t&nbsp; 5 GHz: 1201 Mbps<br \/>\t\t\t&#8211; Canales de funcionamiento<br \/>\t\t\t&nbsp; 2,4 GHz: CH 1-13<br \/>\t\t\t&nbsp; 5 GHz: CH 36-64, 100-144, 149-165<br \/>\t\t\t&#8211; Clientes simult&aacute;neos: Hasta 200 clientes<br \/>\t\t\t&nbsp; 2,4 GHz: Hasta 100 clientes<br \/>\t\t\t&nbsp; 5 GHz: Hasta 100 clientes<br \/>\t\t\t<strong>M&oacute;vil<\/strong><br \/>\t\t\t&#8211; Banda:<br \/>\t\t\t&nbsp; 5G NR Sub-6 NSA (Non-Standalone): Bands n1, n2, n3, n5, n7, n8, n12, n13, n14, n18, n20, n25, n26, n28, n29, n30, n38, n40, n41, n48, n66, n70, n71, n75, n76, n77, n78, n79<br \/>\t\t\t&nbsp; 5G NR Sub-6 SA (Standalone): Bands&nbsp; n1, n2, n3, n5, n7, n8, n12, n13, n14, n18, n20, n25, n26, n28, n29, n30, n38, n40, n41, n48, , n66, n70, n71, n75, n76, n77, n78, n79<br \/>\t\t\t&nbsp; LTE-FDD: Bands B1, B2, B3, B4, B5, B7, B8, B12, B13, B14, B17, B18, B19, B20, B25, B26, B28, B29<br \/>\t\t\t&nbsp; LTE-TDD: Bands B34, B38, B39, B40, B41, B42, B43, B48, B30, B32, B66, B71<br \/>\t\t\t&nbsp; LTE-LAA (Licensed Assisted Access): Band B46<br \/>\t\t\t&nbsp; WCDMA: Bands B1, B2, B4, B5, B8, B19<br \/>\t\t\t&#8211; Velocidad de datos PHY (m&aacute;x.):<br \/>\t\t\t&nbsp; 5G NR Sub-6 NSA: Download: 3.4Gbps; Upload: 550Mbps<br \/>\t\t\t&nbsp; 5G NR Sub-6 SA: Download: 2.4Gbps; Upload: 900Mbps<br \/>\t\t\t&nbsp; LTE: Download: 1.6Gbps; Upload: 200Mbps<br \/>\t\t\t&nbsp; WCDMA: Download: 42Mbps; Upload: 5.76Mbps<\/td>\n<\/tr>\n<tr>\n<td valign=\"top\"><strong>Caracter&iacute;sticas software<\/strong><\/td>\n<td>&#8211; Reenv&iacute;o de puertos: Compatible<br \/>\t\t\t&#8211; Diagn&oacute;stico de red: Compatible<br \/>\t\t\t&#8211; Cliente VPN: Compatible con L2TP y PPTP<br \/>\t\t\t&#8211; Lista blanca\/lista negra: Compatible<br \/>\t\t\t&#8211; TTL (tiempo de vida): Compatible<br \/>\t\t\t&#8211; Prioridad de Internet compatible<br \/>\t\t\t&nbsp; S&oacute;lo celular<br \/>\t\t\t&nbsp; Cableado a celular<br \/>\t\t\t&#8211; Ajuste autom&aacute;tico de canales: Compatible<br \/>\t\t\t&#8211; Gesti&oacute;n:&nbsp;&nbsp;&nbsp;&nbsp; &nbsp;<br \/>\t\t\t&nbsp; Gesti&oacute;n de cuentas (control de acceso)<br \/>\t\t\t&nbsp; Reinicio de programaci&oacute;n<br \/>\t\t\t&nbsp; Copia de seguridad\/recuperaci&oacute;n<br \/>\t\t\t&nbsp; Control LED<br \/>\t\t\t&nbsp; &#8211; Encendido\/Apagado<br \/>\t\t\t&nbsp; &#8211; Programar encendido\/apagado<br \/>\t\t\t&nbsp; DNS personalizado<br \/>\t\t\t&nbsp; APN personalizado<\/td>\n<\/tr>\n<tr>\n<td valign=\"top\"><strong>Otras caracter&iacute;sticas <\/strong><\/td>\n<td>&#8211; Montaje: Montaje en carril DIN\/Montaje en pared\/Escritorio<br \/>\t\t\t&#8211; Carcasa: Estuche de metal<br \/>\t\t\t<strong>Alimentaci&oacute;n<\/strong><br \/>\t\t\t&#8211; Fuente de alimentaci&oacute;n externa<br \/>\t\t\t&nbsp; CC: 12 V\/1 A.<br \/>\t\t\t&nbsp; CC: 5-36 V (bloque de terminales)<br \/>\t\t\t&#8211; Consumo de energ&iacute;a: 11,5 W (carga completa)<br \/>\t\t\t<strong>Condiciones medioambientales<\/strong><br \/>\t\t\t&#8211; Temperatura:<br \/>\t\t\t&nbsp; Funcionamiento: -20 &ordm;C ~ 70 &ordm;C<br \/>\t\t\t&nbsp; Almacenamiento: -40 ~ 85 &ordm;C<br \/>\t\t\t&#8211; Humedad:<br \/>\t\t\t&nbsp; Funcionamiento: 10 ~ 90 % (sin condensaci&oacute;n)<br \/>\t\t\t&nbsp; Almacenamiento: 10 ~ 90 % (sin condensaci&oacute;n)<br \/>\t\t\t<strong>Certificaci&oacute;n<\/strong><br \/>\t\t\t&#8211; CE<br \/>\t\t\t<strong>Dimensiones y peso<\/strong><br \/>\t\t\t&#8211; 135 x 103 x 29 mm (antenas no incluidas)<br \/>\t\t\t&#8211; 591 g<\/td>\n<\/tr>\n<tr>\n<td valign=\"top\"><strong>Fecha Revisi&oacute;n<\/strong><\/td>\n<td>20-11-2024 por RTY<\/td>\n<\/tr>\n<\/table>\n","protected":false},"excerpt":{"rendered":"<p>Marca Edimax Modelo D5G-8459 Caracter&iacute;sticas hardware &#8211; Interfaz: &nbsp; 1 x RJ45 10\/100\/1000Base-T WAN Port &nbsp; 4 x RJ45 10\/100\/1000Base-T LAN Ports &nbsp; 1 x Standard SIM Card Slot &#8211; Bot&oacute;n: Bot&oacute;n de restablecimiento &#8211; Indicador LED &nbsp; Energ&iacute;a\/SYS: Estado de energ&iacute;a del sistema &nbsp; 5G: Estado conectado &nbsp; 4G: Estado conectado &nbsp; 5G\/4G: intensidad&hellip;&nbsp;<a href=\"https:\/\/aivlisoft.net\/shop\/producto\/edimax-d5g-8459-router-wifi-industrial-5g-nr\/\" rel=\"bookmark\"><span class=\"screen-reader-text\">Edimax D5G-8459 Router WiFi Industrial 5G NR<\/span><\/a><\/p>\n","protected":false},"featured_media":19309,"template":"","meta":{"neve_meta_sidebar":"","neve_meta_container":"","neve_meta_enable_content_width":"","neve_meta_content_width":0,"neve_meta_title_alignment":"","neve_meta_author_avatar":"","neve_post_elements_order":"","neve_meta_disable_header":"","neve_meta_disable_footer":"","neve_meta_disable_title":""},"product_brand":[],"product_cat":[15,8768,6832],"product_tag":[6984],"class_list":{"0":"post-19308","1":"product","2":"type-product","3":"status-publish","4":"has-post-thumbnail","6":"product_cat-sin-categorizar","7":"product_cat-routers-adsl","8":"product_cat-routers-modems","9":"product_tag-d5g-8459","11":"first","12":"instock","13":"taxable","14":"shipping-taxable","15":"purchasable","16":"product-type-simple"},"yoast_head":"<!-- This site is optimized with the Yoast SEO plugin v26.0 - https:\/\/yoast.com\/wordpress\/plugins\/seo\/ -->\n<title>Edimax D5G-8459 Router WiFi Industrial 5G NR - Aivlisoft Inform\u00e1tica<\/title>\n<meta name=\"robots\" content=\"index, follow, max-snippet:-1, max-image-preview:large, max-video-preview:-1\" \/>\n<link rel=\"canonical\" href=\"https:\/\/aivlisoft.net\/shop\/producto\/edimax-d5g-8459-router-wifi-industrial-5g-nr\/\" \/>\n<meta property=\"og:locale\" content=\"es_ES\" \/>\n<meta property=\"og:type\" content=\"article\" \/>\n<meta property=\"og:title\" content=\"Edimax D5G-8459 Router WiFi Industrial 5G NR - Aivlisoft Inform\u00e1tica\" \/>\n<meta property=\"og:description\" content=\"Marca Edimax Modelo D5G-8459 Caracter&iacute;sticas hardware &#8211; Interfaz: &nbsp; 1 x RJ45 10\/100\/1000Base-T WAN Port &nbsp; 4 x RJ45 10\/100\/1000Base-T LAN Ports &nbsp; 1 x Standard SIM Card Slot &#8211; Bot&oacute;n: Bot&oacute;n de restablecimiento &#8211; Indicador LED &nbsp; Energ&iacute;a\/SYS: Estado de energ&iacute;a del sistema &nbsp; 5G: Estado conectado &nbsp; 4G: Estado conectado &nbsp; 5G\/4G: intensidad&hellip;&nbsp;Edimax D5G-8459 Router WiFi Industrial 5G NR\" \/>\n<meta property=\"og:url\" content=\"https:\/\/aivlisoft.net\/shop\/producto\/edimax-d5g-8459-router-wifi-industrial-5g-nr\/\" \/>\n<meta property=\"og:site_name\" content=\"Aivlisoft Inform\u00e1tica\" \/>\n<meta property=\"article:modified_time\" content=\"2025-01-14T19:55:30+00:00\" \/>\n<meta property=\"og:image\" content=\"https:\/\/aivlisoft.net\/shop\/wp-content\/uploads\/2025\/01\/NROINA0418_800.jpg\" \/>\n\t<meta property=\"og:image:width\" content=\"800\" \/>\n\t<meta property=\"og:image:height\" content=\"800\" \/>\n\t<meta property=\"og:image:type\" content=\"image\/jpeg\" \/>\n<meta name=\"twitter:card\" content=\"summary_large_image\" \/>\n<meta name=\"twitter:label1\" content=\"Tiempo de lectura\" \/>\n\t<meta name=\"twitter:data1\" content=\"3 minutos\" \/>\n<script type=\"application\/ld+json\" class=\"yoast-schema-graph\">{\"@context\":\"https:\/\/schema.org\",\"@graph\":[{\"@type\":\"WebPage\",\"@id\":\"https:\/\/aivlisoft.net\/shop\/producto\/edimax-d5g-8459-router-wifi-industrial-5g-nr\/\",\"url\":\"https:\/\/aivlisoft.net\/shop\/producto\/edimax-d5g-8459-router-wifi-industrial-5g-nr\/\",\"name\":\"Edimax D5G-8459 Router WiFi Industrial 5G NR - Aivlisoft Inform\u00e1tica\",\"isPartOf\":{\"@id\":\"https:\/\/aivlisoft.net\/shop\/#website\"},\"primaryImageOfPage\":{\"@id\":\"https:\/\/aivlisoft.net\/shop\/producto\/edimax-d5g-8459-router-wifi-industrial-5g-nr\/#primaryimage\"},\"image\":{\"@id\":\"https:\/\/aivlisoft.net\/shop\/producto\/edimax-d5g-8459-router-wifi-industrial-5g-nr\/#primaryimage\"},\"thumbnailUrl\":\"https:\/\/aivlisoft.net\/shop\/wp-content\/uploads\/2025\/01\/NROINA0418_800.jpg\",\"datePublished\":\"2025-01-13T15:31:10+00:00\",\"dateModified\":\"2025-01-14T19:55:30+00:00\",\"breadcrumb\":{\"@id\":\"https:\/\/aivlisoft.net\/shop\/producto\/edimax-d5g-8459-router-wifi-industrial-5g-nr\/#breadcrumb\"},\"inLanguage\":\"es\",\"potentialAction\":[{\"@type\":\"ReadAction\",\"target\":[\"https:\/\/aivlisoft.net\/shop\/producto\/edimax-d5g-8459-router-wifi-industrial-5g-nr\/\"]}]},{\"@type\":\"ImageObject\",\"inLanguage\":\"es\",\"@id\":\"https:\/\/aivlisoft.net\/shop\/producto\/edimax-d5g-8459-router-wifi-industrial-5g-nr\/#primaryimage\",\"url\":\"https:\/\/aivlisoft.net\/shop\/wp-content\/uploads\/2025\/01\/NROINA0418_800.jpg\",\"contentUrl\":\"https:\/\/aivlisoft.net\/shop\/wp-content\/uploads\/2025\/01\/NROINA0418_800.jpg\",\"width\":800,\"height\":800},{\"@type\":\"BreadcrumbList\",\"@id\":\"https:\/\/aivlisoft.net\/shop\/producto\/edimax-d5g-8459-router-wifi-industrial-5g-nr\/#breadcrumb\",\"itemListElement\":[{\"@type\":\"ListItem\",\"position\":1,\"name\":\"Portada\",\"item\":\"https:\/\/aivlisoft.net\/shop\/\"},{\"@type\":\"ListItem\",\"position\":2,\"name\":\"Tienda\",\"item\":\"https:\/\/aivlisoft.net\/shop\/tienda\/\"},{\"@type\":\"ListItem\",\"position\":3,\"name\":\"Edimax D5G-8459 Router WiFi Industrial 5G NR\"}]},{\"@type\":\"WebSite\",\"@id\":\"https:\/\/aivlisoft.net\/shop\/#website\",\"url\":\"https:\/\/aivlisoft.net\/shop\/\",\"name\":\"Aivlisoft Inform\u00e1tica\",\"description\":\"En Aivlisoft Inform\u00e1tica ofrecemos soluciones tecnol\u00f3gicas para empresas: venta de ordenadores, consumibles, perif\u00e9ricos y m\u00e1s. Calidad, atenci\u00f3n personalizada y los mejores precios para tu negocio.\",\"publisher\":{\"@id\":\"https:\/\/aivlisoft.net\/shop\/#organization\"},\"potentialAction\":[{\"@type\":\"SearchAction\",\"target\":{\"@type\":\"EntryPoint\",\"urlTemplate\":\"https:\/\/aivlisoft.net\/shop\/?s={search_term_string}\"},\"query-input\":{\"@type\":\"PropertyValueSpecification\",\"valueRequired\":true,\"valueName\":\"search_term_string\"}}],\"inLanguage\":\"es\"},{\"@type\":\"Organization\",\"@id\":\"https:\/\/aivlisoft.net\/shop\/#organization\",\"name\":\"Aivlisoft Inform\u00e1tica\",\"url\":\"https:\/\/aivlisoft.net\/shop\/\",\"logo\":{\"@type\":\"ImageObject\",\"inLanguage\":\"es\",\"@id\":\"https:\/\/aivlisoft.net\/shop\/#\/schema\/logo\/image\/\",\"url\":\"https:\/\/aivlisoft.net\/shop\/wp-content\/uploads\/2024\/12\/removal.ai_5b848c54-0cdf-4140-95c5-c5536bb7573b-logodef.png\",\"contentUrl\":\"https:\/\/aivlisoft.net\/shop\/wp-content\/uploads\/2024\/12\/removal.ai_5b848c54-0cdf-4140-95c5-c5536bb7573b-logodef.png\",\"width\":484,\"height\":182,\"caption\":\"Aivlisoft Inform\u00e1tica\"},\"image\":{\"@id\":\"https:\/\/aivlisoft.net\/shop\/#\/schema\/logo\/image\/\"}}]}<\/script>\n<!-- \/ Yoast SEO plugin. -->","yoast_head_json":{"title":"Edimax D5G-8459 Router WiFi Industrial 5G NR - Aivlisoft Inform\u00e1tica","robots":{"index":"index","follow":"follow","max-snippet":"max-snippet:-1","max-image-preview":"max-image-preview:large","max-video-preview":"max-video-preview:-1"},"canonical":"https:\/\/aivlisoft.net\/shop\/producto\/edimax-d5g-8459-router-wifi-industrial-5g-nr\/","og_locale":"es_ES","og_type":"article","og_title":"Edimax D5G-8459 Router WiFi Industrial 5G NR - Aivlisoft Inform\u00e1tica","og_description":"Marca Edimax Modelo D5G-8459 Caracter&iacute;sticas hardware &#8211; Interfaz: &nbsp; 1 x RJ45 10\/100\/1000Base-T WAN Port &nbsp; 4 x RJ45 10\/100\/1000Base-T LAN Ports &nbsp; 1 x Standard SIM Card Slot &#8211; Bot&oacute;n: Bot&oacute;n de restablecimiento &#8211; Indicador LED &nbsp; Energ&iacute;a\/SYS: Estado de energ&iacute;a del sistema &nbsp; 5G: Estado conectado &nbsp; 4G: Estado conectado &nbsp; 5G\/4G: intensidad&hellip;&nbsp;Edimax D5G-8459 Router WiFi Industrial 5G NR","og_url":"https:\/\/aivlisoft.net\/shop\/producto\/edimax-d5g-8459-router-wifi-industrial-5g-nr\/","og_site_name":"Aivlisoft Inform\u00e1tica","article_modified_time":"2025-01-14T19:55:30+00:00","og_image":[{"width":800,"height":800,"url":"https:\/\/aivlisoft.net\/shop\/wp-content\/uploads\/2025\/01\/NROINA0418_800.jpg","type":"image\/jpeg"}],"twitter_card":"summary_large_image","twitter_misc":{"Tiempo de lectura":"3 minutos"},"schema":{"@context":"https:\/\/schema.org","@graph":[{"@type":"WebPage","@id":"https:\/\/aivlisoft.net\/shop\/producto\/edimax-d5g-8459-router-wifi-industrial-5g-nr\/","url":"https:\/\/aivlisoft.net\/shop\/producto\/edimax-d5g-8459-router-wifi-industrial-5g-nr\/","name":"Edimax D5G-8459 Router WiFi Industrial 5G NR - Aivlisoft Inform\u00e1tica","isPartOf":{"@id":"https:\/\/aivlisoft.net\/shop\/#website"},"primaryImageOfPage":{"@id":"https:\/\/aivlisoft.net\/shop\/producto\/edimax-d5g-8459-router-wifi-industrial-5g-nr\/#primaryimage"},"image":{"@id":"https:\/\/aivlisoft.net\/shop\/producto\/edimax-d5g-8459-router-wifi-industrial-5g-nr\/#primaryimage"},"thumbnailUrl":"https:\/\/aivlisoft.net\/shop\/wp-content\/uploads\/2025\/01\/NROINA0418_800.jpg","datePublished":"2025-01-13T15:31:10+00:00","dateModified":"2025-01-14T19:55:30+00:00","breadcrumb":{"@id":"https:\/\/aivlisoft.net\/shop\/producto\/edimax-d5g-8459-router-wifi-industrial-5g-nr\/#breadcrumb"},"inLanguage":"es","potentialAction":[{"@type":"ReadAction","target":["https:\/\/aivlisoft.net\/shop\/producto\/edimax-d5g-8459-router-wifi-industrial-5g-nr\/"]}]},{"@type":"ImageObject","inLanguage":"es","@id":"https:\/\/aivlisoft.net\/shop\/producto\/edimax-d5g-8459-router-wifi-industrial-5g-nr\/#primaryimage","url":"https:\/\/aivlisoft.net\/shop\/wp-content\/uploads\/2025\/01\/NROINA0418_800.jpg","contentUrl":"https:\/\/aivlisoft.net\/shop\/wp-content\/uploads\/2025\/01\/NROINA0418_800.jpg","width":800,"height":800},{"@type":"BreadcrumbList","@id":"https:\/\/aivlisoft.net\/shop\/producto\/edimax-d5g-8459-router-wifi-industrial-5g-nr\/#breadcrumb","itemListElement":[{"@type":"ListItem","position":1,"name":"Portada","item":"https:\/\/aivlisoft.net\/shop\/"},{"@type":"ListItem","position":2,"name":"Tienda","item":"https:\/\/aivlisoft.net\/shop\/tienda\/"},{"@type":"ListItem","position":3,"name":"Edimax D5G-8459 Router WiFi Industrial 5G NR"}]},{"@type":"WebSite","@id":"https:\/\/aivlisoft.net\/shop\/#website","url":"https:\/\/aivlisoft.net\/shop\/","name":"Aivlisoft Inform\u00e1tica","description":"En Aivlisoft Inform\u00e1tica ofrecemos soluciones tecnol\u00f3gicas para empresas: venta de ordenadores, consumibles, perif\u00e9ricos y m\u00e1s. Calidad, atenci\u00f3n personalizada y los mejores precios para tu negocio.","publisher":{"@id":"https:\/\/aivlisoft.net\/shop\/#organization"},"potentialAction":[{"@type":"SearchAction","target":{"@type":"EntryPoint","urlTemplate":"https:\/\/aivlisoft.net\/shop\/?s={search_term_string}"},"query-input":{"@type":"PropertyValueSpecification","valueRequired":true,"valueName":"search_term_string"}}],"inLanguage":"es"},{"@type":"Organization","@id":"https:\/\/aivlisoft.net\/shop\/#organization","name":"Aivlisoft Inform\u00e1tica","url":"https:\/\/aivlisoft.net\/shop\/","logo":{"@type":"ImageObject","inLanguage":"es","@id":"https:\/\/aivlisoft.net\/shop\/#\/schema\/logo\/image\/","url":"https:\/\/aivlisoft.net\/shop\/wp-content\/uploads\/2024\/12\/removal.ai_5b848c54-0cdf-4140-95c5-c5536bb7573b-logodef.png","contentUrl":"https:\/\/aivlisoft.net\/shop\/wp-content\/uploads\/2024\/12\/removal.ai_5b848c54-0cdf-4140-95c5-c5536bb7573b-logodef.png","width":484,"height":182,"caption":"Aivlisoft Inform\u00e1tica"},"image":{"@id":"https:\/\/aivlisoft.net\/shop\/#\/schema\/logo\/image\/"}}]}},"_links":{"self":[{"href":"https:\/\/aivlisoft.net\/shop\/wp-json\/wp\/v2\/product\/19308","targetHints":{"allow":["GET"]}}],"collection":[{"href":"https:\/\/aivlisoft.net\/shop\/wp-json\/wp\/v2\/product"}],"about":[{"href":"https:\/\/aivlisoft.net\/shop\/wp-json\/wp\/v2\/types\/product"}],"wp:featuredmedia":[{"embeddable":true,"href":"https:\/\/aivlisoft.net\/shop\/wp-json\/wp\/v2\/media\/19309"}],"wp:attachment":[{"href":"https:\/\/aivlisoft.net\/shop\/wp-json\/wp\/v2\/media?parent=19308"}],"wp:term":[{"taxonomy":"product_brand","embeddable":true,"href":"https:\/\/aivlisoft.net\/shop\/wp-json\/wp\/v2\/product_brand?post=19308"},{"taxonomy":"product_cat","embeddable":true,"href":"https:\/\/aivlisoft.net\/shop\/wp-json\/wp\/v2\/product_cat?post=19308"},{"taxonomy":"product_tag","embeddable":true,"href":"https:\/\/aivlisoft.net\/shop\/wp-json\/wp\/v2\/product_tag?post=19308"}],"curies":[{"name":"wp","href":"https:\/\/api.w.org\/{rel}","templated":true}]}}