{"id":19301,"date":"2025-01-13T15:31:07","date_gmt":"2025-01-13T15:31:07","guid":{"rendered":"https:\/\/aivlisoft.com\/?post_type=product&#038;p=19301"},"modified":"2025-01-14T19:55:31","modified_gmt":"2025-01-14T19:55:31","slug":"edimax-4g-7449ac-router-wifi5-4g-lte-ac1200","status":"publish","type":"product","link":"https:\/\/aivlisoft.net\/shop\/producto\/edimax-4g-7449ac-router-wifi5-4g-lte-ac1200\/","title":{"rendered":"Edimax 4G-7449AC Router WiFi5 4G LTE AC1200"},"content":{"rendered":"<p><\/p>\n<table class=\"tabla_caracteristicas k-table\" width=\"100%\">\n<tr>\n<td valign=\"top\"><strong>Marca<\/strong><\/td>\n<td>Edimax<\/td>\n<\/tr>\n<tr>\n<td valign=\"top\"><strong>Modelo<\/strong><\/td>\n<td valign=\"top\"><strong>4G-7449AC<\/strong><\/td>\n<\/tr>\n<tr>\n<td valign=\"top\"><strong>Caracter&iacute;sticas hardware<\/strong><\/td>\n<td>&#8211; Interfaz:<br \/>\t\t\t&nbsp; 1 x puerto RJ45 10\/100 Base-T WAN<br \/>\t\t\t&nbsp; 3 x puertos RJ45 10\/100 Base-T LAN<br \/>\t\t\t&nbsp; 2 x ranuras para tarjetas SIM est&aacute;ndar<br \/>\t\t\t&#8211; Bot&oacute;n: Bot&oacute;n de restablecimiento<br \/>\t\t\t&#8211; Indicador LED<br \/>\t\t\t&nbsp; Alimentaci&oacute;n\/SYS: Estado alimentaci&oacute;n sistema<br \/>\t\t\t&nbsp; 4G: Intensidad de la se&ntilde;al<br \/>\t\t\t&nbsp; SIM 1: Estado tarjeta SIM introducida<br \/>\t\t\t&nbsp; SIM 2: Estado tarjeta SIM introducida<br \/>\t\t\t&#8211; Antena: 4 antenas externas de alta ganancia<br \/>\t\t\t&nbsp; 2 x antenas 4G LTE<br \/>\t\t\t&nbsp; 2 x antenas wifi 2,4 Ghz\/5 GHz<\/td>\n<\/tr>\n<tr>\n<td valign=\"top\"><strong>Caracter&iacute;sticas inal&aacute;mbricas<\/strong><\/td>\n<td><strong>Wifi<\/strong><br \/>\t\t\t&#8211; Est&aacute;ndar: Wifi 5 IEEE 802.11 a\/b\/g\/n\/ac<br \/>\t\t\t&#8211; Banda de frecuencia<br \/>\t\t\t&nbsp; 2,4 GHz: 2,412 ~ 2,472 GHz<br \/>\t\t\t&nbsp; 5 GHz: 5,180~5,240 GHz<br \/>\t\t\t*Sujeto a las normas locales.<br \/>\t\t\t&#8211; M&aacute;xima velocidad de datos<br \/>\t\t\t&nbsp; 2,4 GHz: 300 Mbps<br \/>\t\t\t&nbsp; 5 GHz: 867 Mbps<br \/>\t\t\t&#8211; Canales de funcionamiento<br \/>\t\t\t&nbsp; 2,4 GHz: CH 1-13<br \/>\t\t\t&nbsp; 5 GHz: CH 36-64, 100-144, 149-165<br \/>\t\t\t&#8211; Clientes simult&aacute;neos: Hasta 128 clientes<br \/>\t\t\t&nbsp; 2,4 GHz: Hasta 64 clientes<br \/>\t\t\t&nbsp; 5 GHz: Hasta 64 clientes<br \/>\t\t\t<strong>M&oacute;vil<\/strong><br \/>\t\t\t&#8211; Banda<br \/>\t\t\t&nbsp; LTE-FDD: Bandas B1, B3, B7, B8, B20, B28A<br \/>\t\t\t&nbsp; LTE-TDD: Bandas B38, B40, B41<br \/>\t\t\t&nbsp; WCDMA: Bandas B1, B8<br \/>\t\t\t&nbsp; GSM\/EDGE: Bandas B3, B8<br \/>\t\t\t&#8211; Velocidad de datos PHY (m&aacute;x.)<br \/>\t\t\t&nbsp; LTE-FDD: Descarga: 150 Mbps; Carga: 50 Mbps<br \/>\t\t\t&nbsp; LTE-TDD: Descarga: 130 Mbps; Carga: 30 Mbps<br \/>\t\t\t&nbsp; DC-HSPA+: Descarga: 42 Mbps; Carga: 5,76 Mbps<br \/>\t\t\t&nbsp; WCDMA: Descarga: 384 Kbps; Carga: 384 Mbps<br \/>\t\t\t&nbsp; EDGE: Descarga: 296 Kbps; Carga: 236,8 Kbps<br \/>\t\t\t&nbsp; GPRS: Descarga: 107 Kbps; Carga: 85,6 Kbps<\/td>\n<\/tr>\n<tr>\n<td valign=\"top\"><strong>Caracter&iacute;sticas software<\/strong><\/td>\n<td>&#8211; Reenv&iacute;o de puerto: Admitido<br \/>\t\t\t&#8211; Diagn&oacute;stico de red: Admitido<br \/>\t\t\t&#8211; Cliente VPN: Admitido L2TP y PPTP<br \/>\t\t\t&#8211; Whitelist\/ Blacklist: Admitido<br \/>\t\t\t&#8211; TTL (Time To Live): Admitido<br \/>\t\t\t&#8211; Prioridad de Internet: Admitido<br \/>\t\t\t&nbsp; S&oacute;lo m&oacute;vil<br \/>\t\t\t&nbsp; Cableado a m&oacute;vil<br \/>\t\t\t&#8211; Ajuste autom&aacute;tico de canales: Admitido<br \/>\t\t\t&#8211; Gesti&oacute;n<br \/>\t\t\t&nbsp; Gesti&oacute;n de cuentas (control de acceso)<br \/>\t\t\t&nbsp; Programaci&oacute;n del reinicio<br \/>\t\t\t&nbsp; Copia de seguridad\/Recuperaci&oacute;n<br \/>\t\t\t&nbsp; Control de LED<br \/>\t\t\t&nbsp; On\/Off<br \/>\t\t\t&nbsp; Programaci&oacute;n On\/Off<br \/>\t\t\t&nbsp; DNS personalizado<br \/>\t\t\t&nbsp; APN personalizado<\/td>\n<\/tr>\n<tr>\n<td valign=\"top\"><strong>Otras caracter&iacute;sticas <\/strong><\/td>\n<td>&#8211; Montaje: Montaje de pared\/escritorio<br \/>\t\t\t&#8211; Carcasa: Estuche de metal<br \/>\t\t\t<strong>Seguridad<\/strong><br \/>\t\t\t&#8211; Cifrado: WPA2-AES\/WPA<br \/>\t\t\t&#8211; SSID oculto: Admitido<br \/>\t\t\t&#8211; Wifi para invitados (aislamiento): Admitido<br \/>\t\t\t<strong>Alimentaci&oacute;n<\/strong><br \/>\t\t\t&#8211; Requisitos energ&eacute;ticos: CC: 12 V\/1 A<br \/>\t\t\t&#8211; Consumo energ&eacute;tico: 10 W (carga completa)<br \/>\t\t\t<strong>Condiciones medioambientales<\/strong><br \/>\t\t\t&#8211; Temperatura:<br \/>\t\t\t&nbsp; Funcionamiento: 0 &ordm;C ~ 40 &ordm;C<br \/>\t\t\t&nbsp; Almacenamiento: -40 ~ 70 &ordm;C<br \/>\t\t\t&#8211; Humedad:<br \/>\t\t\t&nbsp; Funcionamiento: 10 ~ 90 % (sin condensaci&oacute;n)<br \/>\t\t\t&nbsp; Almacenamiento: 10 ~ 90 % (sin condensaci&oacute;n)<br \/>\t\t\t<strong>Certificaci&oacute;n<\/strong><br \/>\t\t\t&#8211; CE<br \/>\t\t\t<strong>Dimensiones y peso<\/strong><br \/>\t\t\t&#8211; 230 x 148 x 28&nbsp; mm (antena no suministrada)<br \/>\t\t\t&#8211; 910 g<\/td>\n<\/tr>\n<tr>\n<td valign=\"top\"><strong>Fecha Revisi&oacute;n<\/strong><\/td>\n<td>14-11-2024 por RTY<\/td>\n<\/tr>\n<\/table>\n","protected":false},"excerpt":{"rendered":"<p>Marca Edimax Modelo 4G-7449AC Caracter&iacute;sticas hardware &#8211; Interfaz: &nbsp; 1 x puerto RJ45 10\/100 Base-T WAN &nbsp; 3 x puertos RJ45 10\/100 Base-T LAN &nbsp; 2 x ranuras para tarjetas SIM est&aacute;ndar &#8211; Bot&oacute;n: Bot&oacute;n de restablecimiento &#8211; Indicador LED &nbsp; Alimentaci&oacute;n\/SYS: Estado alimentaci&oacute;n sistema &nbsp; 4G: Intensidad de la se&ntilde;al &nbsp; SIM 1: Estado&hellip;&nbsp;<a href=\"https:\/\/aivlisoft.net\/shop\/producto\/edimax-4g-7449ac-router-wifi5-4g-lte-ac1200\/\" rel=\"bookmark\"><span class=\"screen-reader-text\">Edimax 4G-7449AC Router WiFi5 4G LTE AC1200<\/span><\/a><\/p>\n","protected":false},"featured_media":0,"template":"","meta":{"neve_meta_sidebar":"","neve_meta_container":"","neve_meta_enable_content_width":"","neve_meta_content_width":0,"neve_meta_title_alignment":"","neve_meta_author_avatar":"","neve_post_elements_order":"","neve_meta_disable_header":"","neve_meta_disable_footer":"","neve_meta_disable_title":""},"product_brand":[],"product_cat":[15,8768,6832],"product_tag":[6981],"class_list":{"0":"post-19301","1":"product","2":"type-product","3":"status-publish","5":"product_cat-sin-categorizar","6":"product_cat-routers-adsl","7":"product_cat-routers-modems","8":"product_tag-4g-7449ac","10":"first","11":"instock","12":"taxable","13":"shipping-taxable","14":"purchasable","15":"product-type-simple"},"yoast_head":"<!-- This site is optimized with the Yoast SEO plugin v26.0 - https:\/\/yoast.com\/wordpress\/plugins\/seo\/ -->\n<title>Edimax 4G-7449AC Router WiFi5 4G LTE AC1200 - Aivlisoft Inform\u00e1tica<\/title>\n<meta name=\"robots\" content=\"index, follow, max-snippet:-1, max-image-preview:large, max-video-preview:-1\" \/>\n<link rel=\"canonical\" href=\"https:\/\/aivlisoft.net\/shop\/producto\/edimax-4g-7449ac-router-wifi5-4g-lte-ac1200\/\" \/>\n<meta property=\"og:locale\" content=\"es_ES\" \/>\n<meta property=\"og:type\" content=\"article\" \/>\n<meta property=\"og:title\" content=\"Edimax 4G-7449AC Router WiFi5 4G LTE AC1200 - Aivlisoft Inform\u00e1tica\" \/>\n<meta property=\"og:description\" content=\"Marca Edimax Modelo 4G-7449AC Caracter&iacute;sticas hardware &#8211; Interfaz: &nbsp; 1 x puerto RJ45 10\/100 Base-T WAN &nbsp; 3 x puertos RJ45 10\/100 Base-T LAN &nbsp; 2 x ranuras para tarjetas SIM est&aacute;ndar &#8211; Bot&oacute;n: Bot&oacute;n de restablecimiento &#8211; Indicador LED &nbsp; Alimentaci&oacute;n\/SYS: Estado alimentaci&oacute;n sistema &nbsp; 4G: Intensidad de la se&ntilde;al &nbsp; SIM 1: Estado&hellip;&nbsp;Edimax 4G-7449AC Router WiFi5 4G LTE AC1200\" \/>\n<meta property=\"og:url\" content=\"https:\/\/aivlisoft.net\/shop\/producto\/edimax-4g-7449ac-router-wifi5-4g-lte-ac1200\/\" \/>\n<meta property=\"og:site_name\" content=\"Aivlisoft Inform\u00e1tica\" \/>\n<meta property=\"article:modified_time\" content=\"2025-01-14T19:55:31+00:00\" \/>\n<meta name=\"twitter:card\" content=\"summary_large_image\" \/>\n<meta name=\"twitter:label1\" content=\"Tiempo de lectura\" \/>\n\t<meta name=\"twitter:data1\" content=\"2 minutos\" \/>\n<script type=\"application\/ld+json\" class=\"yoast-schema-graph\">{\"@context\":\"https:\/\/schema.org\",\"@graph\":[{\"@type\":\"WebPage\",\"@id\":\"https:\/\/aivlisoft.net\/shop\/producto\/edimax-4g-7449ac-router-wifi5-4g-lte-ac1200\/\",\"url\":\"https:\/\/aivlisoft.net\/shop\/producto\/edimax-4g-7449ac-router-wifi5-4g-lte-ac1200\/\",\"name\":\"Edimax 4G-7449AC Router WiFi5 4G LTE AC1200 - Aivlisoft Inform\u00e1tica\",\"isPartOf\":{\"@id\":\"https:\/\/aivlisoft.net\/shop\/#website\"},\"datePublished\":\"2025-01-13T15:31:07+00:00\",\"dateModified\":\"2025-01-14T19:55:31+00:00\",\"breadcrumb\":{\"@id\":\"https:\/\/aivlisoft.net\/shop\/producto\/edimax-4g-7449ac-router-wifi5-4g-lte-ac1200\/#breadcrumb\"},\"inLanguage\":\"es\",\"potentialAction\":[{\"@type\":\"ReadAction\",\"target\":[\"https:\/\/aivlisoft.net\/shop\/producto\/edimax-4g-7449ac-router-wifi5-4g-lte-ac1200\/\"]}]},{\"@type\":\"BreadcrumbList\",\"@id\":\"https:\/\/aivlisoft.net\/shop\/producto\/edimax-4g-7449ac-router-wifi5-4g-lte-ac1200\/#breadcrumb\",\"itemListElement\":[{\"@type\":\"ListItem\",\"position\":1,\"name\":\"Portada\",\"item\":\"https:\/\/aivlisoft.net\/shop\/\"},{\"@type\":\"ListItem\",\"position\":2,\"name\":\"Tienda\",\"item\":\"https:\/\/aivlisoft.net\/shop\/tienda\/\"},{\"@type\":\"ListItem\",\"position\":3,\"name\":\"Edimax 4G-7449AC Router WiFi5 4G LTE AC1200\"}]},{\"@type\":\"WebSite\",\"@id\":\"https:\/\/aivlisoft.net\/shop\/#website\",\"url\":\"https:\/\/aivlisoft.net\/shop\/\",\"name\":\"Aivlisoft Inform\u00e1tica\",\"description\":\"En Aivlisoft Inform\u00e1tica ofrecemos soluciones tecnol\u00f3gicas para empresas: venta de ordenadores, consumibles, perif\u00e9ricos y m\u00e1s. Calidad, atenci\u00f3n personalizada y los mejores precios para tu negocio.\",\"publisher\":{\"@id\":\"https:\/\/aivlisoft.net\/shop\/#organization\"},\"potentialAction\":[{\"@type\":\"SearchAction\",\"target\":{\"@type\":\"EntryPoint\",\"urlTemplate\":\"https:\/\/aivlisoft.net\/shop\/?s={search_term_string}\"},\"query-input\":{\"@type\":\"PropertyValueSpecification\",\"valueRequired\":true,\"valueName\":\"search_term_string\"}}],\"inLanguage\":\"es\"},{\"@type\":\"Organization\",\"@id\":\"https:\/\/aivlisoft.net\/shop\/#organization\",\"name\":\"Aivlisoft Inform\u00e1tica\",\"url\":\"https:\/\/aivlisoft.net\/shop\/\",\"logo\":{\"@type\":\"ImageObject\",\"inLanguage\":\"es\",\"@id\":\"https:\/\/aivlisoft.net\/shop\/#\/schema\/logo\/image\/\",\"url\":\"https:\/\/aivlisoft.net\/shop\/wp-content\/uploads\/2024\/12\/removal.ai_5b848c54-0cdf-4140-95c5-c5536bb7573b-logodef.png\",\"contentUrl\":\"https:\/\/aivlisoft.net\/shop\/wp-content\/uploads\/2024\/12\/removal.ai_5b848c54-0cdf-4140-95c5-c5536bb7573b-logodef.png\",\"width\":484,\"height\":182,\"caption\":\"Aivlisoft Inform\u00e1tica\"},\"image\":{\"@id\":\"https:\/\/aivlisoft.net\/shop\/#\/schema\/logo\/image\/\"}}]}<\/script>\n<!-- \/ Yoast SEO plugin. -->","yoast_head_json":{"title":"Edimax 4G-7449AC Router WiFi5 4G LTE AC1200 - Aivlisoft Inform\u00e1tica","robots":{"index":"index","follow":"follow","max-snippet":"max-snippet:-1","max-image-preview":"max-image-preview:large","max-video-preview":"max-video-preview:-1"},"canonical":"https:\/\/aivlisoft.net\/shop\/producto\/edimax-4g-7449ac-router-wifi5-4g-lte-ac1200\/","og_locale":"es_ES","og_type":"article","og_title":"Edimax 4G-7449AC Router WiFi5 4G LTE AC1200 - Aivlisoft Inform\u00e1tica","og_description":"Marca Edimax Modelo 4G-7449AC Caracter&iacute;sticas hardware &#8211; Interfaz: &nbsp; 1 x puerto RJ45 10\/100 Base-T WAN &nbsp; 3 x puertos RJ45 10\/100 Base-T LAN &nbsp; 2 x ranuras para tarjetas SIM est&aacute;ndar &#8211; Bot&oacute;n: Bot&oacute;n de restablecimiento &#8211; Indicador LED &nbsp; Alimentaci&oacute;n\/SYS: Estado alimentaci&oacute;n sistema &nbsp; 4G: Intensidad de la se&ntilde;al &nbsp; SIM 1: Estado&hellip;&nbsp;Edimax 4G-7449AC Router WiFi5 4G LTE AC1200","og_url":"https:\/\/aivlisoft.net\/shop\/producto\/edimax-4g-7449ac-router-wifi5-4g-lte-ac1200\/","og_site_name":"Aivlisoft Inform\u00e1tica","article_modified_time":"2025-01-14T19:55:31+00:00","twitter_card":"summary_large_image","twitter_misc":{"Tiempo de lectura":"2 minutos"},"schema":{"@context":"https:\/\/schema.org","@graph":[{"@type":"WebPage","@id":"https:\/\/aivlisoft.net\/shop\/producto\/edimax-4g-7449ac-router-wifi5-4g-lte-ac1200\/","url":"https:\/\/aivlisoft.net\/shop\/producto\/edimax-4g-7449ac-router-wifi5-4g-lte-ac1200\/","name":"Edimax 4G-7449AC Router WiFi5 4G LTE AC1200 - Aivlisoft Inform\u00e1tica","isPartOf":{"@id":"https:\/\/aivlisoft.net\/shop\/#website"},"datePublished":"2025-01-13T15:31:07+00:00","dateModified":"2025-01-14T19:55:31+00:00","breadcrumb":{"@id":"https:\/\/aivlisoft.net\/shop\/producto\/edimax-4g-7449ac-router-wifi5-4g-lte-ac1200\/#breadcrumb"},"inLanguage":"es","potentialAction":[{"@type":"ReadAction","target":["https:\/\/aivlisoft.net\/shop\/producto\/edimax-4g-7449ac-router-wifi5-4g-lte-ac1200\/"]}]},{"@type":"BreadcrumbList","@id":"https:\/\/aivlisoft.net\/shop\/producto\/edimax-4g-7449ac-router-wifi5-4g-lte-ac1200\/#breadcrumb","itemListElement":[{"@type":"ListItem","position":1,"name":"Portada","item":"https:\/\/aivlisoft.net\/shop\/"},{"@type":"ListItem","position":2,"name":"Tienda","item":"https:\/\/aivlisoft.net\/shop\/tienda\/"},{"@type":"ListItem","position":3,"name":"Edimax 4G-7449AC Router WiFi5 4G LTE AC1200"}]},{"@type":"WebSite","@id":"https:\/\/aivlisoft.net\/shop\/#website","url":"https:\/\/aivlisoft.net\/shop\/","name":"Aivlisoft Inform\u00e1tica","description":"En Aivlisoft Inform\u00e1tica ofrecemos soluciones tecnol\u00f3gicas para empresas: venta de ordenadores, consumibles, perif\u00e9ricos y m\u00e1s. Calidad, atenci\u00f3n personalizada y los mejores precios para tu negocio.","publisher":{"@id":"https:\/\/aivlisoft.net\/shop\/#organization"},"potentialAction":[{"@type":"SearchAction","target":{"@type":"EntryPoint","urlTemplate":"https:\/\/aivlisoft.net\/shop\/?s={search_term_string}"},"query-input":{"@type":"PropertyValueSpecification","valueRequired":true,"valueName":"search_term_string"}}],"inLanguage":"es"},{"@type":"Organization","@id":"https:\/\/aivlisoft.net\/shop\/#organization","name":"Aivlisoft Inform\u00e1tica","url":"https:\/\/aivlisoft.net\/shop\/","logo":{"@type":"ImageObject","inLanguage":"es","@id":"https:\/\/aivlisoft.net\/shop\/#\/schema\/logo\/image\/","url":"https:\/\/aivlisoft.net\/shop\/wp-content\/uploads\/2024\/12\/removal.ai_5b848c54-0cdf-4140-95c5-c5536bb7573b-logodef.png","contentUrl":"https:\/\/aivlisoft.net\/shop\/wp-content\/uploads\/2024\/12\/removal.ai_5b848c54-0cdf-4140-95c5-c5536bb7573b-logodef.png","width":484,"height":182,"caption":"Aivlisoft Inform\u00e1tica"},"image":{"@id":"https:\/\/aivlisoft.net\/shop\/#\/schema\/logo\/image\/"}}]}},"_links":{"self":[{"href":"https:\/\/aivlisoft.net\/shop\/wp-json\/wp\/v2\/product\/19301","targetHints":{"allow":["GET"]}}],"collection":[{"href":"https:\/\/aivlisoft.net\/shop\/wp-json\/wp\/v2\/product"}],"about":[{"href":"https:\/\/aivlisoft.net\/shop\/wp-json\/wp\/v2\/types\/product"}],"wp:attachment":[{"href":"https:\/\/aivlisoft.net\/shop\/wp-json\/wp\/v2\/media?parent=19301"}],"wp:term":[{"taxonomy":"product_brand","embeddable":true,"href":"https:\/\/aivlisoft.net\/shop\/wp-json\/wp\/v2\/product_brand?post=19301"},{"taxonomy":"product_cat","embeddable":true,"href":"https:\/\/aivlisoft.net\/shop\/wp-json\/wp\/v2\/product_cat?post=19301"},{"taxonomy":"product_tag","embeddable":true,"href":"https:\/\/aivlisoft.net\/shop\/wp-json\/wp\/v2\/product_tag?post=19301"}],"curies":[{"name":"wp","href":"https:\/\/api.w.org\/{rel}","templated":true}]}}