{"id":19292,"date":"2025-01-13T15:30:58","date_gmt":"2025-01-13T15:30:58","guid":{"rendered":"https:\/\/aivlisoft.com\/?post_type=product&#038;p=19292"},"modified":"2025-01-14T19:55:33","modified_gmt":"2025-01-14T19:55:33","slug":"fritzbox-4050-router-wifi6-mesh-1xgb-wan-3xgb-lan","status":"publish","type":"product","link":"https:\/\/aivlisoft.net\/shop\/producto\/fritzbox-4050-router-wifi6-mesh-1xgb-wan-3xgb-lan\/","title":{"rendered":"Fritz!Box 4050 Router WiFi6 Mesh 1xGb WAN 3xGb LAN"},"content":{"rendered":"<p><\/p>\n<table class=\"tabla_caracteristicas\" width=\"100%\">\n<tr>\n<td><strong>Marca<\/strong><\/td>\n<td>Fritz!<\/td>\n<\/tr>\n<tr>\n<td><strong>Modelo<\/strong><\/td>\n<td><strong>20003067<\/strong><\/td>\n<\/tr>\n<tr>\n<td><strong>Conexiones<\/strong><\/td>\n<td>&#8211; 1 x puerto WAN Gigabit (10\/100\/1.000 Base-T)<br \/>\t\t\t&#8211; 3 x puertos LAN Gigabit (10\/100\/1.000 Base-T)<br \/>\t\t\t&#8211; Punto de acceso inal&aacute;mbrico IEEE 802.11ax, ac, n, g, a<br \/>\t\t\t&#8211; 1 x puerto USB para conectar un dispositivo de almacenamiento, una impresora o un m&oacute;dem USB<br \/>\t\t\t&#8211; Base DECT hasta para seis tel&eacute;fonos<\/td>\n<\/tr>\n<tr>\n<td><strong>Caracteristicas<\/strong><\/td>\n<td><strong>Internet<\/strong><br \/>\t\t\t&#8211; Router Wi-Fi para conexiones con m&oacute;dem de fibra &oacute;ptica, cable, DSL o m&oacute;dem USB<br \/>\t\t\t&#8211; Aprovechamiento de las conexiones a Internet existentes a trav&eacute;s de LAN<br \/>\t\t\t&#8211; Soporta IPv6<br \/>\t\t\t&#8211; Con MyFRITZ! podr&aacute; acceder a su propio FRITZ!Box desde cualquier lugar<br \/>\t\t\t&#8211; Acceso de invitados: posibilidad de utilizar el acceso a Internet a trav&eacute;s de LAN<br \/>\t\t\t&#8211; Cortafuegos de inspecci&oacute;n activa de paquetes (SPI, Stateful Packet Inspection) con redireccionamiento de puertos<br \/>\t\t\t&#8211; Acceso remoto seguro, acoplamiento LAN-LAN y conexi&oacute;n a la red empresarial con VPN (WireGuard e IPSec)<br \/>\t\t\t&#8211; Control parental, servicio de notificaciones, contactos de la nube, almacenamiento en l&iacute;nea<br \/>\t\t\t&#8211; \u00abWake on LAN\u00bb a trav&eacute;s de Internet<br \/>\t\t\t<strong>Wi-Fi<\/strong><br \/>\t\t\t&#8211; Wi-Fi 6 hasta 2400 Mbps brutos en la frecuencia de 5 GHz y 600 Mbps brutos en la de 2,4 GHz<br \/>\t\t\t&#8211; Wi-Fi 5 hasta 1733 Mbps brutos en la frecuencia de 5 GHz y Wi-Fi 4 hasta 400 Mbps brutos en la de 2,4 GHz<br \/>\t\t\t&#8211; Compatible con Wi-Fi 802.11g y a<br \/>\t\t\t&#8211; 2&#215;2 MIMO<br \/>\t\t\t&#8211; Ampl&iacute;a la red local con Wi-Fi Mesh: combina f&aacute;cilmente varios puntos de acceso Wi-Fi en un solo sistema inteligente (a partir de FRITZ!OS 6.90)<br \/>\t\t\t&#8211; Encriptaci&oacute;n Wi-Fi con WPA3\/WPA2<br \/>\t\t\t&#8211; Establecimiento de la conexi&oacute;n sencillo y c&oacute;modo pulsando un bot&oacute;n<br \/>\t\t\t&#8211; Wi-Fi Protected Setup (WPS)<br \/>\t\t\t&#8211; Acceso Wi-Fi para invitados: m&aacute;xima seguridad para sus amigos y visitantes<br \/>\t\t\t&#8211; Ampliaci&oacute;n del alcance de la red inal&aacute;mbrica con la funci&oacute;n de repetidor<br \/>\t\t\t&#8211; Canal Wi-Fi autom&aacute;tico: b&uacute;squeda autom&aacute;tica de un canal inal&aacute;mbrico sin interferencias<br \/>\t\t\t&#8211; Modo Wi-Fi Eco para conseguir el mejor rendimiento con el menor consumo de energ&iacute;a<br \/>\t\t\t<strong>Telefon&iacute;a<\/strong><br \/>\t\t\t&#8211; Base DECT integrada hasta para seis tel&eacute;fonos inal&aacute;mbricos<br \/>\t\t\t&#8211; Cinco contestadores autom&aacute;ticos integrados, con &ldquo;Voice-to-Mail&rdquo; incluido<br \/>\t\t\t&#8211; Administraci&oacute;n local o en l&iacute;nea de los contactos de la agenda (Google o Apple, entre otros)<br \/>\t\t\t&#8211; Funci&oacute;n de fax, incluso con reenv&iacute;o a trav&eacute;s de correo electr&oacute;nico (Fax-to-Mail)<br \/>\t\t\t&#8211; Compatible con telefon&iacute;a HD para un sonido natural<br \/>\t\t\t&#8211; DECT Eco: desconexi&oacute;n de la red para una ergonom&iacute;a m&aacute;xima<br \/>\t\t\t&#8211; Lista de llamadas, bloqueo de llamadas, marcaci&oacute;n r&aacute;pida, desv&iacute;o de llamadas<br \/>\t\t\t&#8211; Reglas de marcaci&oacute;n para asignaci&oacute;n individual a n&uacute;meros de tel&eacute;fono<br \/>\t\t\t&#8211; Desv&iacute;o de llamadas, llamadas internas, conferencias, transferencia de llamadas<br \/>\t\t\t&#8211; Bloqueo de llamadas, alarma, vigilabeb&eacute;s, llamadas VIP y bloqueo de timbre<br \/>\t\t\t&#8211; Telefon&iacute;a sobre IP conforme con SIP seg&uacute;n RFC 3261<br \/>\t\t\t&#8211; 1 puerto a\/b (opcionalmente TAE\/RJ11) para la conexi&oacute;n de tel&eacute;fonos anal&oacute;gicos, contestador y fax<br \/>\t\t\t&#8211; Posibilidad de conectar tel&eacute;fonos IP (LAN\/Wi-Fi) seg&uacute;n el est&aacute;ndar SIP<br \/>\t\t\t&#8211; FRITZ!App Fon para realizar llamadas con smartphone a trav&eacute;s de la red de telefon&iacute;a fija<br \/>\t\t\t<strong>&nbsp;Dom&oacute;tica \/ Multimedia <\/strong><br \/>\t\t\t&#8211; Funciones de dom&oacute;tica para energ&iacute;a, calefacci&oacute;n e iluminaci&oacute;n, entre otras<br \/>\t\t\t&#8211; Compatible hasta con 50 dispositivos de dom&oacute;tica (DECT ULE)<br \/>\t\t\t&#8211; Control de su hogar dom&oacute;tico FRITZ! desde la interfaz de FRITZ!Box, FRITZ!Fon, el interruptor FRITZ!DECT y la FRITZ!App Smart Home<br \/>\t\t\t&#8211; Transmite simult&aacute;neamente cuatro programas gratuitos de televisi&oacute;n digital de la conexi&oacute;n de cable al ordenador, smartphone, tablet y FRITZ!App TV<br \/>\t\t\t&#8211; FRITZ!NAS: almacenamiento com&uacute;n para todos los datos en la red local<br \/>\t\t\t&#8211; Posibilidad de compartir archivos con sus amigos de manera f&aacute;cil y segura<br \/>\t\t\t&#8211; El servidor multimedia distribuye m&uacute;sica, im&aacute;genes o v&iacute;deos en la red local (DLNA\/UpnP AV)<br \/>\t\t\t&#8211; Compatible tambi&eacute;n con almacenamiento en l&iacute;nea, radio por Internet y podcasts<br \/>\t\t\t&#8211; Ideal para televisi&oacute;n v&iacute;a Internet, v&iacute;deo y reproducci&oacute;n de m&uacute;sica<br \/>\t\t\t<strong>FRITZ!OS<\/strong><br \/>\t\t\t&#8211; \u00abfritz.box\u00bb: interfaz de usuario clara, uso intuitivo con ayuda del navegador<br \/>\t\t\t&#8211; Interfaz de usuario optimizada para smartphones y tablets (dise&ntilde;o web adaptable)<br \/>\t\t\t&#8211; Las pr&aacute;cticas FRITZ!Apps para su smartphone: MyFRITZ!App para disfrutar la comodidad que ofrece FRITZ! tambi&eacute;n estando fuera de casa y FRITZ!App Wi-Fi la inteligente ayuda Wi-Fi<br \/>\t\t\t&#8211; Funci&oacute;n de ayuda con b&uacute;squeda de texto completo<br \/>\t\t\t&#8211; Servicio de notificaciones por correo electr&oacute;nico para informaci&oacute;n sobre eventos en la red local<br \/>\t\t\t&#8211; Asistente de seguridad con herramienta de diagn&oacute;stico<br \/>\t\t\t&#8211; Actualizaciones gratuitas con nuevas funciones y caracter&iacute;sticas de seguridad, tambi&eacute;n posible mediante actualizaci&oacute;n autom&aacute;tica<br \/>\t\t\t<strong>Alimentaci&oacute;n<\/strong><br \/>\t\t\t&#8211; Consumo medio de energ&iacute;a: 5 &#8211; 7 vatios<br \/>\t\t\t<strong>Dimensiones<\/strong><br \/>\t\t\t&#8211; 200 x 45 x 152 mm<br \/>\t\t\t<strong>Contenido<\/strong><br \/>\t\t\t&#8211; FRITZ!Box 4050<br \/>\t\t\t&#8211; Fuente de alimentaci&oacute;n<br \/>\t\t\t&#8211; Cable de red<br \/>\t\t\t&#8211; Gu&iacute;a r&aacute;pida de instalaci&oacute;n<\/td>\n<\/tr>\n<tr>\n<td><strong>Fecha de revisi&oacute;n<\/strong><\/td>\n<td>17-10-2024 por RTY<\/td>\n<\/tr>\n<\/table>\n","protected":false},"excerpt":{"rendered":"<p>Marca Fritz! Modelo 20003067 Conexiones &#8211; 1 x puerto WAN Gigabit (10\/100\/1.000 Base-T) &#8211; 3 x puertos LAN Gigabit (10\/100\/1.000 Base-T) &#8211; Punto de acceso inal&aacute;mbrico IEEE 802.11ax, ac, n, g, a &#8211; 1 x puerto USB para conectar un dispositivo de almacenamiento, una impresora o un m&oacute;dem USB &#8211; Base DECT hasta para seis&hellip;&nbsp;<a href=\"https:\/\/aivlisoft.net\/shop\/producto\/fritzbox-4050-router-wifi6-mesh-1xgb-wan-3xgb-lan\/\" rel=\"bookmark\"><span class=\"screen-reader-text\">Fritz!Box 4050 Router WiFi6 Mesh 1xGb WAN 3xGb LAN<\/span><\/a><\/p>\n","protected":false},"featured_media":19293,"template":"","meta":{"neve_meta_sidebar":"","neve_meta_container":"","neve_meta_enable_content_width":"","neve_meta_content_width":0,"neve_meta_title_alignment":"","neve_meta_author_avatar":"","neve_post_elements_order":"","neve_meta_disable_header":"","neve_meta_disable_footer":"","neve_meta_disable_title":""},"product_brand":[],"product_cat":[15,8768,6832],"product_tag":[6978],"class_list":{"0":"post-19292","1":"product","2":"type-product","3":"status-publish","4":"has-post-thumbnail","6":"product_cat-sin-categorizar","7":"product_cat-routers-adsl","8":"product_cat-routers-modems","9":"product_tag-6978","11":"first","12":"instock","13":"taxable","14":"shipping-taxable","15":"purchasable","16":"product-type-simple"},"yoast_head":"<!-- This site is optimized with the Yoast SEO plugin v26.0 - https:\/\/yoast.com\/wordpress\/plugins\/seo\/ -->\n<title>Fritz!Box 4050 Router WiFi6 Mesh 1xGb WAN 3xGb LAN - Aivlisoft Inform\u00e1tica<\/title>\n<meta name=\"robots\" content=\"index, follow, max-snippet:-1, max-image-preview:large, max-video-preview:-1\" \/>\n<link rel=\"canonical\" href=\"https:\/\/aivlisoft.net\/shop\/producto\/fritzbox-4050-router-wifi6-mesh-1xgb-wan-3xgb-lan\/\" \/>\n<meta property=\"og:locale\" content=\"es_ES\" \/>\n<meta property=\"og:type\" content=\"article\" \/>\n<meta property=\"og:title\" content=\"Fritz!Box 4050 Router WiFi6 Mesh 1xGb WAN 3xGb LAN - Aivlisoft Inform\u00e1tica\" \/>\n<meta property=\"og:description\" content=\"Marca Fritz! Modelo 20003067 Conexiones &#8211; 1 x puerto WAN Gigabit (10\/100\/1.000 Base-T) &#8211; 3 x puertos LAN Gigabit (10\/100\/1.000 Base-T) &#8211; Punto de acceso inal&aacute;mbrico IEEE 802.11ax, ac, n, g, a &#8211; 1 x puerto USB para conectar un dispositivo de almacenamiento, una impresora o un m&oacute;dem USB &#8211; Base DECT hasta para seis&hellip;&nbsp;Fritz!Box 4050 Router WiFi6 Mesh 1xGb WAN 3xGb LAN\" \/>\n<meta property=\"og:url\" content=\"https:\/\/aivlisoft.net\/shop\/producto\/fritzbox-4050-router-wifi6-mesh-1xgb-wan-3xgb-lan\/\" \/>\n<meta property=\"og:site_name\" content=\"Aivlisoft Inform\u00e1tica\" \/>\n<meta property=\"article:modified_time\" content=\"2025-01-14T19:55:33+00:00\" \/>\n<meta property=\"og:image\" content=\"https:\/\/aivlisoft.net\/shop\/wp-content\/uploads\/2025\/01\/NROINA0412_800.jpg\" \/>\n\t<meta property=\"og:image:width\" content=\"800\" \/>\n\t<meta property=\"og:image:height\" content=\"800\" \/>\n\t<meta property=\"og:image:type\" content=\"image\/jpeg\" \/>\n<meta name=\"twitter:card\" content=\"summary_large_image\" \/>\n<meta name=\"twitter:label1\" content=\"Tiempo de lectura\" \/>\n\t<meta name=\"twitter:data1\" content=\"5 minutos\" \/>\n<script type=\"application\/ld+json\" class=\"yoast-schema-graph\">{\"@context\":\"https:\/\/schema.org\",\"@graph\":[{\"@type\":\"WebPage\",\"@id\":\"https:\/\/aivlisoft.net\/shop\/producto\/fritzbox-4050-router-wifi6-mesh-1xgb-wan-3xgb-lan\/\",\"url\":\"https:\/\/aivlisoft.net\/shop\/producto\/fritzbox-4050-router-wifi6-mesh-1xgb-wan-3xgb-lan\/\",\"name\":\"Fritz!Box 4050 Router WiFi6 Mesh 1xGb WAN 3xGb LAN - Aivlisoft Inform\u00e1tica\",\"isPartOf\":{\"@id\":\"https:\/\/aivlisoft.net\/shop\/#website\"},\"primaryImageOfPage\":{\"@id\":\"https:\/\/aivlisoft.net\/shop\/producto\/fritzbox-4050-router-wifi6-mesh-1xgb-wan-3xgb-lan\/#primaryimage\"},\"image\":{\"@id\":\"https:\/\/aivlisoft.net\/shop\/producto\/fritzbox-4050-router-wifi6-mesh-1xgb-wan-3xgb-lan\/#primaryimage\"},\"thumbnailUrl\":\"https:\/\/aivlisoft.net\/shop\/wp-content\/uploads\/2025\/01\/NROINA0412_800.jpg\",\"datePublished\":\"2025-01-13T15:30:58+00:00\",\"dateModified\":\"2025-01-14T19:55:33+00:00\",\"breadcrumb\":{\"@id\":\"https:\/\/aivlisoft.net\/shop\/producto\/fritzbox-4050-router-wifi6-mesh-1xgb-wan-3xgb-lan\/#breadcrumb\"},\"inLanguage\":\"es\",\"potentialAction\":[{\"@type\":\"ReadAction\",\"target\":[\"https:\/\/aivlisoft.net\/shop\/producto\/fritzbox-4050-router-wifi6-mesh-1xgb-wan-3xgb-lan\/\"]}]},{\"@type\":\"ImageObject\",\"inLanguage\":\"es\",\"@id\":\"https:\/\/aivlisoft.net\/shop\/producto\/fritzbox-4050-router-wifi6-mesh-1xgb-wan-3xgb-lan\/#primaryimage\",\"url\":\"https:\/\/aivlisoft.net\/shop\/wp-content\/uploads\/2025\/01\/NROINA0412_800.jpg\",\"contentUrl\":\"https:\/\/aivlisoft.net\/shop\/wp-content\/uploads\/2025\/01\/NROINA0412_800.jpg\",\"width\":800,\"height\":800},{\"@type\":\"BreadcrumbList\",\"@id\":\"https:\/\/aivlisoft.net\/shop\/producto\/fritzbox-4050-router-wifi6-mesh-1xgb-wan-3xgb-lan\/#breadcrumb\",\"itemListElement\":[{\"@type\":\"ListItem\",\"position\":1,\"name\":\"Portada\",\"item\":\"https:\/\/aivlisoft.net\/shop\/\"},{\"@type\":\"ListItem\",\"position\":2,\"name\":\"Tienda\",\"item\":\"https:\/\/aivlisoft.net\/shop\/tienda\/\"},{\"@type\":\"ListItem\",\"position\":3,\"name\":\"Fritz!Box 4050 Router WiFi6 Mesh 1xGb WAN 3xGb LAN\"}]},{\"@type\":\"WebSite\",\"@id\":\"https:\/\/aivlisoft.net\/shop\/#website\",\"url\":\"https:\/\/aivlisoft.net\/shop\/\",\"name\":\"Aivlisoft Inform\u00e1tica\",\"description\":\"En Aivlisoft Inform\u00e1tica ofrecemos soluciones tecnol\u00f3gicas para empresas: venta de ordenadores, consumibles, perif\u00e9ricos y m\u00e1s. Calidad, atenci\u00f3n personalizada y los mejores precios para tu negocio.\",\"publisher\":{\"@id\":\"https:\/\/aivlisoft.net\/shop\/#organization\"},\"potentialAction\":[{\"@type\":\"SearchAction\",\"target\":{\"@type\":\"EntryPoint\",\"urlTemplate\":\"https:\/\/aivlisoft.net\/shop\/?s={search_term_string}\"},\"query-input\":{\"@type\":\"PropertyValueSpecification\",\"valueRequired\":true,\"valueName\":\"search_term_string\"}}],\"inLanguage\":\"es\"},{\"@type\":\"Organization\",\"@id\":\"https:\/\/aivlisoft.net\/shop\/#organization\",\"name\":\"Aivlisoft Inform\u00e1tica\",\"url\":\"https:\/\/aivlisoft.net\/shop\/\",\"logo\":{\"@type\":\"ImageObject\",\"inLanguage\":\"es\",\"@id\":\"https:\/\/aivlisoft.net\/shop\/#\/schema\/logo\/image\/\",\"url\":\"https:\/\/aivlisoft.net\/shop\/wp-content\/uploads\/2024\/12\/removal.ai_5b848c54-0cdf-4140-95c5-c5536bb7573b-logodef.png\",\"contentUrl\":\"https:\/\/aivlisoft.net\/shop\/wp-content\/uploads\/2024\/12\/removal.ai_5b848c54-0cdf-4140-95c5-c5536bb7573b-logodef.png\",\"width\":484,\"height\":182,\"caption\":\"Aivlisoft Inform\u00e1tica\"},\"image\":{\"@id\":\"https:\/\/aivlisoft.net\/shop\/#\/schema\/logo\/image\/\"}}]}<\/script>\n<!-- \/ Yoast SEO plugin. -->","yoast_head_json":{"title":"Fritz!Box 4050 Router WiFi6 Mesh 1xGb WAN 3xGb LAN - Aivlisoft Inform\u00e1tica","robots":{"index":"index","follow":"follow","max-snippet":"max-snippet:-1","max-image-preview":"max-image-preview:large","max-video-preview":"max-video-preview:-1"},"canonical":"https:\/\/aivlisoft.net\/shop\/producto\/fritzbox-4050-router-wifi6-mesh-1xgb-wan-3xgb-lan\/","og_locale":"es_ES","og_type":"article","og_title":"Fritz!Box 4050 Router WiFi6 Mesh 1xGb WAN 3xGb LAN - Aivlisoft Inform\u00e1tica","og_description":"Marca Fritz! Modelo 20003067 Conexiones &#8211; 1 x puerto WAN Gigabit (10\/100\/1.000 Base-T) &#8211; 3 x puertos LAN Gigabit (10\/100\/1.000 Base-T) &#8211; Punto de acceso inal&aacute;mbrico IEEE 802.11ax, ac, n, g, a &#8211; 1 x puerto USB para conectar un dispositivo de almacenamiento, una impresora o un m&oacute;dem USB &#8211; Base DECT hasta para seis&hellip;&nbsp;Fritz!Box 4050 Router WiFi6 Mesh 1xGb WAN 3xGb LAN","og_url":"https:\/\/aivlisoft.net\/shop\/producto\/fritzbox-4050-router-wifi6-mesh-1xgb-wan-3xgb-lan\/","og_site_name":"Aivlisoft Inform\u00e1tica","article_modified_time":"2025-01-14T19:55:33+00:00","og_image":[{"width":800,"height":800,"url":"https:\/\/aivlisoft.net\/shop\/wp-content\/uploads\/2025\/01\/NROINA0412_800.jpg","type":"image\/jpeg"}],"twitter_card":"summary_large_image","twitter_misc":{"Tiempo de lectura":"5 minutos"},"schema":{"@context":"https:\/\/schema.org","@graph":[{"@type":"WebPage","@id":"https:\/\/aivlisoft.net\/shop\/producto\/fritzbox-4050-router-wifi6-mesh-1xgb-wan-3xgb-lan\/","url":"https:\/\/aivlisoft.net\/shop\/producto\/fritzbox-4050-router-wifi6-mesh-1xgb-wan-3xgb-lan\/","name":"Fritz!Box 4050 Router WiFi6 Mesh 1xGb WAN 3xGb LAN - Aivlisoft Inform\u00e1tica","isPartOf":{"@id":"https:\/\/aivlisoft.net\/shop\/#website"},"primaryImageOfPage":{"@id":"https:\/\/aivlisoft.net\/shop\/producto\/fritzbox-4050-router-wifi6-mesh-1xgb-wan-3xgb-lan\/#primaryimage"},"image":{"@id":"https:\/\/aivlisoft.net\/shop\/producto\/fritzbox-4050-router-wifi6-mesh-1xgb-wan-3xgb-lan\/#primaryimage"},"thumbnailUrl":"https:\/\/aivlisoft.net\/shop\/wp-content\/uploads\/2025\/01\/NROINA0412_800.jpg","datePublished":"2025-01-13T15:30:58+00:00","dateModified":"2025-01-14T19:55:33+00:00","breadcrumb":{"@id":"https:\/\/aivlisoft.net\/shop\/producto\/fritzbox-4050-router-wifi6-mesh-1xgb-wan-3xgb-lan\/#breadcrumb"},"inLanguage":"es","potentialAction":[{"@type":"ReadAction","target":["https:\/\/aivlisoft.net\/shop\/producto\/fritzbox-4050-router-wifi6-mesh-1xgb-wan-3xgb-lan\/"]}]},{"@type":"ImageObject","inLanguage":"es","@id":"https:\/\/aivlisoft.net\/shop\/producto\/fritzbox-4050-router-wifi6-mesh-1xgb-wan-3xgb-lan\/#primaryimage","url":"https:\/\/aivlisoft.net\/shop\/wp-content\/uploads\/2025\/01\/NROINA0412_800.jpg","contentUrl":"https:\/\/aivlisoft.net\/shop\/wp-content\/uploads\/2025\/01\/NROINA0412_800.jpg","width":800,"height":800},{"@type":"BreadcrumbList","@id":"https:\/\/aivlisoft.net\/shop\/producto\/fritzbox-4050-router-wifi6-mesh-1xgb-wan-3xgb-lan\/#breadcrumb","itemListElement":[{"@type":"ListItem","position":1,"name":"Portada","item":"https:\/\/aivlisoft.net\/shop\/"},{"@type":"ListItem","position":2,"name":"Tienda","item":"https:\/\/aivlisoft.net\/shop\/tienda\/"},{"@type":"ListItem","position":3,"name":"Fritz!Box 4050 Router WiFi6 Mesh 1xGb WAN 3xGb LAN"}]},{"@type":"WebSite","@id":"https:\/\/aivlisoft.net\/shop\/#website","url":"https:\/\/aivlisoft.net\/shop\/","name":"Aivlisoft Inform\u00e1tica","description":"En Aivlisoft Inform\u00e1tica ofrecemos soluciones tecnol\u00f3gicas para empresas: venta de ordenadores, consumibles, perif\u00e9ricos y m\u00e1s. Calidad, atenci\u00f3n personalizada y los mejores precios para tu negocio.","publisher":{"@id":"https:\/\/aivlisoft.net\/shop\/#organization"},"potentialAction":[{"@type":"SearchAction","target":{"@type":"EntryPoint","urlTemplate":"https:\/\/aivlisoft.net\/shop\/?s={search_term_string}"},"query-input":{"@type":"PropertyValueSpecification","valueRequired":true,"valueName":"search_term_string"}}],"inLanguage":"es"},{"@type":"Organization","@id":"https:\/\/aivlisoft.net\/shop\/#organization","name":"Aivlisoft Inform\u00e1tica","url":"https:\/\/aivlisoft.net\/shop\/","logo":{"@type":"ImageObject","inLanguage":"es","@id":"https:\/\/aivlisoft.net\/shop\/#\/schema\/logo\/image\/","url":"https:\/\/aivlisoft.net\/shop\/wp-content\/uploads\/2024\/12\/removal.ai_5b848c54-0cdf-4140-95c5-c5536bb7573b-logodef.png","contentUrl":"https:\/\/aivlisoft.net\/shop\/wp-content\/uploads\/2024\/12\/removal.ai_5b848c54-0cdf-4140-95c5-c5536bb7573b-logodef.png","width":484,"height":182,"caption":"Aivlisoft Inform\u00e1tica"},"image":{"@id":"https:\/\/aivlisoft.net\/shop\/#\/schema\/logo\/image\/"}}]}},"_links":{"self":[{"href":"https:\/\/aivlisoft.net\/shop\/wp-json\/wp\/v2\/product\/19292","targetHints":{"allow":["GET"]}}],"collection":[{"href":"https:\/\/aivlisoft.net\/shop\/wp-json\/wp\/v2\/product"}],"about":[{"href":"https:\/\/aivlisoft.net\/shop\/wp-json\/wp\/v2\/types\/product"}],"wp:featuredmedia":[{"embeddable":true,"href":"https:\/\/aivlisoft.net\/shop\/wp-json\/wp\/v2\/media\/19293"}],"wp:attachment":[{"href":"https:\/\/aivlisoft.net\/shop\/wp-json\/wp\/v2\/media?parent=19292"}],"wp:term":[{"taxonomy":"product_brand","embeddable":true,"href":"https:\/\/aivlisoft.net\/shop\/wp-json\/wp\/v2\/product_brand?post=19292"},{"taxonomy":"product_cat","embeddable":true,"href":"https:\/\/aivlisoft.net\/shop\/wp-json\/wp\/v2\/product_cat?post=19292"},{"taxonomy":"product_tag","embeddable":true,"href":"https:\/\/aivlisoft.net\/shop\/wp-json\/wp\/v2\/product_tag?post=19292"}],"curies":[{"name":"wp","href":"https:\/\/api.w.org\/{rel}","templated":true}]}}