{"id":19287,"date":"2025-01-13T15:30:55","date_gmt":"2025-01-13T15:30:55","guid":{"rendered":"https:\/\/aivlisoft.com\/?post_type=product&#038;p=19287"},"modified":"2025-01-14T19:55:34","modified_gmt":"2025-01-14T19:55:34","slug":"fritzbox-7690-router-wifi7-4x4-mesh-1x25gb-wan","status":"publish","type":"product","link":"https:\/\/aivlisoft.net\/shop\/producto\/fritzbox-7690-router-wifi7-4x4-mesh-1x25gb-wan\/","title":{"rendered":"Fritz!Box 7690 Router WiFi7 4&#215;4 Mesh 1&#215;2,5Gb WAN"},"content":{"rendered":"<p><\/p>\n<table class=\"tabla_caracteristicas\" width=\"100%\">\n<tr>\n<td><strong>Marca<\/strong><\/td>\n<td>Fritz!<\/td>\n<\/tr>\n<tr>\n<td><strong>Modelo<\/strong><\/td>\n<td><strong>20003079<\/strong><\/td>\n<\/tr>\n<tr>\n<td><strong>Conexiones<\/strong><\/td>\n<td>&#8211; 1 x puerto DSL, compatible con VDSL, incluido Supervectoring y ADSL2+<br \/>\t\t\t&#8211; 1 x puerto WAN\/LAN Gigabit 2,5, opcional tambi&eacute;n como puerto LAN Gigabit 2,5 &uacute;til (est&aacute;ndar IEEE 802.3bz, NBase-T)<br \/>\t\t\t&#8211; 1 x puerto LAN Gigabit 2,5 (est&aacute;ndar IEEE 802.3bz, NBase-T)<br \/>\t\t\t&#8211; 2 x puertos LAN Gigabit (10\/100\/1000 Base-T)<br \/>\t\t\t&#8211; Wi-Fi 7 en 2,4 y 5 GHz<br \/>\t\t\t&#8211; 1 x puerto USB 2.0 para dispositivos de almacenamiento o m&oacute;dem USB<br \/>\t\t\t&#8211; Base DECT hasta para seis tel&eacute;fonos<br \/>\t\t\t&#8211; 2 x puertos a\/b (RJ11) para la conexi&oacute;n de tel&eacute;fonos anal&oacute;gicos, contestador y fax<\/td>\n<\/tr>\n<tr>\n<td><strong>Caracteristicas<\/strong><\/td>\n<td><strong>Internet<\/strong><br \/>\t\t\t&#8211; Router Wi-Fi con m&oacute;dem integrado para conexiones DSL de las compa&ntilde;&iacute;as m&aacute;s importantes<br \/>\t\t\t&#8211; Soporta conexiones VDSL con hasta 300 Mbps (incluido Supervectoring) y ADSL2+<br \/>\t\t\t&#8211; Compatible con VDSL Long Reach<br \/>\t\t\t&#8211; Compatible con conexiones en el Annex J<br \/>\t\t\t&#8211; Aprovechamiento de las conexiones a Internet existentes a trav&eacute;s de LAN<br \/>\t\t\t&#8211; Funcionamiento como router, incluso con cablem&oacute;dem, terminal de fibra &oacute;ptica o un m&oacute;dem de telefon&iacute;a m&oacute;vil (4G\/3G\/2G)<br \/>\t\t\t&#8211; Procesador eficiente: para utilizar aplicaciones en red como IPTV, v&iacute;deo bajo demanda y reproducci&oacute;n de m&uacute;sica en streaming<br \/>\t\t\t&#8211; Cortafuegos de inspecci&oacute;n activa de paquetes (SPI, Stateful Packet Inspection) que permite el redireccionamiento de puertos, para navegar de forma segura en Internet<br \/>\t\t\t&#8211; NAT, servidor DHCP, cliente DynDNS, UPnP AV<br \/>\t\t\t&#8211; Soporta IPv6 para Internet, red local y telefon&iacute;a<br \/>\t\t\t&#8211; Acceso remoto seguro, acoplamiento LAN-LAN y conexi&oacute;n a la red empresarial con VPN (WireGuard e IPSec)<br \/>\t\t\t&#8211; Control parental con asignaci&oacute;n de la utilizaci&oacute;n del tiempo compartido<br \/>\t\t\t&#8211; Asistente de seguridad con herramienta de diagn&oacute;stico<br \/>\t\t\t&#8211; &laquo;Wake on LAN&raquo; a trav&eacute;s de Internet<br \/>\t\t\t&#8211; Indicadores LED regulables manualmente o en funci&oacute;n de la luz ambiental<br \/>\t\t\t<strong>Wi-Fi<\/strong><br \/>\t\t\t&#8211; 4 x 4 Wi-Fi 7<br \/>\t\t\t&#8211; Wi-Fi 7 hasta 5760 Mbps (5 GHz) y 1376 Mbps (2,4 GHz)<br \/>\t\t\t&#8211; Compatible con Wi-Fi 802.11a\/g\/n\/ac\/ax\/be<br \/>\t\t\t&#8211; Ampl&iacute;a la red local con Wi-Fi Mesh a trav&eacute;s de una conexi&oacute;n LAN combinando f&aacute;cilmente varios puntos de acceso en un solo sistema inteligente<br \/>\t\t\t&#8211; Encriptaci&oacute;n Wi-Fi con WPA3\/WPA2<br \/>\t\t\t&#8211; Tecnolog&iacute;a &laquo;AVM Stick &amp; Surf&raquo;: navegar segura y c&oacute;modamente en Internet sin cables<br \/>\t\t\t&#8211; Podr&aacute; encender o apagar la red Wi-Fi o los tel&eacute;fonos conectados con solo pulsar un bot&oacute;n<br \/>\t\t\t&#8211; Wi-Fi Protected Setup (WPS)<br \/>\t\t\t&#8211; Acceso Wi-Fi para invitados: m&aacute;xima seguridad para sus amigos e invitados al navegar en Internet<br \/>\t\t\t&#8211; Canal Wi-Fi autom&aacute;tico: b&uacute;squeda autom&aacute;tica de un canal inal&aacute;mbrico sin interferencias<br \/>\t\t\t&#8211; Modo Wi-Fi Eco para conseguir el mejor rendimiento con el menor consumo de energ&iacute;a<br \/>\t\t\t<strong>Telefon&iacute;a<\/strong><br \/>\t\t\t&#8211; Centralita para todas las conexiones &ldquo;All-IP&rdquo; con estaci&oacute;n base DECT hasta para seis tel&eacute;fonos inal&aacute;mbricos<br \/>\t\t\t&#8211; Cifrado de la transmisi&oacute;n de voz configurado de f&aacute;brica<br \/>\t\t\t&#8211; 2 puertos a\/b para la conexi&oacute;n de tel&eacute;fonos anal&oacute;gicos, contestador y fax<br \/>\t\t\t&#8211; Compatible con telefon&iacute;a HD para un sonido natural<br \/>\t\t\t&#8211; DECT Eco: desconexi&oacute;n de la red para una ergonom&iacute;a m&aacute;xima<br \/>\t\t\t&#8211; 5 contestadores autom&aacute;ticos integrados con Voice-to-Mail<br \/>\t\t\t&#8211; Gesti&oacute;n de los contactos en las agendas locales o en l&iacute;nea (Google o iCloud de Apple, entre otros)<br \/>\t\t\t&#8211; Funci&oacute;n de fax, incluso con reenv&iacute;o a trav&eacute;s de correo electr&oacute;nico (Fax-to-Mail)<br \/>\t\t\t&#8211; Desv&iacute;o de llamadas, llamadas internas, conferencias, transferencia de llamadas<br \/>\t\t\t&#8211; Bloqueo de llamadas, alarma, vigilabeb&eacute;s, llamadas VIP y bloqueo de timbre<br \/>\t\t\t&#8211; Telefon&iacute;a sobre IP conforme con SIP seg&uacute;n RFC 3261<br \/>\t\t\t&#8211; Posibilidad de conectar tel&eacute;fonos IP (LAN\/Wi-Fi) seg&uacute;n el est&aacute;ndar SIP<br \/>\t\t\t&#8211; FRITZ!App Fon para realizar llamadas con smartphone a trav&eacute;s de la red de telefon&iacute;a fija<br \/>\t\t\t<strong>&nbsp;Dom&oacute;tica \/ Multimedia <\/strong><br \/>\t\t\t&#8211; Funciones de dom&oacute;tica para energ&iacute;a, calefacci&oacute;n e iluminaci&oacute;n, entre otras<br \/>\t\t\t&#8211; Compatible hasta con 50 dispositivos de dom&oacute;tica (DECT ULE)<br \/>\t\t\t&#8211; Puede integrar hasta 40 bombillas LED y dispositivos de otros fabricantes compatibles con el est&aacute;ndar Zigbee (lista de compatibilidad Zigbee)<br \/>\t\t\t&#8211; Control de su hogar dom&oacute;tico desde la interfaz de FRITZ!Box, FRITZ!Fon, interruptor FRITZ!DECT y la aplicaci&oacute;n FRITZ!App Smart Home<br \/>\t\t\t&#8211; FRITZ!NAS: almacenamiento com&uacute;n para todos los datos en la red local<br \/>\t\t\t&#8211; Posibilidad de compartir archivos con sus amigos de manera f&aacute;cil y segura<br \/>\t\t\t&#8211; El servidor multimedia reproduce m&uacute;sica, im&aacute;genes o v&iacute;deos en la red dom&eacute;stica (DLNA\/UPnP AV)<br \/>\t\t\t&#8211; Con MyFRITZ! tendr&aacute; acceso remoto seguro al propio FRITZ!Box, sin importar el lugar en que se encuentre<br \/>\t\t\t&#8211; Compatible tambi&eacute;n con almacenamiento en l&iacute;nea, radio por Internet y podcasts<br \/>\t\t\t&#8211; Ideal para televisi&oacute;n v&iacute;a Internet, v&iacute;deo y reproducci&oacute;n de m&uacute;sica<br \/>\t\t\t<strong>FRITZ!OS<\/strong><br \/>\t\t\t&#8211; \u00abfritz.box\u00bb: interfaz de usuario clara, uso intuitivo con ayuda del navegador<br \/>\t\t\t&#8211; Interfaz de usuario optimizada para smartphones y tablets (dise&ntilde;o web adaptable)<br \/>\t\t\t&#8211; Las pr&aacute;cticas FRITZ!Apps para su smartphone: MyFRITZ!App para disfrutar la comodidad que ofrece FRITZ! tambi&eacute;n estando fuera de casa y FRITZ!App Wi-Fi la inteligente ayuda Wi-Fi<br \/>\t\t\t&#8211; Funci&oacute;n de ayuda con b&uacute;squeda de texto completo<br \/>\t\t\t&#8211; Servicio de notificaciones por correo electr&oacute;nico para informaci&oacute;n sobre eventos en la red local<br \/>\t\t\t&#8211; Asistente de seguridad con herramienta de diagn&oacute;stico<br \/>\t\t\t&#8211; Actualizaciones gratuitas con nuevas funciones y caracter&iacute;sticas de seguridad, tambi&eacute;n posible mediante actualizaci&oacute;n autom&aacute;tica<br \/>\t\t\t<strong>Alimentaci&oacute;n<\/strong><br \/>\t\t\t&#8211; Consumo medio de energ&iacute;a: 12 &#8211; 13 vatios<br \/>\t\t\t<strong>Dimensiones<\/strong><br \/>\t\t\t&#8211; 254 x 63 x 191 mm<br \/>\t\t\t<strong>Contenido<\/strong><br \/>\t\t\t&#8211; FRITZ!Box 7690<br \/>\t\t\t&#8211; Fuente de alimentaci&oacute;n<br \/>\t\t\t&#8211; Cable de red<br \/>\t\t\t&#8211; Cable de conexi&oacute;n DSL de 4 m<br \/>\t\t\t&#8211; Cable LAN de 1,5 m<br \/>\t\t\t&#8211; Adaptador TAE\/RJ11<br \/>\t\t\t&#8211; Gu&iacute;a r&aacute;pida de instalaci&oacute;n<\/td>\n<\/tr>\n<tr>\n<td><strong>Fecha de revisi&oacute;n<\/strong><\/td>\n<td>17-10-2024 por RTY<\/td>\n<\/tr>\n<\/table>\n","protected":false},"excerpt":{"rendered":"<p>Marca Fritz! Modelo 20003079 Conexiones &#8211; 1 x puerto DSL, compatible con VDSL, incluido Supervectoring y ADSL2+ &#8211; 1 x puerto WAN\/LAN Gigabit 2,5, opcional tambi&eacute;n como puerto LAN Gigabit 2,5 &uacute;til (est&aacute;ndar IEEE 802.3bz, NBase-T) &#8211; 1 x puerto LAN Gigabit 2,5 (est&aacute;ndar IEEE 802.3bz, NBase-T) &#8211; 2 x puertos LAN Gigabit (10\/100\/1000 Base-T)&hellip;&nbsp;<a href=\"https:\/\/aivlisoft.net\/shop\/producto\/fritzbox-7690-router-wifi7-4x4-mesh-1x25gb-wan\/\" rel=\"bookmark\"><span class=\"screen-reader-text\">Fritz!Box 7690 Router WiFi7 4&#215;4 Mesh 1&#215;2,5Gb WAN<\/span><\/a><\/p>\n","protected":false},"featured_media":19288,"template":"","meta":{"neve_meta_sidebar":"","neve_meta_container":"","neve_meta_enable_content_width":"","neve_meta_content_width":0,"neve_meta_title_alignment":"","neve_meta_author_avatar":"","neve_post_elements_order":"","neve_meta_disable_header":"","neve_meta_disable_footer":"","neve_meta_disable_title":""},"product_brand":[],"product_cat":[15,8768,6832],"product_tag":[6977],"class_list":{"0":"post-19287","1":"product","2":"type-product","3":"status-publish","4":"has-post-thumbnail","6":"product_cat-sin-categorizar","7":"product_cat-routers-adsl","8":"product_cat-routers-modems","9":"product_tag-6977","11":"first","12":"instock","13":"taxable","14":"shipping-taxable","15":"purchasable","16":"product-type-simple"},"yoast_head":"<!-- This site is optimized with the Yoast SEO plugin v26.0 - https:\/\/yoast.com\/wordpress\/plugins\/seo\/ -->\n<title>Fritz!Box 7690 Router WiFi7 4x4 Mesh 1x2,5Gb WAN - Aivlisoft Inform\u00e1tica<\/title>\n<meta name=\"robots\" content=\"index, follow, max-snippet:-1, max-image-preview:large, max-video-preview:-1\" \/>\n<link rel=\"canonical\" href=\"https:\/\/aivlisoft.net\/shop\/producto\/fritzbox-7690-router-wifi7-4x4-mesh-1x25gb-wan\/\" \/>\n<meta property=\"og:locale\" content=\"es_ES\" \/>\n<meta property=\"og:type\" content=\"article\" \/>\n<meta property=\"og:title\" content=\"Fritz!Box 7690 Router WiFi7 4x4 Mesh 1x2,5Gb WAN - Aivlisoft Inform\u00e1tica\" \/>\n<meta property=\"og:description\" content=\"Marca Fritz! Modelo 20003079 Conexiones &#8211; 1 x puerto DSL, compatible con VDSL, incluido Supervectoring y ADSL2+ &#8211; 1 x puerto WAN\/LAN Gigabit 2,5, opcional tambi&eacute;n como puerto LAN Gigabit 2,5 &uacute;til (est&aacute;ndar IEEE 802.3bz, NBase-T) &#8211; 1 x puerto LAN Gigabit 2,5 (est&aacute;ndar IEEE 802.3bz, NBase-T) &#8211; 2 x puertos LAN Gigabit (10\/100\/1000 Base-T)&hellip;&nbsp;Fritz!Box 7690 Router WiFi7 4&#215;4 Mesh 1&#215;2,5Gb WAN\" \/>\n<meta property=\"og:url\" content=\"https:\/\/aivlisoft.net\/shop\/producto\/fritzbox-7690-router-wifi7-4x4-mesh-1x25gb-wan\/\" \/>\n<meta property=\"og:site_name\" content=\"Aivlisoft Inform\u00e1tica\" \/>\n<meta property=\"article:modified_time\" content=\"2025-01-14T19:55:34+00:00\" \/>\n<meta property=\"og:image\" content=\"https:\/\/aivlisoft.net\/shop\/wp-content\/uploads\/2025\/01\/NROINA0411_800.jpg\" \/>\n\t<meta property=\"og:image:width\" content=\"800\" \/>\n\t<meta property=\"og:image:height\" content=\"800\" \/>\n\t<meta property=\"og:image:type\" content=\"image\/jpeg\" \/>\n<meta name=\"twitter:card\" content=\"summary_large_image\" \/>\n<meta name=\"twitter:label1\" content=\"Tiempo de lectura\" \/>\n\t<meta name=\"twitter:data1\" content=\"6 minutos\" \/>\n<script type=\"application\/ld+json\" class=\"yoast-schema-graph\">{\"@context\":\"https:\/\/schema.org\",\"@graph\":[{\"@type\":\"WebPage\",\"@id\":\"https:\/\/aivlisoft.net\/shop\/producto\/fritzbox-7690-router-wifi7-4x4-mesh-1x25gb-wan\/\",\"url\":\"https:\/\/aivlisoft.net\/shop\/producto\/fritzbox-7690-router-wifi7-4x4-mesh-1x25gb-wan\/\",\"name\":\"Fritz!Box 7690 Router WiFi7 4x4 Mesh 1x2,5Gb WAN - Aivlisoft Inform\u00e1tica\",\"isPartOf\":{\"@id\":\"https:\/\/aivlisoft.net\/shop\/#website\"},\"primaryImageOfPage\":{\"@id\":\"https:\/\/aivlisoft.net\/shop\/producto\/fritzbox-7690-router-wifi7-4x4-mesh-1x25gb-wan\/#primaryimage\"},\"image\":{\"@id\":\"https:\/\/aivlisoft.net\/shop\/producto\/fritzbox-7690-router-wifi7-4x4-mesh-1x25gb-wan\/#primaryimage\"},\"thumbnailUrl\":\"https:\/\/aivlisoft.net\/shop\/wp-content\/uploads\/2025\/01\/NROINA0411_800.jpg\",\"datePublished\":\"2025-01-13T15:30:55+00:00\",\"dateModified\":\"2025-01-14T19:55:34+00:00\",\"breadcrumb\":{\"@id\":\"https:\/\/aivlisoft.net\/shop\/producto\/fritzbox-7690-router-wifi7-4x4-mesh-1x25gb-wan\/#breadcrumb\"},\"inLanguage\":\"es\",\"potentialAction\":[{\"@type\":\"ReadAction\",\"target\":[\"https:\/\/aivlisoft.net\/shop\/producto\/fritzbox-7690-router-wifi7-4x4-mesh-1x25gb-wan\/\"]}]},{\"@type\":\"ImageObject\",\"inLanguage\":\"es\",\"@id\":\"https:\/\/aivlisoft.net\/shop\/producto\/fritzbox-7690-router-wifi7-4x4-mesh-1x25gb-wan\/#primaryimage\",\"url\":\"https:\/\/aivlisoft.net\/shop\/wp-content\/uploads\/2025\/01\/NROINA0411_800.jpg\",\"contentUrl\":\"https:\/\/aivlisoft.net\/shop\/wp-content\/uploads\/2025\/01\/NROINA0411_800.jpg\",\"width\":800,\"height\":800},{\"@type\":\"BreadcrumbList\",\"@id\":\"https:\/\/aivlisoft.net\/shop\/producto\/fritzbox-7690-router-wifi7-4x4-mesh-1x25gb-wan\/#breadcrumb\",\"itemListElement\":[{\"@type\":\"ListItem\",\"position\":1,\"name\":\"Portada\",\"item\":\"https:\/\/aivlisoft.net\/shop\/\"},{\"@type\":\"ListItem\",\"position\":2,\"name\":\"Tienda\",\"item\":\"https:\/\/aivlisoft.net\/shop\/tienda\/\"},{\"@type\":\"ListItem\",\"position\":3,\"name\":\"Fritz!Box 7690 Router WiFi7 4&#215;4 Mesh 1&#215;2,5Gb WAN\"}]},{\"@type\":\"WebSite\",\"@id\":\"https:\/\/aivlisoft.net\/shop\/#website\",\"url\":\"https:\/\/aivlisoft.net\/shop\/\",\"name\":\"Aivlisoft Inform\u00e1tica\",\"description\":\"En Aivlisoft Inform\u00e1tica ofrecemos soluciones tecnol\u00f3gicas para empresas: venta de ordenadores, consumibles, perif\u00e9ricos y m\u00e1s. Calidad, atenci\u00f3n personalizada y los mejores precios para tu negocio.\",\"publisher\":{\"@id\":\"https:\/\/aivlisoft.net\/shop\/#organization\"},\"potentialAction\":[{\"@type\":\"SearchAction\",\"target\":{\"@type\":\"EntryPoint\",\"urlTemplate\":\"https:\/\/aivlisoft.net\/shop\/?s={search_term_string}\"},\"query-input\":{\"@type\":\"PropertyValueSpecification\",\"valueRequired\":true,\"valueName\":\"search_term_string\"}}],\"inLanguage\":\"es\"},{\"@type\":\"Organization\",\"@id\":\"https:\/\/aivlisoft.net\/shop\/#organization\",\"name\":\"Aivlisoft Inform\u00e1tica\",\"url\":\"https:\/\/aivlisoft.net\/shop\/\",\"logo\":{\"@type\":\"ImageObject\",\"inLanguage\":\"es\",\"@id\":\"https:\/\/aivlisoft.net\/shop\/#\/schema\/logo\/image\/\",\"url\":\"https:\/\/aivlisoft.net\/shop\/wp-content\/uploads\/2024\/12\/removal.ai_5b848c54-0cdf-4140-95c5-c5536bb7573b-logodef.png\",\"contentUrl\":\"https:\/\/aivlisoft.net\/shop\/wp-content\/uploads\/2024\/12\/removal.ai_5b848c54-0cdf-4140-95c5-c5536bb7573b-logodef.png\",\"width\":484,\"height\":182,\"caption\":\"Aivlisoft Inform\u00e1tica\"},\"image\":{\"@id\":\"https:\/\/aivlisoft.net\/shop\/#\/schema\/logo\/image\/\"}}]}<\/script>\n<!-- \/ Yoast SEO plugin. -->","yoast_head_json":{"title":"Fritz!Box 7690 Router WiFi7 4x4 Mesh 1x2,5Gb WAN - Aivlisoft Inform\u00e1tica","robots":{"index":"index","follow":"follow","max-snippet":"max-snippet:-1","max-image-preview":"max-image-preview:large","max-video-preview":"max-video-preview:-1"},"canonical":"https:\/\/aivlisoft.net\/shop\/producto\/fritzbox-7690-router-wifi7-4x4-mesh-1x25gb-wan\/","og_locale":"es_ES","og_type":"article","og_title":"Fritz!Box 7690 Router WiFi7 4x4 Mesh 1x2,5Gb WAN - Aivlisoft Inform\u00e1tica","og_description":"Marca Fritz! Modelo 20003079 Conexiones &#8211; 1 x puerto DSL, compatible con VDSL, incluido Supervectoring y ADSL2+ &#8211; 1 x puerto WAN\/LAN Gigabit 2,5, opcional tambi&eacute;n como puerto LAN Gigabit 2,5 &uacute;til (est&aacute;ndar IEEE 802.3bz, NBase-T) &#8211; 1 x puerto LAN Gigabit 2,5 (est&aacute;ndar IEEE 802.3bz, NBase-T) &#8211; 2 x puertos LAN Gigabit (10\/100\/1000 Base-T)&hellip;&nbsp;Fritz!Box 7690 Router WiFi7 4&#215;4 Mesh 1&#215;2,5Gb WAN","og_url":"https:\/\/aivlisoft.net\/shop\/producto\/fritzbox-7690-router-wifi7-4x4-mesh-1x25gb-wan\/","og_site_name":"Aivlisoft Inform\u00e1tica","article_modified_time":"2025-01-14T19:55:34+00:00","og_image":[{"width":800,"height":800,"url":"https:\/\/aivlisoft.net\/shop\/wp-content\/uploads\/2025\/01\/NROINA0411_800.jpg","type":"image\/jpeg"}],"twitter_card":"summary_large_image","twitter_misc":{"Tiempo de lectura":"6 minutos"},"schema":{"@context":"https:\/\/schema.org","@graph":[{"@type":"WebPage","@id":"https:\/\/aivlisoft.net\/shop\/producto\/fritzbox-7690-router-wifi7-4x4-mesh-1x25gb-wan\/","url":"https:\/\/aivlisoft.net\/shop\/producto\/fritzbox-7690-router-wifi7-4x4-mesh-1x25gb-wan\/","name":"Fritz!Box 7690 Router WiFi7 4x4 Mesh 1x2,5Gb WAN - Aivlisoft Inform\u00e1tica","isPartOf":{"@id":"https:\/\/aivlisoft.net\/shop\/#website"},"primaryImageOfPage":{"@id":"https:\/\/aivlisoft.net\/shop\/producto\/fritzbox-7690-router-wifi7-4x4-mesh-1x25gb-wan\/#primaryimage"},"image":{"@id":"https:\/\/aivlisoft.net\/shop\/producto\/fritzbox-7690-router-wifi7-4x4-mesh-1x25gb-wan\/#primaryimage"},"thumbnailUrl":"https:\/\/aivlisoft.net\/shop\/wp-content\/uploads\/2025\/01\/NROINA0411_800.jpg","datePublished":"2025-01-13T15:30:55+00:00","dateModified":"2025-01-14T19:55:34+00:00","breadcrumb":{"@id":"https:\/\/aivlisoft.net\/shop\/producto\/fritzbox-7690-router-wifi7-4x4-mesh-1x25gb-wan\/#breadcrumb"},"inLanguage":"es","potentialAction":[{"@type":"ReadAction","target":["https:\/\/aivlisoft.net\/shop\/producto\/fritzbox-7690-router-wifi7-4x4-mesh-1x25gb-wan\/"]}]},{"@type":"ImageObject","inLanguage":"es","@id":"https:\/\/aivlisoft.net\/shop\/producto\/fritzbox-7690-router-wifi7-4x4-mesh-1x25gb-wan\/#primaryimage","url":"https:\/\/aivlisoft.net\/shop\/wp-content\/uploads\/2025\/01\/NROINA0411_800.jpg","contentUrl":"https:\/\/aivlisoft.net\/shop\/wp-content\/uploads\/2025\/01\/NROINA0411_800.jpg","width":800,"height":800},{"@type":"BreadcrumbList","@id":"https:\/\/aivlisoft.net\/shop\/producto\/fritzbox-7690-router-wifi7-4x4-mesh-1x25gb-wan\/#breadcrumb","itemListElement":[{"@type":"ListItem","position":1,"name":"Portada","item":"https:\/\/aivlisoft.net\/shop\/"},{"@type":"ListItem","position":2,"name":"Tienda","item":"https:\/\/aivlisoft.net\/shop\/tienda\/"},{"@type":"ListItem","position":3,"name":"Fritz!Box 7690 Router WiFi7 4&#215;4 Mesh 1&#215;2,5Gb WAN"}]},{"@type":"WebSite","@id":"https:\/\/aivlisoft.net\/shop\/#website","url":"https:\/\/aivlisoft.net\/shop\/","name":"Aivlisoft Inform\u00e1tica","description":"En Aivlisoft Inform\u00e1tica ofrecemos soluciones tecnol\u00f3gicas para empresas: venta de ordenadores, consumibles, perif\u00e9ricos y m\u00e1s. Calidad, atenci\u00f3n personalizada y los mejores precios para tu negocio.","publisher":{"@id":"https:\/\/aivlisoft.net\/shop\/#organization"},"potentialAction":[{"@type":"SearchAction","target":{"@type":"EntryPoint","urlTemplate":"https:\/\/aivlisoft.net\/shop\/?s={search_term_string}"},"query-input":{"@type":"PropertyValueSpecification","valueRequired":true,"valueName":"search_term_string"}}],"inLanguage":"es"},{"@type":"Organization","@id":"https:\/\/aivlisoft.net\/shop\/#organization","name":"Aivlisoft Inform\u00e1tica","url":"https:\/\/aivlisoft.net\/shop\/","logo":{"@type":"ImageObject","inLanguage":"es","@id":"https:\/\/aivlisoft.net\/shop\/#\/schema\/logo\/image\/","url":"https:\/\/aivlisoft.net\/shop\/wp-content\/uploads\/2024\/12\/removal.ai_5b848c54-0cdf-4140-95c5-c5536bb7573b-logodef.png","contentUrl":"https:\/\/aivlisoft.net\/shop\/wp-content\/uploads\/2024\/12\/removal.ai_5b848c54-0cdf-4140-95c5-c5536bb7573b-logodef.png","width":484,"height":182,"caption":"Aivlisoft Inform\u00e1tica"},"image":{"@id":"https:\/\/aivlisoft.net\/shop\/#\/schema\/logo\/image\/"}}]}},"_links":{"self":[{"href":"https:\/\/aivlisoft.net\/shop\/wp-json\/wp\/v2\/product\/19287","targetHints":{"allow":["GET"]}}],"collection":[{"href":"https:\/\/aivlisoft.net\/shop\/wp-json\/wp\/v2\/product"}],"about":[{"href":"https:\/\/aivlisoft.net\/shop\/wp-json\/wp\/v2\/types\/product"}],"wp:featuredmedia":[{"embeddable":true,"href":"https:\/\/aivlisoft.net\/shop\/wp-json\/wp\/v2\/media\/19288"}],"wp:attachment":[{"href":"https:\/\/aivlisoft.net\/shop\/wp-json\/wp\/v2\/media?parent=19287"}],"wp:term":[{"taxonomy":"product_brand","embeddable":true,"href":"https:\/\/aivlisoft.net\/shop\/wp-json\/wp\/v2\/product_brand?post=19287"},{"taxonomy":"product_cat","embeddable":true,"href":"https:\/\/aivlisoft.net\/shop\/wp-json\/wp\/v2\/product_cat?post=19287"},{"taxonomy":"product_tag","embeddable":true,"href":"https:\/\/aivlisoft.net\/shop\/wp-json\/wp\/v2\/product_tag?post=19287"}],"curies":[{"name":"wp","href":"https:\/\/api.w.org\/{rel}","templated":true}]}}